{"id":314147,"date":"2025-04-23T09:10:18","date_gmt":"2025-04-23T09:10:18","guid":{"rendered":"https:\/\/notisnot.com\/?post_type=product&#038;p=314147"},"modified":"2025-12-01T16:48:11","modified_gmt":"2025-12-01T16:48:11","slug":"power-winter","status":"publish","type":"product","link":"https:\/\/notisnot.com\/es\/tienda\/ropa-laboral\/industria\/pantalons-industria\/pantalons-pantalons-industria\/power-winter\/","title":{"rendered":"Power winter"},"content":{"rendered":"<p><img loading=\"lazy\" decoding=\"async\" class=\"alignnone size-medium wp-image-314168\" src=\"https:\/\/notisnot.com\/wp-content\/uploads\/2025\/04\/Captura-de-pantalla-2025-04-23-114011-279x453.png\" alt=\"\" width=\"279\" height=\"453\" srcset=\"https:\/\/notisnot.com\/wp-content\/uploads\/2025\/04\/Captura-de-pantalla-2025-04-23-114011-279x453.png 279w, https:\/\/notisnot.com\/wp-content\/uploads\/2025\/04\/Captura-de-pantalla-2025-04-23-114011-463x753.png 463w, https:\/\/notisnot.com\/wp-content\/uploads\/2025\/04\/Captura-de-pantalla-2025-04-23-114011-7x12.png 7w, https:\/\/notisnot.com\/wp-content\/uploads\/2025\/04\/Captura-de-pantalla-2025-04-23-114011-12x20.png 12w, https:\/\/notisnot.com\/wp-content\/uploads\/2025\/04\/Captura-de-pantalla-2025-04-23-114011-85x138.png 85w, https:\/\/notisnot.com\/wp-content\/uploads\/2025\/04\/Captura-de-pantalla-2025-04-23-114011.png 586w\" sizes=\"(max-width: 279px) 100vw, 279px\" \/> <img loading=\"lazy\" decoding=\"async\" class=\"alignnone size-medium wp-image-314169\" src=\"https:\/\/notisnot.com\/wp-content\/uploads\/2025\/04\/Captura-de-pantalla-2025-04-23-114021-303x448.png\" alt=\"\" width=\"303\" height=\"448\" srcset=\"https:\/\/notisnot.com\/wp-content\/uploads\/2025\/04\/Captura-de-pantalla-2025-04-23-114021-303x448.png 303w, https:\/\/notisnot.com\/wp-content\/uploads\/2025\/04\/Captura-de-pantalla-2025-04-23-114021-91x134.png 91w, https:\/\/notisnot.com\/wp-content\/uploads\/2025\/04\/Captura-de-pantalla-2025-04-23-114021-600x887.png 600w, https:\/\/notisnot.com\/wp-content\/uploads\/2025\/04\/Captura-de-pantalla-2025-04-23-114021-505x746.png 505w, https:\/\/notisnot.com\/wp-content\/uploads\/2025\/04\/Captura-de-pantalla-2025-04-23-114021-8x12.png 8w, https:\/\/notisnot.com\/wp-content\/uploads\/2025\/04\/Captura-de-pantalla-2025-04-23-114021.png 607w\" sizes=\"(max-width: 303px) 100vw, 303px\" \/><\/p>","protected":false},"excerpt":{"rendered":"<p>Pantal\u00f3n de invierno con trabillas y el\u00e1stico en la cintura, cierre con cremallera y bot\u00f3n. Dos bolsillos delanteros de corte cl\u00e1sico, bolsillo peque\u00f1o portamonedas, soporte para metro lateral derecho, bolsillo lateral izquierdo con tapeta de cierre LOCK SYSTEM, dos bolsillos posteriores, uno con tapeta y velcro. Costuras de triple aguja.<\/p>\n<dl class=\"dl-horizontal dlpayper\"><\/dl>","protected":false},"featured_media":315551,"comment_status":"open","ping_status":"closed","template":"","meta":{"_acf_changed":false},"product_cat":[428],"product_tag":[],"class_list":{"0":"post-314147","1":"product","2":"type-product","3":"status-publish","4":"has-post-thumbnail","6":"product_cat-pantalons-pantalons-industria","7":"pa_color-azul-marino","8":"pa_color-humo","9":"pa_tallaropa-xxs","10":"pa_tallaropa-xs","11":"pa_tallaropa-s","12":"pa_tallaropa-m","13":"pa_tallaropa-l","14":"pa_tallaropa-xl","15":"pa_tallaropa-xxl","16":"pa_tallaropa-3xl","17":"pa_tallaropa-4xl","18":"pa_tallaropa-5xl","20":"first","21":"instock","22":"taxable","23":"shipping-taxable","24":"purchasable","25":"product-type-variable"},"acf":[],"yoast_head":"<!-- This site is optimized with the Yoast SEO plugin v23.4 - https:\/\/yoast.com\/wordpress\/plugins\/seo\/ -->\n<title>Power winter - NOT IS NOT<\/title>\n<meta name=\"robots\" content=\"index, follow, max-snippet:-1, max-image-preview:large, max-video-preview:-1\" \/>\n<link rel=\"canonical\" href=\"https:\/\/notisnot.com\/es\/tienda\/ropa-laboral\/industria\/pantalons-industria\/pantalons-pantalons-industria\/power-winter\/\" \/>\n<meta property=\"og:locale\" content=\"es_ES\" \/>\n<meta property=\"og:type\" content=\"article\" \/>\n<meta property=\"og:title\" content=\"Power winter - NOT IS NOT\" \/>\n<meta property=\"og:description\" content=\"Pantal\u00f3n de invierno con trabillas y el\u00e1stico en la cintura, cierre con cremallera y bot\u00f3n. Dos bolsillos delanteros de corte cl\u00e1sico, bolsillo peque\u00f1o portamonedas, soporte para metro lateral derecho, bolsillo lateral izquierdo con tapeta de cierre LOCK SYSTEM, dos bolsillos posteriores, uno con tapeta y velcro. Costuras de triple aguja.\" \/>\n<meta property=\"og:url\" content=\"https:\/\/notisnot.com\/es\/tienda\/ropa-laboral\/industria\/pantalons-industria\/pantalons-pantalons-industria\/power-winter\/\" \/>\n<meta property=\"og:site_name\" content=\"NOT IS NOT\" \/>\n<meta property=\"article:publisher\" content=\"https:\/\/www.facebook.com\/notisnotofficial\/\" \/>\n<meta property=\"article:modified_time\" content=\"2025-12-01T16:48:11+00:00\" \/>\n<meta property=\"og:image\" content=\"http:\/\/notisnot.com\/wp-content\/uploads\/2025\/04\/Power-winter-1.png\" \/>\n\t<meta property=\"og:image:width\" content=\"911\" \/>\n\t<meta property=\"og:image:height\" content=\"907\" \/>\n\t<meta property=\"og:image:type\" content=\"image\/png\" \/>\n<meta name=\"twitter:card\" content=\"summary_large_image\" \/>\n<meta name=\"twitter:label1\" content=\"Tiempo de lectura\" \/>\n\t<meta name=\"twitter:data1\" content=\"1 minuto\" \/>\n<script type=\"application\/ld+json\" class=\"yoast-schema-graph\">{\"@context\":\"https:\/\/schema.org\",\"@graph\":[{\"@type\":\"WebPage\",\"@id\":\"http:\/\/notisnot.com\/tienda\/ropa-laboral\/industria\/pantalons-industria\/pantalons-pantalons-industria\/power-winter\/\",\"url\":\"http:\/\/notisnot.com\/tienda\/ropa-laboral\/industria\/pantalons-industria\/pantalons-pantalons-industria\/power-winter\/\",\"name\":\"Power winter - NOT IS NOT\",\"isPartOf\":{\"@id\":\"http:\/\/notisnot.com\/#website\"},\"primaryImageOfPage\":{\"@id\":\"http:\/\/notisnot.com\/tienda\/ropa-laboral\/industria\/pantalons-industria\/pantalons-pantalons-industria\/power-winter\/#primaryimage\"},\"image\":{\"@id\":\"http:\/\/notisnot.com\/tienda\/ropa-laboral\/industria\/pantalons-industria\/pantalons-pantalons-industria\/power-winter\/#primaryimage\"},\"thumbnailUrl\":\"https:\/\/notisnot.com\/wp-content\/uploads\/2025\/04\/Power-winter-1.png\",\"datePublished\":\"2025-04-23T09:10:18+00:00\",\"dateModified\":\"2025-12-01T16:48:11+00:00\",\"breadcrumb\":{\"@id\":\"http:\/\/notisnot.com\/tienda\/ropa-laboral\/industria\/pantalons-industria\/pantalons-pantalons-industria\/power-winter\/#breadcrumb\"},\"inLanguage\":\"es\",\"potentialAction\":[{\"@type\":\"ReadAction\",\"target\":[\"http:\/\/notisnot.com\/tienda\/ropa-laboral\/industria\/pantalons-industria\/pantalons-pantalons-industria\/power-winter\/\"]}]},{\"@type\":\"ImageObject\",\"inLanguage\":\"es\",\"@id\":\"http:\/\/notisnot.com\/tienda\/ropa-laboral\/industria\/pantalons-industria\/pantalons-pantalons-industria\/power-winter\/#primaryimage\",\"url\":\"https:\/\/notisnot.com\/wp-content\/uploads\/2025\/04\/Power-winter-1.png\",\"contentUrl\":\"https:\/\/notisnot.com\/wp-content\/uploads\/2025\/04\/Power-winter-1.png\",\"width\":911,\"height\":907},{\"@type\":\"BreadcrumbList\",\"@id\":\"http:\/\/notisnot.com\/tienda\/ropa-laboral\/industria\/pantalons-industria\/pantalons-pantalons-industria\/power-winter\/#breadcrumb\",\"itemListElement\":[{\"@type\":\"ListItem\",\"position\":1,\"name\":\"Home\",\"item\":\"http:\/\/notisnot.com\/\"},{\"@type\":\"ListItem\",\"position\":2,\"name\":\"Tienda\",\"item\":\"https:\/\/notisnot.com\/es\/tienda-woocomerce\/\"},{\"@type\":\"ListItem\",\"position\":3,\"name\":\"Power winter\"}]},{\"@type\":\"WebSite\",\"@id\":\"http:\/\/notisnot.com\/#website\",\"url\":\"http:\/\/notisnot.com\/\",\"name\":\"NOT IS NOT\",\"description\":\"\",\"potentialAction\":[{\"@type\":\"SearchAction\",\"target\":{\"@type\":\"EntryPoint\",\"urlTemplate\":\"http:\/\/notisnot.com\/?s={search_term_string}\"},\"query-input\":{\"@type\":\"PropertyValueSpecification\",\"valueRequired\":true,\"valueName\":\"search_term_string\"}}],\"inLanguage\":\"es\"}]}<\/script>\n<!-- \/ Yoast SEO plugin. -->","yoast_head_json":{"title":"Power winter - NOT IS NOT","robots":{"index":"index","follow":"follow","max-snippet":"max-snippet:-1","max-image-preview":"max-image-preview:large","max-video-preview":"max-video-preview:-1"},"canonical":"https:\/\/notisnot.com\/es\/tienda\/ropa-laboral\/industria\/pantalons-industria\/pantalons-pantalons-industria\/power-winter\/","og_locale":"es_ES","og_type":"article","og_title":"Power winter - NOT IS NOT","og_description":"Pantal\u00f3n de invierno con trabillas y el\u00e1stico en la cintura, cierre con cremallera y bot\u00f3n. Dos bolsillos delanteros de corte cl\u00e1sico, bolsillo peque\u00f1o portamonedas, soporte para metro lateral derecho, bolsillo lateral izquierdo con tapeta de cierre LOCK SYSTEM, dos bolsillos posteriores, uno con tapeta y velcro. Costuras de triple aguja.","og_url":"https:\/\/notisnot.com\/es\/tienda\/ropa-laboral\/industria\/pantalons-industria\/pantalons-pantalons-industria\/power-winter\/","og_site_name":"NOT IS NOT","article_publisher":"https:\/\/www.facebook.com\/notisnotofficial\/","article_modified_time":"2025-12-01T16:48:11+00:00","og_image":[{"width":911,"height":907,"url":"http:\/\/notisnot.com\/wp-content\/uploads\/2025\/04\/Power-winter-1.png","type":"image\/png"}],"twitter_card":"summary_large_image","twitter_misc":{"Tiempo de lectura":"1 minuto"},"schema":{"@context":"https:\/\/schema.org","@graph":[{"@type":"WebPage","@id":"http:\/\/notisnot.com\/tienda\/ropa-laboral\/industria\/pantalons-industria\/pantalons-pantalons-industria\/power-winter\/","url":"http:\/\/notisnot.com\/tienda\/ropa-laboral\/industria\/pantalons-industria\/pantalons-pantalons-industria\/power-winter\/","name":"Power winter - NOT IS NOT","isPartOf":{"@id":"http:\/\/notisnot.com\/#website"},"primaryImageOfPage":{"@id":"http:\/\/notisnot.com\/tienda\/ropa-laboral\/industria\/pantalons-industria\/pantalons-pantalons-industria\/power-winter\/#primaryimage"},"image":{"@id":"http:\/\/notisnot.com\/tienda\/ropa-laboral\/industria\/pantalons-industria\/pantalons-pantalons-industria\/power-winter\/#primaryimage"},"thumbnailUrl":"https:\/\/notisnot.com\/wp-content\/uploads\/2025\/04\/Power-winter-1.png","datePublished":"2025-04-23T09:10:18+00:00","dateModified":"2025-12-01T16:48:11+00:00","breadcrumb":{"@id":"http:\/\/notisnot.com\/tienda\/ropa-laboral\/industria\/pantalons-industria\/pantalons-pantalons-industria\/power-winter\/#breadcrumb"},"inLanguage":"es","potentialAction":[{"@type":"ReadAction","target":["http:\/\/notisnot.com\/tienda\/ropa-laboral\/industria\/pantalons-industria\/pantalons-pantalons-industria\/power-winter\/"]}]},{"@type":"ImageObject","inLanguage":"es","@id":"http:\/\/notisnot.com\/tienda\/ropa-laboral\/industria\/pantalons-industria\/pantalons-pantalons-industria\/power-winter\/#primaryimage","url":"https:\/\/notisnot.com\/wp-content\/uploads\/2025\/04\/Power-winter-1.png","contentUrl":"https:\/\/notisnot.com\/wp-content\/uploads\/2025\/04\/Power-winter-1.png","width":911,"height":907},{"@type":"BreadcrumbList","@id":"http:\/\/notisnot.com\/tienda\/ropa-laboral\/industria\/pantalons-industria\/pantalons-pantalons-industria\/power-winter\/#breadcrumb","itemListElement":[{"@type":"ListItem","position":1,"name":"Home","item":"http:\/\/notisnot.com\/"},{"@type":"ListItem","position":2,"name":"Tienda","item":"https:\/\/notisnot.com\/es\/tienda-woocomerce\/"},{"@type":"ListItem","position":3,"name":"Power winter"}]},{"@type":"WebSite","@id":"http:\/\/notisnot.com\/#website","url":"http:\/\/notisnot.com\/","name":"NOT IS NOT","description":"","potentialAction":[{"@type":"SearchAction","target":{"@type":"EntryPoint","urlTemplate":"http:\/\/notisnot.com\/?s={search_term_string}"},"query-input":{"@type":"PropertyValueSpecification","valueRequired":true,"valueName":"search_term_string"}}],"inLanguage":"es"}]}},"_links":{"self":[{"href":"https:\/\/notisnot.com\/es\/wp-json\/wp\/v2\/product\/314147"}],"collection":[{"href":"https:\/\/notisnot.com\/es\/wp-json\/wp\/v2\/product"}],"about":[{"href":"https:\/\/notisnot.com\/es\/wp-json\/wp\/v2\/types\/product"}],"replies":[{"embeddable":true,"href":"https:\/\/notisnot.com\/es\/wp-json\/wp\/v2\/comments?post=314147"}],"wp:featuredmedia":[{"embeddable":true,"href":"https:\/\/notisnot.com\/es\/wp-json\/wp\/v2\/media\/315551"}],"wp:attachment":[{"href":"https:\/\/notisnot.com\/es\/wp-json\/wp\/v2\/media?parent=314147"}],"wp:term":[{"taxonomy":"product_cat","embeddable":true,"href":"https:\/\/notisnot.com\/es\/wp-json\/wp\/v2\/product_cat?post=314147"},{"taxonomy":"product_tag","embeddable":true,"href":"https:\/\/notisnot.com\/es\/wp-json\/wp\/v2\/product_tag?post=314147"}],"curies":[{"name":"wp","href":"https:\/\/api.w.org\/{rel}","templated":true}]}}