{"id":312720,"date":"2025-04-16T10:05:59","date_gmt":"2025-04-16T10:05:59","guid":{"rendered":"https:\/\/notisnot.com\/?post_type=product&#038;p=312720"},"modified":"2025-05-16T10:17:21","modified_gmt":"2025-05-16T10:17:21","slug":"sudadera-urban-para-hombre","status":"publish","type":"product","link":"https:\/\/notisnot.com\/es\/tienda\/ropa-laboral\/industria\/dessuadores-industria\/sudadera-urban-para-hombre\/","title":{"rendered":"Sudadera urban para hombre"},"content":{"rendered":"<p><img loading=\"lazy\" decoding=\"async\" class=\"alignnone size-medium wp-image-312730\" src=\"https:\/\/notisnot.com\/wp-content\/uploads\/2025\/04\/p_1067_03_1_1-303x303.jpg\" alt=\"\" width=\"303\" height=\"303\" srcset=\"https:\/\/notisnot.com\/wp-content\/uploads\/2025\/04\/p_1067_03_1_1-303x303.jpg 303w, https:\/\/notisnot.com\/wp-content\/uploads\/2025\/04\/p_1067_03_1_1-505x505.jpg 505w, https:\/\/notisnot.com\/wp-content\/uploads\/2025\/04\/p_1067_03_1_1-12x12.jpg 12w, https:\/\/notisnot.com\/wp-content\/uploads\/2025\/04\/p_1067_03_1_1-20x20.jpg 20w, https:\/\/notisnot.com\/wp-content\/uploads\/2025\/04\/p_1067_03_1_1-91x91.jpg 91w, https:\/\/notisnot.com\/wp-content\/uploads\/2025\/04\/p_1067_03_1_1-50x50.jpg 50w, https:\/\/notisnot.com\/wp-content\/uploads\/2025\/04\/p_1067_03_1_1-100x100.jpg 100w, https:\/\/notisnot.com\/wp-content\/uploads\/2025\/04\/p_1067_03_1_1.jpg 600w\" sizes=\"(max-width: 303px) 100vw, 303px\" \/> <img loading=\"lazy\" decoding=\"async\" class=\"alignnone size-medium wp-image-312731\" src=\"https:\/\/notisnot.com\/wp-content\/uploads\/2025\/04\/p_1067_07_1_1-303x303.jpg\" alt=\"\" width=\"303\" height=\"303\" \/> <img loading=\"lazy\" decoding=\"async\" class=\"alignnone size-medium wp-image-312732\" src=\"https:\/\/notisnot.com\/wp-content\/uploads\/2025\/04\/p_1067_31_1_1-303x303.jpg\" alt=\"\" width=\"303\" height=\"303\" srcset=\"https:\/\/notisnot.com\/wp-content\/uploads\/2025\/04\/p_1067_31_1_1-303x303.jpg 303w, https:\/\/notisnot.com\/wp-content\/uploads\/2025\/04\/p_1067_31_1_1-505x505.jpg 505w, https:\/\/notisnot.com\/wp-content\/uploads\/2025\/04\/p_1067_31_1_1-12x12.jpg 12w, https:\/\/notisnot.com\/wp-content\/uploads\/2025\/04\/p_1067_31_1_1-20x20.jpg 20w, https:\/\/notisnot.com\/wp-content\/uploads\/2025\/04\/p_1067_31_1_1-91x91.jpg 91w, https:\/\/notisnot.com\/wp-content\/uploads\/2025\/04\/p_1067_31_1_1-50x50.jpg 50w, https:\/\/notisnot.com\/wp-content\/uploads\/2025\/04\/p_1067_31_1_1-100x100.jpg 100w, https:\/\/notisnot.com\/wp-content\/uploads\/2025\/04\/p_1067_31_1_1.jpg 600w\" sizes=\"(max-width: 303px) 100vw, 303px\" \/> <img loading=\"lazy\" decoding=\"async\" class=\"alignnone size-medium wp-image-312733\" src=\"https:\/\/notisnot.com\/wp-content\/uploads\/2025\/04\/p_1067_56_1_1-303x303.jpg\" alt=\"\" width=\"303\" height=\"303\" srcset=\"https:\/\/notisnot.com\/wp-content\/uploads\/2025\/04\/p_1067_56_1_1-303x303.jpg 303w, https:\/\/notisnot.com\/wp-content\/uploads\/2025\/04\/p_1067_56_1_1-505x505.jpg 505w, https:\/\/notisnot.com\/wp-content\/uploads\/2025\/04\/p_1067_56_1_1-12x12.jpg 12w, https:\/\/notisnot.com\/wp-content\/uploads\/2025\/04\/p_1067_56_1_1-20x20.jpg 20w, https:\/\/notisnot.com\/wp-content\/uploads\/2025\/04\/p_1067_56_1_1-91x91.jpg 91w, https:\/\/notisnot.com\/wp-content\/uploads\/2025\/04\/p_1067_56_1_1-50x50.jpg 50w, https:\/\/notisnot.com\/wp-content\/uploads\/2025\/04\/p_1067_56_1_1-100x100.jpg 100w, https:\/\/notisnot.com\/wp-content\/uploads\/2025\/04\/p_1067_56_1_1.jpg 600w\" sizes=\"(max-width: 303px) 100vw, 303px\" \/> <img loading=\"lazy\" decoding=\"async\" class=\"alignnone size-medium wp-image-312734\" src=\"https:\/\/notisnot.com\/wp-content\/uploads\/2025\/04\/p_1067_57_1_1-303x303.jpg\" alt=\"\" width=\"303\" height=\"303\" srcset=\"https:\/\/notisnot.com\/wp-content\/uploads\/2025\/04\/p_1067_57_1_1-303x303.jpg 303w, https:\/\/notisnot.com\/wp-content\/uploads\/2025\/04\/p_1067_57_1_1-505x505.jpg 505w, https:\/\/notisnot.com\/wp-content\/uploads\/2025\/04\/p_1067_57_1_1-12x12.jpg 12w, https:\/\/notisnot.com\/wp-content\/uploads\/2025\/04\/p_1067_57_1_1-20x20.jpg 20w, https:\/\/notisnot.com\/wp-content\/uploads\/2025\/04\/p_1067_57_1_1-91x91.jpg 91w, https:\/\/notisnot.com\/wp-content\/uploads\/2025\/04\/p_1067_57_1_1-50x50.jpg 50w, https:\/\/notisnot.com\/wp-content\/uploads\/2025\/04\/p_1067_57_1_1-100x100.jpg 100w, https:\/\/notisnot.com\/wp-content\/uploads\/2025\/04\/p_1067_57_1_1.jpg 600w\" sizes=\"(max-width: 303px) 100vw, 303px\" \/> <img loading=\"lazy\" decoding=\"async\" class=\"alignnone size-medium wp-image-312735\" src=\"https:\/\/notisnot.com\/wp-content\/uploads\/2025\/04\/p_1067_108_1_1-303x303.jpg\" alt=\"\" width=\"303\" height=\"303\" srcset=\"https:\/\/notisnot.com\/wp-content\/uploads\/2025\/04\/p_1067_108_1_1-303x303.jpg 303w, https:\/\/notisnot.com\/wp-content\/uploads\/2025\/04\/p_1067_108_1_1-505x505.jpg 505w, https:\/\/notisnot.com\/wp-content\/uploads\/2025\/04\/p_1067_108_1_1-12x12.jpg 12w, https:\/\/notisnot.com\/wp-content\/uploads\/2025\/04\/p_1067_108_1_1-20x20.jpg 20w, https:\/\/notisnot.com\/wp-content\/uploads\/2025\/04\/p_1067_108_1_1-91x91.jpg 91w, https:\/\/notisnot.com\/wp-content\/uploads\/2025\/04\/p_1067_108_1_1-50x50.jpg 50w, https:\/\/notisnot.com\/wp-content\/uploads\/2025\/04\/p_1067_108_1_1-100x100.jpg 100w, https:\/\/notisnot.com\/wp-content\/uploads\/2025\/04\/p_1067_108_1_1.jpg 600w\" sizes=\"(max-width: 303px) 100vw, 303px\" \/> <img loading=\"lazy\" decoding=\"async\" class=\"alignnone size-medium wp-image-312736\" src=\"https:\/\/notisnot.com\/wp-content\/uploads\/2025\/04\/p_1067_121_1_1-303x303.jpg\" alt=\"\" width=\"303\" height=\"303\" srcset=\"https:\/\/notisnot.com\/wp-content\/uploads\/2025\/04\/p_1067_121_1_1-303x303.jpg 303w, https:\/\/notisnot.com\/wp-content\/uploads\/2025\/04\/p_1067_121_1_1-505x505.jpg 505w, https:\/\/notisnot.com\/wp-content\/uploads\/2025\/04\/p_1067_121_1_1-12x12.jpg 12w, https:\/\/notisnot.com\/wp-content\/uploads\/2025\/04\/p_1067_121_1_1-20x20.jpg 20w, https:\/\/notisnot.com\/wp-content\/uploads\/2025\/04\/p_1067_121_1_1-91x91.jpg 91w, https:\/\/notisnot.com\/wp-content\/uploads\/2025\/04\/p_1067_121_1_1-50x50.jpg 50w, https:\/\/notisnot.com\/wp-content\/uploads\/2025\/04\/p_1067_121_1_1-100x100.jpg 100w, https:\/\/notisnot.com\/wp-content\/uploads\/2025\/04\/p_1067_121_1_1.jpg 600w\" sizes=\"(max-width: 303px) 100vw, 303px\" \/> <img loading=\"lazy\" decoding=\"async\" class=\"alignnone size-medium wp-image-312737\" src=\"https:\/\/notisnot.com\/wp-content\/uploads\/2025\/04\/p_1067_132_1_1-303x303.jpg\" alt=\"\" width=\"303\" height=\"303\" srcset=\"https:\/\/notisnot.com\/wp-content\/uploads\/2025\/04\/p_1067_132_1_1-303x303.jpg 303w, https:\/\/notisnot.com\/wp-content\/uploads\/2025\/04\/p_1067_132_1_1-505x505.jpg 505w, https:\/\/notisnot.com\/wp-content\/uploads\/2025\/04\/p_1067_132_1_1-12x12.jpg 12w, https:\/\/notisnot.com\/wp-content\/uploads\/2025\/04\/p_1067_132_1_1-20x20.jpg 20w, https:\/\/notisnot.com\/wp-content\/uploads\/2025\/04\/p_1067_132_1_1-91x91.jpg 91w, https:\/\/notisnot.com\/wp-content\/uploads\/2025\/04\/p_1067_132_1_1-50x50.jpg 50w, https:\/\/notisnot.com\/wp-content\/uploads\/2025\/04\/p_1067_132_1_1-100x100.jpg 100w, https:\/\/notisnot.com\/wp-content\/uploads\/2025\/04\/p_1067_132_1_1.jpg 600w\" sizes=\"(max-width: 303px) 100vw, 303px\" \/> <img loading=\"lazy\" decoding=\"async\" class=\"alignnone size-medium wp-image-312738\" src=\"https:\/\/notisnot.com\/wp-content\/uploads\/2025\/04\/p_1067_152_1_1-303x303.jpg\" alt=\"\" width=\"303\" height=\"303\" srcset=\"https:\/\/notisnot.com\/wp-content\/uploads\/2025\/04\/p_1067_152_1_1-303x303.jpg 303w, https:\/\/notisnot.com\/wp-content\/uploads\/2025\/04\/p_1067_152_1_1-505x505.jpg 505w, https:\/\/notisnot.com\/wp-content\/uploads\/2025\/04\/p_1067_152_1_1-12x12.jpg 12w, https:\/\/notisnot.com\/wp-content\/uploads\/2025\/04\/p_1067_152_1_1-20x20.jpg 20w, https:\/\/notisnot.com\/wp-content\/uploads\/2025\/04\/p_1067_152_1_1-91x91.jpg 91w, https:\/\/notisnot.com\/wp-content\/uploads\/2025\/04\/p_1067_152_1_1-50x50.jpg 50w, https:\/\/notisnot.com\/wp-content\/uploads\/2025\/04\/p_1067_152_1_1-100x100.jpg 100w, https:\/\/notisnot.com\/wp-content\/uploads\/2025\/04\/p_1067_152_1_1.jpg 600w\" sizes=\"(max-width: 303px) 100vw, 303px\" \/> <img loading=\"lazy\" decoding=\"async\" class=\"alignnone size-medium wp-image-312739\" src=\"https:\/\/notisnot.com\/wp-content\/uploads\/2025\/04\/p_1067_168_1_1-303x303.jpg\" alt=\"\" width=\"303\" height=\"303\" \/> <img loading=\"lazy\" decoding=\"async\" class=\"alignnone size-medium wp-image-312740\" src=\"https:\/\/notisnot.com\/wp-content\/uploads\/2025\/04\/p_1067_169_1_1-303x303.jpg\" alt=\"\" width=\"303\" height=\"303\" srcset=\"https:\/\/notisnot.com\/wp-content\/uploads\/2025\/04\/p_1067_169_1_1-303x303.jpg 303w, https:\/\/notisnot.com\/wp-content\/uploads\/2025\/04\/p_1067_169_1_1-505x505.jpg 505w, https:\/\/notisnot.com\/wp-content\/uploads\/2025\/04\/p_1067_169_1_1-12x12.jpg 12w, https:\/\/notisnot.com\/wp-content\/uploads\/2025\/04\/p_1067_169_1_1-20x20.jpg 20w, https:\/\/notisnot.com\/wp-content\/uploads\/2025\/04\/p_1067_169_1_1-91x91.jpg 91w, https:\/\/notisnot.com\/wp-content\/uploads\/2025\/04\/p_1067_169_1_1-50x50.jpg 50w, https:\/\/notisnot.com\/wp-content\/uploads\/2025\/04\/p_1067_169_1_1-100x100.jpg 100w, https:\/\/notisnot.com\/wp-content\/uploads\/2025\/04\/p_1067_169_1_1.jpg 600w\" sizes=\"(max-width: 303px) 100vw, 303px\" \/> <img loading=\"lazy\" decoding=\"async\" class=\"alignnone size-medium wp-image-312741\" src=\"https:\/\/notisnot.com\/wp-content\/uploads\/2025\/04\/p_1067_170_1_1-303x303.jpg\" alt=\"\" width=\"303\" height=\"303\" srcset=\"https:\/\/notisnot.com\/wp-content\/uploads\/2025\/04\/p_1067_170_1_1-303x303.jpg 303w, https:\/\/notisnot.com\/wp-content\/uploads\/2025\/04\/p_1067_170_1_1-505x505.jpg 505w, https:\/\/notisnot.com\/wp-content\/uploads\/2025\/04\/p_1067_170_1_1-12x12.jpg 12w, https:\/\/notisnot.com\/wp-content\/uploads\/2025\/04\/p_1067_170_1_1-20x20.jpg 20w, https:\/\/notisnot.com\/wp-content\/uploads\/2025\/04\/p_1067_170_1_1-91x91.jpg 91w, https:\/\/notisnot.com\/wp-content\/uploads\/2025\/04\/p_1067_170_1_1-50x50.jpg 50w, https:\/\/notisnot.com\/wp-content\/uploads\/2025\/04\/p_1067_170_1_1-100x100.jpg 100w, https:\/\/notisnot.com\/wp-content\/uploads\/2025\/04\/p_1067_170_1_1.jpg 600w\" sizes=\"(max-width: 303px) 100vw, 303px\" \/> <img loading=\"lazy\" decoding=\"async\" class=\"alignnone size-medium wp-image-312742\" src=\"https:\/\/notisnot.com\/wp-content\/uploads\/2025\/04\/p_1067_172_1_1-303x303.jpg\" alt=\"\" width=\"303\" height=\"303\" srcset=\"https:\/\/notisnot.com\/wp-content\/uploads\/2025\/04\/p_1067_172_1_1-303x303.jpg 303w, https:\/\/notisnot.com\/wp-content\/uploads\/2025\/04\/p_1067_172_1_1-505x505.jpg 505w, https:\/\/notisnot.com\/wp-content\/uploads\/2025\/04\/p_1067_172_1_1-12x12.jpg 12w, https:\/\/notisnot.com\/wp-content\/uploads\/2025\/04\/p_1067_172_1_1-20x20.jpg 20w, https:\/\/notisnot.com\/wp-content\/uploads\/2025\/04\/p_1067_172_1_1-91x91.jpg 91w, https:\/\/notisnot.com\/wp-content\/uploads\/2025\/04\/p_1067_172_1_1-50x50.jpg 50w, https:\/\/notisnot.com\/wp-content\/uploads\/2025\/04\/p_1067_172_1_1-100x100.jpg 100w, https:\/\/notisnot.com\/wp-content\/uploads\/2025\/04\/p_1067_172_1_1.jpg 600w\" sizes=\"(max-width: 303px) 100vw, 303px\" \/> <img loading=\"lazy\" decoding=\"async\" class=\"alignnone size-medium wp-image-312743\" src=\"https:\/\/notisnot.com\/wp-content\/uploads\/2025\/04\/p_1067_177_1_1-303x303.jpg\" alt=\"\" width=\"303\" height=\"303\" srcset=\"https:\/\/notisnot.com\/wp-content\/uploads\/2025\/04\/p_1067_177_1_1-303x303.jpg 303w, https:\/\/notisnot.com\/wp-content\/uploads\/2025\/04\/p_1067_177_1_1-505x505.jpg 505w, https:\/\/notisnot.com\/wp-content\/uploads\/2025\/04\/p_1067_177_1_1-12x12.jpg 12w, https:\/\/notisnot.com\/wp-content\/uploads\/2025\/04\/p_1067_177_1_1-20x20.jpg 20w, https:\/\/notisnot.com\/wp-content\/uploads\/2025\/04\/p_1067_177_1_1-91x91.jpg 91w, https:\/\/notisnot.com\/wp-content\/uploads\/2025\/04\/p_1067_177_1_1-50x50.jpg 50w, https:\/\/notisnot.com\/wp-content\/uploads\/2025\/04\/p_1067_177_1_1-100x100.jpg 100w, https:\/\/notisnot.com\/wp-content\/uploads\/2025\/04\/p_1067_177_1_1.jpg 600w\" sizes=\"(max-width: 303px) 100vw, 303px\" \/> <img loading=\"lazy\" decoding=\"async\" class=\"alignnone size-medium wp-image-312744\" src=\"https:\/\/notisnot.com\/wp-content\/uploads\/2025\/04\/p_1067_263_1_1-303x303.jpg\" alt=\"\" width=\"303\" height=\"303\" srcset=\"https:\/\/notisnot.com\/wp-content\/uploads\/2025\/04\/p_1067_263_1_1-303x303.jpg 303w, https:\/\/notisnot.com\/wp-content\/uploads\/2025\/04\/p_1067_263_1_1-505x505.jpg 505w, https:\/\/notisnot.com\/wp-content\/uploads\/2025\/04\/p_1067_263_1_1-12x12.jpg 12w, https:\/\/notisnot.com\/wp-content\/uploads\/2025\/04\/p_1067_263_1_1-20x20.jpg 20w, https:\/\/notisnot.com\/wp-content\/uploads\/2025\/04\/p_1067_263_1_1-91x91.jpg 91w, https:\/\/notisnot.com\/wp-content\/uploads\/2025\/04\/p_1067_263_1_1-50x50.jpg 50w, https:\/\/notisnot.com\/wp-content\/uploads\/2025\/04\/p_1067_263_1_1-100x100.jpg 100w, https:\/\/notisnot.com\/wp-content\/uploads\/2025\/04\/p_1067_263_1_1.jpg 600w\" sizes=\"(max-width: 303px) 100vw, 303px\" \/> <img loading=\"lazy\" decoding=\"async\" class=\"alignnone size-medium wp-image-312745\" src=\"https:\/\/notisnot.com\/wp-content\/uploads\/2025\/04\/p_1067_264_1_1-303x303.jpg\" alt=\"\" width=\"303\" height=\"303\" srcset=\"https:\/\/notisnot.com\/wp-content\/uploads\/2025\/04\/p_1067_264_1_1-303x303.jpg 303w, https:\/\/notisnot.com\/wp-content\/uploads\/2025\/04\/p_1067_264_1_1-505x505.jpg 505w, https:\/\/notisnot.com\/wp-content\/uploads\/2025\/04\/p_1067_264_1_1-12x12.jpg 12w, https:\/\/notisnot.com\/wp-content\/uploads\/2025\/04\/p_1067_264_1_1-20x20.jpg 20w, https:\/\/notisnot.com\/wp-content\/uploads\/2025\/04\/p_1067_264_1_1-91x91.jpg 91w, https:\/\/notisnot.com\/wp-content\/uploads\/2025\/04\/p_1067_264_1_1-50x50.jpg 50w, https:\/\/notisnot.com\/wp-content\/uploads\/2025\/04\/p_1067_264_1_1-100x100.jpg 100w, https:\/\/notisnot.com\/wp-content\/uploads\/2025\/04\/p_1067_264_1_1.jpg 600w\" sizes=\"(max-width: 303px) 100vw, 303px\" \/><\/p>","protected":false},"excerpt":{"rendered":"<p>Sudadera con capucha de doble tejido, con cord\u00f3n ajustable, en acabados solido y bicolor. Cubrecosturas en el cuello y bolsillo canguro. Punto canal\u00e9 con elastano 1x1 en pu\u00f1os y cintura. Modelo de ni\u00f1o sin cord\u00f3n.<\/p>","protected":false},"featured_media":312730,"comment_status":"open","ping_status":"closed","template":"","meta":{"_acf_changed":false},"product_cat":[272],"product_tag":[],"class_list":{"0":"post-312720","1":"product","2":"type-product","3":"status-publish","4":"has-post-thumbnail","6":"product_cat-dessuadores-industria","7":"pa_color-amarillo","8":"pa_color-amarillo-curry","9":"pa_color-azul-tormenta","10":"pa_color-blanco","11":"pa_color-burdeos","12":"pa_color-celeste","13":"pa_color-gris","14":"pa_color-gris-melange","15":"pa_color-lila","16":"pa_color-naranja","17":"pa_color-rojo-baya","18":"pa_color-rojo-palido","19":"pa_color-verde-aventura","20":"pa_color-verde-botella","21":"pa_color-verde-mist","22":"pa_tallaropa-xs","23":"pa_tallaropa-s","24":"pa_tallaropa-m","25":"pa_tallaropa-l","26":"pa_tallaropa-xl","27":"pa_tallaropa-xxl","28":"pa_tallaropa-3xl","30":"first","31":"instock","32":"taxable","33":"shipping-taxable","34":"purchasable","35":"product-type-variable"},"acf":[],"yoast_head":"<!-- This site is optimized with the Yoast SEO plugin v23.4 - https:\/\/yoast.com\/wordpress\/plugins\/seo\/ -->\n<title>Sudadera urban para hombre - NOT IS NOT<\/title>\n<meta name=\"robots\" content=\"index, follow, max-snippet:-1, max-image-preview:large, max-video-preview:-1\" \/>\n<link rel=\"canonical\" href=\"https:\/\/notisnot.com\/es\/tienda\/ropa-laboral\/industria\/dessuadores-industria\/sudadera-urban-para-hombre\/\" \/>\n<meta property=\"og:locale\" content=\"es_ES\" \/>\n<meta property=\"og:type\" content=\"article\" \/>\n<meta property=\"og:title\" content=\"Sudadera urban para hombre - NOT IS NOT\" \/>\n<meta property=\"og:description\" content=\"Sudadera con capucha de doble tejido, con cord\u00f3n ajustable, en acabados solido y bicolor. Cubrecosturas en el cuello y bolsillo canguro. Punto canal\u00e9 con elastano 1x1 en pu\u00f1os y cintura. Modelo de ni\u00f1o sin cord\u00f3n.\" \/>\n<meta property=\"og:url\" content=\"https:\/\/notisnot.com\/es\/tienda\/ropa-laboral\/industria\/dessuadores-industria\/sudadera-urban-para-hombre\/\" \/>\n<meta property=\"og:site_name\" content=\"NOT IS NOT\" \/>\n<meta property=\"article:publisher\" content=\"https:\/\/www.facebook.com\/notisnotofficial\/\" \/>\n<meta property=\"article:modified_time\" content=\"2025-05-16T10:17:21+00:00\" \/>\n<meta property=\"og:image\" content=\"https:\/\/notisnot.com\/wp-content\/uploads\/2025\/04\/p_1067_03_1_1.jpg\" \/>\n\t<meta property=\"og:image:width\" content=\"600\" \/>\n\t<meta property=\"og:image:height\" content=\"600\" \/>\n\t<meta property=\"og:image:type\" content=\"image\/jpeg\" \/>\n<meta name=\"twitter:card\" content=\"summary_large_image\" \/>\n<meta name=\"twitter:label1\" content=\"Tiempo de lectura\" \/>\n\t<meta name=\"twitter:data1\" content=\"4 minutos\" \/>\n<script type=\"application\/ld+json\" class=\"yoast-schema-graph\">{\"@context\":\"https:\/\/schema.org\",\"@graph\":[{\"@type\":\"WebPage\",\"@id\":\"https:\/\/notisnot.com\/es\/tienda\/ropa-laboral\/industria\/dessuadores-industria\/sudadera-urban-para-hombre\/\",\"url\":\"https:\/\/notisnot.com\/es\/tienda\/ropa-laboral\/industria\/dessuadores-industria\/sudadera-urban-para-hombre\/\",\"name\":\"Sudadera urban para hombre - NOT IS NOT\",\"isPartOf\":{\"@id\":\"https:\/\/notisnot.com\/#website\"},\"primaryImageOfPage\":{\"@id\":\"https:\/\/notisnot.com\/es\/tienda\/ropa-laboral\/industria\/dessuadores-industria\/sudadera-urban-para-hombre\/#primaryimage\"},\"image\":{\"@id\":\"https:\/\/notisnot.com\/es\/tienda\/ropa-laboral\/industria\/dessuadores-industria\/sudadera-urban-para-hombre\/#primaryimage\"},\"thumbnailUrl\":\"https:\/\/notisnot.com\/wp-content\/uploads\/2025\/04\/p_1067_03_1_1.jpg\",\"datePublished\":\"2025-04-16T10:05:59+00:00\",\"dateModified\":\"2025-05-16T10:17:21+00:00\",\"breadcrumb\":{\"@id\":\"https:\/\/notisnot.com\/es\/tienda\/ropa-laboral\/industria\/dessuadores-industria\/sudadera-urban-para-hombre\/#breadcrumb\"},\"inLanguage\":\"es\",\"potentialAction\":[{\"@type\":\"ReadAction\",\"target\":[\"https:\/\/notisnot.com\/es\/tienda\/ropa-laboral\/industria\/dessuadores-industria\/sudadera-urban-para-hombre\/\"]}]},{\"@type\":\"ImageObject\",\"inLanguage\":\"es\",\"@id\":\"https:\/\/notisnot.com\/es\/tienda\/ropa-laboral\/industria\/dessuadores-industria\/sudadera-urban-para-hombre\/#primaryimage\",\"url\":\"https:\/\/notisnot.com\/wp-content\/uploads\/2025\/04\/p_1067_03_1_1.jpg\",\"contentUrl\":\"https:\/\/notisnot.com\/wp-content\/uploads\/2025\/04\/p_1067_03_1_1.jpg\",\"width\":600,\"height\":600},{\"@type\":\"BreadcrumbList\",\"@id\":\"https:\/\/notisnot.com\/es\/tienda\/ropa-laboral\/industria\/dessuadores-industria\/sudadera-urban-para-hombre\/#breadcrumb\",\"itemListElement\":[{\"@type\":\"ListItem\",\"position\":1,\"name\":\"Home\",\"item\":\"https:\/\/notisnot.com\/\"},{\"@type\":\"ListItem\",\"position\":2,\"name\":\"Tienda\",\"item\":\"https:\/\/notisnot.com\/tienda-woocomerce\/\"},{\"@type\":\"ListItem\",\"position\":3,\"name\":\"Sudadera urban para hombre\"}]},{\"@type\":\"WebSite\",\"@id\":\"https:\/\/notisnot.com\/#website\",\"url\":\"https:\/\/notisnot.com\/\",\"name\":\"NOT IS NOT\",\"description\":\"\",\"potentialAction\":[{\"@type\":\"SearchAction\",\"target\":{\"@type\":\"EntryPoint\",\"urlTemplate\":\"https:\/\/notisnot.com\/?s={search_term_string}\"},\"query-input\":{\"@type\":\"PropertyValueSpecification\",\"valueRequired\":true,\"valueName\":\"search_term_string\"}}],\"inLanguage\":\"es\"}]}<\/script>\n<!-- \/ Yoast SEO plugin. -->","yoast_head_json":{"title":"Sudadera urban para hombre - NOT IS NOT","robots":{"index":"index","follow":"follow","max-snippet":"max-snippet:-1","max-image-preview":"max-image-preview:large","max-video-preview":"max-video-preview:-1"},"canonical":"https:\/\/notisnot.com\/es\/tienda\/ropa-laboral\/industria\/dessuadores-industria\/sudadera-urban-para-hombre\/","og_locale":"es_ES","og_type":"article","og_title":"Sudadera urban para hombre - NOT IS NOT","og_description":"Sudadera con capucha de doble tejido, con cord\u00f3n ajustable, en acabados solido y bicolor. Cubrecosturas en el cuello y bolsillo canguro. Punto canal\u00e9 con elastano 1x1 en pu\u00f1os y cintura. Modelo de ni\u00f1o sin cord\u00f3n.","og_url":"https:\/\/notisnot.com\/es\/tienda\/ropa-laboral\/industria\/dessuadores-industria\/sudadera-urban-para-hombre\/","og_site_name":"NOT IS NOT","article_publisher":"https:\/\/www.facebook.com\/notisnotofficial\/","article_modified_time":"2025-05-16T10:17:21+00:00","og_image":[{"width":600,"height":600,"url":"https:\/\/notisnot.com\/wp-content\/uploads\/2025\/04\/p_1067_03_1_1.jpg","type":"image\/jpeg"}],"twitter_card":"summary_large_image","twitter_misc":{"Tiempo de lectura":"4 minutos"},"schema":{"@context":"https:\/\/schema.org","@graph":[{"@type":"WebPage","@id":"https:\/\/notisnot.com\/es\/tienda\/ropa-laboral\/industria\/dessuadores-industria\/sudadera-urban-para-hombre\/","url":"https:\/\/notisnot.com\/es\/tienda\/ropa-laboral\/industria\/dessuadores-industria\/sudadera-urban-para-hombre\/","name":"Sudadera urban para hombre - NOT IS NOT","isPartOf":{"@id":"https:\/\/notisnot.com\/#website"},"primaryImageOfPage":{"@id":"https:\/\/notisnot.com\/es\/tienda\/ropa-laboral\/industria\/dessuadores-industria\/sudadera-urban-para-hombre\/#primaryimage"},"image":{"@id":"https:\/\/notisnot.com\/es\/tienda\/ropa-laboral\/industria\/dessuadores-industria\/sudadera-urban-para-hombre\/#primaryimage"},"thumbnailUrl":"https:\/\/notisnot.com\/wp-content\/uploads\/2025\/04\/p_1067_03_1_1.jpg","datePublished":"2025-04-16T10:05:59+00:00","dateModified":"2025-05-16T10:17:21+00:00","breadcrumb":{"@id":"https:\/\/notisnot.com\/es\/tienda\/ropa-laboral\/industria\/dessuadores-industria\/sudadera-urban-para-hombre\/#breadcrumb"},"inLanguage":"es","potentialAction":[{"@type":"ReadAction","target":["https:\/\/notisnot.com\/es\/tienda\/ropa-laboral\/industria\/dessuadores-industria\/sudadera-urban-para-hombre\/"]}]},{"@type":"ImageObject","inLanguage":"es","@id":"https:\/\/notisnot.com\/es\/tienda\/ropa-laboral\/industria\/dessuadores-industria\/sudadera-urban-para-hombre\/#primaryimage","url":"https:\/\/notisnot.com\/wp-content\/uploads\/2025\/04\/p_1067_03_1_1.jpg","contentUrl":"https:\/\/notisnot.com\/wp-content\/uploads\/2025\/04\/p_1067_03_1_1.jpg","width":600,"height":600},{"@type":"BreadcrumbList","@id":"https:\/\/notisnot.com\/es\/tienda\/ropa-laboral\/industria\/dessuadores-industria\/sudadera-urban-para-hombre\/#breadcrumb","itemListElement":[{"@type":"ListItem","position":1,"name":"Home","item":"https:\/\/notisnot.com\/"},{"@type":"ListItem","position":2,"name":"Tienda","item":"https:\/\/notisnot.com\/tienda-woocomerce\/"},{"@type":"ListItem","position":3,"name":"Sudadera urban para hombre"}]},{"@type":"WebSite","@id":"https:\/\/notisnot.com\/#website","url":"https:\/\/notisnot.com\/","name":"NOT IS NOT","description":"","potentialAction":[{"@type":"SearchAction","target":{"@type":"EntryPoint","urlTemplate":"https:\/\/notisnot.com\/?s={search_term_string}"},"query-input":{"@type":"PropertyValueSpecification","valueRequired":true,"valueName":"search_term_string"}}],"inLanguage":"es"}]}},"_links":{"self":[{"href":"https:\/\/notisnot.com\/es\/wp-json\/wp\/v2\/product\/312720"}],"collection":[{"href":"https:\/\/notisnot.com\/es\/wp-json\/wp\/v2\/product"}],"about":[{"href":"https:\/\/notisnot.com\/es\/wp-json\/wp\/v2\/types\/product"}],"replies":[{"embeddable":true,"href":"https:\/\/notisnot.com\/es\/wp-json\/wp\/v2\/comments?post=312720"}],"wp:featuredmedia":[{"embeddable":true,"href":"https:\/\/notisnot.com\/es\/wp-json\/wp\/v2\/media\/312730"}],"wp:attachment":[{"href":"https:\/\/notisnot.com\/es\/wp-json\/wp\/v2\/media?parent=312720"}],"wp:term":[{"taxonomy":"product_cat","embeddable":true,"href":"https:\/\/notisnot.com\/es\/wp-json\/wp\/v2\/product_cat?post=312720"},{"taxonomy":"product_tag","embeddable":true,"href":"https:\/\/notisnot.com\/es\/wp-json\/wp\/v2\/product_tag?post=312720"}],"curies":[{"name":"wp","href":"https:\/\/api.w.org\/{rel}","templated":true}]}}