{"id":311452,"date":"2025-04-14T10:43:54","date_gmt":"2025-04-14T10:43:54","guid":{"rendered":"https:\/\/notisnot.com\/?post_type=product&#038;p=311452"},"modified":"2026-02-09T18:39:08","modified_gmt":"2026-02-09T18:39:08","slug":"polo-mujer-cuello-camisero-tejano","status":"publish","type":"product","link":"https:\/\/notisnot.com\/es\/tienda\/ropa-laboral\/hosteleria\/polos-hosteleria\/polo-mujer-cuello-camisero-tejano\/","title":{"rendered":"Polo mujer cuello camisero tejano"},"content":{"rendered":"<p><img loading=\"lazy\" decoding=\"async\" class=\"alignnone size-medium wp-image-311453\" src=\"https:\/\/notisnot.com\/wp-content\/uploads\/2025\/04\/852900-001-XS-303x303.jpg\" alt=\"\" width=\"303\" height=\"303\" srcset=\"https:\/\/notisnot.com\/wp-content\/uploads\/2025\/04\/852900-001-XS-303x303.jpg 303w, https:\/\/notisnot.com\/wp-content\/uploads\/2025\/04\/852900-001-XS-505x505.jpg 505w, https:\/\/notisnot.com\/wp-content\/uploads\/2025\/04\/852900-001-XS-768x768.jpg 768w, https:\/\/notisnot.com\/wp-content\/uploads\/2025\/04\/852900-001-XS-12x12.jpg 12w, https:\/\/notisnot.com\/wp-content\/uploads\/2025\/04\/852900-001-XS-20x20.jpg 20w, https:\/\/notisnot.com\/wp-content\/uploads\/2025\/04\/852900-001-XS-600x600.jpg 600w, https:\/\/notisnot.com\/wp-content\/uploads\/2025\/04\/852900-001-XS-91x91.jpg 91w, https:\/\/notisnot.com\/wp-content\/uploads\/2025\/04\/852900-001-XS-50x50.jpg 50w, https:\/\/notisnot.com\/wp-content\/uploads\/2025\/04\/852900-001-XS-100x100.jpg 100w, https:\/\/notisnot.com\/wp-content\/uploads\/2025\/04\/852900-001-XS.jpg 1024w\" sizes=\"(max-width: 303px) 100vw, 303px\" \/> <img loading=\"lazy\" decoding=\"async\" class=\"alignnone size-medium wp-image-311454\" src=\"https:\/\/notisnot.com\/wp-content\/uploads\/2025\/04\/852900-001-XS-1-303x303.jpg\" alt=\"\" width=\"303\" height=\"303\" srcset=\"https:\/\/notisnot.com\/wp-content\/uploads\/2025\/04\/852900-001-XS-1-303x303.jpg 303w, https:\/\/notisnot.com\/wp-content\/uploads\/2025\/04\/852900-001-XS-1-91x91.jpg 91w, https:\/\/notisnot.com\/wp-content\/uploads\/2025\/04\/852900-001-XS-1-600x600.jpg 600w, https:\/\/notisnot.com\/wp-content\/uploads\/2025\/04\/852900-001-XS-1-505x505.jpg 505w, https:\/\/notisnot.com\/wp-content\/uploads\/2025\/04\/852900-001-XS-1-768x768.jpg 768w, https:\/\/notisnot.com\/wp-content\/uploads\/2025\/04\/852900-001-XS-1-1536x1536.jpg 1536w, https:\/\/notisnot.com\/wp-content\/uploads\/2025\/04\/852900-001-XS-1-12x12.jpg 12w, https:\/\/notisnot.com\/wp-content\/uploads\/2025\/04\/852900-001-XS-1.jpg 2048w\" sizes=\"(max-width: 303px) 100vw, 303px\" \/> <img loading=\"lazy\" decoding=\"async\" class=\"alignnone size-medium wp-image-311455\" src=\"https:\/\/notisnot.com\/wp-content\/uploads\/2025\/04\/852900-101-S-303x303.jpg\" alt=\"\" width=\"303\" height=\"303\" srcset=\"https:\/\/notisnot.com\/wp-content\/uploads\/2025\/04\/852900-101-S-303x303.jpg 303w, https:\/\/notisnot.com\/wp-content\/uploads\/2025\/04\/852900-101-S-91x91.jpg 91w, https:\/\/notisnot.com\/wp-content\/uploads\/2025\/04\/852900-101-S-600x600.jpg 600w, https:\/\/notisnot.com\/wp-content\/uploads\/2025\/04\/852900-101-S-505x505.jpg 505w, https:\/\/notisnot.com\/wp-content\/uploads\/2025\/04\/852900-101-S-768x768.jpg 768w, https:\/\/notisnot.com\/wp-content\/uploads\/2025\/04\/852900-101-S-12x12.jpg 12w, https:\/\/notisnot.com\/wp-content\/uploads\/2025\/04\/852900-101-S.jpg 1024w\" sizes=\"(max-width: 303px) 100vw, 303px\" \/><\/p>","protected":false},"excerpt":{"rendered":"<p>El cuello camisero agrega un toque de sofisticaci\u00f3n y profesionalismo a este polo. Es un detalle cl\u00e1sico que aporta una imagen n\u00edtida y pulida a tu personal. La manga corta proporciona comodidad y libertad de movimiento, lo que es esencial para quienes trabajan en la hosteler\u00eda y otros entornos de atenci\u00f3n al cliente.<\/p>\n<p>&nbsp;<\/p>","protected":false},"featured_media":311453,"comment_status":"open","ping_status":"closed","template":"","meta":{"_acf_changed":false},"product_cat":[542],"product_tag":[],"class_list":{"0":"post-311452","1":"product","2":"type-product","3":"status-publish","4":"has-post-thumbnail","6":"product_cat-polos-hosteleria","7":"pa_color-blanco","8":"pa_color-negro","9":"pa_tallaropa-xs","10":"pa_tallaropa-s","11":"pa_tallaropa-m","12":"pa_tallaropa-l","13":"pa_tallaropa-xl","14":"pa_tallaropa-xxl","15":"pa_tallaropa-3xl","17":"first","18":"instock","19":"taxable","20":"shipping-taxable","21":"purchasable","22":"product-type-simple"},"acf":[],"yoast_head":"<!-- This site is optimized with the Yoast SEO plugin v23.4 - https:\/\/yoast.com\/wordpress\/plugins\/seo\/ -->\n<title>Polo mujer cuello camisero tejano - NOT IS NOT<\/title>\n<meta name=\"robots\" content=\"index, follow, max-snippet:-1, max-image-preview:large, max-video-preview:-1\" \/>\n<link rel=\"canonical\" href=\"https:\/\/notisnot.com\/es\/tienda\/ropa-laboral\/hosteleria\/polos-hosteleria\/polo-mujer-cuello-camisero-tejano\/\" \/>\n<meta property=\"og:locale\" content=\"es_ES\" \/>\n<meta property=\"og:type\" content=\"article\" \/>\n<meta property=\"og:title\" content=\"Polo mujer cuello camisero tejano - NOT IS NOT\" \/>\n<meta property=\"og:description\" content=\"El cuello camisero agrega un toque de sofisticaci\u00f3n y profesionalismo a este polo. Es un detalle cl\u00e1sico que aporta una imagen n\u00edtida y pulida a tu personal. La manga corta proporciona comodidad y libertad de movimiento, lo que es esencial para quienes trabajan en la hosteler\u00eda y otros entornos de atenci\u00f3n al cliente.  &nbsp;\" \/>\n<meta property=\"og:url\" content=\"https:\/\/notisnot.com\/es\/tienda\/ropa-laboral\/hosteleria\/polos-hosteleria\/polo-mujer-cuello-camisero-tejano\/\" \/>\n<meta property=\"og:site_name\" content=\"NOT IS NOT\" \/>\n<meta property=\"article:publisher\" content=\"https:\/\/www.facebook.com\/notisnotofficial\/\" \/>\n<meta property=\"article:modified_time\" content=\"2026-02-09T18:39:08+00:00\" \/>\n<meta property=\"og:image\" content=\"https:\/\/notisnot.com\/wp-content\/uploads\/2025\/04\/852900-001-XS.jpg\" \/>\n\t<meta property=\"og:image:width\" content=\"1024\" \/>\n\t<meta property=\"og:image:height\" content=\"1024\" \/>\n\t<meta property=\"og:image:type\" content=\"image\/jpeg\" \/>\n<meta name=\"twitter:card\" content=\"summary_large_image\" \/>\n<meta name=\"twitter:label1\" content=\"Tiempo de lectura\" \/>\n\t<meta name=\"twitter:data1\" content=\"1 minuto\" \/>\n<script type=\"application\/ld+json\" class=\"yoast-schema-graph\">{\"@context\":\"https:\/\/schema.org\",\"@graph\":[{\"@type\":\"WebPage\",\"@id\":\"https:\/\/notisnot.com\/es\/tienda\/ropa-laboral\/hosteleria\/polos-hosteleria\/polo-mujer-cuello-camisero-tejano\/\",\"url\":\"https:\/\/notisnot.com\/es\/tienda\/ropa-laboral\/hosteleria\/polos-hosteleria\/polo-mujer-cuello-camisero-tejano\/\",\"name\":\"Polo mujer cuello camisero tejano - NOT IS NOT\",\"isPartOf\":{\"@id\":\"http:\/\/notisnot.com\/#website\"},\"primaryImageOfPage\":{\"@id\":\"https:\/\/notisnot.com\/es\/tienda\/ropa-laboral\/hosteleria\/polos-hosteleria\/polo-mujer-cuello-camisero-tejano\/#primaryimage\"},\"image\":{\"@id\":\"https:\/\/notisnot.com\/es\/tienda\/ropa-laboral\/hosteleria\/polos-hosteleria\/polo-mujer-cuello-camisero-tejano\/#primaryimage\"},\"thumbnailUrl\":\"https:\/\/notisnot.com\/wp-content\/uploads\/2025\/04\/852900-001-XS.jpg\",\"datePublished\":\"2025-04-14T10:43:54+00:00\",\"dateModified\":\"2026-02-09T18:39:08+00:00\",\"breadcrumb\":{\"@id\":\"https:\/\/notisnot.com\/es\/tienda\/ropa-laboral\/hosteleria\/polos-hosteleria\/polo-mujer-cuello-camisero-tejano\/#breadcrumb\"},\"inLanguage\":\"es\",\"potentialAction\":[{\"@type\":\"ReadAction\",\"target\":[\"https:\/\/notisnot.com\/es\/tienda\/ropa-laboral\/hosteleria\/polos-hosteleria\/polo-mujer-cuello-camisero-tejano\/\"]}]},{\"@type\":\"ImageObject\",\"inLanguage\":\"es\",\"@id\":\"https:\/\/notisnot.com\/es\/tienda\/ropa-laboral\/hosteleria\/polos-hosteleria\/polo-mujer-cuello-camisero-tejano\/#primaryimage\",\"url\":\"https:\/\/notisnot.com\/wp-content\/uploads\/2025\/04\/852900-001-XS.jpg\",\"contentUrl\":\"https:\/\/notisnot.com\/wp-content\/uploads\/2025\/04\/852900-001-XS.jpg\",\"width\":1024,\"height\":1024},{\"@type\":\"BreadcrumbList\",\"@id\":\"https:\/\/notisnot.com\/es\/tienda\/ropa-laboral\/hosteleria\/polos-hosteleria\/polo-mujer-cuello-camisero-tejano\/#breadcrumb\",\"itemListElement\":[{\"@type\":\"ListItem\",\"position\":1,\"name\":\"Home\",\"item\":\"http:\/\/notisnot.com\/\"},{\"@type\":\"ListItem\",\"position\":2,\"name\":\"Tienda\",\"item\":\"https:\/\/notisnot.com\/es\/tienda-woocomerce\/\"},{\"@type\":\"ListItem\",\"position\":3,\"name\":\"Polo mujer cuello camisero tejano\"}]},{\"@type\":\"WebSite\",\"@id\":\"http:\/\/notisnot.com\/#website\",\"url\":\"http:\/\/notisnot.com\/\",\"name\":\"NOT IS NOT\",\"description\":\"\",\"potentialAction\":[{\"@type\":\"SearchAction\",\"target\":{\"@type\":\"EntryPoint\",\"urlTemplate\":\"http:\/\/notisnot.com\/?s={search_term_string}\"},\"query-input\":{\"@type\":\"PropertyValueSpecification\",\"valueRequired\":true,\"valueName\":\"search_term_string\"}}],\"inLanguage\":\"es\"}]}<\/script>\n<!-- \/ Yoast SEO plugin. -->","yoast_head_json":{"title":"Polo mujer cuello camisero tejano - NOT IS NOT","robots":{"index":"index","follow":"follow","max-snippet":"max-snippet:-1","max-image-preview":"max-image-preview:large","max-video-preview":"max-video-preview:-1"},"canonical":"https:\/\/notisnot.com\/es\/tienda\/ropa-laboral\/hosteleria\/polos-hosteleria\/polo-mujer-cuello-camisero-tejano\/","og_locale":"es_ES","og_type":"article","og_title":"Polo mujer cuello camisero tejano - NOT IS NOT","og_description":"El cuello camisero agrega un toque de sofisticaci\u00f3n y profesionalismo a este polo. Es un detalle cl\u00e1sico que aporta una imagen n\u00edtida y pulida a tu personal. La manga corta proporciona comodidad y libertad de movimiento, lo que es esencial para quienes trabajan en la hosteler\u00eda y otros entornos de atenci\u00f3n al cliente.  &nbsp;","og_url":"https:\/\/notisnot.com\/es\/tienda\/ropa-laboral\/hosteleria\/polos-hosteleria\/polo-mujer-cuello-camisero-tejano\/","og_site_name":"NOT IS NOT","article_publisher":"https:\/\/www.facebook.com\/notisnotofficial\/","article_modified_time":"2026-02-09T18:39:08+00:00","og_image":[{"width":1024,"height":1024,"url":"https:\/\/notisnot.com\/wp-content\/uploads\/2025\/04\/852900-001-XS.jpg","type":"image\/jpeg"}],"twitter_card":"summary_large_image","twitter_misc":{"Tiempo de lectura":"1 minuto"},"schema":{"@context":"https:\/\/schema.org","@graph":[{"@type":"WebPage","@id":"https:\/\/notisnot.com\/es\/tienda\/ropa-laboral\/hosteleria\/polos-hosteleria\/polo-mujer-cuello-camisero-tejano\/","url":"https:\/\/notisnot.com\/es\/tienda\/ropa-laboral\/hosteleria\/polos-hosteleria\/polo-mujer-cuello-camisero-tejano\/","name":"Polo mujer cuello camisero tejano - NOT IS NOT","isPartOf":{"@id":"http:\/\/notisnot.com\/#website"},"primaryImageOfPage":{"@id":"https:\/\/notisnot.com\/es\/tienda\/ropa-laboral\/hosteleria\/polos-hosteleria\/polo-mujer-cuello-camisero-tejano\/#primaryimage"},"image":{"@id":"https:\/\/notisnot.com\/es\/tienda\/ropa-laboral\/hosteleria\/polos-hosteleria\/polo-mujer-cuello-camisero-tejano\/#primaryimage"},"thumbnailUrl":"https:\/\/notisnot.com\/wp-content\/uploads\/2025\/04\/852900-001-XS.jpg","datePublished":"2025-04-14T10:43:54+00:00","dateModified":"2026-02-09T18:39:08+00:00","breadcrumb":{"@id":"https:\/\/notisnot.com\/es\/tienda\/ropa-laboral\/hosteleria\/polos-hosteleria\/polo-mujer-cuello-camisero-tejano\/#breadcrumb"},"inLanguage":"es","potentialAction":[{"@type":"ReadAction","target":["https:\/\/notisnot.com\/es\/tienda\/ropa-laboral\/hosteleria\/polos-hosteleria\/polo-mujer-cuello-camisero-tejano\/"]}]},{"@type":"ImageObject","inLanguage":"es","@id":"https:\/\/notisnot.com\/es\/tienda\/ropa-laboral\/hosteleria\/polos-hosteleria\/polo-mujer-cuello-camisero-tejano\/#primaryimage","url":"https:\/\/notisnot.com\/wp-content\/uploads\/2025\/04\/852900-001-XS.jpg","contentUrl":"https:\/\/notisnot.com\/wp-content\/uploads\/2025\/04\/852900-001-XS.jpg","width":1024,"height":1024},{"@type":"BreadcrumbList","@id":"https:\/\/notisnot.com\/es\/tienda\/ropa-laboral\/hosteleria\/polos-hosteleria\/polo-mujer-cuello-camisero-tejano\/#breadcrumb","itemListElement":[{"@type":"ListItem","position":1,"name":"Home","item":"http:\/\/notisnot.com\/"},{"@type":"ListItem","position":2,"name":"Tienda","item":"https:\/\/notisnot.com\/es\/tienda-woocomerce\/"},{"@type":"ListItem","position":3,"name":"Polo mujer cuello camisero tejano"}]},{"@type":"WebSite","@id":"http:\/\/notisnot.com\/#website","url":"http:\/\/notisnot.com\/","name":"NOT IS NOT","description":"","potentialAction":[{"@type":"SearchAction","target":{"@type":"EntryPoint","urlTemplate":"http:\/\/notisnot.com\/?s={search_term_string}"},"query-input":{"@type":"PropertyValueSpecification","valueRequired":true,"valueName":"search_term_string"}}],"inLanguage":"es"}]}},"_links":{"self":[{"href":"https:\/\/notisnot.com\/es\/wp-json\/wp\/v2\/product\/311452"}],"collection":[{"href":"https:\/\/notisnot.com\/es\/wp-json\/wp\/v2\/product"}],"about":[{"href":"https:\/\/notisnot.com\/es\/wp-json\/wp\/v2\/types\/product"}],"replies":[{"embeddable":true,"href":"https:\/\/notisnot.com\/es\/wp-json\/wp\/v2\/comments?post=311452"}],"wp:featuredmedia":[{"embeddable":true,"href":"https:\/\/notisnot.com\/es\/wp-json\/wp\/v2\/media\/311453"}],"wp:attachment":[{"href":"https:\/\/notisnot.com\/es\/wp-json\/wp\/v2\/media?parent=311452"}],"wp:term":[{"taxonomy":"product_cat","embeddable":true,"href":"https:\/\/notisnot.com\/es\/wp-json\/wp\/v2\/product_cat?post=311452"},{"taxonomy":"product_tag","embeddable":true,"href":"https:\/\/notisnot.com\/es\/wp-json\/wp\/v2\/product_tag?post=311452"}],"curies":[{"name":"wp","href":"https:\/\/api.w.org\/{rel}","templated":true}]}}