{"id":310798,"date":"2025-04-14T08:18:34","date_gmt":"2025-04-14T08:18:34","guid":{"rendered":"https:\/\/notisnot.com\/?post_type=product&#038;p=310798"},"modified":"2025-06-22T12:22:24","modified_gmt":"2025-06-22T12:22:24","slug":"pantalon-hombre-vaquero-casdy","status":"publish","type":"product","link":"https:\/\/notisnot.com\/es\/tienda\/ropa-laboral\/hosteleria\/pantalones\/pantalon-hombre-vaquero-casdy\/","title":{"rendered":"Pantalon hombre vaquero casdy"},"content":{"rendered":"<p><img loading=\"lazy\" decoding=\"async\" class=\"alignnone size-medium wp-image-310799\" src=\"https:\/\/notisnot.com\/wp-content\/uploads\/2025\/04\/780200-839-54-303x303.jpg\" alt=\"\" width=\"303\" height=\"303\" srcset=\"https:\/\/notisnot.com\/wp-content\/uploads\/2025\/04\/780200-839-54-303x303.jpg 303w, https:\/\/notisnot.com\/wp-content\/uploads\/2025\/04\/780200-839-54-505x505.jpg 505w, https:\/\/notisnot.com\/wp-content\/uploads\/2025\/04\/780200-839-54-768x768.jpg 768w, https:\/\/notisnot.com\/wp-content\/uploads\/2025\/04\/780200-839-54-12x12.jpg 12w, https:\/\/notisnot.com\/wp-content\/uploads\/2025\/04\/780200-839-54-20x20.jpg 20w, https:\/\/notisnot.com\/wp-content\/uploads\/2025\/04\/780200-839-54-600x600.jpg 600w, https:\/\/notisnot.com\/wp-content\/uploads\/2025\/04\/780200-839-54-91x91.jpg 91w, https:\/\/notisnot.com\/wp-content\/uploads\/2025\/04\/780200-839-54-50x50.jpg 50w, https:\/\/notisnot.com\/wp-content\/uploads\/2025\/04\/780200-839-54-100x100.jpg 100w, https:\/\/notisnot.com\/wp-content\/uploads\/2025\/04\/780200-839-54.jpg 1024w\" sizes=\"(max-width: 303px) 100vw, 303px\" \/> <img loading=\"lazy\" decoding=\"async\" class=\"alignnone size-medium wp-image-310800\" src=\"https:\/\/notisnot.com\/wp-content\/uploads\/2025\/04\/780200-839-54-1-303x303.jpg\" alt=\"\" width=\"303\" height=\"303\" srcset=\"https:\/\/notisnot.com\/wp-content\/uploads\/2025\/04\/780200-839-54-1-303x303.jpg 303w, https:\/\/notisnot.com\/wp-content\/uploads\/2025\/04\/780200-839-54-1-505x505.jpg 505w, https:\/\/notisnot.com\/wp-content\/uploads\/2025\/04\/780200-839-54-1-768x768.jpg 768w, https:\/\/notisnot.com\/wp-content\/uploads\/2025\/04\/780200-839-54-1-1536x1536.jpg 1536w, https:\/\/notisnot.com\/wp-content\/uploads\/2025\/04\/780200-839-54-1-12x12.jpg 12w, https:\/\/notisnot.com\/wp-content\/uploads\/2025\/04\/780200-839-54-1-20x20.jpg 20w, https:\/\/notisnot.com\/wp-content\/uploads\/2025\/04\/780200-839-54-1-600x600.jpg 600w, https:\/\/notisnot.com\/wp-content\/uploads\/2025\/04\/780200-839-54-1-91x91.jpg 91w, https:\/\/notisnot.com\/wp-content\/uploads\/2025\/04\/780200-839-54-1-50x50.jpg 50w, https:\/\/notisnot.com\/wp-content\/uploads\/2025\/04\/780200-839-54-1-100x100.jpg 100w, https:\/\/notisnot.com\/wp-content\/uploads\/2025\/04\/780200-839-54-1.jpg 2048w\" sizes=\"(max-width: 303px) 100vw, 303px\" \/> <img loading=\"lazy\" decoding=\"async\" class=\"alignnone size-medium wp-image-310801\" src=\"https:\/\/notisnot.com\/wp-content\/uploads\/2025\/04\/780200-841-48-303x303.jpg\" alt=\"\" width=\"303\" height=\"303\" srcset=\"https:\/\/notisnot.com\/wp-content\/uploads\/2025\/04\/780200-841-48-303x303.jpg 303w, https:\/\/notisnot.com\/wp-content\/uploads\/2025\/04\/780200-841-48-505x505.jpg 505w, https:\/\/notisnot.com\/wp-content\/uploads\/2025\/04\/780200-841-48-768x768.jpg 768w, https:\/\/notisnot.com\/wp-content\/uploads\/2025\/04\/780200-841-48-12x12.jpg 12w, https:\/\/notisnot.com\/wp-content\/uploads\/2025\/04\/780200-841-48-20x20.jpg 20w, https:\/\/notisnot.com\/wp-content\/uploads\/2025\/04\/780200-841-48-600x600.jpg 600w, https:\/\/notisnot.com\/wp-content\/uploads\/2025\/04\/780200-841-48-91x91.jpg 91w, https:\/\/notisnot.com\/wp-content\/uploads\/2025\/04\/780200-841-48-50x50.jpg 50w, https:\/\/notisnot.com\/wp-content\/uploads\/2025\/04\/780200-841-48-100x100.jpg 100w, https:\/\/notisnot.com\/wp-content\/uploads\/2025\/04\/780200-841-48.jpg 1024w\" sizes=\"(max-width: 303px) 100vw, 303px\" \/> <img loading=\"lazy\" decoding=\"async\" class=\"alignnone size-medium wp-image-310802\" src=\"https:\/\/notisnot.com\/wp-content\/uploads\/2025\/04\/780200-842-42-303x303.jpg\" alt=\"\" width=\"303\" height=\"303\" srcset=\"https:\/\/notisnot.com\/wp-content\/uploads\/2025\/04\/780200-842-42-303x303.jpg 303w, https:\/\/notisnot.com\/wp-content\/uploads\/2025\/04\/780200-842-42-505x505.jpg 505w, https:\/\/notisnot.com\/wp-content\/uploads\/2025\/04\/780200-842-42-768x768.jpg 768w, https:\/\/notisnot.com\/wp-content\/uploads\/2025\/04\/780200-842-42-12x12.jpg 12w, https:\/\/notisnot.com\/wp-content\/uploads\/2025\/04\/780200-842-42-20x20.jpg 20w, https:\/\/notisnot.com\/wp-content\/uploads\/2025\/04\/780200-842-42-600x600.jpg 600w, https:\/\/notisnot.com\/wp-content\/uploads\/2025\/04\/780200-842-42-91x91.jpg 91w, https:\/\/notisnot.com\/wp-content\/uploads\/2025\/04\/780200-842-42-50x50.jpg 50w, https:\/\/notisnot.com\/wp-content\/uploads\/2025\/04\/780200-842-42-100x100.jpg 100w, https:\/\/notisnot.com\/wp-content\/uploads\/2025\/04\/780200-842-42.jpg 1024w\" sizes=\"(max-width: 303px) 100vw, 303px\" \/> <img loading=\"lazy\" decoding=\"async\" class=\"alignnone size-medium wp-image-310803\" src=\"https:\/\/notisnot.com\/wp-content\/uploads\/2025\/04\/780200-843-52-303x303.jpg\" alt=\"\" width=\"303\" height=\"303\" srcset=\"https:\/\/notisnot.com\/wp-content\/uploads\/2025\/04\/780200-843-52-303x303.jpg 303w, https:\/\/notisnot.com\/wp-content\/uploads\/2025\/04\/780200-843-52-505x505.jpg 505w, https:\/\/notisnot.com\/wp-content\/uploads\/2025\/04\/780200-843-52-768x768.jpg 768w, https:\/\/notisnot.com\/wp-content\/uploads\/2025\/04\/780200-843-52-12x12.jpg 12w, https:\/\/notisnot.com\/wp-content\/uploads\/2025\/04\/780200-843-52-20x20.jpg 20w, https:\/\/notisnot.com\/wp-content\/uploads\/2025\/04\/780200-843-52-600x600.jpg 600w, https:\/\/notisnot.com\/wp-content\/uploads\/2025\/04\/780200-843-52-91x91.jpg 91w, https:\/\/notisnot.com\/wp-content\/uploads\/2025\/04\/780200-843-52-50x50.jpg 50w, https:\/\/notisnot.com\/wp-content\/uploads\/2025\/04\/780200-843-52-100x100.jpg 100w, https:\/\/notisnot.com\/wp-content\/uploads\/2025\/04\/780200-843-52.jpg 1024w\" sizes=\"(max-width: 303px) 100vw, 303px\" \/><\/p>","protected":false},"excerpt":{"rendered":"<p>El pantal\u00f3n Casdy est\u00e1 confeccionado en vaquero el\u00e1stico de alta calidad, lo que garantiza una prenda duradera y resistente. Este tejido el\u00e1stico permite una mayor libertad de movimiento, lo que es esencial en un entorno de hosteler\u00eda activo.<\/p>\n<p>El dise\u00f1o de talle alto es tanto elegante como c\u00f3modo. Ayuda a mantener una apariencia profesional mientras se siente c\u00f3modo durante todo el d\u00eda.<\/p>","protected":false},"featured_media":310799,"comment_status":"open","ping_status":"closed","template":"","meta":{"_acf_changed":false},"product_cat":[463],"product_tag":[],"class_list":{"0":"post-310798","1":"product","2":"type-product","3":"status-publish","4":"has-post-thumbnail","6":"product_cat-pantalones","7":"pa_color-arena","8":"pa_color-azul-marino","9":"pa_color-negro","10":"pa_color-verde-alga","11":"pa_tallaropa-466","12":"pa_tallaropa-467","13":"pa_tallaropa-468","14":"pa_tallaropa-469","15":"pa_tallaropa-470","16":"pa_tallaropa-471","17":"pa_tallaropa-472","18":"pa_tallaropa-473","19":"pa_tallaropa-474","20":"pa_tallaropa-475","21":"pa_tallaropa-476","22":"pa_tallaropa-477","23":"pa_tallaropa-491","25":"first","26":"instock","27":"taxable","28":"shipping-taxable","29":"purchasable","30":"product-type-variable"},"acf":[],"yoast_head":"<!-- This site is optimized with the Yoast SEO plugin v23.4 - https:\/\/yoast.com\/wordpress\/plugins\/seo\/ -->\n<title>Pantalon hombre vaquero casdy - NOT IS NOT<\/title>\n<meta name=\"robots\" content=\"index, follow, max-snippet:-1, max-image-preview:large, max-video-preview:-1\" \/>\n<link rel=\"canonical\" href=\"https:\/\/notisnot.com\/es\/tienda\/ropa-laboral\/hosteleria\/pantalones\/pantalon-hombre-vaquero-casdy\/\" \/>\n<meta property=\"og:locale\" content=\"es_ES\" \/>\n<meta property=\"og:type\" content=\"article\" \/>\n<meta property=\"og:title\" content=\"Pantalon hombre vaquero casdy - NOT IS NOT\" \/>\n<meta property=\"og:description\" content=\"El pantal\u00f3n Casdy est\u00e1 confeccionado en vaquero el\u00e1stico de alta calidad, lo que garantiza una prenda duradera y resistente. Este tejido el\u00e1stico permite una mayor libertad de movimiento, lo que es esencial en un entorno de hosteler\u00eda activo.  El dise\u00f1o de talle alto es tanto elegante como c\u00f3modo. Ayuda a mantener una apariencia profesional mientras se siente c\u00f3modo durante todo el d\u00eda.\" \/>\n<meta property=\"og:url\" content=\"https:\/\/notisnot.com\/es\/tienda\/ropa-laboral\/hosteleria\/pantalones\/pantalon-hombre-vaquero-casdy\/\" \/>\n<meta property=\"og:site_name\" content=\"NOT IS NOT\" \/>\n<meta property=\"article:publisher\" content=\"https:\/\/www.facebook.com\/notisnotofficial\/\" \/>\n<meta property=\"article:modified_time\" content=\"2025-06-22T12:22:24+00:00\" \/>\n<meta property=\"og:image\" content=\"https:\/\/notisnot.com\/wp-content\/uploads\/2025\/04\/780200-839-54.jpg\" \/>\n\t<meta property=\"og:image:width\" content=\"1024\" \/>\n\t<meta property=\"og:image:height\" content=\"1024\" \/>\n\t<meta property=\"og:image:type\" content=\"image\/jpeg\" \/>\n<meta name=\"twitter:card\" content=\"summary_large_image\" \/>\n<meta name=\"twitter:label1\" content=\"Tiempo de lectura\" \/>\n\t<meta name=\"twitter:data1\" content=\"2 minutos\" \/>\n<script type=\"application\/ld+json\" class=\"yoast-schema-graph\">{\"@context\":\"https:\/\/schema.org\",\"@graph\":[{\"@type\":\"WebPage\",\"@id\":\"https:\/\/notisnot.com\/es\/tienda\/ropa-laboral\/hosteleria\/pantalones\/pantalon-hombre-vaquero-casdy\/\",\"url\":\"https:\/\/notisnot.com\/es\/tienda\/ropa-laboral\/hosteleria\/pantalones\/pantalon-hombre-vaquero-casdy\/\",\"name\":\"Pantalon hombre vaquero casdy - NOT IS NOT\",\"isPartOf\":{\"@id\":\"https:\/\/notisnot.com\/#website\"},\"primaryImageOfPage\":{\"@id\":\"https:\/\/notisnot.com\/es\/tienda\/ropa-laboral\/hosteleria\/pantalones\/pantalon-hombre-vaquero-casdy\/#primaryimage\"},\"image\":{\"@id\":\"https:\/\/notisnot.com\/es\/tienda\/ropa-laboral\/hosteleria\/pantalones\/pantalon-hombre-vaquero-casdy\/#primaryimage\"},\"thumbnailUrl\":\"https:\/\/notisnot.com\/wp-content\/uploads\/2025\/04\/780200-839-54.jpg\",\"datePublished\":\"2025-04-14T08:18:34+00:00\",\"dateModified\":\"2025-06-22T12:22:24+00:00\",\"breadcrumb\":{\"@id\":\"https:\/\/notisnot.com\/es\/tienda\/ropa-laboral\/hosteleria\/pantalones\/pantalon-hombre-vaquero-casdy\/#breadcrumb\"},\"inLanguage\":\"es\",\"potentialAction\":[{\"@type\":\"ReadAction\",\"target\":[\"https:\/\/notisnot.com\/es\/tienda\/ropa-laboral\/hosteleria\/pantalones\/pantalon-hombre-vaquero-casdy\/\"]}]},{\"@type\":\"ImageObject\",\"inLanguage\":\"es\",\"@id\":\"https:\/\/notisnot.com\/es\/tienda\/ropa-laboral\/hosteleria\/pantalones\/pantalon-hombre-vaquero-casdy\/#primaryimage\",\"url\":\"https:\/\/notisnot.com\/wp-content\/uploads\/2025\/04\/780200-839-54.jpg\",\"contentUrl\":\"https:\/\/notisnot.com\/wp-content\/uploads\/2025\/04\/780200-839-54.jpg\",\"width\":1024,\"height\":1024},{\"@type\":\"BreadcrumbList\",\"@id\":\"https:\/\/notisnot.com\/es\/tienda\/ropa-laboral\/hosteleria\/pantalones\/pantalon-hombre-vaquero-casdy\/#breadcrumb\",\"itemListElement\":[{\"@type\":\"ListItem\",\"position\":1,\"name\":\"Home\",\"item\":\"https:\/\/notisnot.com\/\"},{\"@type\":\"ListItem\",\"position\":2,\"name\":\"Tienda\",\"item\":\"https:\/\/notisnot.com\/es\/tienda-woocomerce\/\"},{\"@type\":\"ListItem\",\"position\":3,\"name\":\"Pantalon hombre vaquero casdy\"}]},{\"@type\":\"WebSite\",\"@id\":\"https:\/\/notisnot.com\/#website\",\"url\":\"https:\/\/notisnot.com\/\",\"name\":\"NOT IS NOT\",\"description\":\"\",\"potentialAction\":[{\"@type\":\"SearchAction\",\"target\":{\"@type\":\"EntryPoint\",\"urlTemplate\":\"https:\/\/notisnot.com\/?s={search_term_string}\"},\"query-input\":{\"@type\":\"PropertyValueSpecification\",\"valueRequired\":true,\"valueName\":\"search_term_string\"}}],\"inLanguage\":\"es\"}]}<\/script>\n<!-- \/ Yoast SEO plugin. -->","yoast_head_json":{"title":"Pantalon hombre vaquero casdy - NOT IS NOT","robots":{"index":"index","follow":"follow","max-snippet":"max-snippet:-1","max-image-preview":"max-image-preview:large","max-video-preview":"max-video-preview:-1"},"canonical":"https:\/\/notisnot.com\/es\/tienda\/ropa-laboral\/hosteleria\/pantalones\/pantalon-hombre-vaquero-casdy\/","og_locale":"es_ES","og_type":"article","og_title":"Pantalon hombre vaquero casdy - NOT IS NOT","og_description":"El pantal\u00f3n Casdy est\u00e1 confeccionado en vaquero el\u00e1stico de alta calidad, lo que garantiza una prenda duradera y resistente. Este tejido el\u00e1stico permite una mayor libertad de movimiento, lo que es esencial en un entorno de hosteler\u00eda activo.  El dise\u00f1o de talle alto es tanto elegante como c\u00f3modo. Ayuda a mantener una apariencia profesional mientras se siente c\u00f3modo durante todo el d\u00eda.","og_url":"https:\/\/notisnot.com\/es\/tienda\/ropa-laboral\/hosteleria\/pantalones\/pantalon-hombre-vaquero-casdy\/","og_site_name":"NOT IS NOT","article_publisher":"https:\/\/www.facebook.com\/notisnotofficial\/","article_modified_time":"2025-06-22T12:22:24+00:00","og_image":[{"width":1024,"height":1024,"url":"https:\/\/notisnot.com\/wp-content\/uploads\/2025\/04\/780200-839-54.jpg","type":"image\/jpeg"}],"twitter_card":"summary_large_image","twitter_misc":{"Tiempo de lectura":"2 minutos"},"schema":{"@context":"https:\/\/schema.org","@graph":[{"@type":"WebPage","@id":"https:\/\/notisnot.com\/es\/tienda\/ropa-laboral\/hosteleria\/pantalones\/pantalon-hombre-vaquero-casdy\/","url":"https:\/\/notisnot.com\/es\/tienda\/ropa-laboral\/hosteleria\/pantalones\/pantalon-hombre-vaquero-casdy\/","name":"Pantalon hombre vaquero casdy - NOT IS NOT","isPartOf":{"@id":"https:\/\/notisnot.com\/#website"},"primaryImageOfPage":{"@id":"https:\/\/notisnot.com\/es\/tienda\/ropa-laboral\/hosteleria\/pantalones\/pantalon-hombre-vaquero-casdy\/#primaryimage"},"image":{"@id":"https:\/\/notisnot.com\/es\/tienda\/ropa-laboral\/hosteleria\/pantalones\/pantalon-hombre-vaquero-casdy\/#primaryimage"},"thumbnailUrl":"https:\/\/notisnot.com\/wp-content\/uploads\/2025\/04\/780200-839-54.jpg","datePublished":"2025-04-14T08:18:34+00:00","dateModified":"2025-06-22T12:22:24+00:00","breadcrumb":{"@id":"https:\/\/notisnot.com\/es\/tienda\/ropa-laboral\/hosteleria\/pantalones\/pantalon-hombre-vaquero-casdy\/#breadcrumb"},"inLanguage":"es","potentialAction":[{"@type":"ReadAction","target":["https:\/\/notisnot.com\/es\/tienda\/ropa-laboral\/hosteleria\/pantalones\/pantalon-hombre-vaquero-casdy\/"]}]},{"@type":"ImageObject","inLanguage":"es","@id":"https:\/\/notisnot.com\/es\/tienda\/ropa-laboral\/hosteleria\/pantalones\/pantalon-hombre-vaquero-casdy\/#primaryimage","url":"https:\/\/notisnot.com\/wp-content\/uploads\/2025\/04\/780200-839-54.jpg","contentUrl":"https:\/\/notisnot.com\/wp-content\/uploads\/2025\/04\/780200-839-54.jpg","width":1024,"height":1024},{"@type":"BreadcrumbList","@id":"https:\/\/notisnot.com\/es\/tienda\/ropa-laboral\/hosteleria\/pantalones\/pantalon-hombre-vaquero-casdy\/#breadcrumb","itemListElement":[{"@type":"ListItem","position":1,"name":"Home","item":"https:\/\/notisnot.com\/"},{"@type":"ListItem","position":2,"name":"Tienda","item":"https:\/\/notisnot.com\/es\/tienda-woocomerce\/"},{"@type":"ListItem","position":3,"name":"Pantalon hombre vaquero casdy"}]},{"@type":"WebSite","@id":"https:\/\/notisnot.com\/#website","url":"https:\/\/notisnot.com\/","name":"NOT IS NOT","description":"","potentialAction":[{"@type":"SearchAction","target":{"@type":"EntryPoint","urlTemplate":"https:\/\/notisnot.com\/?s={search_term_string}"},"query-input":{"@type":"PropertyValueSpecification","valueRequired":true,"valueName":"search_term_string"}}],"inLanguage":"es"}]}},"_links":{"self":[{"href":"https:\/\/notisnot.com\/es\/wp-json\/wp\/v2\/product\/310798"}],"collection":[{"href":"https:\/\/notisnot.com\/es\/wp-json\/wp\/v2\/product"}],"about":[{"href":"https:\/\/notisnot.com\/es\/wp-json\/wp\/v2\/types\/product"}],"replies":[{"embeddable":true,"href":"https:\/\/notisnot.com\/es\/wp-json\/wp\/v2\/comments?post=310798"}],"wp:featuredmedia":[{"embeddable":true,"href":"https:\/\/notisnot.com\/es\/wp-json\/wp\/v2\/media\/310799"}],"wp:attachment":[{"href":"https:\/\/notisnot.com\/es\/wp-json\/wp\/v2\/media?parent=310798"}],"wp:term":[{"taxonomy":"product_cat","embeddable":true,"href":"https:\/\/notisnot.com\/es\/wp-json\/wp\/v2\/product_cat?post=310798"},{"taxonomy":"product_tag","embeddable":true,"href":"https:\/\/notisnot.com\/es\/wp-json\/wp\/v2\/product_tag?post=310798"}],"curies":[{"name":"wp","href":"https:\/\/api.w.org\/{rel}","templated":true}]}}