{"id":310240,"date":"2025-04-09T10:38:17","date_gmt":"2025-04-09T10:38:17","guid":{"rendered":"https:\/\/notisnot.com\/?post_type=product&#038;p=310240"},"modified":"2026-02-09T18:29:29","modified_gmt":"2026-02-09T18:29:29","slug":"estola-reversible-tejano-marron","status":"publish","type":"product","link":"https:\/\/notisnot.com\/es\/tienda\/ropa-laboral\/hosteleria\/delantales\/estola-reversible-tejano-marron\/","title":{"rendered":"Estola reversible tejano marr\u00f3n"},"content":{"rendered":"<p><img loading=\"lazy\" decoding=\"async\" class=\"alignnone size-medium wp-image-310242\" src=\"https:\/\/notisnot.com\/wp-content\/uploads\/2025\/04\/8098448_1G-303x453.jpg\" alt=\"\" width=\"303\" height=\"453\" srcset=\"https:\/\/notisnot.com\/wp-content\/uploads\/2025\/04\/8098448_1G-303x453.jpg 303w, https:\/\/notisnot.com\/wp-content\/uploads\/2025\/04\/8098448_1G-220x329.jpg 220w, https:\/\/notisnot.com\/wp-content\/uploads\/2025\/04\/8098448_1G-8x12.jpg 8w, https:\/\/notisnot.com\/wp-content\/uploads\/2025\/04\/8098448_1G-13x20.jpg 13w\" sizes=\"(max-width: 303px) 100vw, 303px\" \/> <img loading=\"lazy\" decoding=\"async\" class=\"alignnone size-medium wp-image-310243\" src=\"https:\/\/notisnot.com\/wp-content\/uploads\/2025\/04\/8098448_2G-303x453.jpg\" alt=\"\" width=\"303\" height=\"453\" srcset=\"https:\/\/notisnot.com\/wp-content\/uploads\/2025\/04\/8098448_2G-303x453.jpg 303w, https:\/\/notisnot.com\/wp-content\/uploads\/2025\/04\/8098448_2G-220x329.jpg 220w, https:\/\/notisnot.com\/wp-content\/uploads\/2025\/04\/8098448_2G-8x12.jpg 8w, https:\/\/notisnot.com\/wp-content\/uploads\/2025\/04\/8098448_2G-13x20.jpg 13w\" sizes=\"(max-width: 303px) 100vw, 303px\" \/> <img loading=\"lazy\" decoding=\"async\" class=\"alignnone size-medium wp-image-310244\" src=\"https:\/\/notisnot.com\/wp-content\/uploads\/2025\/04\/8098448_3G-303x453.jpg\" alt=\"\" width=\"303\" height=\"453\" srcset=\"https:\/\/notisnot.com\/wp-content\/uploads\/2025\/04\/8098448_3G-303x453.jpg 303w, https:\/\/notisnot.com\/wp-content\/uploads\/2025\/04\/8098448_3G-220x329.jpg 220w, https:\/\/notisnot.com\/wp-content\/uploads\/2025\/04\/8098448_3G-8x12.jpg 8w, https:\/\/notisnot.com\/wp-content\/uploads\/2025\/04\/8098448_3G-13x20.jpg 13w\" sizes=\"(max-width: 303px) 100vw, 303px\" \/> <img loading=\"lazy\" decoding=\"async\" class=\"alignnone size-medium wp-image-310245\" src=\"https:\/\/notisnot.com\/wp-content\/uploads\/2025\/04\/Captura-de-pantalla-2025-04-09-123446-1-303x451.png\" alt=\"\" width=\"303\" height=\"451\" srcset=\"https:\/\/notisnot.com\/wp-content\/uploads\/2025\/04\/Captura-de-pantalla-2025-04-09-123446-1-303x451.png 303w, https:\/\/notisnot.com\/wp-content\/uploads\/2025\/04\/Captura-de-pantalla-2025-04-09-123446-1-91x135.png 91w, https:\/\/notisnot.com\/wp-content\/uploads\/2025\/04\/Captura-de-pantalla-2025-04-09-123446-1-600x893.png 600w, https:\/\/notisnot.com\/wp-content\/uploads\/2025\/04\/Captura-de-pantalla-2025-04-09-123446-1-505x753.png 505w, https:\/\/notisnot.com\/wp-content\/uploads\/2025\/04\/Captura-de-pantalla-2025-04-09-123446-1-8x12.png 8w, https:\/\/notisnot.com\/wp-content\/uploads\/2025\/04\/Captura-de-pantalla-2025-04-09-123446-1.png 688w\" sizes=\"(max-width: 303px) 100vw, 303px\" \/><\/p>","protected":false},"excerpt":{"rendered":"<p>Estola reversible fabricada en tejano marr\u00f3n oscuro en el anverso y marr\u00f3n claro en el reverso. Vivos en tonos ocre y beige. Amplio bolsillo. Cruzada por la espalda. 100% algod\u00f3n.Largo:88 cm. Disponible en 2 tallas ,talla M que( adaptable de la SP a G) y la talla SG ( SG a XG). Ideal para comercios, cafeter\u00edas, tiendas de alimentaci\u00f3n, bares y restauraci\u00f3n en general.<\/p>","protected":false},"featured_media":315488,"comment_status":"open","ping_status":"closed","template":"","meta":{"_acf_changed":false},"product_cat":[512],"product_tag":[],"class_list":{"0":"post-310240","1":"product","2":"type-product","3":"status-publish","4":"has-post-thumbnail","6":"product_cat-delantales","7":"pa_color-marron-claro","8":"pa_color-marron-oscuro","9":"pa_tallaropa-m","10":"pa_tallaropa-xl","12":"first","13":"instock","14":"taxable","15":"shipping-taxable","16":"purchasable","17":"product-type-simple"},"acf":[],"yoast_head":"<!-- This site is optimized with the Yoast SEO plugin v23.4 - https:\/\/yoast.com\/wordpress\/plugins\/seo\/ -->\n<title>Estola reversible tejano marr\u00f3n - NOT IS NOT<\/title>\n<meta name=\"robots\" content=\"index, follow, max-snippet:-1, max-image-preview:large, max-video-preview:-1\" \/>\n<link rel=\"canonical\" href=\"https:\/\/notisnot.com\/es\/tienda\/ropa-laboral\/hosteleria\/delantales\/estola-reversible-tejano-marron\/\" \/>\n<meta property=\"og:locale\" content=\"es_ES\" \/>\n<meta property=\"og:type\" content=\"article\" \/>\n<meta property=\"og:title\" content=\"Estola reversible tejano marr\u00f3n - NOT IS NOT\" \/>\n<meta property=\"og:description\" content=\"Estola reversible fabricada en tejano marr\u00f3n oscuro en el anverso y marr\u00f3n claro en el reverso. Vivos en tonos ocre y beige. Amplio bolsillo. Cruzada por la espalda. 100% algod\u00f3n.Largo:88 cm. Disponible en 2 tallas ,talla M que( adaptable de la SP a G) y la talla SG ( SG a XG). Ideal para comercios, cafeter\u00edas, tiendas de alimentaci\u00f3n, bares y restauraci\u00f3n en general.\" \/>\n<meta property=\"og:url\" content=\"https:\/\/notisnot.com\/es\/tienda\/ropa-laboral\/hosteleria\/delantales\/estola-reversible-tejano-marron\/\" \/>\n<meta property=\"og:site_name\" content=\"NOT IS NOT\" \/>\n<meta property=\"article:publisher\" content=\"https:\/\/www.facebook.com\/notisnotofficial\/\" \/>\n<meta property=\"article:modified_time\" content=\"2026-02-09T18:29:29+00:00\" \/>\n<meta property=\"og:image\" content=\"https:\/\/notisnot.com\/wp-content\/uploads\/2025\/04\/estola-reversible-tejano-marron.png\" \/>\n\t<meta property=\"og:image:width\" content=\"911\" \/>\n\t<meta property=\"og:image:height\" content=\"907\" \/>\n\t<meta property=\"og:image:type\" content=\"image\/png\" \/>\n<meta name=\"twitter:card\" content=\"summary_large_image\" \/>\n<meta name=\"twitter:label1\" content=\"Tiempo de lectura\" \/>\n\t<meta name=\"twitter:data1\" content=\"1 minuto\" \/>\n<script type=\"application\/ld+json\" class=\"yoast-schema-graph\">{\"@context\":\"https:\/\/schema.org\",\"@graph\":[{\"@type\":\"WebPage\",\"@id\":\"https:\/\/notisnot.com\/es\/tienda\/ropa-laboral\/hosteleria\/delantales\/estola-reversible-tejano-marron\/\",\"url\":\"https:\/\/notisnot.com\/es\/tienda\/ropa-laboral\/hosteleria\/delantales\/estola-reversible-tejano-marron\/\",\"name\":\"Estola reversible tejano marr\u00f3n - NOT IS NOT\",\"isPartOf\":{\"@id\":\"http:\/\/notisnot.com\/#website\"},\"primaryImageOfPage\":{\"@id\":\"https:\/\/notisnot.com\/es\/tienda\/ropa-laboral\/hosteleria\/delantales\/estola-reversible-tejano-marron\/#primaryimage\"},\"image\":{\"@id\":\"https:\/\/notisnot.com\/es\/tienda\/ropa-laboral\/hosteleria\/delantales\/estola-reversible-tejano-marron\/#primaryimage\"},\"thumbnailUrl\":\"https:\/\/notisnot.com\/wp-content\/uploads\/2025\/04\/estola-reversible-tejano-marron.png\",\"datePublished\":\"2025-04-09T10:38:17+00:00\",\"dateModified\":\"2026-02-09T18:29:29+00:00\",\"breadcrumb\":{\"@id\":\"https:\/\/notisnot.com\/es\/tienda\/ropa-laboral\/hosteleria\/delantales\/estola-reversible-tejano-marron\/#breadcrumb\"},\"inLanguage\":\"es\",\"potentialAction\":[{\"@type\":\"ReadAction\",\"target\":[\"https:\/\/notisnot.com\/es\/tienda\/ropa-laboral\/hosteleria\/delantales\/estola-reversible-tejano-marron\/\"]}]},{\"@type\":\"ImageObject\",\"inLanguage\":\"es\",\"@id\":\"https:\/\/notisnot.com\/es\/tienda\/ropa-laboral\/hosteleria\/delantales\/estola-reversible-tejano-marron\/#primaryimage\",\"url\":\"https:\/\/notisnot.com\/wp-content\/uploads\/2025\/04\/estola-reversible-tejano-marron.png\",\"contentUrl\":\"https:\/\/notisnot.com\/wp-content\/uploads\/2025\/04\/estola-reversible-tejano-marron.png\",\"width\":911,\"height\":907},{\"@type\":\"BreadcrumbList\",\"@id\":\"https:\/\/notisnot.com\/es\/tienda\/ropa-laboral\/hosteleria\/delantales\/estola-reversible-tejano-marron\/#breadcrumb\",\"itemListElement\":[{\"@type\":\"ListItem\",\"position\":1,\"name\":\"Home\",\"item\":\"http:\/\/notisnot.com\/\"},{\"@type\":\"ListItem\",\"position\":2,\"name\":\"Tienda\",\"item\":\"https:\/\/notisnot.com\/es\/tienda-woocomerce\/\"},{\"@type\":\"ListItem\",\"position\":3,\"name\":\"Estola reversible tejano marr\u00f3n\"}]},{\"@type\":\"WebSite\",\"@id\":\"http:\/\/notisnot.com\/#website\",\"url\":\"http:\/\/notisnot.com\/\",\"name\":\"NOT IS NOT\",\"description\":\"\",\"potentialAction\":[{\"@type\":\"SearchAction\",\"target\":{\"@type\":\"EntryPoint\",\"urlTemplate\":\"http:\/\/notisnot.com\/?s={search_term_string}\"},\"query-input\":{\"@type\":\"PropertyValueSpecification\",\"valueRequired\":true,\"valueName\":\"search_term_string\"}}],\"inLanguage\":\"es\"}]}<\/script>\n<!-- \/ Yoast SEO plugin. -->","yoast_head_json":{"title":"Estola reversible tejano marr\u00f3n - NOT IS NOT","robots":{"index":"index","follow":"follow","max-snippet":"max-snippet:-1","max-image-preview":"max-image-preview:large","max-video-preview":"max-video-preview:-1"},"canonical":"https:\/\/notisnot.com\/es\/tienda\/ropa-laboral\/hosteleria\/delantales\/estola-reversible-tejano-marron\/","og_locale":"es_ES","og_type":"article","og_title":"Estola reversible tejano marr\u00f3n - NOT IS NOT","og_description":"Estola reversible fabricada en tejano marr\u00f3n oscuro en el anverso y marr\u00f3n claro en el reverso. Vivos en tonos ocre y beige. Amplio bolsillo. Cruzada por la espalda. 100% algod\u00f3n.Largo:88 cm. Disponible en 2 tallas ,talla M que( adaptable de la SP a G) y la talla SG ( SG a XG). Ideal para comercios, cafeter\u00edas, tiendas de alimentaci\u00f3n, bares y restauraci\u00f3n en general.","og_url":"https:\/\/notisnot.com\/es\/tienda\/ropa-laboral\/hosteleria\/delantales\/estola-reversible-tejano-marron\/","og_site_name":"NOT IS NOT","article_publisher":"https:\/\/www.facebook.com\/notisnotofficial\/","article_modified_time":"2026-02-09T18:29:29+00:00","og_image":[{"width":911,"height":907,"url":"https:\/\/notisnot.com\/wp-content\/uploads\/2025\/04\/estola-reversible-tejano-marron.png","type":"image\/png"}],"twitter_card":"summary_large_image","twitter_misc":{"Tiempo de lectura":"1 minuto"},"schema":{"@context":"https:\/\/schema.org","@graph":[{"@type":"WebPage","@id":"https:\/\/notisnot.com\/es\/tienda\/ropa-laboral\/hosteleria\/delantales\/estola-reversible-tejano-marron\/","url":"https:\/\/notisnot.com\/es\/tienda\/ropa-laboral\/hosteleria\/delantales\/estola-reversible-tejano-marron\/","name":"Estola reversible tejano marr\u00f3n - NOT IS NOT","isPartOf":{"@id":"http:\/\/notisnot.com\/#website"},"primaryImageOfPage":{"@id":"https:\/\/notisnot.com\/es\/tienda\/ropa-laboral\/hosteleria\/delantales\/estola-reversible-tejano-marron\/#primaryimage"},"image":{"@id":"https:\/\/notisnot.com\/es\/tienda\/ropa-laboral\/hosteleria\/delantales\/estola-reversible-tejano-marron\/#primaryimage"},"thumbnailUrl":"https:\/\/notisnot.com\/wp-content\/uploads\/2025\/04\/estola-reversible-tejano-marron.png","datePublished":"2025-04-09T10:38:17+00:00","dateModified":"2026-02-09T18:29:29+00:00","breadcrumb":{"@id":"https:\/\/notisnot.com\/es\/tienda\/ropa-laboral\/hosteleria\/delantales\/estola-reversible-tejano-marron\/#breadcrumb"},"inLanguage":"es","potentialAction":[{"@type":"ReadAction","target":["https:\/\/notisnot.com\/es\/tienda\/ropa-laboral\/hosteleria\/delantales\/estola-reversible-tejano-marron\/"]}]},{"@type":"ImageObject","inLanguage":"es","@id":"https:\/\/notisnot.com\/es\/tienda\/ropa-laboral\/hosteleria\/delantales\/estola-reversible-tejano-marron\/#primaryimage","url":"https:\/\/notisnot.com\/wp-content\/uploads\/2025\/04\/estola-reversible-tejano-marron.png","contentUrl":"https:\/\/notisnot.com\/wp-content\/uploads\/2025\/04\/estola-reversible-tejano-marron.png","width":911,"height":907},{"@type":"BreadcrumbList","@id":"https:\/\/notisnot.com\/es\/tienda\/ropa-laboral\/hosteleria\/delantales\/estola-reversible-tejano-marron\/#breadcrumb","itemListElement":[{"@type":"ListItem","position":1,"name":"Home","item":"http:\/\/notisnot.com\/"},{"@type":"ListItem","position":2,"name":"Tienda","item":"https:\/\/notisnot.com\/es\/tienda-woocomerce\/"},{"@type":"ListItem","position":3,"name":"Estola reversible tejano marr\u00f3n"}]},{"@type":"WebSite","@id":"http:\/\/notisnot.com\/#website","url":"http:\/\/notisnot.com\/","name":"NOT IS NOT","description":"","potentialAction":[{"@type":"SearchAction","target":{"@type":"EntryPoint","urlTemplate":"http:\/\/notisnot.com\/?s={search_term_string}"},"query-input":{"@type":"PropertyValueSpecification","valueRequired":true,"valueName":"search_term_string"}}],"inLanguage":"es"}]}},"_links":{"self":[{"href":"https:\/\/notisnot.com\/es\/wp-json\/wp\/v2\/product\/310240"}],"collection":[{"href":"https:\/\/notisnot.com\/es\/wp-json\/wp\/v2\/product"}],"about":[{"href":"https:\/\/notisnot.com\/es\/wp-json\/wp\/v2\/types\/product"}],"replies":[{"embeddable":true,"href":"https:\/\/notisnot.com\/es\/wp-json\/wp\/v2\/comments?post=310240"}],"wp:featuredmedia":[{"embeddable":true,"href":"https:\/\/notisnot.com\/es\/wp-json\/wp\/v2\/media\/315488"}],"wp:attachment":[{"href":"https:\/\/notisnot.com\/es\/wp-json\/wp\/v2\/media?parent=310240"}],"wp:term":[{"taxonomy":"product_cat","embeddable":true,"href":"https:\/\/notisnot.com\/es\/wp-json\/wp\/v2\/product_cat?post=310240"},{"taxonomy":"product_tag","embeddable":true,"href":"https:\/\/notisnot.com\/es\/wp-json\/wp\/v2\/product_tag?post=310240"}],"curies":[{"name":"wp","href":"https:\/\/api.w.org\/{rel}","templated":true}]}}