{"id":310236,"date":"2025-04-09T10:33:06","date_gmt":"2025-04-09T10:33:06","guid":{"rendered":"https:\/\/notisnot.com\/?post_type=product&#038;p=310236"},"modified":"2025-06-19T17:10:45","modified_gmt":"2025-06-19T17:10:45","slug":"delantal-denim-negro-peto-cuadro-naranja","status":"publish","type":"product","link":"https:\/\/notisnot.com\/es\/tienda\/ropa-laboral\/hosteleria\/delantales\/delantal-denim-negro-peto-cuadro-naranja\/","title":{"rendered":"Delantal denim negro peto cuadro naranja"},"content":{"rendered":"<p><img loading=\"lazy\" decoding=\"async\" class=\"alignnone size-medium wp-image-310237\" src=\"https:\/\/notisnot.com\/wp-content\/uploads\/2025\/04\/8968516_1G-303x453.jpg\" alt=\"\" width=\"303\" height=\"453\" srcset=\"https:\/\/notisnot.com\/wp-content\/uploads\/2025\/04\/8968516_1G-303x453.jpg 303w, https:\/\/notisnot.com\/wp-content\/uploads\/2025\/04\/8968516_1G-220x329.jpg 220w, https:\/\/notisnot.com\/wp-content\/uploads\/2025\/04\/8968516_1G-8x12.jpg 8w, https:\/\/notisnot.com\/wp-content\/uploads\/2025\/04\/8968516_1G-13x20.jpg 13w\" sizes=\"(max-width: 303px) 100vw, 303px\" \/> <img loading=\"lazy\" decoding=\"async\" class=\"alignnone size-medium wp-image-310238\" src=\"https:\/\/notisnot.com\/wp-content\/uploads\/2025\/04\/fotos-articles-davantals-303x429.png\" alt=\"\" width=\"303\" height=\"429\" \/><\/p>","protected":false},"excerpt":{"rendered":"<section class=\"section product-page-foot product-page-foot-02\" data-module=\"productPageFoot02\">\n<div class=\"container\">\n<div id=\"product-long-description\" class=\"product-foot-content\">\n<div class=\"inset clearfix\">\n<div class=\"html-output\">Delantal con peto fabricado en tejano negro con contraste naranja en linea vertical y tirante. Tirante con hebilla regulable con dos corchetes. Amplio bolsillo divisorio combinado con contraste en cuadro naranja fluor. Trabilla a la altura del bolsillo para colgar el trapo. Talla: \u00daNICA. Largo 88 cm x 75 cm ancho.Propuestas: bares, terrazas, cafeter\u00edas, comercios y restauraci\u00f3n en general.<\/div>\n<\/div>\n<\/div>\n<\/div>\n<\/section>\n<section class=\"module module-products-slider module-products-slider-01 module-products-slider-01-lock module-js-init\" data-module=\"productsSlider01\">\n<div class=\"container\">\n<div class=\"header-slider\">\n<div class=\"module-title-wrap\"><\/div>\n<\/div>\n<\/div>\n<\/section>","protected":false},"featured_media":310238,"comment_status":"open","ping_status":"closed","template":"","meta":{"_acf_changed":false},"product_cat":[512],"product_tag":[],"class_list":{"0":"post-310236","1":"product","2":"type-product","3":"status-publish","4":"has-post-thumbnail","6":"product_cat-delantales","7":"pa_color-tejano-negro","8":"pa_tallaropa-talla-unica","10":"first","11":"instock","12":"taxable","13":"shipping-taxable","14":"purchasable","15":"product-type-variable"},"acf":[],"yoast_head":"<!-- This site is optimized with the Yoast SEO plugin v23.4 - https:\/\/yoast.com\/wordpress\/plugins\/seo\/ -->\n<title>Delantal denim negro peto cuadro naranja - NOT IS NOT<\/title>\n<meta name=\"robots\" content=\"index, follow, max-snippet:-1, max-image-preview:large, max-video-preview:-1\" \/>\n<link rel=\"canonical\" href=\"https:\/\/notisnot.com\/es\/tienda\/ropa-laboral\/hosteleria\/delantales\/delantal-denim-negro-peto-cuadro-naranja\/\" \/>\n<meta property=\"og:locale\" content=\"es_ES\" \/>\n<meta property=\"og:type\" content=\"article\" \/>\n<meta property=\"og:title\" content=\"Delantal denim negro peto cuadro naranja - NOT IS NOT\" \/>\n<meta property=\"og:description\" content=\"Delantal con peto fabricado en tejano negro con contraste naranja en linea vertical y tirante. Tirante con hebilla regulable con dos corchetes. Amplio bolsillo divisorio combinado con contraste en cuadro naranja fluor. Trabilla a la altura del bolsillo para colgar el trapo. Talla: \u00daNICA. Largo 88 cm x 75 cm ancho.Propuestas: bares, terrazas, cafeter\u00edas, comercios y restauraci\u00f3n en general.\" \/>\n<meta property=\"og:url\" content=\"https:\/\/notisnot.com\/es\/tienda\/ropa-laboral\/hosteleria\/delantales\/delantal-denim-negro-peto-cuadro-naranja\/\" \/>\n<meta property=\"og:site_name\" content=\"NOT IS NOT\" \/>\n<meta property=\"article:publisher\" content=\"https:\/\/www.facebook.com\/notisnotofficial\/\" \/>\n<meta property=\"article:modified_time\" content=\"2025-06-19T17:10:45+00:00\" \/>\n<meta property=\"og:image\" content=\"https:\/\/notisnot.com\/wp-content\/uploads\/2025\/04\/fotos-articles-davantals-e1744194656365.png\" \/>\n\t<meta property=\"og:image:width\" content=\"1190\" \/>\n\t<meta property=\"og:image:height\" content=\"1793\" \/>\n\t<meta property=\"og:image:type\" content=\"image\/png\" \/>\n<meta name=\"twitter:card\" content=\"summary_large_image\" \/>\n<meta name=\"twitter:label1\" content=\"Tiempo de lectura\" \/>\n\t<meta name=\"twitter:data1\" content=\"1 minuto\" \/>\n<script type=\"application\/ld+json\" class=\"yoast-schema-graph\">{\"@context\":\"https:\/\/schema.org\",\"@graph\":[{\"@type\":\"WebPage\",\"@id\":\"https:\/\/notisnot.com\/es\/tienda\/ropa-laboral\/hosteleria\/delantales\/delantal-denim-negro-peto-cuadro-naranja\/\",\"url\":\"https:\/\/notisnot.com\/es\/tienda\/ropa-laboral\/hosteleria\/delantales\/delantal-denim-negro-peto-cuadro-naranja\/\",\"name\":\"Delantal denim negro peto cuadro naranja - NOT IS NOT\",\"isPartOf\":{\"@id\":\"http:\/\/notisnot.com\/#website\"},\"primaryImageOfPage\":{\"@id\":\"https:\/\/notisnot.com\/es\/tienda\/ropa-laboral\/hosteleria\/delantales\/delantal-denim-negro-peto-cuadro-naranja\/#primaryimage\"},\"image\":{\"@id\":\"https:\/\/notisnot.com\/es\/tienda\/ropa-laboral\/hosteleria\/delantales\/delantal-denim-negro-peto-cuadro-naranja\/#primaryimage\"},\"thumbnailUrl\":\"https:\/\/notisnot.com\/wp-content\/uploads\/2025\/04\/fotos-articles-davantals-e1744194656365.png\",\"datePublished\":\"2025-04-09T10:33:06+00:00\",\"dateModified\":\"2025-06-19T17:10:45+00:00\",\"breadcrumb\":{\"@id\":\"https:\/\/notisnot.com\/es\/tienda\/ropa-laboral\/hosteleria\/delantales\/delantal-denim-negro-peto-cuadro-naranja\/#breadcrumb\"},\"inLanguage\":\"es\",\"potentialAction\":[{\"@type\":\"ReadAction\",\"target\":[\"https:\/\/notisnot.com\/es\/tienda\/ropa-laboral\/hosteleria\/delantales\/delantal-denim-negro-peto-cuadro-naranja\/\"]}]},{\"@type\":\"ImageObject\",\"inLanguage\":\"es\",\"@id\":\"https:\/\/notisnot.com\/es\/tienda\/ropa-laboral\/hosteleria\/delantales\/delantal-denim-negro-peto-cuadro-naranja\/#primaryimage\",\"url\":\"https:\/\/notisnot.com\/wp-content\/uploads\/2025\/04\/fotos-articles-davantals-e1744194656365.png\",\"contentUrl\":\"https:\/\/notisnot.com\/wp-content\/uploads\/2025\/04\/fotos-articles-davantals-e1744194656365.png\",\"width\":1190,\"height\":1793},{\"@type\":\"BreadcrumbList\",\"@id\":\"https:\/\/notisnot.com\/es\/tienda\/ropa-laboral\/hosteleria\/delantales\/delantal-denim-negro-peto-cuadro-naranja\/#breadcrumb\",\"itemListElement\":[{\"@type\":\"ListItem\",\"position\":1,\"name\":\"Home\",\"item\":\"http:\/\/notisnot.com\/\"},{\"@type\":\"ListItem\",\"position\":2,\"name\":\"Tienda\",\"item\":\"https:\/\/notisnot.com\/es\/tienda-woocomerce\/\"},{\"@type\":\"ListItem\",\"position\":3,\"name\":\"Delantal denim negro peto cuadro naranja\"}]},{\"@type\":\"WebSite\",\"@id\":\"http:\/\/notisnot.com\/#website\",\"url\":\"http:\/\/notisnot.com\/\",\"name\":\"NOT IS NOT\",\"description\":\"\",\"potentialAction\":[{\"@type\":\"SearchAction\",\"target\":{\"@type\":\"EntryPoint\",\"urlTemplate\":\"http:\/\/notisnot.com\/?s={search_term_string}\"},\"query-input\":{\"@type\":\"PropertyValueSpecification\",\"valueRequired\":true,\"valueName\":\"search_term_string\"}}],\"inLanguage\":\"es\"}]}<\/script>\n<!-- \/ Yoast SEO plugin. -->","yoast_head_json":{"title":"Delantal denim negro peto cuadro naranja - NOT IS NOT","robots":{"index":"index","follow":"follow","max-snippet":"max-snippet:-1","max-image-preview":"max-image-preview:large","max-video-preview":"max-video-preview:-1"},"canonical":"https:\/\/notisnot.com\/es\/tienda\/ropa-laboral\/hosteleria\/delantales\/delantal-denim-negro-peto-cuadro-naranja\/","og_locale":"es_ES","og_type":"article","og_title":"Delantal denim negro peto cuadro naranja - NOT IS NOT","og_description":"Delantal con peto fabricado en tejano negro con contraste naranja en linea vertical y tirante. Tirante con hebilla regulable con dos corchetes. Amplio bolsillo divisorio combinado con contraste en cuadro naranja fluor. Trabilla a la altura del bolsillo para colgar el trapo. Talla: \u00daNICA. Largo 88 cm x 75 cm ancho.Propuestas: bares, terrazas, cafeter\u00edas, comercios y restauraci\u00f3n en general.","og_url":"https:\/\/notisnot.com\/es\/tienda\/ropa-laboral\/hosteleria\/delantales\/delantal-denim-negro-peto-cuadro-naranja\/","og_site_name":"NOT IS NOT","article_publisher":"https:\/\/www.facebook.com\/notisnotofficial\/","article_modified_time":"2025-06-19T17:10:45+00:00","og_image":[{"width":1190,"height":1793,"url":"https:\/\/notisnot.com\/wp-content\/uploads\/2025\/04\/fotos-articles-davantals-e1744194656365.png","type":"image\/png"}],"twitter_card":"summary_large_image","twitter_misc":{"Tiempo de lectura":"1 minuto"},"schema":{"@context":"https:\/\/schema.org","@graph":[{"@type":"WebPage","@id":"https:\/\/notisnot.com\/es\/tienda\/ropa-laboral\/hosteleria\/delantales\/delantal-denim-negro-peto-cuadro-naranja\/","url":"https:\/\/notisnot.com\/es\/tienda\/ropa-laboral\/hosteleria\/delantales\/delantal-denim-negro-peto-cuadro-naranja\/","name":"Delantal denim negro peto cuadro naranja - NOT IS NOT","isPartOf":{"@id":"http:\/\/notisnot.com\/#website"},"primaryImageOfPage":{"@id":"https:\/\/notisnot.com\/es\/tienda\/ropa-laboral\/hosteleria\/delantales\/delantal-denim-negro-peto-cuadro-naranja\/#primaryimage"},"image":{"@id":"https:\/\/notisnot.com\/es\/tienda\/ropa-laboral\/hosteleria\/delantales\/delantal-denim-negro-peto-cuadro-naranja\/#primaryimage"},"thumbnailUrl":"https:\/\/notisnot.com\/wp-content\/uploads\/2025\/04\/fotos-articles-davantals-e1744194656365.png","datePublished":"2025-04-09T10:33:06+00:00","dateModified":"2025-06-19T17:10:45+00:00","breadcrumb":{"@id":"https:\/\/notisnot.com\/es\/tienda\/ropa-laboral\/hosteleria\/delantales\/delantal-denim-negro-peto-cuadro-naranja\/#breadcrumb"},"inLanguage":"es","potentialAction":[{"@type":"ReadAction","target":["https:\/\/notisnot.com\/es\/tienda\/ropa-laboral\/hosteleria\/delantales\/delantal-denim-negro-peto-cuadro-naranja\/"]}]},{"@type":"ImageObject","inLanguage":"es","@id":"https:\/\/notisnot.com\/es\/tienda\/ropa-laboral\/hosteleria\/delantales\/delantal-denim-negro-peto-cuadro-naranja\/#primaryimage","url":"https:\/\/notisnot.com\/wp-content\/uploads\/2025\/04\/fotos-articles-davantals-e1744194656365.png","contentUrl":"https:\/\/notisnot.com\/wp-content\/uploads\/2025\/04\/fotos-articles-davantals-e1744194656365.png","width":1190,"height":1793},{"@type":"BreadcrumbList","@id":"https:\/\/notisnot.com\/es\/tienda\/ropa-laboral\/hosteleria\/delantales\/delantal-denim-negro-peto-cuadro-naranja\/#breadcrumb","itemListElement":[{"@type":"ListItem","position":1,"name":"Home","item":"http:\/\/notisnot.com\/"},{"@type":"ListItem","position":2,"name":"Tienda","item":"https:\/\/notisnot.com\/es\/tienda-woocomerce\/"},{"@type":"ListItem","position":3,"name":"Delantal denim negro peto cuadro naranja"}]},{"@type":"WebSite","@id":"http:\/\/notisnot.com\/#website","url":"http:\/\/notisnot.com\/","name":"NOT IS NOT","description":"","potentialAction":[{"@type":"SearchAction","target":{"@type":"EntryPoint","urlTemplate":"http:\/\/notisnot.com\/?s={search_term_string}"},"query-input":{"@type":"PropertyValueSpecification","valueRequired":true,"valueName":"search_term_string"}}],"inLanguage":"es"}]}},"_links":{"self":[{"href":"https:\/\/notisnot.com\/es\/wp-json\/wp\/v2\/product\/310236"}],"collection":[{"href":"https:\/\/notisnot.com\/es\/wp-json\/wp\/v2\/product"}],"about":[{"href":"https:\/\/notisnot.com\/es\/wp-json\/wp\/v2\/types\/product"}],"replies":[{"embeddable":true,"href":"https:\/\/notisnot.com\/es\/wp-json\/wp\/v2\/comments?post=310236"}],"wp:featuredmedia":[{"embeddable":true,"href":"https:\/\/notisnot.com\/es\/wp-json\/wp\/v2\/media\/310238"}],"wp:attachment":[{"href":"https:\/\/notisnot.com\/es\/wp-json\/wp\/v2\/media?parent=310236"}],"wp:term":[{"taxonomy":"product_cat","embeddable":true,"href":"https:\/\/notisnot.com\/es\/wp-json\/wp\/v2\/product_cat?post=310236"},{"taxonomy":"product_tag","embeddable":true,"href":"https:\/\/notisnot.com\/es\/wp-json\/wp\/v2\/product_tag?post=310236"}],"curies":[{"name":"wp","href":"https:\/\/api.w.org\/{rel}","templated":true}]}}