{"id":308590,"date":"2025-04-02T10:45:23","date_gmt":"2025-04-02T10:45:23","guid":{"rendered":"https:\/\/notisnot.com\/?post_type=product&#038;p=308590"},"modified":"2025-06-23T10:27:00","modified_gmt":"2025-06-23T10:27:00","slug":"blusa-mujer-corcega","status":"publish","type":"product","link":"https:\/\/notisnot.com\/es\/tienda\/ropa-laboral\/perruqueria-spa-i-cosmetica\/blusa-mujer-corcega\/","title":{"rendered":"Blusa mujer corcega"},"content":{"rendered":"<p><img loading=\"lazy\" decoding=\"async\" class=\"alignnone size-medium wp-image-308591\" src=\"https:\/\/notisnot.com\/wp-content\/uploads\/2025\/04\/Captura-de-pantalla-2025-04-02-124236-303x303.png\" alt=\"\" width=\"303\" height=\"303\" srcset=\"https:\/\/notisnot.com\/wp-content\/uploads\/2025\/04\/Captura-de-pantalla-2025-04-02-124236-303x303.png 303w, https:\/\/notisnot.com\/wp-content\/uploads\/2025\/04\/Captura-de-pantalla-2025-04-02-124236-505x504.png 505w, https:\/\/notisnot.com\/wp-content\/uploads\/2025\/04\/Captura-de-pantalla-2025-04-02-124236-768x767.png 768w, https:\/\/notisnot.com\/wp-content\/uploads\/2025\/04\/Captura-de-pantalla-2025-04-02-124236-12x12.png 12w, https:\/\/notisnot.com\/wp-content\/uploads\/2025\/04\/Captura-de-pantalla-2025-04-02-124236-20x20.png 20w, https:\/\/notisnot.com\/wp-content\/uploads\/2025\/04\/Captura-de-pantalla-2025-04-02-124236-600x599.png 600w, https:\/\/notisnot.com\/wp-content\/uploads\/2025\/04\/Captura-de-pantalla-2025-04-02-124236-91x91.png 91w, https:\/\/notisnot.com\/wp-content\/uploads\/2025\/04\/Captura-de-pantalla-2025-04-02-124236-50x50.png 50w, https:\/\/notisnot.com\/wp-content\/uploads\/2025\/04\/Captura-de-pantalla-2025-04-02-124236-100x100.png 100w, https:\/\/notisnot.com\/wp-content\/uploads\/2025\/04\/Captura-de-pantalla-2025-04-02-124236.png 905w\" sizes=\"(max-width: 303px) 100vw, 303px\" \/> <img loading=\"lazy\" decoding=\"async\" class=\"alignnone size-medium wp-image-308592\" src=\"https:\/\/notisnot.com\/wp-content\/uploads\/2025\/04\/Captura-de-pantalla-2025-04-02-124244-303x302.png\" alt=\"\" width=\"303\" height=\"302\" srcset=\"https:\/\/notisnot.com\/wp-content\/uploads\/2025\/04\/Captura-de-pantalla-2025-04-02-124244-303x302.png 303w, https:\/\/notisnot.com\/wp-content\/uploads\/2025\/04\/Captura-de-pantalla-2025-04-02-124244-505x504.png 505w, https:\/\/notisnot.com\/wp-content\/uploads\/2025\/04\/Captura-de-pantalla-2025-04-02-124244-768x766.png 768w, https:\/\/notisnot.com\/wp-content\/uploads\/2025\/04\/Captura-de-pantalla-2025-04-02-124244-12x12.png 12w, https:\/\/notisnot.com\/wp-content\/uploads\/2025\/04\/Captura-de-pantalla-2025-04-02-124244-20x20.png 20w, https:\/\/notisnot.com\/wp-content\/uploads\/2025\/04\/Captura-de-pantalla-2025-04-02-124244-600x599.png 600w, https:\/\/notisnot.com\/wp-content\/uploads\/2025\/04\/Captura-de-pantalla-2025-04-02-124244-91x91.png 91w, https:\/\/notisnot.com\/wp-content\/uploads\/2025\/04\/Captura-de-pantalla-2025-04-02-124244-50x50.png 50w, https:\/\/notisnot.com\/wp-content\/uploads\/2025\/04\/Captura-de-pantalla-2025-04-02-124244-100x100.png 100w, https:\/\/notisnot.com\/wp-content\/uploads\/2025\/04\/Captura-de-pantalla-2025-04-02-124244.png 907w\" sizes=\"(max-width: 303px) 100vw, 303px\" \/> <img loading=\"lazy\" decoding=\"async\" class=\"alignnone size-medium wp-image-308593\" src=\"https:\/\/notisnot.com\/wp-content\/uploads\/2025\/04\/Captura-de-pantalla-2025-04-02-124303-303x302.png\" alt=\"\" width=\"303\" height=\"302\" srcset=\"https:\/\/notisnot.com\/wp-content\/uploads\/2025\/04\/Captura-de-pantalla-2025-04-02-124303-303x302.png 303w, https:\/\/notisnot.com\/wp-content\/uploads\/2025\/04\/Captura-de-pantalla-2025-04-02-124303-505x504.png 505w, https:\/\/notisnot.com\/wp-content\/uploads\/2025\/04\/Captura-de-pantalla-2025-04-02-124303-768x766.png 768w, https:\/\/notisnot.com\/wp-content\/uploads\/2025\/04\/Captura-de-pantalla-2025-04-02-124303-12x12.png 12w, https:\/\/notisnot.com\/wp-content\/uploads\/2025\/04\/Captura-de-pantalla-2025-04-02-124303-20x20.png 20w, https:\/\/notisnot.com\/wp-content\/uploads\/2025\/04\/Captura-de-pantalla-2025-04-02-124303-600x599.png 600w, https:\/\/notisnot.com\/wp-content\/uploads\/2025\/04\/Captura-de-pantalla-2025-04-02-124303-91x91.png 91w, https:\/\/notisnot.com\/wp-content\/uploads\/2025\/04\/Captura-de-pantalla-2025-04-02-124303-50x50.png 50w, https:\/\/notisnot.com\/wp-content\/uploads\/2025\/04\/Captura-de-pantalla-2025-04-02-124303-100x100.png 100w, https:\/\/notisnot.com\/wp-content\/uploads\/2025\/04\/Captura-de-pantalla-2025-04-02-124303.png 905w\" sizes=\"(max-width: 303px) 100vw, 303px\" \/> <img loading=\"lazy\" decoding=\"async\" class=\"alignnone size-medium wp-image-308594\" src=\"https:\/\/notisnot.com\/wp-content\/uploads\/2025\/04\/Captura-de-pantalla-2025-04-02-124312-303x305.png\" alt=\"\" width=\"303\" height=\"305\" srcset=\"https:\/\/notisnot.com\/wp-content\/uploads\/2025\/04\/Captura-de-pantalla-2025-04-02-124312-303x305.png 303w, https:\/\/notisnot.com\/wp-content\/uploads\/2025\/04\/Captura-de-pantalla-2025-04-02-124312-505x508.png 505w, https:\/\/notisnot.com\/wp-content\/uploads\/2025\/04\/Captura-de-pantalla-2025-04-02-124312-768x773.png 768w, https:\/\/notisnot.com\/wp-content\/uploads\/2025\/04\/Captura-de-pantalla-2025-04-02-124312-12x12.png 12w, https:\/\/notisnot.com\/wp-content\/uploads\/2025\/04\/Captura-de-pantalla-2025-04-02-124312-20x20.png 20w, https:\/\/notisnot.com\/wp-content\/uploads\/2025\/04\/Captura-de-pantalla-2025-04-02-124312-600x604.png 600w, https:\/\/notisnot.com\/wp-content\/uploads\/2025\/04\/Captura-de-pantalla-2025-04-02-124312-91x92.png 91w, https:\/\/notisnot.com\/wp-content\/uploads\/2025\/04\/Captura-de-pantalla-2025-04-02-124312-50x50.png 50w, https:\/\/notisnot.com\/wp-content\/uploads\/2025\/04\/Captura-de-pantalla-2025-04-02-124312-100x100.png 100w, https:\/\/notisnot.com\/wp-content\/uploads\/2025\/04\/Captura-de-pantalla-2025-04-02-124312.png 899w\" sizes=\"(max-width: 303px) 100vw, 303px\" \/> <img loading=\"lazy\" decoding=\"async\" class=\"alignnone size-medium wp-image-308595\" src=\"https:\/\/notisnot.com\/wp-content\/uploads\/2025\/04\/Captura-de-pantalla-2025-04-02-124322-303x302.png\" alt=\"\" width=\"303\" height=\"302\" srcset=\"https:\/\/notisnot.com\/wp-content\/uploads\/2025\/04\/Captura-de-pantalla-2025-04-02-124322-303x302.png 303w, https:\/\/notisnot.com\/wp-content\/uploads\/2025\/04\/Captura-de-pantalla-2025-04-02-124322-505x503.png 505w, https:\/\/notisnot.com\/wp-content\/uploads\/2025\/04\/Captura-de-pantalla-2025-04-02-124322-768x765.png 768w, https:\/\/notisnot.com\/wp-content\/uploads\/2025\/04\/Captura-de-pantalla-2025-04-02-124322-12x12.png 12w, https:\/\/notisnot.com\/wp-content\/uploads\/2025\/04\/Captura-de-pantalla-2025-04-02-124322-20x20.png 20w, https:\/\/notisnot.com\/wp-content\/uploads\/2025\/04\/Captura-de-pantalla-2025-04-02-124322-600x597.png 600w, https:\/\/notisnot.com\/wp-content\/uploads\/2025\/04\/Captura-de-pantalla-2025-04-02-124322-91x91.png 91w, https:\/\/notisnot.com\/wp-content\/uploads\/2025\/04\/Captura-de-pantalla-2025-04-02-124322-50x50.png 50w, https:\/\/notisnot.com\/wp-content\/uploads\/2025\/04\/Captura-de-pantalla-2025-04-02-124322-100x100.png 100w, https:\/\/notisnot.com\/wp-content\/uploads\/2025\/04\/Captura-de-pantalla-2025-04-02-124322.png 905w\" sizes=\"(max-width: 303px) 100vw, 303px\" \/> <img loading=\"lazy\" decoding=\"async\" class=\"alignnone size-medium wp-image-308596\" src=\"https:\/\/notisnot.com\/wp-content\/uploads\/2025\/04\/Captura-de-pantalla-2025-04-02-124225-303x305.png\" alt=\"\" width=\"303\" height=\"305\" srcset=\"https:\/\/notisnot.com\/wp-content\/uploads\/2025\/04\/Captura-de-pantalla-2025-04-02-124225-303x305.png 303w, https:\/\/notisnot.com\/wp-content\/uploads\/2025\/04\/Captura-de-pantalla-2025-04-02-124225-505x508.png 505w, https:\/\/notisnot.com\/wp-content\/uploads\/2025\/04\/Captura-de-pantalla-2025-04-02-124225-768x772.png 768w, https:\/\/notisnot.com\/wp-content\/uploads\/2025\/04\/Captura-de-pantalla-2025-04-02-124225-12x12.png 12w, https:\/\/notisnot.com\/wp-content\/uploads\/2025\/04\/Captura-de-pantalla-2025-04-02-124225-20x20.png 20w, https:\/\/notisnot.com\/wp-content\/uploads\/2025\/04\/Captura-de-pantalla-2025-04-02-124225-600x603.png 600w, https:\/\/notisnot.com\/wp-content\/uploads\/2025\/04\/Captura-de-pantalla-2025-04-02-124225-91x92.png 91w, https:\/\/notisnot.com\/wp-content\/uploads\/2025\/04\/Captura-de-pantalla-2025-04-02-124225-50x50.png 50w, https:\/\/notisnot.com\/wp-content\/uploads\/2025\/04\/Captura-de-pantalla-2025-04-02-124225-100x100.png 100w, https:\/\/notisnot.com\/wp-content\/uploads\/2025\/04\/Captura-de-pantalla-2025-04-02-124225.png 903w\" sizes=\"(max-width: 303px) 100vw, 303px\" \/><\/p>","protected":false},"excerpt":{"rendered":"<p>Elegancia y funcionalidad con la BLUSA MUJER CORCEGA, dise\u00f1ada para profesionales de la belleza que buscan comodidad y estilo en su entorno laboral. Esta casaca abierta de manga corta con aberturas presenta un cuello chimenea y cierre mediante cremallera central, brindando un toque moderno y pr\u00e1ctico. Equipada con dos bolsillos laterales.<br \/>\nPrenda confeccionada en MICROFIBRA de 100% poli\u00e9ster, este tejido antibacterias es altamente transpirable, tolerante a salpicaduras de lej\u00eda y lavable a 90\u00ba. Adem\u00e1s, ofrece un secado r\u00e1pido, sin necesidad de planchado y es repelente al cabello y pelo de mascotas.<\/p>","protected":false},"featured_media":308593,"comment_status":"open","ping_status":"closed","template":"","meta":{"_acf_changed":false},"product_cat":[616],"product_tag":[],"class_list":{"0":"post-308590","1":"product","2":"type-product","3":"status-publish","4":"has-post-thumbnail","6":"product_cat-perruqueria-spa-i-cosmetica","7":"pa_color-arena","8":"pa_color-blanco","9":"pa_tallaropa-xs","10":"pa_tallaropa-s","11":"pa_tallaropa-m","12":"pa_tallaropa-l","13":"pa_tallaropa-xl","14":"pa_tallaropa-xxl","16":"first","17":"instock","18":"taxable","19":"shipping-taxable","20":"purchasable","21":"product-type-variable"},"acf":[],"yoast_head":"<!-- This site is optimized with the Yoast SEO plugin v23.4 - https:\/\/yoast.com\/wordpress\/plugins\/seo\/ -->\n<title>Blusa mujer corcega - NOT IS NOT<\/title>\n<meta name=\"robots\" content=\"index, follow, max-snippet:-1, max-image-preview:large, max-video-preview:-1\" \/>\n<link rel=\"canonical\" href=\"https:\/\/notisnot.com\/es\/tienda\/ropa-laboral\/perruqueria-spa-i-cosmetica\/blusa-mujer-corcega\/\" \/>\n<meta property=\"og:locale\" content=\"es_ES\" \/>\n<meta property=\"og:type\" content=\"article\" \/>\n<meta property=\"og:title\" content=\"Blusa mujer corcega - NOT IS NOT\" \/>\n<meta property=\"og:description\" content=\"Elegancia y funcionalidad con la BLUSA MUJER CORCEGA, dise\u00f1ada para profesionales de la belleza que buscan comodidad y estilo en su entorno laboral. Esta casaca abierta de manga corta con aberturas presenta un cuello chimenea y cierre mediante cremallera central, brindando un toque moderno y pr\u00e1ctico. Equipada con dos bolsillos laterales. Prenda confeccionada en MICROFIBRA de 100% poli\u00e9ster, este tejido antibacterias es altamente transpirable, tolerante a salpicaduras de lej\u00eda y lavable a 90\u00ba. Adem\u00e1s, ofrece un secado r\u00e1pido, sin necesidad de planchado y es repelente al cabello y pelo de mascotas.\" \/>\n<meta property=\"og:url\" content=\"https:\/\/notisnot.com\/es\/tienda\/ropa-laboral\/perruqueria-spa-i-cosmetica\/blusa-mujer-corcega\/\" \/>\n<meta property=\"og:site_name\" content=\"NOT IS NOT\" \/>\n<meta property=\"article:publisher\" content=\"https:\/\/www.facebook.com\/notisnotofficial\/\" \/>\n<meta property=\"article:modified_time\" content=\"2025-06-23T10:27:00+00:00\" \/>\n<meta property=\"og:image\" content=\"https:\/\/notisnot.com\/wp-content\/uploads\/2025\/04\/Captura-de-pantalla-2025-04-02-124303.png\" \/>\n\t<meta property=\"og:image:width\" content=\"905\" \/>\n\t<meta property=\"og:image:height\" content=\"903\" \/>\n\t<meta property=\"og:image:type\" content=\"image\/png\" \/>\n<meta name=\"twitter:card\" content=\"summary_large_image\" \/>\n<meta name=\"twitter:label1\" content=\"Tiempo de lectura\" \/>\n\t<meta name=\"twitter:data1\" content=\"2 minutos\" \/>\n<script type=\"application\/ld+json\" class=\"yoast-schema-graph\">{\"@context\":\"https:\/\/schema.org\",\"@graph\":[{\"@type\":\"WebPage\",\"@id\":\"https:\/\/notisnot.com\/es\/tienda\/ropa-laboral\/perruqueria-spa-i-cosmetica\/blusa-mujer-corcega\/\",\"url\":\"https:\/\/notisnot.com\/es\/tienda\/ropa-laboral\/perruqueria-spa-i-cosmetica\/blusa-mujer-corcega\/\",\"name\":\"Blusa mujer corcega - NOT IS NOT\",\"isPartOf\":{\"@id\":\"http:\/\/notisnot.com\/#website\"},\"primaryImageOfPage\":{\"@id\":\"https:\/\/notisnot.com\/es\/tienda\/ropa-laboral\/perruqueria-spa-i-cosmetica\/blusa-mujer-corcega\/#primaryimage\"},\"image\":{\"@id\":\"https:\/\/notisnot.com\/es\/tienda\/ropa-laboral\/perruqueria-spa-i-cosmetica\/blusa-mujer-corcega\/#primaryimage\"},\"thumbnailUrl\":\"https:\/\/notisnot.com\/wp-content\/uploads\/2025\/04\/Captura-de-pantalla-2025-04-02-124303.png\",\"datePublished\":\"2025-04-02T10:45:23+00:00\",\"dateModified\":\"2025-06-23T10:27:00+00:00\",\"breadcrumb\":{\"@id\":\"https:\/\/notisnot.com\/es\/tienda\/ropa-laboral\/perruqueria-spa-i-cosmetica\/blusa-mujer-corcega\/#breadcrumb\"},\"inLanguage\":\"es\",\"potentialAction\":[{\"@type\":\"ReadAction\",\"target\":[\"https:\/\/notisnot.com\/es\/tienda\/ropa-laboral\/perruqueria-spa-i-cosmetica\/blusa-mujer-corcega\/\"]}]},{\"@type\":\"ImageObject\",\"inLanguage\":\"es\",\"@id\":\"https:\/\/notisnot.com\/es\/tienda\/ropa-laboral\/perruqueria-spa-i-cosmetica\/blusa-mujer-corcega\/#primaryimage\",\"url\":\"https:\/\/notisnot.com\/wp-content\/uploads\/2025\/04\/Captura-de-pantalla-2025-04-02-124303.png\",\"contentUrl\":\"https:\/\/notisnot.com\/wp-content\/uploads\/2025\/04\/Captura-de-pantalla-2025-04-02-124303.png\",\"width\":905,\"height\":903},{\"@type\":\"BreadcrumbList\",\"@id\":\"https:\/\/notisnot.com\/es\/tienda\/ropa-laboral\/perruqueria-spa-i-cosmetica\/blusa-mujer-corcega\/#breadcrumb\",\"itemListElement\":[{\"@type\":\"ListItem\",\"position\":1,\"name\":\"Home\",\"item\":\"http:\/\/notisnot.com\/\"},{\"@type\":\"ListItem\",\"position\":2,\"name\":\"Tienda\",\"item\":\"https:\/\/notisnot.com\/es\/tienda-woocomerce\/\"},{\"@type\":\"ListItem\",\"position\":3,\"name\":\"Blusa mujer corcega\"}]},{\"@type\":\"WebSite\",\"@id\":\"http:\/\/notisnot.com\/#website\",\"url\":\"http:\/\/notisnot.com\/\",\"name\":\"NOT IS NOT\",\"description\":\"\",\"potentialAction\":[{\"@type\":\"SearchAction\",\"target\":{\"@type\":\"EntryPoint\",\"urlTemplate\":\"http:\/\/notisnot.com\/?s={search_term_string}\"},\"query-input\":{\"@type\":\"PropertyValueSpecification\",\"valueRequired\":true,\"valueName\":\"search_term_string\"}}],\"inLanguage\":\"es\"}]}<\/script>\n<!-- \/ Yoast SEO plugin. -->","yoast_head_json":{"title":"Blusa mujer corcega - NOT IS NOT","robots":{"index":"index","follow":"follow","max-snippet":"max-snippet:-1","max-image-preview":"max-image-preview:large","max-video-preview":"max-video-preview:-1"},"canonical":"https:\/\/notisnot.com\/es\/tienda\/ropa-laboral\/perruqueria-spa-i-cosmetica\/blusa-mujer-corcega\/","og_locale":"es_ES","og_type":"article","og_title":"Blusa mujer corcega - NOT IS NOT","og_description":"Elegancia y funcionalidad con la BLUSA MUJER CORCEGA, dise\u00f1ada para profesionales de la belleza que buscan comodidad y estilo en su entorno laboral. Esta casaca abierta de manga corta con aberturas presenta un cuello chimenea y cierre mediante cremallera central, brindando un toque moderno y pr\u00e1ctico. Equipada con dos bolsillos laterales. Prenda confeccionada en MICROFIBRA de 100% poli\u00e9ster, este tejido antibacterias es altamente transpirable, tolerante a salpicaduras de lej\u00eda y lavable a 90\u00ba. Adem\u00e1s, ofrece un secado r\u00e1pido, sin necesidad de planchado y es repelente al cabello y pelo de mascotas.","og_url":"https:\/\/notisnot.com\/es\/tienda\/ropa-laboral\/perruqueria-spa-i-cosmetica\/blusa-mujer-corcega\/","og_site_name":"NOT IS NOT","article_publisher":"https:\/\/www.facebook.com\/notisnotofficial\/","article_modified_time":"2025-06-23T10:27:00+00:00","og_image":[{"width":905,"height":903,"url":"https:\/\/notisnot.com\/wp-content\/uploads\/2025\/04\/Captura-de-pantalla-2025-04-02-124303.png","type":"image\/png"}],"twitter_card":"summary_large_image","twitter_misc":{"Tiempo de lectura":"2 minutos"},"schema":{"@context":"https:\/\/schema.org","@graph":[{"@type":"WebPage","@id":"https:\/\/notisnot.com\/es\/tienda\/ropa-laboral\/perruqueria-spa-i-cosmetica\/blusa-mujer-corcega\/","url":"https:\/\/notisnot.com\/es\/tienda\/ropa-laboral\/perruqueria-spa-i-cosmetica\/blusa-mujer-corcega\/","name":"Blusa mujer corcega - NOT IS NOT","isPartOf":{"@id":"http:\/\/notisnot.com\/#website"},"primaryImageOfPage":{"@id":"https:\/\/notisnot.com\/es\/tienda\/ropa-laboral\/perruqueria-spa-i-cosmetica\/blusa-mujer-corcega\/#primaryimage"},"image":{"@id":"https:\/\/notisnot.com\/es\/tienda\/ropa-laboral\/perruqueria-spa-i-cosmetica\/blusa-mujer-corcega\/#primaryimage"},"thumbnailUrl":"https:\/\/notisnot.com\/wp-content\/uploads\/2025\/04\/Captura-de-pantalla-2025-04-02-124303.png","datePublished":"2025-04-02T10:45:23+00:00","dateModified":"2025-06-23T10:27:00+00:00","breadcrumb":{"@id":"https:\/\/notisnot.com\/es\/tienda\/ropa-laboral\/perruqueria-spa-i-cosmetica\/blusa-mujer-corcega\/#breadcrumb"},"inLanguage":"es","potentialAction":[{"@type":"ReadAction","target":["https:\/\/notisnot.com\/es\/tienda\/ropa-laboral\/perruqueria-spa-i-cosmetica\/blusa-mujer-corcega\/"]}]},{"@type":"ImageObject","inLanguage":"es","@id":"https:\/\/notisnot.com\/es\/tienda\/ropa-laboral\/perruqueria-spa-i-cosmetica\/blusa-mujer-corcega\/#primaryimage","url":"https:\/\/notisnot.com\/wp-content\/uploads\/2025\/04\/Captura-de-pantalla-2025-04-02-124303.png","contentUrl":"https:\/\/notisnot.com\/wp-content\/uploads\/2025\/04\/Captura-de-pantalla-2025-04-02-124303.png","width":905,"height":903},{"@type":"BreadcrumbList","@id":"https:\/\/notisnot.com\/es\/tienda\/ropa-laboral\/perruqueria-spa-i-cosmetica\/blusa-mujer-corcega\/#breadcrumb","itemListElement":[{"@type":"ListItem","position":1,"name":"Home","item":"http:\/\/notisnot.com\/"},{"@type":"ListItem","position":2,"name":"Tienda","item":"https:\/\/notisnot.com\/es\/tienda-woocomerce\/"},{"@type":"ListItem","position":3,"name":"Blusa mujer corcega"}]},{"@type":"WebSite","@id":"http:\/\/notisnot.com\/#website","url":"http:\/\/notisnot.com\/","name":"NOT IS NOT","description":"","potentialAction":[{"@type":"SearchAction","target":{"@type":"EntryPoint","urlTemplate":"http:\/\/notisnot.com\/?s={search_term_string}"},"query-input":{"@type":"PropertyValueSpecification","valueRequired":true,"valueName":"search_term_string"}}],"inLanguage":"es"}]}},"_links":{"self":[{"href":"https:\/\/notisnot.com\/es\/wp-json\/wp\/v2\/product\/308590"}],"collection":[{"href":"https:\/\/notisnot.com\/es\/wp-json\/wp\/v2\/product"}],"about":[{"href":"https:\/\/notisnot.com\/es\/wp-json\/wp\/v2\/types\/product"}],"replies":[{"embeddable":true,"href":"https:\/\/notisnot.com\/es\/wp-json\/wp\/v2\/comments?post=308590"}],"wp:featuredmedia":[{"embeddable":true,"href":"https:\/\/notisnot.com\/es\/wp-json\/wp\/v2\/media\/308593"}],"wp:attachment":[{"href":"https:\/\/notisnot.com\/es\/wp-json\/wp\/v2\/media?parent=308590"}],"wp:term":[{"taxonomy":"product_cat","embeddable":true,"href":"https:\/\/notisnot.com\/es\/wp-json\/wp\/v2\/product_cat?post=308590"},{"taxonomy":"product_tag","embeddable":true,"href":"https:\/\/notisnot.com\/es\/wp-json\/wp\/v2\/product_tag?post=308590"}],"curies":[{"name":"wp","href":"https:\/\/api.w.org\/{rel}","templated":true}]}}