{"id":308437,"date":"2025-04-02T09:24:16","date_gmt":"2025-04-02T09:24:16","guid":{"rendered":"https:\/\/notisnot.com\/?post_type=product&#038;p=308437"},"modified":"2025-06-23T09:18:18","modified_gmt":"2025-06-23T09:18:18","slug":"pantalon-mujer-bambula-doble","status":"publish","type":"product","link":"https:\/\/notisnot.com\/es\/tienda\/ropa-laboral\/perruqueria-spa-i-cosmetica\/pantalon-mujer-bambula-doble\/","title":{"rendered":"Pantalon mujer bambula doble"},"content":{"rendered":"<p><img loading=\"lazy\" decoding=\"async\" class=\"alignnone size-medium wp-image-308438\" src=\"https:\/\/notisnot.com\/wp-content\/uploads\/2025\/04\/Captura-de-pantalla-2025-04-02-111738-303x302.png\" alt=\"\" width=\"303\" height=\"302\" srcset=\"https:\/\/notisnot.com\/wp-content\/uploads\/2025\/04\/Captura-de-pantalla-2025-04-02-111738-303x302.png 303w, https:\/\/notisnot.com\/wp-content\/uploads\/2025\/04\/Captura-de-pantalla-2025-04-02-111738-505x503.png 505w, https:\/\/notisnot.com\/wp-content\/uploads\/2025\/04\/Captura-de-pantalla-2025-04-02-111738-768x765.png 768w, https:\/\/notisnot.com\/wp-content\/uploads\/2025\/04\/Captura-de-pantalla-2025-04-02-111738-12x12.png 12w, https:\/\/notisnot.com\/wp-content\/uploads\/2025\/04\/Captura-de-pantalla-2025-04-02-111738-20x20.png 20w, https:\/\/notisnot.com\/wp-content\/uploads\/2025\/04\/Captura-de-pantalla-2025-04-02-111738-600x597.png 600w, https:\/\/notisnot.com\/wp-content\/uploads\/2025\/04\/Captura-de-pantalla-2025-04-02-111738-91x91.png 91w, https:\/\/notisnot.com\/wp-content\/uploads\/2025\/04\/Captura-de-pantalla-2025-04-02-111738-50x50.png 50w, https:\/\/notisnot.com\/wp-content\/uploads\/2025\/04\/Captura-de-pantalla-2025-04-02-111738-100x100.png 100w, https:\/\/notisnot.com\/wp-content\/uploads\/2025\/04\/Captura-de-pantalla-2025-04-02-111738.png 906w\" sizes=\"(max-width: 303px) 100vw, 303px\" \/> <img loading=\"lazy\" decoding=\"async\" class=\"alignnone size-medium wp-image-308439\" src=\"https:\/\/notisnot.com\/wp-content\/uploads\/2025\/04\/Captura-de-pantalla-2025-04-02-111747-303x303.png\" alt=\"\" width=\"303\" height=\"303\" srcset=\"https:\/\/notisnot.com\/wp-content\/uploads\/2025\/04\/Captura-de-pantalla-2025-04-02-111747-303x303.png 303w, https:\/\/notisnot.com\/wp-content\/uploads\/2025\/04\/Captura-de-pantalla-2025-04-02-111747-505x504.png 505w, https:\/\/notisnot.com\/wp-content\/uploads\/2025\/04\/Captura-de-pantalla-2025-04-02-111747-768x767.png 768w, https:\/\/notisnot.com\/wp-content\/uploads\/2025\/04\/Captura-de-pantalla-2025-04-02-111747-12x12.png 12w, https:\/\/notisnot.com\/wp-content\/uploads\/2025\/04\/Captura-de-pantalla-2025-04-02-111747-20x20.png 20w, https:\/\/notisnot.com\/wp-content\/uploads\/2025\/04\/Captura-de-pantalla-2025-04-02-111747-600x599.png 600w, https:\/\/notisnot.com\/wp-content\/uploads\/2025\/04\/Captura-de-pantalla-2025-04-02-111747-91x91.png 91w, https:\/\/notisnot.com\/wp-content\/uploads\/2025\/04\/Captura-de-pantalla-2025-04-02-111747-50x50.png 50w, https:\/\/notisnot.com\/wp-content\/uploads\/2025\/04\/Captura-de-pantalla-2025-04-02-111747-100x100.png 100w, https:\/\/notisnot.com\/wp-content\/uploads\/2025\/04\/Captura-de-pantalla-2025-04-02-111747.png 905w\" sizes=\"(max-width: 303px) 100vw, 303px\" \/> <img loading=\"lazy\" decoding=\"async\" class=\"alignnone size-medium wp-image-308440\" src=\"https:\/\/notisnot.com\/wp-content\/uploads\/2025\/04\/Captura-de-pantalla-2025-04-02-111731-303x303.png\" alt=\"\" width=\"303\" height=\"303\" srcset=\"https:\/\/notisnot.com\/wp-content\/uploads\/2025\/04\/Captura-de-pantalla-2025-04-02-111731-303x303.png 303w, https:\/\/notisnot.com\/wp-content\/uploads\/2025\/04\/Captura-de-pantalla-2025-04-02-111731-505x504.png 505w, https:\/\/notisnot.com\/wp-content\/uploads\/2025\/04\/Captura-de-pantalla-2025-04-02-111731-768x767.png 768w, https:\/\/notisnot.com\/wp-content\/uploads\/2025\/04\/Captura-de-pantalla-2025-04-02-111731-12x12.png 12w, https:\/\/notisnot.com\/wp-content\/uploads\/2025\/04\/Captura-de-pantalla-2025-04-02-111731-20x20.png 20w, https:\/\/notisnot.com\/wp-content\/uploads\/2025\/04\/Captura-de-pantalla-2025-04-02-111731-600x599.png 600w, https:\/\/notisnot.com\/wp-content\/uploads\/2025\/04\/Captura-de-pantalla-2025-04-02-111731-91x91.png 91w, https:\/\/notisnot.com\/wp-content\/uploads\/2025\/04\/Captura-de-pantalla-2025-04-02-111731-50x50.png 50w, https:\/\/notisnot.com\/wp-content\/uploads\/2025\/04\/Captura-de-pantalla-2025-04-02-111731-100x100.png 100w, https:\/\/notisnot.com\/wp-content\/uploads\/2025\/04\/Captura-de-pantalla-2025-04-02-111731.png 910w\" sizes=\"(max-width: 303px) 100vw, 303px\" \/><\/p>","protected":false},"excerpt":{"rendered":"<p>Este pantal\u00f3n es una verdadera obra de arte, confeccionado con dos tejidos que se combinan de manera sorprendente. Presenta grandes aberturas laterales que revelan el tejido de abajo, a\u00f1adiendo un toque de estilo \u00fanico a tu uniforme.<\/p>\n<p>La mitad de la cintura trasera con goma proporciona un ajuste perfecto y una comodidad excepcional durante todo el d\u00eda. Adem\u00e1s, las aberturas laterales permiten una mayor libertad de movimiento, lo que es esencial en tu profesi\u00f3n.<\/p>","protected":false},"featured_media":308438,"comment_status":"open","ping_status":"closed","template":"","meta":{"_acf_changed":false},"product_cat":[616],"product_tag":[],"class_list":{"0":"post-308437","1":"product","2":"type-product","3":"status-publish","4":"has-post-thumbnail","6":"product_cat-perruqueria-spa-i-cosmetica","7":"pa_color-beige","8":"pa_tallaropa-xs","9":"pa_tallaropa-s","10":"pa_tallaropa-m","11":"pa_tallaropa-l","12":"pa_tallaropa-xl","13":"pa_tallaropa-xxl","15":"first","16":"instock","17":"taxable","18":"shipping-taxable","19":"purchasable","20":"product-type-variable"},"acf":[],"yoast_head":"<!-- This site is optimized with the Yoast SEO plugin v23.4 - https:\/\/yoast.com\/wordpress\/plugins\/seo\/ -->\n<title>Pantalon mujer bambula doble - NOT IS NOT<\/title>\n<meta name=\"robots\" content=\"index, follow, max-snippet:-1, max-image-preview:large, max-video-preview:-1\" \/>\n<link rel=\"canonical\" href=\"https:\/\/notisnot.com\/es\/tienda\/ropa-laboral\/perruqueria-spa-i-cosmetica\/pantalon-mujer-bambula-doble\/\" \/>\n<meta property=\"og:locale\" content=\"es_ES\" \/>\n<meta property=\"og:type\" content=\"article\" \/>\n<meta property=\"og:title\" content=\"Pantalon mujer bambula doble - NOT IS NOT\" \/>\n<meta property=\"og:description\" content=\"Este pantal\u00f3n es una verdadera obra de arte, confeccionado con dos tejidos que se combinan de manera sorprendente. Presenta grandes aberturas laterales que revelan el tejido de abajo, a\u00f1adiendo un toque de estilo \u00fanico a tu uniforme.  La mitad de la cintura trasera con goma proporciona un ajuste perfecto y una comodidad excepcional durante todo el d\u00eda. Adem\u00e1s, las aberturas laterales permiten una mayor libertad de movimiento, lo que es esencial en tu profesi\u00f3n.\" \/>\n<meta property=\"og:url\" content=\"https:\/\/notisnot.com\/es\/tienda\/ropa-laboral\/perruqueria-spa-i-cosmetica\/pantalon-mujer-bambula-doble\/\" \/>\n<meta property=\"og:site_name\" content=\"NOT IS NOT\" \/>\n<meta property=\"article:publisher\" content=\"https:\/\/www.facebook.com\/notisnotofficial\/\" \/>\n<meta property=\"article:modified_time\" content=\"2025-06-23T09:18:18+00:00\" \/>\n<meta property=\"og:image\" content=\"https:\/\/notisnot.com\/wp-content\/uploads\/2025\/04\/Captura-de-pantalla-2025-04-02-111738.png\" \/>\n\t<meta property=\"og:image:width\" content=\"906\" \/>\n\t<meta property=\"og:image:height\" content=\"902\" \/>\n\t<meta property=\"og:image:type\" content=\"image\/png\" \/>\n<meta name=\"twitter:card\" content=\"summary_large_image\" \/>\n<meta name=\"twitter:label1\" content=\"Tiempo de lectura\" \/>\n\t<meta name=\"twitter:data1\" content=\"1 minuto\" \/>\n<script type=\"application\/ld+json\" class=\"yoast-schema-graph\">{\"@context\":\"https:\/\/schema.org\",\"@graph\":[{\"@type\":\"WebPage\",\"@id\":\"https:\/\/notisnot.com\/tienda\/ropa-laboral\/perruqueria-spa-i-cosmetica\/pantalon-mujer-bambula-doble\/\",\"url\":\"https:\/\/notisnot.com\/tienda\/ropa-laboral\/perruqueria-spa-i-cosmetica\/pantalon-mujer-bambula-doble\/\",\"name\":\"Pantalon mujer bambula doble - NOT IS NOT\",\"isPartOf\":{\"@id\":\"https:\/\/notisnot.com\/#website\"},\"primaryImageOfPage\":{\"@id\":\"https:\/\/notisnot.com\/tienda\/ropa-laboral\/perruqueria-spa-i-cosmetica\/pantalon-mujer-bambula-doble\/#primaryimage\"},\"image\":{\"@id\":\"https:\/\/notisnot.com\/tienda\/ropa-laboral\/perruqueria-spa-i-cosmetica\/pantalon-mujer-bambula-doble\/#primaryimage\"},\"thumbnailUrl\":\"https:\/\/notisnot.com\/wp-content\/uploads\/2025\/04\/Captura-de-pantalla-2025-04-02-111738.png\",\"datePublished\":\"2025-04-02T09:24:16+00:00\",\"dateModified\":\"2025-06-23T09:18:18+00:00\",\"breadcrumb\":{\"@id\":\"https:\/\/notisnot.com\/tienda\/ropa-laboral\/perruqueria-spa-i-cosmetica\/pantalon-mujer-bambula-doble\/#breadcrumb\"},\"inLanguage\":\"es\",\"potentialAction\":[{\"@type\":\"ReadAction\",\"target\":[\"https:\/\/notisnot.com\/tienda\/ropa-laboral\/perruqueria-spa-i-cosmetica\/pantalon-mujer-bambula-doble\/\"]}]},{\"@type\":\"ImageObject\",\"inLanguage\":\"es\",\"@id\":\"https:\/\/notisnot.com\/tienda\/ropa-laboral\/perruqueria-spa-i-cosmetica\/pantalon-mujer-bambula-doble\/#primaryimage\",\"url\":\"https:\/\/notisnot.com\/wp-content\/uploads\/2025\/04\/Captura-de-pantalla-2025-04-02-111738.png\",\"contentUrl\":\"https:\/\/notisnot.com\/wp-content\/uploads\/2025\/04\/Captura-de-pantalla-2025-04-02-111738.png\",\"width\":906,\"height\":902},{\"@type\":\"BreadcrumbList\",\"@id\":\"https:\/\/notisnot.com\/tienda\/ropa-laboral\/perruqueria-spa-i-cosmetica\/pantalon-mujer-bambula-doble\/#breadcrumb\",\"itemListElement\":[{\"@type\":\"ListItem\",\"position\":1,\"name\":\"Home\",\"item\":\"https:\/\/notisnot.com\/\"},{\"@type\":\"ListItem\",\"position\":2,\"name\":\"Tienda\",\"item\":\"https:\/\/notisnot.com\/tienda-woocomerce\/\"},{\"@type\":\"ListItem\",\"position\":3,\"name\":\"Pantalon mujer bambula doble\"}]},{\"@type\":\"WebSite\",\"@id\":\"https:\/\/notisnot.com\/#website\",\"url\":\"https:\/\/notisnot.com\/\",\"name\":\"NOT IS NOT\",\"description\":\"\",\"potentialAction\":[{\"@type\":\"SearchAction\",\"target\":{\"@type\":\"EntryPoint\",\"urlTemplate\":\"https:\/\/notisnot.com\/?s={search_term_string}\"},\"query-input\":{\"@type\":\"PropertyValueSpecification\",\"valueRequired\":true,\"valueName\":\"search_term_string\"}}],\"inLanguage\":\"es\"}]}<\/script>\n<!-- \/ Yoast SEO plugin. -->","yoast_head_json":{"title":"Pantalon mujer bambula doble - NOT IS NOT","robots":{"index":"index","follow":"follow","max-snippet":"max-snippet:-1","max-image-preview":"max-image-preview:large","max-video-preview":"max-video-preview:-1"},"canonical":"https:\/\/notisnot.com\/es\/tienda\/ropa-laboral\/perruqueria-spa-i-cosmetica\/pantalon-mujer-bambula-doble\/","og_locale":"es_ES","og_type":"article","og_title":"Pantalon mujer bambula doble - NOT IS NOT","og_description":"Este pantal\u00f3n es una verdadera obra de arte, confeccionado con dos tejidos que se combinan de manera sorprendente. Presenta grandes aberturas laterales que revelan el tejido de abajo, a\u00f1adiendo un toque de estilo \u00fanico a tu uniforme.  La mitad de la cintura trasera con goma proporciona un ajuste perfecto y una comodidad excepcional durante todo el d\u00eda. Adem\u00e1s, las aberturas laterales permiten una mayor libertad de movimiento, lo que es esencial en tu profesi\u00f3n.","og_url":"https:\/\/notisnot.com\/es\/tienda\/ropa-laboral\/perruqueria-spa-i-cosmetica\/pantalon-mujer-bambula-doble\/","og_site_name":"NOT IS NOT","article_publisher":"https:\/\/www.facebook.com\/notisnotofficial\/","article_modified_time":"2025-06-23T09:18:18+00:00","og_image":[{"width":906,"height":902,"url":"https:\/\/notisnot.com\/wp-content\/uploads\/2025\/04\/Captura-de-pantalla-2025-04-02-111738.png","type":"image\/png"}],"twitter_card":"summary_large_image","twitter_misc":{"Tiempo de lectura":"1 minuto"},"schema":{"@context":"https:\/\/schema.org","@graph":[{"@type":"WebPage","@id":"https:\/\/notisnot.com\/tienda\/ropa-laboral\/perruqueria-spa-i-cosmetica\/pantalon-mujer-bambula-doble\/","url":"https:\/\/notisnot.com\/tienda\/ropa-laboral\/perruqueria-spa-i-cosmetica\/pantalon-mujer-bambula-doble\/","name":"Pantalon mujer bambula doble - NOT IS NOT","isPartOf":{"@id":"https:\/\/notisnot.com\/#website"},"primaryImageOfPage":{"@id":"https:\/\/notisnot.com\/tienda\/ropa-laboral\/perruqueria-spa-i-cosmetica\/pantalon-mujer-bambula-doble\/#primaryimage"},"image":{"@id":"https:\/\/notisnot.com\/tienda\/ropa-laboral\/perruqueria-spa-i-cosmetica\/pantalon-mujer-bambula-doble\/#primaryimage"},"thumbnailUrl":"https:\/\/notisnot.com\/wp-content\/uploads\/2025\/04\/Captura-de-pantalla-2025-04-02-111738.png","datePublished":"2025-04-02T09:24:16+00:00","dateModified":"2025-06-23T09:18:18+00:00","breadcrumb":{"@id":"https:\/\/notisnot.com\/tienda\/ropa-laboral\/perruqueria-spa-i-cosmetica\/pantalon-mujer-bambula-doble\/#breadcrumb"},"inLanguage":"es","potentialAction":[{"@type":"ReadAction","target":["https:\/\/notisnot.com\/tienda\/ropa-laboral\/perruqueria-spa-i-cosmetica\/pantalon-mujer-bambula-doble\/"]}]},{"@type":"ImageObject","inLanguage":"es","@id":"https:\/\/notisnot.com\/tienda\/ropa-laboral\/perruqueria-spa-i-cosmetica\/pantalon-mujer-bambula-doble\/#primaryimage","url":"https:\/\/notisnot.com\/wp-content\/uploads\/2025\/04\/Captura-de-pantalla-2025-04-02-111738.png","contentUrl":"https:\/\/notisnot.com\/wp-content\/uploads\/2025\/04\/Captura-de-pantalla-2025-04-02-111738.png","width":906,"height":902},{"@type":"BreadcrumbList","@id":"https:\/\/notisnot.com\/tienda\/ropa-laboral\/perruqueria-spa-i-cosmetica\/pantalon-mujer-bambula-doble\/#breadcrumb","itemListElement":[{"@type":"ListItem","position":1,"name":"Home","item":"https:\/\/notisnot.com\/"},{"@type":"ListItem","position":2,"name":"Tienda","item":"https:\/\/notisnot.com\/tienda-woocomerce\/"},{"@type":"ListItem","position":3,"name":"Pantalon mujer bambula doble"}]},{"@type":"WebSite","@id":"https:\/\/notisnot.com\/#website","url":"https:\/\/notisnot.com\/","name":"NOT IS NOT","description":"","potentialAction":[{"@type":"SearchAction","target":{"@type":"EntryPoint","urlTemplate":"https:\/\/notisnot.com\/?s={search_term_string}"},"query-input":{"@type":"PropertyValueSpecification","valueRequired":true,"valueName":"search_term_string"}}],"inLanguage":"es"}]}},"_links":{"self":[{"href":"https:\/\/notisnot.com\/es\/wp-json\/wp\/v2\/product\/308437"}],"collection":[{"href":"https:\/\/notisnot.com\/es\/wp-json\/wp\/v2\/product"}],"about":[{"href":"https:\/\/notisnot.com\/es\/wp-json\/wp\/v2\/types\/product"}],"replies":[{"embeddable":true,"href":"https:\/\/notisnot.com\/es\/wp-json\/wp\/v2\/comments?post=308437"}],"wp:featuredmedia":[{"embeddable":true,"href":"https:\/\/notisnot.com\/es\/wp-json\/wp\/v2\/media\/308438"}],"wp:attachment":[{"href":"https:\/\/notisnot.com\/es\/wp-json\/wp\/v2\/media?parent=308437"}],"wp:term":[{"taxonomy":"product_cat","embeddable":true,"href":"https:\/\/notisnot.com\/es\/wp-json\/wp\/v2\/product_cat?post=308437"},{"taxonomy":"product_tag","embeddable":true,"href":"https:\/\/notisnot.com\/es\/wp-json\/wp\/v2\/product_tag?post=308437"}],"curies":[{"name":"wp","href":"https:\/\/api.w.org\/{rel}","templated":true}]}}