{"id":308324,"date":"2025-04-02T08:42:30","date_gmt":"2025-04-02T08:42:30","guid":{"rendered":"https:\/\/notisnot.com\/?post_type=product&#038;p=308324"},"modified":"2025-06-23T09:04:39","modified_gmt":"2025-06-23T09:04:39","slug":"pantalon-mujer-culotte","status":"publish","type":"product","link":"https:\/\/notisnot.com\/es\/tienda\/ropa-laboral\/perruqueria-spa-i-cosmetica\/pantalon-mujer-culotte\/","title":{"rendered":"Pantalon mujer culotte"},"content":{"rendered":"<p><img loading=\"lazy\" decoding=\"async\" class=\"alignnone size-medium wp-image-308325\" src=\"https:\/\/notisnot.com\/wp-content\/uploads\/2025\/04\/Captura-de-pantalla-2025-04-02-103228-303x305.png\" alt=\"\" width=\"303\" height=\"305\" srcset=\"https:\/\/notisnot.com\/wp-content\/uploads\/2025\/04\/Captura-de-pantalla-2025-04-02-103228-303x305.png 303w, https:\/\/notisnot.com\/wp-content\/uploads\/2025\/04\/Captura-de-pantalla-2025-04-02-103228-505x508.png 505w, https:\/\/notisnot.com\/wp-content\/uploads\/2025\/04\/Captura-de-pantalla-2025-04-02-103228-768x773.png 768w, https:\/\/notisnot.com\/wp-content\/uploads\/2025\/04\/Captura-de-pantalla-2025-04-02-103228-12x12.png 12w, https:\/\/notisnot.com\/wp-content\/uploads\/2025\/04\/Captura-de-pantalla-2025-04-02-103228-20x20.png 20w, https:\/\/notisnot.com\/wp-content\/uploads\/2025\/04\/Captura-de-pantalla-2025-04-02-103228-600x604.png 600w, https:\/\/notisnot.com\/wp-content\/uploads\/2025\/04\/Captura-de-pantalla-2025-04-02-103228-91x92.png 91w, https:\/\/notisnot.com\/wp-content\/uploads\/2025\/04\/Captura-de-pantalla-2025-04-02-103228-50x50.png 50w, https:\/\/notisnot.com\/wp-content\/uploads\/2025\/04\/Captura-de-pantalla-2025-04-02-103228-100x100.png 100w, https:\/\/notisnot.com\/wp-content\/uploads\/2025\/04\/Captura-de-pantalla-2025-04-02-103228.png 904w\" sizes=\"(max-width: 303px) 100vw, 303px\" \/> <img loading=\"lazy\" decoding=\"async\" class=\"alignnone size-medium wp-image-308326\" src=\"https:\/\/notisnot.com\/wp-content\/uploads\/2025\/04\/Captura-de-pantalla-2025-04-02-103245-303x303.png\" alt=\"\" width=\"303\" height=\"303\" srcset=\"https:\/\/notisnot.com\/wp-content\/uploads\/2025\/04\/Captura-de-pantalla-2025-04-02-103245-303x303.png 303w, https:\/\/notisnot.com\/wp-content\/uploads\/2025\/04\/Captura-de-pantalla-2025-04-02-103245-505x505.png 505w, https:\/\/notisnot.com\/wp-content\/uploads\/2025\/04\/Captura-de-pantalla-2025-04-02-103245-768x768.png 768w, https:\/\/notisnot.com\/wp-content\/uploads\/2025\/04\/Captura-de-pantalla-2025-04-02-103245-12x12.png 12w, https:\/\/notisnot.com\/wp-content\/uploads\/2025\/04\/Captura-de-pantalla-2025-04-02-103245-20x20.png 20w, https:\/\/notisnot.com\/wp-content\/uploads\/2025\/04\/Captura-de-pantalla-2025-04-02-103245-600x600.png 600w, https:\/\/notisnot.com\/wp-content\/uploads\/2025\/04\/Captura-de-pantalla-2025-04-02-103245-91x91.png 91w, https:\/\/notisnot.com\/wp-content\/uploads\/2025\/04\/Captura-de-pantalla-2025-04-02-103245-50x50.png 50w, https:\/\/notisnot.com\/wp-content\/uploads\/2025\/04\/Captura-de-pantalla-2025-04-02-103245-100x100.png 100w, https:\/\/notisnot.com\/wp-content\/uploads\/2025\/04\/Captura-de-pantalla-2025-04-02-103245.png 905w\" sizes=\"(max-width: 303px) 100vw, 303px\" \/> <img loading=\"lazy\" decoding=\"async\" class=\"alignnone size-medium wp-image-308327\" src=\"https:\/\/notisnot.com\/wp-content\/uploads\/2025\/04\/Captura-de-pantalla-2025-04-02-103220-303x301.png\" alt=\"\" width=\"303\" height=\"301\" srcset=\"https:\/\/notisnot.com\/wp-content\/uploads\/2025\/04\/Captura-de-pantalla-2025-04-02-103220-303x301.png 303w, https:\/\/notisnot.com\/wp-content\/uploads\/2025\/04\/Captura-de-pantalla-2025-04-02-103220-505x502.png 505w, https:\/\/notisnot.com\/wp-content\/uploads\/2025\/04\/Captura-de-pantalla-2025-04-02-103220-768x763.png 768w, https:\/\/notisnot.com\/wp-content\/uploads\/2025\/04\/Captura-de-pantalla-2025-04-02-103220-12x12.png 12w, https:\/\/notisnot.com\/wp-content\/uploads\/2025\/04\/Captura-de-pantalla-2025-04-02-103220-20x20.png 20w, https:\/\/notisnot.com\/wp-content\/uploads\/2025\/04\/Captura-de-pantalla-2025-04-02-103220-600x596.png 600w, https:\/\/notisnot.com\/wp-content\/uploads\/2025\/04\/Captura-de-pantalla-2025-04-02-103220-91x90.png 91w, https:\/\/notisnot.com\/wp-content\/uploads\/2025\/04\/Captura-de-pantalla-2025-04-02-103220-50x50.png 50w, https:\/\/notisnot.com\/wp-content\/uploads\/2025\/04\/Captura-de-pantalla-2025-04-02-103220-100x100.png 100w, https:\/\/notisnot.com\/wp-content\/uploads\/2025\/04\/Captura-de-pantalla-2025-04-02-103220.png 907w\" sizes=\"(max-width: 303px) 100vw, 303px\" \/><\/p>","protected":false},"excerpt":{"rendered":"<p>Este pantal\u00f3n culotte presenta piernas muy anchas que crean una imagen de sofisticaci\u00f3n y comodidad. La elecci\u00f3n de un dise\u00f1o sin bolsillos realza su estilo minimalista. Fabricado en un tejido Punto Crepe Grueso de alta calidad (95% Poli\u00e9ster y 5% Elastano), este pantal\u00f3n ofrece durabilidad, resistencia y un ajuste perfecto.<\/p>","protected":false},"featured_media":308326,"comment_status":"open","ping_status":"closed","template":"","meta":{"_acf_changed":false},"product_cat":[616],"product_tag":[],"class_list":{"0":"post-308324","1":"product","2":"type-product","3":"status-publish","4":"has-post-thumbnail","6":"product_cat-perruqueria-spa-i-cosmetica","7":"pa_color-negro","8":"pa_tallaropa-xs","9":"pa_tallaropa-s","10":"pa_tallaropa-m","11":"pa_tallaropa-l","12":"pa_tallaropa-xl","13":"pa_tallaropa-xxl","15":"first","16":"instock","17":"taxable","18":"shipping-taxable","19":"purchasable","20":"product-type-variable"},"acf":[],"yoast_head":"<!-- This site is optimized with the Yoast SEO plugin v23.4 - https:\/\/yoast.com\/wordpress\/plugins\/seo\/ -->\n<title>Pantalon mujer culotte - NOT IS NOT<\/title>\n<meta name=\"robots\" content=\"index, follow, max-snippet:-1, max-image-preview:large, max-video-preview:-1\" \/>\n<link rel=\"canonical\" href=\"https:\/\/notisnot.com\/es\/tienda\/ropa-laboral\/perruqueria-spa-i-cosmetica\/pantalon-mujer-culotte\/\" \/>\n<meta property=\"og:locale\" content=\"es_ES\" \/>\n<meta property=\"og:type\" content=\"article\" \/>\n<meta property=\"og:title\" content=\"Pantalon mujer culotte - NOT IS NOT\" \/>\n<meta property=\"og:description\" content=\"Este pantal\u00f3n culotte presenta piernas muy anchas que crean una imagen de sofisticaci\u00f3n y comodidad. La elecci\u00f3n de un dise\u00f1o sin bolsillos realza su estilo minimalista. Fabricado en un tejido Punto Crepe Grueso de alta calidad (95% Poli\u00e9ster y 5% Elastano), este pantal\u00f3n ofrece durabilidad, resistencia y un ajuste perfecto.\" \/>\n<meta property=\"og:url\" content=\"https:\/\/notisnot.com\/es\/tienda\/ropa-laboral\/perruqueria-spa-i-cosmetica\/pantalon-mujer-culotte\/\" \/>\n<meta property=\"og:site_name\" content=\"NOT IS NOT\" \/>\n<meta property=\"article:publisher\" content=\"https:\/\/www.facebook.com\/notisnotofficial\/\" \/>\n<meta property=\"article:modified_time\" content=\"2025-06-23T09:04:39+00:00\" \/>\n<meta property=\"og:image\" content=\"https:\/\/notisnot.com\/wp-content\/uploads\/2025\/04\/Captura-de-pantalla-2025-04-02-103245.png\" \/>\n\t<meta property=\"og:image:width\" content=\"905\" \/>\n\t<meta property=\"og:image:height\" content=\"905\" \/>\n\t<meta property=\"og:image:type\" content=\"image\/png\" \/>\n<meta name=\"twitter:card\" content=\"summary_large_image\" \/>\n<meta name=\"twitter:label1\" content=\"Tiempo de lectura\" \/>\n\t<meta name=\"twitter:data1\" content=\"1 minuto\" \/>\n<script type=\"application\/ld+json\" class=\"yoast-schema-graph\">{\"@context\":\"https:\/\/schema.org\",\"@graph\":[{\"@type\":\"WebPage\",\"@id\":\"https:\/\/notisnot.com\/es\/tienda\/ropa-laboral\/perruqueria-spa-i-cosmetica\/pantalon-mujer-culotte\/\",\"url\":\"https:\/\/notisnot.com\/es\/tienda\/ropa-laboral\/perruqueria-spa-i-cosmetica\/pantalon-mujer-culotte\/\",\"name\":\"Pantalon mujer culotte - NOT IS NOT\",\"isPartOf\":{\"@id\":\"https:\/\/notisnot.com\/#website\"},\"primaryImageOfPage\":{\"@id\":\"https:\/\/notisnot.com\/es\/tienda\/ropa-laboral\/perruqueria-spa-i-cosmetica\/pantalon-mujer-culotte\/#primaryimage\"},\"image\":{\"@id\":\"https:\/\/notisnot.com\/es\/tienda\/ropa-laboral\/perruqueria-spa-i-cosmetica\/pantalon-mujer-culotte\/#primaryimage\"},\"thumbnailUrl\":\"https:\/\/notisnot.com\/wp-content\/uploads\/2025\/04\/Captura-de-pantalla-2025-04-02-103245.png\",\"datePublished\":\"2025-04-02T08:42:30+00:00\",\"dateModified\":\"2025-06-23T09:04:39+00:00\",\"breadcrumb\":{\"@id\":\"https:\/\/notisnot.com\/es\/tienda\/ropa-laboral\/perruqueria-spa-i-cosmetica\/pantalon-mujer-culotte\/#breadcrumb\"},\"inLanguage\":\"es\",\"potentialAction\":[{\"@type\":\"ReadAction\",\"target\":[\"https:\/\/notisnot.com\/es\/tienda\/ropa-laboral\/perruqueria-spa-i-cosmetica\/pantalon-mujer-culotte\/\"]}]},{\"@type\":\"ImageObject\",\"inLanguage\":\"es\",\"@id\":\"https:\/\/notisnot.com\/es\/tienda\/ropa-laboral\/perruqueria-spa-i-cosmetica\/pantalon-mujer-culotte\/#primaryimage\",\"url\":\"https:\/\/notisnot.com\/wp-content\/uploads\/2025\/04\/Captura-de-pantalla-2025-04-02-103245.png\",\"contentUrl\":\"https:\/\/notisnot.com\/wp-content\/uploads\/2025\/04\/Captura-de-pantalla-2025-04-02-103245.png\",\"width\":905,\"height\":905},{\"@type\":\"BreadcrumbList\",\"@id\":\"https:\/\/notisnot.com\/es\/tienda\/ropa-laboral\/perruqueria-spa-i-cosmetica\/pantalon-mujer-culotte\/#breadcrumb\",\"itemListElement\":[{\"@type\":\"ListItem\",\"position\":1,\"name\":\"Home\",\"item\":\"https:\/\/notisnot.com\/\"},{\"@type\":\"ListItem\",\"position\":2,\"name\":\"Tienda\",\"item\":\"https:\/\/notisnot.com\/tienda-woocomerce\/\"},{\"@type\":\"ListItem\",\"position\":3,\"name\":\"Pantalon mujer culotte\"}]},{\"@type\":\"WebSite\",\"@id\":\"https:\/\/notisnot.com\/#website\",\"url\":\"https:\/\/notisnot.com\/\",\"name\":\"NOT IS NOT\",\"description\":\"\",\"potentialAction\":[{\"@type\":\"SearchAction\",\"target\":{\"@type\":\"EntryPoint\",\"urlTemplate\":\"https:\/\/notisnot.com\/?s={search_term_string}\"},\"query-input\":{\"@type\":\"PropertyValueSpecification\",\"valueRequired\":true,\"valueName\":\"search_term_string\"}}],\"inLanguage\":\"es\"}]}<\/script>\n<!-- \/ Yoast SEO plugin. -->","yoast_head_json":{"title":"Pantalon mujer culotte - NOT IS NOT","robots":{"index":"index","follow":"follow","max-snippet":"max-snippet:-1","max-image-preview":"max-image-preview:large","max-video-preview":"max-video-preview:-1"},"canonical":"https:\/\/notisnot.com\/es\/tienda\/ropa-laboral\/perruqueria-spa-i-cosmetica\/pantalon-mujer-culotte\/","og_locale":"es_ES","og_type":"article","og_title":"Pantalon mujer culotte - NOT IS NOT","og_description":"Este pantal\u00f3n culotte presenta piernas muy anchas que crean una imagen de sofisticaci\u00f3n y comodidad. La elecci\u00f3n de un dise\u00f1o sin bolsillos realza su estilo minimalista. Fabricado en un tejido Punto Crepe Grueso de alta calidad (95% Poli\u00e9ster y 5% Elastano), este pantal\u00f3n ofrece durabilidad, resistencia y un ajuste perfecto.","og_url":"https:\/\/notisnot.com\/es\/tienda\/ropa-laboral\/perruqueria-spa-i-cosmetica\/pantalon-mujer-culotte\/","og_site_name":"NOT IS NOT","article_publisher":"https:\/\/www.facebook.com\/notisnotofficial\/","article_modified_time":"2025-06-23T09:04:39+00:00","og_image":[{"width":905,"height":905,"url":"https:\/\/notisnot.com\/wp-content\/uploads\/2025\/04\/Captura-de-pantalla-2025-04-02-103245.png","type":"image\/png"}],"twitter_card":"summary_large_image","twitter_misc":{"Tiempo de lectura":"1 minuto"},"schema":{"@context":"https:\/\/schema.org","@graph":[{"@type":"WebPage","@id":"https:\/\/notisnot.com\/es\/tienda\/ropa-laboral\/perruqueria-spa-i-cosmetica\/pantalon-mujer-culotte\/","url":"https:\/\/notisnot.com\/es\/tienda\/ropa-laboral\/perruqueria-spa-i-cosmetica\/pantalon-mujer-culotte\/","name":"Pantalon mujer culotte - NOT IS NOT","isPartOf":{"@id":"https:\/\/notisnot.com\/#website"},"primaryImageOfPage":{"@id":"https:\/\/notisnot.com\/es\/tienda\/ropa-laboral\/perruqueria-spa-i-cosmetica\/pantalon-mujer-culotte\/#primaryimage"},"image":{"@id":"https:\/\/notisnot.com\/es\/tienda\/ropa-laboral\/perruqueria-spa-i-cosmetica\/pantalon-mujer-culotte\/#primaryimage"},"thumbnailUrl":"https:\/\/notisnot.com\/wp-content\/uploads\/2025\/04\/Captura-de-pantalla-2025-04-02-103245.png","datePublished":"2025-04-02T08:42:30+00:00","dateModified":"2025-06-23T09:04:39+00:00","breadcrumb":{"@id":"https:\/\/notisnot.com\/es\/tienda\/ropa-laboral\/perruqueria-spa-i-cosmetica\/pantalon-mujer-culotte\/#breadcrumb"},"inLanguage":"es","potentialAction":[{"@type":"ReadAction","target":["https:\/\/notisnot.com\/es\/tienda\/ropa-laboral\/perruqueria-spa-i-cosmetica\/pantalon-mujer-culotte\/"]}]},{"@type":"ImageObject","inLanguage":"es","@id":"https:\/\/notisnot.com\/es\/tienda\/ropa-laboral\/perruqueria-spa-i-cosmetica\/pantalon-mujer-culotte\/#primaryimage","url":"https:\/\/notisnot.com\/wp-content\/uploads\/2025\/04\/Captura-de-pantalla-2025-04-02-103245.png","contentUrl":"https:\/\/notisnot.com\/wp-content\/uploads\/2025\/04\/Captura-de-pantalla-2025-04-02-103245.png","width":905,"height":905},{"@type":"BreadcrumbList","@id":"https:\/\/notisnot.com\/es\/tienda\/ropa-laboral\/perruqueria-spa-i-cosmetica\/pantalon-mujer-culotte\/#breadcrumb","itemListElement":[{"@type":"ListItem","position":1,"name":"Home","item":"https:\/\/notisnot.com\/"},{"@type":"ListItem","position":2,"name":"Tienda","item":"https:\/\/notisnot.com\/tienda-woocomerce\/"},{"@type":"ListItem","position":3,"name":"Pantalon mujer culotte"}]},{"@type":"WebSite","@id":"https:\/\/notisnot.com\/#website","url":"https:\/\/notisnot.com\/","name":"NOT IS NOT","description":"","potentialAction":[{"@type":"SearchAction","target":{"@type":"EntryPoint","urlTemplate":"https:\/\/notisnot.com\/?s={search_term_string}"},"query-input":{"@type":"PropertyValueSpecification","valueRequired":true,"valueName":"search_term_string"}}],"inLanguage":"es"}]}},"_links":{"self":[{"href":"https:\/\/notisnot.com\/es\/wp-json\/wp\/v2\/product\/308324"}],"collection":[{"href":"https:\/\/notisnot.com\/es\/wp-json\/wp\/v2\/product"}],"about":[{"href":"https:\/\/notisnot.com\/es\/wp-json\/wp\/v2\/types\/product"}],"replies":[{"embeddable":true,"href":"https:\/\/notisnot.com\/es\/wp-json\/wp\/v2\/comments?post=308324"}],"wp:featuredmedia":[{"embeddable":true,"href":"https:\/\/notisnot.com\/es\/wp-json\/wp\/v2\/media\/308326"}],"wp:attachment":[{"href":"https:\/\/notisnot.com\/es\/wp-json\/wp\/v2\/media?parent=308324"}],"wp:term":[{"taxonomy":"product_cat","embeddable":true,"href":"https:\/\/notisnot.com\/es\/wp-json\/wp\/v2\/product_cat?post=308324"},{"taxonomy":"product_tag","embeddable":true,"href":"https:\/\/notisnot.com\/es\/wp-json\/wp\/v2\/product_tag?post=308324"}],"curies":[{"name":"wp","href":"https:\/\/api.w.org\/{rel}","templated":true}]}}