{"id":308289,"date":"2025-04-02T08:31:41","date_gmt":"2025-04-02T08:31:41","guid":{"rendered":"https:\/\/notisnot.com\/?post_type=product&#038;p=308289"},"modified":"2025-06-23T09:02:14","modified_gmt":"2025-06-23T09:02:14","slug":"pantalon-pirata-mujer-x-linen","status":"publish","type":"product","link":"https:\/\/notisnot.com\/es\/tienda\/ropa-laboral\/perruqueria-spa-i-cosmetica\/pantalon-pirata-mujer-x-linen\/","title":{"rendered":"Pantalon pirata mujer X.Linen"},"content":{"rendered":"<p><img loading=\"lazy\" decoding=\"async\" class=\"alignnone size-medium wp-image-308291\" src=\"https:\/\/notisnot.com\/wp-content\/uploads\/2025\/04\/Captura-de-pantalla-2025-04-02-102514-1-303x303.png\" alt=\"\" width=\"303\" height=\"303\" srcset=\"https:\/\/notisnot.com\/wp-content\/uploads\/2025\/04\/Captura-de-pantalla-2025-04-02-102514-1-303x303.png 303w, https:\/\/notisnot.com\/wp-content\/uploads\/2025\/04\/Captura-de-pantalla-2025-04-02-102514-1-91x91.png 91w, https:\/\/notisnot.com\/wp-content\/uploads\/2025\/04\/Captura-de-pantalla-2025-04-02-102514-1-600x600.png 600w, https:\/\/notisnot.com\/wp-content\/uploads\/2025\/04\/Captura-de-pantalla-2025-04-02-102514-1-505x505.png 505w, https:\/\/notisnot.com\/wp-content\/uploads\/2025\/04\/Captura-de-pantalla-2025-04-02-102514-1-768x768.png 768w, https:\/\/notisnot.com\/wp-content\/uploads\/2025\/04\/Captura-de-pantalla-2025-04-02-102514-1-12x12.png 12w, https:\/\/notisnot.com\/wp-content\/uploads\/2025\/04\/Captura-de-pantalla-2025-04-02-102514-1.png 899w\" sizes=\"(max-width: 303px) 100vw, 303px\" \/> <img loading=\"lazy\" decoding=\"async\" class=\"alignnone size-medium wp-image-308292\" src=\"https:\/\/notisnot.com\/wp-content\/uploads\/2025\/04\/Captura-de-pantalla-2025-04-02-102521-303x304.png\" alt=\"\" width=\"303\" height=\"304\" srcset=\"https:\/\/notisnot.com\/wp-content\/uploads\/2025\/04\/Captura-de-pantalla-2025-04-02-102521-303x304.png 303w, https:\/\/notisnot.com\/wp-content\/uploads\/2025\/04\/Captura-de-pantalla-2025-04-02-102521-505x507.png 505w, https:\/\/notisnot.com\/wp-content\/uploads\/2025\/04\/Captura-de-pantalla-2025-04-02-102521-768x771.png 768w, https:\/\/notisnot.com\/wp-content\/uploads\/2025\/04\/Captura-de-pantalla-2025-04-02-102521-12x12.png 12w, https:\/\/notisnot.com\/wp-content\/uploads\/2025\/04\/Captura-de-pantalla-2025-04-02-102521-20x20.png 20w, https:\/\/notisnot.com\/wp-content\/uploads\/2025\/04\/Captura-de-pantalla-2025-04-02-102521-600x603.png 600w, https:\/\/notisnot.com\/wp-content\/uploads\/2025\/04\/Captura-de-pantalla-2025-04-02-102521-91x91.png 91w, https:\/\/notisnot.com\/wp-content\/uploads\/2025\/04\/Captura-de-pantalla-2025-04-02-102521-50x50.png 50w, https:\/\/notisnot.com\/wp-content\/uploads\/2025\/04\/Captura-de-pantalla-2025-04-02-102521-100x100.png 100w, https:\/\/notisnot.com\/wp-content\/uploads\/2025\/04\/Captura-de-pantalla-2025-04-02-102521.png 900w\" sizes=\"(max-width: 303px) 100vw, 303px\" \/> <img loading=\"lazy\" decoding=\"async\" class=\"alignnone size-medium wp-image-308293\" src=\"https:\/\/notisnot.com\/wp-content\/uploads\/2025\/04\/Captura-de-pantalla-2025-04-02-102529-303x302.png\" alt=\"\" width=\"303\" height=\"302\" srcset=\"https:\/\/notisnot.com\/wp-content\/uploads\/2025\/04\/Captura-de-pantalla-2025-04-02-102529-303x302.png 303w, https:\/\/notisnot.com\/wp-content\/uploads\/2025\/04\/Captura-de-pantalla-2025-04-02-102529-505x503.png 505w, https:\/\/notisnot.com\/wp-content\/uploads\/2025\/04\/Captura-de-pantalla-2025-04-02-102529-768x765.png 768w, https:\/\/notisnot.com\/wp-content\/uploads\/2025\/04\/Captura-de-pantalla-2025-04-02-102529-12x12.png 12w, https:\/\/notisnot.com\/wp-content\/uploads\/2025\/04\/Captura-de-pantalla-2025-04-02-102529-20x20.png 20w, https:\/\/notisnot.com\/wp-content\/uploads\/2025\/04\/Captura-de-pantalla-2025-04-02-102529-600x598.png 600w, https:\/\/notisnot.com\/wp-content\/uploads\/2025\/04\/Captura-de-pantalla-2025-04-02-102529-91x91.png 91w, https:\/\/notisnot.com\/wp-content\/uploads\/2025\/04\/Captura-de-pantalla-2025-04-02-102529-50x50.png 50w, https:\/\/notisnot.com\/wp-content\/uploads\/2025\/04\/Captura-de-pantalla-2025-04-02-102529-100x100.png 100w, https:\/\/notisnot.com\/wp-content\/uploads\/2025\/04\/Captura-de-pantalla-2025-04-02-102529.png 906w\" sizes=\"(max-width: 303px) 100vw, 303px\" \/> <img loading=\"lazy\" decoding=\"async\" class=\"alignnone size-medium wp-image-308294\" src=\"https:\/\/notisnot.com\/wp-content\/uploads\/2025\/04\/Captura-de-pantalla-2025-04-02-102539-303x303.png\" alt=\"\" width=\"303\" height=\"303\" srcset=\"https:\/\/notisnot.com\/wp-content\/uploads\/2025\/04\/Captura-de-pantalla-2025-04-02-102539-303x303.png 303w, https:\/\/notisnot.com\/wp-content\/uploads\/2025\/04\/Captura-de-pantalla-2025-04-02-102539-505x506.png 505w, https:\/\/notisnot.com\/wp-content\/uploads\/2025\/04\/Captura-de-pantalla-2025-04-02-102539-768x769.png 768w, https:\/\/notisnot.com\/wp-content\/uploads\/2025\/04\/Captura-de-pantalla-2025-04-02-102539-12x12.png 12w, https:\/\/notisnot.com\/wp-content\/uploads\/2025\/04\/Captura-de-pantalla-2025-04-02-102539-20x20.png 20w, https:\/\/notisnot.com\/wp-content\/uploads\/2025\/04\/Captura-de-pantalla-2025-04-02-102539-600x601.png 600w, https:\/\/notisnot.com\/wp-content\/uploads\/2025\/04\/Captura-de-pantalla-2025-04-02-102539-91x91.png 91w, https:\/\/notisnot.com\/wp-content\/uploads\/2025\/04\/Captura-de-pantalla-2025-04-02-102539-50x50.png 50w, https:\/\/notisnot.com\/wp-content\/uploads\/2025\/04\/Captura-de-pantalla-2025-04-02-102539-100x100.png 100w, https:\/\/notisnot.com\/wp-content\/uploads\/2025\/04\/Captura-de-pantalla-2025-04-02-102539.png 908w\" sizes=\"(max-width: 303px) 100vw, 303px\" \/> <img loading=\"lazy\" decoding=\"async\" class=\"alignnone size-medium wp-image-308295\" src=\"https:\/\/notisnot.com\/wp-content\/uploads\/2025\/04\/Captura-de-pantalla-2025-04-02-102546-303x302.png\" alt=\"\" width=\"303\" height=\"302\" srcset=\"https:\/\/notisnot.com\/wp-content\/uploads\/2025\/04\/Captura-de-pantalla-2025-04-02-102546-303x302.png 303w, https:\/\/notisnot.com\/wp-content\/uploads\/2025\/04\/Captura-de-pantalla-2025-04-02-102546-505x503.png 505w, https:\/\/notisnot.com\/wp-content\/uploads\/2025\/04\/Captura-de-pantalla-2025-04-02-102546-768x765.png 768w, https:\/\/notisnot.com\/wp-content\/uploads\/2025\/04\/Captura-de-pantalla-2025-04-02-102546-12x12.png 12w, https:\/\/notisnot.com\/wp-content\/uploads\/2025\/04\/Captura-de-pantalla-2025-04-02-102546-20x20.png 20w, https:\/\/notisnot.com\/wp-content\/uploads\/2025\/04\/Captura-de-pantalla-2025-04-02-102546-600x598.png 600w, https:\/\/notisnot.com\/wp-content\/uploads\/2025\/04\/Captura-de-pantalla-2025-04-02-102546-91x91.png 91w, https:\/\/notisnot.com\/wp-content\/uploads\/2025\/04\/Captura-de-pantalla-2025-04-02-102546-50x50.png 50w, https:\/\/notisnot.com\/wp-content\/uploads\/2025\/04\/Captura-de-pantalla-2025-04-02-102546-100x100.png 100w, https:\/\/notisnot.com\/wp-content\/uploads\/2025\/04\/Captura-de-pantalla-2025-04-02-102546.png 905w\" sizes=\"(max-width: 303px) 100vw, 303px\" \/> <img loading=\"lazy\" decoding=\"async\" class=\"alignnone size-medium wp-image-308296\" src=\"https:\/\/notisnot.com\/wp-content\/uploads\/2025\/04\/Captura-de-pantalla-2025-04-02-102556-303x305.png\" alt=\"\" width=\"303\" height=\"305\" srcset=\"https:\/\/notisnot.com\/wp-content\/uploads\/2025\/04\/Captura-de-pantalla-2025-04-02-102556-303x305.png 303w, https:\/\/notisnot.com\/wp-content\/uploads\/2025\/04\/Captura-de-pantalla-2025-04-02-102556-505x508.png 505w, https:\/\/notisnot.com\/wp-content\/uploads\/2025\/04\/Captura-de-pantalla-2025-04-02-102556-768x773.png 768w, https:\/\/notisnot.com\/wp-content\/uploads\/2025\/04\/Captura-de-pantalla-2025-04-02-102556-12x12.png 12w, https:\/\/notisnot.com\/wp-content\/uploads\/2025\/04\/Captura-de-pantalla-2025-04-02-102556-20x20.png 20w, https:\/\/notisnot.com\/wp-content\/uploads\/2025\/04\/Captura-de-pantalla-2025-04-02-102556-600x604.png 600w, https:\/\/notisnot.com\/wp-content\/uploads\/2025\/04\/Captura-de-pantalla-2025-04-02-102556-91x92.png 91w, https:\/\/notisnot.com\/wp-content\/uploads\/2025\/04\/Captura-de-pantalla-2025-04-02-102556-50x50.png 50w, https:\/\/notisnot.com\/wp-content\/uploads\/2025\/04\/Captura-de-pantalla-2025-04-02-102556-100x100.png 100w, https:\/\/notisnot.com\/wp-content\/uploads\/2025\/04\/Captura-de-pantalla-2025-04-02-102556.png 902w\" sizes=\"(max-width: 303px) 100vw, 303px\" \/> <img loading=\"lazy\" decoding=\"async\" class=\"alignnone size-medium wp-image-308297\" src=\"https:\/\/notisnot.com\/wp-content\/uploads\/2025\/04\/Captura-de-pantalla-2025-04-02-102603-303x304.png\" alt=\"\" width=\"303\" height=\"304\" srcset=\"https:\/\/notisnot.com\/wp-content\/uploads\/2025\/04\/Captura-de-pantalla-2025-04-02-102603-303x304.png 303w, https:\/\/notisnot.com\/wp-content\/uploads\/2025\/04\/Captura-de-pantalla-2025-04-02-102603-505x507.png 505w, https:\/\/notisnot.com\/wp-content\/uploads\/2025\/04\/Captura-de-pantalla-2025-04-02-102603-768x771.png 768w, https:\/\/notisnot.com\/wp-content\/uploads\/2025\/04\/Captura-de-pantalla-2025-04-02-102603-12x12.png 12w, https:\/\/notisnot.com\/wp-content\/uploads\/2025\/04\/Captura-de-pantalla-2025-04-02-102603-20x20.png 20w, https:\/\/notisnot.com\/wp-content\/uploads\/2025\/04\/Captura-de-pantalla-2025-04-02-102603-600x603.png 600w, https:\/\/notisnot.com\/wp-content\/uploads\/2025\/04\/Captura-de-pantalla-2025-04-02-102603-91x91.png 91w, https:\/\/notisnot.com\/wp-content\/uploads\/2025\/04\/Captura-de-pantalla-2025-04-02-102603-50x50.png 50w, https:\/\/notisnot.com\/wp-content\/uploads\/2025\/04\/Captura-de-pantalla-2025-04-02-102603-100x100.png 100w, https:\/\/notisnot.com\/wp-content\/uploads\/2025\/04\/Captura-de-pantalla-2025-04-02-102603.png 900w\" sizes=\"(max-width: 303px) 100vw, 303px\" \/> <img loading=\"lazy\" decoding=\"async\" class=\"alignnone size-medium wp-image-308298\" src=\"https:\/\/notisnot.com\/wp-content\/uploads\/2025\/04\/Captura-de-pantalla-2025-04-02-102623-303x306.png\" alt=\"\" width=\"303\" height=\"306\" srcset=\"https:\/\/notisnot.com\/wp-content\/uploads\/2025\/04\/Captura-de-pantalla-2025-04-02-102623-303x306.png 303w, https:\/\/notisnot.com\/wp-content\/uploads\/2025\/04\/Captura-de-pantalla-2025-04-02-102623-505x511.png 505w, https:\/\/notisnot.com\/wp-content\/uploads\/2025\/04\/Captura-de-pantalla-2025-04-02-102623-768x777.png 768w, https:\/\/notisnot.com\/wp-content\/uploads\/2025\/04\/Captura-de-pantalla-2025-04-02-102623-12x12.png 12w, https:\/\/notisnot.com\/wp-content\/uploads\/2025\/04\/Captura-de-pantalla-2025-04-02-102623-20x20.png 20w, https:\/\/notisnot.com\/wp-content\/uploads\/2025\/04\/Captura-de-pantalla-2025-04-02-102623-600x607.png 600w, https:\/\/notisnot.com\/wp-content\/uploads\/2025\/04\/Captura-de-pantalla-2025-04-02-102623-91x92.png 91w, https:\/\/notisnot.com\/wp-content\/uploads\/2025\/04\/Captura-de-pantalla-2025-04-02-102623-50x50.png 50w, https:\/\/notisnot.com\/wp-content\/uploads\/2025\/04\/Captura-de-pantalla-2025-04-02-102623-100x100.png 100w, https:\/\/notisnot.com\/wp-content\/uploads\/2025\/04\/Captura-de-pantalla-2025-04-02-102623.png 902w\" sizes=\"(max-width: 303px) 100vw, 303px\" \/> <img loading=\"lazy\" decoding=\"async\" class=\"alignnone size-medium wp-image-308299\" src=\"https:\/\/notisnot.com\/wp-content\/uploads\/2025\/04\/Captura-de-pantalla-2025-04-02-102631-303x303.png\" alt=\"\" width=\"303\" height=\"303\" srcset=\"https:\/\/notisnot.com\/wp-content\/uploads\/2025\/04\/Captura-de-pantalla-2025-04-02-102631-303x303.png 303w, https:\/\/notisnot.com\/wp-content\/uploads\/2025\/04\/Captura-de-pantalla-2025-04-02-102631-505x506.png 505w, https:\/\/notisnot.com\/wp-content\/uploads\/2025\/04\/Captura-de-pantalla-2025-04-02-102631-768x769.png 768w, https:\/\/notisnot.com\/wp-content\/uploads\/2025\/04\/Captura-de-pantalla-2025-04-02-102631-12x12.png 12w, https:\/\/notisnot.com\/wp-content\/uploads\/2025\/04\/Captura-de-pantalla-2025-04-02-102631-20x20.png 20w, https:\/\/notisnot.com\/wp-content\/uploads\/2025\/04\/Captura-de-pantalla-2025-04-02-102631-600x601.png 600w, https:\/\/notisnot.com\/wp-content\/uploads\/2025\/04\/Captura-de-pantalla-2025-04-02-102631-91x91.png 91w, https:\/\/notisnot.com\/wp-content\/uploads\/2025\/04\/Captura-de-pantalla-2025-04-02-102631-50x50.png 50w, https:\/\/notisnot.com\/wp-content\/uploads\/2025\/04\/Captura-de-pantalla-2025-04-02-102631-100x100.png 100w, https:\/\/notisnot.com\/wp-content\/uploads\/2025\/04\/Captura-de-pantalla-2025-04-02-102631.png 904w\" sizes=\"(max-width: 303px) 100vw, 303px\" \/><\/p>","protected":false},"excerpt":{"rendered":"<p>Este pantal\u00f3n pirata presenta un dise\u00f1o de pierna corta que es c\u00f3modo y a la moda. Los botones en los bajos a\u00f1aden un toque de estilo y versatilidad a la prenda. Equipado con bolsillos laterales, este pantal\u00f3n te ofrece espacio para llevar tus herramientas y utensilios esenciales, lo que facilita tu d\u00eda de trabajo. Con goma en los laterales y en la parte trasera de la cintura, este pantal\u00f3n se adapta a tu silueta de manera c\u00f3moda y sin restricciones, permiti\u00e9ndote moverte con facilidad durante toda la jornada.<\/p>","protected":false},"featured_media":308290,"comment_status":"open","ping_status":"closed","template":"","meta":{"_acf_changed":false},"product_cat":[616],"product_tag":[],"class_list":{"0":"post-308289","1":"product","2":"type-product","3":"status-publish","4":"has-post-thumbnail","6":"product_cat-perruqueria-spa-i-cosmetica","7":"pa_color-azul-marino","8":"pa_color-beige","9":"pa_color-negro","10":"pa_color-nude","11":"pa_tallaropa-xs","12":"pa_tallaropa-s","13":"pa_tallaropa-m","14":"pa_tallaropa-l","15":"pa_tallaropa-xl","16":"pa_tallaropa-xxl","18":"first","19":"instock","20":"taxable","21":"shipping-taxable","22":"purchasable","23":"product-type-variable"},"acf":[],"yoast_head":"<!-- This site is optimized with the Yoast SEO plugin v23.4 - https:\/\/yoast.com\/wordpress\/plugins\/seo\/ -->\n<title>Pantalon pirata mujer X.Linen - NOT IS NOT<\/title>\n<meta name=\"robots\" content=\"index, follow, max-snippet:-1, max-image-preview:large, max-video-preview:-1\" \/>\n<link rel=\"canonical\" href=\"https:\/\/notisnot.com\/es\/tienda\/ropa-laboral\/perruqueria-spa-i-cosmetica\/pantalon-pirata-mujer-x-linen\/\" \/>\n<meta property=\"og:locale\" content=\"es_ES\" \/>\n<meta property=\"og:type\" content=\"article\" \/>\n<meta property=\"og:title\" content=\"Pantalon pirata mujer X.Linen - NOT IS NOT\" \/>\n<meta property=\"og:description\" content=\"Este pantal\u00f3n pirata presenta un dise\u00f1o de pierna corta que es c\u00f3modo y a la moda. Los botones en los bajos a\u00f1aden un toque de estilo y versatilidad a la prenda. Equipado con bolsillos laterales, este pantal\u00f3n te ofrece espacio para llevar tus herramientas y utensilios esenciales, lo que facilita tu d\u00eda de trabajo. Con goma en los laterales y en la parte trasera de la cintura, este pantal\u00f3n se adapta a tu silueta de manera c\u00f3moda y sin restricciones, permiti\u00e9ndote moverte con facilidad durante toda la jornada.\" \/>\n<meta property=\"og:url\" content=\"https:\/\/notisnot.com\/es\/tienda\/ropa-laboral\/perruqueria-spa-i-cosmetica\/pantalon-pirata-mujer-x-linen\/\" \/>\n<meta property=\"og:site_name\" content=\"NOT IS NOT\" \/>\n<meta property=\"article:publisher\" content=\"https:\/\/www.facebook.com\/notisnotofficial\/\" \/>\n<meta property=\"article:modified_time\" content=\"2025-06-23T09:02:14+00:00\" \/>\n<meta property=\"og:image\" content=\"http:\/\/notisnot.com\/wp-content\/uploads\/2025\/04\/Captura-de-pantalla-2025-04-02-102514.png\" \/>\n\t<meta property=\"og:image:width\" content=\"899\" \/>\n\t<meta property=\"og:image:height\" content=\"899\" \/>\n\t<meta property=\"og:image:type\" content=\"image\/png\" \/>\n<meta name=\"twitter:card\" content=\"summary_large_image\" \/>\n<meta name=\"twitter:label1\" content=\"Tiempo de lectura\" \/>\n\t<meta name=\"twitter:data1\" content=\"2 minutos\" \/>\n<script type=\"application\/ld+json\" class=\"yoast-schema-graph\">{\"@context\":\"https:\/\/schema.org\",\"@graph\":[{\"@type\":\"WebPage\",\"@id\":\"http:\/\/notisnot.com\/tienda\/ropa-laboral\/perruqueria-spa-i-cosmetica\/pantalon-pirata-mujer-x-linen\/\",\"url\":\"http:\/\/notisnot.com\/tienda\/ropa-laboral\/perruqueria-spa-i-cosmetica\/pantalon-pirata-mujer-x-linen\/\",\"name\":\"Pantalon pirata mujer X.Linen - NOT IS NOT\",\"isPartOf\":{\"@id\":\"http:\/\/notisnot.com\/#website\"},\"primaryImageOfPage\":{\"@id\":\"http:\/\/notisnot.com\/tienda\/ropa-laboral\/perruqueria-spa-i-cosmetica\/pantalon-pirata-mujer-x-linen\/#primaryimage\"},\"image\":{\"@id\":\"http:\/\/notisnot.com\/tienda\/ropa-laboral\/perruqueria-spa-i-cosmetica\/pantalon-pirata-mujer-x-linen\/#primaryimage\"},\"thumbnailUrl\":\"https:\/\/notisnot.com\/wp-content\/uploads\/2025\/04\/Captura-de-pantalla-2025-04-02-102514.png\",\"datePublished\":\"2025-04-02T08:31:41+00:00\",\"dateModified\":\"2025-06-23T09:02:14+00:00\",\"breadcrumb\":{\"@id\":\"http:\/\/notisnot.com\/tienda\/ropa-laboral\/perruqueria-spa-i-cosmetica\/pantalon-pirata-mujer-x-linen\/#breadcrumb\"},\"inLanguage\":\"es\",\"potentialAction\":[{\"@type\":\"ReadAction\",\"target\":[\"http:\/\/notisnot.com\/tienda\/ropa-laboral\/perruqueria-spa-i-cosmetica\/pantalon-pirata-mujer-x-linen\/\"]}]},{\"@type\":\"ImageObject\",\"inLanguage\":\"es\",\"@id\":\"http:\/\/notisnot.com\/tienda\/ropa-laboral\/perruqueria-spa-i-cosmetica\/pantalon-pirata-mujer-x-linen\/#primaryimage\",\"url\":\"https:\/\/notisnot.com\/wp-content\/uploads\/2025\/04\/Captura-de-pantalla-2025-04-02-102514.png\",\"contentUrl\":\"https:\/\/notisnot.com\/wp-content\/uploads\/2025\/04\/Captura-de-pantalla-2025-04-02-102514.png\",\"width\":899,\"height\":899},{\"@type\":\"BreadcrumbList\",\"@id\":\"http:\/\/notisnot.com\/tienda\/ropa-laboral\/perruqueria-spa-i-cosmetica\/pantalon-pirata-mujer-x-linen\/#breadcrumb\",\"itemListElement\":[{\"@type\":\"ListItem\",\"position\":1,\"name\":\"Home\",\"item\":\"http:\/\/notisnot.com\/\"},{\"@type\":\"ListItem\",\"position\":2,\"name\":\"Tienda\",\"item\":\"https:\/\/notisnot.com\/es\/tienda-woocomerce\/\"},{\"@type\":\"ListItem\",\"position\":3,\"name\":\"Pantalon pirata mujer X.Linen\"}]},{\"@type\":\"WebSite\",\"@id\":\"http:\/\/notisnot.com\/#website\",\"url\":\"http:\/\/notisnot.com\/\",\"name\":\"NOT IS NOT\",\"description\":\"\",\"potentialAction\":[{\"@type\":\"SearchAction\",\"target\":{\"@type\":\"EntryPoint\",\"urlTemplate\":\"http:\/\/notisnot.com\/?s={search_term_string}\"},\"query-input\":{\"@type\":\"PropertyValueSpecification\",\"valueRequired\":true,\"valueName\":\"search_term_string\"}}],\"inLanguage\":\"es\"}]}<\/script>\n<!-- \/ Yoast SEO plugin. -->","yoast_head_json":{"title":"Pantalon pirata mujer X.Linen - NOT IS NOT","robots":{"index":"index","follow":"follow","max-snippet":"max-snippet:-1","max-image-preview":"max-image-preview:large","max-video-preview":"max-video-preview:-1"},"canonical":"https:\/\/notisnot.com\/es\/tienda\/ropa-laboral\/perruqueria-spa-i-cosmetica\/pantalon-pirata-mujer-x-linen\/","og_locale":"es_ES","og_type":"article","og_title":"Pantalon pirata mujer X.Linen - NOT IS NOT","og_description":"Este pantal\u00f3n pirata presenta un dise\u00f1o de pierna corta que es c\u00f3modo y a la moda. Los botones en los bajos a\u00f1aden un toque de estilo y versatilidad a la prenda. Equipado con bolsillos laterales, este pantal\u00f3n te ofrece espacio para llevar tus herramientas y utensilios esenciales, lo que facilita tu d\u00eda de trabajo. Con goma en los laterales y en la parte trasera de la cintura, este pantal\u00f3n se adapta a tu silueta de manera c\u00f3moda y sin restricciones, permiti\u00e9ndote moverte con facilidad durante toda la jornada.","og_url":"https:\/\/notisnot.com\/es\/tienda\/ropa-laboral\/perruqueria-spa-i-cosmetica\/pantalon-pirata-mujer-x-linen\/","og_site_name":"NOT IS NOT","article_publisher":"https:\/\/www.facebook.com\/notisnotofficial\/","article_modified_time":"2025-06-23T09:02:14+00:00","og_image":[{"width":899,"height":899,"url":"http:\/\/notisnot.com\/wp-content\/uploads\/2025\/04\/Captura-de-pantalla-2025-04-02-102514.png","type":"image\/png"}],"twitter_card":"summary_large_image","twitter_misc":{"Tiempo de lectura":"2 minutos"},"schema":{"@context":"https:\/\/schema.org","@graph":[{"@type":"WebPage","@id":"http:\/\/notisnot.com\/tienda\/ropa-laboral\/perruqueria-spa-i-cosmetica\/pantalon-pirata-mujer-x-linen\/","url":"http:\/\/notisnot.com\/tienda\/ropa-laboral\/perruqueria-spa-i-cosmetica\/pantalon-pirata-mujer-x-linen\/","name":"Pantalon pirata mujer X.Linen - NOT IS NOT","isPartOf":{"@id":"http:\/\/notisnot.com\/#website"},"primaryImageOfPage":{"@id":"http:\/\/notisnot.com\/tienda\/ropa-laboral\/perruqueria-spa-i-cosmetica\/pantalon-pirata-mujer-x-linen\/#primaryimage"},"image":{"@id":"http:\/\/notisnot.com\/tienda\/ropa-laboral\/perruqueria-spa-i-cosmetica\/pantalon-pirata-mujer-x-linen\/#primaryimage"},"thumbnailUrl":"https:\/\/notisnot.com\/wp-content\/uploads\/2025\/04\/Captura-de-pantalla-2025-04-02-102514.png","datePublished":"2025-04-02T08:31:41+00:00","dateModified":"2025-06-23T09:02:14+00:00","breadcrumb":{"@id":"http:\/\/notisnot.com\/tienda\/ropa-laboral\/perruqueria-spa-i-cosmetica\/pantalon-pirata-mujer-x-linen\/#breadcrumb"},"inLanguage":"es","potentialAction":[{"@type":"ReadAction","target":["http:\/\/notisnot.com\/tienda\/ropa-laboral\/perruqueria-spa-i-cosmetica\/pantalon-pirata-mujer-x-linen\/"]}]},{"@type":"ImageObject","inLanguage":"es","@id":"http:\/\/notisnot.com\/tienda\/ropa-laboral\/perruqueria-spa-i-cosmetica\/pantalon-pirata-mujer-x-linen\/#primaryimage","url":"https:\/\/notisnot.com\/wp-content\/uploads\/2025\/04\/Captura-de-pantalla-2025-04-02-102514.png","contentUrl":"https:\/\/notisnot.com\/wp-content\/uploads\/2025\/04\/Captura-de-pantalla-2025-04-02-102514.png","width":899,"height":899},{"@type":"BreadcrumbList","@id":"http:\/\/notisnot.com\/tienda\/ropa-laboral\/perruqueria-spa-i-cosmetica\/pantalon-pirata-mujer-x-linen\/#breadcrumb","itemListElement":[{"@type":"ListItem","position":1,"name":"Home","item":"http:\/\/notisnot.com\/"},{"@type":"ListItem","position":2,"name":"Tienda","item":"https:\/\/notisnot.com\/es\/tienda-woocomerce\/"},{"@type":"ListItem","position":3,"name":"Pantalon pirata mujer X.Linen"}]},{"@type":"WebSite","@id":"http:\/\/notisnot.com\/#website","url":"http:\/\/notisnot.com\/","name":"NOT IS NOT","description":"","potentialAction":[{"@type":"SearchAction","target":{"@type":"EntryPoint","urlTemplate":"http:\/\/notisnot.com\/?s={search_term_string}"},"query-input":{"@type":"PropertyValueSpecification","valueRequired":true,"valueName":"search_term_string"}}],"inLanguage":"es"}]}},"_links":{"self":[{"href":"https:\/\/notisnot.com\/es\/wp-json\/wp\/v2\/product\/308289"}],"collection":[{"href":"https:\/\/notisnot.com\/es\/wp-json\/wp\/v2\/product"}],"about":[{"href":"https:\/\/notisnot.com\/es\/wp-json\/wp\/v2\/types\/product"}],"replies":[{"embeddable":true,"href":"https:\/\/notisnot.com\/es\/wp-json\/wp\/v2\/comments?post=308289"}],"wp:featuredmedia":[{"embeddable":true,"href":"https:\/\/notisnot.com\/es\/wp-json\/wp\/v2\/media\/308290"}],"wp:attachment":[{"href":"https:\/\/notisnot.com\/es\/wp-json\/wp\/v2\/media?parent=308289"}],"wp:term":[{"taxonomy":"product_cat","embeddable":true,"href":"https:\/\/notisnot.com\/es\/wp-json\/wp\/v2\/product_cat?post=308289"},{"taxonomy":"product_tag","embeddable":true,"href":"https:\/\/notisnot.com\/es\/wp-json\/wp\/v2\/product_tag?post=308289"}],"curies":[{"name":"wp","href":"https:\/\/api.w.org\/{rel}","templated":true}]}}