{"id":307780,"date":"2025-03-27T10:50:37","date_gmt":"2025-03-27T10:50:37","guid":{"rendered":"https:\/\/notisnot.com\/?post_type=product&#038;p=307780"},"modified":"2025-06-23T06:15:38","modified_gmt":"2025-06-23T06:15:38","slug":"blusa-mujer-dalia","status":"publish","type":"product","link":"https:\/\/notisnot.com\/es\/tienda\/ropa-laboral\/comercio\/blusa-mujer-dalia\/","title":{"rendered":"Blusa mujer dalia"},"content":{"rendered":"<p><img loading=\"lazy\" decoding=\"async\" class=\"alignnone size-medium wp-image-307781\" src=\"https:\/\/notisnot.com\/wp-content\/uploads\/2025\/03\/Captura-de-pantalla-2025-03-27-114828-303x303.png\" alt=\"\" width=\"303\" height=\"303\" srcset=\"https:\/\/notisnot.com\/wp-content\/uploads\/2025\/03\/Captura-de-pantalla-2025-03-27-114828-303x303.png 303w, https:\/\/notisnot.com\/wp-content\/uploads\/2025\/03\/Captura-de-pantalla-2025-03-27-114828-505x505.png 505w, https:\/\/notisnot.com\/wp-content\/uploads\/2025\/03\/Captura-de-pantalla-2025-03-27-114828-768x768.png 768w, https:\/\/notisnot.com\/wp-content\/uploads\/2025\/03\/Captura-de-pantalla-2025-03-27-114828-12x12.png 12w, https:\/\/notisnot.com\/wp-content\/uploads\/2025\/03\/Captura-de-pantalla-2025-03-27-114828-20x20.png 20w, https:\/\/notisnot.com\/wp-content\/uploads\/2025\/03\/Captura-de-pantalla-2025-03-27-114828-600x600.png 600w, https:\/\/notisnot.com\/wp-content\/uploads\/2025\/03\/Captura-de-pantalla-2025-03-27-114828-91x91.png 91w, https:\/\/notisnot.com\/wp-content\/uploads\/2025\/03\/Captura-de-pantalla-2025-03-27-114828-50x50.png 50w, https:\/\/notisnot.com\/wp-content\/uploads\/2025\/03\/Captura-de-pantalla-2025-03-27-114828-100x100.png 100w, https:\/\/notisnot.com\/wp-content\/uploads\/2025\/03\/Captura-de-pantalla-2025-03-27-114828.png 904w\" sizes=\"(max-width: 303px) 100vw, 303px\" \/> <img loading=\"lazy\" decoding=\"async\" class=\"alignnone size-medium wp-image-307782\" src=\"https:\/\/notisnot.com\/wp-content\/uploads\/2025\/03\/Captura-de-pantalla-2025-03-27-114835-303x304.png\" alt=\"\" width=\"303\" height=\"304\" srcset=\"https:\/\/notisnot.com\/wp-content\/uploads\/2025\/03\/Captura-de-pantalla-2025-03-27-114835-303x304.png 303w, https:\/\/notisnot.com\/wp-content\/uploads\/2025\/03\/Captura-de-pantalla-2025-03-27-114835-91x91.png 91w, https:\/\/notisnot.com\/wp-content\/uploads\/2025\/03\/Captura-de-pantalla-2025-03-27-114835-600x601.png 600w, https:\/\/notisnot.com\/wp-content\/uploads\/2025\/03\/Captura-de-pantalla-2025-03-27-114835-505x506.png 505w, https:\/\/notisnot.com\/wp-content\/uploads\/2025\/03\/Captura-de-pantalla-2025-03-27-114835-768x770.png 768w, https:\/\/notisnot.com\/wp-content\/uploads\/2025\/03\/Captura-de-pantalla-2025-03-27-114835-12x12.png 12w, https:\/\/notisnot.com\/wp-content\/uploads\/2025\/03\/Captura-de-pantalla-2025-03-27-114835.png 902w\" sizes=\"(max-width: 303px) 100vw, 303px\" \/> <img loading=\"lazy\" decoding=\"async\" class=\"alignnone size-medium wp-image-307783\" src=\"https:\/\/notisnot.com\/wp-content\/uploads\/2025\/03\/Captura-de-pantalla-2025-03-27-114848-303x300.png\" alt=\"\" width=\"303\" height=\"300\" srcset=\"https:\/\/notisnot.com\/wp-content\/uploads\/2025\/03\/Captura-de-pantalla-2025-03-27-114848-303x300.png 303w, https:\/\/notisnot.com\/wp-content\/uploads\/2025\/03\/Captura-de-pantalla-2025-03-27-114848-91x90.png 91w, https:\/\/notisnot.com\/wp-content\/uploads\/2025\/03\/Captura-de-pantalla-2025-03-27-114848-600x595.png 600w, https:\/\/notisnot.com\/wp-content\/uploads\/2025\/03\/Captura-de-pantalla-2025-03-27-114848-505x501.png 505w, https:\/\/notisnot.com\/wp-content\/uploads\/2025\/03\/Captura-de-pantalla-2025-03-27-114848-768x761.png 768w, https:\/\/notisnot.com\/wp-content\/uploads\/2025\/03\/Captura-de-pantalla-2025-03-27-114848-12x12.png 12w, https:\/\/notisnot.com\/wp-content\/uploads\/2025\/03\/Captura-de-pantalla-2025-03-27-114848.png 898w\" sizes=\"(max-width: 303px) 100vw, 303px\" \/> <img loading=\"lazy\" decoding=\"async\" class=\"alignnone size-medium wp-image-307784\" src=\"https:\/\/notisnot.com\/wp-content\/uploads\/2025\/03\/Captura-de-pantalla-2025-03-27-114855-303x304.png\" alt=\"\" width=\"303\" height=\"304\" srcset=\"https:\/\/notisnot.com\/wp-content\/uploads\/2025\/03\/Captura-de-pantalla-2025-03-27-114855-303x304.png 303w, https:\/\/notisnot.com\/wp-content\/uploads\/2025\/03\/Captura-de-pantalla-2025-03-27-114855-91x91.png 91w, https:\/\/notisnot.com\/wp-content\/uploads\/2025\/03\/Captura-de-pantalla-2025-03-27-114855-600x601.png 600w, https:\/\/notisnot.com\/wp-content\/uploads\/2025\/03\/Captura-de-pantalla-2025-03-27-114855-505x506.png 505w, https:\/\/notisnot.com\/wp-content\/uploads\/2025\/03\/Captura-de-pantalla-2025-03-27-114855-768x770.png 768w, https:\/\/notisnot.com\/wp-content\/uploads\/2025\/03\/Captura-de-pantalla-2025-03-27-114855-12x12.png 12w, https:\/\/notisnot.com\/wp-content\/uploads\/2025\/03\/Captura-de-pantalla-2025-03-27-114855.png 903w\" sizes=\"(max-width: 303px) 100vw, 303px\" \/><\/p>","protected":false},"excerpt":{"rendered":"<p style=\"text-align: left;\">Elegancia y comodidad de la Blusa para mujer \"Dalia\", una prenda dise\u00f1ada para destacar en el mundo de la peluquer\u00eda y el cuidado personal. Esta casaca sin mangas presenta un dise\u00f1o moderno con un toque de sofisticaci\u00f3n, incorporando un bolsillo de parche en el lateral izquierdo para mayor practicidad y estilo. La prenda, semi ajustada y con pinzas en el pecho y la espalda, ofrece un ajuste favorecedor y c\u00f3modo, permitiendo libertad de movimiento durante tus jornadas laborales.<\/p>","protected":false},"featured_media":307781,"comment_status":"open","ping_status":"closed","template":"","meta":{"_acf_changed":false},"product_cat":[611],"product_tag":[],"class_list":{"0":"post-307780","1":"product","2":"type-product","3":"status-publish","4":"has-post-thumbnail","6":"product_cat-comercio","7":"pa_color-malva","8":"pa_color-turquesa-claro","9":"pa_tallaropa-xs","10":"pa_tallaropa-s","12":"first","13":"instock","14":"taxable","15":"shipping-taxable","16":"purchasable","17":"product-type-variable"},"acf":[],"yoast_head":"<!-- This site is optimized with the Yoast SEO plugin v23.4 - https:\/\/yoast.com\/wordpress\/plugins\/seo\/ -->\n<title>Blusa mujer dalia - NOT IS NOT<\/title>\n<meta name=\"robots\" content=\"index, follow, max-snippet:-1, max-image-preview:large, max-video-preview:-1\" \/>\n<link rel=\"canonical\" href=\"https:\/\/notisnot.com\/es\/tienda\/ropa-laboral\/comercio\/blusa-mujer-dalia\/\" \/>\n<meta property=\"og:locale\" content=\"es_ES\" \/>\n<meta property=\"og:type\" content=\"article\" \/>\n<meta property=\"og:title\" content=\"Blusa mujer dalia - NOT IS NOT\" \/>\n<meta property=\"og:description\" content=\"Elegancia y comodidad de la Blusa para mujer &quot;Dalia&quot;, una prenda dise\u00f1ada para destacar en el mundo de la peluquer\u00eda y el cuidado personal. Esta casaca sin mangas presenta un dise\u00f1o moderno con un toque de sofisticaci\u00f3n, incorporando un bolsillo de parche en el lateral izquierdo para mayor practicidad y estilo. La prenda, semi ajustada y con pinzas en el pecho y la espalda, ofrece un ajuste favorecedor y c\u00f3modo, permitiendo libertad de movimiento durante tus jornadas laborales.\" \/>\n<meta property=\"og:url\" content=\"https:\/\/notisnot.com\/es\/tienda\/ropa-laboral\/comercio\/blusa-mujer-dalia\/\" \/>\n<meta property=\"og:site_name\" content=\"NOT IS NOT\" \/>\n<meta property=\"article:publisher\" content=\"https:\/\/www.facebook.com\/notisnotofficial\/\" \/>\n<meta property=\"article:modified_time\" content=\"2025-06-23T06:15:38+00:00\" \/>\n<meta property=\"og:image\" content=\"http:\/\/notisnot.com\/wp-content\/uploads\/2025\/03\/Captura-de-pantalla-2025-03-27-114828.png\" \/>\n\t<meta property=\"og:image:width\" content=\"904\" \/>\n\t<meta property=\"og:image:height\" content=\"904\" \/>\n\t<meta property=\"og:image:type\" content=\"image\/png\" \/>\n<meta name=\"twitter:card\" content=\"summary_large_image\" \/>\n<meta name=\"twitter:label1\" content=\"Tiempo de lectura\" \/>\n\t<meta name=\"twitter:data1\" content=\"1 minuto\" \/>\n<script type=\"application\/ld+json\" class=\"yoast-schema-graph\">{\"@context\":\"https:\/\/schema.org\",\"@graph\":[{\"@type\":\"WebPage\",\"@id\":\"http:\/\/notisnot.com\/tienda\/ropa-laboral\/comercio\/blusa-mujer-dalia\/\",\"url\":\"http:\/\/notisnot.com\/tienda\/ropa-laboral\/comercio\/blusa-mujer-dalia\/\",\"name\":\"Blusa mujer dalia - NOT IS NOT\",\"isPartOf\":{\"@id\":\"https:\/\/notisnot.com\/#website\"},\"primaryImageOfPage\":{\"@id\":\"http:\/\/notisnot.com\/tienda\/ropa-laboral\/comercio\/blusa-mujer-dalia\/#primaryimage\"},\"image\":{\"@id\":\"http:\/\/notisnot.com\/tienda\/ropa-laboral\/comercio\/blusa-mujer-dalia\/#primaryimage\"},\"thumbnailUrl\":\"https:\/\/notisnot.com\/wp-content\/uploads\/2025\/03\/Captura-de-pantalla-2025-03-27-114828.png\",\"datePublished\":\"2025-03-27T10:50:37+00:00\",\"dateModified\":\"2025-06-23T06:15:38+00:00\",\"breadcrumb\":{\"@id\":\"http:\/\/notisnot.com\/tienda\/ropa-laboral\/comercio\/blusa-mujer-dalia\/#breadcrumb\"},\"inLanguage\":\"es\",\"potentialAction\":[{\"@type\":\"ReadAction\",\"target\":[\"http:\/\/notisnot.com\/tienda\/ropa-laboral\/comercio\/blusa-mujer-dalia\/\"]}]},{\"@type\":\"ImageObject\",\"inLanguage\":\"es\",\"@id\":\"http:\/\/notisnot.com\/tienda\/ropa-laboral\/comercio\/blusa-mujer-dalia\/#primaryimage\",\"url\":\"https:\/\/notisnot.com\/wp-content\/uploads\/2025\/03\/Captura-de-pantalla-2025-03-27-114828.png\",\"contentUrl\":\"https:\/\/notisnot.com\/wp-content\/uploads\/2025\/03\/Captura-de-pantalla-2025-03-27-114828.png\",\"width\":904,\"height\":904},{\"@type\":\"BreadcrumbList\",\"@id\":\"http:\/\/notisnot.com\/tienda\/ropa-laboral\/comercio\/blusa-mujer-dalia\/#breadcrumb\",\"itemListElement\":[{\"@type\":\"ListItem\",\"position\":1,\"name\":\"Home\",\"item\":\"http:\/\/notisnot.com\/\"},{\"@type\":\"ListItem\",\"position\":2,\"name\":\"Tienda\",\"item\":\"http:\/\/notisnot.com\/tienda-woocomerce\/\"},{\"@type\":\"ListItem\",\"position\":3,\"name\":\"Blusa mujer dalia\"}]},{\"@type\":\"WebSite\",\"@id\":\"https:\/\/notisnot.com\/#website\",\"url\":\"https:\/\/notisnot.com\/\",\"name\":\"NOT IS NOT\",\"description\":\"\",\"potentialAction\":[{\"@type\":\"SearchAction\",\"target\":{\"@type\":\"EntryPoint\",\"urlTemplate\":\"https:\/\/notisnot.com\/?s={search_term_string}\"},\"query-input\":{\"@type\":\"PropertyValueSpecification\",\"valueRequired\":true,\"valueName\":\"search_term_string\"}}],\"inLanguage\":\"es\"}]}<\/script>\n<!-- \/ Yoast SEO plugin. -->","yoast_head_json":{"title":"Blusa mujer dalia - NOT IS NOT","robots":{"index":"index","follow":"follow","max-snippet":"max-snippet:-1","max-image-preview":"max-image-preview:large","max-video-preview":"max-video-preview:-1"},"canonical":"https:\/\/notisnot.com\/es\/tienda\/ropa-laboral\/comercio\/blusa-mujer-dalia\/","og_locale":"es_ES","og_type":"article","og_title":"Blusa mujer dalia - NOT IS NOT","og_description":"Elegancia y comodidad de la Blusa para mujer \"Dalia\", una prenda dise\u00f1ada para destacar en el mundo de la peluquer\u00eda y el cuidado personal. Esta casaca sin mangas presenta un dise\u00f1o moderno con un toque de sofisticaci\u00f3n, incorporando un bolsillo de parche en el lateral izquierdo para mayor practicidad y estilo. La prenda, semi ajustada y con pinzas en el pecho y la espalda, ofrece un ajuste favorecedor y c\u00f3modo, permitiendo libertad de movimiento durante tus jornadas laborales.","og_url":"https:\/\/notisnot.com\/es\/tienda\/ropa-laboral\/comercio\/blusa-mujer-dalia\/","og_site_name":"NOT IS NOT","article_publisher":"https:\/\/www.facebook.com\/notisnotofficial\/","article_modified_time":"2025-06-23T06:15:38+00:00","og_image":[{"width":904,"height":904,"url":"http:\/\/notisnot.com\/wp-content\/uploads\/2025\/03\/Captura-de-pantalla-2025-03-27-114828.png","type":"image\/png"}],"twitter_card":"summary_large_image","twitter_misc":{"Tiempo de lectura":"1 minuto"},"schema":{"@context":"https:\/\/schema.org","@graph":[{"@type":"WebPage","@id":"http:\/\/notisnot.com\/tienda\/ropa-laboral\/comercio\/blusa-mujer-dalia\/","url":"http:\/\/notisnot.com\/tienda\/ropa-laboral\/comercio\/blusa-mujer-dalia\/","name":"Blusa mujer dalia - NOT IS NOT","isPartOf":{"@id":"https:\/\/notisnot.com\/#website"},"primaryImageOfPage":{"@id":"http:\/\/notisnot.com\/tienda\/ropa-laboral\/comercio\/blusa-mujer-dalia\/#primaryimage"},"image":{"@id":"http:\/\/notisnot.com\/tienda\/ropa-laboral\/comercio\/blusa-mujer-dalia\/#primaryimage"},"thumbnailUrl":"https:\/\/notisnot.com\/wp-content\/uploads\/2025\/03\/Captura-de-pantalla-2025-03-27-114828.png","datePublished":"2025-03-27T10:50:37+00:00","dateModified":"2025-06-23T06:15:38+00:00","breadcrumb":{"@id":"http:\/\/notisnot.com\/tienda\/ropa-laboral\/comercio\/blusa-mujer-dalia\/#breadcrumb"},"inLanguage":"es","potentialAction":[{"@type":"ReadAction","target":["http:\/\/notisnot.com\/tienda\/ropa-laboral\/comercio\/blusa-mujer-dalia\/"]}]},{"@type":"ImageObject","inLanguage":"es","@id":"http:\/\/notisnot.com\/tienda\/ropa-laboral\/comercio\/blusa-mujer-dalia\/#primaryimage","url":"https:\/\/notisnot.com\/wp-content\/uploads\/2025\/03\/Captura-de-pantalla-2025-03-27-114828.png","contentUrl":"https:\/\/notisnot.com\/wp-content\/uploads\/2025\/03\/Captura-de-pantalla-2025-03-27-114828.png","width":904,"height":904},{"@type":"BreadcrumbList","@id":"http:\/\/notisnot.com\/tienda\/ropa-laboral\/comercio\/blusa-mujer-dalia\/#breadcrumb","itemListElement":[{"@type":"ListItem","position":1,"name":"Home","item":"http:\/\/notisnot.com\/"},{"@type":"ListItem","position":2,"name":"Tienda","item":"http:\/\/notisnot.com\/tienda-woocomerce\/"},{"@type":"ListItem","position":3,"name":"Blusa mujer dalia"}]},{"@type":"WebSite","@id":"https:\/\/notisnot.com\/#website","url":"https:\/\/notisnot.com\/","name":"NOT IS NOT","description":"","potentialAction":[{"@type":"SearchAction","target":{"@type":"EntryPoint","urlTemplate":"https:\/\/notisnot.com\/?s={search_term_string}"},"query-input":{"@type":"PropertyValueSpecification","valueRequired":true,"valueName":"search_term_string"}}],"inLanguage":"es"}]}},"_links":{"self":[{"href":"https:\/\/notisnot.com\/es\/wp-json\/wp\/v2\/product\/307780"}],"collection":[{"href":"https:\/\/notisnot.com\/es\/wp-json\/wp\/v2\/product"}],"about":[{"href":"https:\/\/notisnot.com\/es\/wp-json\/wp\/v2\/types\/product"}],"replies":[{"embeddable":true,"href":"https:\/\/notisnot.com\/es\/wp-json\/wp\/v2\/comments?post=307780"}],"wp:featuredmedia":[{"embeddable":true,"href":"https:\/\/notisnot.com\/es\/wp-json\/wp\/v2\/media\/307781"}],"wp:attachment":[{"href":"https:\/\/notisnot.com\/es\/wp-json\/wp\/v2\/media?parent=307780"}],"wp:term":[{"taxonomy":"product_cat","embeddable":true,"href":"https:\/\/notisnot.com\/es\/wp-json\/wp\/v2\/product_cat?post=307780"},{"taxonomy":"product_tag","embeddable":true,"href":"https:\/\/notisnot.com\/es\/wp-json\/wp\/v2\/product_tag?post=307780"}],"curies":[{"name":"wp","href":"https:\/\/api.w.org\/{rel}","templated":true}]}}