{"id":307515,"date":"2025-03-25T11:42:13","date_gmt":"2025-03-25T11:42:13","guid":{"rendered":"https:\/\/notisnot.com\/?post_type=product&#038;p=307515"},"modified":"2025-06-23T05:38:45","modified_gmt":"2025-06-23T05:38:45","slug":"casulla-bicolor-protea","status":"publish","type":"product","link":"https:\/\/notisnot.com\/es\/tienda\/ropa-laboral\/comercio\/casulla-bicolor-protea\/","title":{"rendered":"Casulla Bicolor Protea"},"content":{"rendered":"<p><img loading=\"lazy\" decoding=\"async\" class=\"alignnone size-medium wp-image-307519\" src=\"https:\/\/notisnot.com\/wp-content\/uploads\/2025\/03\/Captura-de-pantalla-2025-03-25-123209-303x304.png\" alt=\"\" width=\"303\" height=\"304\" srcset=\"https:\/\/notisnot.com\/wp-content\/uploads\/2025\/03\/Captura-de-pantalla-2025-03-25-123209-303x304.png 303w, https:\/\/notisnot.com\/wp-content\/uploads\/2025\/03\/Captura-de-pantalla-2025-03-25-123209-505x507.png 505w, https:\/\/notisnot.com\/wp-content\/uploads\/2025\/03\/Captura-de-pantalla-2025-03-25-123209-768x771.png 768w, https:\/\/notisnot.com\/wp-content\/uploads\/2025\/03\/Captura-de-pantalla-2025-03-25-123209-12x12.png 12w, https:\/\/notisnot.com\/wp-content\/uploads\/2025\/03\/Captura-de-pantalla-2025-03-25-123209-20x20.png 20w, https:\/\/notisnot.com\/wp-content\/uploads\/2025\/03\/Captura-de-pantalla-2025-03-25-123209-600x603.png 600w, https:\/\/notisnot.com\/wp-content\/uploads\/2025\/03\/Captura-de-pantalla-2025-03-25-123209-91x91.png 91w, https:\/\/notisnot.com\/wp-content\/uploads\/2025\/03\/Captura-de-pantalla-2025-03-25-123209-50x50.png 50w, https:\/\/notisnot.com\/wp-content\/uploads\/2025\/03\/Captura-de-pantalla-2025-03-25-123209-100x100.png 100w, https:\/\/notisnot.com\/wp-content\/uploads\/2025\/03\/Captura-de-pantalla-2025-03-25-123209.png 905w\" sizes=\"(max-width: 303px) 100vw, 303px\" \/> <img loading=\"lazy\" decoding=\"async\" class=\"alignnone size-medium wp-image-307520\" src=\"https:\/\/notisnot.com\/wp-content\/uploads\/2025\/03\/Captura-de-pantalla-2025-03-25-123220-303x304.png\" alt=\"\" width=\"303\" height=\"304\" srcset=\"https:\/\/notisnot.com\/wp-content\/uploads\/2025\/03\/Captura-de-pantalla-2025-03-25-123220-303x304.png 303w, https:\/\/notisnot.com\/wp-content\/uploads\/2025\/03\/Captura-de-pantalla-2025-03-25-123220-505x507.png 505w, https:\/\/notisnot.com\/wp-content\/uploads\/2025\/03\/Captura-de-pantalla-2025-03-25-123220-768x771.png 768w, https:\/\/notisnot.com\/wp-content\/uploads\/2025\/03\/Captura-de-pantalla-2025-03-25-123220-12x12.png 12w, https:\/\/notisnot.com\/wp-content\/uploads\/2025\/03\/Captura-de-pantalla-2025-03-25-123220-20x20.png 20w, https:\/\/notisnot.com\/wp-content\/uploads\/2025\/03\/Captura-de-pantalla-2025-03-25-123220-600x603.png 600w, https:\/\/notisnot.com\/wp-content\/uploads\/2025\/03\/Captura-de-pantalla-2025-03-25-123220-91x91.png 91w, https:\/\/notisnot.com\/wp-content\/uploads\/2025\/03\/Captura-de-pantalla-2025-03-25-123220-50x50.png 50w, https:\/\/notisnot.com\/wp-content\/uploads\/2025\/03\/Captura-de-pantalla-2025-03-25-123220-100x100.png 100w, https:\/\/notisnot.com\/wp-content\/uploads\/2025\/03\/Captura-de-pantalla-2025-03-25-123220.png 899w\" sizes=\"(max-width: 303px) 100vw, 303px\" \/> <img loading=\"lazy\" decoding=\"async\" class=\"alignnone size-medium wp-image-307521\" src=\"https:\/\/notisnot.com\/wp-content\/uploads\/2025\/03\/Captura-de-pantalla-2025-03-25-123228-303x304.png\" alt=\"\" width=\"303\" height=\"304\" srcset=\"https:\/\/notisnot.com\/wp-content\/uploads\/2025\/03\/Captura-de-pantalla-2025-03-25-123228-303x304.png 303w, https:\/\/notisnot.com\/wp-content\/uploads\/2025\/03\/Captura-de-pantalla-2025-03-25-123228-505x506.png 505w, https:\/\/notisnot.com\/wp-content\/uploads\/2025\/03\/Captura-de-pantalla-2025-03-25-123228-768x770.png 768w, https:\/\/notisnot.com\/wp-content\/uploads\/2025\/03\/Captura-de-pantalla-2025-03-25-123228-12x12.png 12w, https:\/\/notisnot.com\/wp-content\/uploads\/2025\/03\/Captura-de-pantalla-2025-03-25-123228-20x20.png 20w, https:\/\/notisnot.com\/wp-content\/uploads\/2025\/03\/Captura-de-pantalla-2025-03-25-123228-600x601.png 600w, https:\/\/notisnot.com\/wp-content\/uploads\/2025\/03\/Captura-de-pantalla-2025-03-25-123228-91x91.png 91w, https:\/\/notisnot.com\/wp-content\/uploads\/2025\/03\/Captura-de-pantalla-2025-03-25-123228-50x50.png 50w, https:\/\/notisnot.com\/wp-content\/uploads\/2025\/03\/Captura-de-pantalla-2025-03-25-123228-100x100.png 100w, https:\/\/notisnot.com\/wp-content\/uploads\/2025\/03\/Captura-de-pantalla-2025-03-25-123228.png 900w\" sizes=\"(max-width: 303px) 100vw, 303px\" \/> <img loading=\"lazy\" decoding=\"async\" class=\"alignnone size-medium wp-image-307522\" src=\"https:\/\/notisnot.com\/wp-content\/uploads\/2025\/03\/Captura-de-pantalla-2025-03-25-123303-303x304.png\" alt=\"\" width=\"303\" height=\"304\" srcset=\"https:\/\/notisnot.com\/wp-content\/uploads\/2025\/03\/Captura-de-pantalla-2025-03-25-123303-303x304.png 303w, https:\/\/notisnot.com\/wp-content\/uploads\/2025\/03\/Captura-de-pantalla-2025-03-25-123303-505x507.png 505w, https:\/\/notisnot.com\/wp-content\/uploads\/2025\/03\/Captura-de-pantalla-2025-03-25-123303-768x771.png 768w, https:\/\/notisnot.com\/wp-content\/uploads\/2025\/03\/Captura-de-pantalla-2025-03-25-123303-12x12.png 12w, https:\/\/notisnot.com\/wp-content\/uploads\/2025\/03\/Captura-de-pantalla-2025-03-25-123303-20x20.png 20w, https:\/\/notisnot.com\/wp-content\/uploads\/2025\/03\/Captura-de-pantalla-2025-03-25-123303-600x603.png 600w, https:\/\/notisnot.com\/wp-content\/uploads\/2025\/03\/Captura-de-pantalla-2025-03-25-123303-91x91.png 91w, https:\/\/notisnot.com\/wp-content\/uploads\/2025\/03\/Captura-de-pantalla-2025-03-25-123303-50x50.png 50w, https:\/\/notisnot.com\/wp-content\/uploads\/2025\/03\/Captura-de-pantalla-2025-03-25-123303-100x100.png 100w, https:\/\/notisnot.com\/wp-content\/uploads\/2025\/03\/Captura-de-pantalla-2025-03-25-123303.png 904w\" sizes=\"(max-width: 303px) 100vw, 303px\" \/> <img loading=\"lazy\" decoding=\"async\" class=\"alignnone size-medium wp-image-307523\" src=\"https:\/\/notisnot.com\/wp-content\/uploads\/2025\/03\/Captura-de-pantalla-2025-03-25-123737-303x300.png\" alt=\"\" width=\"303\" height=\"300\" srcset=\"https:\/\/notisnot.com\/wp-content\/uploads\/2025\/03\/Captura-de-pantalla-2025-03-25-123737-303x300.png 303w, https:\/\/notisnot.com\/wp-content\/uploads\/2025\/03\/Captura-de-pantalla-2025-03-25-123737-505x501.png 505w, https:\/\/notisnot.com\/wp-content\/uploads\/2025\/03\/Captura-de-pantalla-2025-03-25-123737-768x761.png 768w, https:\/\/notisnot.com\/wp-content\/uploads\/2025\/03\/Captura-de-pantalla-2025-03-25-123737-12x12.png 12w, https:\/\/notisnot.com\/wp-content\/uploads\/2025\/03\/Captura-de-pantalla-2025-03-25-123737-20x20.png 20w, https:\/\/notisnot.com\/wp-content\/uploads\/2025\/03\/Captura-de-pantalla-2025-03-25-123737-600x595.png 600w, https:\/\/notisnot.com\/wp-content\/uploads\/2025\/03\/Captura-de-pantalla-2025-03-25-123737-91x90.png 91w, https:\/\/notisnot.com\/wp-content\/uploads\/2025\/03\/Captura-de-pantalla-2025-03-25-123737-50x50.png 50w, https:\/\/notisnot.com\/wp-content\/uploads\/2025\/03\/Captura-de-pantalla-2025-03-25-123737-100x100.png 100w, https:\/\/notisnot.com\/wp-content\/uploads\/2025\/03\/Captura-de-pantalla-2025-03-25-123737.png 908w\" sizes=\"(max-width: 303px) 100vw, 303px\" \/> <img loading=\"lazy\" decoding=\"async\" class=\"alignnone size-medium wp-image-307524\" src=\"https:\/\/notisnot.com\/wp-content\/uploads\/2025\/03\/Captura-de-pantalla-2025-03-25-123744-303x301.png\" alt=\"\" width=\"303\" height=\"301\" srcset=\"https:\/\/notisnot.com\/wp-content\/uploads\/2025\/03\/Captura-de-pantalla-2025-03-25-123744-303x301.png 303w, https:\/\/notisnot.com\/wp-content\/uploads\/2025\/03\/Captura-de-pantalla-2025-03-25-123744-505x502.png 505w, https:\/\/notisnot.com\/wp-content\/uploads\/2025\/03\/Captura-de-pantalla-2025-03-25-123744-768x764.png 768w, https:\/\/notisnot.com\/wp-content\/uploads\/2025\/03\/Captura-de-pantalla-2025-03-25-123744-12x12.png 12w, https:\/\/notisnot.com\/wp-content\/uploads\/2025\/03\/Captura-de-pantalla-2025-03-25-123744-20x20.png 20w, https:\/\/notisnot.com\/wp-content\/uploads\/2025\/03\/Captura-de-pantalla-2025-03-25-123744-600x597.png 600w, https:\/\/notisnot.com\/wp-content\/uploads\/2025\/03\/Captura-de-pantalla-2025-03-25-123744-91x90.png 91w, https:\/\/notisnot.com\/wp-content\/uploads\/2025\/03\/Captura-de-pantalla-2025-03-25-123744-50x50.png 50w, https:\/\/notisnot.com\/wp-content\/uploads\/2025\/03\/Captura-de-pantalla-2025-03-25-123744-100x100.png 100w, https:\/\/notisnot.com\/wp-content\/uploads\/2025\/03\/Captura-de-pantalla-2025-03-25-123744.png 906w\" sizes=\"(max-width: 303px) 100vw, 303px\" \/><\/p>","protected":false},"excerpt":{"rendered":"<p>Distinci\u00f3n y estilo en la Casulla Bicolor PROTEA, una opci\u00f3n \u00fanica dise\u00f1ada para profesionales de peluquer\u00edas, barber\u00edas y centros de belleza. Su dise\u00f1o sin mangas y elegante escote cuadrado, en combinaci\u00f3n con el color negro y detalles en dos opciones de color, logran la armon\u00eda perfecta entre sobriedad y estilo.<\/p>","protected":false},"featured_media":307519,"comment_status":"open","ping_status":"closed","template":"","meta":{"_acf_changed":false},"product_cat":[611],"product_tag":[],"class_list":{"0":"post-307515","1":"product","2":"type-product","3":"status-publish","4":"has-post-thumbnail","6":"product_cat-comercio","7":"pa_color-albero","8":"pa_color-burdeos","9":"pa_tallaropa-talla-unica","11":"first","12":"instock","13":"taxable","14":"shipping-taxable","15":"purchasable","16":"product-type-variable"},"acf":[],"yoast_head":"<!-- This site is optimized with the Yoast SEO plugin v23.4 - https:\/\/yoast.com\/wordpress\/plugins\/seo\/ -->\n<title>Casulla Bicolor Protea - NOT IS NOT<\/title>\n<meta name=\"robots\" content=\"index, follow, max-snippet:-1, max-image-preview:large, max-video-preview:-1\" \/>\n<link rel=\"canonical\" href=\"https:\/\/notisnot.com\/es\/tienda\/ropa-laboral\/comercio\/casulla-bicolor-protea\/\" \/>\n<meta property=\"og:locale\" content=\"es_ES\" \/>\n<meta property=\"og:type\" content=\"article\" \/>\n<meta property=\"og:title\" content=\"Casulla Bicolor Protea - NOT IS NOT\" \/>\n<meta property=\"og:description\" content=\"Distinci\u00f3n y estilo en la Casulla Bicolor PROTEA, una opci\u00f3n \u00fanica dise\u00f1ada para profesionales de peluquer\u00edas, barber\u00edas y centros de belleza. Su dise\u00f1o sin mangas y elegante escote cuadrado, en combinaci\u00f3n con el color negro y detalles en dos opciones de color, logran la armon\u00eda perfecta entre sobriedad y estilo.\" \/>\n<meta property=\"og:url\" content=\"https:\/\/notisnot.com\/es\/tienda\/ropa-laboral\/comercio\/casulla-bicolor-protea\/\" \/>\n<meta property=\"og:site_name\" content=\"NOT IS NOT\" \/>\n<meta property=\"article:publisher\" content=\"https:\/\/www.facebook.com\/notisnotofficial\/\" \/>\n<meta property=\"article:modified_time\" content=\"2025-06-23T05:38:45+00:00\" \/>\n<meta property=\"og:image\" content=\"http:\/\/notisnot.com\/wp-content\/uploads\/2025\/03\/Captura-de-pantalla-2025-03-25-123209.png\" \/>\n\t<meta property=\"og:image:width\" content=\"905\" \/>\n\t<meta property=\"og:image:height\" content=\"909\" \/>\n\t<meta property=\"og:image:type\" content=\"image\/png\" \/>\n<meta name=\"twitter:card\" content=\"summary_large_image\" \/>\n<meta name=\"twitter:label1\" content=\"Tiempo de lectura\" \/>\n\t<meta name=\"twitter:data1\" content=\"2 minutos\" \/>\n<script type=\"application\/ld+json\" class=\"yoast-schema-graph\">{\"@context\":\"https:\/\/schema.org\",\"@graph\":[{\"@type\":\"WebPage\",\"@id\":\"http:\/\/notisnot.com\/tienda\/ropa-laboral\/comercio\/casulla-bicolor-protea\/\",\"url\":\"http:\/\/notisnot.com\/tienda\/ropa-laboral\/comercio\/casulla-bicolor-protea\/\",\"name\":\"Casulla Bicolor Protea - NOT IS NOT\",\"isPartOf\":{\"@id\":\"http:\/\/notisnot.com\/#website\"},\"primaryImageOfPage\":{\"@id\":\"http:\/\/notisnot.com\/tienda\/ropa-laboral\/comercio\/casulla-bicolor-protea\/#primaryimage\"},\"image\":{\"@id\":\"http:\/\/notisnot.com\/tienda\/ropa-laboral\/comercio\/casulla-bicolor-protea\/#primaryimage\"},\"thumbnailUrl\":\"https:\/\/notisnot.com\/wp-content\/uploads\/2025\/03\/Captura-de-pantalla-2025-03-25-123209.png\",\"datePublished\":\"2025-03-25T11:42:13+00:00\",\"dateModified\":\"2025-06-23T05:38:45+00:00\",\"breadcrumb\":{\"@id\":\"http:\/\/notisnot.com\/tienda\/ropa-laboral\/comercio\/casulla-bicolor-protea\/#breadcrumb\"},\"inLanguage\":\"es\",\"potentialAction\":[{\"@type\":\"ReadAction\",\"target\":[\"http:\/\/notisnot.com\/tienda\/ropa-laboral\/comercio\/casulla-bicolor-protea\/\"]}]},{\"@type\":\"ImageObject\",\"inLanguage\":\"es\",\"@id\":\"http:\/\/notisnot.com\/tienda\/ropa-laboral\/comercio\/casulla-bicolor-protea\/#primaryimage\",\"url\":\"https:\/\/notisnot.com\/wp-content\/uploads\/2025\/03\/Captura-de-pantalla-2025-03-25-123209.png\",\"contentUrl\":\"https:\/\/notisnot.com\/wp-content\/uploads\/2025\/03\/Captura-de-pantalla-2025-03-25-123209.png\",\"width\":905,\"height\":909},{\"@type\":\"BreadcrumbList\",\"@id\":\"http:\/\/notisnot.com\/tienda\/ropa-laboral\/comercio\/casulla-bicolor-protea\/#breadcrumb\",\"itemListElement\":[{\"@type\":\"ListItem\",\"position\":1,\"name\":\"Home\",\"item\":\"http:\/\/notisnot.com\/\"},{\"@type\":\"ListItem\",\"position\":2,\"name\":\"Tienda\",\"item\":\"https:\/\/notisnot.com\/es\/tienda-woocomerce\/\"},{\"@type\":\"ListItem\",\"position\":3,\"name\":\"Casulla Bicolor Protea\"}]},{\"@type\":\"WebSite\",\"@id\":\"http:\/\/notisnot.com\/#website\",\"url\":\"http:\/\/notisnot.com\/\",\"name\":\"NOT IS NOT\",\"description\":\"\",\"potentialAction\":[{\"@type\":\"SearchAction\",\"target\":{\"@type\":\"EntryPoint\",\"urlTemplate\":\"http:\/\/notisnot.com\/?s={search_term_string}\"},\"query-input\":{\"@type\":\"PropertyValueSpecification\",\"valueRequired\":true,\"valueName\":\"search_term_string\"}}],\"inLanguage\":\"es\"}]}<\/script>\n<!-- \/ Yoast SEO plugin. -->","yoast_head_json":{"title":"Casulla Bicolor Protea - NOT IS NOT","robots":{"index":"index","follow":"follow","max-snippet":"max-snippet:-1","max-image-preview":"max-image-preview:large","max-video-preview":"max-video-preview:-1"},"canonical":"https:\/\/notisnot.com\/es\/tienda\/ropa-laboral\/comercio\/casulla-bicolor-protea\/","og_locale":"es_ES","og_type":"article","og_title":"Casulla Bicolor Protea - NOT IS NOT","og_description":"Distinci\u00f3n y estilo en la Casulla Bicolor PROTEA, una opci\u00f3n \u00fanica dise\u00f1ada para profesionales de peluquer\u00edas, barber\u00edas y centros de belleza. Su dise\u00f1o sin mangas y elegante escote cuadrado, en combinaci\u00f3n con el color negro y detalles en dos opciones de color, logran la armon\u00eda perfecta entre sobriedad y estilo.","og_url":"https:\/\/notisnot.com\/es\/tienda\/ropa-laboral\/comercio\/casulla-bicolor-protea\/","og_site_name":"NOT IS NOT","article_publisher":"https:\/\/www.facebook.com\/notisnotofficial\/","article_modified_time":"2025-06-23T05:38:45+00:00","og_image":[{"width":905,"height":909,"url":"http:\/\/notisnot.com\/wp-content\/uploads\/2025\/03\/Captura-de-pantalla-2025-03-25-123209.png","type":"image\/png"}],"twitter_card":"summary_large_image","twitter_misc":{"Tiempo de lectura":"2 minutos"},"schema":{"@context":"https:\/\/schema.org","@graph":[{"@type":"WebPage","@id":"http:\/\/notisnot.com\/tienda\/ropa-laboral\/comercio\/casulla-bicolor-protea\/","url":"http:\/\/notisnot.com\/tienda\/ropa-laboral\/comercio\/casulla-bicolor-protea\/","name":"Casulla Bicolor Protea - NOT IS NOT","isPartOf":{"@id":"http:\/\/notisnot.com\/#website"},"primaryImageOfPage":{"@id":"http:\/\/notisnot.com\/tienda\/ropa-laboral\/comercio\/casulla-bicolor-protea\/#primaryimage"},"image":{"@id":"http:\/\/notisnot.com\/tienda\/ropa-laboral\/comercio\/casulla-bicolor-protea\/#primaryimage"},"thumbnailUrl":"https:\/\/notisnot.com\/wp-content\/uploads\/2025\/03\/Captura-de-pantalla-2025-03-25-123209.png","datePublished":"2025-03-25T11:42:13+00:00","dateModified":"2025-06-23T05:38:45+00:00","breadcrumb":{"@id":"http:\/\/notisnot.com\/tienda\/ropa-laboral\/comercio\/casulla-bicolor-protea\/#breadcrumb"},"inLanguage":"es","potentialAction":[{"@type":"ReadAction","target":["http:\/\/notisnot.com\/tienda\/ropa-laboral\/comercio\/casulla-bicolor-protea\/"]}]},{"@type":"ImageObject","inLanguage":"es","@id":"http:\/\/notisnot.com\/tienda\/ropa-laboral\/comercio\/casulla-bicolor-protea\/#primaryimage","url":"https:\/\/notisnot.com\/wp-content\/uploads\/2025\/03\/Captura-de-pantalla-2025-03-25-123209.png","contentUrl":"https:\/\/notisnot.com\/wp-content\/uploads\/2025\/03\/Captura-de-pantalla-2025-03-25-123209.png","width":905,"height":909},{"@type":"BreadcrumbList","@id":"http:\/\/notisnot.com\/tienda\/ropa-laboral\/comercio\/casulla-bicolor-protea\/#breadcrumb","itemListElement":[{"@type":"ListItem","position":1,"name":"Home","item":"http:\/\/notisnot.com\/"},{"@type":"ListItem","position":2,"name":"Tienda","item":"https:\/\/notisnot.com\/es\/tienda-woocomerce\/"},{"@type":"ListItem","position":3,"name":"Casulla Bicolor Protea"}]},{"@type":"WebSite","@id":"http:\/\/notisnot.com\/#website","url":"http:\/\/notisnot.com\/","name":"NOT IS NOT","description":"","potentialAction":[{"@type":"SearchAction","target":{"@type":"EntryPoint","urlTemplate":"http:\/\/notisnot.com\/?s={search_term_string}"},"query-input":{"@type":"PropertyValueSpecification","valueRequired":true,"valueName":"search_term_string"}}],"inLanguage":"es"}]}},"_links":{"self":[{"href":"https:\/\/notisnot.com\/es\/wp-json\/wp\/v2\/product\/307515"}],"collection":[{"href":"https:\/\/notisnot.com\/es\/wp-json\/wp\/v2\/product"}],"about":[{"href":"https:\/\/notisnot.com\/es\/wp-json\/wp\/v2\/types\/product"}],"replies":[{"embeddable":true,"href":"https:\/\/notisnot.com\/es\/wp-json\/wp\/v2\/comments?post=307515"}],"wp:featuredmedia":[{"embeddable":true,"href":"https:\/\/notisnot.com\/es\/wp-json\/wp\/v2\/media\/307519"}],"wp:attachment":[{"href":"https:\/\/notisnot.com\/es\/wp-json\/wp\/v2\/media?parent=307515"}],"wp:term":[{"taxonomy":"product_cat","embeddable":true,"href":"https:\/\/notisnot.com\/es\/wp-json\/wp\/v2\/product_cat?post=307515"},{"taxonomy":"product_tag","embeddable":true,"href":"https:\/\/notisnot.com\/es\/wp-json\/wp\/v2\/product_tag?post=307515"}],"curies":[{"name":"wp","href":"https:\/\/api.w.org\/{rel}","templated":true}]}}