{"id":306119,"date":"2025-03-20T11:54:45","date_gmt":"2025-03-20T11:54:45","guid":{"rendered":"https:\/\/notisnot.com\/?post_type=product&#038;p=306119"},"modified":"2025-06-23T13:58:46","modified_gmt":"2025-06-23T13:58:46","slug":"blusa-hombre-fidel","status":"publish","type":"product","link":"https:\/\/notisnot.com\/es\/tienda\/ropa-laboral\/sanitario\/chaquetas-sanitario\/blusa-hombre-fidel\/","title":{"rendered":"Blusa hombre Fidel"},"content":{"rendered":"<p><img loading=\"lazy\" decoding=\"async\" class=\"alignnone size-medium wp-image-306120\" src=\"https:\/\/notisnot.com\/wp-content\/uploads\/2025\/03\/Captura-de-pantalla-2025-03-19-132403-303x300.png\" alt=\"\" width=\"303\" height=\"300\" srcset=\"https:\/\/notisnot.com\/wp-content\/uploads\/2025\/03\/Captura-de-pantalla-2025-03-19-132403-303x300.png 303w, https:\/\/notisnot.com\/wp-content\/uploads\/2025\/03\/Captura-de-pantalla-2025-03-19-132403-505x501.png 505w, https:\/\/notisnot.com\/wp-content\/uploads\/2025\/03\/Captura-de-pantalla-2025-03-19-132403-768x761.png 768w, https:\/\/notisnot.com\/wp-content\/uploads\/2025\/03\/Captura-de-pantalla-2025-03-19-132403-12x12.png 12w, https:\/\/notisnot.com\/wp-content\/uploads\/2025\/03\/Captura-de-pantalla-2025-03-19-132403-20x20.png 20w, https:\/\/notisnot.com\/wp-content\/uploads\/2025\/03\/Captura-de-pantalla-2025-03-19-132403-600x595.png 600w, https:\/\/notisnot.com\/wp-content\/uploads\/2025\/03\/Captura-de-pantalla-2025-03-19-132403-91x90.png 91w, https:\/\/notisnot.com\/wp-content\/uploads\/2025\/03\/Captura-de-pantalla-2025-03-19-132403-50x50.png 50w, https:\/\/notisnot.com\/wp-content\/uploads\/2025\/03\/Captura-de-pantalla-2025-03-19-132403-100x100.png 100w, https:\/\/notisnot.com\/wp-content\/uploads\/2025\/03\/Captura-de-pantalla-2025-03-19-132403.png 903w\" sizes=\"(max-width: 303px) 100vw, 303px\" \/> <img loading=\"lazy\" decoding=\"async\" class=\"alignnone size-medium wp-image-306121\" src=\"https:\/\/notisnot.com\/wp-content\/uploads\/2025\/03\/Captura-de-pantalla-2025-03-19-132412-303x302.png\" alt=\"\" width=\"303\" height=\"302\" srcset=\"https:\/\/notisnot.com\/wp-content\/uploads\/2025\/03\/Captura-de-pantalla-2025-03-19-132412-303x302.png 303w, https:\/\/notisnot.com\/wp-content\/uploads\/2025\/03\/Captura-de-pantalla-2025-03-19-132412-505x503.png 505w, https:\/\/notisnot.com\/wp-content\/uploads\/2025\/03\/Captura-de-pantalla-2025-03-19-132412-768x765.png 768w, https:\/\/notisnot.com\/wp-content\/uploads\/2025\/03\/Captura-de-pantalla-2025-03-19-132412-12x12.png 12w, https:\/\/notisnot.com\/wp-content\/uploads\/2025\/03\/Captura-de-pantalla-2025-03-19-132412-20x20.png 20w, https:\/\/notisnot.com\/wp-content\/uploads\/2025\/03\/Captura-de-pantalla-2025-03-19-132412-600x598.png 600w, https:\/\/notisnot.com\/wp-content\/uploads\/2025\/03\/Captura-de-pantalla-2025-03-19-132412-91x91.png 91w, https:\/\/notisnot.com\/wp-content\/uploads\/2025\/03\/Captura-de-pantalla-2025-03-19-132412-50x50.png 50w, https:\/\/notisnot.com\/wp-content\/uploads\/2025\/03\/Captura-de-pantalla-2025-03-19-132412-100x100.png 100w, https:\/\/notisnot.com\/wp-content\/uploads\/2025\/03\/Captura-de-pantalla-2025-03-19-132412.png 897w\" sizes=\"(max-width: 303px) 100vw, 303px\" \/> <img loading=\"lazy\" decoding=\"async\" class=\"alignnone size-medium wp-image-306122\" src=\"https:\/\/notisnot.com\/wp-content\/uploads\/2025\/03\/Captura-de-pantalla-2025-03-19-132423-303x304.png\" alt=\"\" width=\"303\" height=\"304\" srcset=\"https:\/\/notisnot.com\/wp-content\/uploads\/2025\/03\/Captura-de-pantalla-2025-03-19-132423-303x304.png 303w, https:\/\/notisnot.com\/wp-content\/uploads\/2025\/03\/Captura-de-pantalla-2025-03-19-132423-505x507.png 505w, https:\/\/notisnot.com\/wp-content\/uploads\/2025\/03\/Captura-de-pantalla-2025-03-19-132423-768x771.png 768w, https:\/\/notisnot.com\/wp-content\/uploads\/2025\/03\/Captura-de-pantalla-2025-03-19-132423-12x12.png 12w, https:\/\/notisnot.com\/wp-content\/uploads\/2025\/03\/Captura-de-pantalla-2025-03-19-132423-20x20.png 20w, https:\/\/notisnot.com\/wp-content\/uploads\/2025\/03\/Captura-de-pantalla-2025-03-19-132423-600x603.png 600w, https:\/\/notisnot.com\/wp-content\/uploads\/2025\/03\/Captura-de-pantalla-2025-03-19-132423-91x91.png 91w, https:\/\/notisnot.com\/wp-content\/uploads\/2025\/03\/Captura-de-pantalla-2025-03-19-132423-50x50.png 50w, https:\/\/notisnot.com\/wp-content\/uploads\/2025\/03\/Captura-de-pantalla-2025-03-19-132423-100x100.png 100w, https:\/\/notisnot.com\/wp-content\/uploads\/2025\/03\/Captura-de-pantalla-2025-03-19-132423.png 903w\" sizes=\"(max-width: 303px) 100vw, 303px\" \/> <img loading=\"lazy\" decoding=\"async\" class=\"alignnone size-medium wp-image-306123\" src=\"https:\/\/notisnot.com\/wp-content\/uploads\/2025\/03\/Captura-de-pantalla-2025-03-19-132431-303x304.png\" alt=\"\" width=\"303\" height=\"304\" srcset=\"https:\/\/notisnot.com\/wp-content\/uploads\/2025\/03\/Captura-de-pantalla-2025-03-19-132431-303x304.png 303w, https:\/\/notisnot.com\/wp-content\/uploads\/2025\/03\/Captura-de-pantalla-2025-03-19-132431-505x507.png 505w, https:\/\/notisnot.com\/wp-content\/uploads\/2025\/03\/Captura-de-pantalla-2025-03-19-132431-768x771.png 768w, https:\/\/notisnot.com\/wp-content\/uploads\/2025\/03\/Captura-de-pantalla-2025-03-19-132431-12x12.png 12w, https:\/\/notisnot.com\/wp-content\/uploads\/2025\/03\/Captura-de-pantalla-2025-03-19-132431-20x20.png 20w, https:\/\/notisnot.com\/wp-content\/uploads\/2025\/03\/Captura-de-pantalla-2025-03-19-132431-600x602.png 600w, https:\/\/notisnot.com\/wp-content\/uploads\/2025\/03\/Captura-de-pantalla-2025-03-19-132431-91x91.png 91w, https:\/\/notisnot.com\/wp-content\/uploads\/2025\/03\/Captura-de-pantalla-2025-03-19-132431-50x50.png 50w, https:\/\/notisnot.com\/wp-content\/uploads\/2025\/03\/Captura-de-pantalla-2025-03-19-132431-100x100.png 100w, https:\/\/notisnot.com\/wp-content\/uploads\/2025\/03\/Captura-de-pantalla-2025-03-19-132431.png 889w\" sizes=\"(max-width: 303px) 100vw, 303px\" \/> <img loading=\"lazy\" decoding=\"async\" class=\"alignnone size-medium wp-image-306124\" src=\"https:\/\/notisnot.com\/wp-content\/uploads\/2025\/03\/Captura-de-pantalla-2025-03-19-132438-303x305.png\" alt=\"\" width=\"303\" height=\"305\" srcset=\"https:\/\/notisnot.com\/wp-content\/uploads\/2025\/03\/Captura-de-pantalla-2025-03-19-132438-303x305.png 303w, https:\/\/notisnot.com\/wp-content\/uploads\/2025\/03\/Captura-de-pantalla-2025-03-19-132438-505x508.png 505w, https:\/\/notisnot.com\/wp-content\/uploads\/2025\/03\/Captura-de-pantalla-2025-03-19-132438-768x773.png 768w, https:\/\/notisnot.com\/wp-content\/uploads\/2025\/03\/Captura-de-pantalla-2025-03-19-132438-12x12.png 12w, https:\/\/notisnot.com\/wp-content\/uploads\/2025\/03\/Captura-de-pantalla-2025-03-19-132438-20x20.png 20w, https:\/\/notisnot.com\/wp-content\/uploads\/2025\/03\/Captura-de-pantalla-2025-03-19-132438-600x604.png 600w, https:\/\/notisnot.com\/wp-content\/uploads\/2025\/03\/Captura-de-pantalla-2025-03-19-132438-91x92.png 91w, https:\/\/notisnot.com\/wp-content\/uploads\/2025\/03\/Captura-de-pantalla-2025-03-19-132438-50x50.png 50w, https:\/\/notisnot.com\/wp-content\/uploads\/2025\/03\/Captura-de-pantalla-2025-03-19-132438-100x100.png 100w, https:\/\/notisnot.com\/wp-content\/uploads\/2025\/03\/Captura-de-pantalla-2025-03-19-132438.png 900w\" sizes=\"(max-width: 303px) 100vw, 303px\" \/><\/p>","protected":false},"excerpt":{"rendered":"<p>Descubre la elegancia y comodidad de la Casaca Fidel, dise\u00f1ada para profesionales exigentes que buscan un estilo distintivo y funcionalidad en su vestuario laboral. Confeccionada en colores vigor\u00e9 de Microfibra 360 (95% Poli\u00e9ster - 5% Elastano), esta casaca de manga corta presenta un tejido el\u00e1stico 360 que proporciona una excepcional libertad de movimiento y comodidad.<\/p>","protected":false},"featured_media":306120,"comment_status":"open","ping_status":"closed","template":"","meta":{"_acf_changed":false},"product_cat":[571],"product_tag":[],"class_list":{"0":"post-306119","1":"product","2":"type-product","3":"status-publish","4":"has-post-thumbnail","6":"product_cat-chaquetas-sanitario","7":"pa_color-gris-marengo","8":"pa_color-gris-perla","9":"pa_color-malva","10":"pa_color-verde-khaki","11":"pa_tallaropa-xs","12":"pa_tallaropa-s","13":"pa_tallaropa-m","14":"pa_tallaropa-l","15":"pa_tallaropa-xl","16":"pa_tallaropa-xxl","17":"pa_tallaropa-3xl","19":"first","20":"instock","21":"taxable","22":"shipping-taxable","23":"purchasable","24":"product-type-variable"},"acf":[],"yoast_head":"<!-- This site is optimized with the Yoast SEO plugin v23.4 - https:\/\/yoast.com\/wordpress\/plugins\/seo\/ -->\n<title>Blusa hombre Fidel - NOT IS NOT<\/title>\n<meta name=\"robots\" content=\"index, follow, max-snippet:-1, max-image-preview:large, max-video-preview:-1\" \/>\n<link rel=\"canonical\" href=\"https:\/\/notisnot.com\/es\/tienda\/ropa-laboral\/sanitario\/chaquetas-sanitario\/blusa-hombre-fidel\/\" \/>\n<meta property=\"og:locale\" content=\"es_ES\" \/>\n<meta property=\"og:type\" content=\"article\" \/>\n<meta property=\"og:title\" content=\"Blusa hombre Fidel - NOT IS NOT\" \/>\n<meta property=\"og:description\" content=\"Descubre la elegancia y comodidad de la Casaca Fidel, dise\u00f1ada para profesionales exigentes que buscan un estilo distintivo y funcionalidad en su vestuario laboral. Confeccionada en colores vigor\u00e9 de Microfibra 360 (95% Poli\u00e9ster - 5% Elastano), esta casaca de manga corta presenta un tejido el\u00e1stico 360 que proporciona una excepcional libertad de movimiento y comodidad.\" \/>\n<meta property=\"og:url\" content=\"https:\/\/notisnot.com\/es\/tienda\/ropa-laboral\/sanitario\/chaquetas-sanitario\/blusa-hombre-fidel\/\" \/>\n<meta property=\"og:site_name\" content=\"NOT IS NOT\" \/>\n<meta property=\"article:publisher\" content=\"https:\/\/www.facebook.com\/notisnotofficial\/\" \/>\n<meta property=\"article:modified_time\" content=\"2025-06-23T13:58:46+00:00\" \/>\n<meta property=\"og:image\" content=\"https:\/\/notisnot.com\/wp-content\/uploads\/2025\/03\/Captura-de-pantalla-2025-03-19-132403.png\" \/>\n\t<meta property=\"og:image:width\" content=\"903\" \/>\n\t<meta property=\"og:image:height\" content=\"895\" \/>\n\t<meta property=\"og:image:type\" content=\"image\/png\" \/>\n<meta name=\"twitter:card\" content=\"summary_large_image\" \/>\n<meta name=\"twitter:label1\" content=\"Tiempo de lectura\" \/>\n\t<meta name=\"twitter:data1\" content=\"2 minutos\" \/>\n<script type=\"application\/ld+json\" class=\"yoast-schema-graph\">{\"@context\":\"https:\/\/schema.org\",\"@graph\":[{\"@type\":\"WebPage\",\"@id\":\"https:\/\/notisnot.com\/tienda\/ropa-laboral\/sanitario\/chaquetas-sanitario\/blusa-hombre-fidel\/\",\"url\":\"https:\/\/notisnot.com\/tienda\/ropa-laboral\/sanitario\/chaquetas-sanitario\/blusa-hombre-fidel\/\",\"name\":\"Blusa hombre Fidel - NOT IS NOT\",\"isPartOf\":{\"@id\":\"https:\/\/notisnot.com\/#website\"},\"primaryImageOfPage\":{\"@id\":\"https:\/\/notisnot.com\/tienda\/ropa-laboral\/sanitario\/chaquetas-sanitario\/blusa-hombre-fidel\/#primaryimage\"},\"image\":{\"@id\":\"https:\/\/notisnot.com\/tienda\/ropa-laboral\/sanitario\/chaquetas-sanitario\/blusa-hombre-fidel\/#primaryimage\"},\"thumbnailUrl\":\"https:\/\/notisnot.com\/wp-content\/uploads\/2025\/03\/Captura-de-pantalla-2025-03-19-132403.png\",\"datePublished\":\"2025-03-20T11:54:45+00:00\",\"dateModified\":\"2025-06-23T13:58:46+00:00\",\"breadcrumb\":{\"@id\":\"https:\/\/notisnot.com\/tienda\/ropa-laboral\/sanitario\/chaquetas-sanitario\/blusa-hombre-fidel\/#breadcrumb\"},\"inLanguage\":\"es\",\"potentialAction\":[{\"@type\":\"ReadAction\",\"target\":[\"https:\/\/notisnot.com\/tienda\/ropa-laboral\/sanitario\/chaquetas-sanitario\/blusa-hombre-fidel\/\"]}]},{\"@type\":\"ImageObject\",\"inLanguage\":\"es\",\"@id\":\"https:\/\/notisnot.com\/tienda\/ropa-laboral\/sanitario\/chaquetas-sanitario\/blusa-hombre-fidel\/#primaryimage\",\"url\":\"https:\/\/notisnot.com\/wp-content\/uploads\/2025\/03\/Captura-de-pantalla-2025-03-19-132403.png\",\"contentUrl\":\"https:\/\/notisnot.com\/wp-content\/uploads\/2025\/03\/Captura-de-pantalla-2025-03-19-132403.png\",\"width\":903,\"height\":895},{\"@type\":\"BreadcrumbList\",\"@id\":\"https:\/\/notisnot.com\/tienda\/ropa-laboral\/sanitario\/chaquetas-sanitario\/blusa-hombre-fidel\/#breadcrumb\",\"itemListElement\":[{\"@type\":\"ListItem\",\"position\":1,\"name\":\"Home\",\"item\":\"https:\/\/notisnot.com\/\"},{\"@type\":\"ListItem\",\"position\":2,\"name\":\"Tienda\",\"item\":\"https:\/\/notisnot.com\/tienda-woocomerce\/\"},{\"@type\":\"ListItem\",\"position\":3,\"name\":\"Blusa hombre Fidel\"}]},{\"@type\":\"WebSite\",\"@id\":\"https:\/\/notisnot.com\/#website\",\"url\":\"https:\/\/notisnot.com\/\",\"name\":\"NOT IS NOT\",\"description\":\"\",\"potentialAction\":[{\"@type\":\"SearchAction\",\"target\":{\"@type\":\"EntryPoint\",\"urlTemplate\":\"https:\/\/notisnot.com\/?s={search_term_string}\"},\"query-input\":{\"@type\":\"PropertyValueSpecification\",\"valueRequired\":true,\"valueName\":\"search_term_string\"}}],\"inLanguage\":\"es\"}]}<\/script>\n<!-- \/ Yoast SEO plugin. -->","yoast_head_json":{"title":"Blusa hombre Fidel - NOT IS NOT","robots":{"index":"index","follow":"follow","max-snippet":"max-snippet:-1","max-image-preview":"max-image-preview:large","max-video-preview":"max-video-preview:-1"},"canonical":"https:\/\/notisnot.com\/es\/tienda\/ropa-laboral\/sanitario\/chaquetas-sanitario\/blusa-hombre-fidel\/","og_locale":"es_ES","og_type":"article","og_title":"Blusa hombre Fidel - NOT IS NOT","og_description":"Descubre la elegancia y comodidad de la Casaca Fidel, dise\u00f1ada para profesionales exigentes que buscan un estilo distintivo y funcionalidad en su vestuario laboral. Confeccionada en colores vigor\u00e9 de Microfibra 360 (95% Poli\u00e9ster - 5% Elastano), esta casaca de manga corta presenta un tejido el\u00e1stico 360 que proporciona una excepcional libertad de movimiento y comodidad.","og_url":"https:\/\/notisnot.com\/es\/tienda\/ropa-laboral\/sanitario\/chaquetas-sanitario\/blusa-hombre-fidel\/","og_site_name":"NOT IS NOT","article_publisher":"https:\/\/www.facebook.com\/notisnotofficial\/","article_modified_time":"2025-06-23T13:58:46+00:00","og_image":[{"width":903,"height":895,"url":"https:\/\/notisnot.com\/wp-content\/uploads\/2025\/03\/Captura-de-pantalla-2025-03-19-132403.png","type":"image\/png"}],"twitter_card":"summary_large_image","twitter_misc":{"Tiempo de lectura":"2 minutos"},"schema":{"@context":"https:\/\/schema.org","@graph":[{"@type":"WebPage","@id":"https:\/\/notisnot.com\/tienda\/ropa-laboral\/sanitario\/chaquetas-sanitario\/blusa-hombre-fidel\/","url":"https:\/\/notisnot.com\/tienda\/ropa-laboral\/sanitario\/chaquetas-sanitario\/blusa-hombre-fidel\/","name":"Blusa hombre Fidel - NOT IS NOT","isPartOf":{"@id":"https:\/\/notisnot.com\/#website"},"primaryImageOfPage":{"@id":"https:\/\/notisnot.com\/tienda\/ropa-laboral\/sanitario\/chaquetas-sanitario\/blusa-hombre-fidel\/#primaryimage"},"image":{"@id":"https:\/\/notisnot.com\/tienda\/ropa-laboral\/sanitario\/chaquetas-sanitario\/blusa-hombre-fidel\/#primaryimage"},"thumbnailUrl":"https:\/\/notisnot.com\/wp-content\/uploads\/2025\/03\/Captura-de-pantalla-2025-03-19-132403.png","datePublished":"2025-03-20T11:54:45+00:00","dateModified":"2025-06-23T13:58:46+00:00","breadcrumb":{"@id":"https:\/\/notisnot.com\/tienda\/ropa-laboral\/sanitario\/chaquetas-sanitario\/blusa-hombre-fidel\/#breadcrumb"},"inLanguage":"es","potentialAction":[{"@type":"ReadAction","target":["https:\/\/notisnot.com\/tienda\/ropa-laboral\/sanitario\/chaquetas-sanitario\/blusa-hombre-fidel\/"]}]},{"@type":"ImageObject","inLanguage":"es","@id":"https:\/\/notisnot.com\/tienda\/ropa-laboral\/sanitario\/chaquetas-sanitario\/blusa-hombre-fidel\/#primaryimage","url":"https:\/\/notisnot.com\/wp-content\/uploads\/2025\/03\/Captura-de-pantalla-2025-03-19-132403.png","contentUrl":"https:\/\/notisnot.com\/wp-content\/uploads\/2025\/03\/Captura-de-pantalla-2025-03-19-132403.png","width":903,"height":895},{"@type":"BreadcrumbList","@id":"https:\/\/notisnot.com\/tienda\/ropa-laboral\/sanitario\/chaquetas-sanitario\/blusa-hombre-fidel\/#breadcrumb","itemListElement":[{"@type":"ListItem","position":1,"name":"Home","item":"https:\/\/notisnot.com\/"},{"@type":"ListItem","position":2,"name":"Tienda","item":"https:\/\/notisnot.com\/tienda-woocomerce\/"},{"@type":"ListItem","position":3,"name":"Blusa hombre Fidel"}]},{"@type":"WebSite","@id":"https:\/\/notisnot.com\/#website","url":"https:\/\/notisnot.com\/","name":"NOT IS NOT","description":"","potentialAction":[{"@type":"SearchAction","target":{"@type":"EntryPoint","urlTemplate":"https:\/\/notisnot.com\/?s={search_term_string}"},"query-input":{"@type":"PropertyValueSpecification","valueRequired":true,"valueName":"search_term_string"}}],"inLanguage":"es"}]}},"_links":{"self":[{"href":"https:\/\/notisnot.com\/es\/wp-json\/wp\/v2\/product\/306119"}],"collection":[{"href":"https:\/\/notisnot.com\/es\/wp-json\/wp\/v2\/product"}],"about":[{"href":"https:\/\/notisnot.com\/es\/wp-json\/wp\/v2\/types\/product"}],"replies":[{"embeddable":true,"href":"https:\/\/notisnot.com\/es\/wp-json\/wp\/v2\/comments?post=306119"}],"wp:featuredmedia":[{"embeddable":true,"href":"https:\/\/notisnot.com\/es\/wp-json\/wp\/v2\/media\/306120"}],"wp:attachment":[{"href":"https:\/\/notisnot.com\/es\/wp-json\/wp\/v2\/media?parent=306119"}],"wp:term":[{"taxonomy":"product_cat","embeddable":true,"href":"https:\/\/notisnot.com\/es\/wp-json\/wp\/v2\/product_cat?post=306119"},{"taxonomy":"product_tag","embeddable":true,"href":"https:\/\/notisnot.com\/es\/wp-json\/wp\/v2\/product_tag?post=306119"}],"curies":[{"name":"wp","href":"https:\/\/api.w.org\/{rel}","templated":true}]}}