{"id":306084,"date":"2025-03-20T11:51:03","date_gmt":"2025-03-20T11:51:03","guid":{"rendered":"https:\/\/notisnot.com\/?post_type=product&#038;p=306084"},"modified":"2025-06-23T13:53:11","modified_gmt":"2025-06-23T13:53:11","slug":"blusa-mujer-leticia","status":"publish","type":"product","link":"https:\/\/notisnot.com\/es\/tienda\/ropa-laboral\/sanitario\/chaquetas-sanitario\/blusa-mujer-leticia\/","title":{"rendered":"Blusa mujer Leticia"},"content":{"rendered":"<p><img loading=\"lazy\" decoding=\"async\" class=\"alignnone size-medium wp-image-306085\" src=\"https:\/\/notisnot.com\/wp-content\/uploads\/2025\/03\/Captura-de-pantalla-2025-03-19-132237-303x306.png\" alt=\"\" width=\"303\" height=\"306\" srcset=\"https:\/\/notisnot.com\/wp-content\/uploads\/2025\/03\/Captura-de-pantalla-2025-03-19-132237-303x306.png 303w, https:\/\/notisnot.com\/wp-content\/uploads\/2025\/03\/Captura-de-pantalla-2025-03-19-132237-505x511.png 505w, https:\/\/notisnot.com\/wp-content\/uploads\/2025\/03\/Captura-de-pantalla-2025-03-19-132237-768x777.png 768w, https:\/\/notisnot.com\/wp-content\/uploads\/2025\/03\/Captura-de-pantalla-2025-03-19-132237-12x12.png 12w, https:\/\/notisnot.com\/wp-content\/uploads\/2025\/03\/Captura-de-pantalla-2025-03-19-132237-20x20.png 20w, https:\/\/notisnot.com\/wp-content\/uploads\/2025\/03\/Captura-de-pantalla-2025-03-19-132237-600x607.png 600w, https:\/\/notisnot.com\/wp-content\/uploads\/2025\/03\/Captura-de-pantalla-2025-03-19-132237-91x92.png 91w, https:\/\/notisnot.com\/wp-content\/uploads\/2025\/03\/Captura-de-pantalla-2025-03-19-132237-50x50.png 50w, https:\/\/notisnot.com\/wp-content\/uploads\/2025\/03\/Captura-de-pantalla-2025-03-19-132237-100x100.png 100w, https:\/\/notisnot.com\/wp-content\/uploads\/2025\/03\/Captura-de-pantalla-2025-03-19-132237.png 893w\" sizes=\"(max-width: 303px) 100vw, 303px\" \/> <img loading=\"lazy\" decoding=\"async\" class=\"alignnone size-medium wp-image-306086\" src=\"https:\/\/notisnot.com\/wp-content\/uploads\/2025\/03\/Captura-de-pantalla-2025-03-19-132245-303x298.png\" alt=\"\" width=\"303\" height=\"298\" srcset=\"https:\/\/notisnot.com\/wp-content\/uploads\/2025\/03\/Captura-de-pantalla-2025-03-19-132245-303x298.png 303w, https:\/\/notisnot.com\/wp-content\/uploads\/2025\/03\/Captura-de-pantalla-2025-03-19-132245-505x497.png 505w, https:\/\/notisnot.com\/wp-content\/uploads\/2025\/03\/Captura-de-pantalla-2025-03-19-132245-768x756.png 768w, https:\/\/notisnot.com\/wp-content\/uploads\/2025\/03\/Captura-de-pantalla-2025-03-19-132245-12x12.png 12w, https:\/\/notisnot.com\/wp-content\/uploads\/2025\/03\/Captura-de-pantalla-2025-03-19-132245-20x20.png 20w, https:\/\/notisnot.com\/wp-content\/uploads\/2025\/03\/Captura-de-pantalla-2025-03-19-132245-600x591.png 600w, https:\/\/notisnot.com\/wp-content\/uploads\/2025\/03\/Captura-de-pantalla-2025-03-19-132245-91x90.png 91w, https:\/\/notisnot.com\/wp-content\/uploads\/2025\/03\/Captura-de-pantalla-2025-03-19-132245-50x50.png 50w, https:\/\/notisnot.com\/wp-content\/uploads\/2025\/03\/Captura-de-pantalla-2025-03-19-132245.png 897w\" sizes=\"(max-width: 303px) 100vw, 303px\" \/> <img loading=\"lazy\" decoding=\"async\" class=\"alignnone size-medium wp-image-306087\" src=\"https:\/\/notisnot.com\/wp-content\/uploads\/2025\/03\/Captura-de-pantalla-2025-03-19-132253-303x304.png\" alt=\"\" width=\"303\" height=\"304\" srcset=\"https:\/\/notisnot.com\/wp-content\/uploads\/2025\/03\/Captura-de-pantalla-2025-03-19-132253-303x304.png 303w, https:\/\/notisnot.com\/wp-content\/uploads\/2025\/03\/Captura-de-pantalla-2025-03-19-132253-505x506.png 505w, https:\/\/notisnot.com\/wp-content\/uploads\/2025\/03\/Captura-de-pantalla-2025-03-19-132253-768x770.png 768w, https:\/\/notisnot.com\/wp-content\/uploads\/2025\/03\/Captura-de-pantalla-2025-03-19-132253-12x12.png 12w, https:\/\/notisnot.com\/wp-content\/uploads\/2025\/03\/Captura-de-pantalla-2025-03-19-132253-20x20.png 20w, https:\/\/notisnot.com\/wp-content\/uploads\/2025\/03\/Captura-de-pantalla-2025-03-19-132253-600x601.png 600w, https:\/\/notisnot.com\/wp-content\/uploads\/2025\/03\/Captura-de-pantalla-2025-03-19-132253-91x91.png 91w, https:\/\/notisnot.com\/wp-content\/uploads\/2025\/03\/Captura-de-pantalla-2025-03-19-132253-50x50.png 50w, https:\/\/notisnot.com\/wp-content\/uploads\/2025\/03\/Captura-de-pantalla-2025-03-19-132253-100x100.png 100w, https:\/\/notisnot.com\/wp-content\/uploads\/2025\/03\/Captura-de-pantalla-2025-03-19-132253.png 887w\" sizes=\"(max-width: 303px) 100vw, 303px\" \/> <img loading=\"lazy\" decoding=\"async\" class=\"alignnone size-medium wp-image-306088\" src=\"https:\/\/notisnot.com\/wp-content\/uploads\/2025\/03\/Captura-de-pantalla-2025-03-19-132301-303x306.png\" alt=\"\" width=\"303\" height=\"306\" srcset=\"https:\/\/notisnot.com\/wp-content\/uploads\/2025\/03\/Captura-de-pantalla-2025-03-19-132301-303x306.png 303w, https:\/\/notisnot.com\/wp-content\/uploads\/2025\/03\/Captura-de-pantalla-2025-03-19-132301-505x510.png 505w, https:\/\/notisnot.com\/wp-content\/uploads\/2025\/03\/Captura-de-pantalla-2025-03-19-132301-768x775.png 768w, https:\/\/notisnot.com\/wp-content\/uploads\/2025\/03\/Captura-de-pantalla-2025-03-19-132301-12x12.png 12w, https:\/\/notisnot.com\/wp-content\/uploads\/2025\/03\/Captura-de-pantalla-2025-03-19-132301-20x20.png 20w, https:\/\/notisnot.com\/wp-content\/uploads\/2025\/03\/Captura-de-pantalla-2025-03-19-132301-600x605.png 600w, https:\/\/notisnot.com\/wp-content\/uploads\/2025\/03\/Captura-de-pantalla-2025-03-19-132301-91x92.png 91w, https:\/\/notisnot.com\/wp-content\/uploads\/2025\/03\/Captura-de-pantalla-2025-03-19-132301-50x50.png 50w, https:\/\/notisnot.com\/wp-content\/uploads\/2025\/03\/Captura-de-pantalla-2025-03-19-132301-100x100.png 100w, https:\/\/notisnot.com\/wp-content\/uploads\/2025\/03\/Captura-de-pantalla-2025-03-19-132301.png 888w\" sizes=\"(max-width: 303px) 100vw, 303px\" \/> <img loading=\"lazy\" decoding=\"async\" class=\"alignnone size-medium wp-image-306089\" src=\"https:\/\/notisnot.com\/wp-content\/uploads\/2025\/03\/Captura-de-pantalla-2025-03-19-132309-303x302.png\" alt=\"\" width=\"303\" height=\"302\" srcset=\"https:\/\/notisnot.com\/wp-content\/uploads\/2025\/03\/Captura-de-pantalla-2025-03-19-132309-303x302.png 303w, https:\/\/notisnot.com\/wp-content\/uploads\/2025\/03\/Captura-de-pantalla-2025-03-19-132309-505x503.png 505w, https:\/\/notisnot.com\/wp-content\/uploads\/2025\/03\/Captura-de-pantalla-2025-03-19-132309-768x765.png 768w, https:\/\/notisnot.com\/wp-content\/uploads\/2025\/03\/Captura-de-pantalla-2025-03-19-132309-12x12.png 12w, https:\/\/notisnot.com\/wp-content\/uploads\/2025\/03\/Captura-de-pantalla-2025-03-19-132309-20x20.png 20w, https:\/\/notisnot.com\/wp-content\/uploads\/2025\/03\/Captura-de-pantalla-2025-03-19-132309-600x598.png 600w, https:\/\/notisnot.com\/wp-content\/uploads\/2025\/03\/Captura-de-pantalla-2025-03-19-132309-91x91.png 91w, https:\/\/notisnot.com\/wp-content\/uploads\/2025\/03\/Captura-de-pantalla-2025-03-19-132309-50x50.png 50w, https:\/\/notisnot.com\/wp-content\/uploads\/2025\/03\/Captura-de-pantalla-2025-03-19-132309-100x100.png 100w, https:\/\/notisnot.com\/wp-content\/uploads\/2025\/03\/Captura-de-pantalla-2025-03-19-132309.png 897w\" sizes=\"(max-width: 303px) 100vw, 303px\" \/><\/p>","protected":false},"excerpt":{"rendered":"<p>Esta casaca de manga corta est\u00e1 confeccionada en colores VIGOR\u00c9 de MICROFIBRA 360 (95% Poli\u00e9ster - 5% Elastano), que ofrece una elasticidad excepcional en todos los sentidos, brindando libertad de movimiento y comodidad incomparable. Su tejido jaspeado combina fibras de varios colores, otorg\u00e1ndole un aspecto moderno y atractivo. La prenda semi ajustada presenta detalles de tejido t\u00e9cnico AEROSILVER en costadillos y cuello, proporcionando un toque de sofisticaci\u00f3n. Con cuello pico, dos bolsillos en el delantero y un bolsillo con cremallera en el costadillo derecho, esta blusa cuenta con aberturas laterales y costadillos en delantero y trasero.<\/p>","protected":false},"featured_media":306085,"comment_status":"open","ping_status":"closed","template":"","meta":{"_acf_changed":false},"product_cat":[571],"product_tag":[],"class_list":{"0":"post-306084","1":"product","2":"type-product","3":"status-publish","4":"has-post-thumbnail","6":"product_cat-chaquetas-sanitario","7":"pa_color-gris-marengo","8":"pa_color-gris-perla","9":"pa_color-malva","10":"pa_color-verde-khaki","11":"pa_tallaropa-xs","12":"pa_tallaropa-s","13":"pa_tallaropa-m","14":"pa_tallaropa-l","15":"pa_tallaropa-xl","16":"pa_tallaropa-xxl","17":"pa_tallaropa-3xl","19":"first","20":"instock","21":"taxable","22":"shipping-taxable","23":"purchasable","24":"product-type-variable"},"acf":[],"yoast_head":"<!-- This site is optimized with the Yoast SEO plugin v23.4 - https:\/\/yoast.com\/wordpress\/plugins\/seo\/ -->\n<title>Blusa mujer Leticia - NOT IS NOT<\/title>\n<meta name=\"robots\" content=\"index, follow, max-snippet:-1, max-image-preview:large, max-video-preview:-1\" \/>\n<link rel=\"canonical\" href=\"http:\/\/notisnot.com\/es\/tienda\/ropa-laboral\/sanitario\/chaquetas-sanitario\/blusa-mujer-leticia\/\" \/>\n<meta property=\"og:locale\" content=\"es_ES\" \/>\n<meta property=\"og:type\" content=\"article\" \/>\n<meta property=\"og:title\" content=\"Blusa mujer Leticia - NOT IS NOT\" \/>\n<meta property=\"og:description\" content=\"Esta casaca de manga corta est\u00e1 confeccionada en colores VIGOR\u00c9 de MICROFIBRA 360 (95% Poli\u00e9ster - 5% Elastano), que ofrece una elasticidad excepcional en todos los sentidos, brindando libertad de movimiento y comodidad incomparable. Su tejido jaspeado combina fibras de varios colores, otorg\u00e1ndole un aspecto moderno y atractivo. La prenda semi ajustada presenta detalles de tejido t\u00e9cnico AEROSILVER en costadillos y cuello, proporcionando un toque de sofisticaci\u00f3n. Con cuello pico, dos bolsillos en el delantero y un bolsillo con cremallera en el costadillo derecho, esta blusa cuenta con aberturas laterales y costadillos en delantero y trasero.\" \/>\n<meta property=\"og:url\" content=\"http:\/\/notisnot.com\/es\/tienda\/ropa-laboral\/sanitario\/chaquetas-sanitario\/blusa-mujer-leticia\/\" \/>\n<meta property=\"og:site_name\" content=\"NOT IS NOT\" \/>\n<meta property=\"article:publisher\" content=\"https:\/\/www.facebook.com\/notisnotofficial\/\" \/>\n<meta property=\"article:modified_time\" content=\"2025-06-23T13:53:11+00:00\" \/>\n<meta property=\"og:image\" content=\"http:\/\/notisnot.com\/wp-content\/uploads\/2025\/03\/Captura-de-pantalla-2025-03-19-132237.png\" \/>\n\t<meta property=\"og:image:width\" content=\"893\" \/>\n\t<meta property=\"og:image:height\" content=\"903\" \/>\n\t<meta property=\"og:image:type\" content=\"image\/png\" \/>\n<meta name=\"twitter:card\" content=\"summary_large_image\" \/>\n<meta name=\"twitter:label1\" content=\"Tiempo de lectura\" \/>\n\t<meta name=\"twitter:data1\" content=\"2 minutos\" \/>\n<script type=\"application\/ld+json\" class=\"yoast-schema-graph\">{\"@context\":\"https:\/\/schema.org\",\"@graph\":[{\"@type\":\"WebPage\",\"@id\":\"http:\/\/notisnot.com\/es\/tienda\/ropa-laboral\/sanitario\/chaquetas-sanitario\/blusa-mujer-leticia\/\",\"url\":\"http:\/\/notisnot.com\/es\/tienda\/ropa-laboral\/sanitario\/chaquetas-sanitario\/blusa-mujer-leticia\/\",\"name\":\"Blusa mujer Leticia - NOT IS NOT\",\"isPartOf\":{\"@id\":\"https:\/\/notisnot.com\/#website\"},\"primaryImageOfPage\":{\"@id\":\"http:\/\/notisnot.com\/es\/tienda\/ropa-laboral\/sanitario\/chaquetas-sanitario\/blusa-mujer-leticia\/#primaryimage\"},\"image\":{\"@id\":\"http:\/\/notisnot.com\/es\/tienda\/ropa-laboral\/sanitario\/chaquetas-sanitario\/blusa-mujer-leticia\/#primaryimage\"},\"thumbnailUrl\":\"https:\/\/notisnot.com\/wp-content\/uploads\/2025\/03\/Captura-de-pantalla-2025-03-19-132237.png\",\"datePublished\":\"2025-03-20T11:51:03+00:00\",\"dateModified\":\"2025-06-23T13:53:11+00:00\",\"breadcrumb\":{\"@id\":\"http:\/\/notisnot.com\/es\/tienda\/ropa-laboral\/sanitario\/chaquetas-sanitario\/blusa-mujer-leticia\/#breadcrumb\"},\"inLanguage\":\"es\",\"potentialAction\":[{\"@type\":\"ReadAction\",\"target\":[\"http:\/\/notisnot.com\/es\/tienda\/ropa-laboral\/sanitario\/chaquetas-sanitario\/blusa-mujer-leticia\/\"]}]},{\"@type\":\"ImageObject\",\"inLanguage\":\"es\",\"@id\":\"http:\/\/notisnot.com\/es\/tienda\/ropa-laboral\/sanitario\/chaquetas-sanitario\/blusa-mujer-leticia\/#primaryimage\",\"url\":\"https:\/\/notisnot.com\/wp-content\/uploads\/2025\/03\/Captura-de-pantalla-2025-03-19-132237.png\",\"contentUrl\":\"https:\/\/notisnot.com\/wp-content\/uploads\/2025\/03\/Captura-de-pantalla-2025-03-19-132237.png\",\"width\":893,\"height\":903},{\"@type\":\"BreadcrumbList\",\"@id\":\"http:\/\/notisnot.com\/es\/tienda\/ropa-laboral\/sanitario\/chaquetas-sanitario\/blusa-mujer-leticia\/#breadcrumb\",\"itemListElement\":[{\"@type\":\"ListItem\",\"position\":1,\"name\":\"Home\",\"item\":\"https:\/\/notisnot.com\/\"},{\"@type\":\"ListItem\",\"position\":2,\"name\":\"Tienda\",\"item\":\"https:\/\/notisnot.com\/tienda-woocomerce\/\"},{\"@type\":\"ListItem\",\"position\":3,\"name\":\"Blusa mujer Leticia\"}]},{\"@type\":\"WebSite\",\"@id\":\"https:\/\/notisnot.com\/#website\",\"url\":\"https:\/\/notisnot.com\/\",\"name\":\"NOT IS NOT\",\"description\":\"\",\"potentialAction\":[{\"@type\":\"SearchAction\",\"target\":{\"@type\":\"EntryPoint\",\"urlTemplate\":\"https:\/\/notisnot.com\/?s={search_term_string}\"},\"query-input\":{\"@type\":\"PropertyValueSpecification\",\"valueRequired\":true,\"valueName\":\"search_term_string\"}}],\"inLanguage\":\"es\"}]}<\/script>\n<!-- \/ Yoast SEO plugin. -->","yoast_head_json":{"title":"Blusa mujer Leticia - NOT IS NOT","robots":{"index":"index","follow":"follow","max-snippet":"max-snippet:-1","max-image-preview":"max-image-preview:large","max-video-preview":"max-video-preview:-1"},"canonical":"http:\/\/notisnot.com\/es\/tienda\/ropa-laboral\/sanitario\/chaquetas-sanitario\/blusa-mujer-leticia\/","og_locale":"es_ES","og_type":"article","og_title":"Blusa mujer Leticia - NOT IS NOT","og_description":"Esta casaca de manga corta est\u00e1 confeccionada en colores VIGOR\u00c9 de MICROFIBRA 360 (95% Poli\u00e9ster - 5% Elastano), que ofrece una elasticidad excepcional en todos los sentidos, brindando libertad de movimiento y comodidad incomparable. Su tejido jaspeado combina fibras de varios colores, otorg\u00e1ndole un aspecto moderno y atractivo. La prenda semi ajustada presenta detalles de tejido t\u00e9cnico AEROSILVER en costadillos y cuello, proporcionando un toque de sofisticaci\u00f3n. Con cuello pico, dos bolsillos en el delantero y un bolsillo con cremallera en el costadillo derecho, esta blusa cuenta con aberturas laterales y costadillos en delantero y trasero.","og_url":"http:\/\/notisnot.com\/es\/tienda\/ropa-laboral\/sanitario\/chaquetas-sanitario\/blusa-mujer-leticia\/","og_site_name":"NOT IS NOT","article_publisher":"https:\/\/www.facebook.com\/notisnotofficial\/","article_modified_time":"2025-06-23T13:53:11+00:00","og_image":[{"width":893,"height":903,"url":"http:\/\/notisnot.com\/wp-content\/uploads\/2025\/03\/Captura-de-pantalla-2025-03-19-132237.png","type":"image\/png"}],"twitter_card":"summary_large_image","twitter_misc":{"Tiempo de lectura":"2 minutos"},"schema":{"@context":"https:\/\/schema.org","@graph":[{"@type":"WebPage","@id":"http:\/\/notisnot.com\/es\/tienda\/ropa-laboral\/sanitario\/chaquetas-sanitario\/blusa-mujer-leticia\/","url":"http:\/\/notisnot.com\/es\/tienda\/ropa-laboral\/sanitario\/chaquetas-sanitario\/blusa-mujer-leticia\/","name":"Blusa mujer Leticia - NOT IS NOT","isPartOf":{"@id":"https:\/\/notisnot.com\/#website"},"primaryImageOfPage":{"@id":"http:\/\/notisnot.com\/es\/tienda\/ropa-laboral\/sanitario\/chaquetas-sanitario\/blusa-mujer-leticia\/#primaryimage"},"image":{"@id":"http:\/\/notisnot.com\/es\/tienda\/ropa-laboral\/sanitario\/chaquetas-sanitario\/blusa-mujer-leticia\/#primaryimage"},"thumbnailUrl":"https:\/\/notisnot.com\/wp-content\/uploads\/2025\/03\/Captura-de-pantalla-2025-03-19-132237.png","datePublished":"2025-03-20T11:51:03+00:00","dateModified":"2025-06-23T13:53:11+00:00","breadcrumb":{"@id":"http:\/\/notisnot.com\/es\/tienda\/ropa-laboral\/sanitario\/chaquetas-sanitario\/blusa-mujer-leticia\/#breadcrumb"},"inLanguage":"es","potentialAction":[{"@type":"ReadAction","target":["http:\/\/notisnot.com\/es\/tienda\/ropa-laboral\/sanitario\/chaquetas-sanitario\/blusa-mujer-leticia\/"]}]},{"@type":"ImageObject","inLanguage":"es","@id":"http:\/\/notisnot.com\/es\/tienda\/ropa-laboral\/sanitario\/chaquetas-sanitario\/blusa-mujer-leticia\/#primaryimage","url":"https:\/\/notisnot.com\/wp-content\/uploads\/2025\/03\/Captura-de-pantalla-2025-03-19-132237.png","contentUrl":"https:\/\/notisnot.com\/wp-content\/uploads\/2025\/03\/Captura-de-pantalla-2025-03-19-132237.png","width":893,"height":903},{"@type":"BreadcrumbList","@id":"http:\/\/notisnot.com\/es\/tienda\/ropa-laboral\/sanitario\/chaquetas-sanitario\/blusa-mujer-leticia\/#breadcrumb","itemListElement":[{"@type":"ListItem","position":1,"name":"Home","item":"https:\/\/notisnot.com\/"},{"@type":"ListItem","position":2,"name":"Tienda","item":"https:\/\/notisnot.com\/tienda-woocomerce\/"},{"@type":"ListItem","position":3,"name":"Blusa mujer Leticia"}]},{"@type":"WebSite","@id":"https:\/\/notisnot.com\/#website","url":"https:\/\/notisnot.com\/","name":"NOT IS NOT","description":"","potentialAction":[{"@type":"SearchAction","target":{"@type":"EntryPoint","urlTemplate":"https:\/\/notisnot.com\/?s={search_term_string}"},"query-input":{"@type":"PropertyValueSpecification","valueRequired":true,"valueName":"search_term_string"}}],"inLanguage":"es"}]}},"_links":{"self":[{"href":"https:\/\/notisnot.com\/es\/wp-json\/wp\/v2\/product\/306084"}],"collection":[{"href":"https:\/\/notisnot.com\/es\/wp-json\/wp\/v2\/product"}],"about":[{"href":"https:\/\/notisnot.com\/es\/wp-json\/wp\/v2\/types\/product"}],"replies":[{"embeddable":true,"href":"https:\/\/notisnot.com\/es\/wp-json\/wp\/v2\/comments?post=306084"}],"wp:featuredmedia":[{"embeddable":true,"href":"https:\/\/notisnot.com\/es\/wp-json\/wp\/v2\/media\/306085"}],"wp:attachment":[{"href":"https:\/\/notisnot.com\/es\/wp-json\/wp\/v2\/media?parent=306084"}],"wp:term":[{"taxonomy":"product_cat","embeddable":true,"href":"https:\/\/notisnot.com\/es\/wp-json\/wp\/v2\/product_cat?post=306084"},{"taxonomy":"product_tag","embeddable":true,"href":"https:\/\/notisnot.com\/es\/wp-json\/wp\/v2\/product_tag?post=306084"}],"curies":[{"name":"wp","href":"https:\/\/api.w.org\/{rel}","templated":true}]}}