{"id":305198,"date":"2025-03-19T10:26:30","date_gmt":"2025-03-19T10:26:30","guid":{"rendered":"https:\/\/notisnot.com\/?post_type=product&#038;p=305198"},"modified":"2025-06-23T16:48:06","modified_gmt":"2025-06-23T16:48:06","slug":"casaca-mujer-cuello-v-rib-slim-fit","status":"publish","type":"product","link":"https:\/\/notisnot.com\/es\/tienda\/ropa-laboral\/sanitario\/chaquetas-sanitario\/casaca-mujer-cuello-v-rib-slim-fit\/","title":{"rendered":"Casaca Mujer Cuello V Rib Slim Fit"},"content":{"rendered":"<p><img loading=\"lazy\" decoding=\"async\" class=\"alignnone size-medium wp-image-305199\" src=\"https:\/\/notisnot.com\/wp-content\/uploads\/2025\/03\/Captura-de-pantalla-2025-03-18-124133-288x453.png\" alt=\"\" width=\"288\" height=\"453\" srcset=\"https:\/\/notisnot.com\/wp-content\/uploads\/2025\/03\/Captura-de-pantalla-2025-03-18-124133-288x453.png 288w, https:\/\/notisnot.com\/wp-content\/uploads\/2025\/03\/Captura-de-pantalla-2025-03-18-124133-478x753.png 478w, https:\/\/notisnot.com\/wp-content\/uploads\/2025\/03\/Captura-de-pantalla-2025-03-18-124133-8x12.png 8w, https:\/\/notisnot.com\/wp-content\/uploads\/2025\/03\/Captura-de-pantalla-2025-03-18-124133-13x20.png 13w, https:\/\/notisnot.com\/wp-content\/uploads\/2025\/03\/Captura-de-pantalla-2025-03-18-124133-88x138.png 88w, https:\/\/notisnot.com\/wp-content\/uploads\/2025\/03\/Captura-de-pantalla-2025-03-18-124133.png 547w\" sizes=\"(max-width: 288px) 100vw, 288px\" \/> <img loading=\"lazy\" decoding=\"async\" class=\"alignnone size-medium wp-image-305200\" src=\"https:\/\/notisnot.com\/wp-content\/uploads\/2025\/03\/Captura-de-pantalla-2025-03-18-124144-298x453.png\" alt=\"\" width=\"298\" height=\"453\" srcset=\"https:\/\/notisnot.com\/wp-content\/uploads\/2025\/03\/Captura-de-pantalla-2025-03-18-124144-298x453.png 298w, https:\/\/notisnot.com\/wp-content\/uploads\/2025\/03\/Captura-de-pantalla-2025-03-18-124144-495x753.png 495w, https:\/\/notisnot.com\/wp-content\/uploads\/2025\/03\/Captura-de-pantalla-2025-03-18-124144-8x12.png 8w, https:\/\/notisnot.com\/wp-content\/uploads\/2025\/03\/Captura-de-pantalla-2025-03-18-124144-13x20.png 13w, https:\/\/notisnot.com\/wp-content\/uploads\/2025\/03\/Captura-de-pantalla-2025-03-18-124144-91x138.png 91w, https:\/\/notisnot.com\/wp-content\/uploads\/2025\/03\/Captura-de-pantalla-2025-03-18-124144.png 559w\" sizes=\"(max-width: 298px) 100vw, 298px\" \/> <img loading=\"lazy\" decoding=\"async\" class=\"alignnone size-medium wp-image-305201\" src=\"https:\/\/notisnot.com\/wp-content\/uploads\/2025\/03\/Captura-de-pantalla-2025-03-18-124149-303x426.png\" alt=\"\" width=\"303\" height=\"426\" srcset=\"https:\/\/notisnot.com\/wp-content\/uploads\/2025\/03\/Captura-de-pantalla-2025-03-18-124149-303x426.png 303w, https:\/\/notisnot.com\/wp-content\/uploads\/2025\/03\/Captura-de-pantalla-2025-03-18-124149-505x710.png 505w, https:\/\/notisnot.com\/wp-content\/uploads\/2025\/03\/Captura-de-pantalla-2025-03-18-124149-9x12.png 9w, https:\/\/notisnot.com\/wp-content\/uploads\/2025\/03\/Captura-de-pantalla-2025-03-18-124149-14x20.png 14w, https:\/\/notisnot.com\/wp-content\/uploads\/2025\/03\/Captura-de-pantalla-2025-03-18-124149-91x128.png 91w, https:\/\/notisnot.com\/wp-content\/uploads\/2025\/03\/Captura-de-pantalla-2025-03-18-124149.png 539w\" sizes=\"(max-width: 303px) 100vw, 303px\" \/> <img loading=\"lazy\" decoding=\"async\" class=\"alignnone size-medium wp-image-305202\" src=\"https:\/\/notisnot.com\/wp-content\/uploads\/2025\/03\/Captura-de-pantalla-2025-03-18-124157-303x420.png\" alt=\"\" width=\"303\" height=\"420\" srcset=\"https:\/\/notisnot.com\/wp-content\/uploads\/2025\/03\/Captura-de-pantalla-2025-03-18-124157-303x420.png 303w, https:\/\/notisnot.com\/wp-content\/uploads\/2025\/03\/Captura-de-pantalla-2025-03-18-124157-505x699.png 505w, https:\/\/notisnot.com\/wp-content\/uploads\/2025\/03\/Captura-de-pantalla-2025-03-18-124157-9x12.png 9w, https:\/\/notisnot.com\/wp-content\/uploads\/2025\/03\/Captura-de-pantalla-2025-03-18-124157-14x20.png 14w, https:\/\/notisnot.com\/wp-content\/uploads\/2025\/03\/Captura-de-pantalla-2025-03-18-124157-91x126.png 91w, https:\/\/notisnot.com\/wp-content\/uploads\/2025\/03\/Captura-de-pantalla-2025-03-18-124157.png 592w\" sizes=\"(max-width: 303px) 100vw, 303px\" \/> <img loading=\"lazy\" decoding=\"async\" class=\"alignnone size-medium wp-image-305203\" src=\"https:\/\/notisnot.com\/wp-content\/uploads\/2025\/03\/Captura-de-pantalla-2025-03-18-124209-269x453.png\" alt=\"\" width=\"269\" height=\"453\" srcset=\"https:\/\/notisnot.com\/wp-content\/uploads\/2025\/03\/Captura-de-pantalla-2025-03-18-124209-269x453.png 269w, https:\/\/notisnot.com\/wp-content\/uploads\/2025\/03\/Captura-de-pantalla-2025-03-18-124209-447x753.png 447w, https:\/\/notisnot.com\/wp-content\/uploads\/2025\/03\/Captura-de-pantalla-2025-03-18-124209-7x12.png 7w, https:\/\/notisnot.com\/wp-content\/uploads\/2025\/03\/Captura-de-pantalla-2025-03-18-124209-12x20.png 12w, https:\/\/notisnot.com\/wp-content\/uploads\/2025\/03\/Captura-de-pantalla-2025-03-18-124209-82x138.png 82w, https:\/\/notisnot.com\/wp-content\/uploads\/2025\/03\/Captura-de-pantalla-2025-03-18-124209.png 463w\" sizes=\"(max-width: 269px) 100vw, 269px\" \/> <img loading=\"lazy\" decoding=\"async\" class=\"alignnone size-medium wp-image-305204\" src=\"https:\/\/notisnot.com\/wp-content\/uploads\/2025\/03\/Captura-de-pantalla-2025-03-18-124216-303x393.png\" alt=\"\" width=\"303\" height=\"393\" srcset=\"https:\/\/notisnot.com\/wp-content\/uploads\/2025\/03\/Captura-de-pantalla-2025-03-18-124216-303x393.png 303w, https:\/\/notisnot.com\/wp-content\/uploads\/2025\/03\/Captura-de-pantalla-2025-03-18-124216-505x654.png 505w, https:\/\/notisnot.com\/wp-content\/uploads\/2025\/03\/Captura-de-pantalla-2025-03-18-124216-9x12.png 9w, https:\/\/notisnot.com\/wp-content\/uploads\/2025\/03\/Captura-de-pantalla-2025-03-18-124216-15x20.png 15w, https:\/\/notisnot.com\/wp-content\/uploads\/2025\/03\/Captura-de-pantalla-2025-03-18-124216-91x118.png 91w, https:\/\/notisnot.com\/wp-content\/uploads\/2025\/03\/Captura-de-pantalla-2025-03-18-124216.png 599w\" sizes=\"(max-width: 303px) 100vw, 303px\" \/> <img loading=\"lazy\" decoding=\"async\" class=\"alignnone size-medium wp-image-305205\" src=\"https:\/\/notisnot.com\/wp-content\/uploads\/2025\/03\/Captura-de-pantalla-2025-03-18-124223-303x443.png\" alt=\"\" width=\"303\" height=\"443\" srcset=\"https:\/\/notisnot.com\/wp-content\/uploads\/2025\/03\/Captura-de-pantalla-2025-03-18-124223-303x443.png 303w, https:\/\/notisnot.com\/wp-content\/uploads\/2025\/03\/Captura-de-pantalla-2025-03-18-124223-505x738.png 505w, https:\/\/notisnot.com\/wp-content\/uploads\/2025\/03\/Captura-de-pantalla-2025-03-18-124223-8x12.png 8w, https:\/\/notisnot.com\/wp-content\/uploads\/2025\/03\/Captura-de-pantalla-2025-03-18-124223-14x20.png 14w, https:\/\/notisnot.com\/wp-content\/uploads\/2025\/03\/Captura-de-pantalla-2025-03-18-124223-91x133.png 91w, https:\/\/notisnot.com\/wp-content\/uploads\/2025\/03\/Captura-de-pantalla-2025-03-18-124223.png 532w\" sizes=\"(max-width: 303px) 100vw, 303px\" \/> <img loading=\"lazy\" decoding=\"async\" class=\"alignnone size-medium wp-image-305206\" src=\"https:\/\/notisnot.com\/wp-content\/uploads\/2025\/03\/Captura-de-pantalla-2025-03-18-124235-303x437.png\" alt=\"\" width=\"303\" height=\"437\" srcset=\"https:\/\/notisnot.com\/wp-content\/uploads\/2025\/03\/Captura-de-pantalla-2025-03-18-124235-303x437.png 303w, https:\/\/notisnot.com\/wp-content\/uploads\/2025\/03\/Captura-de-pantalla-2025-03-18-124235-505x728.png 505w, https:\/\/notisnot.com\/wp-content\/uploads\/2025\/03\/Captura-de-pantalla-2025-03-18-124235-8x12.png 8w, https:\/\/notisnot.com\/wp-content\/uploads\/2025\/03\/Captura-de-pantalla-2025-03-18-124235-14x20.png 14w, https:\/\/notisnot.com\/wp-content\/uploads\/2025\/03\/Captura-de-pantalla-2025-03-18-124235-91x131.png 91w, https:\/\/notisnot.com\/wp-content\/uploads\/2025\/03\/Captura-de-pantalla-2025-03-18-124235.png 569w\" sizes=\"(max-width: 303px) 100vw, 303px\" \/> <img loading=\"lazy\" decoding=\"async\" class=\"alignnone size-medium wp-image-305207\" src=\"https:\/\/notisnot.com\/wp-content\/uploads\/2025\/03\/Captura-de-pantalla-2025-03-18-124241-303x449.png\" alt=\"\" width=\"303\" height=\"449\" srcset=\"https:\/\/notisnot.com\/wp-content\/uploads\/2025\/03\/Captura-de-pantalla-2025-03-18-124241-303x449.png 303w, https:\/\/notisnot.com\/wp-content\/uploads\/2025\/03\/Captura-de-pantalla-2025-03-18-124241-505x749.png 505w, https:\/\/notisnot.com\/wp-content\/uploads\/2025\/03\/Captura-de-pantalla-2025-03-18-124241-8x12.png 8w, https:\/\/notisnot.com\/wp-content\/uploads\/2025\/03\/Captura-de-pantalla-2025-03-18-124241-13x20.png 13w, https:\/\/notisnot.com\/wp-content\/uploads\/2025\/03\/Captura-de-pantalla-2025-03-18-124241-91x135.png 91w, https:\/\/notisnot.com\/wp-content\/uploads\/2025\/03\/Captura-de-pantalla-2025-03-18-124241.png 559w\" sizes=\"(max-width: 303px) 100vw, 303px\" \/> <img loading=\"lazy\" decoding=\"async\" class=\"alignnone size-medium wp-image-305208\" src=\"https:\/\/notisnot.com\/wp-content\/uploads\/2025\/03\/Captura-de-pantalla-2025-03-18-124247-303x444.png\" alt=\"\" width=\"303\" height=\"444\" srcset=\"https:\/\/notisnot.com\/wp-content\/uploads\/2025\/03\/Captura-de-pantalla-2025-03-18-124247-303x444.png 303w, https:\/\/notisnot.com\/wp-content\/uploads\/2025\/03\/Captura-de-pantalla-2025-03-18-124247-505x740.png 505w, https:\/\/notisnot.com\/wp-content\/uploads\/2025\/03\/Captura-de-pantalla-2025-03-18-124247-8x12.png 8w, https:\/\/notisnot.com\/wp-content\/uploads\/2025\/03\/Captura-de-pantalla-2025-03-18-124247-14x20.png 14w, https:\/\/notisnot.com\/wp-content\/uploads\/2025\/03\/Captura-de-pantalla-2025-03-18-124247-91x133.png 91w, https:\/\/notisnot.com\/wp-content\/uploads\/2025\/03\/Captura-de-pantalla-2025-03-18-124247.png 575w\" sizes=\"(max-width: 303px) 100vw, 303px\" \/> <img loading=\"lazy\" decoding=\"async\" class=\"alignnone size-medium wp-image-305209\" src=\"https:\/\/notisnot.com\/wp-content\/uploads\/2025\/03\/Captura-de-pantalla-2025-03-18-124252-303x402.png\" alt=\"\" width=\"303\" height=\"402\" srcset=\"https:\/\/notisnot.com\/wp-content\/uploads\/2025\/03\/Captura-de-pantalla-2025-03-18-124252-303x402.png 303w, https:\/\/notisnot.com\/wp-content\/uploads\/2025\/03\/Captura-de-pantalla-2025-03-18-124252-505x670.png 505w, https:\/\/notisnot.com\/wp-content\/uploads\/2025\/03\/Captura-de-pantalla-2025-03-18-124252-9x12.png 9w, https:\/\/notisnot.com\/wp-content\/uploads\/2025\/03\/Captura-de-pantalla-2025-03-18-124252-15x20.png 15w, https:\/\/notisnot.com\/wp-content\/uploads\/2025\/03\/Captura-de-pantalla-2025-03-18-124252-600x796.png 600w, https:\/\/notisnot.com\/wp-content\/uploads\/2025\/03\/Captura-de-pantalla-2025-03-18-124252-91x121.png 91w, https:\/\/notisnot.com\/wp-content\/uploads\/2025\/03\/Captura-de-pantalla-2025-03-18-124252.png 656w\" sizes=\"(max-width: 303px) 100vw, 303px\" \/><\/p>","protected":false},"excerpt":{"rendered":"<p>\u2022 Casaca sanitaria para mujer slim fit, un corte estrecho que realza la silueta<br \/>\n\u2022 Tejido transpirable, ligero y suave. De f\u00e1cil lavado y planchado, y de r\u00e1pido secado. Su<br \/>\ngramaje asegura una buena sensaci\u00f3n t\u00e9rmica en ambientes c\u00e1lidos como el de los<br \/>\nentornos sanitarios.<br \/>\n\u2022 4-way stretch, propiedades el\u00e1sticas en 4 direcciones permitiendo una total libertad<br \/>\nde movimientos<br \/>\n\u2022 Los pespuntes adornando la prenda, el cuello rib y el vivo a contraste le con ieren un<br \/>\naire deportivo<br \/>\n\u2022 Las aberturas en la parte trasera permiten un ajuste perfecto en todo tipo de cuerpos<br \/>\n\u2022 Bolsillo en pecho oculto y bolsillos inferiores multiapartado de gran capacidad<br \/>\n\u2022 Colgador para la tarjeta identi icativa a la altura del pecho<\/p>","protected":false},"featured_media":305203,"comment_status":"open","ping_status":"closed","template":"","meta":{"_acf_changed":false},"product_cat":[571],"product_tag":[],"class_list":{"0":"post-305198","1":"product","2":"type-product","3":"status-publish","4":"has-post-thumbnail","6":"product_cat-chaquetas-sanitario","7":"pa_color-azul-marino","8":"pa_color-azul-petroleo","9":"pa_color-gris-medio","10":"pa_color-rosa","11":"pa_tallaropa-xs","12":"pa_tallaropa-s","13":"pa_tallaropa-m","14":"pa_tallaropa-l","15":"pa_tallaropa-xl","16":"pa_tallaropa-xxl","17":"pa_tallaropa-3xl","19":"first","20":"instock","21":"taxable","22":"shipping-taxable","23":"purchasable","24":"product-type-variable"},"acf":[],"yoast_head":"<!-- This site is optimized with the Yoast SEO plugin v23.4 - https:\/\/yoast.com\/wordpress\/plugins\/seo\/ -->\n<title>Casaca Mujer Cuello V Rib Slim Fit - NOT IS NOT<\/title>\n<meta name=\"robots\" content=\"index, follow, max-snippet:-1, max-image-preview:large, max-video-preview:-1\" \/>\n<link rel=\"canonical\" href=\"https:\/\/notisnot.com\/es\/tienda\/ropa-laboral\/sanitario\/chaquetas-sanitario\/casaca-mujer-cuello-v-rib-slim-fit\/\" \/>\n<meta property=\"og:locale\" content=\"es_ES\" \/>\n<meta property=\"og:type\" content=\"article\" \/>\n<meta property=\"og:title\" content=\"Casaca Mujer Cuello V Rib Slim Fit - NOT IS NOT\" \/>\n<meta property=\"og:description\" content=\"\u2022 Casaca sanitaria para mujer slim fit, un corte estrecho que realza la silueta \u2022 Tejido transpirable, ligero y suave. De f\u00e1cil lavado y planchado, y de r\u00e1pido secado. Su gramaje asegura una buena sensaci\u00f3n t\u00e9rmica en ambientes c\u00e1lidos como el de los entornos sanitarios. \u2022 4-way stretch, propiedades el\u00e1sticas en 4 direcciones permitiendo una total libertad de movimientos \u2022 Los pespuntes adornando la prenda, el cuello rib y el vivo a contraste le con ieren un aire deportivo \u2022 Las aberturas en la parte trasera permiten un ajuste perfecto en todo tipo de cuerpos \u2022 Bolsillo en pecho oculto y bolsillos inferiores multiapartado de gran capacidad \u2022 Colgador para la tarjeta identi icativa a la altura del pecho\" \/>\n<meta property=\"og:url\" content=\"https:\/\/notisnot.com\/es\/tienda\/ropa-laboral\/sanitario\/chaquetas-sanitario\/casaca-mujer-cuello-v-rib-slim-fit\/\" \/>\n<meta property=\"og:site_name\" content=\"NOT IS NOT\" \/>\n<meta property=\"article:publisher\" content=\"https:\/\/www.facebook.com\/notisnotofficial\/\" \/>\n<meta property=\"article:modified_time\" content=\"2025-06-23T16:48:06+00:00\" \/>\n<meta property=\"og:image\" content=\"https:\/\/notisnot.com\/wp-content\/uploads\/2025\/03\/Captura-de-pantalla-2025-03-18-124209.png\" \/>\n\t<meta property=\"og:image:width\" content=\"463\" \/>\n\t<meta property=\"og:image:height\" content=\"780\" \/>\n\t<meta property=\"og:image:type\" content=\"image\/png\" \/>\n<meta name=\"twitter:card\" content=\"summary_large_image\" \/>\n<meta name=\"twitter:label1\" content=\"Tiempo de lectura\" \/>\n\t<meta name=\"twitter:data1\" content=\"3 minutos\" \/>\n<script type=\"application\/ld+json\" class=\"yoast-schema-graph\">{\"@context\":\"https:\/\/schema.org\",\"@graph\":[{\"@type\":\"WebPage\",\"@id\":\"https:\/\/notisnot.com\/es\/tienda\/ropa-laboral\/sanitario\/chaquetas-sanitario\/casaca-mujer-cuello-v-rib-slim-fit\/\",\"url\":\"https:\/\/notisnot.com\/es\/tienda\/ropa-laboral\/sanitario\/chaquetas-sanitario\/casaca-mujer-cuello-v-rib-slim-fit\/\",\"name\":\"Casaca Mujer Cuello V Rib Slim Fit - NOT IS NOT\",\"isPartOf\":{\"@id\":\"https:\/\/notisnot.com\/#website\"},\"primaryImageOfPage\":{\"@id\":\"https:\/\/notisnot.com\/es\/tienda\/ropa-laboral\/sanitario\/chaquetas-sanitario\/casaca-mujer-cuello-v-rib-slim-fit\/#primaryimage\"},\"image\":{\"@id\":\"https:\/\/notisnot.com\/es\/tienda\/ropa-laboral\/sanitario\/chaquetas-sanitario\/casaca-mujer-cuello-v-rib-slim-fit\/#primaryimage\"},\"thumbnailUrl\":\"https:\/\/notisnot.com\/wp-content\/uploads\/2025\/03\/Captura-de-pantalla-2025-03-18-124209.png\",\"datePublished\":\"2025-03-19T10:26:30+00:00\",\"dateModified\":\"2025-06-23T16:48:06+00:00\",\"breadcrumb\":{\"@id\":\"https:\/\/notisnot.com\/es\/tienda\/ropa-laboral\/sanitario\/chaquetas-sanitario\/casaca-mujer-cuello-v-rib-slim-fit\/#breadcrumb\"},\"inLanguage\":\"es\",\"potentialAction\":[{\"@type\":\"ReadAction\",\"target\":[\"https:\/\/notisnot.com\/es\/tienda\/ropa-laboral\/sanitario\/chaquetas-sanitario\/casaca-mujer-cuello-v-rib-slim-fit\/\"]}]},{\"@type\":\"ImageObject\",\"inLanguage\":\"es\",\"@id\":\"https:\/\/notisnot.com\/es\/tienda\/ropa-laboral\/sanitario\/chaquetas-sanitario\/casaca-mujer-cuello-v-rib-slim-fit\/#primaryimage\",\"url\":\"https:\/\/notisnot.com\/wp-content\/uploads\/2025\/03\/Captura-de-pantalla-2025-03-18-124209.png\",\"contentUrl\":\"https:\/\/notisnot.com\/wp-content\/uploads\/2025\/03\/Captura-de-pantalla-2025-03-18-124209.png\",\"width\":463,\"height\":780},{\"@type\":\"BreadcrumbList\",\"@id\":\"https:\/\/notisnot.com\/es\/tienda\/ropa-laboral\/sanitario\/chaquetas-sanitario\/casaca-mujer-cuello-v-rib-slim-fit\/#breadcrumb\",\"itemListElement\":[{\"@type\":\"ListItem\",\"position\":1,\"name\":\"Home\",\"item\":\"https:\/\/notisnot.com\/\"},{\"@type\":\"ListItem\",\"position\":2,\"name\":\"Tienda\",\"item\":\"https:\/\/notisnot.com\/tienda-woocomerce\/\"},{\"@type\":\"ListItem\",\"position\":3,\"name\":\"Casaca Mujer Cuello V Rib Slim Fit\"}]},{\"@type\":\"WebSite\",\"@id\":\"https:\/\/notisnot.com\/#website\",\"url\":\"https:\/\/notisnot.com\/\",\"name\":\"NOT IS NOT\",\"description\":\"\",\"potentialAction\":[{\"@type\":\"SearchAction\",\"target\":{\"@type\":\"EntryPoint\",\"urlTemplate\":\"https:\/\/notisnot.com\/?s={search_term_string}\"},\"query-input\":{\"@type\":\"PropertyValueSpecification\",\"valueRequired\":true,\"valueName\":\"search_term_string\"}}],\"inLanguage\":\"es\"}]}<\/script>\n<!-- \/ Yoast SEO plugin. -->","yoast_head_json":{"title":"Casaca Mujer Cuello V Rib Slim Fit - NOT IS NOT","robots":{"index":"index","follow":"follow","max-snippet":"max-snippet:-1","max-image-preview":"max-image-preview:large","max-video-preview":"max-video-preview:-1"},"canonical":"https:\/\/notisnot.com\/es\/tienda\/ropa-laboral\/sanitario\/chaquetas-sanitario\/casaca-mujer-cuello-v-rib-slim-fit\/","og_locale":"es_ES","og_type":"article","og_title":"Casaca Mujer Cuello V Rib Slim Fit - NOT IS NOT","og_description":"\u2022 Casaca sanitaria para mujer slim fit, un corte estrecho que realza la silueta \u2022 Tejido transpirable, ligero y suave. De f\u00e1cil lavado y planchado, y de r\u00e1pido secado. Su gramaje asegura una buena sensaci\u00f3n t\u00e9rmica en ambientes c\u00e1lidos como el de los entornos sanitarios. \u2022 4-way stretch, propiedades el\u00e1sticas en 4 direcciones permitiendo una total libertad de movimientos \u2022 Los pespuntes adornando la prenda, el cuello rib y el vivo a contraste le con ieren un aire deportivo \u2022 Las aberturas en la parte trasera permiten un ajuste perfecto en todo tipo de cuerpos \u2022 Bolsillo en pecho oculto y bolsillos inferiores multiapartado de gran capacidad \u2022 Colgador para la tarjeta identi icativa a la altura del pecho","og_url":"https:\/\/notisnot.com\/es\/tienda\/ropa-laboral\/sanitario\/chaquetas-sanitario\/casaca-mujer-cuello-v-rib-slim-fit\/","og_site_name":"NOT IS NOT","article_publisher":"https:\/\/www.facebook.com\/notisnotofficial\/","article_modified_time":"2025-06-23T16:48:06+00:00","og_image":[{"width":463,"height":780,"url":"https:\/\/notisnot.com\/wp-content\/uploads\/2025\/03\/Captura-de-pantalla-2025-03-18-124209.png","type":"image\/png"}],"twitter_card":"summary_large_image","twitter_misc":{"Tiempo de lectura":"3 minutos"},"schema":{"@context":"https:\/\/schema.org","@graph":[{"@type":"WebPage","@id":"https:\/\/notisnot.com\/es\/tienda\/ropa-laboral\/sanitario\/chaquetas-sanitario\/casaca-mujer-cuello-v-rib-slim-fit\/","url":"https:\/\/notisnot.com\/es\/tienda\/ropa-laboral\/sanitario\/chaquetas-sanitario\/casaca-mujer-cuello-v-rib-slim-fit\/","name":"Casaca Mujer Cuello V Rib Slim Fit - NOT IS NOT","isPartOf":{"@id":"https:\/\/notisnot.com\/#website"},"primaryImageOfPage":{"@id":"https:\/\/notisnot.com\/es\/tienda\/ropa-laboral\/sanitario\/chaquetas-sanitario\/casaca-mujer-cuello-v-rib-slim-fit\/#primaryimage"},"image":{"@id":"https:\/\/notisnot.com\/es\/tienda\/ropa-laboral\/sanitario\/chaquetas-sanitario\/casaca-mujer-cuello-v-rib-slim-fit\/#primaryimage"},"thumbnailUrl":"https:\/\/notisnot.com\/wp-content\/uploads\/2025\/03\/Captura-de-pantalla-2025-03-18-124209.png","datePublished":"2025-03-19T10:26:30+00:00","dateModified":"2025-06-23T16:48:06+00:00","breadcrumb":{"@id":"https:\/\/notisnot.com\/es\/tienda\/ropa-laboral\/sanitario\/chaquetas-sanitario\/casaca-mujer-cuello-v-rib-slim-fit\/#breadcrumb"},"inLanguage":"es","potentialAction":[{"@type":"ReadAction","target":["https:\/\/notisnot.com\/es\/tienda\/ropa-laboral\/sanitario\/chaquetas-sanitario\/casaca-mujer-cuello-v-rib-slim-fit\/"]}]},{"@type":"ImageObject","inLanguage":"es","@id":"https:\/\/notisnot.com\/es\/tienda\/ropa-laboral\/sanitario\/chaquetas-sanitario\/casaca-mujer-cuello-v-rib-slim-fit\/#primaryimage","url":"https:\/\/notisnot.com\/wp-content\/uploads\/2025\/03\/Captura-de-pantalla-2025-03-18-124209.png","contentUrl":"https:\/\/notisnot.com\/wp-content\/uploads\/2025\/03\/Captura-de-pantalla-2025-03-18-124209.png","width":463,"height":780},{"@type":"BreadcrumbList","@id":"https:\/\/notisnot.com\/es\/tienda\/ropa-laboral\/sanitario\/chaquetas-sanitario\/casaca-mujer-cuello-v-rib-slim-fit\/#breadcrumb","itemListElement":[{"@type":"ListItem","position":1,"name":"Home","item":"https:\/\/notisnot.com\/"},{"@type":"ListItem","position":2,"name":"Tienda","item":"https:\/\/notisnot.com\/tienda-woocomerce\/"},{"@type":"ListItem","position":3,"name":"Casaca Mujer Cuello V Rib Slim Fit"}]},{"@type":"WebSite","@id":"https:\/\/notisnot.com\/#website","url":"https:\/\/notisnot.com\/","name":"NOT IS NOT","description":"","potentialAction":[{"@type":"SearchAction","target":{"@type":"EntryPoint","urlTemplate":"https:\/\/notisnot.com\/?s={search_term_string}"},"query-input":{"@type":"PropertyValueSpecification","valueRequired":true,"valueName":"search_term_string"}}],"inLanguage":"es"}]}},"_links":{"self":[{"href":"https:\/\/notisnot.com\/es\/wp-json\/wp\/v2\/product\/305198"}],"collection":[{"href":"https:\/\/notisnot.com\/es\/wp-json\/wp\/v2\/product"}],"about":[{"href":"https:\/\/notisnot.com\/es\/wp-json\/wp\/v2\/types\/product"}],"replies":[{"embeddable":true,"href":"https:\/\/notisnot.com\/es\/wp-json\/wp\/v2\/comments?post=305198"}],"wp:featuredmedia":[{"embeddable":true,"href":"https:\/\/notisnot.com\/es\/wp-json\/wp\/v2\/media\/305203"}],"wp:attachment":[{"href":"https:\/\/notisnot.com\/es\/wp-json\/wp\/v2\/media?parent=305198"}],"wp:term":[{"taxonomy":"product_cat","embeddable":true,"href":"https:\/\/notisnot.com\/es\/wp-json\/wp\/v2\/product_cat?post=305198"},{"taxonomy":"product_tag","embeddable":true,"href":"https:\/\/notisnot.com\/es\/wp-json\/wp\/v2\/product_tag?post=305198"}],"curies":[{"name":"wp","href":"https:\/\/api.w.org\/{rel}","templated":true}]}}