{"id":302465,"date":"2025-03-11T10:08:46","date_gmt":"2025-03-11T10:08:46","guid":{"rendered":"https:\/\/notisnot.com\/?post_type=product&#038;p=302465"},"modified":"2025-06-19T17:43:49","modified_gmt":"2025-06-19T17:43:49","slug":"gorro-gran-chef-infantil-blanco","status":"publish","type":"product","link":"https:\/\/notisnot.com\/es\/tienda\/ropa-laboral\/hosteleria\/complements-dhostaleria\/gorro-gran-chef-infantil-blanco\/","title":{"rendered":"Gorro Gran Chef Infantil Blanco"},"content":{"rendered":"<p><img loading=\"lazy\" decoding=\"async\" class=\"alignnone size-medium wp-image-302466\" src=\"https:\/\/notisnot.com\/wp-content\/uploads\/2025\/03\/Captura-de-pantalla-2025-03-11-105946-303x302.png\" alt=\"\" width=\"303\" height=\"302\" srcset=\"https:\/\/notisnot.com\/wp-content\/uploads\/2025\/03\/Captura-de-pantalla-2025-03-11-105946-303x302.png 303w, https:\/\/notisnot.com\/wp-content\/uploads\/2025\/03\/Captura-de-pantalla-2025-03-11-105946-505x504.png 505w, https:\/\/notisnot.com\/wp-content\/uploads\/2025\/03\/Captura-de-pantalla-2025-03-11-105946-768x766.png 768w, https:\/\/notisnot.com\/wp-content\/uploads\/2025\/03\/Captura-de-pantalla-2025-03-11-105946-12x12.png 12w, https:\/\/notisnot.com\/wp-content\/uploads\/2025\/03\/Captura-de-pantalla-2025-03-11-105946-20x20.png 20w, https:\/\/notisnot.com\/wp-content\/uploads\/2025\/03\/Captura-de-pantalla-2025-03-11-105946-600x599.png 600w, https:\/\/notisnot.com\/wp-content\/uploads\/2025\/03\/Captura-de-pantalla-2025-03-11-105946-91x91.png 91w, https:\/\/notisnot.com\/wp-content\/uploads\/2025\/03\/Captura-de-pantalla-2025-03-11-105946-50x50.png 50w, https:\/\/notisnot.com\/wp-content\/uploads\/2025\/03\/Captura-de-pantalla-2025-03-11-105946-100x100.png 100w, https:\/\/notisnot.com\/wp-content\/uploads\/2025\/03\/Captura-de-pantalla-2025-03-11-105946.png 905w\" sizes=\"(max-width: 303px) 100vw, 303px\" \/><\/p>","protected":false},"excerpt":{"rendered":"<p>El GORRO GRAN CHEF INFANTIL presenta un dise\u00f1o cl\u00e1sico tipo champi\u00f1\u00f3n, similar al que usan los chefs profesionales. Este dise\u00f1o ic\u00f3nico a\u00f1ade un toque de autenticidad a las actividades culinarias de los ni\u00f1os y les permite sentirse como verdaderos chefs.<\/p>\n<p>Este gorro est\u00e1 disponible en tallas 6 y 12, y cuenta con un pr\u00e1ctico cierre de velcro regulable. Esto permite un ajuste perfecto a la cabeza del ni\u00f1o, asegurando que la prenda se mantenga en su lugar de manera c\u00f3moda durante las actividades de cocina.<\/p>","protected":false},"featured_media":302466,"comment_status":"open","ping_status":"closed","template":"","meta":{"_acf_changed":false},"product_cat":[494],"product_tag":[],"class_list":{"0":"post-302465","1":"product","2":"type-product","3":"status-publish","4":"has-post-thumbnail","6":"product_cat-complements-dhostaleria","7":"pa_color-blanco","8":"pa_tallaropa-447","9":"pa_tallaropa-450","11":"first","12":"instock","13":"taxable","14":"shipping-taxable","15":"purchasable","16":"product-type-variable"},"acf":[],"yoast_head":"<!-- This site is optimized with the Yoast SEO plugin v23.4 - https:\/\/yoast.com\/wordpress\/plugins\/seo\/ -->\n<title>Gorro Gran Chef Infantil Blanco - NOT IS NOT<\/title>\n<meta name=\"robots\" content=\"index, follow, max-snippet:-1, max-image-preview:large, max-video-preview:-1\" \/>\n<link rel=\"canonical\" href=\"https:\/\/notisnot.com\/es\/tienda\/ropa-laboral\/hosteleria\/complements-dhostaleria\/gorro-gran-chef-infantil-blanco\/\" \/>\n<meta property=\"og:locale\" content=\"es_ES\" \/>\n<meta property=\"og:type\" content=\"article\" \/>\n<meta property=\"og:title\" content=\"Gorro Gran Chef Infantil Blanco - NOT IS NOT\" \/>\n<meta property=\"og:description\" content=\"El GORRO GRAN CHEF INFANTIL presenta un dise\u00f1o cl\u00e1sico tipo champi\u00f1\u00f3n, similar al que usan los chefs profesionales. Este dise\u00f1o ic\u00f3nico a\u00f1ade un toque de autenticidad a las actividades culinarias de los ni\u00f1os y les permite sentirse como verdaderos chefs.  Este gorro est\u00e1 disponible en tallas 6 y 12, y cuenta con un pr\u00e1ctico cierre de velcro regulable. Esto permite un ajuste perfecto a la cabeza del ni\u00f1o, asegurando que la prenda se mantenga en su lugar de manera c\u00f3moda durante las actividades de cocina.\" \/>\n<meta property=\"og:url\" content=\"https:\/\/notisnot.com\/es\/tienda\/ropa-laboral\/hosteleria\/complements-dhostaleria\/gorro-gran-chef-infantil-blanco\/\" \/>\n<meta property=\"og:site_name\" content=\"NOT IS NOT\" \/>\n<meta property=\"article:publisher\" content=\"https:\/\/www.facebook.com\/notisnotofficial\/\" \/>\n<meta property=\"article:modified_time\" content=\"2025-06-19T17:43:49+00:00\" \/>\n<meta property=\"og:image\" content=\"http:\/\/notisnot.com\/wp-content\/uploads\/2025\/03\/Captura-de-pantalla-2025-03-11-105946.png\" \/>\n\t<meta property=\"og:image:width\" content=\"905\" \/>\n\t<meta property=\"og:image:height\" content=\"903\" \/>\n\t<meta property=\"og:image:type\" content=\"image\/png\" \/>\n<meta name=\"twitter:card\" content=\"summary_large_image\" \/>\n<meta name=\"twitter:label1\" content=\"Tiempo de lectura\" \/>\n\t<meta name=\"twitter:data1\" content=\"1 minuto\" \/>\n<script type=\"application\/ld+json\" class=\"yoast-schema-graph\">{\"@context\":\"https:\/\/schema.org\",\"@graph\":[{\"@type\":\"WebPage\",\"@id\":\"http:\/\/notisnot.com\/tienda\/ropa-laboral\/hosteleria\/complements-dhostaleria\/gorro-gran-chef-infantil-blanco\/\",\"url\":\"http:\/\/notisnot.com\/tienda\/ropa-laboral\/hosteleria\/complements-dhostaleria\/gorro-gran-chef-infantil-blanco\/\",\"name\":\"Gorro Gran Chef Infantil Blanco - NOT IS NOT\",\"isPartOf\":{\"@id\":\"http:\/\/notisnot.com\/#website\"},\"primaryImageOfPage\":{\"@id\":\"http:\/\/notisnot.com\/tienda\/ropa-laboral\/hosteleria\/complements-dhostaleria\/gorro-gran-chef-infantil-blanco\/#primaryimage\"},\"image\":{\"@id\":\"http:\/\/notisnot.com\/tienda\/ropa-laboral\/hosteleria\/complements-dhostaleria\/gorro-gran-chef-infantil-blanco\/#primaryimage\"},\"thumbnailUrl\":\"https:\/\/notisnot.com\/wp-content\/uploads\/2025\/03\/Captura-de-pantalla-2025-03-11-105946.png\",\"datePublished\":\"2025-03-11T10:08:46+00:00\",\"dateModified\":\"2025-06-19T17:43:49+00:00\",\"breadcrumb\":{\"@id\":\"http:\/\/notisnot.com\/tienda\/ropa-laboral\/hosteleria\/complements-dhostaleria\/gorro-gran-chef-infantil-blanco\/#breadcrumb\"},\"inLanguage\":\"es\",\"potentialAction\":[{\"@type\":\"ReadAction\",\"target\":[\"http:\/\/notisnot.com\/tienda\/ropa-laboral\/hosteleria\/complements-dhostaleria\/gorro-gran-chef-infantil-blanco\/\"]}]},{\"@type\":\"ImageObject\",\"inLanguage\":\"es\",\"@id\":\"http:\/\/notisnot.com\/tienda\/ropa-laboral\/hosteleria\/complements-dhostaleria\/gorro-gran-chef-infantil-blanco\/#primaryimage\",\"url\":\"https:\/\/notisnot.com\/wp-content\/uploads\/2025\/03\/Captura-de-pantalla-2025-03-11-105946.png\",\"contentUrl\":\"https:\/\/notisnot.com\/wp-content\/uploads\/2025\/03\/Captura-de-pantalla-2025-03-11-105946.png\",\"width\":905,\"height\":903},{\"@type\":\"BreadcrumbList\",\"@id\":\"http:\/\/notisnot.com\/tienda\/ropa-laboral\/hosteleria\/complements-dhostaleria\/gorro-gran-chef-infantil-blanco\/#breadcrumb\",\"itemListElement\":[{\"@type\":\"ListItem\",\"position\":1,\"name\":\"Home\",\"item\":\"http:\/\/notisnot.com\/\"},{\"@type\":\"ListItem\",\"position\":2,\"name\":\"Tienda\",\"item\":\"https:\/\/notisnot.com\/es\/tienda-woocomerce\/\"},{\"@type\":\"ListItem\",\"position\":3,\"name\":\"Gorro Gran Chef Infantil Blanco\"}]},{\"@type\":\"WebSite\",\"@id\":\"http:\/\/notisnot.com\/#website\",\"url\":\"http:\/\/notisnot.com\/\",\"name\":\"NOT IS NOT\",\"description\":\"\",\"potentialAction\":[{\"@type\":\"SearchAction\",\"target\":{\"@type\":\"EntryPoint\",\"urlTemplate\":\"http:\/\/notisnot.com\/?s={search_term_string}\"},\"query-input\":{\"@type\":\"PropertyValueSpecification\",\"valueRequired\":true,\"valueName\":\"search_term_string\"}}],\"inLanguage\":\"es\"}]}<\/script>\n<!-- \/ Yoast SEO plugin. -->","yoast_head_json":{"title":"Gorro Gran Chef Infantil Blanco - NOT IS NOT","robots":{"index":"index","follow":"follow","max-snippet":"max-snippet:-1","max-image-preview":"max-image-preview:large","max-video-preview":"max-video-preview:-1"},"canonical":"https:\/\/notisnot.com\/es\/tienda\/ropa-laboral\/hosteleria\/complements-dhostaleria\/gorro-gran-chef-infantil-blanco\/","og_locale":"es_ES","og_type":"article","og_title":"Gorro Gran Chef Infantil Blanco - NOT IS NOT","og_description":"El GORRO GRAN CHEF INFANTIL presenta un dise\u00f1o cl\u00e1sico tipo champi\u00f1\u00f3n, similar al que usan los chefs profesionales. Este dise\u00f1o ic\u00f3nico a\u00f1ade un toque de autenticidad a las actividades culinarias de los ni\u00f1os y les permite sentirse como verdaderos chefs.  Este gorro est\u00e1 disponible en tallas 6 y 12, y cuenta con un pr\u00e1ctico cierre de velcro regulable. Esto permite un ajuste perfecto a la cabeza del ni\u00f1o, asegurando que la prenda se mantenga en su lugar de manera c\u00f3moda durante las actividades de cocina.","og_url":"https:\/\/notisnot.com\/es\/tienda\/ropa-laboral\/hosteleria\/complements-dhostaleria\/gorro-gran-chef-infantil-blanco\/","og_site_name":"NOT IS NOT","article_publisher":"https:\/\/www.facebook.com\/notisnotofficial\/","article_modified_time":"2025-06-19T17:43:49+00:00","og_image":[{"width":905,"height":903,"url":"http:\/\/notisnot.com\/wp-content\/uploads\/2025\/03\/Captura-de-pantalla-2025-03-11-105946.png","type":"image\/png"}],"twitter_card":"summary_large_image","twitter_misc":{"Tiempo de lectura":"1 minuto"},"schema":{"@context":"https:\/\/schema.org","@graph":[{"@type":"WebPage","@id":"http:\/\/notisnot.com\/tienda\/ropa-laboral\/hosteleria\/complements-dhostaleria\/gorro-gran-chef-infantil-blanco\/","url":"http:\/\/notisnot.com\/tienda\/ropa-laboral\/hosteleria\/complements-dhostaleria\/gorro-gran-chef-infantil-blanco\/","name":"Gorro Gran Chef Infantil Blanco - NOT IS NOT","isPartOf":{"@id":"http:\/\/notisnot.com\/#website"},"primaryImageOfPage":{"@id":"http:\/\/notisnot.com\/tienda\/ropa-laboral\/hosteleria\/complements-dhostaleria\/gorro-gran-chef-infantil-blanco\/#primaryimage"},"image":{"@id":"http:\/\/notisnot.com\/tienda\/ropa-laboral\/hosteleria\/complements-dhostaleria\/gorro-gran-chef-infantil-blanco\/#primaryimage"},"thumbnailUrl":"https:\/\/notisnot.com\/wp-content\/uploads\/2025\/03\/Captura-de-pantalla-2025-03-11-105946.png","datePublished":"2025-03-11T10:08:46+00:00","dateModified":"2025-06-19T17:43:49+00:00","breadcrumb":{"@id":"http:\/\/notisnot.com\/tienda\/ropa-laboral\/hosteleria\/complements-dhostaleria\/gorro-gran-chef-infantil-blanco\/#breadcrumb"},"inLanguage":"es","potentialAction":[{"@type":"ReadAction","target":["http:\/\/notisnot.com\/tienda\/ropa-laboral\/hosteleria\/complements-dhostaleria\/gorro-gran-chef-infantil-blanco\/"]}]},{"@type":"ImageObject","inLanguage":"es","@id":"http:\/\/notisnot.com\/tienda\/ropa-laboral\/hosteleria\/complements-dhostaleria\/gorro-gran-chef-infantil-blanco\/#primaryimage","url":"https:\/\/notisnot.com\/wp-content\/uploads\/2025\/03\/Captura-de-pantalla-2025-03-11-105946.png","contentUrl":"https:\/\/notisnot.com\/wp-content\/uploads\/2025\/03\/Captura-de-pantalla-2025-03-11-105946.png","width":905,"height":903},{"@type":"BreadcrumbList","@id":"http:\/\/notisnot.com\/tienda\/ropa-laboral\/hosteleria\/complements-dhostaleria\/gorro-gran-chef-infantil-blanco\/#breadcrumb","itemListElement":[{"@type":"ListItem","position":1,"name":"Home","item":"http:\/\/notisnot.com\/"},{"@type":"ListItem","position":2,"name":"Tienda","item":"https:\/\/notisnot.com\/es\/tienda-woocomerce\/"},{"@type":"ListItem","position":3,"name":"Gorro Gran Chef Infantil Blanco"}]},{"@type":"WebSite","@id":"http:\/\/notisnot.com\/#website","url":"http:\/\/notisnot.com\/","name":"NOT IS NOT","description":"","potentialAction":[{"@type":"SearchAction","target":{"@type":"EntryPoint","urlTemplate":"http:\/\/notisnot.com\/?s={search_term_string}"},"query-input":{"@type":"PropertyValueSpecification","valueRequired":true,"valueName":"search_term_string"}}],"inLanguage":"es"}]}},"_links":{"self":[{"href":"https:\/\/notisnot.com\/es\/wp-json\/wp\/v2\/product\/302465"}],"collection":[{"href":"https:\/\/notisnot.com\/es\/wp-json\/wp\/v2\/product"}],"about":[{"href":"https:\/\/notisnot.com\/es\/wp-json\/wp\/v2\/types\/product"}],"replies":[{"embeddable":true,"href":"https:\/\/notisnot.com\/es\/wp-json\/wp\/v2\/comments?post=302465"}],"wp:featuredmedia":[{"embeddable":true,"href":"https:\/\/notisnot.com\/es\/wp-json\/wp\/v2\/media\/302466"}],"wp:attachment":[{"href":"https:\/\/notisnot.com\/es\/wp-json\/wp\/v2\/media?parent=302465"}],"wp:term":[{"taxonomy":"product_cat","embeddable":true,"href":"https:\/\/notisnot.com\/es\/wp-json\/wp\/v2\/product_cat?post=302465"},{"taxonomy":"product_tag","embeddable":true,"href":"https:\/\/notisnot.com\/es\/wp-json\/wp\/v2\/product_tag?post=302465"}],"curies":[{"name":"wp","href":"https:\/\/api.w.org\/{rel}","templated":true}]}}