{"id":301523,"date":"2025-03-04T10:10:52","date_gmt":"2025-03-04T10:10:52","guid":{"rendered":"https:\/\/notisnot.com\/?post_type=product&#038;p=301523"},"modified":"2026-02-10T18:55:43","modified_gmt":"2026-02-10T18:55:43","slug":"gorro-alto-nylon","status":"publish","type":"product","link":"https:\/\/notisnot.com\/es\/tienda\/ropa-laboral\/hosteleria\/complements-dhostaleria\/gorro-alto-nylon\/","title":{"rendered":"Gorro alto nylon"},"content":{"rendered":"<p><img loading=\"lazy\" decoding=\"async\" class=\"alignnone size-medium wp-image-301524\" src=\"https:\/\/notisnot.com\/wp-content\/uploads\/2025\/03\/Captura-de-pantalla-2025-03-03-105031-303x303.png\" alt=\"\" width=\"303\" height=\"303\" srcset=\"https:\/\/notisnot.com\/wp-content\/uploads\/2025\/03\/Captura-de-pantalla-2025-03-03-105031-303x303.png 303w, https:\/\/notisnot.com\/wp-content\/uploads\/2025\/03\/Captura-de-pantalla-2025-03-03-105031-505x506.png 505w, https:\/\/notisnot.com\/wp-content\/uploads\/2025\/03\/Captura-de-pantalla-2025-03-03-105031-768x769.png 768w, https:\/\/notisnot.com\/wp-content\/uploads\/2025\/03\/Captura-de-pantalla-2025-03-03-105031-12x12.png 12w, https:\/\/notisnot.com\/wp-content\/uploads\/2025\/03\/Captura-de-pantalla-2025-03-03-105031-20x20.png 20w, https:\/\/notisnot.com\/wp-content\/uploads\/2025\/03\/Captura-de-pantalla-2025-03-03-105031-600x601.png 600w, https:\/\/notisnot.com\/wp-content\/uploads\/2025\/03\/Captura-de-pantalla-2025-03-03-105031-91x91.png 91w, https:\/\/notisnot.com\/wp-content\/uploads\/2025\/03\/Captura-de-pantalla-2025-03-03-105031-50x50.png 50w, https:\/\/notisnot.com\/wp-content\/uploads\/2025\/03\/Captura-de-pantalla-2025-03-03-105031-100x100.png 100w, https:\/\/notisnot.com\/wp-content\/uploads\/2025\/03\/Captura-de-pantalla-2025-03-03-105031.png 891w\" sizes=\"(max-width: 303px) 100vw, 303px\" \/> <img loading=\"lazy\" decoding=\"async\" class=\"alignnone size-medium wp-image-301525\" src=\"https:\/\/notisnot.com\/wp-content\/uploads\/2025\/03\/Captura-de-pantalla-2025-03-03-105044-303x304.png\" alt=\"\" width=\"303\" height=\"304\" srcset=\"https:\/\/notisnot.com\/wp-content\/uploads\/2025\/03\/Captura-de-pantalla-2025-03-03-105044-303x304.png 303w, https:\/\/notisnot.com\/wp-content\/uploads\/2025\/03\/Captura-de-pantalla-2025-03-03-105044-505x507.png 505w, https:\/\/notisnot.com\/wp-content\/uploads\/2025\/03\/Captura-de-pantalla-2025-03-03-105044-768x771.png 768w, https:\/\/notisnot.com\/wp-content\/uploads\/2025\/03\/Captura-de-pantalla-2025-03-03-105044-12x12.png 12w, https:\/\/notisnot.com\/wp-content\/uploads\/2025\/03\/Captura-de-pantalla-2025-03-03-105044-20x20.png 20w, https:\/\/notisnot.com\/wp-content\/uploads\/2025\/03\/Captura-de-pantalla-2025-03-03-105044-600x603.png 600w, https:\/\/notisnot.com\/wp-content\/uploads\/2025\/03\/Captura-de-pantalla-2025-03-03-105044-91x91.png 91w, https:\/\/notisnot.com\/wp-content\/uploads\/2025\/03\/Captura-de-pantalla-2025-03-03-105044-50x50.png 50w, https:\/\/notisnot.com\/wp-content\/uploads\/2025\/03\/Captura-de-pantalla-2025-03-03-105044-100x100.png 100w, https:\/\/notisnot.com\/wp-content\/uploads\/2025\/03\/Captura-de-pantalla-2025-03-03-105044.png 884w\" sizes=\"(max-width: 303px) 100vw, 303px\" \/><\/p>","protected":false},"excerpt":{"rendered":"<p>El GORRO ALTO NYLON est\u00e1 disponible en elegantes colores blanco y negro, permiti\u00e9ndote mantener una imagen impecable y profesional. Con tallas que van desde la 54 a la 62, aseguramos un ajuste c\u00f3modo y perfecto para cada profesional.<\/p>","protected":false},"featured_media":301525,"comment_status":"open","ping_status":"closed","template":"","meta":{"_acf_changed":false},"product_cat":[494],"product_tag":[],"class_list":{"0":"post-301523","1":"product","2":"type-product","3":"status-publish","4":"has-post-thumbnail","6":"product_cat-complements-dhostaleria","7":"pa_color-blanco","8":"pa_color-negro","9":"pa_tallaropa-475","10":"pa_tallaropa-476","11":"pa_tallaropa-477","12":"pa_tallaropa-491","13":"pa_tallaropa-492","15":"first","16":"instock","17":"taxable","18":"shipping-taxable","19":"purchasable","20":"product-type-simple"},"acf":[],"yoast_head":"<!-- This site is optimized with the Yoast SEO plugin v23.4 - https:\/\/yoast.com\/wordpress\/plugins\/seo\/ -->\n<title>Gorro alto nylon - NOT IS NOT<\/title>\n<meta name=\"robots\" content=\"index, follow, max-snippet:-1, max-image-preview:large, max-video-preview:-1\" \/>\n<link rel=\"canonical\" href=\"http:\/\/notisnot.com\/es\/tienda\/ropa-laboral\/hosteleria\/complements-dhostaleria\/gorro-alto-nylon\/\" \/>\n<meta property=\"og:locale\" content=\"es_ES\" \/>\n<meta property=\"og:type\" content=\"article\" \/>\n<meta property=\"og:title\" content=\"Gorro alto nylon - NOT IS NOT\" \/>\n<meta property=\"og:description\" content=\"El GORRO ALTO NYLON est\u00e1 disponible en elegantes colores blanco y negro, permiti\u00e9ndote mantener una imagen impecable y profesional. Con tallas que van desde la 54 a la 62, aseguramos un ajuste c\u00f3modo y perfecto para cada profesional.\" \/>\n<meta property=\"og:url\" content=\"http:\/\/notisnot.com\/es\/tienda\/ropa-laboral\/hosteleria\/complements-dhostaleria\/gorro-alto-nylon\/\" \/>\n<meta property=\"og:site_name\" content=\"NOT IS NOT\" \/>\n<meta property=\"article:publisher\" content=\"https:\/\/www.facebook.com\/notisnotofficial\/\" \/>\n<meta property=\"article:modified_time\" content=\"2026-02-10T18:55:43+00:00\" \/>\n<meta property=\"og:image\" content=\"http:\/\/notisnot.com\/wp-content\/uploads\/2025\/03\/Captura-de-pantalla-2025-03-03-105044.png\" \/>\n\t<meta property=\"og:image:width\" content=\"884\" \/>\n\t<meta property=\"og:image:height\" content=\"888\" \/>\n\t<meta property=\"og:image:type\" content=\"image\/png\" \/>\n<meta name=\"twitter:card\" content=\"summary_large_image\" \/>\n<meta name=\"twitter:label1\" content=\"Tiempo de lectura\" \/>\n\t<meta name=\"twitter:data1\" content=\"1 minuto\" \/>\n<script type=\"application\/ld+json\" class=\"yoast-schema-graph\">{\"@context\":\"https:\/\/schema.org\",\"@graph\":[{\"@type\":\"WebPage\",\"@id\":\"http:\/\/notisnot.com\/es\/tienda\/ropa-laboral\/hosteleria\/complements-dhostaleria\/gorro-alto-nylon\/\",\"url\":\"http:\/\/notisnot.com\/es\/tienda\/ropa-laboral\/hosteleria\/complements-dhostaleria\/gorro-alto-nylon\/\",\"name\":\"Gorro alto nylon - NOT IS NOT\",\"isPartOf\":{\"@id\":\"http:\/\/notisnot.com\/#website\"},\"primaryImageOfPage\":{\"@id\":\"http:\/\/notisnot.com\/es\/tienda\/ropa-laboral\/hosteleria\/complements-dhostaleria\/gorro-alto-nylon\/#primaryimage\"},\"image\":{\"@id\":\"http:\/\/notisnot.com\/es\/tienda\/ropa-laboral\/hosteleria\/complements-dhostaleria\/gorro-alto-nylon\/#primaryimage\"},\"thumbnailUrl\":\"https:\/\/notisnot.com\/wp-content\/uploads\/2025\/03\/Captura-de-pantalla-2025-03-03-105044.png\",\"datePublished\":\"2025-03-04T10:10:52+00:00\",\"dateModified\":\"2026-02-10T18:55:43+00:00\",\"breadcrumb\":{\"@id\":\"http:\/\/notisnot.com\/es\/tienda\/ropa-laboral\/hosteleria\/complements-dhostaleria\/gorro-alto-nylon\/#breadcrumb\"},\"inLanguage\":\"es\",\"potentialAction\":[{\"@type\":\"ReadAction\",\"target\":[\"http:\/\/notisnot.com\/es\/tienda\/ropa-laboral\/hosteleria\/complements-dhostaleria\/gorro-alto-nylon\/\"]}]},{\"@type\":\"ImageObject\",\"inLanguage\":\"es\",\"@id\":\"http:\/\/notisnot.com\/es\/tienda\/ropa-laboral\/hosteleria\/complements-dhostaleria\/gorro-alto-nylon\/#primaryimage\",\"url\":\"https:\/\/notisnot.com\/wp-content\/uploads\/2025\/03\/Captura-de-pantalla-2025-03-03-105044.png\",\"contentUrl\":\"https:\/\/notisnot.com\/wp-content\/uploads\/2025\/03\/Captura-de-pantalla-2025-03-03-105044.png\",\"width\":884,\"height\":888},{\"@type\":\"BreadcrumbList\",\"@id\":\"http:\/\/notisnot.com\/es\/tienda\/ropa-laboral\/hosteleria\/complements-dhostaleria\/gorro-alto-nylon\/#breadcrumb\",\"itemListElement\":[{\"@type\":\"ListItem\",\"position\":1,\"name\":\"Home\",\"item\":\"http:\/\/notisnot.com\/\"},{\"@type\":\"ListItem\",\"position\":2,\"name\":\"Tienda\",\"item\":\"https:\/\/notisnot.com\/es\/tienda-woocomerce\/\"},{\"@type\":\"ListItem\",\"position\":3,\"name\":\"Gorro alto nylon\"}]},{\"@type\":\"WebSite\",\"@id\":\"http:\/\/notisnot.com\/#website\",\"url\":\"http:\/\/notisnot.com\/\",\"name\":\"NOT IS NOT\",\"description\":\"\",\"potentialAction\":[{\"@type\":\"SearchAction\",\"target\":{\"@type\":\"EntryPoint\",\"urlTemplate\":\"http:\/\/notisnot.com\/?s={search_term_string}\"},\"query-input\":{\"@type\":\"PropertyValueSpecification\",\"valueRequired\":true,\"valueName\":\"search_term_string\"}}],\"inLanguage\":\"es\"}]}<\/script>\n<!-- \/ Yoast SEO plugin. -->","yoast_head_json":{"title":"Gorro alto nylon - NOT IS NOT","robots":{"index":"index","follow":"follow","max-snippet":"max-snippet:-1","max-image-preview":"max-image-preview:large","max-video-preview":"max-video-preview:-1"},"canonical":"http:\/\/notisnot.com\/es\/tienda\/ropa-laboral\/hosteleria\/complements-dhostaleria\/gorro-alto-nylon\/","og_locale":"es_ES","og_type":"article","og_title":"Gorro alto nylon - NOT IS NOT","og_description":"El GORRO ALTO NYLON est\u00e1 disponible en elegantes colores blanco y negro, permiti\u00e9ndote mantener una imagen impecable y profesional. Con tallas que van desde la 54 a la 62, aseguramos un ajuste c\u00f3modo y perfecto para cada profesional.","og_url":"http:\/\/notisnot.com\/es\/tienda\/ropa-laboral\/hosteleria\/complements-dhostaleria\/gorro-alto-nylon\/","og_site_name":"NOT IS NOT","article_publisher":"https:\/\/www.facebook.com\/notisnotofficial\/","article_modified_time":"2026-02-10T18:55:43+00:00","og_image":[{"width":884,"height":888,"url":"http:\/\/notisnot.com\/wp-content\/uploads\/2025\/03\/Captura-de-pantalla-2025-03-03-105044.png","type":"image\/png"}],"twitter_card":"summary_large_image","twitter_misc":{"Tiempo de lectura":"1 minuto"},"schema":{"@context":"https:\/\/schema.org","@graph":[{"@type":"WebPage","@id":"http:\/\/notisnot.com\/es\/tienda\/ropa-laboral\/hosteleria\/complements-dhostaleria\/gorro-alto-nylon\/","url":"http:\/\/notisnot.com\/es\/tienda\/ropa-laboral\/hosteleria\/complements-dhostaleria\/gorro-alto-nylon\/","name":"Gorro alto nylon - NOT IS NOT","isPartOf":{"@id":"http:\/\/notisnot.com\/#website"},"primaryImageOfPage":{"@id":"http:\/\/notisnot.com\/es\/tienda\/ropa-laboral\/hosteleria\/complements-dhostaleria\/gorro-alto-nylon\/#primaryimage"},"image":{"@id":"http:\/\/notisnot.com\/es\/tienda\/ropa-laboral\/hosteleria\/complements-dhostaleria\/gorro-alto-nylon\/#primaryimage"},"thumbnailUrl":"https:\/\/notisnot.com\/wp-content\/uploads\/2025\/03\/Captura-de-pantalla-2025-03-03-105044.png","datePublished":"2025-03-04T10:10:52+00:00","dateModified":"2026-02-10T18:55:43+00:00","breadcrumb":{"@id":"http:\/\/notisnot.com\/es\/tienda\/ropa-laboral\/hosteleria\/complements-dhostaleria\/gorro-alto-nylon\/#breadcrumb"},"inLanguage":"es","potentialAction":[{"@type":"ReadAction","target":["http:\/\/notisnot.com\/es\/tienda\/ropa-laboral\/hosteleria\/complements-dhostaleria\/gorro-alto-nylon\/"]}]},{"@type":"ImageObject","inLanguage":"es","@id":"http:\/\/notisnot.com\/es\/tienda\/ropa-laboral\/hosteleria\/complements-dhostaleria\/gorro-alto-nylon\/#primaryimage","url":"https:\/\/notisnot.com\/wp-content\/uploads\/2025\/03\/Captura-de-pantalla-2025-03-03-105044.png","contentUrl":"https:\/\/notisnot.com\/wp-content\/uploads\/2025\/03\/Captura-de-pantalla-2025-03-03-105044.png","width":884,"height":888},{"@type":"BreadcrumbList","@id":"http:\/\/notisnot.com\/es\/tienda\/ropa-laboral\/hosteleria\/complements-dhostaleria\/gorro-alto-nylon\/#breadcrumb","itemListElement":[{"@type":"ListItem","position":1,"name":"Home","item":"http:\/\/notisnot.com\/"},{"@type":"ListItem","position":2,"name":"Tienda","item":"https:\/\/notisnot.com\/es\/tienda-woocomerce\/"},{"@type":"ListItem","position":3,"name":"Gorro alto nylon"}]},{"@type":"WebSite","@id":"http:\/\/notisnot.com\/#website","url":"http:\/\/notisnot.com\/","name":"NOT IS NOT","description":"","potentialAction":[{"@type":"SearchAction","target":{"@type":"EntryPoint","urlTemplate":"http:\/\/notisnot.com\/?s={search_term_string}"},"query-input":{"@type":"PropertyValueSpecification","valueRequired":true,"valueName":"search_term_string"}}],"inLanguage":"es"}]}},"_links":{"self":[{"href":"https:\/\/notisnot.com\/es\/wp-json\/wp\/v2\/product\/301523"}],"collection":[{"href":"https:\/\/notisnot.com\/es\/wp-json\/wp\/v2\/product"}],"about":[{"href":"https:\/\/notisnot.com\/es\/wp-json\/wp\/v2\/types\/product"}],"replies":[{"embeddable":true,"href":"https:\/\/notisnot.com\/es\/wp-json\/wp\/v2\/comments?post=301523"}],"wp:featuredmedia":[{"embeddable":true,"href":"https:\/\/notisnot.com\/es\/wp-json\/wp\/v2\/media\/301525"}],"wp:attachment":[{"href":"https:\/\/notisnot.com\/es\/wp-json\/wp\/v2\/media?parent=301523"}],"wp:term":[{"taxonomy":"product_cat","embeddable":true,"href":"https:\/\/notisnot.com\/es\/wp-json\/wp\/v2\/product_cat?post=301523"},{"taxonomy":"product_tag","embeddable":true,"href":"https:\/\/notisnot.com\/es\/wp-json\/wp\/v2\/product_tag?post=301523"}],"curies":[{"name":"wp","href":"https:\/\/api.w.org\/{rel}","templated":true}]}}