{"id":300292,"date":"2025-02-25T09:47:32","date_gmt":"2025-02-25T09:47:32","guid":{"rendered":"https:\/\/notisnot.com\/?post_type=product&#038;p=300292"},"modified":"2025-06-22T18:56:11","modified_gmt":"2025-06-22T18:56:11","slug":"chaqueta-cocina-unisex-berenjenas","status":"publish","type":"product","link":"https:\/\/notisnot.com\/es\/tienda\/ropa-laboral\/hosteleria\/chaqueta-chefs\/chaqueta-cocina-unisex-berenjenas\/","title":{"rendered":"Chaqueta Cocina Unisex Berenjenas"},"content":{"rendered":"<p><img loading=\"lazy\" decoding=\"async\" class=\"alignnone size-medium wp-image-300293\" src=\"https:\/\/notisnot.com\/wp-content\/uploads\/2025\/02\/Captura-de-pantalla-2025-02-20-110645-303x361.png\" alt=\"\" width=\"303\" height=\"361\" srcset=\"https:\/\/notisnot.com\/wp-content\/uploads\/2025\/02\/Captura-de-pantalla-2025-02-20-110645-303x361.png 303w, https:\/\/notisnot.com\/wp-content\/uploads\/2025\/02\/Captura-de-pantalla-2025-02-20-110645-505x601.png 505w, https:\/\/notisnot.com\/wp-content\/uploads\/2025\/02\/Captura-de-pantalla-2025-02-20-110645-10x12.png 10w, https:\/\/notisnot.com\/wp-content\/uploads\/2025\/02\/Captura-de-pantalla-2025-02-20-110645-17x20.png 17w, https:\/\/notisnot.com\/wp-content\/uploads\/2025\/02\/Captura-de-pantalla-2025-02-20-110645-600x714.png 600w, https:\/\/notisnot.com\/wp-content\/uploads\/2025\/02\/Captura-de-pantalla-2025-02-20-110645-91x108.png 91w, https:\/\/notisnot.com\/wp-content\/uploads\/2025\/02\/Captura-de-pantalla-2025-02-20-110645.png 637w\" sizes=\"(max-width: 303px) 100vw, 303px\" \/> <img loading=\"lazy\" decoding=\"async\" class=\"alignnone size-medium wp-image-300294\" src=\"https:\/\/notisnot.com\/wp-content\/uploads\/2025\/02\/Captura-de-pantalla-2025-02-20-110654-303x403.png\" alt=\"\" width=\"303\" height=\"403\" srcset=\"https:\/\/notisnot.com\/wp-content\/uploads\/2025\/02\/Captura-de-pantalla-2025-02-20-110654-303x403.png 303w, https:\/\/notisnot.com\/wp-content\/uploads\/2025\/02\/Captura-de-pantalla-2025-02-20-110654-505x672.png 505w, https:\/\/notisnot.com\/wp-content\/uploads\/2025\/02\/Captura-de-pantalla-2025-02-20-110654-9x12.png 9w, https:\/\/notisnot.com\/wp-content\/uploads\/2025\/02\/Captura-de-pantalla-2025-02-20-110654-15x20.png 15w, https:\/\/notisnot.com\/wp-content\/uploads\/2025\/02\/Captura-de-pantalla-2025-02-20-110654-91x121.png 91w, https:\/\/notisnot.com\/wp-content\/uploads\/2025\/02\/Captura-de-pantalla-2025-02-20-110654.png 557w\" sizes=\"(max-width: 303px) 100vw, 303px\" \/> <img loading=\"lazy\" decoding=\"async\" class=\"alignnone size-medium wp-image-300295\" src=\"https:\/\/notisnot.com\/wp-content\/uploads\/2025\/02\/Captura-de-pantalla-2025-02-20-110706-303x392.png\" alt=\"\" width=\"303\" height=\"392\" srcset=\"https:\/\/notisnot.com\/wp-content\/uploads\/2025\/02\/Captura-de-pantalla-2025-02-20-110706-303x392.png 303w, https:\/\/notisnot.com\/wp-content\/uploads\/2025\/02\/Captura-de-pantalla-2025-02-20-110706-505x653.png 505w, https:\/\/notisnot.com\/wp-content\/uploads\/2025\/02\/Captura-de-pantalla-2025-02-20-110706-9x12.png 9w, https:\/\/notisnot.com\/wp-content\/uploads\/2025\/02\/Captura-de-pantalla-2025-02-20-110706-15x20.png 15w, https:\/\/notisnot.com\/wp-content\/uploads\/2025\/02\/Captura-de-pantalla-2025-02-20-110706-91x118.png 91w, https:\/\/notisnot.com\/wp-content\/uploads\/2025\/02\/Captura-de-pantalla-2025-02-20-110706.png 574w\" sizes=\"(max-width: 303px) 100vw, 303px\" \/><\/p>","protected":false},"excerpt":{"rendered":"<p>La chaqueta unisex BERENJENAS presenta un estampado original de berenjenas que la distingue del resto de las chaquetas de cocina convencionales. Este dise\u00f1o \u00fanico agrega un toque de personalidad a su uniforme.<\/p>\n<p>Confeccionada en MICROFIBRA de 100% Poli\u00e9ster, esta chaqueta es altamente transpirable, resistente a salpicaduras de lej\u00eda y seca r\u00e1pidamente. La textura repelente al cabello y pelo de mascotas es ideal para mantener un aspecto impecable en todo momento.<\/p>","protected":false},"featured_media":300293,"comment_status":"open","ping_status":"closed","template":"","meta":{"_acf_changed":false},"product_cat":[441],"product_tag":[],"class_list":{"0":"post-300292","1":"product","2":"type-product","3":"status-publish","4":"has-post-thumbnail","6":"product_cat-chaqueta-chefs","7":"pa_color-berenjenas","8":"pa_tallaropa-xs","9":"pa_tallaropa-s","10":"pa_tallaropa-m","11":"pa_tallaropa-l","12":"pa_tallaropa-xl","13":"pa_tallaropa-xxl","14":"pa_tallaropa-3xl","16":"first","17":"instock","18":"taxable","19":"shipping-taxable","20":"purchasable","21":"product-type-variable"},"acf":[],"yoast_head":"<!-- This site is optimized with the Yoast SEO plugin v23.4 - https:\/\/yoast.com\/wordpress\/plugins\/seo\/ -->\n<title>Chaqueta Cocina Unisex Berenjenas - NOT IS NOT<\/title>\n<meta name=\"robots\" content=\"index, follow, max-snippet:-1, max-image-preview:large, max-video-preview:-1\" \/>\n<link rel=\"canonical\" href=\"https:\/\/notisnot.com\/es\/tienda\/ropa-laboral\/hosteleria\/chaqueta-chefs\/chaqueta-cocina-unisex-berenjenas\/\" \/>\n<meta property=\"og:locale\" content=\"es_ES\" \/>\n<meta property=\"og:type\" content=\"article\" \/>\n<meta property=\"og:title\" content=\"Chaqueta Cocina Unisex Berenjenas - NOT IS NOT\" \/>\n<meta property=\"og:description\" content=\"La chaqueta unisex BERENJENAS presenta un estampado original de berenjenas que la distingue del resto de las chaquetas de cocina convencionales. Este dise\u00f1o \u00fanico agrega un toque de personalidad a su uniforme.  Confeccionada en MICROFIBRA de 100% Poli\u00e9ster, esta chaqueta es altamente transpirable, resistente a salpicaduras de lej\u00eda y seca r\u00e1pidamente. La textura repelente al cabello y pelo de mascotas es ideal para mantener un aspecto impecable en todo momento.\" \/>\n<meta property=\"og:url\" content=\"https:\/\/notisnot.com\/es\/tienda\/ropa-laboral\/hosteleria\/chaqueta-chefs\/chaqueta-cocina-unisex-berenjenas\/\" \/>\n<meta property=\"og:site_name\" content=\"NOT IS NOT\" \/>\n<meta property=\"article:publisher\" content=\"https:\/\/www.facebook.com\/notisnotofficial\/\" \/>\n<meta property=\"article:modified_time\" content=\"2025-06-22T18:56:11+00:00\" \/>\n<meta property=\"og:image\" content=\"https:\/\/notisnot.com\/wp-content\/uploads\/2025\/02\/Captura-de-pantalla-2025-02-20-110645.png\" \/>\n\t<meta property=\"og:image:width\" content=\"637\" \/>\n\t<meta property=\"og:image:height\" content=\"758\" \/>\n\t<meta property=\"og:image:type\" content=\"image\/png\" \/>\n<meta name=\"twitter:card\" content=\"summary_large_image\" \/>\n<meta name=\"twitter:label1\" content=\"Tiempo de lectura\" \/>\n\t<meta name=\"twitter:data1\" content=\"1 minuto\" \/>\n<script type=\"application\/ld+json\" class=\"yoast-schema-graph\">{\"@context\":\"https:\/\/schema.org\",\"@graph\":[{\"@type\":\"WebPage\",\"@id\":\"https:\/\/notisnot.com\/tienda\/ropa-laboral\/hosteleria\/chaqueta-chefs\/chaqueta-cocina-unisex-berenjenas\/\",\"url\":\"https:\/\/notisnot.com\/tienda\/ropa-laboral\/hosteleria\/chaqueta-chefs\/chaqueta-cocina-unisex-berenjenas\/\",\"name\":\"Chaqueta Cocina Unisex Berenjenas - NOT IS NOT\",\"isPartOf\":{\"@id\":\"http:\/\/notisnot.com\/#website\"},\"primaryImageOfPage\":{\"@id\":\"https:\/\/notisnot.com\/tienda\/ropa-laboral\/hosteleria\/chaqueta-chefs\/chaqueta-cocina-unisex-berenjenas\/#primaryimage\"},\"image\":{\"@id\":\"https:\/\/notisnot.com\/tienda\/ropa-laboral\/hosteleria\/chaqueta-chefs\/chaqueta-cocina-unisex-berenjenas\/#primaryimage\"},\"thumbnailUrl\":\"https:\/\/notisnot.com\/wp-content\/uploads\/2025\/02\/Captura-de-pantalla-2025-02-20-110645.png\",\"datePublished\":\"2025-02-25T09:47:32+00:00\",\"dateModified\":\"2025-06-22T18:56:11+00:00\",\"breadcrumb\":{\"@id\":\"https:\/\/notisnot.com\/tienda\/ropa-laboral\/hosteleria\/chaqueta-chefs\/chaqueta-cocina-unisex-berenjenas\/#breadcrumb\"},\"inLanguage\":\"es\",\"potentialAction\":[{\"@type\":\"ReadAction\",\"target\":[\"https:\/\/notisnot.com\/tienda\/ropa-laboral\/hosteleria\/chaqueta-chefs\/chaqueta-cocina-unisex-berenjenas\/\"]}]},{\"@type\":\"ImageObject\",\"inLanguage\":\"es\",\"@id\":\"https:\/\/notisnot.com\/tienda\/ropa-laboral\/hosteleria\/chaqueta-chefs\/chaqueta-cocina-unisex-berenjenas\/#primaryimage\",\"url\":\"https:\/\/notisnot.com\/wp-content\/uploads\/2025\/02\/Captura-de-pantalla-2025-02-20-110645.png\",\"contentUrl\":\"https:\/\/notisnot.com\/wp-content\/uploads\/2025\/02\/Captura-de-pantalla-2025-02-20-110645.png\",\"width\":637,\"height\":758},{\"@type\":\"BreadcrumbList\",\"@id\":\"https:\/\/notisnot.com\/tienda\/ropa-laboral\/hosteleria\/chaqueta-chefs\/chaqueta-cocina-unisex-berenjenas\/#breadcrumb\",\"itemListElement\":[{\"@type\":\"ListItem\",\"position\":1,\"name\":\"Home\",\"item\":\"http:\/\/notisnot.com\/\"},{\"@type\":\"ListItem\",\"position\":2,\"name\":\"Tienda\",\"item\":\"https:\/\/notisnot.com\/es\/tienda-woocomerce\/\"},{\"@type\":\"ListItem\",\"position\":3,\"name\":\"Chaqueta Cocina Unisex Berenjenas\"}]},{\"@type\":\"WebSite\",\"@id\":\"http:\/\/notisnot.com\/#website\",\"url\":\"http:\/\/notisnot.com\/\",\"name\":\"NOT IS NOT\",\"description\":\"\",\"potentialAction\":[{\"@type\":\"SearchAction\",\"target\":{\"@type\":\"EntryPoint\",\"urlTemplate\":\"http:\/\/notisnot.com\/?s={search_term_string}\"},\"query-input\":{\"@type\":\"PropertyValueSpecification\",\"valueRequired\":true,\"valueName\":\"search_term_string\"}}],\"inLanguage\":\"es\"}]}<\/script>\n<!-- \/ Yoast SEO plugin. -->","yoast_head_json":{"title":"Chaqueta Cocina Unisex Berenjenas - NOT IS NOT","robots":{"index":"index","follow":"follow","max-snippet":"max-snippet:-1","max-image-preview":"max-image-preview:large","max-video-preview":"max-video-preview:-1"},"canonical":"https:\/\/notisnot.com\/es\/tienda\/ropa-laboral\/hosteleria\/chaqueta-chefs\/chaqueta-cocina-unisex-berenjenas\/","og_locale":"es_ES","og_type":"article","og_title":"Chaqueta Cocina Unisex Berenjenas - NOT IS NOT","og_description":"La chaqueta unisex BERENJENAS presenta un estampado original de berenjenas que la distingue del resto de las chaquetas de cocina convencionales. Este dise\u00f1o \u00fanico agrega un toque de personalidad a su uniforme.  Confeccionada en MICROFIBRA de 100% Poli\u00e9ster, esta chaqueta es altamente transpirable, resistente a salpicaduras de lej\u00eda y seca r\u00e1pidamente. La textura repelente al cabello y pelo de mascotas es ideal para mantener un aspecto impecable en todo momento.","og_url":"https:\/\/notisnot.com\/es\/tienda\/ropa-laboral\/hosteleria\/chaqueta-chefs\/chaqueta-cocina-unisex-berenjenas\/","og_site_name":"NOT IS NOT","article_publisher":"https:\/\/www.facebook.com\/notisnotofficial\/","article_modified_time":"2025-06-22T18:56:11+00:00","og_image":[{"width":637,"height":758,"url":"https:\/\/notisnot.com\/wp-content\/uploads\/2025\/02\/Captura-de-pantalla-2025-02-20-110645.png","type":"image\/png"}],"twitter_card":"summary_large_image","twitter_misc":{"Tiempo de lectura":"1 minuto"},"schema":{"@context":"https:\/\/schema.org","@graph":[{"@type":"WebPage","@id":"https:\/\/notisnot.com\/tienda\/ropa-laboral\/hosteleria\/chaqueta-chefs\/chaqueta-cocina-unisex-berenjenas\/","url":"https:\/\/notisnot.com\/tienda\/ropa-laboral\/hosteleria\/chaqueta-chefs\/chaqueta-cocina-unisex-berenjenas\/","name":"Chaqueta Cocina Unisex Berenjenas - NOT IS NOT","isPartOf":{"@id":"http:\/\/notisnot.com\/#website"},"primaryImageOfPage":{"@id":"https:\/\/notisnot.com\/tienda\/ropa-laboral\/hosteleria\/chaqueta-chefs\/chaqueta-cocina-unisex-berenjenas\/#primaryimage"},"image":{"@id":"https:\/\/notisnot.com\/tienda\/ropa-laboral\/hosteleria\/chaqueta-chefs\/chaqueta-cocina-unisex-berenjenas\/#primaryimage"},"thumbnailUrl":"https:\/\/notisnot.com\/wp-content\/uploads\/2025\/02\/Captura-de-pantalla-2025-02-20-110645.png","datePublished":"2025-02-25T09:47:32+00:00","dateModified":"2025-06-22T18:56:11+00:00","breadcrumb":{"@id":"https:\/\/notisnot.com\/tienda\/ropa-laboral\/hosteleria\/chaqueta-chefs\/chaqueta-cocina-unisex-berenjenas\/#breadcrumb"},"inLanguage":"es","potentialAction":[{"@type":"ReadAction","target":["https:\/\/notisnot.com\/tienda\/ropa-laboral\/hosteleria\/chaqueta-chefs\/chaqueta-cocina-unisex-berenjenas\/"]}]},{"@type":"ImageObject","inLanguage":"es","@id":"https:\/\/notisnot.com\/tienda\/ropa-laboral\/hosteleria\/chaqueta-chefs\/chaqueta-cocina-unisex-berenjenas\/#primaryimage","url":"https:\/\/notisnot.com\/wp-content\/uploads\/2025\/02\/Captura-de-pantalla-2025-02-20-110645.png","contentUrl":"https:\/\/notisnot.com\/wp-content\/uploads\/2025\/02\/Captura-de-pantalla-2025-02-20-110645.png","width":637,"height":758},{"@type":"BreadcrumbList","@id":"https:\/\/notisnot.com\/tienda\/ropa-laboral\/hosteleria\/chaqueta-chefs\/chaqueta-cocina-unisex-berenjenas\/#breadcrumb","itemListElement":[{"@type":"ListItem","position":1,"name":"Home","item":"http:\/\/notisnot.com\/"},{"@type":"ListItem","position":2,"name":"Tienda","item":"https:\/\/notisnot.com\/es\/tienda-woocomerce\/"},{"@type":"ListItem","position":3,"name":"Chaqueta Cocina Unisex Berenjenas"}]},{"@type":"WebSite","@id":"http:\/\/notisnot.com\/#website","url":"http:\/\/notisnot.com\/","name":"NOT IS NOT","description":"","potentialAction":[{"@type":"SearchAction","target":{"@type":"EntryPoint","urlTemplate":"http:\/\/notisnot.com\/?s={search_term_string}"},"query-input":{"@type":"PropertyValueSpecification","valueRequired":true,"valueName":"search_term_string"}}],"inLanguage":"es"}]}},"_links":{"self":[{"href":"https:\/\/notisnot.com\/es\/wp-json\/wp\/v2\/product\/300292"}],"collection":[{"href":"https:\/\/notisnot.com\/es\/wp-json\/wp\/v2\/product"}],"about":[{"href":"https:\/\/notisnot.com\/es\/wp-json\/wp\/v2\/types\/product"}],"replies":[{"embeddable":true,"href":"https:\/\/notisnot.com\/es\/wp-json\/wp\/v2\/comments?post=300292"}],"wp:featuredmedia":[{"embeddable":true,"href":"https:\/\/notisnot.com\/es\/wp-json\/wp\/v2\/media\/300293"}],"wp:attachment":[{"href":"https:\/\/notisnot.com\/es\/wp-json\/wp\/v2\/media?parent=300292"}],"wp:term":[{"taxonomy":"product_cat","embeddable":true,"href":"https:\/\/notisnot.com\/es\/wp-json\/wp\/v2\/product_cat?post=300292"},{"taxonomy":"product_tag","embeddable":true,"href":"https:\/\/notisnot.com\/es\/wp-json\/wp\/v2\/product_tag?post=300292"}],"curies":[{"name":"wp","href":"https:\/\/api.w.org\/{rel}","templated":true}]}}