{"id":298443,"date":"2025-02-18T10:55:37","date_gmt":"2025-02-18T10:55:37","guid":{"rendered":"https:\/\/notisnot.com\/?post_type=product&#038;p=298443"},"modified":"2025-11-26T18:47:40","modified_gmt":"2025-11-26T18:47:40","slug":"bermuda-service-unisex","status":"publish","type":"product","link":"https:\/\/notisnot.com\/es\/tienda\/ropa-laboral\/industria\/pantalons-industria\/bermudas-pantalons-industria\/bermuda-service-unisex\/","title":{"rendered":"Bermuda service unisex"},"content":{"rendered":"<p><img loading=\"lazy\" decoding=\"async\" class=\"alignnone size-medium wp-image-298444\" src=\"https:\/\/notisnot.com\/wp-content\/uploads\/2025\/02\/Captura-de-pantalla-2025-02-18-104640-303x406.png\" alt=\"\" width=\"303\" height=\"406\" srcset=\"https:\/\/notisnot.com\/wp-content\/uploads\/2025\/02\/Captura-de-pantalla-2025-02-18-104640-303x406.png 303w, https:\/\/notisnot.com\/wp-content\/uploads\/2025\/02\/Captura-de-pantalla-2025-02-18-104640-91x122.png 91w, https:\/\/notisnot.com\/wp-content\/uploads\/2025\/02\/Captura-de-pantalla-2025-02-18-104640-500x670.png 500w, https:\/\/notisnot.com\/wp-content\/uploads\/2025\/02\/Captura-de-pantalla-2025-02-18-104640-505x677.png 505w, https:\/\/notisnot.com\/wp-content\/uploads\/2025\/02\/Captura-de-pantalla-2025-02-18-104640-9x12.png 9w, https:\/\/notisnot.com\/wp-content\/uploads\/2025\/02\/Captura-de-pantalla-2025-02-18-104640.png 594w\" sizes=\"(max-width: 303px) 100vw, 303px\" \/> <img loading=\"lazy\" decoding=\"async\" class=\"alignnone size-medium wp-image-298445\" src=\"https:\/\/notisnot.com\/wp-content\/uploads\/2025\/02\/Captura-de-pantalla-2025-02-18-104648-303x391.png\" alt=\"\" width=\"303\" height=\"391\" srcset=\"https:\/\/notisnot.com\/wp-content\/uploads\/2025\/02\/Captura-de-pantalla-2025-02-18-104648-303x391.png 303w, https:\/\/notisnot.com\/wp-content\/uploads\/2025\/02\/Captura-de-pantalla-2025-02-18-104648-505x652.png 505w, https:\/\/notisnot.com\/wp-content\/uploads\/2025\/02\/Captura-de-pantalla-2025-02-18-104648-9x12.png 9w, https:\/\/notisnot.com\/wp-content\/uploads\/2025\/02\/Captura-de-pantalla-2025-02-18-104648-15x20.png 15w, https:\/\/notisnot.com\/wp-content\/uploads\/2025\/02\/Captura-de-pantalla-2025-02-18-104648-600x775.png 600w, https:\/\/notisnot.com\/wp-content\/uploads\/2025\/02\/Captura-de-pantalla-2025-02-18-104648-91x118.png 91w, https:\/\/notisnot.com\/wp-content\/uploads\/2025\/02\/Captura-de-pantalla-2025-02-18-104648.png 624w\" sizes=\"(max-width: 303px) 100vw, 303px\" \/> <img loading=\"lazy\" decoding=\"async\" class=\"alignnone size-medium wp-image-298446\" src=\"https:\/\/notisnot.com\/wp-content\/uploads\/2025\/02\/Captura-de-pantalla-2025-02-18-104656-303x381.png\" alt=\"\" width=\"303\" height=\"381\" srcset=\"https:\/\/notisnot.com\/wp-content\/uploads\/2025\/02\/Captura-de-pantalla-2025-02-18-104656-303x381.png 303w, https:\/\/notisnot.com\/wp-content\/uploads\/2025\/02\/Captura-de-pantalla-2025-02-18-104656-505x635.png 505w, https:\/\/notisnot.com\/wp-content\/uploads\/2025\/02\/Captura-de-pantalla-2025-02-18-104656-10x12.png 10w, https:\/\/notisnot.com\/wp-content\/uploads\/2025\/02\/Captura-de-pantalla-2025-02-18-104656-16x20.png 16w, https:\/\/notisnot.com\/wp-content\/uploads\/2025\/02\/Captura-de-pantalla-2025-02-18-104656-600x755.png 600w, https:\/\/notisnot.com\/wp-content\/uploads\/2025\/02\/Captura-de-pantalla-2025-02-18-104656-91x114.png 91w, https:\/\/notisnot.com\/wp-content\/uploads\/2025\/02\/Captura-de-pantalla-2025-02-18-104656.png 660w\" sizes=\"(max-width: 303px) 100vw, 303px\" \/> <img loading=\"lazy\" decoding=\"async\" class=\"alignnone size-medium wp-image-298447\" src=\"https:\/\/notisnot.com\/wp-content\/uploads\/2025\/02\/Captura-de-pantalla-2025-02-18-104709-303x383.png\" alt=\"\" width=\"303\" height=\"383\" srcset=\"https:\/\/notisnot.com\/wp-content\/uploads\/2025\/02\/Captura-de-pantalla-2025-02-18-104709-303x383.png 303w, https:\/\/notisnot.com\/wp-content\/uploads\/2025\/02\/Captura-de-pantalla-2025-02-18-104709-505x638.png 505w, https:\/\/notisnot.com\/wp-content\/uploads\/2025\/02\/Captura-de-pantalla-2025-02-18-104709-9x12.png 9w, https:\/\/notisnot.com\/wp-content\/uploads\/2025\/02\/Captura-de-pantalla-2025-02-18-104709-16x20.png 16w, https:\/\/notisnot.com\/wp-content\/uploads\/2025\/02\/Captura-de-pantalla-2025-02-18-104709-600x758.png 600w, https:\/\/notisnot.com\/wp-content\/uploads\/2025\/02\/Captura-de-pantalla-2025-02-18-104709-91x115.png 91w, https:\/\/notisnot.com\/wp-content\/uploads\/2025\/02\/Captura-de-pantalla-2025-02-18-104709.png 614w\" sizes=\"(max-width: 303px) 100vw, 303px\" \/> <img loading=\"lazy\" decoding=\"async\" class=\"alignnone size-medium wp-image-298448\" src=\"https:\/\/notisnot.com\/wp-content\/uploads\/2025\/02\/Captura-de-pantalla-2025-02-18-104717-303x367.png\" alt=\"\" width=\"303\" height=\"367\" srcset=\"https:\/\/notisnot.com\/wp-content\/uploads\/2025\/02\/Captura-de-pantalla-2025-02-18-104717-303x367.png 303w, https:\/\/notisnot.com\/wp-content\/uploads\/2025\/02\/Captura-de-pantalla-2025-02-18-104717-505x611.png 505w, https:\/\/notisnot.com\/wp-content\/uploads\/2025\/02\/Captura-de-pantalla-2025-02-18-104717-10x12.png 10w, https:\/\/notisnot.com\/wp-content\/uploads\/2025\/02\/Captura-de-pantalla-2025-02-18-104717-17x20.png 17w, https:\/\/notisnot.com\/wp-content\/uploads\/2025\/02\/Captura-de-pantalla-2025-02-18-104717-600x726.png 600w, https:\/\/notisnot.com\/wp-content\/uploads\/2025\/02\/Captura-de-pantalla-2025-02-18-104717-91x110.png 91w, https:\/\/notisnot.com\/wp-content\/uploads\/2025\/02\/Captura-de-pantalla-2025-02-18-104717.png 647w\" sizes=\"(max-width: 303px) 100vw, 303px\" \/><\/p>","protected":false},"excerpt":{"rendered":"<p>Bermudas de tejido ripstop el\u00e1stico, ligero, con trabillas y el\u00e1stico en la cintura, cierre con cremallera y bot\u00f3n en la cintura. Bolsillos delanteros de corte cl\u00e1sico, con bolsillo peque\u00f1o portamonedas en el bolsillo derecho (con la prenda puesta) y soporte para metro lateral. Bolsillo lateral izquierdo con tapeta de cierre LOCK SYSTEM. Dos bolsillos posteriores, de los cuales uno con tapeta y velcro. Costuras de triple aguja.<\/p>","protected":false},"featured_media":315523,"comment_status":"open","ping_status":"closed","template":"","meta":{"_acf_changed":false},"product_cat":[429],"product_tag":[],"class_list":{"0":"post-298443","1":"product","2":"type-product","3":"status-publish","4":"has-post-thumbnail","6":"product_cat-bermudas-pantalons-industria","7":"pa_color-azul-marino","8":"pa_color-blanco","9":"pa_color-humo","10":"pa_color-khaki","11":"pa_color-negro","12":"pa_tallaropa-xxs","13":"pa_tallaropa-xs","14":"pa_tallaropa-s","15":"pa_tallaropa-m","16":"pa_tallaropa-l","17":"pa_tallaropa-xl","18":"pa_tallaropa-xxl","19":"pa_tallaropa-3xl","20":"pa_tallaropa-4xl","21":"pa_tallaropa-5xl","23":"first","24":"instock","25":"taxable","26":"shipping-taxable","27":"purchasable","28":"product-type-variable"},"acf":[],"yoast_head":"<!-- This site is optimized with the Yoast SEO plugin v23.4 - https:\/\/yoast.com\/wordpress\/plugins\/seo\/ -->\n<title>Bermuda service unisex - NOT IS NOT<\/title>\n<meta name=\"robots\" content=\"index, follow, max-snippet:-1, max-image-preview:large, max-video-preview:-1\" \/>\n<link rel=\"canonical\" href=\"https:\/\/notisnot.com\/es\/tienda\/ropa-laboral\/industria\/pantalons-industria\/bermudas-pantalons-industria\/bermuda-service-unisex\/\" \/>\n<meta property=\"og:locale\" content=\"es_ES\" \/>\n<meta property=\"og:type\" content=\"article\" \/>\n<meta property=\"og:title\" content=\"Bermuda service unisex - NOT IS NOT\" \/>\n<meta property=\"og:description\" content=\"Bermudas de tejido ripstop el\u00e1stico, ligero, con trabillas y el\u00e1stico en la cintura, cierre con cremallera y bot\u00f3n en la cintura. Bolsillos delanteros de corte cl\u00e1sico, con bolsillo peque\u00f1o portamonedas en el bolsillo derecho (con la prenda puesta) y soporte para metro lateral. Bolsillo lateral izquierdo con tapeta de cierre LOCK SYSTEM. Dos bolsillos posteriores, de los cuales uno con tapeta y velcro. Costuras de triple aguja.\" \/>\n<meta property=\"og:url\" content=\"https:\/\/notisnot.com\/es\/tienda\/ropa-laboral\/industria\/pantalons-industria\/bermudas-pantalons-industria\/bermuda-service-unisex\/\" \/>\n<meta property=\"og:site_name\" content=\"NOT IS NOT\" \/>\n<meta property=\"article:publisher\" content=\"https:\/\/www.facebook.com\/notisnotofficial\/\" \/>\n<meta property=\"article:modified_time\" content=\"2025-11-26T18:47:40+00:00\" \/>\n<meta property=\"og:image\" content=\"https:\/\/notisnot.com\/wp-content\/uploads\/2025\/02\/Bermuda-service-unisex.png\" \/>\n\t<meta property=\"og:image:width\" content=\"911\" \/>\n\t<meta property=\"og:image:height\" content=\"907\" \/>\n\t<meta property=\"og:image:type\" content=\"image\/png\" \/>\n<meta name=\"twitter:card\" content=\"summary_large_image\" \/>\n<meta name=\"twitter:label1\" content=\"Tiempo de lectura\" \/>\n\t<meta name=\"twitter:data1\" content=\"2 minutos\" \/>\n<script type=\"application\/ld+json\" class=\"yoast-schema-graph\">{\"@context\":\"https:\/\/schema.org\",\"@graph\":[{\"@type\":\"WebPage\",\"@id\":\"https:\/\/notisnot.com\/es\/tienda\/ropa-laboral\/industria\/pantalons-industria\/bermudas-pantalons-industria\/bermuda-service-unisex\/\",\"url\":\"https:\/\/notisnot.com\/es\/tienda\/ropa-laboral\/industria\/pantalons-industria\/bermudas-pantalons-industria\/bermuda-service-unisex\/\",\"name\":\"Bermuda service unisex - NOT IS NOT\",\"isPartOf\":{\"@id\":\"https:\/\/notisnot.com\/#website\"},\"primaryImageOfPage\":{\"@id\":\"https:\/\/notisnot.com\/es\/tienda\/ropa-laboral\/industria\/pantalons-industria\/bermudas-pantalons-industria\/bermuda-service-unisex\/#primaryimage\"},\"image\":{\"@id\":\"https:\/\/notisnot.com\/es\/tienda\/ropa-laboral\/industria\/pantalons-industria\/bermudas-pantalons-industria\/bermuda-service-unisex\/#primaryimage\"},\"thumbnailUrl\":\"https:\/\/notisnot.com\/wp-content\/uploads\/2025\/02\/Bermuda-service-unisex.png\",\"datePublished\":\"2025-02-18T10:55:37+00:00\",\"dateModified\":\"2025-11-26T18:47:40+00:00\",\"breadcrumb\":{\"@id\":\"https:\/\/notisnot.com\/es\/tienda\/ropa-laboral\/industria\/pantalons-industria\/bermudas-pantalons-industria\/bermuda-service-unisex\/#breadcrumb\"},\"inLanguage\":\"es\",\"potentialAction\":[{\"@type\":\"ReadAction\",\"target\":[\"https:\/\/notisnot.com\/es\/tienda\/ropa-laboral\/industria\/pantalons-industria\/bermudas-pantalons-industria\/bermuda-service-unisex\/\"]}]},{\"@type\":\"ImageObject\",\"inLanguage\":\"es\",\"@id\":\"https:\/\/notisnot.com\/es\/tienda\/ropa-laboral\/industria\/pantalons-industria\/bermudas-pantalons-industria\/bermuda-service-unisex\/#primaryimage\",\"url\":\"https:\/\/notisnot.com\/wp-content\/uploads\/2025\/02\/Bermuda-service-unisex.png\",\"contentUrl\":\"https:\/\/notisnot.com\/wp-content\/uploads\/2025\/02\/Bermuda-service-unisex.png\",\"width\":911,\"height\":907},{\"@type\":\"BreadcrumbList\",\"@id\":\"https:\/\/notisnot.com\/es\/tienda\/ropa-laboral\/industria\/pantalons-industria\/bermudas-pantalons-industria\/bermuda-service-unisex\/#breadcrumb\",\"itemListElement\":[{\"@type\":\"ListItem\",\"position\":1,\"name\":\"Home\",\"item\":\"https:\/\/notisnot.com\/\"},{\"@type\":\"ListItem\",\"position\":2,\"name\":\"Tienda\",\"item\":\"https:\/\/notisnot.com\/tienda-woocomerce\/\"},{\"@type\":\"ListItem\",\"position\":3,\"name\":\"Bermuda service unisex\"}]},{\"@type\":\"WebSite\",\"@id\":\"https:\/\/notisnot.com\/#website\",\"url\":\"https:\/\/notisnot.com\/\",\"name\":\"NOT IS NOT\",\"description\":\"\",\"potentialAction\":[{\"@type\":\"SearchAction\",\"target\":{\"@type\":\"EntryPoint\",\"urlTemplate\":\"https:\/\/notisnot.com\/?s={search_term_string}\"},\"query-input\":{\"@type\":\"PropertyValueSpecification\",\"valueRequired\":true,\"valueName\":\"search_term_string\"}}],\"inLanguage\":\"es\"}]}<\/script>\n<!-- \/ Yoast SEO plugin. -->","yoast_head_json":{"title":"Bermuda service unisex - NOT IS NOT","robots":{"index":"index","follow":"follow","max-snippet":"max-snippet:-1","max-image-preview":"max-image-preview:large","max-video-preview":"max-video-preview:-1"},"canonical":"https:\/\/notisnot.com\/es\/tienda\/ropa-laboral\/industria\/pantalons-industria\/bermudas-pantalons-industria\/bermuda-service-unisex\/","og_locale":"es_ES","og_type":"article","og_title":"Bermuda service unisex - NOT IS NOT","og_description":"Bermudas de tejido ripstop el\u00e1stico, ligero, con trabillas y el\u00e1stico en la cintura, cierre con cremallera y bot\u00f3n en la cintura. Bolsillos delanteros de corte cl\u00e1sico, con bolsillo peque\u00f1o portamonedas en el bolsillo derecho (con la prenda puesta) y soporte para metro lateral. Bolsillo lateral izquierdo con tapeta de cierre LOCK SYSTEM. Dos bolsillos posteriores, de los cuales uno con tapeta y velcro. Costuras de triple aguja.","og_url":"https:\/\/notisnot.com\/es\/tienda\/ropa-laboral\/industria\/pantalons-industria\/bermudas-pantalons-industria\/bermuda-service-unisex\/","og_site_name":"NOT IS NOT","article_publisher":"https:\/\/www.facebook.com\/notisnotofficial\/","article_modified_time":"2025-11-26T18:47:40+00:00","og_image":[{"width":911,"height":907,"url":"https:\/\/notisnot.com\/wp-content\/uploads\/2025\/02\/Bermuda-service-unisex.png","type":"image\/png"}],"twitter_card":"summary_large_image","twitter_misc":{"Tiempo de lectura":"2 minutos"},"schema":{"@context":"https:\/\/schema.org","@graph":[{"@type":"WebPage","@id":"https:\/\/notisnot.com\/es\/tienda\/ropa-laboral\/industria\/pantalons-industria\/bermudas-pantalons-industria\/bermuda-service-unisex\/","url":"https:\/\/notisnot.com\/es\/tienda\/ropa-laboral\/industria\/pantalons-industria\/bermudas-pantalons-industria\/bermuda-service-unisex\/","name":"Bermuda service unisex - NOT IS NOT","isPartOf":{"@id":"https:\/\/notisnot.com\/#website"},"primaryImageOfPage":{"@id":"https:\/\/notisnot.com\/es\/tienda\/ropa-laboral\/industria\/pantalons-industria\/bermudas-pantalons-industria\/bermuda-service-unisex\/#primaryimage"},"image":{"@id":"https:\/\/notisnot.com\/es\/tienda\/ropa-laboral\/industria\/pantalons-industria\/bermudas-pantalons-industria\/bermuda-service-unisex\/#primaryimage"},"thumbnailUrl":"https:\/\/notisnot.com\/wp-content\/uploads\/2025\/02\/Bermuda-service-unisex.png","datePublished":"2025-02-18T10:55:37+00:00","dateModified":"2025-11-26T18:47:40+00:00","breadcrumb":{"@id":"https:\/\/notisnot.com\/es\/tienda\/ropa-laboral\/industria\/pantalons-industria\/bermudas-pantalons-industria\/bermuda-service-unisex\/#breadcrumb"},"inLanguage":"es","potentialAction":[{"@type":"ReadAction","target":["https:\/\/notisnot.com\/es\/tienda\/ropa-laboral\/industria\/pantalons-industria\/bermudas-pantalons-industria\/bermuda-service-unisex\/"]}]},{"@type":"ImageObject","inLanguage":"es","@id":"https:\/\/notisnot.com\/es\/tienda\/ropa-laboral\/industria\/pantalons-industria\/bermudas-pantalons-industria\/bermuda-service-unisex\/#primaryimage","url":"https:\/\/notisnot.com\/wp-content\/uploads\/2025\/02\/Bermuda-service-unisex.png","contentUrl":"https:\/\/notisnot.com\/wp-content\/uploads\/2025\/02\/Bermuda-service-unisex.png","width":911,"height":907},{"@type":"BreadcrumbList","@id":"https:\/\/notisnot.com\/es\/tienda\/ropa-laboral\/industria\/pantalons-industria\/bermudas-pantalons-industria\/bermuda-service-unisex\/#breadcrumb","itemListElement":[{"@type":"ListItem","position":1,"name":"Home","item":"https:\/\/notisnot.com\/"},{"@type":"ListItem","position":2,"name":"Tienda","item":"https:\/\/notisnot.com\/tienda-woocomerce\/"},{"@type":"ListItem","position":3,"name":"Bermuda service unisex"}]},{"@type":"WebSite","@id":"https:\/\/notisnot.com\/#website","url":"https:\/\/notisnot.com\/","name":"NOT IS NOT","description":"","potentialAction":[{"@type":"SearchAction","target":{"@type":"EntryPoint","urlTemplate":"https:\/\/notisnot.com\/?s={search_term_string}"},"query-input":{"@type":"PropertyValueSpecification","valueRequired":true,"valueName":"search_term_string"}}],"inLanguage":"es"}]}},"_links":{"self":[{"href":"https:\/\/notisnot.com\/es\/wp-json\/wp\/v2\/product\/298443"}],"collection":[{"href":"https:\/\/notisnot.com\/es\/wp-json\/wp\/v2\/product"}],"about":[{"href":"https:\/\/notisnot.com\/es\/wp-json\/wp\/v2\/types\/product"}],"replies":[{"embeddable":true,"href":"https:\/\/notisnot.com\/es\/wp-json\/wp\/v2\/comments?post=298443"}],"wp:featuredmedia":[{"embeddable":true,"href":"https:\/\/notisnot.com\/es\/wp-json\/wp\/v2\/media\/315523"}],"wp:attachment":[{"href":"https:\/\/notisnot.com\/es\/wp-json\/wp\/v2\/media?parent=298443"}],"wp:term":[{"taxonomy":"product_cat","embeddable":true,"href":"https:\/\/notisnot.com\/es\/wp-json\/wp\/v2\/product_cat?post=298443"},{"taxonomy":"product_tag","embeddable":true,"href":"https:\/\/notisnot.com\/es\/wp-json\/wp\/v2\/product_tag?post=298443"}],"curies":[{"name":"wp","href":"https:\/\/api.w.org\/{rel}","templated":true}]}}