{"id":298431,"date":"2025-02-18T10:36:08","date_gmt":"2025-02-18T10:36:08","guid":{"rendered":"https:\/\/notisnot.com\/?post_type=product&#038;p=298431"},"modified":"2025-11-26T18:47:44","modified_gmt":"2025-11-26T18:47:44","slug":"bermuda-west-shorts-multibolsillos-para-hombre","status":"publish","type":"product","link":"https:\/\/notisnot.com\/es\/tienda\/ropa-laboral\/industria\/pantalons-industria\/bermudas-pantalons-industria\/bermuda-west-shorts-multibolsillos-para-hombre\/","title":{"rendered":"Bermuda West shorts multibolsillos para hombre"},"content":{"rendered":"<p><img loading=\"lazy\" decoding=\"async\" class=\"alignnone size-medium wp-image-298432\" src=\"https:\/\/notisnot.com\/wp-content\/uploads\/2025\/02\/Captura-de-pantalla-2025-02-18-104541-303x343.png\" alt=\"\" width=\"303\" height=\"343\" srcset=\"https:\/\/notisnot.com\/wp-content\/uploads\/2025\/02\/Captura-de-pantalla-2025-02-18-104541-303x343.png 303w, https:\/\/notisnot.com\/wp-content\/uploads\/2025\/02\/Captura-de-pantalla-2025-02-18-104541-91x103.png 91w, https:\/\/notisnot.com\/wp-content\/uploads\/2025\/02\/Captura-de-pantalla-2025-02-18-104541-600x679.png 600w, https:\/\/notisnot.com\/wp-content\/uploads\/2025\/02\/Captura-de-pantalla-2025-02-18-104541-505x572.png 505w, https:\/\/notisnot.com\/wp-content\/uploads\/2025\/02\/Captura-de-pantalla-2025-02-18-104541-11x12.png 11w, https:\/\/notisnot.com\/wp-content\/uploads\/2025\/02\/Captura-de-pantalla-2025-02-18-104541.png 658w\" sizes=\"(max-width: 303px) 100vw, 303px\" \/> <img loading=\"lazy\" decoding=\"async\" class=\"alignnone size-medium wp-image-298433\" src=\"https:\/\/notisnot.com\/wp-content\/uploads\/2025\/02\/Captura-de-pantalla-2025-02-18-104555-287x453.png\" alt=\"\" width=\"287\" height=\"453\" srcset=\"https:\/\/notisnot.com\/wp-content\/uploads\/2025\/02\/Captura-de-pantalla-2025-02-18-104555-287x453.png 287w, https:\/\/notisnot.com\/wp-content\/uploads\/2025\/02\/Captura-de-pantalla-2025-02-18-104555-477x753.png 477w, https:\/\/notisnot.com\/wp-content\/uploads\/2025\/02\/Captura-de-pantalla-2025-02-18-104555-8x12.png 8w, https:\/\/notisnot.com\/wp-content\/uploads\/2025\/02\/Captura-de-pantalla-2025-02-18-104555-13x20.png 13w, https:\/\/notisnot.com\/wp-content\/uploads\/2025\/02\/Captura-de-pantalla-2025-02-18-104555-87x138.png 87w, https:\/\/notisnot.com\/wp-content\/uploads\/2025\/02\/Captura-de-pantalla-2025-02-18-104555.png 543w\" sizes=\"(max-width: 287px) 100vw, 287px\" \/><\/p>\n<p>&nbsp;<\/p>\n<p>&nbsp;<\/p>\n<p>TEST<\/p>","protected":false},"excerpt":{"rendered":"<p>Bermudas multibolsillos para hombre de corte vaquero con cinco bolsillos, cierre con cremallera de metal y bot\u00f3n, trabillas en la cintura. Dos bolsillos redondeados, 1 bolsillo peque\u00f1o para bol\u00edgrafos y c\u00fater, 1 bolsillo grande LOCK SYSTEM con refuerzo interno, 1 bolsillo con cremallera, 1 soporte para metro, 1 soporte para smartphone, 1 soporte para martillo, 2 bolsillos traseros de parche. Tratamiento de lavado a la piedra, efecto desgastado y deste\u00f1ido. Pernera recta, costuras con hilo grueso de contraste y con triple aguja en el interior de la pierna. Peso del tejido: 9 oz\/yd\u00b2.<\/p>","protected":false},"featured_media":315524,"comment_status":"open","ping_status":"closed","template":"","meta":{"_acf_changed":false},"product_cat":[429],"product_tag":[],"class_list":{"0":"post-298431","1":"product","2":"type-product","3":"status-publish","4":"has-post-thumbnail","6":"product_cat-bermudas-pantalons-industria","7":"pa_color-azul-denim","8":"pa_tallaropa-xs","9":"pa_tallaropa-s","10":"pa_tallaropa-m","11":"pa_tallaropa-l","12":"pa_tallaropa-xl","13":"pa_tallaropa-xxl","14":"pa_tallaropa-3xl","15":"pa_tallaropa-4xl","16":"pa_tallaropa-5xl","18":"first","19":"instock","20":"taxable","21":"shipping-taxable","22":"purchasable","23":"product-type-variable"},"acf":[],"yoast_head":"<!-- This site is optimized with the Yoast SEO plugin v23.4 - https:\/\/yoast.com\/wordpress\/plugins\/seo\/ -->\n<title>Bermuda West shorts multibolsillos para hombre - NOT IS NOT<\/title>\n<meta name=\"robots\" content=\"index, follow, max-snippet:-1, max-image-preview:large, max-video-preview:-1\" \/>\n<link rel=\"canonical\" href=\"https:\/\/notisnot.com\/es\/tienda\/ropa-laboral\/industria\/pantalons-industria\/bermudas-pantalons-industria\/bermuda-west-shorts-multibolsillos-para-hombre\/\" \/>\n<meta property=\"og:locale\" content=\"es_ES\" \/>\n<meta property=\"og:type\" content=\"article\" \/>\n<meta property=\"og:title\" content=\"Bermuda West shorts multibolsillos para hombre - NOT IS NOT\" \/>\n<meta property=\"og:description\" content=\"Bermudas multibolsillos para hombre de corte vaquero con cinco bolsillos, cierre con cremallera de metal y bot\u00f3n, trabillas en la cintura. Dos bolsillos redondeados, 1 bolsillo peque\u00f1o para bol\u00edgrafos y c\u00fater, 1 bolsillo grande LOCK SYSTEM con refuerzo interno, 1 bolsillo con cremallera, 1 soporte para metro, 1 soporte para smartphone, 1 soporte para martillo, 2 bolsillos traseros de parche. Tratamiento de lavado a la piedra, efecto desgastado y deste\u00f1ido. Pernera recta, costuras con hilo grueso de contraste y con triple aguja en el interior de la pierna. Peso del tejido: 9 oz\/yd\u00b2.\" \/>\n<meta property=\"og:url\" content=\"https:\/\/notisnot.com\/es\/tienda\/ropa-laboral\/industria\/pantalons-industria\/bermudas-pantalons-industria\/bermuda-west-shorts-multibolsillos-para-hombre\/\" \/>\n<meta property=\"og:site_name\" content=\"NOT IS NOT\" \/>\n<meta property=\"article:publisher\" content=\"https:\/\/www.facebook.com\/notisnotofficial\/\" \/>\n<meta property=\"article:modified_time\" content=\"2025-11-26T18:47:44+00:00\" \/>\n<meta property=\"og:image\" content=\"https:\/\/notisnot.com\/wp-content\/uploads\/2025\/02\/bermuda-west-shorts-multibolsillos-para-hombre.png\" \/>\n\t<meta property=\"og:image:width\" content=\"911\" \/>\n\t<meta property=\"og:image:height\" content=\"907\" \/>\n\t<meta property=\"og:image:type\" content=\"image\/png\" \/>\n<meta name=\"twitter:card\" content=\"summary_large_image\" \/>\n<meta name=\"twitter:label1\" content=\"Tiempo de lectura\" \/>\n\t<meta name=\"twitter:data1\" content=\"1 minuto\" \/>\n<script type=\"application\/ld+json\" class=\"yoast-schema-graph\">{\"@context\":\"https:\/\/schema.org\",\"@graph\":[{\"@type\":\"WebPage\",\"@id\":\"https:\/\/notisnot.com\/es\/tienda\/ropa-laboral\/industria\/pantalons-industria\/bermudas-pantalons-industria\/bermuda-west-shorts-multibolsillos-para-hombre\/\",\"url\":\"https:\/\/notisnot.com\/es\/tienda\/ropa-laboral\/industria\/pantalons-industria\/bermudas-pantalons-industria\/bermuda-west-shorts-multibolsillos-para-hombre\/\",\"name\":\"Bermuda West shorts multibolsillos para hombre - NOT IS NOT\",\"isPartOf\":{\"@id\":\"https:\/\/notisnot.com\/#website\"},\"primaryImageOfPage\":{\"@id\":\"https:\/\/notisnot.com\/es\/tienda\/ropa-laboral\/industria\/pantalons-industria\/bermudas-pantalons-industria\/bermuda-west-shorts-multibolsillos-para-hombre\/#primaryimage\"},\"image\":{\"@id\":\"https:\/\/notisnot.com\/es\/tienda\/ropa-laboral\/industria\/pantalons-industria\/bermudas-pantalons-industria\/bermuda-west-shorts-multibolsillos-para-hombre\/#primaryimage\"},\"thumbnailUrl\":\"https:\/\/notisnot.com\/wp-content\/uploads\/2025\/02\/bermuda-west-shorts-multibolsillos-para-hombre.png\",\"datePublished\":\"2025-02-18T10:36:08+00:00\",\"dateModified\":\"2025-11-26T18:47:44+00:00\",\"breadcrumb\":{\"@id\":\"https:\/\/notisnot.com\/es\/tienda\/ropa-laboral\/industria\/pantalons-industria\/bermudas-pantalons-industria\/bermuda-west-shorts-multibolsillos-para-hombre\/#breadcrumb\"},\"inLanguage\":\"es\",\"potentialAction\":[{\"@type\":\"ReadAction\",\"target\":[\"https:\/\/notisnot.com\/es\/tienda\/ropa-laboral\/industria\/pantalons-industria\/bermudas-pantalons-industria\/bermuda-west-shorts-multibolsillos-para-hombre\/\"]}]},{\"@type\":\"ImageObject\",\"inLanguage\":\"es\",\"@id\":\"https:\/\/notisnot.com\/es\/tienda\/ropa-laboral\/industria\/pantalons-industria\/bermudas-pantalons-industria\/bermuda-west-shorts-multibolsillos-para-hombre\/#primaryimage\",\"url\":\"https:\/\/notisnot.com\/wp-content\/uploads\/2025\/02\/bermuda-west-shorts-multibolsillos-para-hombre.png\",\"contentUrl\":\"https:\/\/notisnot.com\/wp-content\/uploads\/2025\/02\/bermuda-west-shorts-multibolsillos-para-hombre.png\",\"width\":911,\"height\":907},{\"@type\":\"BreadcrumbList\",\"@id\":\"https:\/\/notisnot.com\/es\/tienda\/ropa-laboral\/industria\/pantalons-industria\/bermudas-pantalons-industria\/bermuda-west-shorts-multibolsillos-para-hombre\/#breadcrumb\",\"itemListElement\":[{\"@type\":\"ListItem\",\"position\":1,\"name\":\"Home\",\"item\":\"https:\/\/notisnot.com\/\"},{\"@type\":\"ListItem\",\"position\":2,\"name\":\"Tienda\",\"item\":\"https:\/\/notisnot.com\/tienda-woocomerce\/\"},{\"@type\":\"ListItem\",\"position\":3,\"name\":\"Bermuda West shorts multibolsillos para hombre\"}]},{\"@type\":\"WebSite\",\"@id\":\"https:\/\/notisnot.com\/#website\",\"url\":\"https:\/\/notisnot.com\/\",\"name\":\"NOT IS NOT\",\"description\":\"\",\"potentialAction\":[{\"@type\":\"SearchAction\",\"target\":{\"@type\":\"EntryPoint\",\"urlTemplate\":\"https:\/\/notisnot.com\/?s={search_term_string}\"},\"query-input\":{\"@type\":\"PropertyValueSpecification\",\"valueRequired\":true,\"valueName\":\"search_term_string\"}}],\"inLanguage\":\"es\"}]}<\/script>\n<!-- \/ Yoast SEO plugin. -->","yoast_head_json":{"title":"Bermuda West shorts multibolsillos para hombre - NOT IS NOT","robots":{"index":"index","follow":"follow","max-snippet":"max-snippet:-1","max-image-preview":"max-image-preview:large","max-video-preview":"max-video-preview:-1"},"canonical":"https:\/\/notisnot.com\/es\/tienda\/ropa-laboral\/industria\/pantalons-industria\/bermudas-pantalons-industria\/bermuda-west-shorts-multibolsillos-para-hombre\/","og_locale":"es_ES","og_type":"article","og_title":"Bermuda West shorts multibolsillos para hombre - NOT IS NOT","og_description":"Bermudas multibolsillos para hombre de corte vaquero con cinco bolsillos, cierre con cremallera de metal y bot\u00f3n, trabillas en la cintura. Dos bolsillos redondeados, 1 bolsillo peque\u00f1o para bol\u00edgrafos y c\u00fater, 1 bolsillo grande LOCK SYSTEM con refuerzo interno, 1 bolsillo con cremallera, 1 soporte para metro, 1 soporte para smartphone, 1 soporte para martillo, 2 bolsillos traseros de parche. Tratamiento de lavado a la piedra, efecto desgastado y deste\u00f1ido. Pernera recta, costuras con hilo grueso de contraste y con triple aguja en el interior de la pierna. Peso del tejido: 9 oz\/yd\u00b2.","og_url":"https:\/\/notisnot.com\/es\/tienda\/ropa-laboral\/industria\/pantalons-industria\/bermudas-pantalons-industria\/bermuda-west-shorts-multibolsillos-para-hombre\/","og_site_name":"NOT IS NOT","article_publisher":"https:\/\/www.facebook.com\/notisnotofficial\/","article_modified_time":"2025-11-26T18:47:44+00:00","og_image":[{"width":911,"height":907,"url":"https:\/\/notisnot.com\/wp-content\/uploads\/2025\/02\/bermuda-west-shorts-multibolsillos-para-hombre.png","type":"image\/png"}],"twitter_card":"summary_large_image","twitter_misc":{"Tiempo de lectura":"1 minuto"},"schema":{"@context":"https:\/\/schema.org","@graph":[{"@type":"WebPage","@id":"https:\/\/notisnot.com\/es\/tienda\/ropa-laboral\/industria\/pantalons-industria\/bermudas-pantalons-industria\/bermuda-west-shorts-multibolsillos-para-hombre\/","url":"https:\/\/notisnot.com\/es\/tienda\/ropa-laboral\/industria\/pantalons-industria\/bermudas-pantalons-industria\/bermuda-west-shorts-multibolsillos-para-hombre\/","name":"Bermuda West shorts multibolsillos para hombre - NOT IS NOT","isPartOf":{"@id":"https:\/\/notisnot.com\/#website"},"primaryImageOfPage":{"@id":"https:\/\/notisnot.com\/es\/tienda\/ropa-laboral\/industria\/pantalons-industria\/bermudas-pantalons-industria\/bermuda-west-shorts-multibolsillos-para-hombre\/#primaryimage"},"image":{"@id":"https:\/\/notisnot.com\/es\/tienda\/ropa-laboral\/industria\/pantalons-industria\/bermudas-pantalons-industria\/bermuda-west-shorts-multibolsillos-para-hombre\/#primaryimage"},"thumbnailUrl":"https:\/\/notisnot.com\/wp-content\/uploads\/2025\/02\/bermuda-west-shorts-multibolsillos-para-hombre.png","datePublished":"2025-02-18T10:36:08+00:00","dateModified":"2025-11-26T18:47:44+00:00","breadcrumb":{"@id":"https:\/\/notisnot.com\/es\/tienda\/ropa-laboral\/industria\/pantalons-industria\/bermudas-pantalons-industria\/bermuda-west-shorts-multibolsillos-para-hombre\/#breadcrumb"},"inLanguage":"es","potentialAction":[{"@type":"ReadAction","target":["https:\/\/notisnot.com\/es\/tienda\/ropa-laboral\/industria\/pantalons-industria\/bermudas-pantalons-industria\/bermuda-west-shorts-multibolsillos-para-hombre\/"]}]},{"@type":"ImageObject","inLanguage":"es","@id":"https:\/\/notisnot.com\/es\/tienda\/ropa-laboral\/industria\/pantalons-industria\/bermudas-pantalons-industria\/bermuda-west-shorts-multibolsillos-para-hombre\/#primaryimage","url":"https:\/\/notisnot.com\/wp-content\/uploads\/2025\/02\/bermuda-west-shorts-multibolsillos-para-hombre.png","contentUrl":"https:\/\/notisnot.com\/wp-content\/uploads\/2025\/02\/bermuda-west-shorts-multibolsillos-para-hombre.png","width":911,"height":907},{"@type":"BreadcrumbList","@id":"https:\/\/notisnot.com\/es\/tienda\/ropa-laboral\/industria\/pantalons-industria\/bermudas-pantalons-industria\/bermuda-west-shorts-multibolsillos-para-hombre\/#breadcrumb","itemListElement":[{"@type":"ListItem","position":1,"name":"Home","item":"https:\/\/notisnot.com\/"},{"@type":"ListItem","position":2,"name":"Tienda","item":"https:\/\/notisnot.com\/tienda-woocomerce\/"},{"@type":"ListItem","position":3,"name":"Bermuda West shorts multibolsillos para hombre"}]},{"@type":"WebSite","@id":"https:\/\/notisnot.com\/#website","url":"https:\/\/notisnot.com\/","name":"NOT IS NOT","description":"","potentialAction":[{"@type":"SearchAction","target":{"@type":"EntryPoint","urlTemplate":"https:\/\/notisnot.com\/?s={search_term_string}"},"query-input":{"@type":"PropertyValueSpecification","valueRequired":true,"valueName":"search_term_string"}}],"inLanguage":"es"}]}},"_links":{"self":[{"href":"https:\/\/notisnot.com\/es\/wp-json\/wp\/v2\/product\/298431"}],"collection":[{"href":"https:\/\/notisnot.com\/es\/wp-json\/wp\/v2\/product"}],"about":[{"href":"https:\/\/notisnot.com\/es\/wp-json\/wp\/v2\/types\/product"}],"replies":[{"embeddable":true,"href":"https:\/\/notisnot.com\/es\/wp-json\/wp\/v2\/comments?post=298431"}],"wp:featuredmedia":[{"embeddable":true,"href":"https:\/\/notisnot.com\/es\/wp-json\/wp\/v2\/media\/315524"}],"wp:attachment":[{"href":"https:\/\/notisnot.com\/es\/wp-json\/wp\/v2\/media?parent=298431"}],"wp:term":[{"taxonomy":"product_cat","embeddable":true,"href":"https:\/\/notisnot.com\/es\/wp-json\/wp\/v2\/product_cat?post=298431"},{"taxonomy":"product_tag","embeddable":true,"href":"https:\/\/notisnot.com\/es\/wp-json\/wp\/v2\/product_tag?post=298431"}],"curies":[{"name":"wp","href":"https:\/\/api.w.org\/{rel}","templated":true}]}}