{"id":298203,"date":"2025-02-18T09:59:47","date_gmt":"2025-02-18T09:59:47","guid":{"rendered":"https:\/\/notisnot.com\/?post_type=product&#038;p=298203"},"modified":"2025-11-26T18:47:27","modified_gmt":"2025-11-26T18:47:27","slug":"bermudas-caracas-para-hombre","status":"publish","type":"product","link":"https:\/\/notisnot.com\/es\/tienda\/ropa-laboral\/industria\/pantalons-industria\/bermudas-pantalons-industria\/bermudas-caracas-para-hombre\/","title":{"rendered":"Bermudas Caracas para hombre"},"content":{"rendered":"<p><img loading=\"lazy\" decoding=\"async\" class=\"alignnone size-medium wp-image-298205\" src=\"https:\/\/notisnot.com\/wp-content\/uploads\/2025\/02\/Captura-de-pantalla-2025-02-18-103734-303x373.png\" alt=\"\" width=\"303\" height=\"373\" srcset=\"https:\/\/notisnot.com\/wp-content\/uploads\/2025\/02\/Captura-de-pantalla-2025-02-18-103734-303x373.png 303w, https:\/\/notisnot.com\/wp-content\/uploads\/2025\/02\/Captura-de-pantalla-2025-02-18-103734-10x12.png 10w, https:\/\/notisnot.com\/wp-content\/uploads\/2025\/02\/Captura-de-pantalla-2025-02-18-103734-16x20.png 16w, https:\/\/notisnot.com\/wp-content\/uploads\/2025\/02\/Captura-de-pantalla-2025-02-18-103734-91x112.png 91w, https:\/\/notisnot.com\/wp-content\/uploads\/2025\/02\/Captura-de-pantalla-2025-02-18-103734.png 500w\" sizes=\"(max-width: 303px) 100vw, 303px\" \/> <img loading=\"lazy\" decoding=\"async\" class=\"alignnone size-medium wp-image-298206\" src=\"https:\/\/notisnot.com\/wp-content\/uploads\/2025\/02\/Captura-de-pantalla-2025-02-18-103747-303x385.png\" alt=\"\" width=\"303\" height=\"385\" srcset=\"https:\/\/notisnot.com\/wp-content\/uploads\/2025\/02\/Captura-de-pantalla-2025-02-18-103747-303x385.png 303w, https:\/\/notisnot.com\/wp-content\/uploads\/2025\/02\/Captura-de-pantalla-2025-02-18-103747-505x642.png 505w, https:\/\/notisnot.com\/wp-content\/uploads\/2025\/02\/Captura-de-pantalla-2025-02-18-103747-9x12.png 9w, https:\/\/notisnot.com\/wp-content\/uploads\/2025\/02\/Captura-de-pantalla-2025-02-18-103747-16x20.png 16w, https:\/\/notisnot.com\/wp-content\/uploads\/2025\/02\/Captura-de-pantalla-2025-02-18-103747-91x116.png 91w, https:\/\/notisnot.com\/wp-content\/uploads\/2025\/02\/Captura-de-pantalla-2025-02-18-103747.png 537w\" sizes=\"(max-width: 303px) 100vw, 303px\" \/> <img loading=\"lazy\" decoding=\"async\" class=\"alignnone size-medium wp-image-298207\" src=\"https:\/\/notisnot.com\/wp-content\/uploads\/2025\/02\/Captura-de-pantalla-2025-02-18-103757-303x355.png\" alt=\"\" width=\"303\" height=\"355\" srcset=\"https:\/\/notisnot.com\/wp-content\/uploads\/2025\/02\/Captura-de-pantalla-2025-02-18-103757-303x355.png 303w, https:\/\/notisnot.com\/wp-content\/uploads\/2025\/02\/Captura-de-pantalla-2025-02-18-103757-505x592.png 505w, https:\/\/notisnot.com\/wp-content\/uploads\/2025\/02\/Captura-de-pantalla-2025-02-18-103757-10x12.png 10w, https:\/\/notisnot.com\/wp-content\/uploads\/2025\/02\/Captura-de-pantalla-2025-02-18-103757-17x20.png 17w, https:\/\/notisnot.com\/wp-content\/uploads\/2025\/02\/Captura-de-pantalla-2025-02-18-103757-600x703.png 600w, https:\/\/notisnot.com\/wp-content\/uploads\/2025\/02\/Captura-de-pantalla-2025-02-18-103757-91x107.png 91w, https:\/\/notisnot.com\/wp-content\/uploads\/2025\/02\/Captura-de-pantalla-2025-02-18-103757.png 632w\" sizes=\"(max-width: 303px) 100vw, 303px\" \/> <img loading=\"lazy\" decoding=\"async\" class=\"alignnone size-medium wp-image-298208\" src=\"https:\/\/notisnot.com\/wp-content\/uploads\/2025\/02\/Captura-de-pantalla-2025-02-18-103806-303x346.png\" alt=\"\" width=\"303\" height=\"346\" srcset=\"https:\/\/notisnot.com\/wp-content\/uploads\/2025\/02\/Captura-de-pantalla-2025-02-18-103806-303x346.png 303w, https:\/\/notisnot.com\/wp-content\/uploads\/2025\/02\/Captura-de-pantalla-2025-02-18-103806-91x104.png 91w, https:\/\/notisnot.com\/wp-content\/uploads\/2025\/02\/Captura-de-pantalla-2025-02-18-103806-600x685.png 600w, https:\/\/notisnot.com\/wp-content\/uploads\/2025\/02\/Captura-de-pantalla-2025-02-18-103806-505x576.png 505w, https:\/\/notisnot.com\/wp-content\/uploads\/2025\/02\/Captura-de-pantalla-2025-02-18-103806-11x12.png 11w, https:\/\/notisnot.com\/wp-content\/uploads\/2025\/02\/Captura-de-pantalla-2025-02-18-103806.png 636w\" sizes=\"(max-width: 303px) 100vw, 303px\" \/> <img loading=\"lazy\" decoding=\"async\" class=\"alignnone size-medium wp-image-298209\" src=\"https:\/\/notisnot.com\/wp-content\/uploads\/2025\/02\/Captura-de-pantalla-2025-02-18-103814-303x374.png\" alt=\"\" width=\"303\" height=\"374\" srcset=\"https:\/\/notisnot.com\/wp-content\/uploads\/2025\/02\/Captura-de-pantalla-2025-02-18-103814-303x374.png 303w, https:\/\/notisnot.com\/wp-content\/uploads\/2025\/02\/Captura-de-pantalla-2025-02-18-103814-505x624.png 505w, https:\/\/notisnot.com\/wp-content\/uploads\/2025\/02\/Captura-de-pantalla-2025-02-18-103814-10x12.png 10w, https:\/\/notisnot.com\/wp-content\/uploads\/2025\/02\/Captura-de-pantalla-2025-02-18-103814-16x20.png 16w, https:\/\/notisnot.com\/wp-content\/uploads\/2025\/02\/Captura-de-pantalla-2025-02-18-103814-91x112.png 91w, https:\/\/notisnot.com\/wp-content\/uploads\/2025\/02\/Captura-de-pantalla-2025-02-18-103814.png 544w\" sizes=\"(max-width: 303px) 100vw, 303px\" \/> <img loading=\"lazy\" decoding=\"async\" class=\"alignnone size-medium wp-image-298210\" src=\"https:\/\/notisnot.com\/wp-content\/uploads\/2025\/02\/Captura-de-pantalla-2025-02-18-103828-303x392.png\" alt=\"\" width=\"303\" height=\"392\" srcset=\"https:\/\/notisnot.com\/wp-content\/uploads\/2025\/02\/Captura-de-pantalla-2025-02-18-103828-303x392.png 303w, https:\/\/notisnot.com\/wp-content\/uploads\/2025\/02\/Captura-de-pantalla-2025-02-18-103828-505x653.png 505w, https:\/\/notisnot.com\/wp-content\/uploads\/2025\/02\/Captura-de-pantalla-2025-02-18-103828-9x12.png 9w, https:\/\/notisnot.com\/wp-content\/uploads\/2025\/02\/Captura-de-pantalla-2025-02-18-103828-15x20.png 15w, https:\/\/notisnot.com\/wp-content\/uploads\/2025\/02\/Captura-de-pantalla-2025-02-18-103828-91x118.png 91w, https:\/\/notisnot.com\/wp-content\/uploads\/2025\/02\/Captura-de-pantalla-2025-02-18-103828.png 562w\" sizes=\"(max-width: 303px) 100vw, 303px\" \/> <img loading=\"lazy\" decoding=\"async\" class=\"alignnone size-medium wp-image-298211\" src=\"https:\/\/notisnot.com\/wp-content\/uploads\/2025\/02\/Captura-de-pantalla-2025-02-18-103837-303x373.png\" alt=\"\" width=\"303\" height=\"373\" srcset=\"https:\/\/notisnot.com\/wp-content\/uploads\/2025\/02\/Captura-de-pantalla-2025-02-18-103837-303x373.png 303w, https:\/\/notisnot.com\/wp-content\/uploads\/2025\/02\/Captura-de-pantalla-2025-02-18-103837-505x621.png 505w, https:\/\/notisnot.com\/wp-content\/uploads\/2025\/02\/Captura-de-pantalla-2025-02-18-103837-10x12.png 10w, https:\/\/notisnot.com\/wp-content\/uploads\/2025\/02\/Captura-de-pantalla-2025-02-18-103837-16x20.png 16w, https:\/\/notisnot.com\/wp-content\/uploads\/2025\/02\/Captura-de-pantalla-2025-02-18-103837-91x112.png 91w, https:\/\/notisnot.com\/wp-content\/uploads\/2025\/02\/Captura-de-pantalla-2025-02-18-103837.png 565w\" sizes=\"(max-width: 303px) 100vw, 303px\" \/><\/p>","protected":false},"excerpt":{"rendered":"<p>Bermudas para hombre, con el\u00e1sticos laterales y trabillas en la cintura, cierre con cremallera y bot\u00f3n de pl\u00e1stico, dos bolsillos delanteros de corte cl\u00e1sico, bolsillo lateral con LOCK SYSTEM, soporte para metro. Dos bolsillos traseros, uno con tapeta y velcro y otro abierto, aplicaciones y pespuntes de contraste, bandas reflectantes en el bolsillo trasero, costura triple.<\/p>","protected":false},"featured_media":315520,"comment_status":"open","ping_status":"closed","template":"","meta":{"_acf_changed":false},"product_cat":[429],"product_tag":[],"class_list":{"0":"post-298203","1":"product","2":"type-product","3":"status-publish","4":"has-post-thumbnail","6":"product_cat-bermudas-pantalons-industria","7":"pa_color-azul-marino","8":"pa_color-azul-marino-total","9":"pa_color-azul-real","10":"pa_color-humo","11":"pa_color-khaki","12":"pa_tallaropa-xs","13":"pa_tallaropa-s","14":"pa_tallaropa-m","15":"pa_tallaropa-l","16":"pa_tallaropa-xl","17":"pa_tallaropa-xxl","18":"pa_tallaropa-3xl","19":"pa_tallaropa-4xl","20":"pa_tallaropa-5xl","22":"first","23":"instock","24":"taxable","25":"shipping-taxable","26":"purchasable","27":"product-type-variable"},"acf":[],"yoast_head":"<!-- This site is optimized with the Yoast SEO plugin v23.4 - https:\/\/yoast.com\/wordpress\/plugins\/seo\/ -->\n<title>Bermudas Caracas para hombre - NOT IS NOT<\/title>\n<meta name=\"robots\" content=\"index, follow, max-snippet:-1, max-image-preview:large, max-video-preview:-1\" \/>\n<link rel=\"canonical\" href=\"http:\/\/notisnot.com\/es\/tienda\/ropa-laboral\/industria\/pantalons-industria\/bermudas-pantalons-industria\/bermudas-caracas-para-hombre\/\" \/>\n<meta property=\"og:locale\" content=\"es_ES\" \/>\n<meta property=\"og:type\" content=\"article\" \/>\n<meta property=\"og:title\" content=\"Bermudas Caracas para hombre - NOT IS NOT\" \/>\n<meta property=\"og:description\" content=\"Bermudas para hombre, con el\u00e1sticos laterales y trabillas en la cintura, cierre con cremallera y bot\u00f3n de pl\u00e1stico, dos bolsillos delanteros de corte cl\u00e1sico, bolsillo lateral con LOCK SYSTEM, soporte para metro. Dos bolsillos traseros, uno con tapeta y velcro y otro abierto, aplicaciones y pespuntes de contraste, bandas reflectantes en el bolsillo trasero, costura triple.\" \/>\n<meta property=\"og:url\" content=\"http:\/\/notisnot.com\/es\/tienda\/ropa-laboral\/industria\/pantalons-industria\/bermudas-pantalons-industria\/bermudas-caracas-para-hombre\/\" \/>\n<meta property=\"og:site_name\" content=\"NOT IS NOT\" \/>\n<meta property=\"article:publisher\" content=\"https:\/\/www.facebook.com\/notisnotofficial\/\" \/>\n<meta property=\"article:modified_time\" content=\"2025-11-26T18:47:27+00:00\" \/>\n<meta property=\"og:image\" content=\"http:\/\/notisnot.com\/wp-content\/uploads\/2025\/02\/Bermuda-caracas-para-hombre.png\" \/>\n\t<meta property=\"og:image:width\" content=\"911\" \/>\n\t<meta property=\"og:image:height\" content=\"907\" \/>\n\t<meta property=\"og:image:type\" content=\"image\/png\" \/>\n<meta name=\"twitter:card\" content=\"summary_large_image\" \/>\n<meta name=\"twitter:label1\" content=\"Tiempo de lectura\" \/>\n\t<meta name=\"twitter:data1\" content=\"2 minutos\" \/>\n<script type=\"application\/ld+json\" class=\"yoast-schema-graph\">{\"@context\":\"https:\/\/schema.org\",\"@graph\":[{\"@type\":\"WebPage\",\"@id\":\"http:\/\/notisnot.com\/es\/tienda\/ropa-laboral\/industria\/pantalons-industria\/bermudas-pantalons-industria\/bermudas-caracas-para-hombre\/\",\"url\":\"http:\/\/notisnot.com\/es\/tienda\/ropa-laboral\/industria\/pantalons-industria\/bermudas-pantalons-industria\/bermudas-caracas-para-hombre\/\",\"name\":\"Bermudas Caracas para hombre - NOT IS NOT\",\"isPartOf\":{\"@id\":\"https:\/\/notisnot.com\/#website\"},\"primaryImageOfPage\":{\"@id\":\"http:\/\/notisnot.com\/es\/tienda\/ropa-laboral\/industria\/pantalons-industria\/bermudas-pantalons-industria\/bermudas-caracas-para-hombre\/#primaryimage\"},\"image\":{\"@id\":\"http:\/\/notisnot.com\/es\/tienda\/ropa-laboral\/industria\/pantalons-industria\/bermudas-pantalons-industria\/bermudas-caracas-para-hombre\/#primaryimage\"},\"thumbnailUrl\":\"https:\/\/notisnot.com\/wp-content\/uploads\/2025\/02\/Bermuda-caracas-para-hombre.png\",\"datePublished\":\"2025-02-18T09:59:47+00:00\",\"dateModified\":\"2025-11-26T18:47:27+00:00\",\"breadcrumb\":{\"@id\":\"http:\/\/notisnot.com\/es\/tienda\/ropa-laboral\/industria\/pantalons-industria\/bermudas-pantalons-industria\/bermudas-caracas-para-hombre\/#breadcrumb\"},\"inLanguage\":\"es\",\"potentialAction\":[{\"@type\":\"ReadAction\",\"target\":[\"http:\/\/notisnot.com\/es\/tienda\/ropa-laboral\/industria\/pantalons-industria\/bermudas-pantalons-industria\/bermudas-caracas-para-hombre\/\"]}]},{\"@type\":\"ImageObject\",\"inLanguage\":\"es\",\"@id\":\"http:\/\/notisnot.com\/es\/tienda\/ropa-laboral\/industria\/pantalons-industria\/bermudas-pantalons-industria\/bermudas-caracas-para-hombre\/#primaryimage\",\"url\":\"https:\/\/notisnot.com\/wp-content\/uploads\/2025\/02\/Bermuda-caracas-para-hombre.png\",\"contentUrl\":\"https:\/\/notisnot.com\/wp-content\/uploads\/2025\/02\/Bermuda-caracas-para-hombre.png\",\"width\":911,\"height\":907},{\"@type\":\"BreadcrumbList\",\"@id\":\"http:\/\/notisnot.com\/es\/tienda\/ropa-laboral\/industria\/pantalons-industria\/bermudas-pantalons-industria\/bermudas-caracas-para-hombre\/#breadcrumb\",\"itemListElement\":[{\"@type\":\"ListItem\",\"position\":1,\"name\":\"Home\",\"item\":\"https:\/\/notisnot.com\/\"},{\"@type\":\"ListItem\",\"position\":2,\"name\":\"Tienda\",\"item\":\"https:\/\/notisnot.com\/tienda-woocomerce\/\"},{\"@type\":\"ListItem\",\"position\":3,\"name\":\"Bermudas Caracas para hombre\"}]},{\"@type\":\"WebSite\",\"@id\":\"https:\/\/notisnot.com\/#website\",\"url\":\"https:\/\/notisnot.com\/\",\"name\":\"NOT IS NOT\",\"description\":\"\",\"potentialAction\":[{\"@type\":\"SearchAction\",\"target\":{\"@type\":\"EntryPoint\",\"urlTemplate\":\"https:\/\/notisnot.com\/?s={search_term_string}\"},\"query-input\":{\"@type\":\"PropertyValueSpecification\",\"valueRequired\":true,\"valueName\":\"search_term_string\"}}],\"inLanguage\":\"es\"}]}<\/script>\n<!-- \/ Yoast SEO plugin. -->","yoast_head_json":{"title":"Bermudas Caracas para hombre - NOT IS NOT","robots":{"index":"index","follow":"follow","max-snippet":"max-snippet:-1","max-image-preview":"max-image-preview:large","max-video-preview":"max-video-preview:-1"},"canonical":"http:\/\/notisnot.com\/es\/tienda\/ropa-laboral\/industria\/pantalons-industria\/bermudas-pantalons-industria\/bermudas-caracas-para-hombre\/","og_locale":"es_ES","og_type":"article","og_title":"Bermudas Caracas para hombre - NOT IS NOT","og_description":"Bermudas para hombre, con el\u00e1sticos laterales y trabillas en la cintura, cierre con cremallera y bot\u00f3n de pl\u00e1stico, dos bolsillos delanteros de corte cl\u00e1sico, bolsillo lateral con LOCK SYSTEM, soporte para metro. Dos bolsillos traseros, uno con tapeta y velcro y otro abierto, aplicaciones y pespuntes de contraste, bandas reflectantes en el bolsillo trasero, costura triple.","og_url":"http:\/\/notisnot.com\/es\/tienda\/ropa-laboral\/industria\/pantalons-industria\/bermudas-pantalons-industria\/bermudas-caracas-para-hombre\/","og_site_name":"NOT IS NOT","article_publisher":"https:\/\/www.facebook.com\/notisnotofficial\/","article_modified_time":"2025-11-26T18:47:27+00:00","og_image":[{"width":911,"height":907,"url":"http:\/\/notisnot.com\/wp-content\/uploads\/2025\/02\/Bermuda-caracas-para-hombre.png","type":"image\/png"}],"twitter_card":"summary_large_image","twitter_misc":{"Tiempo de lectura":"2 minutos"},"schema":{"@context":"https:\/\/schema.org","@graph":[{"@type":"WebPage","@id":"http:\/\/notisnot.com\/es\/tienda\/ropa-laboral\/industria\/pantalons-industria\/bermudas-pantalons-industria\/bermudas-caracas-para-hombre\/","url":"http:\/\/notisnot.com\/es\/tienda\/ropa-laboral\/industria\/pantalons-industria\/bermudas-pantalons-industria\/bermudas-caracas-para-hombre\/","name":"Bermudas Caracas para hombre - NOT IS NOT","isPartOf":{"@id":"https:\/\/notisnot.com\/#website"},"primaryImageOfPage":{"@id":"http:\/\/notisnot.com\/es\/tienda\/ropa-laboral\/industria\/pantalons-industria\/bermudas-pantalons-industria\/bermudas-caracas-para-hombre\/#primaryimage"},"image":{"@id":"http:\/\/notisnot.com\/es\/tienda\/ropa-laboral\/industria\/pantalons-industria\/bermudas-pantalons-industria\/bermudas-caracas-para-hombre\/#primaryimage"},"thumbnailUrl":"https:\/\/notisnot.com\/wp-content\/uploads\/2025\/02\/Bermuda-caracas-para-hombre.png","datePublished":"2025-02-18T09:59:47+00:00","dateModified":"2025-11-26T18:47:27+00:00","breadcrumb":{"@id":"http:\/\/notisnot.com\/es\/tienda\/ropa-laboral\/industria\/pantalons-industria\/bermudas-pantalons-industria\/bermudas-caracas-para-hombre\/#breadcrumb"},"inLanguage":"es","potentialAction":[{"@type":"ReadAction","target":["http:\/\/notisnot.com\/es\/tienda\/ropa-laboral\/industria\/pantalons-industria\/bermudas-pantalons-industria\/bermudas-caracas-para-hombre\/"]}]},{"@type":"ImageObject","inLanguage":"es","@id":"http:\/\/notisnot.com\/es\/tienda\/ropa-laboral\/industria\/pantalons-industria\/bermudas-pantalons-industria\/bermudas-caracas-para-hombre\/#primaryimage","url":"https:\/\/notisnot.com\/wp-content\/uploads\/2025\/02\/Bermuda-caracas-para-hombre.png","contentUrl":"https:\/\/notisnot.com\/wp-content\/uploads\/2025\/02\/Bermuda-caracas-para-hombre.png","width":911,"height":907},{"@type":"BreadcrumbList","@id":"http:\/\/notisnot.com\/es\/tienda\/ropa-laboral\/industria\/pantalons-industria\/bermudas-pantalons-industria\/bermudas-caracas-para-hombre\/#breadcrumb","itemListElement":[{"@type":"ListItem","position":1,"name":"Home","item":"https:\/\/notisnot.com\/"},{"@type":"ListItem","position":2,"name":"Tienda","item":"https:\/\/notisnot.com\/tienda-woocomerce\/"},{"@type":"ListItem","position":3,"name":"Bermudas Caracas para hombre"}]},{"@type":"WebSite","@id":"https:\/\/notisnot.com\/#website","url":"https:\/\/notisnot.com\/","name":"NOT IS NOT","description":"","potentialAction":[{"@type":"SearchAction","target":{"@type":"EntryPoint","urlTemplate":"https:\/\/notisnot.com\/?s={search_term_string}"},"query-input":{"@type":"PropertyValueSpecification","valueRequired":true,"valueName":"search_term_string"}}],"inLanguage":"es"}]}},"_links":{"self":[{"href":"https:\/\/notisnot.com\/es\/wp-json\/wp\/v2\/product\/298203"}],"collection":[{"href":"https:\/\/notisnot.com\/es\/wp-json\/wp\/v2\/product"}],"about":[{"href":"https:\/\/notisnot.com\/es\/wp-json\/wp\/v2\/types\/product"}],"replies":[{"embeddable":true,"href":"https:\/\/notisnot.com\/es\/wp-json\/wp\/v2\/comments?post=298203"}],"wp:featuredmedia":[{"embeddable":true,"href":"https:\/\/notisnot.com\/es\/wp-json\/wp\/v2\/media\/315520"}],"wp:attachment":[{"href":"https:\/\/notisnot.com\/es\/wp-json\/wp\/v2\/media?parent=298203"}],"wp:term":[{"taxonomy":"product_cat","embeddable":true,"href":"https:\/\/notisnot.com\/es\/wp-json\/wp\/v2\/product_cat?post=298203"},{"taxonomy":"product_tag","embeddable":true,"href":"https:\/\/notisnot.com\/es\/wp-json\/wp\/v2\/product_tag?post=298203"}],"curies":[{"name":"wp","href":"https:\/\/api.w.org\/{rel}","templated":true}]}}