{"id":297068,"date":"2025-02-13T11:28:22","date_gmt":"2025-02-13T11:28:22","guid":{"rendered":"https:\/\/notisnot.com\/?post_type=product&#038;p=297068"},"modified":"2025-05-20T08:51:29","modified_gmt":"2025-05-20T08:51:29","slug":"chaqueta-performer-ergonomica-para-hombre","status":"publish","type":"product","link":"https:\/\/notisnot.com\/es\/tienda\/ropa-laboral\/industria\/jaquetas-industria\/jaquetas-softshell\/chaqueta-performer-ergonomica-para-hombre\/","title":{"rendered":"Chaqueta Performer ergon\u00f3mica para hombre"},"content":{"rendered":"<p><img loading=\"lazy\" decoding=\"async\" class=\"alignnone size-medium wp-image-297069\" src=\"https:\/\/notisnot.com\/wp-content\/uploads\/2025\/02\/Captura-de-pantalla-2025-02-13-101947-303x344.png\" alt=\"\" width=\"303\" height=\"344\" srcset=\"https:\/\/notisnot.com\/wp-content\/uploads\/2025\/02\/Captura-de-pantalla-2025-02-13-101947-303x344.png 303w, https:\/\/notisnot.com\/wp-content\/uploads\/2025\/02\/Captura-de-pantalla-2025-02-13-101947-505x573.png 505w, https:\/\/notisnot.com\/wp-content\/uploads\/2025\/02\/Captura-de-pantalla-2025-02-13-101947-11x12.png 11w, https:\/\/notisnot.com\/wp-content\/uploads\/2025\/02\/Captura-de-pantalla-2025-02-13-101947-18x20.png 18w, https:\/\/notisnot.com\/wp-content\/uploads\/2025\/02\/Captura-de-pantalla-2025-02-13-101947-600x681.png 600w, https:\/\/notisnot.com\/wp-content\/uploads\/2025\/02\/Captura-de-pantalla-2025-02-13-101947-91x103.png 91w, https:\/\/notisnot.com\/wp-content\/uploads\/2025\/02\/Captura-de-pantalla-2025-02-13-101947.png 750w\" sizes=\"(max-width: 303px) 100vw, 303px\" \/> <img loading=\"lazy\" decoding=\"async\" class=\"alignnone wp-image-297070\" src=\"https:\/\/notisnot.com\/wp-content\/uploads\/2025\/02\/Captura-de-pantalla-2025-02-13-101954-303x322.png\" alt=\"\" width=\"350\" height=\"372\" srcset=\"https:\/\/notisnot.com\/wp-content\/uploads\/2025\/02\/Captura-de-pantalla-2025-02-13-101954-303x322.png 303w, https:\/\/notisnot.com\/wp-content\/uploads\/2025\/02\/Captura-de-pantalla-2025-02-13-101954-505x537.png 505w, https:\/\/notisnot.com\/wp-content\/uploads\/2025\/02\/Captura-de-pantalla-2025-02-13-101954-768x817.png 768w, https:\/\/notisnot.com\/wp-content\/uploads\/2025\/02\/Captura-de-pantalla-2025-02-13-101954-11x12.png 11w, https:\/\/notisnot.com\/wp-content\/uploads\/2025\/02\/Captura-de-pantalla-2025-02-13-101954-20x20.png 20w, https:\/\/notisnot.com\/wp-content\/uploads\/2025\/02\/Captura-de-pantalla-2025-02-13-101954-600x638.png 600w, https:\/\/notisnot.com\/wp-content\/uploads\/2025\/02\/Captura-de-pantalla-2025-02-13-101954-91x97.png 91w, https:\/\/notisnot.com\/wp-content\/uploads\/2025\/02\/Captura-de-pantalla-2025-02-13-101954.png 815w\" sizes=\"(max-width: 350px) 100vw, 350px\" \/> <img loading=\"lazy\" decoding=\"async\" class=\"alignnone size-medium wp-image-297071\" src=\"https:\/\/notisnot.com\/wp-content\/uploads\/2025\/02\/Captura-de-pantalla-2025-02-13-102001-303x372.png\" alt=\"\" width=\"303\" height=\"372\" srcset=\"https:\/\/notisnot.com\/wp-content\/uploads\/2025\/02\/Captura-de-pantalla-2025-02-13-102001-303x372.png 303w, https:\/\/notisnot.com\/wp-content\/uploads\/2025\/02\/Captura-de-pantalla-2025-02-13-102001-505x620.png 505w, https:\/\/notisnot.com\/wp-content\/uploads\/2025\/02\/Captura-de-pantalla-2025-02-13-102001-10x12.png 10w, https:\/\/notisnot.com\/wp-content\/uploads\/2025\/02\/Captura-de-pantalla-2025-02-13-102001-16x20.png 16w, https:\/\/notisnot.com\/wp-content\/uploads\/2025\/02\/Captura-de-pantalla-2025-02-13-102001-600x737.png 600w, https:\/\/notisnot.com\/wp-content\/uploads\/2025\/02\/Captura-de-pantalla-2025-02-13-102001-91x112.png 91w, https:\/\/notisnot.com\/wp-content\/uploads\/2025\/02\/Captura-de-pantalla-2025-02-13-102001.png 713w\" sizes=\"(max-width: 303px) 100vw, 303px\" \/> <img loading=\"lazy\" decoding=\"async\" class=\"alignnone size-medium wp-image-297072\" src=\"https:\/\/notisnot.com\/wp-content\/uploads\/2025\/02\/Captura-de-pantalla-2025-02-13-102009-303x379.png\" alt=\"\" width=\"303\" height=\"379\" srcset=\"https:\/\/notisnot.com\/wp-content\/uploads\/2025\/02\/Captura-de-pantalla-2025-02-13-102009-303x379.png 303w, https:\/\/notisnot.com\/wp-content\/uploads\/2025\/02\/Captura-de-pantalla-2025-02-13-102009-505x632.png 505w, https:\/\/notisnot.com\/wp-content\/uploads\/2025\/02\/Captura-de-pantalla-2025-02-13-102009-10x12.png 10w, https:\/\/notisnot.com\/wp-content\/uploads\/2025\/02\/Captura-de-pantalla-2025-02-13-102009-16x20.png 16w, https:\/\/notisnot.com\/wp-content\/uploads\/2025\/02\/Captura-de-pantalla-2025-02-13-102009-600x751.png 600w, https:\/\/notisnot.com\/wp-content\/uploads\/2025\/02\/Captura-de-pantalla-2025-02-13-102009-91x114.png 91w, https:\/\/notisnot.com\/wp-content\/uploads\/2025\/02\/Captura-de-pantalla-2025-02-13-102009.png 650w\" sizes=\"(max-width: 303px) 100vw, 303px\" \/> <img loading=\"lazy\" decoding=\"async\" class=\"alignnone size-medium wp-image-297073\" src=\"https:\/\/notisnot.com\/wp-content\/uploads\/2025\/02\/Captura-de-pantalla-2025-02-13-102020-303x389.png\" alt=\"\" width=\"303\" height=\"389\" srcset=\"https:\/\/notisnot.com\/wp-content\/uploads\/2025\/02\/Captura-de-pantalla-2025-02-13-102020-303x389.png 303w, https:\/\/notisnot.com\/wp-content\/uploads\/2025\/02\/Captura-de-pantalla-2025-02-13-102020-505x648.png 505w, https:\/\/notisnot.com\/wp-content\/uploads\/2025\/02\/Captura-de-pantalla-2025-02-13-102020-9x12.png 9w, https:\/\/notisnot.com\/wp-content\/uploads\/2025\/02\/Captura-de-pantalla-2025-02-13-102020-16x20.png 16w, https:\/\/notisnot.com\/wp-content\/uploads\/2025\/02\/Captura-de-pantalla-2025-02-13-102020-600x770.png 600w, https:\/\/notisnot.com\/wp-content\/uploads\/2025\/02\/Captura-de-pantalla-2025-02-13-102020-91x117.png 91w, https:\/\/notisnot.com\/wp-content\/uploads\/2025\/02\/Captura-de-pantalla-2025-02-13-102020.png 679w\" sizes=\"(max-width: 303px) 100vw, 303px\" \/> <img loading=\"lazy\" decoding=\"async\" class=\"alignnone wp-image-297074\" src=\"https:\/\/notisnot.com\/wp-content\/uploads\/2025\/02\/Captura-de-pantalla-2025-02-13-102028-303x309.png\" alt=\"\" width=\"358\" height=\"365\" srcset=\"https:\/\/notisnot.com\/wp-content\/uploads\/2025\/02\/Captura-de-pantalla-2025-02-13-102028-303x309.png 303w, https:\/\/notisnot.com\/wp-content\/uploads\/2025\/02\/Captura-de-pantalla-2025-02-13-102028-505x515.png 505w, https:\/\/notisnot.com\/wp-content\/uploads\/2025\/02\/Captura-de-pantalla-2025-02-13-102028-768x784.png 768w, https:\/\/notisnot.com\/wp-content\/uploads\/2025\/02\/Captura-de-pantalla-2025-02-13-102028-12x12.png 12w, https:\/\/notisnot.com\/wp-content\/uploads\/2025\/02\/Captura-de-pantalla-2025-02-13-102028-20x20.png 20w, https:\/\/notisnot.com\/wp-content\/uploads\/2025\/02\/Captura-de-pantalla-2025-02-13-102028-600x612.png 600w, https:\/\/notisnot.com\/wp-content\/uploads\/2025\/02\/Captura-de-pantalla-2025-02-13-102028-91x93.png 91w, https:\/\/notisnot.com\/wp-content\/uploads\/2025\/02\/Captura-de-pantalla-2025-02-13-102028-50x50.png 50w, https:\/\/notisnot.com\/wp-content\/uploads\/2025\/02\/Captura-de-pantalla-2025-02-13-102028.png 837w\" sizes=\"(max-width: 358px) 100vw, 358px\" \/><\/p>","protected":false},"excerpt":{"rendered":"<p>WP 8000 mm H\u2082O, WVT 5000 g\/m\u00b2 24h. Chaqueta de hombre ergon\u00f3mica, manga redonda, cremallera completa SBS de pl\u00e1stico con cursor de metal con sistema de bloqueo semiautom\u00e1tico, dos bolsillos laterales con cremallera, un bolsillo multifunci\u00f3n en el pecho con soporte para tarjetas oculto y tapeta de cierre LOCK SYSTEM, bandas reflectantes 3M en los hombros, el\u00e1stico y pu\u00f1os con cintas de velcro, capucha extra\u00edble y con cord\u00f3n el\u00e1stico regulable con tope.<\/p>","protected":false},"featured_media":297069,"comment_status":"open","ping_status":"closed","template":"","meta":{"_acf_changed":false},"product_cat":[407],"product_tag":[],"class_list":{"0":"post-297068","1":"product","2":"type-product","3":"status-publish","4":"has-post-thumbnail","6":"product_cat-jaquetas-softshell","7":"pa_color-azul-marino-negro","8":"pa_color-azul-real-negro","9":"pa_color-blanco-negro","10":"pa_color-humo-negro","11":"pa_color-negro","12":"pa_color-rojo-negro","13":"pa_tallaropa-xs","14":"pa_tallaropa-s","15":"pa_tallaropa-m","16":"pa_tallaropa-l","17":"pa_tallaropa-xl","18":"pa_tallaropa-xxl","19":"pa_tallaropa-3xl","20":"pa_tallaropa-4xl","21":"pa_tallaropa-5xl","23":"first","24":"instock","25":"taxable","26":"shipping-taxable","27":"purchasable","28":"product-type-variable"},"acf":[],"yoast_head":"<!-- This site is optimized with the Yoast SEO plugin v23.4 - https:\/\/yoast.com\/wordpress\/plugins\/seo\/ -->\n<title>Chaqueta Performer ergon\u00f3mica para hombre - NOT IS NOT<\/title>\n<meta name=\"robots\" content=\"index, follow, max-snippet:-1, max-image-preview:large, max-video-preview:-1\" \/>\n<link rel=\"canonical\" href=\"https:\/\/notisnot.com\/es\/tienda\/ropa-laboral\/industria\/jaquetas-industria\/jaquetas-softshell\/chaqueta-performer-ergonomica-para-hombre\/\" \/>\n<meta property=\"og:locale\" content=\"es_ES\" \/>\n<meta property=\"og:type\" content=\"article\" \/>\n<meta property=\"og:title\" content=\"Chaqueta Performer ergon\u00f3mica para hombre - NOT IS NOT\" \/>\n<meta property=\"og:description\" content=\"WP 8000 mm H\u2082O, WVT 5000 g\/m\u00b2 24h. Chaqueta de hombre ergon\u00f3mica, manga redonda, cremallera completa SBS de pl\u00e1stico con cursor de metal con sistema de bloqueo semiautom\u00e1tico, dos bolsillos laterales con cremallera, un bolsillo multifunci\u00f3n en el pecho con soporte para tarjetas oculto y tapeta de cierre LOCK SYSTEM, bandas reflectantes 3M en los hombros, el\u00e1stico y pu\u00f1os con cintas de velcro, capucha extra\u00edble y con cord\u00f3n el\u00e1stico regulable con tope.\" \/>\n<meta property=\"og:url\" content=\"https:\/\/notisnot.com\/es\/tienda\/ropa-laboral\/industria\/jaquetas-industria\/jaquetas-softshell\/chaqueta-performer-ergonomica-para-hombre\/\" \/>\n<meta property=\"og:site_name\" content=\"NOT IS NOT\" \/>\n<meta property=\"article:publisher\" content=\"https:\/\/www.facebook.com\/notisnotofficial\/\" \/>\n<meta property=\"article:modified_time\" content=\"2025-05-20T08:51:29+00:00\" \/>\n<meta property=\"og:image\" content=\"https:\/\/notisnot.com\/wp-content\/uploads\/2025\/02\/Captura-de-pantalla-2025-02-13-101947.png\" \/>\n\t<meta property=\"og:image:width\" content=\"750\" \/>\n\t<meta property=\"og:image:height\" content=\"851\" \/>\n\t<meta property=\"og:image:type\" content=\"image\/png\" \/>\n<meta name=\"twitter:card\" content=\"summary_large_image\" \/>\n<meta name=\"twitter:label1\" content=\"Tiempo de lectura\" \/>\n\t<meta name=\"twitter:data1\" content=\"2 minutos\" \/>\n<script type=\"application\/ld+json\" class=\"yoast-schema-graph\">{\"@context\":\"https:\/\/schema.org\",\"@graph\":[{\"@type\":\"WebPage\",\"@id\":\"https:\/\/notisnot.com\/tienda\/ropa-laboral\/industria\/jaquetas-industria\/jaquetas-softshell\/chaqueta-performer-ergonomica-para-hombre\/\",\"url\":\"https:\/\/notisnot.com\/tienda\/ropa-laboral\/industria\/jaquetas-industria\/jaquetas-softshell\/chaqueta-performer-ergonomica-para-hombre\/\",\"name\":\"Chaqueta Performer ergon\u00f3mica para hombre - NOT IS NOT\",\"isPartOf\":{\"@id\":\"https:\/\/notisnot.com\/#website\"},\"primaryImageOfPage\":{\"@id\":\"https:\/\/notisnot.com\/tienda\/ropa-laboral\/industria\/jaquetas-industria\/jaquetas-softshell\/chaqueta-performer-ergonomica-para-hombre\/#primaryimage\"},\"image\":{\"@id\":\"https:\/\/notisnot.com\/tienda\/ropa-laboral\/industria\/jaquetas-industria\/jaquetas-softshell\/chaqueta-performer-ergonomica-para-hombre\/#primaryimage\"},\"thumbnailUrl\":\"https:\/\/notisnot.com\/wp-content\/uploads\/2025\/02\/Captura-de-pantalla-2025-02-13-101947.png\",\"datePublished\":\"2025-02-13T11:28:22+00:00\",\"dateModified\":\"2025-05-20T08:51:29+00:00\",\"breadcrumb\":{\"@id\":\"https:\/\/notisnot.com\/tienda\/ropa-laboral\/industria\/jaquetas-industria\/jaquetas-softshell\/chaqueta-performer-ergonomica-para-hombre\/#breadcrumb\"},\"inLanguage\":\"es\",\"potentialAction\":[{\"@type\":\"ReadAction\",\"target\":[\"https:\/\/notisnot.com\/tienda\/ropa-laboral\/industria\/jaquetas-industria\/jaquetas-softshell\/chaqueta-performer-ergonomica-para-hombre\/\"]}]},{\"@type\":\"ImageObject\",\"inLanguage\":\"es\",\"@id\":\"https:\/\/notisnot.com\/tienda\/ropa-laboral\/industria\/jaquetas-industria\/jaquetas-softshell\/chaqueta-performer-ergonomica-para-hombre\/#primaryimage\",\"url\":\"https:\/\/notisnot.com\/wp-content\/uploads\/2025\/02\/Captura-de-pantalla-2025-02-13-101947.png\",\"contentUrl\":\"https:\/\/notisnot.com\/wp-content\/uploads\/2025\/02\/Captura-de-pantalla-2025-02-13-101947.png\",\"width\":750,\"height\":851},{\"@type\":\"BreadcrumbList\",\"@id\":\"https:\/\/notisnot.com\/tienda\/ropa-laboral\/industria\/jaquetas-industria\/jaquetas-softshell\/chaqueta-performer-ergonomica-para-hombre\/#breadcrumb\",\"itemListElement\":[{\"@type\":\"ListItem\",\"position\":1,\"name\":\"Home\",\"item\":\"http:\/\/notisnot.com\/\"},{\"@type\":\"ListItem\",\"position\":2,\"name\":\"Tienda\",\"item\":\"http:\/\/notisnot.com\/tienda-woocomerce\/\"},{\"@type\":\"ListItem\",\"position\":3,\"name\":\"Chaqueta Performer ergon\u00f3mica para hombre\"}]},{\"@type\":\"WebSite\",\"@id\":\"https:\/\/notisnot.com\/#website\",\"url\":\"https:\/\/notisnot.com\/\",\"name\":\"NOT IS NOT\",\"description\":\"\",\"potentialAction\":[{\"@type\":\"SearchAction\",\"target\":{\"@type\":\"EntryPoint\",\"urlTemplate\":\"https:\/\/notisnot.com\/?s={search_term_string}\"},\"query-input\":{\"@type\":\"PropertyValueSpecification\",\"valueRequired\":true,\"valueName\":\"search_term_string\"}}],\"inLanguage\":\"es\"}]}<\/script>\n<!-- \/ Yoast SEO plugin. -->","yoast_head_json":{"title":"Chaqueta Performer ergon\u00f3mica para hombre - NOT IS NOT","robots":{"index":"index","follow":"follow","max-snippet":"max-snippet:-1","max-image-preview":"max-image-preview:large","max-video-preview":"max-video-preview:-1"},"canonical":"https:\/\/notisnot.com\/es\/tienda\/ropa-laboral\/industria\/jaquetas-industria\/jaquetas-softshell\/chaqueta-performer-ergonomica-para-hombre\/","og_locale":"es_ES","og_type":"article","og_title":"Chaqueta Performer ergon\u00f3mica para hombre - NOT IS NOT","og_description":"WP 8000 mm H\u2082O, WVT 5000 g\/m\u00b2 24h. Chaqueta de hombre ergon\u00f3mica, manga redonda, cremallera completa SBS de pl\u00e1stico con cursor de metal con sistema de bloqueo semiautom\u00e1tico, dos bolsillos laterales con cremallera, un bolsillo multifunci\u00f3n en el pecho con soporte para tarjetas oculto y tapeta de cierre LOCK SYSTEM, bandas reflectantes 3M en los hombros, el\u00e1stico y pu\u00f1os con cintas de velcro, capucha extra\u00edble y con cord\u00f3n el\u00e1stico regulable con tope.","og_url":"https:\/\/notisnot.com\/es\/tienda\/ropa-laboral\/industria\/jaquetas-industria\/jaquetas-softshell\/chaqueta-performer-ergonomica-para-hombre\/","og_site_name":"NOT IS NOT","article_publisher":"https:\/\/www.facebook.com\/notisnotofficial\/","article_modified_time":"2025-05-20T08:51:29+00:00","og_image":[{"width":750,"height":851,"url":"https:\/\/notisnot.com\/wp-content\/uploads\/2025\/02\/Captura-de-pantalla-2025-02-13-101947.png","type":"image\/png"}],"twitter_card":"summary_large_image","twitter_misc":{"Tiempo de lectura":"2 minutos"},"schema":{"@context":"https:\/\/schema.org","@graph":[{"@type":"WebPage","@id":"https:\/\/notisnot.com\/tienda\/ropa-laboral\/industria\/jaquetas-industria\/jaquetas-softshell\/chaqueta-performer-ergonomica-para-hombre\/","url":"https:\/\/notisnot.com\/tienda\/ropa-laboral\/industria\/jaquetas-industria\/jaquetas-softshell\/chaqueta-performer-ergonomica-para-hombre\/","name":"Chaqueta Performer ergon\u00f3mica para hombre - NOT IS NOT","isPartOf":{"@id":"https:\/\/notisnot.com\/#website"},"primaryImageOfPage":{"@id":"https:\/\/notisnot.com\/tienda\/ropa-laboral\/industria\/jaquetas-industria\/jaquetas-softshell\/chaqueta-performer-ergonomica-para-hombre\/#primaryimage"},"image":{"@id":"https:\/\/notisnot.com\/tienda\/ropa-laboral\/industria\/jaquetas-industria\/jaquetas-softshell\/chaqueta-performer-ergonomica-para-hombre\/#primaryimage"},"thumbnailUrl":"https:\/\/notisnot.com\/wp-content\/uploads\/2025\/02\/Captura-de-pantalla-2025-02-13-101947.png","datePublished":"2025-02-13T11:28:22+00:00","dateModified":"2025-05-20T08:51:29+00:00","breadcrumb":{"@id":"https:\/\/notisnot.com\/tienda\/ropa-laboral\/industria\/jaquetas-industria\/jaquetas-softshell\/chaqueta-performer-ergonomica-para-hombre\/#breadcrumb"},"inLanguage":"es","potentialAction":[{"@type":"ReadAction","target":["https:\/\/notisnot.com\/tienda\/ropa-laboral\/industria\/jaquetas-industria\/jaquetas-softshell\/chaqueta-performer-ergonomica-para-hombre\/"]}]},{"@type":"ImageObject","inLanguage":"es","@id":"https:\/\/notisnot.com\/tienda\/ropa-laboral\/industria\/jaquetas-industria\/jaquetas-softshell\/chaqueta-performer-ergonomica-para-hombre\/#primaryimage","url":"https:\/\/notisnot.com\/wp-content\/uploads\/2025\/02\/Captura-de-pantalla-2025-02-13-101947.png","contentUrl":"https:\/\/notisnot.com\/wp-content\/uploads\/2025\/02\/Captura-de-pantalla-2025-02-13-101947.png","width":750,"height":851},{"@type":"BreadcrumbList","@id":"https:\/\/notisnot.com\/tienda\/ropa-laboral\/industria\/jaquetas-industria\/jaquetas-softshell\/chaqueta-performer-ergonomica-para-hombre\/#breadcrumb","itemListElement":[{"@type":"ListItem","position":1,"name":"Home","item":"http:\/\/notisnot.com\/"},{"@type":"ListItem","position":2,"name":"Tienda","item":"http:\/\/notisnot.com\/tienda-woocomerce\/"},{"@type":"ListItem","position":3,"name":"Chaqueta Performer ergon\u00f3mica para hombre"}]},{"@type":"WebSite","@id":"https:\/\/notisnot.com\/#website","url":"https:\/\/notisnot.com\/","name":"NOT IS NOT","description":"","potentialAction":[{"@type":"SearchAction","target":{"@type":"EntryPoint","urlTemplate":"https:\/\/notisnot.com\/?s={search_term_string}"},"query-input":{"@type":"PropertyValueSpecification","valueRequired":true,"valueName":"search_term_string"}}],"inLanguage":"es"}]}},"_links":{"self":[{"href":"https:\/\/notisnot.com\/es\/wp-json\/wp\/v2\/product\/297068"}],"collection":[{"href":"https:\/\/notisnot.com\/es\/wp-json\/wp\/v2\/product"}],"about":[{"href":"https:\/\/notisnot.com\/es\/wp-json\/wp\/v2\/types\/product"}],"replies":[{"embeddable":true,"href":"https:\/\/notisnot.com\/es\/wp-json\/wp\/v2\/comments?post=297068"}],"wp:featuredmedia":[{"embeddable":true,"href":"https:\/\/notisnot.com\/es\/wp-json\/wp\/v2\/media\/297069"}],"wp:attachment":[{"href":"https:\/\/notisnot.com\/es\/wp-json\/wp\/v2\/media?parent=297068"}],"wp:term":[{"taxonomy":"product_cat","embeddable":true,"href":"https:\/\/notisnot.com\/es\/wp-json\/wp\/v2\/product_cat?post=297068"},{"taxonomy":"product_tag","embeddable":true,"href":"https:\/\/notisnot.com\/es\/wp-json\/wp\/v2\/product_tag?post=297068"}],"curies":[{"name":"wp","href":"https:\/\/api.w.org\/{rel}","templated":true}]}}