{"id":297006,"date":"2025-02-13T11:19:33","date_gmt":"2025-02-13T11:19:33","guid":{"rendered":"https:\/\/notisnot.com\/?post_type=product&#038;p=297006"},"modified":"2025-05-20T08:37:24","modified_gmt":"2025-05-20T08:37:24","slug":"chaqueta-safe-con-inserciones-reflectantes-en-hombros-y-espalda-para-hombre","status":"publish","type":"product","link":"https:\/\/notisnot.com\/es\/tienda\/ropa-laboral\/industria\/jaquetas-industria\/jaquetas-softshell\/chaqueta-safe-con-inserciones-reflectantes-en-hombros-y-espalda-para-hombre\/","title":{"rendered":"Chaqueta Safe con inserciones reflectantes  para hombre"},"content":{"rendered":"<p><img loading=\"lazy\" decoding=\"async\" class=\"alignnone wp-image-297007\" src=\"https:\/\/notisnot.com\/wp-content\/uploads\/2025\/02\/Captura-de-pantalla-2025-02-13-101741-303x335.png\" alt=\"\" width=\"368\" height=\"407\" srcset=\"https:\/\/notisnot.com\/wp-content\/uploads\/2025\/02\/Captura-de-pantalla-2025-02-13-101741-303x335.png 303w, https:\/\/notisnot.com\/wp-content\/uploads\/2025\/02\/Captura-de-pantalla-2025-02-13-101741-505x559.png 505w, https:\/\/notisnot.com\/wp-content\/uploads\/2025\/02\/Captura-de-pantalla-2025-02-13-101741-11x12.png 11w, https:\/\/notisnot.com\/wp-content\/uploads\/2025\/02\/Captura-de-pantalla-2025-02-13-101741-18x20.png 18w, https:\/\/notisnot.com\/wp-content\/uploads\/2025\/02\/Captura-de-pantalla-2025-02-13-101741-600x664.png 600w, https:\/\/notisnot.com\/wp-content\/uploads\/2025\/02\/Captura-de-pantalla-2025-02-13-101741-91x101.png 91w, https:\/\/notisnot.com\/wp-content\/uploads\/2025\/02\/Captura-de-pantalla-2025-02-13-101741.png 721w\" sizes=\"(max-width: 368px) 100vw, 368px\" \/> <img loading=\"lazy\" decoding=\"async\" class=\"alignnone size-medium wp-image-297008\" src=\"https:\/\/notisnot.com\/wp-content\/uploads\/2025\/02\/Captura-de-pantalla-2025-02-13-101749-303x398.png\" alt=\"\" width=\"303\" height=\"398\" srcset=\"https:\/\/notisnot.com\/wp-content\/uploads\/2025\/02\/Captura-de-pantalla-2025-02-13-101749-303x398.png 303w, https:\/\/notisnot.com\/wp-content\/uploads\/2025\/02\/Captura-de-pantalla-2025-02-13-101749-505x663.png 505w, https:\/\/notisnot.com\/wp-content\/uploads\/2025\/02\/Captura-de-pantalla-2025-02-13-101749-9x12.png 9w, https:\/\/notisnot.com\/wp-content\/uploads\/2025\/02\/Captura-de-pantalla-2025-02-13-101749-15x20.png 15w, https:\/\/notisnot.com\/wp-content\/uploads\/2025\/02\/Captura-de-pantalla-2025-02-13-101749-600x788.png 600w, https:\/\/notisnot.com\/wp-content\/uploads\/2025\/02\/Captura-de-pantalla-2025-02-13-101749-91x120.png 91w, https:\/\/notisnot.com\/wp-content\/uploads\/2025\/02\/Captura-de-pantalla-2025-02-13-101749.png 667w\" sizes=\"(max-width: 303px) 100vw, 303px\" \/> <img loading=\"lazy\" decoding=\"async\" class=\"alignnone wp-image-297009\" src=\"https:\/\/notisnot.com\/wp-content\/uploads\/2025\/02\/Captura-de-pantalla-2025-02-13-101758-303x342.png\" alt=\"\" width=\"367\" height=\"414\" srcset=\"https:\/\/notisnot.com\/wp-content\/uploads\/2025\/02\/Captura-de-pantalla-2025-02-13-101758-303x342.png 303w, https:\/\/notisnot.com\/wp-content\/uploads\/2025\/02\/Captura-de-pantalla-2025-02-13-101758-505x570.png 505w, https:\/\/notisnot.com\/wp-content\/uploads\/2025\/02\/Captura-de-pantalla-2025-02-13-101758-11x12.png 11w, https:\/\/notisnot.com\/wp-content\/uploads\/2025\/02\/Captura-de-pantalla-2025-02-13-101758-18x20.png 18w, https:\/\/notisnot.com\/wp-content\/uploads\/2025\/02\/Captura-de-pantalla-2025-02-13-101758-600x678.png 600w, https:\/\/notisnot.com\/wp-content\/uploads\/2025\/02\/Captura-de-pantalla-2025-02-13-101758-91x103.png 91w, https:\/\/notisnot.com\/wp-content\/uploads\/2025\/02\/Captura-de-pantalla-2025-02-13-101758.png 679w\" sizes=\"(max-width: 367px) 100vw, 367px\" \/><\/p>","protected":false},"excerpt":{"rendered":"<p>Chaqueta no acolchada con pespuntes de contraste, inserciones reflectantes en hombros y espalda; corte estilizado tipo vaquero y cierre delantero con botones de pl\u00e1stico ocultos; soporte para tel\u00e9fono m\u00f3vil, soporte para tarjeta de identificaci\u00f3n extra\u00edble y soporte para bol\u00edgrafo en el bolsillo a la altura del pecho con cierre con velcro. Cierre en el pu\u00f1o con bot\u00f3n y cintura ajustable con velcro.<\/p>","protected":false},"featured_media":297007,"comment_status":"open","ping_status":"closed","template":"","meta":{"_acf_changed":false},"product_cat":[407],"product_tag":[],"class_list":{"0":"post-297006","1":"product","2":"type-product","3":"status-publish","4":"has-post-thumbnail","6":"product_cat-jaquetas-softshell","7":"pa_color-azul-marino","8":"pa_color-humo","9":"pa_color-negro","10":"pa_tallaropa-xs","11":"pa_tallaropa-s","12":"pa_tallaropa-m","13":"pa_tallaropa-l","14":"pa_tallaropa-xl","15":"pa_tallaropa-xxl","16":"pa_tallaropa-3xl","17":"pa_tallaropa-4xl","18":"pa_tallaropa-5xl","20":"first","21":"instock","22":"taxable","23":"shipping-taxable","24":"purchasable","25":"product-type-variable"},"acf":[],"yoast_head":"<!-- This site is optimized with the Yoast SEO plugin v23.4 - https:\/\/yoast.com\/wordpress\/plugins\/seo\/ -->\n<title>Chaqueta Safe con inserciones reflectantes para hombre - NOT IS NOT<\/title>\n<meta name=\"robots\" content=\"index, follow, max-snippet:-1, max-image-preview:large, max-video-preview:-1\" \/>\n<link rel=\"canonical\" href=\"http:\/\/notisnot.com\/es\/tienda\/ropa-laboral\/industria\/jaquetas-industria\/jaquetas-softshell\/chaqueta-safe-con-inserciones-reflectantes-en-hombros-y-espalda-para-hombre\/\" \/>\n<meta property=\"og:locale\" content=\"es_ES\" \/>\n<meta property=\"og:type\" content=\"article\" \/>\n<meta property=\"og:title\" content=\"Chaqueta Safe con inserciones reflectantes para hombre - NOT IS NOT\" \/>\n<meta property=\"og:description\" content=\"Chaqueta no acolchada con pespuntes de contraste, inserciones reflectantes en hombros y espalda; corte estilizado tipo vaquero y cierre delantero con botones de pl\u00e1stico ocultos; soporte para tel\u00e9fono m\u00f3vil, soporte para tarjeta de identificaci\u00f3n extra\u00edble y soporte para bol\u00edgrafo en el bolsillo a la altura del pecho con cierre con velcro. Cierre en el pu\u00f1o con bot\u00f3n y cintura ajustable con velcro.\" \/>\n<meta property=\"og:url\" content=\"http:\/\/notisnot.com\/es\/tienda\/ropa-laboral\/industria\/jaquetas-industria\/jaquetas-softshell\/chaqueta-safe-con-inserciones-reflectantes-en-hombros-y-espalda-para-hombre\/\" \/>\n<meta property=\"og:site_name\" content=\"NOT IS NOT\" \/>\n<meta property=\"article:publisher\" content=\"https:\/\/www.facebook.com\/notisnotofficial\/\" \/>\n<meta property=\"article:modified_time\" content=\"2025-05-20T08:37:24+00:00\" \/>\n<meta property=\"og:image\" content=\"http:\/\/notisnot.com\/wp-content\/uploads\/2025\/02\/Captura-de-pantalla-2025-02-13-101741.png\" \/>\n\t<meta property=\"og:image:width\" content=\"721\" \/>\n\t<meta property=\"og:image:height\" content=\"798\" \/>\n\t<meta property=\"og:image:type\" content=\"image\/png\" \/>\n<meta name=\"twitter:card\" content=\"summary_large_image\" \/>\n<meta name=\"twitter:label1\" content=\"Tiempo de lectura\" \/>\n\t<meta name=\"twitter:data1\" content=\"1 minuto\" \/>\n<script type=\"application\/ld+json\" class=\"yoast-schema-graph\">{\"@context\":\"https:\/\/schema.org\",\"@graph\":[{\"@type\":\"WebPage\",\"@id\":\"http:\/\/notisnot.com\/es\/tienda\/ropa-laboral\/industria\/jaquetas-industria\/jaquetas-softshell\/chaqueta-safe-con-inserciones-reflectantes-en-hombros-y-espalda-para-hombre\/\",\"url\":\"http:\/\/notisnot.com\/es\/tienda\/ropa-laboral\/industria\/jaquetas-industria\/jaquetas-softshell\/chaqueta-safe-con-inserciones-reflectantes-en-hombros-y-espalda-para-hombre\/\",\"name\":\"Chaqueta Safe con inserciones reflectantes para hombre - NOT IS NOT\",\"isPartOf\":{\"@id\":\"https:\/\/notisnot.com\/#website\"},\"primaryImageOfPage\":{\"@id\":\"http:\/\/notisnot.com\/es\/tienda\/ropa-laboral\/industria\/jaquetas-industria\/jaquetas-softshell\/chaqueta-safe-con-inserciones-reflectantes-en-hombros-y-espalda-para-hombre\/#primaryimage\"},\"image\":{\"@id\":\"http:\/\/notisnot.com\/es\/tienda\/ropa-laboral\/industria\/jaquetas-industria\/jaquetas-softshell\/chaqueta-safe-con-inserciones-reflectantes-en-hombros-y-espalda-para-hombre\/#primaryimage\"},\"thumbnailUrl\":\"https:\/\/notisnot.com\/wp-content\/uploads\/2025\/02\/Captura-de-pantalla-2025-02-13-101741.png\",\"datePublished\":\"2025-02-13T11:19:33+00:00\",\"dateModified\":\"2025-05-20T08:37:24+00:00\",\"breadcrumb\":{\"@id\":\"http:\/\/notisnot.com\/es\/tienda\/ropa-laboral\/industria\/jaquetas-industria\/jaquetas-softshell\/chaqueta-safe-con-inserciones-reflectantes-en-hombros-y-espalda-para-hombre\/#breadcrumb\"},\"inLanguage\":\"es\",\"potentialAction\":[{\"@type\":\"ReadAction\",\"target\":[\"http:\/\/notisnot.com\/es\/tienda\/ropa-laboral\/industria\/jaquetas-industria\/jaquetas-softshell\/chaqueta-safe-con-inserciones-reflectantes-en-hombros-y-espalda-para-hombre\/\"]}]},{\"@type\":\"ImageObject\",\"inLanguage\":\"es\",\"@id\":\"http:\/\/notisnot.com\/es\/tienda\/ropa-laboral\/industria\/jaquetas-industria\/jaquetas-softshell\/chaqueta-safe-con-inserciones-reflectantes-en-hombros-y-espalda-para-hombre\/#primaryimage\",\"url\":\"https:\/\/notisnot.com\/wp-content\/uploads\/2025\/02\/Captura-de-pantalla-2025-02-13-101741.png\",\"contentUrl\":\"https:\/\/notisnot.com\/wp-content\/uploads\/2025\/02\/Captura-de-pantalla-2025-02-13-101741.png\",\"width\":721,\"height\":798},{\"@type\":\"BreadcrumbList\",\"@id\":\"http:\/\/notisnot.com\/es\/tienda\/ropa-laboral\/industria\/jaquetas-industria\/jaquetas-softshell\/chaqueta-safe-con-inserciones-reflectantes-en-hombros-y-espalda-para-hombre\/#breadcrumb\",\"itemListElement\":[{\"@type\":\"ListItem\",\"position\":1,\"name\":\"Home\",\"item\":\"http:\/\/notisnot.com\/\"},{\"@type\":\"ListItem\",\"position\":2,\"name\":\"Tienda\",\"item\":\"http:\/\/notisnot.com\/tienda-woocomerce\/\"},{\"@type\":\"ListItem\",\"position\":3,\"name\":\"Chaqueta Safe con inserciones reflectantes para hombre\"}]},{\"@type\":\"WebSite\",\"@id\":\"https:\/\/notisnot.com\/#website\",\"url\":\"https:\/\/notisnot.com\/\",\"name\":\"NOT IS NOT\",\"description\":\"\",\"potentialAction\":[{\"@type\":\"SearchAction\",\"target\":{\"@type\":\"EntryPoint\",\"urlTemplate\":\"https:\/\/notisnot.com\/?s={search_term_string}\"},\"query-input\":{\"@type\":\"PropertyValueSpecification\",\"valueRequired\":true,\"valueName\":\"search_term_string\"}}],\"inLanguage\":\"es\"}]}<\/script>\n<!-- \/ Yoast SEO plugin. -->","yoast_head_json":{"title":"Chaqueta Safe con inserciones reflectantes para hombre - NOT IS NOT","robots":{"index":"index","follow":"follow","max-snippet":"max-snippet:-1","max-image-preview":"max-image-preview:large","max-video-preview":"max-video-preview:-1"},"canonical":"http:\/\/notisnot.com\/es\/tienda\/ropa-laboral\/industria\/jaquetas-industria\/jaquetas-softshell\/chaqueta-safe-con-inserciones-reflectantes-en-hombros-y-espalda-para-hombre\/","og_locale":"es_ES","og_type":"article","og_title":"Chaqueta Safe con inserciones reflectantes para hombre - NOT IS NOT","og_description":"Chaqueta no acolchada con pespuntes de contraste, inserciones reflectantes en hombros y espalda; corte estilizado tipo vaquero y cierre delantero con botones de pl\u00e1stico ocultos; soporte para tel\u00e9fono m\u00f3vil, soporte para tarjeta de identificaci\u00f3n extra\u00edble y soporte para bol\u00edgrafo en el bolsillo a la altura del pecho con cierre con velcro. Cierre en el pu\u00f1o con bot\u00f3n y cintura ajustable con velcro.","og_url":"http:\/\/notisnot.com\/es\/tienda\/ropa-laboral\/industria\/jaquetas-industria\/jaquetas-softshell\/chaqueta-safe-con-inserciones-reflectantes-en-hombros-y-espalda-para-hombre\/","og_site_name":"NOT IS NOT","article_publisher":"https:\/\/www.facebook.com\/notisnotofficial\/","article_modified_time":"2025-05-20T08:37:24+00:00","og_image":[{"width":721,"height":798,"url":"http:\/\/notisnot.com\/wp-content\/uploads\/2025\/02\/Captura-de-pantalla-2025-02-13-101741.png","type":"image\/png"}],"twitter_card":"summary_large_image","twitter_misc":{"Tiempo de lectura":"1 minuto"},"schema":{"@context":"https:\/\/schema.org","@graph":[{"@type":"WebPage","@id":"http:\/\/notisnot.com\/es\/tienda\/ropa-laboral\/industria\/jaquetas-industria\/jaquetas-softshell\/chaqueta-safe-con-inserciones-reflectantes-en-hombros-y-espalda-para-hombre\/","url":"http:\/\/notisnot.com\/es\/tienda\/ropa-laboral\/industria\/jaquetas-industria\/jaquetas-softshell\/chaqueta-safe-con-inserciones-reflectantes-en-hombros-y-espalda-para-hombre\/","name":"Chaqueta Safe con inserciones reflectantes para hombre - NOT IS NOT","isPartOf":{"@id":"https:\/\/notisnot.com\/#website"},"primaryImageOfPage":{"@id":"http:\/\/notisnot.com\/es\/tienda\/ropa-laboral\/industria\/jaquetas-industria\/jaquetas-softshell\/chaqueta-safe-con-inserciones-reflectantes-en-hombros-y-espalda-para-hombre\/#primaryimage"},"image":{"@id":"http:\/\/notisnot.com\/es\/tienda\/ropa-laboral\/industria\/jaquetas-industria\/jaquetas-softshell\/chaqueta-safe-con-inserciones-reflectantes-en-hombros-y-espalda-para-hombre\/#primaryimage"},"thumbnailUrl":"https:\/\/notisnot.com\/wp-content\/uploads\/2025\/02\/Captura-de-pantalla-2025-02-13-101741.png","datePublished":"2025-02-13T11:19:33+00:00","dateModified":"2025-05-20T08:37:24+00:00","breadcrumb":{"@id":"http:\/\/notisnot.com\/es\/tienda\/ropa-laboral\/industria\/jaquetas-industria\/jaquetas-softshell\/chaqueta-safe-con-inserciones-reflectantes-en-hombros-y-espalda-para-hombre\/#breadcrumb"},"inLanguage":"es","potentialAction":[{"@type":"ReadAction","target":["http:\/\/notisnot.com\/es\/tienda\/ropa-laboral\/industria\/jaquetas-industria\/jaquetas-softshell\/chaqueta-safe-con-inserciones-reflectantes-en-hombros-y-espalda-para-hombre\/"]}]},{"@type":"ImageObject","inLanguage":"es","@id":"http:\/\/notisnot.com\/es\/tienda\/ropa-laboral\/industria\/jaquetas-industria\/jaquetas-softshell\/chaqueta-safe-con-inserciones-reflectantes-en-hombros-y-espalda-para-hombre\/#primaryimage","url":"https:\/\/notisnot.com\/wp-content\/uploads\/2025\/02\/Captura-de-pantalla-2025-02-13-101741.png","contentUrl":"https:\/\/notisnot.com\/wp-content\/uploads\/2025\/02\/Captura-de-pantalla-2025-02-13-101741.png","width":721,"height":798},{"@type":"BreadcrumbList","@id":"http:\/\/notisnot.com\/es\/tienda\/ropa-laboral\/industria\/jaquetas-industria\/jaquetas-softshell\/chaqueta-safe-con-inserciones-reflectantes-en-hombros-y-espalda-para-hombre\/#breadcrumb","itemListElement":[{"@type":"ListItem","position":1,"name":"Home","item":"http:\/\/notisnot.com\/"},{"@type":"ListItem","position":2,"name":"Tienda","item":"http:\/\/notisnot.com\/tienda-woocomerce\/"},{"@type":"ListItem","position":3,"name":"Chaqueta Safe con inserciones reflectantes para hombre"}]},{"@type":"WebSite","@id":"https:\/\/notisnot.com\/#website","url":"https:\/\/notisnot.com\/","name":"NOT IS NOT","description":"","potentialAction":[{"@type":"SearchAction","target":{"@type":"EntryPoint","urlTemplate":"https:\/\/notisnot.com\/?s={search_term_string}"},"query-input":{"@type":"PropertyValueSpecification","valueRequired":true,"valueName":"search_term_string"}}],"inLanguage":"es"}]}},"_links":{"self":[{"href":"https:\/\/notisnot.com\/es\/wp-json\/wp\/v2\/product\/297006"}],"collection":[{"href":"https:\/\/notisnot.com\/es\/wp-json\/wp\/v2\/product"}],"about":[{"href":"https:\/\/notisnot.com\/es\/wp-json\/wp\/v2\/types\/product"}],"replies":[{"embeddable":true,"href":"https:\/\/notisnot.com\/es\/wp-json\/wp\/v2\/comments?post=297006"}],"wp:featuredmedia":[{"embeddable":true,"href":"https:\/\/notisnot.com\/es\/wp-json\/wp\/v2\/media\/297007"}],"wp:attachment":[{"href":"https:\/\/notisnot.com\/es\/wp-json\/wp\/v2\/media?parent=297006"}],"wp:term":[{"taxonomy":"product_cat","embeddable":true,"href":"https:\/\/notisnot.com\/es\/wp-json\/wp\/v2\/product_cat?post=297006"},{"taxonomy":"product_tag","embeddable":true,"href":"https:\/\/notisnot.com\/es\/wp-json\/wp\/v2\/product_tag?post=297006"}],"curies":[{"name":"wp","href":"https:\/\/api.w.org\/{rel}","templated":true}]}}