{"id":296980,"date":"2025-02-13T11:02:58","date_gmt":"2025-02-13T11:02:58","guid":{"rendered":"https:\/\/notisnot.com\/?post_type=product&#038;p=296980"},"modified":"2025-05-20T08:25:02","modified_gmt":"2025-05-20T08:25:02","slug":"chaqueta-tornado-para-mujer","status":"publish","type":"product","link":"https:\/\/notisnot.com\/es\/tienda\/ropa-laboral\/industria\/jaquetas-industria\/jaquetas-softshell\/chaqueta-tornado-para-mujer\/","title":{"rendered":"Chaqueta Tornado para mujer"},"content":{"rendered":"<p><img loading=\"lazy\" decoding=\"async\" class=\"alignnone size-medium wp-image-296981\" src=\"https:\/\/notisnot.com\/wp-content\/uploads\/2025\/02\/Captura-de-pantalla-2025-02-13-101608-303x385.png\" alt=\"\" width=\"303\" height=\"385\" srcset=\"https:\/\/notisnot.com\/wp-content\/uploads\/2025\/02\/Captura-de-pantalla-2025-02-13-101608-303x385.png 303w, https:\/\/notisnot.com\/wp-content\/uploads\/2025\/02\/Captura-de-pantalla-2025-02-13-101608-505x641.png 505w, https:\/\/notisnot.com\/wp-content\/uploads\/2025\/02\/Captura-de-pantalla-2025-02-13-101608-9x12.png 9w, https:\/\/notisnot.com\/wp-content\/uploads\/2025\/02\/Captura-de-pantalla-2025-02-13-101608-16x20.png 16w, https:\/\/notisnot.com\/wp-content\/uploads\/2025\/02\/Captura-de-pantalla-2025-02-13-101608-600x762.png 600w, https:\/\/notisnot.com\/wp-content\/uploads\/2025\/02\/Captura-de-pantalla-2025-02-13-101608-91x116.png 91w, https:\/\/notisnot.com\/wp-content\/uploads\/2025\/02\/Captura-de-pantalla-2025-02-13-101608.png 683w\" sizes=\"(max-width: 303px) 100vw, 303px\" \/> <img loading=\"lazy\" decoding=\"async\" class=\"alignnone size-medium wp-image-296982\" src=\"https:\/\/notisnot.com\/wp-content\/uploads\/2025\/02\/Captura-de-pantalla-2025-02-13-101617-303x410.png\" alt=\"\" width=\"303\" height=\"410\" srcset=\"https:\/\/notisnot.com\/wp-content\/uploads\/2025\/02\/Captura-de-pantalla-2025-02-13-101617-303x410.png 303w, https:\/\/notisnot.com\/wp-content\/uploads\/2025\/02\/Captura-de-pantalla-2025-02-13-101617-505x683.png 505w, https:\/\/notisnot.com\/wp-content\/uploads\/2025\/02\/Captura-de-pantalla-2025-02-13-101617-9x12.png 9w, https:\/\/notisnot.com\/wp-content\/uploads\/2025\/02\/Captura-de-pantalla-2025-02-13-101617-15x20.png 15w, https:\/\/notisnot.com\/wp-content\/uploads\/2025\/02\/Captura-de-pantalla-2025-02-13-101617-600x812.png 600w, https:\/\/notisnot.com\/wp-content\/uploads\/2025\/02\/Captura-de-pantalla-2025-02-13-101617-91x123.png 91w, https:\/\/notisnot.com\/wp-content\/uploads\/2025\/02\/Captura-de-pantalla-2025-02-13-101617.png 722w\" sizes=\"(max-width: 303px) 100vw, 303px\" \/> <img loading=\"lazy\" decoding=\"async\" class=\"alignnone size-medium wp-image-296983\" src=\"https:\/\/notisnot.com\/wp-content\/uploads\/2025\/02\/Captura-de-pantalla-2025-02-13-101624-303x328.png\" alt=\"\" width=\"303\" height=\"328\" srcset=\"https:\/\/notisnot.com\/wp-content\/uploads\/2025\/02\/Captura-de-pantalla-2025-02-13-101624-303x328.png 303w, https:\/\/notisnot.com\/wp-content\/uploads\/2025\/02\/Captura-de-pantalla-2025-02-13-101624-505x546.png 505w, https:\/\/notisnot.com\/wp-content\/uploads\/2025\/02\/Captura-de-pantalla-2025-02-13-101624-768x831.png 768w, https:\/\/notisnot.com\/wp-content\/uploads\/2025\/02\/Captura-de-pantalla-2025-02-13-101624-11x12.png 11w, https:\/\/notisnot.com\/wp-content\/uploads\/2025\/02\/Captura-de-pantalla-2025-02-13-101624-18x20.png 18w, https:\/\/notisnot.com\/wp-content\/uploads\/2025\/02\/Captura-de-pantalla-2025-02-13-101624-600x649.png 600w, https:\/\/notisnot.com\/wp-content\/uploads\/2025\/02\/Captura-de-pantalla-2025-02-13-101624-91x98.png 91w, https:\/\/notisnot.com\/wp-content\/uploads\/2025\/02\/Captura-de-pantalla-2025-02-13-101624.png 782w\" sizes=\"(max-width: 303px) 100vw, 303px\" \/> <img loading=\"lazy\" decoding=\"async\" class=\"alignnone size-medium wp-image-296984\" src=\"https:\/\/notisnot.com\/wp-content\/uploads\/2025\/02\/Captura-de-pantalla-2025-02-13-101633-303x371.png\" alt=\"\" width=\"303\" height=\"371\" srcset=\"https:\/\/notisnot.com\/wp-content\/uploads\/2025\/02\/Captura-de-pantalla-2025-02-13-101633-303x371.png 303w, https:\/\/notisnot.com\/wp-content\/uploads\/2025\/02\/Captura-de-pantalla-2025-02-13-101633-505x619.png 505w, https:\/\/notisnot.com\/wp-content\/uploads\/2025\/02\/Captura-de-pantalla-2025-02-13-101633-10x12.png 10w, https:\/\/notisnot.com\/wp-content\/uploads\/2025\/02\/Captura-de-pantalla-2025-02-13-101633-16x20.png 16w, https:\/\/notisnot.com\/wp-content\/uploads\/2025\/02\/Captura-de-pantalla-2025-02-13-101633-600x735.png 600w, https:\/\/notisnot.com\/wp-content\/uploads\/2025\/02\/Captura-de-pantalla-2025-02-13-101633-91x112.png 91w, https:\/\/notisnot.com\/wp-content\/uploads\/2025\/02\/Captura-de-pantalla-2025-02-13-101633.png 723w\" sizes=\"(max-width: 303px) 100vw, 303px\" \/> <img loading=\"lazy\" decoding=\"async\" class=\"alignnone size-medium wp-image-296985\" src=\"https:\/\/notisnot.com\/wp-content\/uploads\/2025\/02\/Captura-de-pantalla-2025-02-13-101640-303x359.png\" alt=\"\" width=\"303\" height=\"359\" srcset=\"https:\/\/notisnot.com\/wp-content\/uploads\/2025\/02\/Captura-de-pantalla-2025-02-13-101640-303x359.png 303w, https:\/\/notisnot.com\/wp-content\/uploads\/2025\/02\/Captura-de-pantalla-2025-02-13-101640-505x598.png 505w, https:\/\/notisnot.com\/wp-content\/uploads\/2025\/02\/Captura-de-pantalla-2025-02-13-101640-10x12.png 10w, https:\/\/notisnot.com\/wp-content\/uploads\/2025\/02\/Captura-de-pantalla-2025-02-13-101640-17x20.png 17w, https:\/\/notisnot.com\/wp-content\/uploads\/2025\/02\/Captura-de-pantalla-2025-02-13-101640-600x711.png 600w, https:\/\/notisnot.com\/wp-content\/uploads\/2025\/02\/Captura-de-pantalla-2025-02-13-101640-91x108.png 91w, https:\/\/notisnot.com\/wp-content\/uploads\/2025\/02\/Captura-de-pantalla-2025-02-13-101640.png 715w\" sizes=\"(max-width: 303px) 100vw, 303px\" \/> <img loading=\"lazy\" decoding=\"async\" class=\"alignnone size-medium wp-image-296986\" src=\"https:\/\/notisnot.com\/wp-content\/uploads\/2025\/02\/Captura-de-pantalla-2025-02-13-101650-303x378.png\" alt=\"\" width=\"303\" height=\"378\" srcset=\"https:\/\/notisnot.com\/wp-content\/uploads\/2025\/02\/Captura-de-pantalla-2025-02-13-101650-303x378.png 303w, https:\/\/notisnot.com\/wp-content\/uploads\/2025\/02\/Captura-de-pantalla-2025-02-13-101650-505x630.png 505w, https:\/\/notisnot.com\/wp-content\/uploads\/2025\/02\/Captura-de-pantalla-2025-02-13-101650-10x12.png 10w, https:\/\/notisnot.com\/wp-content\/uploads\/2025\/02\/Captura-de-pantalla-2025-02-13-101650-16x20.png 16w, https:\/\/notisnot.com\/wp-content\/uploads\/2025\/02\/Captura-de-pantalla-2025-02-13-101650-600x749.png 600w, https:\/\/notisnot.com\/wp-content\/uploads\/2025\/02\/Captura-de-pantalla-2025-02-13-101650-91x114.png 91w, https:\/\/notisnot.com\/wp-content\/uploads\/2025\/02\/Captura-de-pantalla-2025-02-13-101650.png 725w\" sizes=\"(max-width: 303px) 100vw, 303px\" \/><\/p>","protected":false},"excerpt":{"rendered":"<p>Chaqueta ergon\u00f3mica para mujer, mangas extra\u00edbles, cremallera de pl\u00e1stico de 8\u00a0mm con cursor met\u00e1lico, con tapeta y botones de pl\u00e1stico, capucha extra\u00edble o plegable en el cuello, pu\u00f1os ajustables, bandas reflectantes de color gris en la parte delantera y trasera, codos preformados, abertura lateral con fuelle y cremallera, nueve bolsillos exteriores, dos con LOCK SYSTEM, dos con cremallera y parte interior reforzada, uno con soporte plegable para tarjeta de identificaci\u00f3n reversible. Interior: acolchado, calentador de micro forro polar en la parte interior del cuello, espalda y zona lumbar, aplicaciones transpirables debajo del brazo, cord\u00f3n y cremallera interior para facilitar la impresi\u00f3n y el bordado.<\/p>","protected":false},"featured_media":296984,"comment_status":"open","ping_status":"closed","template":"","meta":{"_acf_changed":false},"product_cat":[407],"product_tag":[],"class_list":{"0":"post-296980","1":"product","2":"type-product","3":"status-publish","4":"has-post-thumbnail","6":"product_cat-jaquetas-softshell","7":"pa_color-azul-marino","8":"pa_color-azul-real","9":"pa_color-humo","10":"pa_color-negro","11":"pa_color-rojo","12":"pa_color-verde","13":"pa_tallaropa-s","14":"pa_tallaropa-m","15":"pa_tallaropa-l","17":"first","18":"instock","19":"taxable","20":"shipping-taxable","21":"purchasable","22":"product-type-variable"},"acf":[],"yoast_head":"<!-- This site is optimized with the Yoast SEO plugin v23.4 - https:\/\/yoast.com\/wordpress\/plugins\/seo\/ -->\n<title>Chaqueta Tornado para mujer - NOT IS NOT<\/title>\n<meta name=\"robots\" content=\"index, follow, max-snippet:-1, max-image-preview:large, max-video-preview:-1\" \/>\n<link rel=\"canonical\" href=\"http:\/\/notisnot.com\/es\/tienda\/ropa-laboral\/industria\/jaquetas-industria\/jaquetas-softshell\/chaqueta-tornado-para-mujer\/\" \/>\n<meta property=\"og:locale\" content=\"es_ES\" \/>\n<meta property=\"og:type\" content=\"article\" \/>\n<meta property=\"og:title\" content=\"Chaqueta Tornado para mujer - NOT IS NOT\" \/>\n<meta property=\"og:description\" content=\"Chaqueta ergon\u00f3mica para mujer, mangas extra\u00edbles, cremallera de pl\u00e1stico de 8\u00a0mm con cursor met\u00e1lico, con tapeta y botones de pl\u00e1stico, capucha extra\u00edble o plegable en el cuello, pu\u00f1os ajustables, bandas reflectantes de color gris en la parte delantera y trasera, codos preformados, abertura lateral con fuelle y cremallera, nueve bolsillos exteriores, dos con LOCK SYSTEM, dos con cremallera y parte interior reforzada, uno con soporte plegable para tarjeta de identificaci\u00f3n reversible. Interior: acolchado, calentador de micro forro polar en la parte interior del cuello, espalda y zona lumbar, aplicaciones transpirables debajo del brazo, cord\u00f3n y cremallera interior para facilitar la impresi\u00f3n y el bordado.\" \/>\n<meta property=\"og:url\" content=\"http:\/\/notisnot.com\/es\/tienda\/ropa-laboral\/industria\/jaquetas-industria\/jaquetas-softshell\/chaqueta-tornado-para-mujer\/\" \/>\n<meta property=\"og:site_name\" content=\"NOT IS NOT\" \/>\n<meta property=\"article:publisher\" content=\"https:\/\/www.facebook.com\/notisnotofficial\/\" \/>\n<meta property=\"article:modified_time\" content=\"2025-05-20T08:25:02+00:00\" \/>\n<meta property=\"og:image\" content=\"http:\/\/notisnot.com\/wp-content\/uploads\/2025\/02\/Captura-de-pantalla-2025-02-13-101633.png\" \/>\n\t<meta property=\"og:image:width\" content=\"723\" \/>\n\t<meta property=\"og:image:height\" content=\"886\" \/>\n\t<meta property=\"og:image:type\" content=\"image\/png\" \/>\n<meta name=\"twitter:card\" content=\"summary_large_image\" \/>\n<meta name=\"twitter:label1\" content=\"Tiempo de lectura\" \/>\n\t<meta name=\"twitter:data1\" content=\"2 minutos\" \/>\n<script type=\"application\/ld+json\" class=\"yoast-schema-graph\">{\"@context\":\"https:\/\/schema.org\",\"@graph\":[{\"@type\":\"WebPage\",\"@id\":\"http:\/\/notisnot.com\/es\/tienda\/ropa-laboral\/industria\/jaquetas-industria\/jaquetas-softshell\/chaqueta-tornado-para-mujer\/\",\"url\":\"http:\/\/notisnot.com\/es\/tienda\/ropa-laboral\/industria\/jaquetas-industria\/jaquetas-softshell\/chaqueta-tornado-para-mujer\/\",\"name\":\"Chaqueta Tornado para mujer - NOT IS NOT\",\"isPartOf\":{\"@id\":\"https:\/\/notisnot.com\/#website\"},\"primaryImageOfPage\":{\"@id\":\"http:\/\/notisnot.com\/es\/tienda\/ropa-laboral\/industria\/jaquetas-industria\/jaquetas-softshell\/chaqueta-tornado-para-mujer\/#primaryimage\"},\"image\":{\"@id\":\"http:\/\/notisnot.com\/es\/tienda\/ropa-laboral\/industria\/jaquetas-industria\/jaquetas-softshell\/chaqueta-tornado-para-mujer\/#primaryimage\"},\"thumbnailUrl\":\"https:\/\/notisnot.com\/wp-content\/uploads\/2025\/02\/Captura-de-pantalla-2025-02-13-101633.png\",\"datePublished\":\"2025-02-13T11:02:58+00:00\",\"dateModified\":\"2025-05-20T08:25:02+00:00\",\"breadcrumb\":{\"@id\":\"http:\/\/notisnot.com\/es\/tienda\/ropa-laboral\/industria\/jaquetas-industria\/jaquetas-softshell\/chaqueta-tornado-para-mujer\/#breadcrumb\"},\"inLanguage\":\"es\",\"potentialAction\":[{\"@type\":\"ReadAction\",\"target\":[\"http:\/\/notisnot.com\/es\/tienda\/ropa-laboral\/industria\/jaquetas-industria\/jaquetas-softshell\/chaqueta-tornado-para-mujer\/\"]}]},{\"@type\":\"ImageObject\",\"inLanguage\":\"es\",\"@id\":\"http:\/\/notisnot.com\/es\/tienda\/ropa-laboral\/industria\/jaquetas-industria\/jaquetas-softshell\/chaqueta-tornado-para-mujer\/#primaryimage\",\"url\":\"https:\/\/notisnot.com\/wp-content\/uploads\/2025\/02\/Captura-de-pantalla-2025-02-13-101633.png\",\"contentUrl\":\"https:\/\/notisnot.com\/wp-content\/uploads\/2025\/02\/Captura-de-pantalla-2025-02-13-101633.png\",\"width\":723,\"height\":886},{\"@type\":\"BreadcrumbList\",\"@id\":\"http:\/\/notisnot.com\/es\/tienda\/ropa-laboral\/industria\/jaquetas-industria\/jaquetas-softshell\/chaqueta-tornado-para-mujer\/#breadcrumb\",\"itemListElement\":[{\"@type\":\"ListItem\",\"position\":1,\"name\":\"Home\",\"item\":\"http:\/\/notisnot.com\/\"},{\"@type\":\"ListItem\",\"position\":2,\"name\":\"Tienda\",\"item\":\"http:\/\/notisnot.com\/tienda-woocomerce\/\"},{\"@type\":\"ListItem\",\"position\":3,\"name\":\"Chaqueta Tornado para mujer\"}]},{\"@type\":\"WebSite\",\"@id\":\"https:\/\/notisnot.com\/#website\",\"url\":\"https:\/\/notisnot.com\/\",\"name\":\"NOT IS NOT\",\"description\":\"\",\"potentialAction\":[{\"@type\":\"SearchAction\",\"target\":{\"@type\":\"EntryPoint\",\"urlTemplate\":\"https:\/\/notisnot.com\/?s={search_term_string}\"},\"query-input\":{\"@type\":\"PropertyValueSpecification\",\"valueRequired\":true,\"valueName\":\"search_term_string\"}}],\"inLanguage\":\"es\"}]}<\/script>\n<!-- \/ Yoast SEO plugin. -->","yoast_head_json":{"title":"Chaqueta Tornado para mujer - NOT IS NOT","robots":{"index":"index","follow":"follow","max-snippet":"max-snippet:-1","max-image-preview":"max-image-preview:large","max-video-preview":"max-video-preview:-1"},"canonical":"http:\/\/notisnot.com\/es\/tienda\/ropa-laboral\/industria\/jaquetas-industria\/jaquetas-softshell\/chaqueta-tornado-para-mujer\/","og_locale":"es_ES","og_type":"article","og_title":"Chaqueta Tornado para mujer - NOT IS NOT","og_description":"Chaqueta ergon\u00f3mica para mujer, mangas extra\u00edbles, cremallera de pl\u00e1stico de 8\u00a0mm con cursor met\u00e1lico, con tapeta y botones de pl\u00e1stico, capucha extra\u00edble o plegable en el cuello, pu\u00f1os ajustables, bandas reflectantes de color gris en la parte delantera y trasera, codos preformados, abertura lateral con fuelle y cremallera, nueve bolsillos exteriores, dos con LOCK SYSTEM, dos con cremallera y parte interior reforzada, uno con soporte plegable para tarjeta de identificaci\u00f3n reversible. Interior: acolchado, calentador de micro forro polar en la parte interior del cuello, espalda y zona lumbar, aplicaciones transpirables debajo del brazo, cord\u00f3n y cremallera interior para facilitar la impresi\u00f3n y el bordado.","og_url":"http:\/\/notisnot.com\/es\/tienda\/ropa-laboral\/industria\/jaquetas-industria\/jaquetas-softshell\/chaqueta-tornado-para-mujer\/","og_site_name":"NOT IS NOT","article_publisher":"https:\/\/www.facebook.com\/notisnotofficial\/","article_modified_time":"2025-05-20T08:25:02+00:00","og_image":[{"width":723,"height":886,"url":"http:\/\/notisnot.com\/wp-content\/uploads\/2025\/02\/Captura-de-pantalla-2025-02-13-101633.png","type":"image\/png"}],"twitter_card":"summary_large_image","twitter_misc":{"Tiempo de lectura":"2 minutos"},"schema":{"@context":"https:\/\/schema.org","@graph":[{"@type":"WebPage","@id":"http:\/\/notisnot.com\/es\/tienda\/ropa-laboral\/industria\/jaquetas-industria\/jaquetas-softshell\/chaqueta-tornado-para-mujer\/","url":"http:\/\/notisnot.com\/es\/tienda\/ropa-laboral\/industria\/jaquetas-industria\/jaquetas-softshell\/chaqueta-tornado-para-mujer\/","name":"Chaqueta Tornado para mujer - NOT IS NOT","isPartOf":{"@id":"https:\/\/notisnot.com\/#website"},"primaryImageOfPage":{"@id":"http:\/\/notisnot.com\/es\/tienda\/ropa-laboral\/industria\/jaquetas-industria\/jaquetas-softshell\/chaqueta-tornado-para-mujer\/#primaryimage"},"image":{"@id":"http:\/\/notisnot.com\/es\/tienda\/ropa-laboral\/industria\/jaquetas-industria\/jaquetas-softshell\/chaqueta-tornado-para-mujer\/#primaryimage"},"thumbnailUrl":"https:\/\/notisnot.com\/wp-content\/uploads\/2025\/02\/Captura-de-pantalla-2025-02-13-101633.png","datePublished":"2025-02-13T11:02:58+00:00","dateModified":"2025-05-20T08:25:02+00:00","breadcrumb":{"@id":"http:\/\/notisnot.com\/es\/tienda\/ropa-laboral\/industria\/jaquetas-industria\/jaquetas-softshell\/chaqueta-tornado-para-mujer\/#breadcrumb"},"inLanguage":"es","potentialAction":[{"@type":"ReadAction","target":["http:\/\/notisnot.com\/es\/tienda\/ropa-laboral\/industria\/jaquetas-industria\/jaquetas-softshell\/chaqueta-tornado-para-mujer\/"]}]},{"@type":"ImageObject","inLanguage":"es","@id":"http:\/\/notisnot.com\/es\/tienda\/ropa-laboral\/industria\/jaquetas-industria\/jaquetas-softshell\/chaqueta-tornado-para-mujer\/#primaryimage","url":"https:\/\/notisnot.com\/wp-content\/uploads\/2025\/02\/Captura-de-pantalla-2025-02-13-101633.png","contentUrl":"https:\/\/notisnot.com\/wp-content\/uploads\/2025\/02\/Captura-de-pantalla-2025-02-13-101633.png","width":723,"height":886},{"@type":"BreadcrumbList","@id":"http:\/\/notisnot.com\/es\/tienda\/ropa-laboral\/industria\/jaquetas-industria\/jaquetas-softshell\/chaqueta-tornado-para-mujer\/#breadcrumb","itemListElement":[{"@type":"ListItem","position":1,"name":"Home","item":"http:\/\/notisnot.com\/"},{"@type":"ListItem","position":2,"name":"Tienda","item":"http:\/\/notisnot.com\/tienda-woocomerce\/"},{"@type":"ListItem","position":3,"name":"Chaqueta Tornado para mujer"}]},{"@type":"WebSite","@id":"https:\/\/notisnot.com\/#website","url":"https:\/\/notisnot.com\/","name":"NOT IS NOT","description":"","potentialAction":[{"@type":"SearchAction","target":{"@type":"EntryPoint","urlTemplate":"https:\/\/notisnot.com\/?s={search_term_string}"},"query-input":{"@type":"PropertyValueSpecification","valueRequired":true,"valueName":"search_term_string"}}],"inLanguage":"es"}]}},"_links":{"self":[{"href":"https:\/\/notisnot.com\/es\/wp-json\/wp\/v2\/product\/296980"}],"collection":[{"href":"https:\/\/notisnot.com\/es\/wp-json\/wp\/v2\/product"}],"about":[{"href":"https:\/\/notisnot.com\/es\/wp-json\/wp\/v2\/types\/product"}],"replies":[{"embeddable":true,"href":"https:\/\/notisnot.com\/es\/wp-json\/wp\/v2\/comments?post=296980"}],"wp:featuredmedia":[{"embeddable":true,"href":"https:\/\/notisnot.com\/es\/wp-json\/wp\/v2\/media\/296984"}],"wp:attachment":[{"href":"https:\/\/notisnot.com\/es\/wp-json\/wp\/v2\/media?parent=296980"}],"wp:term":[{"taxonomy":"product_cat","embeddable":true,"href":"https:\/\/notisnot.com\/es\/wp-json\/wp\/v2\/product_cat?post=296980"},{"taxonomy":"product_tag","embeddable":true,"href":"https:\/\/notisnot.com\/es\/wp-json\/wp\/v2\/product_tag?post=296980"}],"curies":[{"name":"wp","href":"https:\/\/api.w.org\/{rel}","templated":true}]}}