{"id":296419,"date":"2025-02-12T12:33:33","date_gmt":"2025-02-12T12:33:33","guid":{"rendered":"https:\/\/notisnot.com\/?post_type=product&#038;p=296419"},"modified":"2025-05-19T09:34:00","modified_gmt":"2025-05-19T09:34:00","slug":"polar-dolomiti-con-media-cremallera","status":"publish","type":"product","link":"https:\/\/notisnot.com\/es\/tienda\/ropa-laboral\/industria\/polars-industria\/polar-dolomiti-con-media-cremallera\/","title":{"rendered":"Polar Dolomiti con media cremallera"},"content":{"rendered":"<p><img loading=\"lazy\" decoding=\"async\" class=\"alignnone size-medium wp-image-296420\" src=\"https:\/\/notisnot.com\/wp-content\/uploads\/2025\/02\/Captura-de-pantalla-2025-02-12-125707-303x327.png\" alt=\"\" width=\"303\" height=\"327\" srcset=\"https:\/\/notisnot.com\/wp-content\/uploads\/2025\/02\/Captura-de-pantalla-2025-02-12-125707-303x327.png 303w, https:\/\/notisnot.com\/wp-content\/uploads\/2025\/02\/Captura-de-pantalla-2025-02-12-125707-505x545.png 505w, https:\/\/notisnot.com\/wp-content\/uploads\/2025\/02\/Captura-de-pantalla-2025-02-12-125707-768x829.png 768w, https:\/\/notisnot.com\/wp-content\/uploads\/2025\/02\/Captura-de-pantalla-2025-02-12-125707-11x12.png 11w, https:\/\/notisnot.com\/wp-content\/uploads\/2025\/02\/Captura-de-pantalla-2025-02-12-125707-600x648.png 600w, https:\/\/notisnot.com\/wp-content\/uploads\/2025\/02\/Captura-de-pantalla-2025-02-12-125707-91x98.png 91w, https:\/\/notisnot.com\/wp-content\/uploads\/2025\/02\/Captura-de-pantalla-2025-02-12-125707.png 863w\" sizes=\"(max-width: 303px) 100vw, 303px\" \/> <img loading=\"lazy\" decoding=\"async\" class=\"alignnone size-medium wp-image-296421\" src=\"https:\/\/notisnot.com\/wp-content\/uploads\/2025\/02\/Captura-de-pantalla-2025-02-12-125715-303x362.png\" alt=\"\" width=\"303\" height=\"362\" srcset=\"https:\/\/notisnot.com\/wp-content\/uploads\/2025\/02\/Captura-de-pantalla-2025-02-12-125715-303x362.png 303w, https:\/\/notisnot.com\/wp-content\/uploads\/2025\/02\/Captura-de-pantalla-2025-02-12-125715-505x604.png 505w, https:\/\/notisnot.com\/wp-content\/uploads\/2025\/02\/Captura-de-pantalla-2025-02-12-125715-10x12.png 10w, https:\/\/notisnot.com\/wp-content\/uploads\/2025\/02\/Captura-de-pantalla-2025-02-12-125715-17x20.png 17w, https:\/\/notisnot.com\/wp-content\/uploads\/2025\/02\/Captura-de-pantalla-2025-02-12-125715-600x717.png 600w, https:\/\/notisnot.com\/wp-content\/uploads\/2025\/02\/Captura-de-pantalla-2025-02-12-125715-91x109.png 91w, https:\/\/notisnot.com\/wp-content\/uploads\/2025\/02\/Captura-de-pantalla-2025-02-12-125715.png 715w\" sizes=\"(max-width: 303px) 100vw, 303px\" \/> <img loading=\"lazy\" decoding=\"async\" class=\"alignnone wp-image-296422\" src=\"https:\/\/notisnot.com\/wp-content\/uploads\/2025\/02\/Captura-de-pantalla-2025-02-12-125724-303x407.png\" alt=\"\" width=\"277\" height=\"372\" srcset=\"https:\/\/notisnot.com\/wp-content\/uploads\/2025\/02\/Captura-de-pantalla-2025-02-12-125724-303x407.png 303w, https:\/\/notisnot.com\/wp-content\/uploads\/2025\/02\/Captura-de-pantalla-2025-02-12-125724-505x678.png 505w, https:\/\/notisnot.com\/wp-content\/uploads\/2025\/02\/Captura-de-pantalla-2025-02-12-125724-9x12.png 9w, https:\/\/notisnot.com\/wp-content\/uploads\/2025\/02\/Captura-de-pantalla-2025-02-12-125724-15x20.png 15w, https:\/\/notisnot.com\/wp-content\/uploads\/2025\/02\/Captura-de-pantalla-2025-02-12-125724-600x806.png 600w, https:\/\/notisnot.com\/wp-content\/uploads\/2025\/02\/Captura-de-pantalla-2025-02-12-125724-91x122.png 91w, https:\/\/notisnot.com\/wp-content\/uploads\/2025\/02\/Captura-de-pantalla-2025-02-12-125724.png 645w\" sizes=\"(max-width: 277px) 100vw, 277px\" \/> <img loading=\"lazy\" decoding=\"async\" class=\"alignnone size-medium wp-image-296423\" src=\"https:\/\/notisnot.com\/wp-content\/uploads\/2025\/02\/Captura-de-pantalla-2025-02-12-125735-303x393.png\" alt=\"\" width=\"303\" height=\"393\" srcset=\"https:\/\/notisnot.com\/wp-content\/uploads\/2025\/02\/Captura-de-pantalla-2025-02-12-125735-303x393.png 303w, https:\/\/notisnot.com\/wp-content\/uploads\/2025\/02\/Captura-de-pantalla-2025-02-12-125735-505x655.png 505w, https:\/\/notisnot.com\/wp-content\/uploads\/2025\/02\/Captura-de-pantalla-2025-02-12-125735-9x12.png 9w, https:\/\/notisnot.com\/wp-content\/uploads\/2025\/02\/Captura-de-pantalla-2025-02-12-125735-15x20.png 15w, https:\/\/notisnot.com\/wp-content\/uploads\/2025\/02\/Captura-de-pantalla-2025-02-12-125735-600x779.png 600w, https:\/\/notisnot.com\/wp-content\/uploads\/2025\/02\/Captura-de-pantalla-2025-02-12-125735-91x118.png 91w, https:\/\/notisnot.com\/wp-content\/uploads\/2025\/02\/Captura-de-pantalla-2025-02-12-125735.png 689w\" sizes=\"(max-width: 303px) 100vw, 303px\" \/> <img loading=\"lazy\" decoding=\"async\" class=\"alignnone size-medium wp-image-296424\" src=\"https:\/\/notisnot.com\/wp-content\/uploads\/2025\/02\/Captura-de-pantalla-2025-02-12-125742-303x317.png\" alt=\"\" width=\"303\" height=\"317\" srcset=\"https:\/\/notisnot.com\/wp-content\/uploads\/2025\/02\/Captura-de-pantalla-2025-02-12-125742-303x317.png 303w, https:\/\/notisnot.com\/wp-content\/uploads\/2025\/02\/Captura-de-pantalla-2025-02-12-125742-505x528.png 505w, https:\/\/notisnot.com\/wp-content\/uploads\/2025\/02\/Captura-de-pantalla-2025-02-12-125742-768x804.png 768w, https:\/\/notisnot.com\/wp-content\/uploads\/2025\/02\/Captura-de-pantalla-2025-02-12-125742-11x12.png 11w, https:\/\/notisnot.com\/wp-content\/uploads\/2025\/02\/Captura-de-pantalla-2025-02-12-125742-20x20.png 20w, https:\/\/notisnot.com\/wp-content\/uploads\/2025\/02\/Captura-de-pantalla-2025-02-12-125742-600x628.png 600w, https:\/\/notisnot.com\/wp-content\/uploads\/2025\/02\/Captura-de-pantalla-2025-02-12-125742-91x95.png 91w, https:\/\/notisnot.com\/wp-content\/uploads\/2025\/02\/Captura-de-pantalla-2025-02-12-125742.png 840w\" sizes=\"(max-width: 303px) 100vw, 303px\" \/> <img loading=\"lazy\" decoding=\"async\" class=\"alignnone size-medium wp-image-296425\" src=\"https:\/\/notisnot.com\/wp-content\/uploads\/2025\/02\/Captura-de-pantalla-2025-02-12-125750-303x359.png\" alt=\"\" width=\"303\" height=\"359\" srcset=\"https:\/\/notisnot.com\/wp-content\/uploads\/2025\/02\/Captura-de-pantalla-2025-02-12-125750-303x359.png 303w, https:\/\/notisnot.com\/wp-content\/uploads\/2025\/02\/Captura-de-pantalla-2025-02-12-125750-505x599.png 505w, https:\/\/notisnot.com\/wp-content\/uploads\/2025\/02\/Captura-de-pantalla-2025-02-12-125750-10x12.png 10w, https:\/\/notisnot.com\/wp-content\/uploads\/2025\/02\/Captura-de-pantalla-2025-02-12-125750-17x20.png 17w, https:\/\/notisnot.com\/wp-content\/uploads\/2025\/02\/Captura-de-pantalla-2025-02-12-125750-600x712.png 600w, https:\/\/notisnot.com\/wp-content\/uploads\/2025\/02\/Captura-de-pantalla-2025-02-12-125750-91x108.png 91w, https:\/\/notisnot.com\/wp-content\/uploads\/2025\/02\/Captura-de-pantalla-2025-02-12-125750.png 767w\" sizes=\"(max-width: 303px) 100vw, 303px\" \/> <img loading=\"lazy\" decoding=\"async\" class=\"alignnone size-medium wp-image-296426\" src=\"https:\/\/notisnot.com\/wp-content\/uploads\/2025\/02\/Captura-de-pantalla-2025-02-12-125758-303x404.png\" alt=\"\" width=\"303\" height=\"404\" srcset=\"https:\/\/notisnot.com\/wp-content\/uploads\/2025\/02\/Captura-de-pantalla-2025-02-12-125758-303x404.png 303w, https:\/\/notisnot.com\/wp-content\/uploads\/2025\/02\/Captura-de-pantalla-2025-02-12-125758-505x674.png 505w, https:\/\/notisnot.com\/wp-content\/uploads\/2025\/02\/Captura-de-pantalla-2025-02-12-125758-9x12.png 9w, https:\/\/notisnot.com\/wp-content\/uploads\/2025\/02\/Captura-de-pantalla-2025-02-12-125758-15x20.png 15w, https:\/\/notisnot.com\/wp-content\/uploads\/2025\/02\/Captura-de-pantalla-2025-02-12-125758-600x801.png 600w, https:\/\/notisnot.com\/wp-content\/uploads\/2025\/02\/Captura-de-pantalla-2025-02-12-125758-91x121.png 91w, https:\/\/notisnot.com\/wp-content\/uploads\/2025\/02\/Captura-de-pantalla-2025-02-12-125758.png 654w\" sizes=\"(max-width: 303px) 100vw, 303px\" \/> <img loading=\"lazy\" decoding=\"async\" class=\"alignnone size-medium wp-image-296427\" src=\"https:\/\/notisnot.com\/wp-content\/uploads\/2025\/02\/Captura-de-pantalla-2025-02-12-125807-303x363.png\" alt=\"\" width=\"303\" height=\"363\" srcset=\"https:\/\/notisnot.com\/wp-content\/uploads\/2025\/02\/Captura-de-pantalla-2025-02-12-125807-303x363.png 303w, https:\/\/notisnot.com\/wp-content\/uploads\/2025\/02\/Captura-de-pantalla-2025-02-12-125807-505x606.png 505w, https:\/\/notisnot.com\/wp-content\/uploads\/2025\/02\/Captura-de-pantalla-2025-02-12-125807-10x12.png 10w, https:\/\/notisnot.com\/wp-content\/uploads\/2025\/02\/Captura-de-pantalla-2025-02-12-125807-17x20.png 17w, https:\/\/notisnot.com\/wp-content\/uploads\/2025\/02\/Captura-de-pantalla-2025-02-12-125807-600x720.png 600w, https:\/\/notisnot.com\/wp-content\/uploads\/2025\/02\/Captura-de-pantalla-2025-02-12-125807-91x109.png 91w, https:\/\/notisnot.com\/wp-content\/uploads\/2025\/02\/Captura-de-pantalla-2025-02-12-125807.png 732w\" sizes=\"(max-width: 303px) 100vw, 303px\" \/> <img loading=\"lazy\" decoding=\"async\" class=\"alignnone size-medium wp-image-296428\" src=\"https:\/\/notisnot.com\/wp-content\/uploads\/2025\/02\/Captura-de-pantalla-2025-02-12-125815-303x340.png\" alt=\"\" width=\"303\" height=\"340\" srcset=\"https:\/\/notisnot.com\/wp-content\/uploads\/2025\/02\/Captura-de-pantalla-2025-02-12-125815-303x340.png 303w, https:\/\/notisnot.com\/wp-content\/uploads\/2025\/02\/Captura-de-pantalla-2025-02-12-125815-505x566.png 505w, https:\/\/notisnot.com\/wp-content\/uploads\/2025\/02\/Captura-de-pantalla-2025-02-12-125815-768x861.png 768w, https:\/\/notisnot.com\/wp-content\/uploads\/2025\/02\/Captura-de-pantalla-2025-02-12-125815-11x12.png 11w, https:\/\/notisnot.com\/wp-content\/uploads\/2025\/02\/Captura-de-pantalla-2025-02-12-125815-18x20.png 18w, https:\/\/notisnot.com\/wp-content\/uploads\/2025\/02\/Captura-de-pantalla-2025-02-12-125815-600x673.png 600w, https:\/\/notisnot.com\/wp-content\/uploads\/2025\/02\/Captura-de-pantalla-2025-02-12-125815-91x102.png 91w, https:\/\/notisnot.com\/wp-content\/uploads\/2025\/02\/Captura-de-pantalla-2025-02-12-125815.png 792w\" sizes=\"(max-width: 303px) 100vw, 303px\" \/> <img loading=\"lazy\" decoding=\"async\" class=\"alignnone size-medium wp-image-296429\" src=\"https:\/\/notisnot.com\/wp-content\/uploads\/2025\/02\/Captura-de-pantalla-2025-02-12-125823-303x396.png\" alt=\"\" width=\"303\" height=\"396\" srcset=\"https:\/\/notisnot.com\/wp-content\/uploads\/2025\/02\/Captura-de-pantalla-2025-02-12-125823-303x396.png 303w, https:\/\/notisnot.com\/wp-content\/uploads\/2025\/02\/Captura-de-pantalla-2025-02-12-125823-505x659.png 505w, https:\/\/notisnot.com\/wp-content\/uploads\/2025\/02\/Captura-de-pantalla-2025-02-12-125823-9x12.png 9w, https:\/\/notisnot.com\/wp-content\/uploads\/2025\/02\/Captura-de-pantalla-2025-02-12-125823-15x20.png 15w, https:\/\/notisnot.com\/wp-content\/uploads\/2025\/02\/Captura-de-pantalla-2025-02-12-125823-600x783.png 600w, https:\/\/notisnot.com\/wp-content\/uploads\/2025\/02\/Captura-de-pantalla-2025-02-12-125823-91x119.png 91w, https:\/\/notisnot.com\/wp-content\/uploads\/2025\/02\/Captura-de-pantalla-2025-02-12-125823.png 684w\" sizes=\"(max-width: 303px) 100vw, 303px\" \/><\/p>","protected":false},"excerpt":{"rendered":"<p>Forro polar, con media cremallera de 8\u00a0mm de pl\u00e1stico negra, mangas rangl\u00e1n, cord\u00f3n ajustable en la cintura, pu\u00f1os el\u00e1sticos, dos bolsillos con cremallera oculta, un bolsillo delantero con cremallera, cuello con cinta de refuerzo de contraste, costuras reforzadas<\/p>","protected":false},"featured_media":296421,"comment_status":"open","ping_status":"closed","template":"","meta":{"_acf_changed":false},"product_cat":[273],"product_tag":[],"class_list":{"0":"post-296419","1":"product","2":"type-product","3":"status-publish","4":"has-post-thumbnail","6":"product_cat-polars-industria","7":"pa_color-amarillo","8":"pa_color-azul-marino","9":"pa_color-azul-real","10":"pa_color-blanco","11":"pa_color-camuflaje","12":"pa_color-gris-acero","13":"pa_color-naranja","14":"pa_color-negro","15":"pa_color-rojo","16":"pa_color-verde","17":"pa_tallaropa-xs","18":"pa_tallaropa-s","19":"pa_tallaropa-m","20":"pa_tallaropa-l","21":"pa_tallaropa-xl","22":"pa_tallaropa-xxl","23":"pa_tallaropa-3xl","24":"pa_tallaropa-4xl","25":"pa_tallaropa-5xl","27":"first","28":"instock","29":"taxable","30":"shipping-taxable","31":"purchasable","32":"product-type-variable"},"acf":[],"yoast_head":"<!-- This site is optimized with the Yoast SEO plugin v23.4 - https:\/\/yoast.com\/wordpress\/plugins\/seo\/ -->\n<title>Polar Dolomiti con media cremallera - NOT IS NOT<\/title>\n<meta name=\"robots\" content=\"index, follow, max-snippet:-1, max-image-preview:large, max-video-preview:-1\" \/>\n<link rel=\"canonical\" href=\"https:\/\/notisnot.com\/es\/tienda\/ropa-laboral\/industria\/polars-industria\/polar-dolomiti-con-media-cremallera\/\" \/>\n<meta property=\"og:locale\" content=\"es_ES\" \/>\n<meta property=\"og:type\" content=\"article\" \/>\n<meta property=\"og:title\" content=\"Polar Dolomiti con media cremallera - NOT IS NOT\" \/>\n<meta property=\"og:description\" content=\"Forro polar, con media cremallera de 8\u00a0mm de pl\u00e1stico negra, mangas rangl\u00e1n, cord\u00f3n ajustable en la cintura, pu\u00f1os el\u00e1sticos, dos bolsillos con cremallera oculta, un bolsillo delantero con cremallera, cuello con cinta de refuerzo de contraste, costuras reforzadas\" \/>\n<meta property=\"og:url\" content=\"https:\/\/notisnot.com\/es\/tienda\/ropa-laboral\/industria\/polars-industria\/polar-dolomiti-con-media-cremallera\/\" \/>\n<meta property=\"og:site_name\" content=\"NOT IS NOT\" \/>\n<meta property=\"article:publisher\" content=\"https:\/\/www.facebook.com\/notisnotofficial\/\" \/>\n<meta property=\"article:modified_time\" content=\"2025-05-19T09:34:00+00:00\" \/>\n<meta property=\"og:image\" content=\"https:\/\/notisnot.com\/wp-content\/uploads\/2025\/02\/Captura-de-pantalla-2025-02-12-125715.png\" \/>\n\t<meta property=\"og:image:width\" content=\"715\" \/>\n\t<meta property=\"og:image:height\" content=\"855\" \/>\n\t<meta property=\"og:image:type\" content=\"image\/png\" \/>\n<meta name=\"twitter:card\" content=\"summary_large_image\" \/>\n<meta name=\"twitter:label1\" content=\"Tiempo de lectura\" \/>\n\t<meta name=\"twitter:data1\" content=\"3 minutos\" \/>\n<script type=\"application\/ld+json\" class=\"yoast-schema-graph\">{\"@context\":\"https:\/\/schema.org\",\"@graph\":[{\"@type\":\"WebPage\",\"@id\":\"https:\/\/notisnot.com\/tienda\/ropa-laboral\/industria\/polars-industria\/polar-dolomiti-con-media-cremallera\/\",\"url\":\"https:\/\/notisnot.com\/tienda\/ropa-laboral\/industria\/polars-industria\/polar-dolomiti-con-media-cremallera\/\",\"name\":\"Polar Dolomiti con media cremallera - NOT IS NOT\",\"isPartOf\":{\"@id\":\"http:\/\/notisnot.com\/#website\"},\"primaryImageOfPage\":{\"@id\":\"https:\/\/notisnot.com\/tienda\/ropa-laboral\/industria\/polars-industria\/polar-dolomiti-con-media-cremallera\/#primaryimage\"},\"image\":{\"@id\":\"https:\/\/notisnot.com\/tienda\/ropa-laboral\/industria\/polars-industria\/polar-dolomiti-con-media-cremallera\/#primaryimage\"},\"thumbnailUrl\":\"https:\/\/notisnot.com\/wp-content\/uploads\/2025\/02\/Captura-de-pantalla-2025-02-12-125715.png\",\"datePublished\":\"2025-02-12T12:33:33+00:00\",\"dateModified\":\"2025-05-19T09:34:00+00:00\",\"breadcrumb\":{\"@id\":\"https:\/\/notisnot.com\/tienda\/ropa-laboral\/industria\/polars-industria\/polar-dolomiti-con-media-cremallera\/#breadcrumb\"},\"inLanguage\":\"es\",\"potentialAction\":[{\"@type\":\"ReadAction\",\"target\":[\"https:\/\/notisnot.com\/tienda\/ropa-laboral\/industria\/polars-industria\/polar-dolomiti-con-media-cremallera\/\"]}]},{\"@type\":\"ImageObject\",\"inLanguage\":\"es\",\"@id\":\"https:\/\/notisnot.com\/tienda\/ropa-laboral\/industria\/polars-industria\/polar-dolomiti-con-media-cremallera\/#primaryimage\",\"url\":\"https:\/\/notisnot.com\/wp-content\/uploads\/2025\/02\/Captura-de-pantalla-2025-02-12-125715.png\",\"contentUrl\":\"https:\/\/notisnot.com\/wp-content\/uploads\/2025\/02\/Captura-de-pantalla-2025-02-12-125715.png\",\"width\":715,\"height\":855},{\"@type\":\"BreadcrumbList\",\"@id\":\"https:\/\/notisnot.com\/tienda\/ropa-laboral\/industria\/polars-industria\/polar-dolomiti-con-media-cremallera\/#breadcrumb\",\"itemListElement\":[{\"@type\":\"ListItem\",\"position\":1,\"name\":\"Home\",\"item\":\"http:\/\/notisnot.com\/\"},{\"@type\":\"ListItem\",\"position\":2,\"name\":\"Tienda\",\"item\":\"https:\/\/notisnot.com\/es\/tienda-woocomerce\/\"},{\"@type\":\"ListItem\",\"position\":3,\"name\":\"Polar Dolomiti con media cremallera\"}]},{\"@type\":\"WebSite\",\"@id\":\"http:\/\/notisnot.com\/#website\",\"url\":\"http:\/\/notisnot.com\/\",\"name\":\"NOT IS NOT\",\"description\":\"\",\"potentialAction\":[{\"@type\":\"SearchAction\",\"target\":{\"@type\":\"EntryPoint\",\"urlTemplate\":\"http:\/\/notisnot.com\/?s={search_term_string}\"},\"query-input\":{\"@type\":\"PropertyValueSpecification\",\"valueRequired\":true,\"valueName\":\"search_term_string\"}}],\"inLanguage\":\"es\"}]}<\/script>\n<!-- \/ Yoast SEO plugin. -->","yoast_head_json":{"title":"Polar Dolomiti con media cremallera - NOT IS NOT","robots":{"index":"index","follow":"follow","max-snippet":"max-snippet:-1","max-image-preview":"max-image-preview:large","max-video-preview":"max-video-preview:-1"},"canonical":"https:\/\/notisnot.com\/es\/tienda\/ropa-laboral\/industria\/polars-industria\/polar-dolomiti-con-media-cremallera\/","og_locale":"es_ES","og_type":"article","og_title":"Polar Dolomiti con media cremallera - NOT IS NOT","og_description":"Forro polar, con media cremallera de 8\u00a0mm de pl\u00e1stico negra, mangas rangl\u00e1n, cord\u00f3n ajustable en la cintura, pu\u00f1os el\u00e1sticos, dos bolsillos con cremallera oculta, un bolsillo delantero con cremallera, cuello con cinta de refuerzo de contraste, costuras reforzadas","og_url":"https:\/\/notisnot.com\/es\/tienda\/ropa-laboral\/industria\/polars-industria\/polar-dolomiti-con-media-cremallera\/","og_site_name":"NOT IS NOT","article_publisher":"https:\/\/www.facebook.com\/notisnotofficial\/","article_modified_time":"2025-05-19T09:34:00+00:00","og_image":[{"width":715,"height":855,"url":"https:\/\/notisnot.com\/wp-content\/uploads\/2025\/02\/Captura-de-pantalla-2025-02-12-125715.png","type":"image\/png"}],"twitter_card":"summary_large_image","twitter_misc":{"Tiempo de lectura":"3 minutos"},"schema":{"@context":"https:\/\/schema.org","@graph":[{"@type":"WebPage","@id":"https:\/\/notisnot.com\/tienda\/ropa-laboral\/industria\/polars-industria\/polar-dolomiti-con-media-cremallera\/","url":"https:\/\/notisnot.com\/tienda\/ropa-laboral\/industria\/polars-industria\/polar-dolomiti-con-media-cremallera\/","name":"Polar Dolomiti con media cremallera - NOT IS NOT","isPartOf":{"@id":"http:\/\/notisnot.com\/#website"},"primaryImageOfPage":{"@id":"https:\/\/notisnot.com\/tienda\/ropa-laboral\/industria\/polars-industria\/polar-dolomiti-con-media-cremallera\/#primaryimage"},"image":{"@id":"https:\/\/notisnot.com\/tienda\/ropa-laboral\/industria\/polars-industria\/polar-dolomiti-con-media-cremallera\/#primaryimage"},"thumbnailUrl":"https:\/\/notisnot.com\/wp-content\/uploads\/2025\/02\/Captura-de-pantalla-2025-02-12-125715.png","datePublished":"2025-02-12T12:33:33+00:00","dateModified":"2025-05-19T09:34:00+00:00","breadcrumb":{"@id":"https:\/\/notisnot.com\/tienda\/ropa-laboral\/industria\/polars-industria\/polar-dolomiti-con-media-cremallera\/#breadcrumb"},"inLanguage":"es","potentialAction":[{"@type":"ReadAction","target":["https:\/\/notisnot.com\/tienda\/ropa-laboral\/industria\/polars-industria\/polar-dolomiti-con-media-cremallera\/"]}]},{"@type":"ImageObject","inLanguage":"es","@id":"https:\/\/notisnot.com\/tienda\/ropa-laboral\/industria\/polars-industria\/polar-dolomiti-con-media-cremallera\/#primaryimage","url":"https:\/\/notisnot.com\/wp-content\/uploads\/2025\/02\/Captura-de-pantalla-2025-02-12-125715.png","contentUrl":"https:\/\/notisnot.com\/wp-content\/uploads\/2025\/02\/Captura-de-pantalla-2025-02-12-125715.png","width":715,"height":855},{"@type":"BreadcrumbList","@id":"https:\/\/notisnot.com\/tienda\/ropa-laboral\/industria\/polars-industria\/polar-dolomiti-con-media-cremallera\/#breadcrumb","itemListElement":[{"@type":"ListItem","position":1,"name":"Home","item":"http:\/\/notisnot.com\/"},{"@type":"ListItem","position":2,"name":"Tienda","item":"https:\/\/notisnot.com\/es\/tienda-woocomerce\/"},{"@type":"ListItem","position":3,"name":"Polar Dolomiti con media cremallera"}]},{"@type":"WebSite","@id":"http:\/\/notisnot.com\/#website","url":"http:\/\/notisnot.com\/","name":"NOT IS NOT","description":"","potentialAction":[{"@type":"SearchAction","target":{"@type":"EntryPoint","urlTemplate":"http:\/\/notisnot.com\/?s={search_term_string}"},"query-input":{"@type":"PropertyValueSpecification","valueRequired":true,"valueName":"search_term_string"}}],"inLanguage":"es"}]}},"_links":{"self":[{"href":"https:\/\/notisnot.com\/es\/wp-json\/wp\/v2\/product\/296419"}],"collection":[{"href":"https:\/\/notisnot.com\/es\/wp-json\/wp\/v2\/product"}],"about":[{"href":"https:\/\/notisnot.com\/es\/wp-json\/wp\/v2\/types\/product"}],"replies":[{"embeddable":true,"href":"https:\/\/notisnot.com\/es\/wp-json\/wp\/v2\/comments?post=296419"}],"wp:featuredmedia":[{"embeddable":true,"href":"https:\/\/notisnot.com\/es\/wp-json\/wp\/v2\/media\/296421"}],"wp:attachment":[{"href":"https:\/\/notisnot.com\/es\/wp-json\/wp\/v2\/media?parent=296419"}],"wp:term":[{"taxonomy":"product_cat","embeddable":true,"href":"https:\/\/notisnot.com\/es\/wp-json\/wp\/v2\/product_cat?post=296419"},{"taxonomy":"product_tag","embeddable":true,"href":"https:\/\/notisnot.com\/es\/wp-json\/wp\/v2\/product_tag?post=296419"}],"curies":[{"name":"wp","href":"https:\/\/api.w.org\/{rel}","templated":true}]}}