{"id":290818,"date":"2025-01-21T11:47:53","date_gmt":"2025-01-21T11:47:53","guid":{"rendered":"https:\/\/notisnot.com\/?post_type=product&#038;p=290818"},"modified":"2026-02-12T15:44:50","modified_gmt":"2026-02-12T15:44:50","slug":"nobuk-mid-zapato-de-hombre-s3","status":"publish","type":"product","link":"https:\/\/notisnot.com\/es\/tienda\/ropa-laboral\/calzado\/calzado-2\/nobuk-mid-zapato-de-hombre-s3\/","title":{"rendered":"Nobuk Mid Zapato de Hombre S3"},"content":{"rendered":"<p><img loading=\"lazy\" decoding=\"async\" class=\"alignnone size-medium wp-image-314642\" src=\"https:\/\/notisnot.com\/wp-content\/uploads\/2025\/01\/Captura-de-pantalla-2025-04-24-120816-303x241.png\" alt=\"\" width=\"303\" height=\"241\" srcset=\"https:\/\/notisnot.com\/wp-content\/uploads\/2025\/01\/Captura-de-pantalla-2025-04-24-120816-303x241.png 303w, https:\/\/notisnot.com\/wp-content\/uploads\/2025\/01\/Captura-de-pantalla-2025-04-24-120816-15x12.png 15w, https:\/\/notisnot.com\/wp-content\/uploads\/2025\/01\/Captura-de-pantalla-2025-04-24-120816-20x16.png 20w, https:\/\/notisnot.com\/wp-content\/uploads\/2025\/01\/Captura-de-pantalla-2025-04-24-120816-91x72.png 91w, https:\/\/notisnot.com\/wp-content\/uploads\/2025\/01\/Captura-de-pantalla-2025-04-24-120816.png 458w\" sizes=\"(max-width: 303px) 100vw, 303px\" \/> <img loading=\"lazy\" decoding=\"async\" class=\"alignnone size-medium wp-image-314643\" src=\"https:\/\/notisnot.com\/wp-content\/uploads\/2025\/01\/Captura-de-pantalla-2025-04-24-120824-303x193.png\" alt=\"\" width=\"303\" height=\"193\" srcset=\"https:\/\/notisnot.com\/wp-content\/uploads\/2025\/01\/Captura-de-pantalla-2025-04-24-120824-303x193.png 303w, https:\/\/notisnot.com\/wp-content\/uploads\/2025\/01\/Captura-de-pantalla-2025-04-24-120824-505x321.png 505w, https:\/\/notisnot.com\/wp-content\/uploads\/2025\/01\/Captura-de-pantalla-2025-04-24-120824-18x12.png 18w, https:\/\/notisnot.com\/wp-content\/uploads\/2025\/01\/Captura-de-pantalla-2025-04-24-120824-20x13.png 20w, https:\/\/notisnot.com\/wp-content\/uploads\/2025\/01\/Captura-de-pantalla-2025-04-24-120824-91x58.png 91w, https:\/\/notisnot.com\/wp-content\/uploads\/2025\/01\/Captura-de-pantalla-2025-04-24-120824.png 549w\" sizes=\"(max-width: 303px) 100vw, 303px\" \/> <img loading=\"lazy\" decoding=\"async\" class=\"alignnone size-medium wp-image-314644\" src=\"https:\/\/notisnot.com\/wp-content\/uploads\/2025\/01\/Captura-de-pantalla-2025-04-24-120837-303x204.png\" alt=\"\" width=\"303\" height=\"204\" srcset=\"https:\/\/notisnot.com\/wp-content\/uploads\/2025\/01\/Captura-de-pantalla-2025-04-24-120837-303x204.png 303w, https:\/\/notisnot.com\/wp-content\/uploads\/2025\/01\/Captura-de-pantalla-2025-04-24-120837-18x12.png 18w, https:\/\/notisnot.com\/wp-content\/uploads\/2025\/01\/Captura-de-pantalla-2025-04-24-120837-20x13.png 20w, https:\/\/notisnot.com\/wp-content\/uploads\/2025\/01\/Captura-de-pantalla-2025-04-24-120837-91x61.png 91w, https:\/\/notisnot.com\/wp-content\/uploads\/2025\/01\/Captura-de-pantalla-2025-04-24-120837.png 439w\" sizes=\"(max-width: 303px) 100vw, 303px\" \/> <img loading=\"lazy\" decoding=\"async\" class=\"alignnone size-medium wp-image-314645\" src=\"https:\/\/notisnot.com\/wp-content\/uploads\/2025\/01\/Captura-de-pantalla-2025-04-24-120845-303x208.png\" alt=\"\" width=\"303\" height=\"208\" srcset=\"https:\/\/notisnot.com\/wp-content\/uploads\/2025\/01\/Captura-de-pantalla-2025-04-24-120845-303x208.png 303w, https:\/\/notisnot.com\/wp-content\/uploads\/2025\/01\/Captura-de-pantalla-2025-04-24-120845-18x12.png 18w, https:\/\/notisnot.com\/wp-content\/uploads\/2025\/01\/Captura-de-pantalla-2025-04-24-120845-20x14.png 20w, https:\/\/notisnot.com\/wp-content\/uploads\/2025\/01\/Captura-de-pantalla-2025-04-24-120845-91x62.png 91w, https:\/\/notisnot.com\/wp-content\/uploads\/2025\/01\/Captura-de-pantalla-2025-04-24-120845.png 436w\" sizes=\"(max-width: 303px) 100vw, 303px\" \/> <img loading=\"lazy\" decoding=\"async\" class=\"alignnone size-medium wp-image-314646\" src=\"https:\/\/notisnot.com\/wp-content\/uploads\/2025\/01\/Captura-de-pantalla-2025-04-24-120902-303x233.png\" alt=\"\" width=\"303\" height=\"233\" srcset=\"https:\/\/notisnot.com\/wp-content\/uploads\/2025\/01\/Captura-de-pantalla-2025-04-24-120902-303x233.png 303w, https:\/\/notisnot.com\/wp-content\/uploads\/2025\/01\/Captura-de-pantalla-2025-04-24-120902-16x12.png 16w, https:\/\/notisnot.com\/wp-content\/uploads\/2025\/01\/Captura-de-pantalla-2025-04-24-120902-20x15.png 20w, https:\/\/notisnot.com\/wp-content\/uploads\/2025\/01\/Captura-de-pantalla-2025-04-24-120902-91x70.png 91w, https:\/\/notisnot.com\/wp-content\/uploads\/2025\/01\/Captura-de-pantalla-2025-04-24-120902.png 447w\" sizes=\"(max-width: 303px) 100vw, 303px\" \/><\/p>","protected":false},"excerpt":{"rendered":"<p>Zapato de seguridad antiest\u00e1tico de altura media de hombre, pala de piel repelente al agua y transpirable, forro interior (en toda la superficie interna) transpirable y resistente a la abrasi\u00f3n, 8+8 ojales sin metal, protector de tac\u00f3n en grano t\u00e9cnico con inserci\u00f3n reflectante, puntera de aluminio moldeado a presi\u00f3n, plantilla extra\u00edble Ortholite X40 016, plantilla de l\u00e1mina textil certificada antiperforaci\u00f3n, cambrill\u00f3n antitorsi\u00f3n, base de la puntera con forma de herradura, entresuela de poliuretano ultraligero, amortiguador MASTER BALANCE en PU poli\u00e9ter de alta tenacidad y densidad equilibrada, suela XTRAIL GRIP en TPU con protector de tac\u00f3n y de punta.<\/p>","protected":false},"featured_media":314643,"comment_status":"open","ping_status":"closed","template":"","meta":{"_acf_changed":false},"product_cat":[196],"product_tag":[],"class_list":{"0":"post-290818","1":"product","2":"type-product","3":"status-publish","4":"has-post-thumbnail","6":"product_cat-calzado-2","7":"pa_color-amarillo-aspen","8":"pa_color-chocolate","9":"pa_color-humo","10":"pa_color-negro","11":"pa_color-rojo","12":"pa_tallaropa-618","13":"pa_tallaropa-468","14":"pa_tallaropa-619","15":"pa_tallaropa-469","16":"pa_tallaropa-620","17":"pa_tallaropa-470","18":"pa_tallaropa-621","19":"pa_tallaropa-471","20":"pa_tallaropa-710","21":"pa_tallaropa-472","23":"first","24":"instock","25":"taxable","26":"shipping-taxable","27":"purchasable","28":"product-type-variable"},"acf":[],"yoast_head":"<!-- This site is optimized with the Yoast SEO plugin v23.4 - https:\/\/yoast.com\/wordpress\/plugins\/seo\/ -->\n<title>Nobuk Mid Zapato de Hombre S3 - NOT IS NOT<\/title>\n<meta name=\"robots\" content=\"index, follow, max-snippet:-1, max-image-preview:large, max-video-preview:-1\" \/>\n<link rel=\"canonical\" href=\"https:\/\/notisnot.com\/es\/tienda\/ropa-laboral\/calzado\/calzado-2\/nobuk-mid-zapato-de-hombre-s3\/\" \/>\n<meta property=\"og:locale\" content=\"es_ES\" \/>\n<meta property=\"og:type\" content=\"article\" \/>\n<meta property=\"og:title\" content=\"Nobuk Mid Zapato de Hombre S3 - NOT IS NOT\" \/>\n<meta property=\"og:description\" content=\"Zapato de seguridad antiest\u00e1tico de altura media de hombre, pala de piel repelente al agua y transpirable, forro interior (en toda la superficie interna) transpirable y resistente a la abrasi\u00f3n, 8+8 ojales sin metal, protector de tac\u00f3n en grano t\u00e9cnico con inserci\u00f3n reflectante, puntera de aluminio moldeado a presi\u00f3n, plantilla extra\u00edble Ortholite X40 016, plantilla de l\u00e1mina textil certificada antiperforaci\u00f3n, cambrill\u00f3n antitorsi\u00f3n, base de la puntera con forma de herradura, entresuela de poliuretano ultraligero, amortiguador MASTER BALANCE en PU poli\u00e9ter de alta tenacidad y densidad equilibrada, suela XTRAIL GRIP en TPU con protector de tac\u00f3n y de punta.\" \/>\n<meta property=\"og:url\" content=\"https:\/\/notisnot.com\/es\/tienda\/ropa-laboral\/calzado\/calzado-2\/nobuk-mid-zapato-de-hombre-s3\/\" \/>\n<meta property=\"og:site_name\" content=\"NOT IS NOT\" \/>\n<meta property=\"article:publisher\" content=\"https:\/\/www.facebook.com\/notisnotofficial\/\" \/>\n<meta property=\"article:modified_time\" content=\"2026-02-12T15:44:50+00:00\" \/>\n<meta property=\"og:image\" content=\"https:\/\/notisnot.com\/wp-content\/uploads\/2025\/01\/Captura-de-pantalla-2025-04-24-120824.png\" \/>\n\t<meta property=\"og:image:width\" content=\"549\" \/>\n\t<meta property=\"og:image:height\" content=\"349\" \/>\n\t<meta property=\"og:image:type\" content=\"image\/png\" \/>\n<meta name=\"twitter:card\" content=\"summary_large_image\" \/>\n<meta name=\"twitter:label1\" content=\"Tiempo de lectura\" \/>\n\t<meta name=\"twitter:data1\" content=\"2 minutos\" \/>\n<script type=\"application\/ld+json\" class=\"yoast-schema-graph\">{\"@context\":\"https:\/\/schema.org\",\"@graph\":[{\"@type\":\"WebPage\",\"@id\":\"https:\/\/notisnot.com\/tienda\/ropa-laboral\/calzado\/calzado-2\/nobuk-mid-zapato-de-hombre-s3\/\",\"url\":\"https:\/\/notisnot.com\/tienda\/ropa-laboral\/calzado\/calzado-2\/nobuk-mid-zapato-de-hombre-s3\/\",\"name\":\"Nobuk Mid Zapato de Hombre S3 - NOT IS NOT\",\"isPartOf\":{\"@id\":\"http:\/\/notisnot.com\/#website\"},\"primaryImageOfPage\":{\"@id\":\"https:\/\/notisnot.com\/tienda\/ropa-laboral\/calzado\/calzado-2\/nobuk-mid-zapato-de-hombre-s3\/#primaryimage\"},\"image\":{\"@id\":\"https:\/\/notisnot.com\/tienda\/ropa-laboral\/calzado\/calzado-2\/nobuk-mid-zapato-de-hombre-s3\/#primaryimage\"},\"thumbnailUrl\":\"https:\/\/notisnot.com\/wp-content\/uploads\/2025\/01\/Captura-de-pantalla-2025-04-24-120824.png\",\"datePublished\":\"2025-01-21T11:47:53+00:00\",\"dateModified\":\"2026-02-12T15:44:50+00:00\",\"breadcrumb\":{\"@id\":\"https:\/\/notisnot.com\/tienda\/ropa-laboral\/calzado\/calzado-2\/nobuk-mid-zapato-de-hombre-s3\/#breadcrumb\"},\"inLanguage\":\"es\",\"potentialAction\":[{\"@type\":\"ReadAction\",\"target\":[\"https:\/\/notisnot.com\/tienda\/ropa-laboral\/calzado\/calzado-2\/nobuk-mid-zapato-de-hombre-s3\/\"]}]},{\"@type\":\"ImageObject\",\"inLanguage\":\"es\",\"@id\":\"https:\/\/notisnot.com\/tienda\/ropa-laboral\/calzado\/calzado-2\/nobuk-mid-zapato-de-hombre-s3\/#primaryimage\",\"url\":\"https:\/\/notisnot.com\/wp-content\/uploads\/2025\/01\/Captura-de-pantalla-2025-04-24-120824.png\",\"contentUrl\":\"https:\/\/notisnot.com\/wp-content\/uploads\/2025\/01\/Captura-de-pantalla-2025-04-24-120824.png\",\"width\":549,\"height\":349},{\"@type\":\"BreadcrumbList\",\"@id\":\"https:\/\/notisnot.com\/tienda\/ropa-laboral\/calzado\/calzado-2\/nobuk-mid-zapato-de-hombre-s3\/#breadcrumb\",\"itemListElement\":[{\"@type\":\"ListItem\",\"position\":1,\"name\":\"Home\",\"item\":\"http:\/\/notisnot.com\/\"},{\"@type\":\"ListItem\",\"position\":2,\"name\":\"Tienda\",\"item\":\"https:\/\/notisnot.com\/es\/tienda-woocomerce\/\"},{\"@type\":\"ListItem\",\"position\":3,\"name\":\"Nobuk Mid Zapato de Hombre S3\"}]},{\"@type\":\"WebSite\",\"@id\":\"http:\/\/notisnot.com\/#website\",\"url\":\"http:\/\/notisnot.com\/\",\"name\":\"NOT IS NOT\",\"description\":\"\",\"potentialAction\":[{\"@type\":\"SearchAction\",\"target\":{\"@type\":\"EntryPoint\",\"urlTemplate\":\"http:\/\/notisnot.com\/?s={search_term_string}\"},\"query-input\":{\"@type\":\"PropertyValueSpecification\",\"valueRequired\":true,\"valueName\":\"search_term_string\"}}],\"inLanguage\":\"es\"}]}<\/script>\n<!-- \/ Yoast SEO plugin. -->","yoast_head_json":{"title":"Nobuk Mid Zapato de Hombre S3 - NOT IS NOT","robots":{"index":"index","follow":"follow","max-snippet":"max-snippet:-1","max-image-preview":"max-image-preview:large","max-video-preview":"max-video-preview:-1"},"canonical":"https:\/\/notisnot.com\/es\/tienda\/ropa-laboral\/calzado\/calzado-2\/nobuk-mid-zapato-de-hombre-s3\/","og_locale":"es_ES","og_type":"article","og_title":"Nobuk Mid Zapato de Hombre S3 - NOT IS NOT","og_description":"Zapato de seguridad antiest\u00e1tico de altura media de hombre, pala de piel repelente al agua y transpirable, forro interior (en toda la superficie interna) transpirable y resistente a la abrasi\u00f3n, 8+8 ojales sin metal, protector de tac\u00f3n en grano t\u00e9cnico con inserci\u00f3n reflectante, puntera de aluminio moldeado a presi\u00f3n, plantilla extra\u00edble Ortholite X40 016, plantilla de l\u00e1mina textil certificada antiperforaci\u00f3n, cambrill\u00f3n antitorsi\u00f3n, base de la puntera con forma de herradura, entresuela de poliuretano ultraligero, amortiguador MASTER BALANCE en PU poli\u00e9ter de alta tenacidad y densidad equilibrada, suela XTRAIL GRIP en TPU con protector de tac\u00f3n y de punta.","og_url":"https:\/\/notisnot.com\/es\/tienda\/ropa-laboral\/calzado\/calzado-2\/nobuk-mid-zapato-de-hombre-s3\/","og_site_name":"NOT IS NOT","article_publisher":"https:\/\/www.facebook.com\/notisnotofficial\/","article_modified_time":"2026-02-12T15:44:50+00:00","og_image":[{"width":549,"height":349,"url":"https:\/\/notisnot.com\/wp-content\/uploads\/2025\/01\/Captura-de-pantalla-2025-04-24-120824.png","type":"image\/png"}],"twitter_card":"summary_large_image","twitter_misc":{"Tiempo de lectura":"2 minutos"},"schema":{"@context":"https:\/\/schema.org","@graph":[{"@type":"WebPage","@id":"https:\/\/notisnot.com\/tienda\/ropa-laboral\/calzado\/calzado-2\/nobuk-mid-zapato-de-hombre-s3\/","url":"https:\/\/notisnot.com\/tienda\/ropa-laboral\/calzado\/calzado-2\/nobuk-mid-zapato-de-hombre-s3\/","name":"Nobuk Mid Zapato de Hombre S3 - NOT IS NOT","isPartOf":{"@id":"http:\/\/notisnot.com\/#website"},"primaryImageOfPage":{"@id":"https:\/\/notisnot.com\/tienda\/ropa-laboral\/calzado\/calzado-2\/nobuk-mid-zapato-de-hombre-s3\/#primaryimage"},"image":{"@id":"https:\/\/notisnot.com\/tienda\/ropa-laboral\/calzado\/calzado-2\/nobuk-mid-zapato-de-hombre-s3\/#primaryimage"},"thumbnailUrl":"https:\/\/notisnot.com\/wp-content\/uploads\/2025\/01\/Captura-de-pantalla-2025-04-24-120824.png","datePublished":"2025-01-21T11:47:53+00:00","dateModified":"2026-02-12T15:44:50+00:00","breadcrumb":{"@id":"https:\/\/notisnot.com\/tienda\/ropa-laboral\/calzado\/calzado-2\/nobuk-mid-zapato-de-hombre-s3\/#breadcrumb"},"inLanguage":"es","potentialAction":[{"@type":"ReadAction","target":["https:\/\/notisnot.com\/tienda\/ropa-laboral\/calzado\/calzado-2\/nobuk-mid-zapato-de-hombre-s3\/"]}]},{"@type":"ImageObject","inLanguage":"es","@id":"https:\/\/notisnot.com\/tienda\/ropa-laboral\/calzado\/calzado-2\/nobuk-mid-zapato-de-hombre-s3\/#primaryimage","url":"https:\/\/notisnot.com\/wp-content\/uploads\/2025\/01\/Captura-de-pantalla-2025-04-24-120824.png","contentUrl":"https:\/\/notisnot.com\/wp-content\/uploads\/2025\/01\/Captura-de-pantalla-2025-04-24-120824.png","width":549,"height":349},{"@type":"BreadcrumbList","@id":"https:\/\/notisnot.com\/tienda\/ropa-laboral\/calzado\/calzado-2\/nobuk-mid-zapato-de-hombre-s3\/#breadcrumb","itemListElement":[{"@type":"ListItem","position":1,"name":"Home","item":"http:\/\/notisnot.com\/"},{"@type":"ListItem","position":2,"name":"Tienda","item":"https:\/\/notisnot.com\/es\/tienda-woocomerce\/"},{"@type":"ListItem","position":3,"name":"Nobuk Mid Zapato de Hombre S3"}]},{"@type":"WebSite","@id":"http:\/\/notisnot.com\/#website","url":"http:\/\/notisnot.com\/","name":"NOT IS NOT","description":"","potentialAction":[{"@type":"SearchAction","target":{"@type":"EntryPoint","urlTemplate":"http:\/\/notisnot.com\/?s={search_term_string}"},"query-input":{"@type":"PropertyValueSpecification","valueRequired":true,"valueName":"search_term_string"}}],"inLanguage":"es"}]}},"_links":{"self":[{"href":"https:\/\/notisnot.com\/es\/wp-json\/wp\/v2\/product\/290818"}],"collection":[{"href":"https:\/\/notisnot.com\/es\/wp-json\/wp\/v2\/product"}],"about":[{"href":"https:\/\/notisnot.com\/es\/wp-json\/wp\/v2\/types\/product"}],"replies":[{"embeddable":true,"href":"https:\/\/notisnot.com\/es\/wp-json\/wp\/v2\/comments?post=290818"}],"wp:featuredmedia":[{"embeddable":true,"href":"https:\/\/notisnot.com\/es\/wp-json\/wp\/v2\/media\/314643"}],"wp:attachment":[{"href":"https:\/\/notisnot.com\/es\/wp-json\/wp\/v2\/media?parent=290818"}],"wp:term":[{"taxonomy":"product_cat","embeddable":true,"href":"https:\/\/notisnot.com\/es\/wp-json\/wp\/v2\/product_cat?post=290818"},{"taxonomy":"product_tag","embeddable":true,"href":"https:\/\/notisnot.com\/es\/wp-json\/wp\/v2\/product_tag?post=290818"}],"curies":[{"name":"wp","href":"https:\/\/api.w.org\/{rel}","templated":true}]}}