{"id":290812,"date":"2025-01-21T11:41:11","date_gmt":"2025-01-21T11:41:11","guid":{"rendered":"https:\/\/notisnot.com\/?post_type=product&#038;p=290812"},"modified":"2026-02-10T16:38:48","modified_gmt":"2026-02-10T16:38:48","slug":"cuero-de-plena-flor-mid-zapato-de-hombre-s3","status":"publish","type":"product","link":"https:\/\/notisnot.com\/es\/tienda\/ropa-laboral\/calzado\/calzado-2\/cuero-de-plena-flor-mid-zapato-de-hombre-s3\/","title":{"rendered":"Cuero de Plena Flor mid Zapato de Hombre S3"},"content":{"rendered":"<p><img loading=\"lazy\" decoding=\"async\" class=\"alignnone size-medium wp-image-314631\" src=\"https:\/\/notisnot.com\/wp-content\/uploads\/2025\/01\/Captura-de-pantalla-2025-04-24-120153-303x207.png\" alt=\"\" width=\"303\" height=\"207\" srcset=\"https:\/\/notisnot.com\/wp-content\/uploads\/2025\/01\/Captura-de-pantalla-2025-04-24-120153-303x207.png 303w, https:\/\/notisnot.com\/wp-content\/uploads\/2025\/01\/Captura-de-pantalla-2025-04-24-120153-18x12.png 18w, https:\/\/notisnot.com\/wp-content\/uploads\/2025\/01\/Captura-de-pantalla-2025-04-24-120153-20x14.png 20w, https:\/\/notisnot.com\/wp-content\/uploads\/2025\/01\/Captura-de-pantalla-2025-04-24-120153-91x62.png 91w, https:\/\/notisnot.com\/wp-content\/uploads\/2025\/01\/Captura-de-pantalla-2025-04-24-120153.png 495w\" sizes=\"(max-width: 303px) 100vw, 303px\" \/> <img loading=\"lazy\" decoding=\"async\" class=\"alignnone size-medium wp-image-314632\" src=\"https:\/\/notisnot.com\/wp-content\/uploads\/2025\/01\/Captura-de-pantalla-2025-04-24-120204-303x219.png\" alt=\"\" width=\"303\" height=\"219\" srcset=\"https:\/\/notisnot.com\/wp-content\/uploads\/2025\/01\/Captura-de-pantalla-2025-04-24-120204-303x219.png 303w, https:\/\/notisnot.com\/wp-content\/uploads\/2025\/01\/Captura-de-pantalla-2025-04-24-120204-18x12.png 18w, https:\/\/notisnot.com\/wp-content\/uploads\/2025\/01\/Captura-de-pantalla-2025-04-24-120204-20x14.png 20w, https:\/\/notisnot.com\/wp-content\/uploads\/2025\/01\/Captura-de-pantalla-2025-04-24-120204-91x66.png 91w, https:\/\/notisnot.com\/wp-content\/uploads\/2025\/01\/Captura-de-pantalla-2025-04-24-120204.png 423w\" sizes=\"(max-width: 303px) 100vw, 303px\" \/> <img loading=\"lazy\" decoding=\"async\" class=\"alignnone size-medium wp-image-314633\" src=\"https:\/\/notisnot.com\/wp-content\/uploads\/2025\/01\/Captura-de-pantalla-2025-04-24-120216-303x192.png\" alt=\"\" width=\"303\" height=\"192\" srcset=\"https:\/\/notisnot.com\/wp-content\/uploads\/2025\/01\/Captura-de-pantalla-2025-04-24-120216-303x192.png 303w, https:\/\/notisnot.com\/wp-content\/uploads\/2025\/01\/Captura-de-pantalla-2025-04-24-120216-505x320.png 505w, https:\/\/notisnot.com\/wp-content\/uploads\/2025\/01\/Captura-de-pantalla-2025-04-24-120216-18x12.png 18w, https:\/\/notisnot.com\/wp-content\/uploads\/2025\/01\/Captura-de-pantalla-2025-04-24-120216-20x13.png 20w, https:\/\/notisnot.com\/wp-content\/uploads\/2025\/01\/Captura-de-pantalla-2025-04-24-120216-91x58.png 91w, https:\/\/notisnot.com\/wp-content\/uploads\/2025\/01\/Captura-de-pantalla-2025-04-24-120216.png 541w\" sizes=\"(max-width: 303px) 100vw, 303px\" \/><\/p>","protected":false},"excerpt":{"rendered":"<p>Zapato de seguridad antiest\u00e1tico de altura media de hombre, pala de piel repelente al agua y transpirable, forro interior (en toda la superficie interna) transpirable y resistente a la abrasi\u00f3n, 8+8 ojales sin metal, protector de tac\u00f3n en grano t\u00e9cnico con inserci\u00f3n reflectante, puntera de aluminio moldeado a presi\u00f3n, plantilla extra\u00edble Ortholite X40 016, plantilla de l\u00e1mina textil certificada antiperforaci\u00f3n, cambrill\u00f3n antitorsi\u00f3n, base de la puntera con forma de herradura, entresuela de poliuretano ultraligero, amortiguador MASTER BALANCE en PU poli\u00e9ter de alta tenacidad y densidad equilibrada, suela XTRAIL GRIP en TPU con protector de tac\u00f3n y de punta.<\/p>","protected":false},"featured_media":314631,"comment_status":"open","ping_status":"closed","template":"","meta":{"_acf_changed":false},"product_cat":[196],"product_tag":[],"class_list":{"0":"post-290812","1":"product","2":"type-product","3":"status-publish","4":"has-post-thumbnail","6":"product_cat-calzado-2","7":"pa_color-negro","8":"pa_tallaropa-618","9":"pa_tallaropa-468","10":"pa_tallaropa-619","11":"pa_tallaropa-469","12":"pa_tallaropa-620","13":"pa_tallaropa-470","14":"pa_tallaropa-621","15":"pa_tallaropa-471","16":"pa_tallaropa-710","17":"pa_tallaropa-472","19":"first","20":"instock","21":"taxable","22":"shipping-taxable","23":"purchasable","24":"product-type-simple"},"acf":[],"yoast_head":"<!-- This site is optimized with the Yoast SEO plugin v23.4 - https:\/\/yoast.com\/wordpress\/plugins\/seo\/ -->\n<title>Cuero de Plena Flor mid Zapato de Hombre S3 - NOT IS NOT<\/title>\n<meta name=\"robots\" content=\"index, follow, max-snippet:-1, max-image-preview:large, max-video-preview:-1\" \/>\n<link rel=\"canonical\" href=\"https:\/\/notisnot.com\/es\/tienda\/ropa-laboral\/calzado\/calzado-2\/cuero-de-plena-flor-mid-zapato-de-hombre-s3\/\" \/>\n<meta property=\"og:locale\" content=\"es_ES\" \/>\n<meta property=\"og:type\" content=\"article\" \/>\n<meta property=\"og:title\" content=\"Cuero de Plena Flor mid Zapato de Hombre S3 - NOT IS NOT\" \/>\n<meta property=\"og:description\" content=\"Zapato de seguridad antiest\u00e1tico de altura media de hombre, pala de piel repelente al agua y transpirable, forro interior (en toda la superficie interna) transpirable y resistente a la abrasi\u00f3n, 8+8 ojales sin metal, protector de tac\u00f3n en grano t\u00e9cnico con inserci\u00f3n reflectante, puntera de aluminio moldeado a presi\u00f3n, plantilla extra\u00edble Ortholite X40 016, plantilla de l\u00e1mina textil certificada antiperforaci\u00f3n, cambrill\u00f3n antitorsi\u00f3n, base de la puntera con forma de herradura, entresuela de poliuretano ultraligero, amortiguador MASTER BALANCE en PU poli\u00e9ter de alta tenacidad y densidad equilibrada, suela XTRAIL GRIP en TPU con protector de tac\u00f3n y de punta.\" \/>\n<meta property=\"og:url\" content=\"https:\/\/notisnot.com\/es\/tienda\/ropa-laboral\/calzado\/calzado-2\/cuero-de-plena-flor-mid-zapato-de-hombre-s3\/\" \/>\n<meta property=\"og:site_name\" content=\"NOT IS NOT\" \/>\n<meta property=\"article:publisher\" content=\"https:\/\/www.facebook.com\/notisnotofficial\/\" \/>\n<meta property=\"article:modified_time\" content=\"2026-02-10T16:38:48+00:00\" \/>\n<meta property=\"og:image\" content=\"https:\/\/notisnot.com\/wp-content\/uploads\/2025\/01\/Captura-de-pantalla-2025-04-24-120153.png\" \/>\n\t<meta property=\"og:image:width\" content=\"495\" \/>\n\t<meta property=\"og:image:height\" content=\"338\" \/>\n\t<meta property=\"og:image:type\" content=\"image\/png\" \/>\n<meta name=\"twitter:card\" content=\"summary_large_image\" \/>\n<meta name=\"twitter:label1\" content=\"Tiempo de lectura\" \/>\n\t<meta name=\"twitter:data1\" content=\"1 minuto\" \/>\n<script type=\"application\/ld+json\" class=\"yoast-schema-graph\">{\"@context\":\"https:\/\/schema.org\",\"@graph\":[{\"@type\":\"WebPage\",\"@id\":\"https:\/\/notisnot.com\/tienda\/ropa-laboral\/calzado\/calzado-2\/cuero-de-plena-flor-mid-zapato-de-hombre-s3\/\",\"url\":\"https:\/\/notisnot.com\/tienda\/ropa-laboral\/calzado\/calzado-2\/cuero-de-plena-flor-mid-zapato-de-hombre-s3\/\",\"name\":\"Cuero de Plena Flor mid Zapato de Hombre S3 - NOT IS NOT\",\"isPartOf\":{\"@id\":\"https:\/\/notisnot.com\/#website\"},\"primaryImageOfPage\":{\"@id\":\"https:\/\/notisnot.com\/tienda\/ropa-laboral\/calzado\/calzado-2\/cuero-de-plena-flor-mid-zapato-de-hombre-s3\/#primaryimage\"},\"image\":{\"@id\":\"https:\/\/notisnot.com\/tienda\/ropa-laboral\/calzado\/calzado-2\/cuero-de-plena-flor-mid-zapato-de-hombre-s3\/#primaryimage\"},\"thumbnailUrl\":\"https:\/\/notisnot.com\/wp-content\/uploads\/2025\/01\/Captura-de-pantalla-2025-04-24-120153.png\",\"datePublished\":\"2025-01-21T11:41:11+00:00\",\"dateModified\":\"2026-02-10T16:38:48+00:00\",\"breadcrumb\":{\"@id\":\"https:\/\/notisnot.com\/tienda\/ropa-laboral\/calzado\/calzado-2\/cuero-de-plena-flor-mid-zapato-de-hombre-s3\/#breadcrumb\"},\"inLanguage\":\"es\",\"potentialAction\":[{\"@type\":\"ReadAction\",\"target\":[\"https:\/\/notisnot.com\/tienda\/ropa-laboral\/calzado\/calzado-2\/cuero-de-plena-flor-mid-zapato-de-hombre-s3\/\"]}]},{\"@type\":\"ImageObject\",\"inLanguage\":\"es\",\"@id\":\"https:\/\/notisnot.com\/tienda\/ropa-laboral\/calzado\/calzado-2\/cuero-de-plena-flor-mid-zapato-de-hombre-s3\/#primaryimage\",\"url\":\"https:\/\/notisnot.com\/wp-content\/uploads\/2025\/01\/Captura-de-pantalla-2025-04-24-120153.png\",\"contentUrl\":\"https:\/\/notisnot.com\/wp-content\/uploads\/2025\/01\/Captura-de-pantalla-2025-04-24-120153.png\",\"width\":495,\"height\":338},{\"@type\":\"BreadcrumbList\",\"@id\":\"https:\/\/notisnot.com\/tienda\/ropa-laboral\/calzado\/calzado-2\/cuero-de-plena-flor-mid-zapato-de-hombre-s3\/#breadcrumb\",\"itemListElement\":[{\"@type\":\"ListItem\",\"position\":1,\"name\":\"Home\",\"item\":\"http:\/\/notisnot.com\/\"},{\"@type\":\"ListItem\",\"position\":2,\"name\":\"Tienda\",\"item\":\"http:\/\/notisnot.com\/tienda-woocomerce\/\"},{\"@type\":\"ListItem\",\"position\":3,\"name\":\"Cuero de Plena Flor mid Zapato de Hombre S3\"}]},{\"@type\":\"WebSite\",\"@id\":\"https:\/\/notisnot.com\/#website\",\"url\":\"https:\/\/notisnot.com\/\",\"name\":\"NOT IS NOT\",\"description\":\"\",\"potentialAction\":[{\"@type\":\"SearchAction\",\"target\":{\"@type\":\"EntryPoint\",\"urlTemplate\":\"https:\/\/notisnot.com\/?s={search_term_string}\"},\"query-input\":{\"@type\":\"PropertyValueSpecification\",\"valueRequired\":true,\"valueName\":\"search_term_string\"}}],\"inLanguage\":\"es\"}]}<\/script>\n<!-- \/ Yoast SEO plugin. -->","yoast_head_json":{"title":"Cuero de Plena Flor mid Zapato de Hombre S3 - NOT IS NOT","robots":{"index":"index","follow":"follow","max-snippet":"max-snippet:-1","max-image-preview":"max-image-preview:large","max-video-preview":"max-video-preview:-1"},"canonical":"https:\/\/notisnot.com\/es\/tienda\/ropa-laboral\/calzado\/calzado-2\/cuero-de-plena-flor-mid-zapato-de-hombre-s3\/","og_locale":"es_ES","og_type":"article","og_title":"Cuero de Plena Flor mid Zapato de Hombre S3 - NOT IS NOT","og_description":"Zapato de seguridad antiest\u00e1tico de altura media de hombre, pala de piel repelente al agua y transpirable, forro interior (en toda la superficie interna) transpirable y resistente a la abrasi\u00f3n, 8+8 ojales sin metal, protector de tac\u00f3n en grano t\u00e9cnico con inserci\u00f3n reflectante, puntera de aluminio moldeado a presi\u00f3n, plantilla extra\u00edble Ortholite X40 016, plantilla de l\u00e1mina textil certificada antiperforaci\u00f3n, cambrill\u00f3n antitorsi\u00f3n, base de la puntera con forma de herradura, entresuela de poliuretano ultraligero, amortiguador MASTER BALANCE en PU poli\u00e9ter de alta tenacidad y densidad equilibrada, suela XTRAIL GRIP en TPU con protector de tac\u00f3n y de punta.","og_url":"https:\/\/notisnot.com\/es\/tienda\/ropa-laboral\/calzado\/calzado-2\/cuero-de-plena-flor-mid-zapato-de-hombre-s3\/","og_site_name":"NOT IS NOT","article_publisher":"https:\/\/www.facebook.com\/notisnotofficial\/","article_modified_time":"2026-02-10T16:38:48+00:00","og_image":[{"width":495,"height":338,"url":"https:\/\/notisnot.com\/wp-content\/uploads\/2025\/01\/Captura-de-pantalla-2025-04-24-120153.png","type":"image\/png"}],"twitter_card":"summary_large_image","twitter_misc":{"Tiempo de lectura":"1 minuto"},"schema":{"@context":"https:\/\/schema.org","@graph":[{"@type":"WebPage","@id":"https:\/\/notisnot.com\/tienda\/ropa-laboral\/calzado\/calzado-2\/cuero-de-plena-flor-mid-zapato-de-hombre-s3\/","url":"https:\/\/notisnot.com\/tienda\/ropa-laboral\/calzado\/calzado-2\/cuero-de-plena-flor-mid-zapato-de-hombre-s3\/","name":"Cuero de Plena Flor mid Zapato de Hombre S3 - NOT IS NOT","isPartOf":{"@id":"https:\/\/notisnot.com\/#website"},"primaryImageOfPage":{"@id":"https:\/\/notisnot.com\/tienda\/ropa-laboral\/calzado\/calzado-2\/cuero-de-plena-flor-mid-zapato-de-hombre-s3\/#primaryimage"},"image":{"@id":"https:\/\/notisnot.com\/tienda\/ropa-laboral\/calzado\/calzado-2\/cuero-de-plena-flor-mid-zapato-de-hombre-s3\/#primaryimage"},"thumbnailUrl":"https:\/\/notisnot.com\/wp-content\/uploads\/2025\/01\/Captura-de-pantalla-2025-04-24-120153.png","datePublished":"2025-01-21T11:41:11+00:00","dateModified":"2026-02-10T16:38:48+00:00","breadcrumb":{"@id":"https:\/\/notisnot.com\/tienda\/ropa-laboral\/calzado\/calzado-2\/cuero-de-plena-flor-mid-zapato-de-hombre-s3\/#breadcrumb"},"inLanguage":"es","potentialAction":[{"@type":"ReadAction","target":["https:\/\/notisnot.com\/tienda\/ropa-laboral\/calzado\/calzado-2\/cuero-de-plena-flor-mid-zapato-de-hombre-s3\/"]}]},{"@type":"ImageObject","inLanguage":"es","@id":"https:\/\/notisnot.com\/tienda\/ropa-laboral\/calzado\/calzado-2\/cuero-de-plena-flor-mid-zapato-de-hombre-s3\/#primaryimage","url":"https:\/\/notisnot.com\/wp-content\/uploads\/2025\/01\/Captura-de-pantalla-2025-04-24-120153.png","contentUrl":"https:\/\/notisnot.com\/wp-content\/uploads\/2025\/01\/Captura-de-pantalla-2025-04-24-120153.png","width":495,"height":338},{"@type":"BreadcrumbList","@id":"https:\/\/notisnot.com\/tienda\/ropa-laboral\/calzado\/calzado-2\/cuero-de-plena-flor-mid-zapato-de-hombre-s3\/#breadcrumb","itemListElement":[{"@type":"ListItem","position":1,"name":"Home","item":"http:\/\/notisnot.com\/"},{"@type":"ListItem","position":2,"name":"Tienda","item":"http:\/\/notisnot.com\/tienda-woocomerce\/"},{"@type":"ListItem","position":3,"name":"Cuero de Plena Flor mid Zapato de Hombre S3"}]},{"@type":"WebSite","@id":"https:\/\/notisnot.com\/#website","url":"https:\/\/notisnot.com\/","name":"NOT IS NOT","description":"","potentialAction":[{"@type":"SearchAction","target":{"@type":"EntryPoint","urlTemplate":"https:\/\/notisnot.com\/?s={search_term_string}"},"query-input":{"@type":"PropertyValueSpecification","valueRequired":true,"valueName":"search_term_string"}}],"inLanguage":"es"}]}},"_links":{"self":[{"href":"https:\/\/notisnot.com\/es\/wp-json\/wp\/v2\/product\/290812"}],"collection":[{"href":"https:\/\/notisnot.com\/es\/wp-json\/wp\/v2\/product"}],"about":[{"href":"https:\/\/notisnot.com\/es\/wp-json\/wp\/v2\/types\/product"}],"replies":[{"embeddable":true,"href":"https:\/\/notisnot.com\/es\/wp-json\/wp\/v2\/comments?post=290812"}],"wp:featuredmedia":[{"embeddable":true,"href":"https:\/\/notisnot.com\/es\/wp-json\/wp\/v2\/media\/314631"}],"wp:attachment":[{"href":"https:\/\/notisnot.com\/es\/wp-json\/wp\/v2\/media?parent=290812"}],"wp:term":[{"taxonomy":"product_cat","embeddable":true,"href":"https:\/\/notisnot.com\/es\/wp-json\/wp\/v2\/product_cat?post=290812"},{"taxonomy":"product_tag","embeddable":true,"href":"https:\/\/notisnot.com\/es\/wp-json\/wp\/v2\/product_tag?post=290812"}],"curies":[{"name":"wp","href":"https:\/\/api.w.org\/{rel}","templated":true}]}}