{"id":290602,"date":"2025-01-21T10:54:09","date_gmt":"2025-01-21T10:54:09","guid":{"rendered":"https:\/\/notisnot.com\/?post_type=product&#038;p=290602"},"modified":"2026-02-11T18:56:58","modified_gmt":"2026-02-11T18:56:58","slug":"antecordura-tech-zapato-de-hombre-s1","status":"publish","type":"product","link":"https:\/\/notisnot.com\/es\/tienda\/ropa-laboral\/calzado\/calzado-2\/antecordura-tech-zapato-de-hombre-s1\/","title":{"rendered":"Get texforce Low S1 para hombre"},"content":{"rendered":"<p><img loading=\"lazy\" decoding=\"async\" class=\"alignnone size-medium wp-image-314528\" src=\"https:\/\/notisnot.com\/wp-content\/uploads\/2025\/04\/Captura-de-pantalla-2025-04-24-101204-303x205.png\" alt=\"\" width=\"303\" height=\"205\" srcset=\"https:\/\/notisnot.com\/wp-content\/uploads\/2025\/04\/Captura-de-pantalla-2025-04-24-101204-303x205.png 303w, https:\/\/notisnot.com\/wp-content\/uploads\/2025\/04\/Captura-de-pantalla-2025-04-24-101204-18x12.png 18w, https:\/\/notisnot.com\/wp-content\/uploads\/2025\/04\/Captura-de-pantalla-2025-04-24-101204-20x14.png 20w, https:\/\/notisnot.com\/wp-content\/uploads\/2025\/04\/Captura-de-pantalla-2025-04-24-101204-91x62.png 91w, https:\/\/notisnot.com\/wp-content\/uploads\/2025\/04\/Captura-de-pantalla-2025-04-24-101204.png 440w\" sizes=\"(max-width: 303px) 100vw, 303px\" \/> <img loading=\"lazy\" decoding=\"async\" class=\"alignnone size-medium wp-image-314529\" src=\"https:\/\/notisnot.com\/wp-content\/uploads\/2025\/04\/Captura-de-pantalla-2025-04-24-101258-303x202.png\" alt=\"\" width=\"303\" height=\"202\" srcset=\"https:\/\/notisnot.com\/wp-content\/uploads\/2025\/04\/Captura-de-pantalla-2025-04-24-101258-303x202.png 303w, https:\/\/notisnot.com\/wp-content\/uploads\/2025\/04\/Captura-de-pantalla-2025-04-24-101258-18x12.png 18w, https:\/\/notisnot.com\/wp-content\/uploads\/2025\/04\/Captura-de-pantalla-2025-04-24-101258-20x13.png 20w, https:\/\/notisnot.com\/wp-content\/uploads\/2025\/04\/Captura-de-pantalla-2025-04-24-101258-91x61.png 91w, https:\/\/notisnot.com\/wp-content\/uploads\/2025\/04\/Captura-de-pantalla-2025-04-24-101258.png 356w\" sizes=\"(max-width: 303px) 100vw, 303px\" \/> <img loading=\"lazy\" decoding=\"async\" class=\"alignnone size-medium wp-image-314530\" src=\"https:\/\/notisnot.com\/wp-content\/uploads\/2025\/04\/Captura-de-pantalla-2025-04-24-101310-303x201.png\" alt=\"\" width=\"303\" height=\"201\" srcset=\"https:\/\/notisnot.com\/wp-content\/uploads\/2025\/04\/Captura-de-pantalla-2025-04-24-101310-303x201.png 303w, https:\/\/notisnot.com\/wp-content\/uploads\/2025\/04\/Captura-de-pantalla-2025-04-24-101310-18x12.png 18w, https:\/\/notisnot.com\/wp-content\/uploads\/2025\/04\/Captura-de-pantalla-2025-04-24-101310-20x13.png 20w, https:\/\/notisnot.com\/wp-content\/uploads\/2025\/04\/Captura-de-pantalla-2025-04-24-101310-91x60.png 91w, https:\/\/notisnot.com\/wp-content\/uploads\/2025\/04\/Captura-de-pantalla-2025-04-24-101310.png 473w\" sizes=\"(max-width: 303px) 100vw, 303px\" \/> <img loading=\"lazy\" decoding=\"async\" class=\"alignnone size-medium wp-image-314531\" src=\"https:\/\/notisnot.com\/wp-content\/uploads\/2025\/04\/Captura-de-pantalla-2025-04-24-101319-303x183.png\" alt=\"\" width=\"303\" height=\"183\" srcset=\"https:\/\/notisnot.com\/wp-content\/uploads\/2025\/04\/Captura-de-pantalla-2025-04-24-101319-303x183.png 303w, https:\/\/notisnot.com\/wp-content\/uploads\/2025\/04\/Captura-de-pantalla-2025-04-24-101319-18x12.png 18w, https:\/\/notisnot.com\/wp-content\/uploads\/2025\/04\/Captura-de-pantalla-2025-04-24-101319-20x12.png 20w, https:\/\/notisnot.com\/wp-content\/uploads\/2025\/04\/Captura-de-pantalla-2025-04-24-101319-91x55.png 91w, https:\/\/notisnot.com\/wp-content\/uploads\/2025\/04\/Captura-de-pantalla-2025-04-24-101319.png 441w\" sizes=\"(max-width: 303px) 100vw, 303px\" \/> <img loading=\"lazy\" decoding=\"async\" class=\"alignnone size-medium wp-image-314532\" src=\"https:\/\/notisnot.com\/wp-content\/uploads\/2025\/04\/Captura-de-pantalla-2025-04-24-101333-303x225.png\" alt=\"\" width=\"303\" height=\"225\" srcset=\"https:\/\/notisnot.com\/wp-content\/uploads\/2025\/04\/Captura-de-pantalla-2025-04-24-101333-303x225.png 303w, https:\/\/notisnot.com\/wp-content\/uploads\/2025\/04\/Captura-de-pantalla-2025-04-24-101333-16x12.png 16w, https:\/\/notisnot.com\/wp-content\/uploads\/2025\/04\/Captura-de-pantalla-2025-04-24-101333-20x15.png 20w, https:\/\/notisnot.com\/wp-content\/uploads\/2025\/04\/Captura-de-pantalla-2025-04-24-101333-91x67.png 91w, https:\/\/notisnot.com\/wp-content\/uploads\/2025\/04\/Captura-de-pantalla-2025-04-24-101333.png 460w\" sizes=\"(max-width: 303px) 100vw, 303px\" \/> <img loading=\"lazy\" decoding=\"async\" class=\"alignnone size-medium wp-image-314533\" src=\"https:\/\/notisnot.com\/wp-content\/uploads\/2025\/04\/Captura-de-pantalla-2025-04-24-101344-303x208.png\" alt=\"\" width=\"303\" height=\"208\" srcset=\"https:\/\/notisnot.com\/wp-content\/uploads\/2025\/04\/Captura-de-pantalla-2025-04-24-101344-303x208.png 303w, https:\/\/notisnot.com\/wp-content\/uploads\/2025\/04\/Captura-de-pantalla-2025-04-24-101344-18x12.png 18w, https:\/\/notisnot.com\/wp-content\/uploads\/2025\/04\/Captura-de-pantalla-2025-04-24-101344-20x14.png 20w, https:\/\/notisnot.com\/wp-content\/uploads\/2025\/04\/Captura-de-pantalla-2025-04-24-101344-91x62.png 91w, https:\/\/notisnot.com\/wp-content\/uploads\/2025\/04\/Captura-de-pantalla-2025-04-24-101344.png 439w\" sizes=\"(max-width: 303px) 100vw, 303px\" \/><\/p>","protected":false},"excerpt":{"rendered":"<p>Zapato de seguridad antiest\u00e1tico bajo de hombre, pala de serraje repelente al agua con inserciones de tejido t\u00e9cnico transpirable, forro interior (en toda la superficie interna) transpirable y resistente a la abrasi\u00f3n, 6+6 ojales sin metal, inserci\u00f3n reflectante en el protector de tac\u00f3n, puntera de aluminio moldeado a presi\u00f3n, plantilla extra\u00edble Ortholite X40 016, plantilla de l\u00e1mina textil certificada antiperforaci\u00f3n, cambrill\u00f3n antitorsi\u00f3n, base de la puntera con forma de herradura, entresuela de poliuretano ultraligero, amortiguador MASTER BALANCE en PU poli\u00e9ter de alta tenacidad y densidad equilibrada, suela XTRAIL GRIP en TPU con protector de tac\u00f3n y de punta.<\/p>","protected":false},"featured_media":314528,"comment_status":"open","ping_status":"closed","template":"","meta":{"_acf_changed":false},"product_cat":[196],"product_tag":[],"class_list":{"0":"post-290602","1":"product","2":"type-product","3":"status-publish","4":"has-post-thumbnail","6":"product_cat-calzado-2","7":"pa_color-azul-marino","8":"pa_color-gris-acero-gris-claro","9":"pa_color-gris-acero-negro","10":"pa_color-khaki","11":"pa_color-khaki-mimetico-gris","12":"pa_color-negro-negro","14":"first","15":"instock","16":"taxable","17":"shipping-taxable","18":"purchasable","19":"product-type-variable"},"acf":[],"yoast_head":"<!-- This site is optimized with the Yoast SEO plugin v23.4 - https:\/\/yoast.com\/wordpress\/plugins\/seo\/ -->\n<title>Get texforce Low S1 para hombre - NOT IS NOT<\/title>\n<meta name=\"robots\" content=\"index, follow, max-snippet:-1, max-image-preview:large, max-video-preview:-1\" \/>\n<link rel=\"canonical\" href=\"https:\/\/notisnot.com\/es\/tienda\/ropa-laboral\/calzado\/calzado-2\/antecordura-tech-zapato-de-hombre-s1\/\" \/>\n<meta property=\"og:locale\" content=\"es_ES\" \/>\n<meta property=\"og:type\" content=\"article\" \/>\n<meta property=\"og:title\" content=\"Get texforce Low S1 para hombre - NOT IS NOT\" \/>\n<meta property=\"og:description\" content=\"Zapato de seguridad antiest\u00e1tico bajo de hombre, pala de serraje repelente al agua con inserciones de tejido t\u00e9cnico transpirable, forro interior (en toda la superficie interna) transpirable y resistente a la abrasi\u00f3n, 6+6 ojales sin metal, inserci\u00f3n reflectante en el protector de tac\u00f3n, puntera de aluminio moldeado a presi\u00f3n, plantilla extra\u00edble Ortholite X40 016, plantilla de l\u00e1mina textil certificada antiperforaci\u00f3n, cambrill\u00f3n antitorsi\u00f3n, base de la puntera con forma de herradura, entresuela de poliuretano ultraligero, amortiguador MASTER BALANCE en PU poli\u00e9ter de alta tenacidad y densidad equilibrada, suela XTRAIL GRIP en TPU con protector de tac\u00f3n y de punta.\" \/>\n<meta property=\"og:url\" content=\"https:\/\/notisnot.com\/es\/tienda\/ropa-laboral\/calzado\/calzado-2\/antecordura-tech-zapato-de-hombre-s1\/\" \/>\n<meta property=\"og:site_name\" content=\"NOT IS NOT\" \/>\n<meta property=\"article:publisher\" content=\"https:\/\/www.facebook.com\/notisnotofficial\/\" \/>\n<meta property=\"article:modified_time\" content=\"2026-02-11T18:56:58+00:00\" \/>\n<meta property=\"og:image\" content=\"http:\/\/notisnot.com\/wp-content\/uploads\/2025\/04\/Captura-de-pantalla-2025-04-24-101204.png\" \/>\n\t<meta property=\"og:image:width\" content=\"440\" \/>\n\t<meta property=\"og:image:height\" content=\"298\" \/>\n\t<meta property=\"og:image:type\" content=\"image\/png\" \/>\n<meta name=\"twitter:card\" content=\"summary_large_image\" \/>\n<meta name=\"twitter:label1\" content=\"Tiempo de lectura\" \/>\n\t<meta name=\"twitter:data1\" content=\"2 minutos\" \/>\n<script type=\"application\/ld+json\" class=\"yoast-schema-graph\">{\"@context\":\"https:\/\/schema.org\",\"@graph\":[{\"@type\":\"WebPage\",\"@id\":\"http:\/\/notisnot.com\/tienda\/ropa-laboral\/calzado\/calzado-2\/antecordura-tech-zapato-de-hombre-s1\/\",\"url\":\"http:\/\/notisnot.com\/tienda\/ropa-laboral\/calzado\/calzado-2\/antecordura-tech-zapato-de-hombre-s1\/\",\"name\":\"Get texforce Low S1 para hombre - NOT IS NOT\",\"isPartOf\":{\"@id\":\"http:\/\/notisnot.com\/#website\"},\"primaryImageOfPage\":{\"@id\":\"http:\/\/notisnot.com\/tienda\/ropa-laboral\/calzado\/calzado-2\/antecordura-tech-zapato-de-hombre-s1\/#primaryimage\"},\"image\":{\"@id\":\"http:\/\/notisnot.com\/tienda\/ropa-laboral\/calzado\/calzado-2\/antecordura-tech-zapato-de-hombre-s1\/#primaryimage\"},\"thumbnailUrl\":\"https:\/\/notisnot.com\/wp-content\/uploads\/2025\/04\/Captura-de-pantalla-2025-04-24-101204.png\",\"datePublished\":\"2025-01-21T10:54:09+00:00\",\"dateModified\":\"2026-02-11T18:56:58+00:00\",\"breadcrumb\":{\"@id\":\"http:\/\/notisnot.com\/tienda\/ropa-laboral\/calzado\/calzado-2\/antecordura-tech-zapato-de-hombre-s1\/#breadcrumb\"},\"inLanguage\":\"es\",\"potentialAction\":[{\"@type\":\"ReadAction\",\"target\":[\"http:\/\/notisnot.com\/tienda\/ropa-laboral\/calzado\/calzado-2\/antecordura-tech-zapato-de-hombre-s1\/\"]}]},{\"@type\":\"ImageObject\",\"inLanguage\":\"es\",\"@id\":\"http:\/\/notisnot.com\/tienda\/ropa-laboral\/calzado\/calzado-2\/antecordura-tech-zapato-de-hombre-s1\/#primaryimage\",\"url\":\"https:\/\/notisnot.com\/wp-content\/uploads\/2025\/04\/Captura-de-pantalla-2025-04-24-101204.png\",\"contentUrl\":\"https:\/\/notisnot.com\/wp-content\/uploads\/2025\/04\/Captura-de-pantalla-2025-04-24-101204.png\",\"width\":440,\"height\":298},{\"@type\":\"BreadcrumbList\",\"@id\":\"http:\/\/notisnot.com\/tienda\/ropa-laboral\/calzado\/calzado-2\/antecordura-tech-zapato-de-hombre-s1\/#breadcrumb\",\"itemListElement\":[{\"@type\":\"ListItem\",\"position\":1,\"name\":\"Home\",\"item\":\"http:\/\/notisnot.com\/\"},{\"@type\":\"ListItem\",\"position\":2,\"name\":\"Tienda\",\"item\":\"https:\/\/notisnot.com\/es\/tienda-woocomerce\/\"},{\"@type\":\"ListItem\",\"position\":3,\"name\":\"Get texforce Low S1 para hombre\"}]},{\"@type\":\"WebSite\",\"@id\":\"http:\/\/notisnot.com\/#website\",\"url\":\"http:\/\/notisnot.com\/\",\"name\":\"NOT IS NOT\",\"description\":\"\",\"potentialAction\":[{\"@type\":\"SearchAction\",\"target\":{\"@type\":\"EntryPoint\",\"urlTemplate\":\"http:\/\/notisnot.com\/?s={search_term_string}\"},\"query-input\":{\"@type\":\"PropertyValueSpecification\",\"valueRequired\":true,\"valueName\":\"search_term_string\"}}],\"inLanguage\":\"es\"}]}<\/script>\n<!-- \/ Yoast SEO plugin. -->","yoast_head_json":{"title":"Get texforce Low S1 para hombre - NOT IS NOT","robots":{"index":"index","follow":"follow","max-snippet":"max-snippet:-1","max-image-preview":"max-image-preview:large","max-video-preview":"max-video-preview:-1"},"canonical":"https:\/\/notisnot.com\/es\/tienda\/ropa-laboral\/calzado\/calzado-2\/antecordura-tech-zapato-de-hombre-s1\/","og_locale":"es_ES","og_type":"article","og_title":"Get texforce Low S1 para hombre - NOT IS NOT","og_description":"Zapato de seguridad antiest\u00e1tico bajo de hombre, pala de serraje repelente al agua con inserciones de tejido t\u00e9cnico transpirable, forro interior (en toda la superficie interna) transpirable y resistente a la abrasi\u00f3n, 6+6 ojales sin metal, inserci\u00f3n reflectante en el protector de tac\u00f3n, puntera de aluminio moldeado a presi\u00f3n, plantilla extra\u00edble Ortholite X40 016, plantilla de l\u00e1mina textil certificada antiperforaci\u00f3n, cambrill\u00f3n antitorsi\u00f3n, base de la puntera con forma de herradura, entresuela de poliuretano ultraligero, amortiguador MASTER BALANCE en PU poli\u00e9ter de alta tenacidad y densidad equilibrada, suela XTRAIL GRIP en TPU con protector de tac\u00f3n y de punta.","og_url":"https:\/\/notisnot.com\/es\/tienda\/ropa-laboral\/calzado\/calzado-2\/antecordura-tech-zapato-de-hombre-s1\/","og_site_name":"NOT IS NOT","article_publisher":"https:\/\/www.facebook.com\/notisnotofficial\/","article_modified_time":"2026-02-11T18:56:58+00:00","og_image":[{"width":440,"height":298,"url":"http:\/\/notisnot.com\/wp-content\/uploads\/2025\/04\/Captura-de-pantalla-2025-04-24-101204.png","type":"image\/png"}],"twitter_card":"summary_large_image","twitter_misc":{"Tiempo de lectura":"2 minutos"},"schema":{"@context":"https:\/\/schema.org","@graph":[{"@type":"WebPage","@id":"http:\/\/notisnot.com\/tienda\/ropa-laboral\/calzado\/calzado-2\/antecordura-tech-zapato-de-hombre-s1\/","url":"http:\/\/notisnot.com\/tienda\/ropa-laboral\/calzado\/calzado-2\/antecordura-tech-zapato-de-hombre-s1\/","name":"Get texforce Low S1 para hombre - NOT IS NOT","isPartOf":{"@id":"http:\/\/notisnot.com\/#website"},"primaryImageOfPage":{"@id":"http:\/\/notisnot.com\/tienda\/ropa-laboral\/calzado\/calzado-2\/antecordura-tech-zapato-de-hombre-s1\/#primaryimage"},"image":{"@id":"http:\/\/notisnot.com\/tienda\/ropa-laboral\/calzado\/calzado-2\/antecordura-tech-zapato-de-hombre-s1\/#primaryimage"},"thumbnailUrl":"https:\/\/notisnot.com\/wp-content\/uploads\/2025\/04\/Captura-de-pantalla-2025-04-24-101204.png","datePublished":"2025-01-21T10:54:09+00:00","dateModified":"2026-02-11T18:56:58+00:00","breadcrumb":{"@id":"http:\/\/notisnot.com\/tienda\/ropa-laboral\/calzado\/calzado-2\/antecordura-tech-zapato-de-hombre-s1\/#breadcrumb"},"inLanguage":"es","potentialAction":[{"@type":"ReadAction","target":["http:\/\/notisnot.com\/tienda\/ropa-laboral\/calzado\/calzado-2\/antecordura-tech-zapato-de-hombre-s1\/"]}]},{"@type":"ImageObject","inLanguage":"es","@id":"http:\/\/notisnot.com\/tienda\/ropa-laboral\/calzado\/calzado-2\/antecordura-tech-zapato-de-hombre-s1\/#primaryimage","url":"https:\/\/notisnot.com\/wp-content\/uploads\/2025\/04\/Captura-de-pantalla-2025-04-24-101204.png","contentUrl":"https:\/\/notisnot.com\/wp-content\/uploads\/2025\/04\/Captura-de-pantalla-2025-04-24-101204.png","width":440,"height":298},{"@type":"BreadcrumbList","@id":"http:\/\/notisnot.com\/tienda\/ropa-laboral\/calzado\/calzado-2\/antecordura-tech-zapato-de-hombre-s1\/#breadcrumb","itemListElement":[{"@type":"ListItem","position":1,"name":"Home","item":"http:\/\/notisnot.com\/"},{"@type":"ListItem","position":2,"name":"Tienda","item":"https:\/\/notisnot.com\/es\/tienda-woocomerce\/"},{"@type":"ListItem","position":3,"name":"Get texforce Low S1 para hombre"}]},{"@type":"WebSite","@id":"http:\/\/notisnot.com\/#website","url":"http:\/\/notisnot.com\/","name":"NOT IS NOT","description":"","potentialAction":[{"@type":"SearchAction","target":{"@type":"EntryPoint","urlTemplate":"http:\/\/notisnot.com\/?s={search_term_string}"},"query-input":{"@type":"PropertyValueSpecification","valueRequired":true,"valueName":"search_term_string"}}],"inLanguage":"es"}]}},"_links":{"self":[{"href":"https:\/\/notisnot.com\/es\/wp-json\/wp\/v2\/product\/290602"}],"collection":[{"href":"https:\/\/notisnot.com\/es\/wp-json\/wp\/v2\/product"}],"about":[{"href":"https:\/\/notisnot.com\/es\/wp-json\/wp\/v2\/types\/product"}],"replies":[{"embeddable":true,"href":"https:\/\/notisnot.com\/es\/wp-json\/wp\/v2\/comments?post=290602"}],"wp:featuredmedia":[{"embeddable":true,"href":"https:\/\/notisnot.com\/es\/wp-json\/wp\/v2\/media\/314528"}],"wp:attachment":[{"href":"https:\/\/notisnot.com\/es\/wp-json\/wp\/v2\/media?parent=290602"}],"wp:term":[{"taxonomy":"product_cat","embeddable":true,"href":"https:\/\/notisnot.com\/es\/wp-json\/wp\/v2\/product_cat?post=290602"},{"taxonomy":"product_tag","embeddable":true,"href":"https:\/\/notisnot.com\/es\/wp-json\/wp\/v2\/product_tag?post=290602"}],"curies":[{"name":"wp","href":"https:\/\/api.w.org\/{rel}","templated":true}]}}