{"id":285610,"date":"2024-08-08T14:47:32","date_gmt":"2024-08-08T14:47:32","guid":{"rendered":"https:\/\/notisnot.com\/?post_type=product&#038;p=285610"},"modified":"2026-02-10T16:35:29","modified_gmt":"2026-02-10T16:35:29","slug":"skechers-cushioning-mujer","status":"publish","type":"product","link":"https:\/\/notisnot.com\/es\/tienda\/ropa-laboral\/calzado\/skechers\/skechers-cushioning-mujer\/","title":{"rendered":"Skechers cushioning mujer"},"content":{"rendered":"<p><img loading=\"lazy\" decoding=\"async\" class=\"alignnone size-medium wp-image-314892\" src=\"https:\/\/notisnot.com\/wp-content\/uploads\/2024\/08\/Captura-de-pantalla-2025-04-25-104955-303x237.png\" alt=\"\" width=\"303\" height=\"237\" srcset=\"https:\/\/notisnot.com\/wp-content\/uploads\/2024\/08\/Captura-de-pantalla-2025-04-25-104955-303x237.png 303w, https:\/\/notisnot.com\/wp-content\/uploads\/2024\/08\/Captura-de-pantalla-2025-04-25-104955-15x12.png 15w, https:\/\/notisnot.com\/wp-content\/uploads\/2024\/08\/Captura-de-pantalla-2025-04-25-104955-20x16.png 20w, https:\/\/notisnot.com\/wp-content\/uploads\/2024\/08\/Captura-de-pantalla-2025-04-25-104955-91x71.png 91w, https:\/\/notisnot.com\/wp-content\/uploads\/2024\/08\/Captura-de-pantalla-2025-04-25-104955.png 423w\" sizes=\"(max-width: 303px) 100vw, 303px\" \/> <img loading=\"lazy\" decoding=\"async\" class=\"alignnone size-medium wp-image-314893\" src=\"https:\/\/notisnot.com\/wp-content\/uploads\/2024\/08\/Captura-de-pantalla-2025-04-25-105101-303x283.png\" alt=\"\" width=\"303\" height=\"283\" srcset=\"https:\/\/notisnot.com\/wp-content\/uploads\/2024\/08\/Captura-de-pantalla-2025-04-25-105101-303x283.png 303w, https:\/\/notisnot.com\/wp-content\/uploads\/2024\/08\/Captura-de-pantalla-2025-04-25-105101-13x12.png 13w, https:\/\/notisnot.com\/wp-content\/uploads\/2024\/08\/Captura-de-pantalla-2025-04-25-105101-20x20.png 20w, https:\/\/notisnot.com\/wp-content\/uploads\/2024\/08\/Captura-de-pantalla-2025-04-25-105101-91x85.png 91w, https:\/\/notisnot.com\/wp-content\/uploads\/2024\/08\/Captura-de-pantalla-2025-04-25-105101.png 351w\" sizes=\"(max-width: 303px) 100vw, 303px\" \/><\/p>","protected":false},"excerpt":{"rendered":"<p>\u2022 Calzado laboral.<br \/>\n\u2022 Sutil detalle sint\u00e9tico tono sobre tono en los paneles laterales.<br \/>\n\u2022 Tejido de malla con estampado h\u00e1ptico y parte superior sint\u00e9tica ligera.<br \/>\n\u2022 Cierre de cordones en la parte delantera con ojales reforzados.<br \/>\n\u2022 Cuello y leng\u00fceta acolchados.<br \/>\n\u2022 Logotipo S lateral con impresi\u00f3n h\u00e1ptica.<br \/>\n\u2022 Ideal para estar de pie y caminar durante largos periodos de tiempo.<br \/>\n\u2022 Dise\u00f1o de la plantilla de confort con espuma de memoria refrigerada por aire.<br \/>\n\u2022 Dise\u00f1o Relaxed Fit\u00ae para un ajuste amplio y c\u00f3modo en la punta y la parte delantera del pie.<br \/>\n\u2022 Suela antideslizante nivel \"SRC\" testada en baldosa y acero.<br \/>\n\u2022 Resistente a hidrocarburos.<br \/>\n\u2022 Dise\u00f1o de amortiguaci\u00f3n m\u00e1xima para una comodidad y apoyo excepcionales.<\/p>\n<p>&nbsp;<\/p>","protected":false},"featured_media":314892,"comment_status":"open","ping_status":"closed","template":"","meta":{"_acf_changed":false},"product_cat":[26],"product_tag":[],"class_list":{"0":"post-285610","1":"product","2":"type-product","3":"status-publish","4":"has-post-thumbnail","6":"product_cat-skechers","7":"pa_color-blanco","8":"pa_color-negro","10":"first","11":"instock","12":"taxable","13":"shipping-taxable","14":"purchasable","15":"product-type-simple"},"acf":[],"yoast_head":"<!-- This site is optimized with the Yoast SEO plugin v23.4 - https:\/\/yoast.com\/wordpress\/plugins\/seo\/ -->\n<title>Skechers cushioning mujer - NOT IS NOT<\/title>\n<meta name=\"robots\" content=\"index, follow, max-snippet:-1, max-image-preview:large, max-video-preview:-1\" \/>\n<link rel=\"canonical\" href=\"https:\/\/notisnot.com\/es\/tienda\/ropa-laboral\/calzado\/skechers\/skechers-cushioning-mujer\/\" \/>\n<meta property=\"og:locale\" content=\"es_ES\" \/>\n<meta property=\"og:type\" content=\"article\" \/>\n<meta property=\"og:title\" content=\"Skechers cushioning mujer - NOT IS NOT\" \/>\n<meta property=\"og:description\" content=\"\u2022 Calzado laboral. \u2022 Sutil detalle sint\u00e9tico tono sobre tono en los paneles laterales. \u2022 Tejido de malla con estampado h\u00e1ptico y parte superior sint\u00e9tica ligera. \u2022 Cierre de cordones en la parte delantera con ojales reforzados. \u2022 Cuello y leng\u00fceta acolchados. \u2022 Logotipo S lateral con impresi\u00f3n h\u00e1ptica. \u2022 Ideal para estar de pie y caminar durante largos periodos de tiempo. \u2022 Dise\u00f1o de la plantilla de confort con espuma de memoria refrigerada por aire. \u2022 Dise\u00f1o Relaxed Fit\u00ae para un ajuste amplio y c\u00f3modo en la punta y la parte delantera del pie. \u2022 Suela antideslizante nivel &quot;SRC&quot; testada en baldosa y acero. \u2022 Resistente a hidrocarburos. \u2022 Dise\u00f1o de amortiguaci\u00f3n m\u00e1xima para una comodidad y apoyo excepcionales.  &nbsp;\" \/>\n<meta property=\"og:url\" content=\"https:\/\/notisnot.com\/es\/tienda\/ropa-laboral\/calzado\/skechers\/skechers-cushioning-mujer\/\" \/>\n<meta property=\"og:site_name\" content=\"NOT IS NOT\" \/>\n<meta property=\"article:publisher\" content=\"https:\/\/www.facebook.com\/notisnotofficial\/\" \/>\n<meta property=\"article:modified_time\" content=\"2026-02-10T16:35:29+00:00\" \/>\n<meta property=\"og:image\" content=\"http:\/\/notisnot.com\/wp-content\/uploads\/2024\/08\/Captura-de-pantalla-2025-04-25-104955.png\" \/>\n\t<meta property=\"og:image:width\" content=\"423\" \/>\n\t<meta property=\"og:image:height\" content=\"331\" \/>\n\t<meta property=\"og:image:type\" content=\"image\/png\" \/>\n<meta name=\"twitter:card\" content=\"summary_large_image\" \/>\n<meta name=\"twitter:label1\" content=\"Tiempo de lectura\" \/>\n\t<meta name=\"twitter:data1\" content=\"1 minuto\" \/>\n<script type=\"application\/ld+json\" class=\"yoast-schema-graph\">{\"@context\":\"https:\/\/schema.org\",\"@graph\":[{\"@type\":\"WebPage\",\"@id\":\"http:\/\/notisnot.com\/tienda\/ropa-laboral\/calzado\/skechers\/skechers-cushioning-mujer\/\",\"url\":\"http:\/\/notisnot.com\/tienda\/ropa-laboral\/calzado\/skechers\/skechers-cushioning-mujer\/\",\"name\":\"Skechers cushioning mujer - NOT IS NOT\",\"isPartOf\":{\"@id\":\"http:\/\/notisnot.com\/#website\"},\"primaryImageOfPage\":{\"@id\":\"http:\/\/notisnot.com\/tienda\/ropa-laboral\/calzado\/skechers\/skechers-cushioning-mujer\/#primaryimage\"},\"image\":{\"@id\":\"http:\/\/notisnot.com\/tienda\/ropa-laboral\/calzado\/skechers\/skechers-cushioning-mujer\/#primaryimage\"},\"thumbnailUrl\":\"https:\/\/notisnot.com\/wp-content\/uploads\/2024\/08\/Captura-de-pantalla-2025-04-25-104955.png\",\"datePublished\":\"2024-08-08T14:47:32+00:00\",\"dateModified\":\"2026-02-10T16:35:29+00:00\",\"breadcrumb\":{\"@id\":\"http:\/\/notisnot.com\/tienda\/ropa-laboral\/calzado\/skechers\/skechers-cushioning-mujer\/#breadcrumb\"},\"inLanguage\":\"es\",\"potentialAction\":[{\"@type\":\"ReadAction\",\"target\":[\"http:\/\/notisnot.com\/tienda\/ropa-laboral\/calzado\/skechers\/skechers-cushioning-mujer\/\"]}]},{\"@type\":\"ImageObject\",\"inLanguage\":\"es\",\"@id\":\"http:\/\/notisnot.com\/tienda\/ropa-laboral\/calzado\/skechers\/skechers-cushioning-mujer\/#primaryimage\",\"url\":\"https:\/\/notisnot.com\/wp-content\/uploads\/2024\/08\/Captura-de-pantalla-2025-04-25-104955.png\",\"contentUrl\":\"https:\/\/notisnot.com\/wp-content\/uploads\/2024\/08\/Captura-de-pantalla-2025-04-25-104955.png\",\"width\":423,\"height\":331},{\"@type\":\"BreadcrumbList\",\"@id\":\"http:\/\/notisnot.com\/tienda\/ropa-laboral\/calzado\/skechers\/skechers-cushioning-mujer\/#breadcrumb\",\"itemListElement\":[{\"@type\":\"ListItem\",\"position\":1,\"name\":\"Home\",\"item\":\"http:\/\/notisnot.com\/\"},{\"@type\":\"ListItem\",\"position\":2,\"name\":\"Tienda\",\"item\":\"https:\/\/notisnot.com\/es\/tienda-woocomerce\/\"},{\"@type\":\"ListItem\",\"position\":3,\"name\":\"Skechers cushioning mujer\"}]},{\"@type\":\"WebSite\",\"@id\":\"http:\/\/notisnot.com\/#website\",\"url\":\"http:\/\/notisnot.com\/\",\"name\":\"NOT IS NOT\",\"description\":\"\",\"potentialAction\":[{\"@type\":\"SearchAction\",\"target\":{\"@type\":\"EntryPoint\",\"urlTemplate\":\"http:\/\/notisnot.com\/?s={search_term_string}\"},\"query-input\":{\"@type\":\"PropertyValueSpecification\",\"valueRequired\":true,\"valueName\":\"search_term_string\"}}],\"inLanguage\":\"es\"}]}<\/script>\n<!-- \/ Yoast SEO plugin. -->","yoast_head_json":{"title":"Skechers cushioning mujer - NOT IS NOT","robots":{"index":"index","follow":"follow","max-snippet":"max-snippet:-1","max-image-preview":"max-image-preview:large","max-video-preview":"max-video-preview:-1"},"canonical":"https:\/\/notisnot.com\/es\/tienda\/ropa-laboral\/calzado\/skechers\/skechers-cushioning-mujer\/","og_locale":"es_ES","og_type":"article","og_title":"Skechers cushioning mujer - NOT IS NOT","og_description":"\u2022 Calzado laboral. \u2022 Sutil detalle sint\u00e9tico tono sobre tono en los paneles laterales. \u2022 Tejido de malla con estampado h\u00e1ptico y parte superior sint\u00e9tica ligera. \u2022 Cierre de cordones en la parte delantera con ojales reforzados. \u2022 Cuello y leng\u00fceta acolchados. \u2022 Logotipo S lateral con impresi\u00f3n h\u00e1ptica. \u2022 Ideal para estar de pie y caminar durante largos periodos de tiempo. \u2022 Dise\u00f1o de la plantilla de confort con espuma de memoria refrigerada por aire. \u2022 Dise\u00f1o Relaxed Fit\u00ae para un ajuste amplio y c\u00f3modo en la punta y la parte delantera del pie. \u2022 Suela antideslizante nivel \"SRC\" testada en baldosa y acero. \u2022 Resistente a hidrocarburos. \u2022 Dise\u00f1o de amortiguaci\u00f3n m\u00e1xima para una comodidad y apoyo excepcionales.  &nbsp;","og_url":"https:\/\/notisnot.com\/es\/tienda\/ropa-laboral\/calzado\/skechers\/skechers-cushioning-mujer\/","og_site_name":"NOT IS NOT","article_publisher":"https:\/\/www.facebook.com\/notisnotofficial\/","article_modified_time":"2026-02-10T16:35:29+00:00","og_image":[{"width":423,"height":331,"url":"http:\/\/notisnot.com\/wp-content\/uploads\/2024\/08\/Captura-de-pantalla-2025-04-25-104955.png","type":"image\/png"}],"twitter_card":"summary_large_image","twitter_misc":{"Tiempo de lectura":"1 minuto"},"schema":{"@context":"https:\/\/schema.org","@graph":[{"@type":"WebPage","@id":"http:\/\/notisnot.com\/tienda\/ropa-laboral\/calzado\/skechers\/skechers-cushioning-mujer\/","url":"http:\/\/notisnot.com\/tienda\/ropa-laboral\/calzado\/skechers\/skechers-cushioning-mujer\/","name":"Skechers cushioning mujer - NOT IS NOT","isPartOf":{"@id":"http:\/\/notisnot.com\/#website"},"primaryImageOfPage":{"@id":"http:\/\/notisnot.com\/tienda\/ropa-laboral\/calzado\/skechers\/skechers-cushioning-mujer\/#primaryimage"},"image":{"@id":"http:\/\/notisnot.com\/tienda\/ropa-laboral\/calzado\/skechers\/skechers-cushioning-mujer\/#primaryimage"},"thumbnailUrl":"https:\/\/notisnot.com\/wp-content\/uploads\/2024\/08\/Captura-de-pantalla-2025-04-25-104955.png","datePublished":"2024-08-08T14:47:32+00:00","dateModified":"2026-02-10T16:35:29+00:00","breadcrumb":{"@id":"http:\/\/notisnot.com\/tienda\/ropa-laboral\/calzado\/skechers\/skechers-cushioning-mujer\/#breadcrumb"},"inLanguage":"es","potentialAction":[{"@type":"ReadAction","target":["http:\/\/notisnot.com\/tienda\/ropa-laboral\/calzado\/skechers\/skechers-cushioning-mujer\/"]}]},{"@type":"ImageObject","inLanguage":"es","@id":"http:\/\/notisnot.com\/tienda\/ropa-laboral\/calzado\/skechers\/skechers-cushioning-mujer\/#primaryimage","url":"https:\/\/notisnot.com\/wp-content\/uploads\/2024\/08\/Captura-de-pantalla-2025-04-25-104955.png","contentUrl":"https:\/\/notisnot.com\/wp-content\/uploads\/2024\/08\/Captura-de-pantalla-2025-04-25-104955.png","width":423,"height":331},{"@type":"BreadcrumbList","@id":"http:\/\/notisnot.com\/tienda\/ropa-laboral\/calzado\/skechers\/skechers-cushioning-mujer\/#breadcrumb","itemListElement":[{"@type":"ListItem","position":1,"name":"Home","item":"http:\/\/notisnot.com\/"},{"@type":"ListItem","position":2,"name":"Tienda","item":"https:\/\/notisnot.com\/es\/tienda-woocomerce\/"},{"@type":"ListItem","position":3,"name":"Skechers cushioning mujer"}]},{"@type":"WebSite","@id":"http:\/\/notisnot.com\/#website","url":"http:\/\/notisnot.com\/","name":"NOT IS NOT","description":"","potentialAction":[{"@type":"SearchAction","target":{"@type":"EntryPoint","urlTemplate":"http:\/\/notisnot.com\/?s={search_term_string}"},"query-input":{"@type":"PropertyValueSpecification","valueRequired":true,"valueName":"search_term_string"}}],"inLanguage":"es"}]}},"_links":{"self":[{"href":"https:\/\/notisnot.com\/es\/wp-json\/wp\/v2\/product\/285610"}],"collection":[{"href":"https:\/\/notisnot.com\/es\/wp-json\/wp\/v2\/product"}],"about":[{"href":"https:\/\/notisnot.com\/es\/wp-json\/wp\/v2\/types\/product"}],"replies":[{"embeddable":true,"href":"https:\/\/notisnot.com\/es\/wp-json\/wp\/v2\/comments?post=285610"}],"wp:featuredmedia":[{"embeddable":true,"href":"https:\/\/notisnot.com\/es\/wp-json\/wp\/v2\/media\/314892"}],"wp:attachment":[{"href":"https:\/\/notisnot.com\/es\/wp-json\/wp\/v2\/media?parent=285610"}],"wp:term":[{"taxonomy":"product_cat","embeddable":true,"href":"https:\/\/notisnot.com\/es\/wp-json\/wp\/v2\/product_cat?post=285610"},{"taxonomy":"product_tag","embeddable":true,"href":"https:\/\/notisnot.com\/es\/wp-json\/wp\/v2\/product_tag?post=285610"}],"curies":[{"name":"wp","href":"https:\/\/api.w.org\/{rel}","templated":true}]}}