{"id":316096,"date":"2026-02-16T09:25:11","date_gmt":"2026-02-16T09:25:11","guid":{"rendered":"https:\/\/notisnot.com\/?post_type=product&#038;p=316096"},"modified":"2026-02-16T09:25:11","modified_gmt":"2026-02-16T09:25:11","slug":"camiseta-termica-280","status":"publish","type":"product","link":"http:\/\/notisnot.com\/es\/tienda\/ropa-laboral\/industria\/samarretes-industria\/camisetas-termicas\/camiseta-termica-280\/","title":{"rendered":"Camiseta t\u00e9rmica 280"},"content":{"rendered":"","protected":false},"excerpt":{"rendered":"<p>Camiseta t\u00e9rmica de hombre, de cuello redondo y manga larga ragl\u00e1n. Tejido suave y el\u00e1stico, con tramas especiales en el delantero y en la espalda, motivos de h\u00e9lice en relieve en los costados para garantizar una buena transpiraci\u00f3n y una termorregulaci\u00f3n constante. El cuello, el bajo y los bordes de las mangas son de punto canal\u00e9 del mismo material para un mejor confort. Estructura tubular ergon\u00f3mica y textura especial en los codos para garantizar una adaptaci\u00f3n perfecta a la fisonom\u00eda del cuerpo.<\/p>","protected":false},"featured_media":316099,"comment_status":"open","ping_status":"closed","template":"","meta":{"_acf_changed":false},"product_cat":[350],"product_tag":[],"class_list":{"0":"post-316096","1":"product","2":"type-product","3":"status-publish","4":"has-post-thumbnail","6":"product_cat-camisetas-termicas","7":"pa_tallaropa-2xl-3xl","8":"pa_tallaropa-4xl-5xl","9":"pa_tallaropa-l-xl","10":"pa_tallaropa-s-m","12":"first","13":"instock","14":"taxable","15":"shipping-taxable","16":"purchasable","17":"product-type-variable"},"acf":[],"yoast_head":"<!-- This site is optimized with the Yoast SEO plugin v23.4 - https:\/\/yoast.com\/wordpress\/plugins\/seo\/ -->\n<title>Camiseta t\u00e9rmica 280 - NOT IS NOT<\/title>\n<meta name=\"robots\" content=\"index, follow, max-snippet:-1, max-image-preview:large, max-video-preview:-1\" \/>\n<link rel=\"canonical\" href=\"http:\/\/notisnot.com\/es\/tienda\/ropa-laboral\/industria\/samarretes-industria\/camisetas-termicas\/camiseta-termica-280\/\" \/>\n<meta property=\"og:locale\" content=\"es_ES\" \/>\n<meta property=\"og:type\" content=\"article\" \/>\n<meta property=\"og:title\" content=\"Camiseta t\u00e9rmica 280 - NOT IS NOT\" \/>\n<meta property=\"og:description\" content=\"Camiseta t\u00e9rmica de hombre, de cuello redondo y manga larga ragl\u00e1n. Tejido suave y el\u00e1stico, con tramas especiales en el delantero y en la espalda, motivos de h\u00e9lice en relieve en los costados para garantizar una buena transpiraci\u00f3n y una termorregulaci\u00f3n constante. El cuello, el bajo y los bordes de las mangas son de punto canal\u00e9 del mismo material para un mejor confort. Estructura tubular ergon\u00f3mica y textura especial en los codos para garantizar una adaptaci\u00f3n perfecta a la fisonom\u00eda del cuerpo.\" \/>\n<meta property=\"og:url\" content=\"http:\/\/notisnot.com\/es\/tienda\/ropa-laboral\/industria\/samarretes-industria\/camisetas-termicas\/camiseta-termica-280\/\" \/>\n<meta property=\"og:site_name\" content=\"NOT IS NOT\" \/>\n<meta property=\"article:publisher\" content=\"https:\/\/www.facebook.com\/notisnotofficial\/\" \/>\n<meta property=\"og:image\" content=\"https:\/\/notisnot.com\/wp-content\/uploads\/2026\/02\/THERMO-PRO-280-LS_14000_01-scaled.jpg\" \/>\n\t<meta property=\"og:image:width\" content=\"1707\" \/>\n\t<meta property=\"og:image:height\" content=\"2560\" \/>\n\t<meta property=\"og:image:type\" content=\"image\/jpeg\" \/>\n<meta name=\"twitter:card\" content=\"summary_large_image\" \/>\n<meta name=\"twitter:label1\" content=\"Tiempo de lectura\" \/>\n\t<meta name=\"twitter:data1\" content=\"1 minuto\" \/>\n<script type=\"application\/ld+json\" class=\"yoast-schema-graph\">{\"@context\":\"https:\/\/schema.org\",\"@graph\":[{\"@type\":\"WebPage\",\"@id\":\"https:\/\/notisnot.com\/tienda\/ropa-laboral\/industria\/samarretes-industria\/camisetas-termicas\/camiseta-termica-280\/\",\"url\":\"https:\/\/notisnot.com\/tienda\/ropa-laboral\/industria\/samarretes-industria\/camisetas-termicas\/camiseta-termica-280\/\",\"name\":\"Camiseta t\u00e9rmica 280 - NOT IS NOT\",\"isPartOf\":{\"@id\":\"http:\/\/notisnot.com\/#website\"},\"primaryImageOfPage\":{\"@id\":\"https:\/\/notisnot.com\/tienda\/ropa-laboral\/industria\/samarretes-industria\/camisetas-termicas\/camiseta-termica-280\/#primaryimage\"},\"image\":{\"@id\":\"https:\/\/notisnot.com\/tienda\/ropa-laboral\/industria\/samarretes-industria\/camisetas-termicas\/camiseta-termica-280\/#primaryimage\"},\"thumbnailUrl\":\"http:\/\/notisnot.com\/wp-content\/uploads\/2026\/02\/THERMO-PRO-280-LS_14000_01-scaled.jpg\",\"datePublished\":\"2026-02-16T09:25:11+00:00\",\"dateModified\":\"2026-02-16T09:25:11+00:00\",\"breadcrumb\":{\"@id\":\"https:\/\/notisnot.com\/tienda\/ropa-laboral\/industria\/samarretes-industria\/camisetas-termicas\/camiseta-termica-280\/#breadcrumb\"},\"inLanguage\":\"es\",\"potentialAction\":[{\"@type\":\"ReadAction\",\"target\":[\"https:\/\/notisnot.com\/tienda\/ropa-laboral\/industria\/samarretes-industria\/camisetas-termicas\/camiseta-termica-280\/\"]}]},{\"@type\":\"ImageObject\",\"inLanguage\":\"es\",\"@id\":\"https:\/\/notisnot.com\/tienda\/ropa-laboral\/industria\/samarretes-industria\/camisetas-termicas\/camiseta-termica-280\/#primaryimage\",\"url\":\"http:\/\/notisnot.com\/wp-content\/uploads\/2026\/02\/THERMO-PRO-280-LS_14000_01-scaled.jpg\",\"contentUrl\":\"http:\/\/notisnot.com\/wp-content\/uploads\/2026\/02\/THERMO-PRO-280-LS_14000_01-scaled.jpg\",\"width\":1707,\"height\":2560},{\"@type\":\"BreadcrumbList\",\"@id\":\"https:\/\/notisnot.com\/tienda\/ropa-laboral\/industria\/samarretes-industria\/camisetas-termicas\/camiseta-termica-280\/#breadcrumb\",\"itemListElement\":[{\"@type\":\"ListItem\",\"position\":1,\"name\":\"Home\",\"item\":\"http:\/\/notisnot.com\/\"},{\"@type\":\"ListItem\",\"position\":2,\"name\":\"Tienda\",\"item\":\"https:\/\/notisnot.com\/es\/tienda-woocomerce\/\"},{\"@type\":\"ListItem\",\"position\":3,\"name\":\"Camiseta t\u00e9rmica 280\"}]},{\"@type\":\"WebSite\",\"@id\":\"http:\/\/notisnot.com\/#website\",\"url\":\"http:\/\/notisnot.com\/\",\"name\":\"NOT IS NOT\",\"description\":\"\",\"potentialAction\":[{\"@type\":\"SearchAction\",\"target\":{\"@type\":\"EntryPoint\",\"urlTemplate\":\"http:\/\/notisnot.com\/?s={search_term_string}\"},\"query-input\":{\"@type\":\"PropertyValueSpecification\",\"valueRequired\":true,\"valueName\":\"search_term_string\"}}],\"inLanguage\":\"es\"}]}<\/script>\n<!-- \/ Yoast SEO plugin. -->","yoast_head_json":{"title":"Camiseta t\u00e9rmica 280 - NOT IS NOT","robots":{"index":"index","follow":"follow","max-snippet":"max-snippet:-1","max-image-preview":"max-image-preview:large","max-video-preview":"max-video-preview:-1"},"canonical":"http:\/\/notisnot.com\/es\/tienda\/ropa-laboral\/industria\/samarretes-industria\/camisetas-termicas\/camiseta-termica-280\/","og_locale":"es_ES","og_type":"article","og_title":"Camiseta t\u00e9rmica 280 - NOT IS NOT","og_description":"Camiseta t\u00e9rmica de hombre, de cuello redondo y manga larga ragl\u00e1n. Tejido suave y el\u00e1stico, con tramas especiales en el delantero y en la espalda, motivos de h\u00e9lice en relieve en los costados para garantizar una buena transpiraci\u00f3n y una termorregulaci\u00f3n constante. El cuello, el bajo y los bordes de las mangas son de punto canal\u00e9 del mismo material para un mejor confort. Estructura tubular ergon\u00f3mica y textura especial en los codos para garantizar una adaptaci\u00f3n perfecta a la fisonom\u00eda del cuerpo.","og_url":"http:\/\/notisnot.com\/es\/tienda\/ropa-laboral\/industria\/samarretes-industria\/camisetas-termicas\/camiseta-termica-280\/","og_site_name":"NOT IS NOT","article_publisher":"https:\/\/www.facebook.com\/notisnotofficial\/","og_image":[{"width":1707,"height":2560,"url":"https:\/\/notisnot.com\/wp-content\/uploads\/2026\/02\/THERMO-PRO-280-LS_14000_01-scaled.jpg","type":"image\/jpeg"}],"twitter_card":"summary_large_image","twitter_misc":{"Tiempo de lectura":"1 minuto"},"schema":{"@context":"https:\/\/schema.org","@graph":[{"@type":"WebPage","@id":"https:\/\/notisnot.com\/tienda\/ropa-laboral\/industria\/samarretes-industria\/camisetas-termicas\/camiseta-termica-280\/","url":"https:\/\/notisnot.com\/tienda\/ropa-laboral\/industria\/samarretes-industria\/camisetas-termicas\/camiseta-termica-280\/","name":"Camiseta t\u00e9rmica 280 - NOT IS NOT","isPartOf":{"@id":"http:\/\/notisnot.com\/#website"},"primaryImageOfPage":{"@id":"https:\/\/notisnot.com\/tienda\/ropa-laboral\/industria\/samarretes-industria\/camisetas-termicas\/camiseta-termica-280\/#primaryimage"},"image":{"@id":"https:\/\/notisnot.com\/tienda\/ropa-laboral\/industria\/samarretes-industria\/camisetas-termicas\/camiseta-termica-280\/#primaryimage"},"thumbnailUrl":"http:\/\/notisnot.com\/wp-content\/uploads\/2026\/02\/THERMO-PRO-280-LS_14000_01-scaled.jpg","datePublished":"2026-02-16T09:25:11+00:00","dateModified":"2026-02-16T09:25:11+00:00","breadcrumb":{"@id":"https:\/\/notisnot.com\/tienda\/ropa-laboral\/industria\/samarretes-industria\/camisetas-termicas\/camiseta-termica-280\/#breadcrumb"},"inLanguage":"es","potentialAction":[{"@type":"ReadAction","target":["https:\/\/notisnot.com\/tienda\/ropa-laboral\/industria\/samarretes-industria\/camisetas-termicas\/camiseta-termica-280\/"]}]},{"@type":"ImageObject","inLanguage":"es","@id":"https:\/\/notisnot.com\/tienda\/ropa-laboral\/industria\/samarretes-industria\/camisetas-termicas\/camiseta-termica-280\/#primaryimage","url":"http:\/\/notisnot.com\/wp-content\/uploads\/2026\/02\/THERMO-PRO-280-LS_14000_01-scaled.jpg","contentUrl":"http:\/\/notisnot.com\/wp-content\/uploads\/2026\/02\/THERMO-PRO-280-LS_14000_01-scaled.jpg","width":1707,"height":2560},{"@type":"BreadcrumbList","@id":"https:\/\/notisnot.com\/tienda\/ropa-laboral\/industria\/samarretes-industria\/camisetas-termicas\/camiseta-termica-280\/#breadcrumb","itemListElement":[{"@type":"ListItem","position":1,"name":"Home","item":"http:\/\/notisnot.com\/"},{"@type":"ListItem","position":2,"name":"Tienda","item":"https:\/\/notisnot.com\/es\/tienda-woocomerce\/"},{"@type":"ListItem","position":3,"name":"Camiseta t\u00e9rmica 280"}]},{"@type":"WebSite","@id":"http:\/\/notisnot.com\/#website","url":"http:\/\/notisnot.com\/","name":"NOT IS NOT","description":"","potentialAction":[{"@type":"SearchAction","target":{"@type":"EntryPoint","urlTemplate":"http:\/\/notisnot.com\/?s={search_term_string}"},"query-input":{"@type":"PropertyValueSpecification","valueRequired":true,"valueName":"search_term_string"}}],"inLanguage":"es"}]}},"_links":{"self":[{"href":"http:\/\/notisnot.com\/es\/wp-json\/wp\/v2\/product\/316096"}],"collection":[{"href":"http:\/\/notisnot.com\/es\/wp-json\/wp\/v2\/product"}],"about":[{"href":"http:\/\/notisnot.com\/es\/wp-json\/wp\/v2\/types\/product"}],"replies":[{"embeddable":true,"href":"http:\/\/notisnot.com\/es\/wp-json\/wp\/v2\/comments?post=316096"}],"wp:featuredmedia":[{"embeddable":true,"href":"http:\/\/notisnot.com\/es\/wp-json\/wp\/v2\/media\/316099"}],"wp:attachment":[{"href":"http:\/\/notisnot.com\/es\/wp-json\/wp\/v2\/media?parent=316096"}],"wp:term":[{"taxonomy":"product_cat","embeddable":true,"href":"http:\/\/notisnot.com\/es\/wp-json\/wp\/v2\/product_cat?post=316096"},{"taxonomy":"product_tag","embeddable":true,"href":"http:\/\/notisnot.com\/es\/wp-json\/wp\/v2\/product_tag?post=316096"}],"curies":[{"name":"wp","href":"https:\/\/api.w.org\/{rel}","templated":true}]}}