{"id":315949,"date":"2026-02-12T16:55:03","date_gmt":"2026-02-12T16:55:03","guid":{"rendered":"https:\/\/notisnot.com\/?post_type=product&#038;p=315949"},"modified":"2026-02-12T16:55:04","modified_gmt":"2026-02-12T16:55:04","slug":"polo-road-winter","status":"publish","type":"product","link":"http:\/\/notisnot.com\/es\/tienda\/ropa-laboral\/industria\/polos-industria\/polo-road-winter\/","title":{"rendered":"Polo Road Winter"},"content":{"rendered":"","protected":false},"excerpt":{"rendered":"<p>Polo bicolor de alta visibilidad, de manga larga. Cuello con 3 botones, con canal\u00e9 y costuras cubiertas. Aberturas laterales. Bandas retrorreflectantes segmentadas y termoselladas para facilitar el movimiento. El tejido, confeccionado con algod\u00f3n en el interior y poli\u00e9ster en el exterior, garantiza una gran transpirabilidad y comodidad, as\u00ed como una mayor durabilidad.<\/p>","protected":false},"featured_media":315953,"comment_status":"open","ping_status":"closed","template":"","meta":{"_acf_changed":false},"product_cat":[270],"product_tag":[],"class_list":{"0":"post-315949","1":"product","2":"type-product","3":"status-publish","4":"has-post-thumbnail","6":"product_cat-polos-industria","7":"pa_color-amarillo-fluorescente-azul-marino","8":"pa_color-naranja-fluorescente-azul-marino","9":"pa_tallaropa-xs","10":"pa_tallaropa-s","11":"pa_tallaropa-m","12":"pa_tallaropa-l","13":"pa_tallaropa-xl","14":"pa_tallaropa-xxl","15":"pa_tallaropa-3xl","16":"pa_tallaropa-4xl","17":"pa_tallaropa-5xl","19":"first","20":"instock","21":"taxable","22":"shipping-taxable","23":"purchasable","24":"product-type-variable"},"acf":[],"yoast_head":"<!-- This site is optimized with the Yoast SEO plugin v23.4 - https:\/\/yoast.com\/wordpress\/plugins\/seo\/ -->\n<title>Polo Road Winter - NOT IS NOT<\/title>\n<meta name=\"robots\" content=\"index, follow, max-snippet:-1, max-image-preview:large, max-video-preview:-1\" \/>\n<link rel=\"canonical\" href=\"http:\/\/notisnot.com\/es\/tienda\/ropa-laboral\/industria\/polos-industria\/polo-road-winter\/\" \/>\n<meta property=\"og:locale\" content=\"es_ES\" \/>\n<meta property=\"og:type\" content=\"article\" \/>\n<meta property=\"og:title\" content=\"Polo Road Winter - NOT IS NOT\" \/>\n<meta property=\"og:description\" content=\"Polo bicolor de alta visibilidad, de manga larga. Cuello con 3 botones, con canal\u00e9 y costuras cubiertas. Aberturas laterales. Bandas retrorreflectantes segmentadas y termoselladas para facilitar el movimiento. El tejido, confeccionado con algod\u00f3n en el interior y poli\u00e9ster en el exterior, garantiza una gran transpirabilidad y comodidad, as\u00ed como una mayor durabilidad.\" \/>\n<meta property=\"og:url\" content=\"http:\/\/notisnot.com\/es\/tienda\/ropa-laboral\/industria\/polos-industria\/polo-road-winter\/\" \/>\n<meta property=\"og:site_name\" content=\"NOT IS NOT\" \/>\n<meta property=\"article:publisher\" content=\"https:\/\/www.facebook.com\/notisnotofficial\/\" \/>\n<meta property=\"article:modified_time\" content=\"2026-02-12T16:55:04+00:00\" \/>\n<meta property=\"og:image\" content=\"http:\/\/notisnot.com\/wp-content\/uploads\/2026\/02\/ROADWINTER_01014_01-1-scaled.jpg\" \/>\n\t<meta property=\"og:image:width\" content=\"1707\" \/>\n\t<meta property=\"og:image:height\" content=\"2560\" \/>\n\t<meta property=\"og:image:type\" content=\"image\/jpeg\" \/>\n<meta name=\"twitter:card\" content=\"summary_large_image\" \/>\n<meta name=\"twitter:label1\" content=\"Tiempo de lectura\" \/>\n\t<meta name=\"twitter:data1\" content=\"1 minuto\" \/>\n<script type=\"application\/ld+json\" class=\"yoast-schema-graph\">{\"@context\":\"https:\/\/schema.org\",\"@graph\":[{\"@type\":\"WebPage\",\"@id\":\"http:\/\/notisnot.com\/es\/tienda\/ropa-laboral\/industria\/polos-industria\/polo-road-winter\/\",\"url\":\"http:\/\/notisnot.com\/es\/tienda\/ropa-laboral\/industria\/polos-industria\/polo-road-winter\/\",\"name\":\"Polo Road Winter - NOT IS NOT\",\"isPartOf\":{\"@id\":\"http:\/\/notisnot.com\/#website\"},\"primaryImageOfPage\":{\"@id\":\"http:\/\/notisnot.com\/es\/tienda\/ropa-laboral\/industria\/polos-industria\/polo-road-winter\/#primaryimage\"},\"image\":{\"@id\":\"http:\/\/notisnot.com\/es\/tienda\/ropa-laboral\/industria\/polos-industria\/polo-road-winter\/#primaryimage\"},\"thumbnailUrl\":\"http:\/\/notisnot.com\/wp-content\/uploads\/2026\/02\/ROADWINTER_01014_01-1-scaled.jpg\",\"datePublished\":\"2026-02-12T16:55:03+00:00\",\"dateModified\":\"2026-02-12T16:55:04+00:00\",\"breadcrumb\":{\"@id\":\"http:\/\/notisnot.com\/es\/tienda\/ropa-laboral\/industria\/polos-industria\/polo-road-winter\/#breadcrumb\"},\"inLanguage\":\"es\",\"potentialAction\":[{\"@type\":\"ReadAction\",\"target\":[\"http:\/\/notisnot.com\/es\/tienda\/ropa-laboral\/industria\/polos-industria\/polo-road-winter\/\"]}]},{\"@type\":\"ImageObject\",\"inLanguage\":\"es\",\"@id\":\"http:\/\/notisnot.com\/es\/tienda\/ropa-laboral\/industria\/polos-industria\/polo-road-winter\/#primaryimage\",\"url\":\"http:\/\/notisnot.com\/wp-content\/uploads\/2026\/02\/ROADWINTER_01014_01-1-scaled.jpg\",\"contentUrl\":\"http:\/\/notisnot.com\/wp-content\/uploads\/2026\/02\/ROADWINTER_01014_01-1-scaled.jpg\",\"width\":1707,\"height\":2560},{\"@type\":\"BreadcrumbList\",\"@id\":\"http:\/\/notisnot.com\/es\/tienda\/ropa-laboral\/industria\/polos-industria\/polo-road-winter\/#breadcrumb\",\"itemListElement\":[{\"@type\":\"ListItem\",\"position\":1,\"name\":\"Home\",\"item\":\"http:\/\/notisnot.com\/\"},{\"@type\":\"ListItem\",\"position\":2,\"name\":\"Tienda\",\"item\":\"https:\/\/notisnot.com\/es\/tienda-woocomerce\/\"},{\"@type\":\"ListItem\",\"position\":3,\"name\":\"Polo Road Winter\"}]},{\"@type\":\"WebSite\",\"@id\":\"http:\/\/notisnot.com\/#website\",\"url\":\"http:\/\/notisnot.com\/\",\"name\":\"NOT IS NOT\",\"description\":\"\",\"potentialAction\":[{\"@type\":\"SearchAction\",\"target\":{\"@type\":\"EntryPoint\",\"urlTemplate\":\"http:\/\/notisnot.com\/?s={search_term_string}\"},\"query-input\":{\"@type\":\"PropertyValueSpecification\",\"valueRequired\":true,\"valueName\":\"search_term_string\"}}],\"inLanguage\":\"es\"}]}<\/script>\n<!-- \/ Yoast SEO plugin. -->","yoast_head_json":{"title":"Polo Road Winter - NOT IS NOT","robots":{"index":"index","follow":"follow","max-snippet":"max-snippet:-1","max-image-preview":"max-image-preview:large","max-video-preview":"max-video-preview:-1"},"canonical":"http:\/\/notisnot.com\/es\/tienda\/ropa-laboral\/industria\/polos-industria\/polo-road-winter\/","og_locale":"es_ES","og_type":"article","og_title":"Polo Road Winter - NOT IS NOT","og_description":"Polo bicolor de alta visibilidad, de manga larga. Cuello con 3 botones, con canal\u00e9 y costuras cubiertas. Aberturas laterales. Bandas retrorreflectantes segmentadas y termoselladas para facilitar el movimiento. El tejido, confeccionado con algod\u00f3n en el interior y poli\u00e9ster en el exterior, garantiza una gran transpirabilidad y comodidad, as\u00ed como una mayor durabilidad.","og_url":"http:\/\/notisnot.com\/es\/tienda\/ropa-laboral\/industria\/polos-industria\/polo-road-winter\/","og_site_name":"NOT IS NOT","article_publisher":"https:\/\/www.facebook.com\/notisnotofficial\/","article_modified_time":"2026-02-12T16:55:04+00:00","og_image":[{"width":1707,"height":2560,"url":"http:\/\/notisnot.com\/wp-content\/uploads\/2026\/02\/ROADWINTER_01014_01-1-scaled.jpg","type":"image\/jpeg"}],"twitter_card":"summary_large_image","twitter_misc":{"Tiempo de lectura":"1 minuto"},"schema":{"@context":"https:\/\/schema.org","@graph":[{"@type":"WebPage","@id":"http:\/\/notisnot.com\/es\/tienda\/ropa-laboral\/industria\/polos-industria\/polo-road-winter\/","url":"http:\/\/notisnot.com\/es\/tienda\/ropa-laboral\/industria\/polos-industria\/polo-road-winter\/","name":"Polo Road Winter - NOT IS NOT","isPartOf":{"@id":"http:\/\/notisnot.com\/#website"},"primaryImageOfPage":{"@id":"http:\/\/notisnot.com\/es\/tienda\/ropa-laboral\/industria\/polos-industria\/polo-road-winter\/#primaryimage"},"image":{"@id":"http:\/\/notisnot.com\/es\/tienda\/ropa-laboral\/industria\/polos-industria\/polo-road-winter\/#primaryimage"},"thumbnailUrl":"http:\/\/notisnot.com\/wp-content\/uploads\/2026\/02\/ROADWINTER_01014_01-1-scaled.jpg","datePublished":"2026-02-12T16:55:03+00:00","dateModified":"2026-02-12T16:55:04+00:00","breadcrumb":{"@id":"http:\/\/notisnot.com\/es\/tienda\/ropa-laboral\/industria\/polos-industria\/polo-road-winter\/#breadcrumb"},"inLanguage":"es","potentialAction":[{"@type":"ReadAction","target":["http:\/\/notisnot.com\/es\/tienda\/ropa-laboral\/industria\/polos-industria\/polo-road-winter\/"]}]},{"@type":"ImageObject","inLanguage":"es","@id":"http:\/\/notisnot.com\/es\/tienda\/ropa-laboral\/industria\/polos-industria\/polo-road-winter\/#primaryimage","url":"http:\/\/notisnot.com\/wp-content\/uploads\/2026\/02\/ROADWINTER_01014_01-1-scaled.jpg","contentUrl":"http:\/\/notisnot.com\/wp-content\/uploads\/2026\/02\/ROADWINTER_01014_01-1-scaled.jpg","width":1707,"height":2560},{"@type":"BreadcrumbList","@id":"http:\/\/notisnot.com\/es\/tienda\/ropa-laboral\/industria\/polos-industria\/polo-road-winter\/#breadcrumb","itemListElement":[{"@type":"ListItem","position":1,"name":"Home","item":"http:\/\/notisnot.com\/"},{"@type":"ListItem","position":2,"name":"Tienda","item":"https:\/\/notisnot.com\/es\/tienda-woocomerce\/"},{"@type":"ListItem","position":3,"name":"Polo Road Winter"}]},{"@type":"WebSite","@id":"http:\/\/notisnot.com\/#website","url":"http:\/\/notisnot.com\/","name":"NOT IS NOT","description":"","potentialAction":[{"@type":"SearchAction","target":{"@type":"EntryPoint","urlTemplate":"http:\/\/notisnot.com\/?s={search_term_string}"},"query-input":{"@type":"PropertyValueSpecification","valueRequired":true,"valueName":"search_term_string"}}],"inLanguage":"es"}]}},"_links":{"self":[{"href":"http:\/\/notisnot.com\/es\/wp-json\/wp\/v2\/product\/315949"}],"collection":[{"href":"http:\/\/notisnot.com\/es\/wp-json\/wp\/v2\/product"}],"about":[{"href":"http:\/\/notisnot.com\/es\/wp-json\/wp\/v2\/types\/product"}],"replies":[{"embeddable":true,"href":"http:\/\/notisnot.com\/es\/wp-json\/wp\/v2\/comments?post=315949"}],"wp:featuredmedia":[{"embeddable":true,"href":"http:\/\/notisnot.com\/es\/wp-json\/wp\/v2\/media\/315953"}],"wp:attachment":[{"href":"http:\/\/notisnot.com\/es\/wp-json\/wp\/v2\/media?parent=315949"}],"wp:term":[{"taxonomy":"product_cat","embeddable":true,"href":"http:\/\/notisnot.com\/es\/wp-json\/wp\/v2\/product_cat?post=315949"},{"taxonomy":"product_tag","embeddable":true,"href":"http:\/\/notisnot.com\/es\/wp-json\/wp\/v2\/product_tag?post=315949"}],"curies":[{"name":"wp","href":"https:\/\/api.w.org\/{rel}","templated":true}]}}