{"id":310738,"date":"2025-04-10T10:55:11","date_gmt":"2025-04-10T10:55:11","guid":{"rendered":"https:\/\/notisnot.com\/?post_type=product&#038;p=310738"},"modified":"2025-06-22T16:42:00","modified_gmt":"2025-06-22T16:42:00","slug":"pantalon-mujer-vaquero-casdy","status":"publish","type":"product","link":"http:\/\/notisnot.com\/es\/tienda\/ropa-laboral\/hosteleria\/pantalones\/pantalon-mujer-vaquero-casdy\/","title":{"rendered":"Pantalon mujer vaquero casdy"},"content":{"rendered":"<p><img loading=\"lazy\" decoding=\"async\" class=\"alignnone size-medium wp-image-310739\" src=\"https:\/\/notisnot.com\/wp-content\/uploads\/2025\/04\/780300-839-44-303x303.jpg\" alt=\"\" width=\"303\" height=\"303\" srcset=\"http:\/\/notisnot.com\/wp-content\/uploads\/2025\/04\/780300-839-44-303x303.jpg 303w, http:\/\/notisnot.com\/wp-content\/uploads\/2025\/04\/780300-839-44-505x505.jpg 505w, http:\/\/notisnot.com\/wp-content\/uploads\/2025\/04\/780300-839-44-768x768.jpg 768w, http:\/\/notisnot.com\/wp-content\/uploads\/2025\/04\/780300-839-44-12x12.jpg 12w, http:\/\/notisnot.com\/wp-content\/uploads\/2025\/04\/780300-839-44-20x20.jpg 20w, http:\/\/notisnot.com\/wp-content\/uploads\/2025\/04\/780300-839-44-600x600.jpg 600w, http:\/\/notisnot.com\/wp-content\/uploads\/2025\/04\/780300-839-44-91x91.jpg 91w, http:\/\/notisnot.com\/wp-content\/uploads\/2025\/04\/780300-839-44-50x50.jpg 50w, http:\/\/notisnot.com\/wp-content\/uploads\/2025\/04\/780300-839-44-100x100.jpg 100w, http:\/\/notisnot.com\/wp-content\/uploads\/2025\/04\/780300-839-44.jpg 1024w\" sizes=\"(max-width: 303px) 100vw, 303px\" \/> <img loading=\"lazy\" decoding=\"async\" class=\"alignnone size-medium wp-image-310740\" src=\"https:\/\/notisnot.com\/wp-content\/uploads\/2025\/04\/780300-839-44-1-303x303.jpg\" alt=\"\" width=\"303\" height=\"303\" srcset=\"http:\/\/notisnot.com\/wp-content\/uploads\/2025\/04\/780300-839-44-1-303x303.jpg 303w, http:\/\/notisnot.com\/wp-content\/uploads\/2025\/04\/780300-839-44-1-505x505.jpg 505w, http:\/\/notisnot.com\/wp-content\/uploads\/2025\/04\/780300-839-44-1-768x768.jpg 768w, http:\/\/notisnot.com\/wp-content\/uploads\/2025\/04\/780300-839-44-1-1536x1536.jpg 1536w, http:\/\/notisnot.com\/wp-content\/uploads\/2025\/04\/780300-839-44-1-12x12.jpg 12w, http:\/\/notisnot.com\/wp-content\/uploads\/2025\/04\/780300-839-44-1-20x20.jpg 20w, http:\/\/notisnot.com\/wp-content\/uploads\/2025\/04\/780300-839-44-1-600x600.jpg 600w, http:\/\/notisnot.com\/wp-content\/uploads\/2025\/04\/780300-839-44-1-91x91.jpg 91w, http:\/\/notisnot.com\/wp-content\/uploads\/2025\/04\/780300-839-44-1-50x50.jpg 50w, http:\/\/notisnot.com\/wp-content\/uploads\/2025\/04\/780300-839-44-1-100x100.jpg 100w, http:\/\/notisnot.com\/wp-content\/uploads\/2025\/04\/780300-839-44-1.jpg 2048w\" sizes=\"(max-width: 303px) 100vw, 303px\" \/> <img loading=\"lazy\" decoding=\"async\" class=\"alignnone size-medium wp-image-310741\" src=\"https:\/\/notisnot.com\/wp-content\/uploads\/2025\/04\/780300-841-46-303x303.jpg\" alt=\"\" width=\"303\" height=\"303\" srcset=\"http:\/\/notisnot.com\/wp-content\/uploads\/2025\/04\/780300-841-46-303x303.jpg 303w, http:\/\/notisnot.com\/wp-content\/uploads\/2025\/04\/780300-841-46-505x505.jpg 505w, http:\/\/notisnot.com\/wp-content\/uploads\/2025\/04\/780300-841-46-768x768.jpg 768w, http:\/\/notisnot.com\/wp-content\/uploads\/2025\/04\/780300-841-46-12x12.jpg 12w, http:\/\/notisnot.com\/wp-content\/uploads\/2025\/04\/780300-841-46-20x20.jpg 20w, http:\/\/notisnot.com\/wp-content\/uploads\/2025\/04\/780300-841-46-600x600.jpg 600w, http:\/\/notisnot.com\/wp-content\/uploads\/2025\/04\/780300-841-46-91x91.jpg 91w, http:\/\/notisnot.com\/wp-content\/uploads\/2025\/04\/780300-841-46-50x50.jpg 50w, http:\/\/notisnot.com\/wp-content\/uploads\/2025\/04\/780300-841-46-100x100.jpg 100w, http:\/\/notisnot.com\/wp-content\/uploads\/2025\/04\/780300-841-46.jpg 1024w\" sizes=\"(max-width: 303px) 100vw, 303px\" \/> <img loading=\"lazy\" decoding=\"async\" class=\"alignnone size-medium wp-image-310742\" src=\"https:\/\/notisnot.com\/wp-content\/uploads\/2025\/04\/780300-842-40-303x303.jpg\" alt=\"\" width=\"303\" height=\"303\" srcset=\"http:\/\/notisnot.com\/wp-content\/uploads\/2025\/04\/780300-842-40-303x303.jpg 303w, http:\/\/notisnot.com\/wp-content\/uploads\/2025\/04\/780300-842-40-505x505.jpg 505w, http:\/\/notisnot.com\/wp-content\/uploads\/2025\/04\/780300-842-40-768x768.jpg 768w, http:\/\/notisnot.com\/wp-content\/uploads\/2025\/04\/780300-842-40-12x12.jpg 12w, http:\/\/notisnot.com\/wp-content\/uploads\/2025\/04\/780300-842-40-20x20.jpg 20w, http:\/\/notisnot.com\/wp-content\/uploads\/2025\/04\/780300-842-40-600x600.jpg 600w, http:\/\/notisnot.com\/wp-content\/uploads\/2025\/04\/780300-842-40-91x91.jpg 91w, http:\/\/notisnot.com\/wp-content\/uploads\/2025\/04\/780300-842-40-50x50.jpg 50w, http:\/\/notisnot.com\/wp-content\/uploads\/2025\/04\/780300-842-40-100x100.jpg 100w, http:\/\/notisnot.com\/wp-content\/uploads\/2025\/04\/780300-842-40.jpg 1024w\" sizes=\"(max-width: 303px) 100vw, 303px\" \/> <img loading=\"lazy\" decoding=\"async\" class=\"alignnone size-medium wp-image-310743\" src=\"https:\/\/notisnot.com\/wp-content\/uploads\/2025\/04\/780300-843-48-303x303.jpg\" alt=\"\" width=\"303\" height=\"303\" srcset=\"http:\/\/notisnot.com\/wp-content\/uploads\/2025\/04\/780300-843-48-303x303.jpg 303w, http:\/\/notisnot.com\/wp-content\/uploads\/2025\/04\/780300-843-48-505x505.jpg 505w, http:\/\/notisnot.com\/wp-content\/uploads\/2025\/04\/780300-843-48-768x768.jpg 768w, http:\/\/notisnot.com\/wp-content\/uploads\/2025\/04\/780300-843-48-12x12.jpg 12w, http:\/\/notisnot.com\/wp-content\/uploads\/2025\/04\/780300-843-48-20x20.jpg 20w, http:\/\/notisnot.com\/wp-content\/uploads\/2025\/04\/780300-843-48-600x600.jpg 600w, http:\/\/notisnot.com\/wp-content\/uploads\/2025\/04\/780300-843-48-91x91.jpg 91w, http:\/\/notisnot.com\/wp-content\/uploads\/2025\/04\/780300-843-48-50x50.jpg 50w, http:\/\/notisnot.com\/wp-content\/uploads\/2025\/04\/780300-843-48-100x100.jpg 100w, http:\/\/notisnot.com\/wp-content\/uploads\/2025\/04\/780300-843-48.jpg 1024w\" sizes=\"(max-width: 303px) 100vw, 303px\" \/><\/p>","protected":false},"excerpt":{"rendered":"<p>El pantal\u00f3n Casdy est\u00e1 confeccionado con vaquero el\u00e1stico de alta calidad que garantiza una prenda duradera y resistente. Este tejido el\u00e1stico permite una mayor libertad de movimiento, lo que es crucial en un entorno de hosteler\u00eda.<\/p>\n<p>El dise\u00f1o de talle alto no solo es elegante, sino que tambi\u00e9n brinda comodidad durante todo el d\u00eda. Te sentir\u00e1s a gusto mientras mantienes una apariencia profesional.<\/p>","protected":false},"featured_media":310739,"comment_status":"open","ping_status":"closed","template":"","meta":{"_acf_changed":false},"product_cat":[463],"product_tag":[],"class_list":{"0":"post-310738","1":"product","2":"type-product","3":"status-publish","4":"has-post-thumbnail","6":"product_cat-pantalones","7":"pa_color-arena","8":"pa_color-azul-marino","9":"pa_color-negro","10":"pa_color-verde","11":"pa_tallaropa-531","12":"pa_tallaropa-466","13":"pa_tallaropa-467","14":"pa_tallaropa-468","15":"pa_tallaropa-469","16":"pa_tallaropa-470","17":"pa_tallaropa-471","18":"pa_tallaropa-472","19":"pa_tallaropa-473","20":"pa_tallaropa-474","21":"pa_tallaropa-475","22":"pa_tallaropa-476","23":"pa_tallaropa-477","25":"first","26":"instock","27":"taxable","28":"shipping-taxable","29":"purchasable","30":"product-type-variable"},"acf":[],"yoast_head":"<!-- This site is optimized with the Yoast SEO plugin v23.4 - https:\/\/yoast.com\/wordpress\/plugins\/seo\/ -->\n<title>Pantalon mujer vaquero casdy - NOT IS NOT<\/title>\n<meta name=\"robots\" content=\"index, follow, max-snippet:-1, max-image-preview:large, max-video-preview:-1\" \/>\n<link rel=\"canonical\" href=\"https:\/\/notisnot.com\/es\/tienda\/ropa-laboral\/hosteleria\/pantalones\/pantalon-mujer-vaquero-casdy\/\" \/>\n<meta property=\"og:locale\" content=\"es_ES\" \/>\n<meta property=\"og:type\" content=\"article\" \/>\n<meta property=\"og:title\" content=\"Pantalon mujer vaquero casdy - NOT IS NOT\" \/>\n<meta property=\"og:description\" content=\"El pantal\u00f3n Casdy est\u00e1 confeccionado con vaquero el\u00e1stico de alta calidad que garantiza una prenda duradera y resistente. Este tejido el\u00e1stico permite una mayor libertad de movimiento, lo que es crucial en un entorno de hosteler\u00eda.  El dise\u00f1o de talle alto no solo es elegante, sino que tambi\u00e9n brinda comodidad durante todo el d\u00eda. Te sentir\u00e1s a gusto mientras mantienes una apariencia profesional.\" \/>\n<meta property=\"og:url\" content=\"https:\/\/notisnot.com\/es\/tienda\/ropa-laboral\/hosteleria\/pantalones\/pantalon-mujer-vaquero-casdy\/\" \/>\n<meta property=\"og:site_name\" content=\"NOT IS NOT\" \/>\n<meta property=\"article:publisher\" content=\"https:\/\/www.facebook.com\/notisnotofficial\/\" \/>\n<meta property=\"article:modified_time\" content=\"2025-06-22T16:42:00+00:00\" \/>\n<meta property=\"og:image\" content=\"https:\/\/notisnot.com\/wp-content\/uploads\/2025\/04\/780300-839-44.jpg\" \/>\n\t<meta property=\"og:image:width\" content=\"1024\" \/>\n\t<meta property=\"og:image:height\" content=\"1024\" \/>\n\t<meta property=\"og:image:type\" content=\"image\/jpeg\" \/>\n<meta name=\"twitter:card\" content=\"summary_large_image\" \/>\n<meta name=\"twitter:label1\" content=\"Tiempo de lectura\" \/>\n\t<meta name=\"twitter:data1\" content=\"2 minutos\" \/>\n<script type=\"application\/ld+json\" class=\"yoast-schema-graph\">{\"@context\":\"https:\/\/schema.org\",\"@graph\":[{\"@type\":\"WebPage\",\"@id\":\"https:\/\/notisnot.com\/es\/tienda\/ropa-laboral\/hosteleria\/pantalones\/pantalon-mujer-vaquero-casdy\/\",\"url\":\"https:\/\/notisnot.com\/es\/tienda\/ropa-laboral\/hosteleria\/pantalones\/pantalon-mujer-vaquero-casdy\/\",\"name\":\"Pantalon mujer vaquero casdy - NOT IS NOT\",\"isPartOf\":{\"@id\":\"http:\/\/notisnot.com\/#website\"},\"primaryImageOfPage\":{\"@id\":\"https:\/\/notisnot.com\/es\/tienda\/ropa-laboral\/hosteleria\/pantalones\/pantalon-mujer-vaquero-casdy\/#primaryimage\"},\"image\":{\"@id\":\"https:\/\/notisnot.com\/es\/tienda\/ropa-laboral\/hosteleria\/pantalones\/pantalon-mujer-vaquero-casdy\/#primaryimage\"},\"thumbnailUrl\":\"http:\/\/notisnot.com\/wp-content\/uploads\/2025\/04\/780300-839-44.jpg\",\"datePublished\":\"2025-04-10T10:55:11+00:00\",\"dateModified\":\"2025-06-22T16:42:00+00:00\",\"breadcrumb\":{\"@id\":\"https:\/\/notisnot.com\/es\/tienda\/ropa-laboral\/hosteleria\/pantalones\/pantalon-mujer-vaquero-casdy\/#breadcrumb\"},\"inLanguage\":\"es\",\"potentialAction\":[{\"@type\":\"ReadAction\",\"target\":[\"https:\/\/notisnot.com\/es\/tienda\/ropa-laboral\/hosteleria\/pantalones\/pantalon-mujer-vaquero-casdy\/\"]}]},{\"@type\":\"ImageObject\",\"inLanguage\":\"es\",\"@id\":\"https:\/\/notisnot.com\/es\/tienda\/ropa-laboral\/hosteleria\/pantalones\/pantalon-mujer-vaquero-casdy\/#primaryimage\",\"url\":\"http:\/\/notisnot.com\/wp-content\/uploads\/2025\/04\/780300-839-44.jpg\",\"contentUrl\":\"http:\/\/notisnot.com\/wp-content\/uploads\/2025\/04\/780300-839-44.jpg\",\"width\":1024,\"height\":1024},{\"@type\":\"BreadcrumbList\",\"@id\":\"https:\/\/notisnot.com\/es\/tienda\/ropa-laboral\/hosteleria\/pantalones\/pantalon-mujer-vaquero-casdy\/#breadcrumb\",\"itemListElement\":[{\"@type\":\"ListItem\",\"position\":1,\"name\":\"Home\",\"item\":\"http:\/\/notisnot.com\/\"},{\"@type\":\"ListItem\",\"position\":2,\"name\":\"Tienda\",\"item\":\"https:\/\/notisnot.com\/es\/tienda-woocomerce\/\"},{\"@type\":\"ListItem\",\"position\":3,\"name\":\"Pantalon mujer vaquero casdy\"}]},{\"@type\":\"WebSite\",\"@id\":\"http:\/\/notisnot.com\/#website\",\"url\":\"http:\/\/notisnot.com\/\",\"name\":\"NOT IS NOT\",\"description\":\"\",\"potentialAction\":[{\"@type\":\"SearchAction\",\"target\":{\"@type\":\"EntryPoint\",\"urlTemplate\":\"http:\/\/notisnot.com\/?s={search_term_string}\"},\"query-input\":{\"@type\":\"PropertyValueSpecification\",\"valueRequired\":true,\"valueName\":\"search_term_string\"}}],\"inLanguage\":\"es\"}]}<\/script>\n<!-- \/ Yoast SEO plugin. -->","yoast_head_json":{"title":"Pantalon mujer vaquero casdy - NOT IS NOT","robots":{"index":"index","follow":"follow","max-snippet":"max-snippet:-1","max-image-preview":"max-image-preview:large","max-video-preview":"max-video-preview:-1"},"canonical":"https:\/\/notisnot.com\/es\/tienda\/ropa-laboral\/hosteleria\/pantalones\/pantalon-mujer-vaquero-casdy\/","og_locale":"es_ES","og_type":"article","og_title":"Pantalon mujer vaquero casdy - NOT IS NOT","og_description":"El pantal\u00f3n Casdy est\u00e1 confeccionado con vaquero el\u00e1stico de alta calidad que garantiza una prenda duradera y resistente. Este tejido el\u00e1stico permite una mayor libertad de movimiento, lo que es crucial en un entorno de hosteler\u00eda.  El dise\u00f1o de talle alto no solo es elegante, sino que tambi\u00e9n brinda comodidad durante todo el d\u00eda. Te sentir\u00e1s a gusto mientras mantienes una apariencia profesional.","og_url":"https:\/\/notisnot.com\/es\/tienda\/ropa-laboral\/hosteleria\/pantalones\/pantalon-mujer-vaquero-casdy\/","og_site_name":"NOT IS NOT","article_publisher":"https:\/\/www.facebook.com\/notisnotofficial\/","article_modified_time":"2025-06-22T16:42:00+00:00","og_image":[{"width":1024,"height":1024,"url":"https:\/\/notisnot.com\/wp-content\/uploads\/2025\/04\/780300-839-44.jpg","type":"image\/jpeg"}],"twitter_card":"summary_large_image","twitter_misc":{"Tiempo de lectura":"2 minutos"},"schema":{"@context":"https:\/\/schema.org","@graph":[{"@type":"WebPage","@id":"https:\/\/notisnot.com\/es\/tienda\/ropa-laboral\/hosteleria\/pantalones\/pantalon-mujer-vaquero-casdy\/","url":"https:\/\/notisnot.com\/es\/tienda\/ropa-laboral\/hosteleria\/pantalones\/pantalon-mujer-vaquero-casdy\/","name":"Pantalon mujer vaquero casdy - NOT IS NOT","isPartOf":{"@id":"http:\/\/notisnot.com\/#website"},"primaryImageOfPage":{"@id":"https:\/\/notisnot.com\/es\/tienda\/ropa-laboral\/hosteleria\/pantalones\/pantalon-mujer-vaquero-casdy\/#primaryimage"},"image":{"@id":"https:\/\/notisnot.com\/es\/tienda\/ropa-laboral\/hosteleria\/pantalones\/pantalon-mujer-vaquero-casdy\/#primaryimage"},"thumbnailUrl":"http:\/\/notisnot.com\/wp-content\/uploads\/2025\/04\/780300-839-44.jpg","datePublished":"2025-04-10T10:55:11+00:00","dateModified":"2025-06-22T16:42:00+00:00","breadcrumb":{"@id":"https:\/\/notisnot.com\/es\/tienda\/ropa-laboral\/hosteleria\/pantalones\/pantalon-mujer-vaquero-casdy\/#breadcrumb"},"inLanguage":"es","potentialAction":[{"@type":"ReadAction","target":["https:\/\/notisnot.com\/es\/tienda\/ropa-laboral\/hosteleria\/pantalones\/pantalon-mujer-vaquero-casdy\/"]}]},{"@type":"ImageObject","inLanguage":"es","@id":"https:\/\/notisnot.com\/es\/tienda\/ropa-laboral\/hosteleria\/pantalones\/pantalon-mujer-vaquero-casdy\/#primaryimage","url":"http:\/\/notisnot.com\/wp-content\/uploads\/2025\/04\/780300-839-44.jpg","contentUrl":"http:\/\/notisnot.com\/wp-content\/uploads\/2025\/04\/780300-839-44.jpg","width":1024,"height":1024},{"@type":"BreadcrumbList","@id":"https:\/\/notisnot.com\/es\/tienda\/ropa-laboral\/hosteleria\/pantalones\/pantalon-mujer-vaquero-casdy\/#breadcrumb","itemListElement":[{"@type":"ListItem","position":1,"name":"Home","item":"http:\/\/notisnot.com\/"},{"@type":"ListItem","position":2,"name":"Tienda","item":"https:\/\/notisnot.com\/es\/tienda-woocomerce\/"},{"@type":"ListItem","position":3,"name":"Pantalon mujer vaquero casdy"}]},{"@type":"WebSite","@id":"http:\/\/notisnot.com\/#website","url":"http:\/\/notisnot.com\/","name":"NOT IS NOT","description":"","potentialAction":[{"@type":"SearchAction","target":{"@type":"EntryPoint","urlTemplate":"http:\/\/notisnot.com\/?s={search_term_string}"},"query-input":{"@type":"PropertyValueSpecification","valueRequired":true,"valueName":"search_term_string"}}],"inLanguage":"es"}]}},"_links":{"self":[{"href":"http:\/\/notisnot.com\/es\/wp-json\/wp\/v2\/product\/310738"}],"collection":[{"href":"http:\/\/notisnot.com\/es\/wp-json\/wp\/v2\/product"}],"about":[{"href":"http:\/\/notisnot.com\/es\/wp-json\/wp\/v2\/types\/product"}],"replies":[{"embeddable":true,"href":"http:\/\/notisnot.com\/es\/wp-json\/wp\/v2\/comments?post=310738"}],"wp:featuredmedia":[{"embeddable":true,"href":"http:\/\/notisnot.com\/es\/wp-json\/wp\/v2\/media\/310739"}],"wp:attachment":[{"href":"http:\/\/notisnot.com\/es\/wp-json\/wp\/v2\/media?parent=310738"}],"wp:term":[{"taxonomy":"product_cat","embeddable":true,"href":"http:\/\/notisnot.com\/es\/wp-json\/wp\/v2\/product_cat?post=310738"},{"taxonomy":"product_tag","embeddable":true,"href":"http:\/\/notisnot.com\/es\/wp-json\/wp\/v2\/product_tag?post=310738"}],"curies":[{"name":"wp","href":"https:\/\/api.w.org\/{rel}","templated":true}]}}