{"id":310619,"date":"2025-04-10T10:17:58","date_gmt":"2025-04-10T10:17:58","guid":{"rendered":"https:\/\/notisnot.com\/?post_type=product&#038;p=310619"},"modified":"2025-11-25T18:37:22","modified_gmt":"2025-11-25T18:37:22","slug":"pantalon-mujer-chino-cheviot","status":"publish","type":"product","link":"http:\/\/notisnot.com\/es\/tienda\/ropa-laboral\/hosteleria\/pantalones\/pantalon-mujer-chino-cheviot\/","title":{"rendered":"Pantalon mujer chino cheviot"},"content":{"rendered":"<p><img loading=\"lazy\" decoding=\"async\" class=\"alignnone size-medium wp-image-310620\" src=\"https:\/\/notisnot.com\/wp-content\/uploads\/2025\/04\/700005-791-42-303x303.jpg\" alt=\"\" width=\"303\" height=\"303\" srcset=\"http:\/\/notisnot.com\/wp-content\/uploads\/2025\/04\/700005-791-42-303x303.jpg 303w, http:\/\/notisnot.com\/wp-content\/uploads\/2025\/04\/700005-791-42-505x505.jpg 505w, http:\/\/notisnot.com\/wp-content\/uploads\/2025\/04\/700005-791-42-768x768.jpg 768w, http:\/\/notisnot.com\/wp-content\/uploads\/2025\/04\/700005-791-42-12x12.jpg 12w, http:\/\/notisnot.com\/wp-content\/uploads\/2025\/04\/700005-791-42-20x20.jpg 20w, http:\/\/notisnot.com\/wp-content\/uploads\/2025\/04\/700005-791-42-600x600.jpg 600w, http:\/\/notisnot.com\/wp-content\/uploads\/2025\/04\/700005-791-42-91x91.jpg 91w, http:\/\/notisnot.com\/wp-content\/uploads\/2025\/04\/700005-791-42-50x50.jpg 50w, http:\/\/notisnot.com\/wp-content\/uploads\/2025\/04\/700005-791-42-100x100.jpg 100w, http:\/\/notisnot.com\/wp-content\/uploads\/2025\/04\/700005-791-42.jpg 1024w\" sizes=\"(max-width: 303px) 100vw, 303px\" \/> <img loading=\"lazy\" decoding=\"async\" class=\"alignnone size-medium wp-image-310621\" src=\"https:\/\/notisnot.com\/wp-content\/uploads\/2025\/04\/700005-791-42-1-303x303.jpg\" alt=\"\" width=\"303\" height=\"303\" srcset=\"http:\/\/notisnot.com\/wp-content\/uploads\/2025\/04\/700005-791-42-1-303x303.jpg 303w, http:\/\/notisnot.com\/wp-content\/uploads\/2025\/04\/700005-791-42-1-scaled-91x91.jpg 91w, http:\/\/notisnot.com\/wp-content\/uploads\/2025\/04\/700005-791-42-1-scaled-600x600.jpg 600w, http:\/\/notisnot.com\/wp-content\/uploads\/2025\/04\/700005-791-42-1-505x505.jpg 505w, http:\/\/notisnot.com\/wp-content\/uploads\/2025\/04\/700005-791-42-1-768x768.jpg 768w, http:\/\/notisnot.com\/wp-content\/uploads\/2025\/04\/700005-791-42-1-1536x1536.jpg 1536w, http:\/\/notisnot.com\/wp-content\/uploads\/2025\/04\/700005-791-42-1-2048x2048.jpg 2048w, http:\/\/notisnot.com\/wp-content\/uploads\/2025\/04\/700005-791-42-1-12x12.jpg 12w, http:\/\/notisnot.com\/wp-content\/uploads\/2025\/04\/700005-791-42-1-scaled.jpg 2560w\" sizes=\"(max-width: 303px) 100vw, 303px\" \/><\/p>","protected":false},"excerpt":{"rendered":"<p>Este pantal\u00f3n presenta un dise\u00f1o ajustado que realza la figura y brinda un aspecto elegante y pulido. El talle medio proporciona un ajuste c\u00f3modo que se adapta a diversas formas corporales.<\/p>\n<p>Cuenta con dos bolsillos en la parte delantera y dos bolsillos traseros, lo que proporciona un espacio pr\u00e1ctico para guardar objetos peque\u00f1os o herramientas de trabajo esenciales.<\/p>","protected":false},"featured_media":315497,"comment_status":"open","ping_status":"closed","template":"","meta":{"_acf_changed":false},"product_cat":[463],"product_tag":[],"class_list":{"0":"post-310619","1":"product","2":"type-product","3":"status-publish","4":"has-post-thumbnail","6":"product_cat-pantalones","7":"pa_color-cheviot-gris","8":"pa_tallaropa-466","9":"pa_tallaropa-467","10":"pa_tallaropa-468","11":"pa_tallaropa-469","12":"pa_tallaropa-470","13":"pa_tallaropa-471","14":"pa_tallaropa-472","15":"pa_tallaropa-473","16":"pa_tallaropa-474","17":"pa_tallaropa-475","18":"pa_tallaropa-476","19":"pa_tallaropa-477","21":"first","22":"instock","23":"taxable","24":"shipping-taxable","25":"purchasable","26":"product-type-variable"},"acf":[],"yoast_head":"<!-- This site is optimized with the Yoast SEO plugin v23.4 - https:\/\/yoast.com\/wordpress\/plugins\/seo\/ -->\n<title>Pantalon mujer chino cheviot - NOT IS NOT<\/title>\n<meta name=\"robots\" content=\"index, follow, max-snippet:-1, max-image-preview:large, max-video-preview:-1\" \/>\n<link rel=\"canonical\" href=\"http:\/\/notisnot.com\/es\/tienda\/ropa-laboral\/hosteleria\/pantalones\/pantalon-mujer-chino-cheviot\/\" \/>\n<meta property=\"og:locale\" content=\"es_ES\" \/>\n<meta property=\"og:type\" content=\"article\" \/>\n<meta property=\"og:title\" content=\"Pantalon mujer chino cheviot - NOT IS NOT\" \/>\n<meta property=\"og:description\" content=\"Este pantal\u00f3n presenta un dise\u00f1o ajustado que realza la figura y brinda un aspecto elegante y pulido. El talle medio proporciona un ajuste c\u00f3modo que se adapta a diversas formas corporales.  Cuenta con dos bolsillos en la parte delantera y dos bolsillos traseros, lo que proporciona un espacio pr\u00e1ctico para guardar objetos peque\u00f1os o herramientas de trabajo esenciales.\" \/>\n<meta property=\"og:url\" content=\"http:\/\/notisnot.com\/es\/tienda\/ropa-laboral\/hosteleria\/pantalones\/pantalon-mujer-chino-cheviot\/\" \/>\n<meta property=\"og:site_name\" content=\"NOT IS NOT\" \/>\n<meta property=\"article:publisher\" content=\"https:\/\/www.facebook.com\/notisnotofficial\/\" \/>\n<meta property=\"article:modified_time\" content=\"2025-11-25T18:37:22+00:00\" \/>\n<meta property=\"og:image\" content=\"http:\/\/notisnot.com\/wp-content\/uploads\/2025\/04\/pantalon-mujer-chino-cheviot.jpg\" \/>\n\t<meta property=\"og:image:width\" content=\"911\" \/>\n\t<meta property=\"og:image:height\" content=\"907\" \/>\n\t<meta property=\"og:image:type\" content=\"image\/jpeg\" \/>\n<meta name=\"twitter:card\" content=\"summary_large_image\" \/>\n<meta name=\"twitter:label1\" content=\"Tiempo de lectura\" \/>\n\t<meta name=\"twitter:data1\" content=\"1 minuto\" \/>\n<script type=\"application\/ld+json\" class=\"yoast-schema-graph\">{\"@context\":\"https:\/\/schema.org\",\"@graph\":[{\"@type\":\"WebPage\",\"@id\":\"http:\/\/notisnot.com\/es\/tienda\/ropa-laboral\/hosteleria\/pantalones\/pantalon-mujer-chino-cheviot\/\",\"url\":\"http:\/\/notisnot.com\/es\/tienda\/ropa-laboral\/hosteleria\/pantalones\/pantalon-mujer-chino-cheviot\/\",\"name\":\"Pantalon mujer chino cheviot - NOT IS NOT\",\"isPartOf\":{\"@id\":\"http:\/\/notisnot.com\/#website\"},\"primaryImageOfPage\":{\"@id\":\"http:\/\/notisnot.com\/es\/tienda\/ropa-laboral\/hosteleria\/pantalones\/pantalon-mujer-chino-cheviot\/#primaryimage\"},\"image\":{\"@id\":\"http:\/\/notisnot.com\/es\/tienda\/ropa-laboral\/hosteleria\/pantalones\/pantalon-mujer-chino-cheviot\/#primaryimage\"},\"thumbnailUrl\":\"http:\/\/notisnot.com\/wp-content\/uploads\/2025\/04\/pantalon-mujer-chino-cheviot.jpg\",\"datePublished\":\"2025-04-10T10:17:58+00:00\",\"dateModified\":\"2025-11-25T18:37:22+00:00\",\"breadcrumb\":{\"@id\":\"http:\/\/notisnot.com\/es\/tienda\/ropa-laboral\/hosteleria\/pantalones\/pantalon-mujer-chino-cheviot\/#breadcrumb\"},\"inLanguage\":\"es\",\"potentialAction\":[{\"@type\":\"ReadAction\",\"target\":[\"http:\/\/notisnot.com\/es\/tienda\/ropa-laboral\/hosteleria\/pantalones\/pantalon-mujer-chino-cheviot\/\"]}]},{\"@type\":\"ImageObject\",\"inLanguage\":\"es\",\"@id\":\"http:\/\/notisnot.com\/es\/tienda\/ropa-laboral\/hosteleria\/pantalones\/pantalon-mujer-chino-cheviot\/#primaryimage\",\"url\":\"http:\/\/notisnot.com\/wp-content\/uploads\/2025\/04\/pantalon-mujer-chino-cheviot.jpg\",\"contentUrl\":\"http:\/\/notisnot.com\/wp-content\/uploads\/2025\/04\/pantalon-mujer-chino-cheviot.jpg\",\"width\":911,\"height\":907},{\"@type\":\"BreadcrumbList\",\"@id\":\"http:\/\/notisnot.com\/es\/tienda\/ropa-laboral\/hosteleria\/pantalones\/pantalon-mujer-chino-cheviot\/#breadcrumb\",\"itemListElement\":[{\"@type\":\"ListItem\",\"position\":1,\"name\":\"Home\",\"item\":\"http:\/\/notisnot.com\/\"},{\"@type\":\"ListItem\",\"position\":2,\"name\":\"Tienda\",\"item\":\"https:\/\/notisnot.com\/es\/tienda-woocomerce\/\"},{\"@type\":\"ListItem\",\"position\":3,\"name\":\"Pantalon mujer chino cheviot\"}]},{\"@type\":\"WebSite\",\"@id\":\"http:\/\/notisnot.com\/#website\",\"url\":\"http:\/\/notisnot.com\/\",\"name\":\"NOT IS NOT\",\"description\":\"\",\"potentialAction\":[{\"@type\":\"SearchAction\",\"target\":{\"@type\":\"EntryPoint\",\"urlTemplate\":\"http:\/\/notisnot.com\/?s={search_term_string}\"},\"query-input\":{\"@type\":\"PropertyValueSpecification\",\"valueRequired\":true,\"valueName\":\"search_term_string\"}}],\"inLanguage\":\"es\"}]}<\/script>\n<!-- \/ Yoast SEO plugin. -->","yoast_head_json":{"title":"Pantalon mujer chino cheviot - NOT IS NOT","robots":{"index":"index","follow":"follow","max-snippet":"max-snippet:-1","max-image-preview":"max-image-preview:large","max-video-preview":"max-video-preview:-1"},"canonical":"http:\/\/notisnot.com\/es\/tienda\/ropa-laboral\/hosteleria\/pantalones\/pantalon-mujer-chino-cheviot\/","og_locale":"es_ES","og_type":"article","og_title":"Pantalon mujer chino cheviot - NOT IS NOT","og_description":"Este pantal\u00f3n presenta un dise\u00f1o ajustado que realza la figura y brinda un aspecto elegante y pulido. El talle medio proporciona un ajuste c\u00f3modo que se adapta a diversas formas corporales.  Cuenta con dos bolsillos en la parte delantera y dos bolsillos traseros, lo que proporciona un espacio pr\u00e1ctico para guardar objetos peque\u00f1os o herramientas de trabajo esenciales.","og_url":"http:\/\/notisnot.com\/es\/tienda\/ropa-laboral\/hosteleria\/pantalones\/pantalon-mujer-chino-cheviot\/","og_site_name":"NOT IS NOT","article_publisher":"https:\/\/www.facebook.com\/notisnotofficial\/","article_modified_time":"2025-11-25T18:37:22+00:00","og_image":[{"width":911,"height":907,"url":"http:\/\/notisnot.com\/wp-content\/uploads\/2025\/04\/pantalon-mujer-chino-cheviot.jpg","type":"image\/jpeg"}],"twitter_card":"summary_large_image","twitter_misc":{"Tiempo de lectura":"1 minuto"},"schema":{"@context":"https:\/\/schema.org","@graph":[{"@type":"WebPage","@id":"http:\/\/notisnot.com\/es\/tienda\/ropa-laboral\/hosteleria\/pantalones\/pantalon-mujer-chino-cheviot\/","url":"http:\/\/notisnot.com\/es\/tienda\/ropa-laboral\/hosteleria\/pantalones\/pantalon-mujer-chino-cheviot\/","name":"Pantalon mujer chino cheviot - NOT IS NOT","isPartOf":{"@id":"http:\/\/notisnot.com\/#website"},"primaryImageOfPage":{"@id":"http:\/\/notisnot.com\/es\/tienda\/ropa-laboral\/hosteleria\/pantalones\/pantalon-mujer-chino-cheviot\/#primaryimage"},"image":{"@id":"http:\/\/notisnot.com\/es\/tienda\/ropa-laboral\/hosteleria\/pantalones\/pantalon-mujer-chino-cheviot\/#primaryimage"},"thumbnailUrl":"http:\/\/notisnot.com\/wp-content\/uploads\/2025\/04\/pantalon-mujer-chino-cheviot.jpg","datePublished":"2025-04-10T10:17:58+00:00","dateModified":"2025-11-25T18:37:22+00:00","breadcrumb":{"@id":"http:\/\/notisnot.com\/es\/tienda\/ropa-laboral\/hosteleria\/pantalones\/pantalon-mujer-chino-cheviot\/#breadcrumb"},"inLanguage":"es","potentialAction":[{"@type":"ReadAction","target":["http:\/\/notisnot.com\/es\/tienda\/ropa-laboral\/hosteleria\/pantalones\/pantalon-mujer-chino-cheviot\/"]}]},{"@type":"ImageObject","inLanguage":"es","@id":"http:\/\/notisnot.com\/es\/tienda\/ropa-laboral\/hosteleria\/pantalones\/pantalon-mujer-chino-cheviot\/#primaryimage","url":"http:\/\/notisnot.com\/wp-content\/uploads\/2025\/04\/pantalon-mujer-chino-cheviot.jpg","contentUrl":"http:\/\/notisnot.com\/wp-content\/uploads\/2025\/04\/pantalon-mujer-chino-cheviot.jpg","width":911,"height":907},{"@type":"BreadcrumbList","@id":"http:\/\/notisnot.com\/es\/tienda\/ropa-laboral\/hosteleria\/pantalones\/pantalon-mujer-chino-cheviot\/#breadcrumb","itemListElement":[{"@type":"ListItem","position":1,"name":"Home","item":"http:\/\/notisnot.com\/"},{"@type":"ListItem","position":2,"name":"Tienda","item":"https:\/\/notisnot.com\/es\/tienda-woocomerce\/"},{"@type":"ListItem","position":3,"name":"Pantalon mujer chino cheviot"}]},{"@type":"WebSite","@id":"http:\/\/notisnot.com\/#website","url":"http:\/\/notisnot.com\/","name":"NOT IS NOT","description":"","potentialAction":[{"@type":"SearchAction","target":{"@type":"EntryPoint","urlTemplate":"http:\/\/notisnot.com\/?s={search_term_string}"},"query-input":{"@type":"PropertyValueSpecification","valueRequired":true,"valueName":"search_term_string"}}],"inLanguage":"es"}]}},"_links":{"self":[{"href":"http:\/\/notisnot.com\/es\/wp-json\/wp\/v2\/product\/310619"}],"collection":[{"href":"http:\/\/notisnot.com\/es\/wp-json\/wp\/v2\/product"}],"about":[{"href":"http:\/\/notisnot.com\/es\/wp-json\/wp\/v2\/types\/product"}],"replies":[{"embeddable":true,"href":"http:\/\/notisnot.com\/es\/wp-json\/wp\/v2\/comments?post=310619"}],"wp:featuredmedia":[{"embeddable":true,"href":"http:\/\/notisnot.com\/es\/wp-json\/wp\/v2\/media\/315497"}],"wp:attachment":[{"href":"http:\/\/notisnot.com\/es\/wp-json\/wp\/v2\/media?parent=310619"}],"wp:term":[{"taxonomy":"product_cat","embeddable":true,"href":"http:\/\/notisnot.com\/es\/wp-json\/wp\/v2\/product_cat?post=310619"},{"taxonomy":"product_tag","embeddable":true,"href":"http:\/\/notisnot.com\/es\/wp-json\/wp\/v2\/product_tag?post=310619"}],"curies":[{"name":"wp","href":"https:\/\/api.w.org\/{rel}","templated":true}]}}