{"id":310359,"date":"2025-04-09T11:55:53","date_gmt":"2025-04-09T11:55:53","guid":{"rendered":"https:\/\/notisnot.com\/?post_type=product&#038;p=310359"},"modified":"2025-06-22T16:52:28","modified_gmt":"2025-06-22T16:52:28","slug":"pantalon-mujer-bols-americano","status":"publish","type":"product","link":"http:\/\/notisnot.com\/es\/tienda\/ropa-laboral\/hosteleria\/pantalones\/pantalon-mujer-bols-americano\/","title":{"rendered":"Pantalon mujer bols. americano"},"content":{"rendered":"<p><img loading=\"lazy\" decoding=\"async\" class=\"alignnone size-medium wp-image-310360\" src=\"https:\/\/notisnot.com\/wp-content\/uploads\/2025\/04\/704800-001-XS-303x303.jpg\" alt=\"\" width=\"303\" height=\"303\" srcset=\"http:\/\/notisnot.com\/wp-content\/uploads\/2025\/04\/704800-001-XS-303x303.jpg 303w, http:\/\/notisnot.com\/wp-content\/uploads\/2025\/04\/704800-001-XS-505x505.jpg 505w, http:\/\/notisnot.com\/wp-content\/uploads\/2025\/04\/704800-001-XS-768x768.jpg 768w, http:\/\/notisnot.com\/wp-content\/uploads\/2025\/04\/704800-001-XS-12x12.jpg 12w, http:\/\/notisnot.com\/wp-content\/uploads\/2025\/04\/704800-001-XS-20x20.jpg 20w, http:\/\/notisnot.com\/wp-content\/uploads\/2025\/04\/704800-001-XS-600x600.jpg 600w, http:\/\/notisnot.com\/wp-content\/uploads\/2025\/04\/704800-001-XS-91x91.jpg 91w, http:\/\/notisnot.com\/wp-content\/uploads\/2025\/04\/704800-001-XS-50x50.jpg 50w, http:\/\/notisnot.com\/wp-content\/uploads\/2025\/04\/704800-001-XS-100x100.jpg 100w, http:\/\/notisnot.com\/wp-content\/uploads\/2025\/04\/704800-001-XS.jpg 1024w\" sizes=\"(max-width: 303px) 100vw, 303px\" \/> <img loading=\"lazy\" decoding=\"async\" class=\"alignnone size-medium wp-image-310361\" src=\"https:\/\/notisnot.com\/wp-content\/uploads\/2025\/04\/704800-101-YL-303x303.jpg\" alt=\"\" width=\"303\" height=\"303\" srcset=\"http:\/\/notisnot.com\/wp-content\/uploads\/2025\/04\/704800-101-YL-303x303.jpg 303w, http:\/\/notisnot.com\/wp-content\/uploads\/2025\/04\/704800-101-YL-505x505.jpg 505w, http:\/\/notisnot.com\/wp-content\/uploads\/2025\/04\/704800-101-YL-768x768.jpg 768w, http:\/\/notisnot.com\/wp-content\/uploads\/2025\/04\/704800-101-YL-12x12.jpg 12w, http:\/\/notisnot.com\/wp-content\/uploads\/2025\/04\/704800-101-YL-20x20.jpg 20w, http:\/\/notisnot.com\/wp-content\/uploads\/2025\/04\/704800-101-YL-600x600.jpg 600w, http:\/\/notisnot.com\/wp-content\/uploads\/2025\/04\/704800-101-YL-91x91.jpg 91w, http:\/\/notisnot.com\/wp-content\/uploads\/2025\/04\/704800-101-YL-50x50.jpg 50w, http:\/\/notisnot.com\/wp-content\/uploads\/2025\/04\/704800-101-YL-100x100.jpg 100w, http:\/\/notisnot.com\/wp-content\/uploads\/2025\/04\/704800-101-YL.jpg 1024w\" sizes=\"(max-width: 303px) 100vw, 303px\" \/> <img loading=\"lazy\" decoding=\"async\" class=\"alignnone size-medium wp-image-310362\" src=\"https:\/\/notisnot.com\/wp-content\/uploads\/2025\/04\/704800-103-XS-303x303.jpg\" alt=\"\" width=\"303\" height=\"303\" srcset=\"http:\/\/notisnot.com\/wp-content\/uploads\/2025\/04\/704800-103-XS-303x303.jpg 303w, http:\/\/notisnot.com\/wp-content\/uploads\/2025\/04\/704800-103-XS-505x505.jpg 505w, http:\/\/notisnot.com\/wp-content\/uploads\/2025\/04\/704800-103-XS-768x768.jpg 768w, http:\/\/notisnot.com\/wp-content\/uploads\/2025\/04\/704800-103-XS-12x12.jpg 12w, http:\/\/notisnot.com\/wp-content\/uploads\/2025\/04\/704800-103-XS-20x20.jpg 20w, http:\/\/notisnot.com\/wp-content\/uploads\/2025\/04\/704800-103-XS-600x600.jpg 600w, http:\/\/notisnot.com\/wp-content\/uploads\/2025\/04\/704800-103-XS-91x91.jpg 91w, http:\/\/notisnot.com\/wp-content\/uploads\/2025\/04\/704800-103-XS-50x50.jpg 50w, http:\/\/notisnot.com\/wp-content\/uploads\/2025\/04\/704800-103-XS-100x100.jpg 100w, http:\/\/notisnot.com\/wp-content\/uploads\/2025\/04\/704800-103-XS.jpg 1024w\" sizes=\"(max-width: 303px) 100vw, 303px\" \/> <img loading=\"lazy\" decoding=\"async\" class=\"alignnone size-medium wp-image-310363\" src=\"https:\/\/notisnot.com\/wp-content\/uploads\/2025\/04\/704800-106-XS-303x303.jpg\" alt=\"\" width=\"303\" height=\"303\" srcset=\"http:\/\/notisnot.com\/wp-content\/uploads\/2025\/04\/704800-106-XS-303x303.jpg 303w, http:\/\/notisnot.com\/wp-content\/uploads\/2025\/04\/704800-106-XS-505x505.jpg 505w, http:\/\/notisnot.com\/wp-content\/uploads\/2025\/04\/704800-106-XS-768x768.jpg 768w, http:\/\/notisnot.com\/wp-content\/uploads\/2025\/04\/704800-106-XS-12x12.jpg 12w, http:\/\/notisnot.com\/wp-content\/uploads\/2025\/04\/704800-106-XS-20x20.jpg 20w, http:\/\/notisnot.com\/wp-content\/uploads\/2025\/04\/704800-106-XS-600x600.jpg 600w, http:\/\/notisnot.com\/wp-content\/uploads\/2025\/04\/704800-106-XS-91x91.jpg 91w, http:\/\/notisnot.com\/wp-content\/uploads\/2025\/04\/704800-106-XS-50x50.jpg 50w, http:\/\/notisnot.com\/wp-content\/uploads\/2025\/04\/704800-106-XS-100x100.jpg 100w, http:\/\/notisnot.com\/wp-content\/uploads\/2025\/04\/704800-106-XS.jpg 1024w\" sizes=\"(max-width: 303px) 100vw, 303px\" \/> <img loading=\"lazy\" decoding=\"async\" class=\"alignnone size-medium wp-image-310364\" src=\"https:\/\/notisnot.com\/wp-content\/uploads\/2025\/04\/704800-108-XS-303x303.jpg\" alt=\"\" width=\"303\" height=\"303\" srcset=\"http:\/\/notisnot.com\/wp-content\/uploads\/2025\/04\/704800-108-XS-303x303.jpg 303w, http:\/\/notisnot.com\/wp-content\/uploads\/2025\/04\/704800-108-XS-505x505.jpg 505w, http:\/\/notisnot.com\/wp-content\/uploads\/2025\/04\/704800-108-XS-768x768.jpg 768w, http:\/\/notisnot.com\/wp-content\/uploads\/2025\/04\/704800-108-XS-12x12.jpg 12w, http:\/\/notisnot.com\/wp-content\/uploads\/2025\/04\/704800-108-XS-20x20.jpg 20w, http:\/\/notisnot.com\/wp-content\/uploads\/2025\/04\/704800-108-XS-600x600.jpg 600w, http:\/\/notisnot.com\/wp-content\/uploads\/2025\/04\/704800-108-XS-91x91.jpg 91w, http:\/\/notisnot.com\/wp-content\/uploads\/2025\/04\/704800-108-XS-50x50.jpg 50w, http:\/\/notisnot.com\/wp-content\/uploads\/2025\/04\/704800-108-XS-100x100.jpg 100w, http:\/\/notisnot.com\/wp-content\/uploads\/2025\/04\/704800-108-XS.jpg 1024w\" sizes=\"(max-width: 303px) 100vw, 303px\" \/> <img loading=\"lazy\" decoding=\"async\" class=\"alignnone size-medium wp-image-310365\" src=\"https:\/\/notisnot.com\/wp-content\/uploads\/2025\/04\/704800-123-XL-303x303.jpg\" alt=\"\" width=\"303\" height=\"303\" srcset=\"http:\/\/notisnot.com\/wp-content\/uploads\/2025\/04\/704800-123-XL-303x303.jpg 303w, http:\/\/notisnot.com\/wp-content\/uploads\/2025\/04\/704800-123-XL-505x505.jpg 505w, http:\/\/notisnot.com\/wp-content\/uploads\/2025\/04\/704800-123-XL-768x768.jpg 768w, http:\/\/notisnot.com\/wp-content\/uploads\/2025\/04\/704800-123-XL-12x12.jpg 12w, http:\/\/notisnot.com\/wp-content\/uploads\/2025\/04\/704800-123-XL-20x20.jpg 20w, http:\/\/notisnot.com\/wp-content\/uploads\/2025\/04\/704800-123-XL-600x600.jpg 600w, http:\/\/notisnot.com\/wp-content\/uploads\/2025\/04\/704800-123-XL-91x91.jpg 91w, http:\/\/notisnot.com\/wp-content\/uploads\/2025\/04\/704800-123-XL-50x50.jpg 50w, http:\/\/notisnot.com\/wp-content\/uploads\/2025\/04\/704800-123-XL-100x100.jpg 100w, http:\/\/notisnot.com\/wp-content\/uploads\/2025\/04\/704800-123-XL.jpg 1024w\" sizes=\"(max-width: 303px) 100vw, 303px\" \/> <img loading=\"lazy\" decoding=\"async\" class=\"alignnone size-medium wp-image-310366\" src=\"https:\/\/notisnot.com\/wp-content\/uploads\/2025\/04\/704800-128-L-303x303.jpg\" alt=\"\" width=\"303\" height=\"303\" srcset=\"http:\/\/notisnot.com\/wp-content\/uploads\/2025\/04\/704800-128-L-303x303.jpg 303w, http:\/\/notisnot.com\/wp-content\/uploads\/2025\/04\/704800-128-L-505x505.jpg 505w, http:\/\/notisnot.com\/wp-content\/uploads\/2025\/04\/704800-128-L-768x768.jpg 768w, http:\/\/notisnot.com\/wp-content\/uploads\/2025\/04\/704800-128-L-12x12.jpg 12w, http:\/\/notisnot.com\/wp-content\/uploads\/2025\/04\/704800-128-L-20x20.jpg 20w, http:\/\/notisnot.com\/wp-content\/uploads\/2025\/04\/704800-128-L-600x600.jpg 600w, http:\/\/notisnot.com\/wp-content\/uploads\/2025\/04\/704800-128-L-91x91.jpg 91w, http:\/\/notisnot.com\/wp-content\/uploads\/2025\/04\/704800-128-L-50x50.jpg 50w, http:\/\/notisnot.com\/wp-content\/uploads\/2025\/04\/704800-128-L-100x100.jpg 100w, http:\/\/notisnot.com\/wp-content\/uploads\/2025\/04\/704800-128-L.jpg 1024w\" sizes=\"(max-width: 303px) 100vw, 303px\" \/> <img loading=\"lazy\" decoding=\"async\" class=\"alignnone size-medium wp-image-310367\" src=\"https:\/\/notisnot.com\/wp-content\/uploads\/2025\/04\/704800-133-L-303x303.jpg\" alt=\"\" width=\"303\" height=\"303\" srcset=\"http:\/\/notisnot.com\/wp-content\/uploads\/2025\/04\/704800-133-L-303x303.jpg 303w, http:\/\/notisnot.com\/wp-content\/uploads\/2025\/04\/704800-133-L-505x505.jpg 505w, http:\/\/notisnot.com\/wp-content\/uploads\/2025\/04\/704800-133-L-768x768.jpg 768w, http:\/\/notisnot.com\/wp-content\/uploads\/2025\/04\/704800-133-L-12x12.jpg 12w, http:\/\/notisnot.com\/wp-content\/uploads\/2025\/04\/704800-133-L-20x20.jpg 20w, http:\/\/notisnot.com\/wp-content\/uploads\/2025\/04\/704800-133-L-600x600.jpg 600w, http:\/\/notisnot.com\/wp-content\/uploads\/2025\/04\/704800-133-L-91x91.jpg 91w, http:\/\/notisnot.com\/wp-content\/uploads\/2025\/04\/704800-133-L-50x50.jpg 50w, http:\/\/notisnot.com\/wp-content\/uploads\/2025\/04\/704800-133-L-100x100.jpg 100w, http:\/\/notisnot.com\/wp-content\/uploads\/2025\/04\/704800-133-L.jpg 1024w\" sizes=\"(max-width: 303px) 100vw, 303px\" \/> <img loading=\"lazy\" decoding=\"async\" class=\"alignnone size-medium wp-image-310368\" src=\"https:\/\/notisnot.com\/wp-content\/uploads\/2025\/04\/704800-136-YL-303x303.jpg\" alt=\"\" width=\"303\" height=\"303\" srcset=\"http:\/\/notisnot.com\/wp-content\/uploads\/2025\/04\/704800-136-YL-303x303.jpg 303w, http:\/\/notisnot.com\/wp-content\/uploads\/2025\/04\/704800-136-YL-505x505.jpg 505w, http:\/\/notisnot.com\/wp-content\/uploads\/2025\/04\/704800-136-YL-768x768.jpg 768w, http:\/\/notisnot.com\/wp-content\/uploads\/2025\/04\/704800-136-YL-12x12.jpg 12w, http:\/\/notisnot.com\/wp-content\/uploads\/2025\/04\/704800-136-YL-20x20.jpg 20w, http:\/\/notisnot.com\/wp-content\/uploads\/2025\/04\/704800-136-YL-600x600.jpg 600w, http:\/\/notisnot.com\/wp-content\/uploads\/2025\/04\/704800-136-YL-91x91.jpg 91w, http:\/\/notisnot.com\/wp-content\/uploads\/2025\/04\/704800-136-YL-50x50.jpg 50w, http:\/\/notisnot.com\/wp-content\/uploads\/2025\/04\/704800-136-YL-100x100.jpg 100w, http:\/\/notisnot.com\/wp-content\/uploads\/2025\/04\/704800-136-YL.jpg 1024w\" sizes=\"(max-width: 303px) 100vw, 303px\" \/> <img loading=\"lazy\" decoding=\"async\" class=\"alignnone size-medium wp-image-310369\" src=\"https:\/\/notisnot.com\/wp-content\/uploads\/2025\/04\/704800-145-XS-303x303.jpg\" alt=\"\" width=\"303\" height=\"303\" srcset=\"http:\/\/notisnot.com\/wp-content\/uploads\/2025\/04\/704800-145-XS-303x303.jpg 303w, http:\/\/notisnot.com\/wp-content\/uploads\/2025\/04\/704800-145-XS-505x505.jpg 505w, http:\/\/notisnot.com\/wp-content\/uploads\/2025\/04\/704800-145-XS-768x768.jpg 768w, http:\/\/notisnot.com\/wp-content\/uploads\/2025\/04\/704800-145-XS-12x12.jpg 12w, http:\/\/notisnot.com\/wp-content\/uploads\/2025\/04\/704800-145-XS-20x20.jpg 20w, http:\/\/notisnot.com\/wp-content\/uploads\/2025\/04\/704800-145-XS-600x600.jpg 600w, http:\/\/notisnot.com\/wp-content\/uploads\/2025\/04\/704800-145-XS-91x91.jpg 91w, http:\/\/notisnot.com\/wp-content\/uploads\/2025\/04\/704800-145-XS-50x50.jpg 50w, http:\/\/notisnot.com\/wp-content\/uploads\/2025\/04\/704800-145-XS-100x100.jpg 100w, http:\/\/notisnot.com\/wp-content\/uploads\/2025\/04\/704800-145-XS.jpg 1024w\" sizes=\"(max-width: 303px) 100vw, 303px\" \/> <img loading=\"lazy\" decoding=\"async\" class=\"alignnone size-medium wp-image-310370\" src=\"https:\/\/notisnot.com\/wp-content\/uploads\/2025\/04\/704800-152-S-303x303.jpg\" alt=\"\" width=\"303\" height=\"303\" srcset=\"http:\/\/notisnot.com\/wp-content\/uploads\/2025\/04\/704800-152-S-303x303.jpg 303w, http:\/\/notisnot.com\/wp-content\/uploads\/2025\/04\/704800-152-S-505x505.jpg 505w, http:\/\/notisnot.com\/wp-content\/uploads\/2025\/04\/704800-152-S-768x768.jpg 768w, http:\/\/notisnot.com\/wp-content\/uploads\/2025\/04\/704800-152-S-12x12.jpg 12w, http:\/\/notisnot.com\/wp-content\/uploads\/2025\/04\/704800-152-S-20x20.jpg 20w, http:\/\/notisnot.com\/wp-content\/uploads\/2025\/04\/704800-152-S-600x600.jpg 600w, http:\/\/notisnot.com\/wp-content\/uploads\/2025\/04\/704800-152-S-91x91.jpg 91w, http:\/\/notisnot.com\/wp-content\/uploads\/2025\/04\/704800-152-S-50x50.jpg 50w, http:\/\/notisnot.com\/wp-content\/uploads\/2025\/04\/704800-152-S-100x100.jpg 100w, http:\/\/notisnot.com\/wp-content\/uploads\/2025\/04\/704800-152-S.jpg 1024w\" sizes=\"(max-width: 303px) 100vw, 303px\" \/> <img loading=\"lazy\" decoding=\"async\" class=\"alignnone size-medium wp-image-310371\" src=\"https:\/\/notisnot.com\/wp-content\/uploads\/2025\/04\/704800-155-M-303x303.jpg\" alt=\"\" width=\"303\" height=\"303\" srcset=\"http:\/\/notisnot.com\/wp-content\/uploads\/2025\/04\/704800-155-M-303x303.jpg 303w, http:\/\/notisnot.com\/wp-content\/uploads\/2025\/04\/704800-155-M-505x505.jpg 505w, http:\/\/notisnot.com\/wp-content\/uploads\/2025\/04\/704800-155-M-768x768.jpg 768w, http:\/\/notisnot.com\/wp-content\/uploads\/2025\/04\/704800-155-M-12x12.jpg 12w, http:\/\/notisnot.com\/wp-content\/uploads\/2025\/04\/704800-155-M-20x20.jpg 20w, http:\/\/notisnot.com\/wp-content\/uploads\/2025\/04\/704800-155-M-600x600.jpg 600w, http:\/\/notisnot.com\/wp-content\/uploads\/2025\/04\/704800-155-M-91x91.jpg 91w, http:\/\/notisnot.com\/wp-content\/uploads\/2025\/04\/704800-155-M-50x50.jpg 50w, http:\/\/notisnot.com\/wp-content\/uploads\/2025\/04\/704800-155-M-100x100.jpg 100w, http:\/\/notisnot.com\/wp-content\/uploads\/2025\/04\/704800-155-M.jpg 1024w\" sizes=\"(max-width: 303px) 100vw, 303px\" \/><\/p>","protected":false},"excerpt":{"rendered":"<p>Excelencia en comodidad y estilo con nuestro Pantal\u00f3n para Mujer con Bolsillos Americanos. Dise\u00f1ado para profesionales de la salud y la industria, este pantal\u00f3n redefine la moda laboral con su innovador tejido MICROFIBRA 360 (95% Poli\u00e9ster - 5% Elastano). Este tejido revolucionario cuenta con un tratamiento antibacteriano SILVADUR, que incorpora iones de plata para proporcionar una protecci\u00f3n duradera y mantener la frescura durante toda la jornada laboral.<\/p>","protected":false},"featured_media":310371,"comment_status":"open","ping_status":"closed","template":"","meta":{"_acf_changed":false},"product_cat":[463],"product_tag":[],"class_list":{"0":"post-310359","1":"product","2":"type-product","3":"status-publish","4":"has-post-thumbnail","6":"product_cat-pantalones","7":"pa_color-albero","8":"pa_color-azul-grisaceo","9":"pa_color-azul-petroleo","10":"pa_color-azulina","11":"pa_color-blanco","12":"pa_color-coral","13":"pa_color-lila","14":"pa_color-morado","15":"pa_color-negro","16":"pa_color-rosa","17":"pa_color-verde","18":"pa_color-verde-agua","19":"pa_tallaropa-xs","20":"pa_tallaropa-s","21":"pa_tallaropa-m","22":"pa_tallaropa-l","23":"pa_tallaropa-xl","24":"pa_tallaropa-xxl","25":"pa_tallaropa-3xl","27":"first","28":"instock","29":"taxable","30":"shipping-taxable","31":"purchasable","32":"product-type-variable"},"acf":[],"yoast_head":"<!-- This site is optimized with the Yoast SEO plugin v23.4 - https:\/\/yoast.com\/wordpress\/plugins\/seo\/ -->\n<title>Pantalon mujer bols. americano - NOT IS NOT<\/title>\n<meta name=\"robots\" content=\"index, follow, max-snippet:-1, max-image-preview:large, max-video-preview:-1\" \/>\n<link rel=\"canonical\" href=\"http:\/\/notisnot.com\/es\/tienda\/ropa-laboral\/hosteleria\/pantalones\/pantalon-mujer-bols-americano\/\" \/>\n<meta property=\"og:locale\" content=\"es_ES\" \/>\n<meta property=\"og:type\" content=\"article\" \/>\n<meta property=\"og:title\" content=\"Pantalon mujer bols. americano - NOT IS NOT\" \/>\n<meta property=\"og:description\" content=\"Excelencia en comodidad y estilo con nuestro Pantal\u00f3n para Mujer con Bolsillos Americanos. Dise\u00f1ado para profesionales de la salud y la industria, este pantal\u00f3n redefine la moda laboral con su innovador tejido MICROFIBRA 360 (95% Poli\u00e9ster - 5% Elastano). Este tejido revolucionario cuenta con un tratamiento antibacteriano SILVADUR, que incorpora iones de plata para proporcionar una protecci\u00f3n duradera y mantener la frescura durante toda la jornada laboral.\" \/>\n<meta property=\"og:url\" content=\"http:\/\/notisnot.com\/es\/tienda\/ropa-laboral\/hosteleria\/pantalones\/pantalon-mujer-bols-americano\/\" \/>\n<meta property=\"og:site_name\" content=\"NOT IS NOT\" \/>\n<meta property=\"article:publisher\" content=\"https:\/\/www.facebook.com\/notisnotofficial\/\" \/>\n<meta property=\"article:modified_time\" content=\"2025-06-22T16:52:28+00:00\" \/>\n<meta property=\"og:image\" content=\"http:\/\/notisnot.com\/wp-content\/uploads\/2025\/04\/704800-155-M.jpg\" \/>\n\t<meta property=\"og:image:width\" content=\"1024\" \/>\n\t<meta property=\"og:image:height\" content=\"1024\" \/>\n\t<meta property=\"og:image:type\" content=\"image\/jpeg\" \/>\n<meta name=\"twitter:card\" content=\"summary_large_image\" \/>\n<meta name=\"twitter:label1\" content=\"Tiempo de lectura\" \/>\n\t<meta name=\"twitter:data1\" content=\"3 minutos\" \/>\n<script type=\"application\/ld+json\" class=\"yoast-schema-graph\">{\"@context\":\"https:\/\/schema.org\",\"@graph\":[{\"@type\":\"WebPage\",\"@id\":\"http:\/\/notisnot.com\/tienda\/ropa-laboral\/hosteleria\/pantalones\/pantalon-mujer-bols-americano\/\",\"url\":\"http:\/\/notisnot.com\/tienda\/ropa-laboral\/hosteleria\/pantalones\/pantalon-mujer-bols-americano\/\",\"name\":\"Pantalon mujer bols. americano - NOT IS NOT\",\"isPartOf\":{\"@id\":\"http:\/\/notisnot.com\/#website\"},\"primaryImageOfPage\":{\"@id\":\"http:\/\/notisnot.com\/tienda\/ropa-laboral\/hosteleria\/pantalones\/pantalon-mujer-bols-americano\/#primaryimage\"},\"image\":{\"@id\":\"http:\/\/notisnot.com\/tienda\/ropa-laboral\/hosteleria\/pantalones\/pantalon-mujer-bols-americano\/#primaryimage\"},\"thumbnailUrl\":\"http:\/\/notisnot.com\/wp-content\/uploads\/2025\/04\/704800-155-M.jpg\",\"datePublished\":\"2025-04-09T11:55:53+00:00\",\"dateModified\":\"2025-06-22T16:52:28+00:00\",\"breadcrumb\":{\"@id\":\"http:\/\/notisnot.com\/tienda\/ropa-laboral\/hosteleria\/pantalones\/pantalon-mujer-bols-americano\/#breadcrumb\"},\"inLanguage\":\"es\",\"potentialAction\":[{\"@type\":\"ReadAction\",\"target\":[\"http:\/\/notisnot.com\/tienda\/ropa-laboral\/hosteleria\/pantalones\/pantalon-mujer-bols-americano\/\"]}]},{\"@type\":\"ImageObject\",\"inLanguage\":\"es\",\"@id\":\"http:\/\/notisnot.com\/tienda\/ropa-laboral\/hosteleria\/pantalones\/pantalon-mujer-bols-americano\/#primaryimage\",\"url\":\"http:\/\/notisnot.com\/wp-content\/uploads\/2025\/04\/704800-155-M.jpg\",\"contentUrl\":\"http:\/\/notisnot.com\/wp-content\/uploads\/2025\/04\/704800-155-M.jpg\",\"width\":1024,\"height\":1024},{\"@type\":\"BreadcrumbList\",\"@id\":\"http:\/\/notisnot.com\/tienda\/ropa-laboral\/hosteleria\/pantalones\/pantalon-mujer-bols-americano\/#breadcrumb\",\"itemListElement\":[{\"@type\":\"ListItem\",\"position\":1,\"name\":\"Home\",\"item\":\"http:\/\/notisnot.com\/\"},{\"@type\":\"ListItem\",\"position\":2,\"name\":\"Tienda\",\"item\":\"https:\/\/notisnot.com\/es\/tienda-woocomerce\/\"},{\"@type\":\"ListItem\",\"position\":3,\"name\":\"Pantalon mujer bols. americano\"}]},{\"@type\":\"WebSite\",\"@id\":\"http:\/\/notisnot.com\/#website\",\"url\":\"http:\/\/notisnot.com\/\",\"name\":\"NOT IS NOT\",\"description\":\"\",\"potentialAction\":[{\"@type\":\"SearchAction\",\"target\":{\"@type\":\"EntryPoint\",\"urlTemplate\":\"http:\/\/notisnot.com\/?s={search_term_string}\"},\"query-input\":{\"@type\":\"PropertyValueSpecification\",\"valueRequired\":true,\"valueName\":\"search_term_string\"}}],\"inLanguage\":\"es\"}]}<\/script>\n<!-- \/ Yoast SEO plugin. -->","yoast_head_json":{"title":"Pantalon mujer bols. americano - NOT IS NOT","robots":{"index":"index","follow":"follow","max-snippet":"max-snippet:-1","max-image-preview":"max-image-preview:large","max-video-preview":"max-video-preview:-1"},"canonical":"http:\/\/notisnot.com\/es\/tienda\/ropa-laboral\/hosteleria\/pantalones\/pantalon-mujer-bols-americano\/","og_locale":"es_ES","og_type":"article","og_title":"Pantalon mujer bols. americano - NOT IS NOT","og_description":"Excelencia en comodidad y estilo con nuestro Pantal\u00f3n para Mujer con Bolsillos Americanos. Dise\u00f1ado para profesionales de la salud y la industria, este pantal\u00f3n redefine la moda laboral con su innovador tejido MICROFIBRA 360 (95% Poli\u00e9ster - 5% Elastano). Este tejido revolucionario cuenta con un tratamiento antibacteriano SILVADUR, que incorpora iones de plata para proporcionar una protecci\u00f3n duradera y mantener la frescura durante toda la jornada laboral.","og_url":"http:\/\/notisnot.com\/es\/tienda\/ropa-laboral\/hosteleria\/pantalones\/pantalon-mujer-bols-americano\/","og_site_name":"NOT IS NOT","article_publisher":"https:\/\/www.facebook.com\/notisnotofficial\/","article_modified_time":"2025-06-22T16:52:28+00:00","og_image":[{"width":1024,"height":1024,"url":"http:\/\/notisnot.com\/wp-content\/uploads\/2025\/04\/704800-155-M.jpg","type":"image\/jpeg"}],"twitter_card":"summary_large_image","twitter_misc":{"Tiempo de lectura":"3 minutos"},"schema":{"@context":"https:\/\/schema.org","@graph":[{"@type":"WebPage","@id":"http:\/\/notisnot.com\/tienda\/ropa-laboral\/hosteleria\/pantalones\/pantalon-mujer-bols-americano\/","url":"http:\/\/notisnot.com\/tienda\/ropa-laboral\/hosteleria\/pantalones\/pantalon-mujer-bols-americano\/","name":"Pantalon mujer bols. americano - NOT IS NOT","isPartOf":{"@id":"http:\/\/notisnot.com\/#website"},"primaryImageOfPage":{"@id":"http:\/\/notisnot.com\/tienda\/ropa-laboral\/hosteleria\/pantalones\/pantalon-mujer-bols-americano\/#primaryimage"},"image":{"@id":"http:\/\/notisnot.com\/tienda\/ropa-laboral\/hosteleria\/pantalones\/pantalon-mujer-bols-americano\/#primaryimage"},"thumbnailUrl":"http:\/\/notisnot.com\/wp-content\/uploads\/2025\/04\/704800-155-M.jpg","datePublished":"2025-04-09T11:55:53+00:00","dateModified":"2025-06-22T16:52:28+00:00","breadcrumb":{"@id":"http:\/\/notisnot.com\/tienda\/ropa-laboral\/hosteleria\/pantalones\/pantalon-mujer-bols-americano\/#breadcrumb"},"inLanguage":"es","potentialAction":[{"@type":"ReadAction","target":["http:\/\/notisnot.com\/tienda\/ropa-laboral\/hosteleria\/pantalones\/pantalon-mujer-bols-americano\/"]}]},{"@type":"ImageObject","inLanguage":"es","@id":"http:\/\/notisnot.com\/tienda\/ropa-laboral\/hosteleria\/pantalones\/pantalon-mujer-bols-americano\/#primaryimage","url":"http:\/\/notisnot.com\/wp-content\/uploads\/2025\/04\/704800-155-M.jpg","contentUrl":"http:\/\/notisnot.com\/wp-content\/uploads\/2025\/04\/704800-155-M.jpg","width":1024,"height":1024},{"@type":"BreadcrumbList","@id":"http:\/\/notisnot.com\/tienda\/ropa-laboral\/hosteleria\/pantalones\/pantalon-mujer-bols-americano\/#breadcrumb","itemListElement":[{"@type":"ListItem","position":1,"name":"Home","item":"http:\/\/notisnot.com\/"},{"@type":"ListItem","position":2,"name":"Tienda","item":"https:\/\/notisnot.com\/es\/tienda-woocomerce\/"},{"@type":"ListItem","position":3,"name":"Pantalon mujer bols. americano"}]},{"@type":"WebSite","@id":"http:\/\/notisnot.com\/#website","url":"http:\/\/notisnot.com\/","name":"NOT IS NOT","description":"","potentialAction":[{"@type":"SearchAction","target":{"@type":"EntryPoint","urlTemplate":"http:\/\/notisnot.com\/?s={search_term_string}"},"query-input":{"@type":"PropertyValueSpecification","valueRequired":true,"valueName":"search_term_string"}}],"inLanguage":"es"}]}},"_links":{"self":[{"href":"http:\/\/notisnot.com\/es\/wp-json\/wp\/v2\/product\/310359"}],"collection":[{"href":"http:\/\/notisnot.com\/es\/wp-json\/wp\/v2\/product"}],"about":[{"href":"http:\/\/notisnot.com\/es\/wp-json\/wp\/v2\/types\/product"}],"replies":[{"embeddable":true,"href":"http:\/\/notisnot.com\/es\/wp-json\/wp\/v2\/comments?post=310359"}],"wp:featuredmedia":[{"embeddable":true,"href":"http:\/\/notisnot.com\/es\/wp-json\/wp\/v2\/media\/310371"}],"wp:attachment":[{"href":"http:\/\/notisnot.com\/es\/wp-json\/wp\/v2\/media?parent=310359"}],"wp:term":[{"taxonomy":"product_cat","embeddable":true,"href":"http:\/\/notisnot.com\/es\/wp-json\/wp\/v2\/product_cat?post=310359"},{"taxonomy":"product_tag","embeddable":true,"href":"http:\/\/notisnot.com\/es\/wp-json\/wp\/v2\/product_tag?post=310359"}],"curies":[{"name":"wp","href":"https:\/\/api.w.org\/{rel}","templated":true}]}}