{"id":310340,"date":"2025-04-09T11:49:07","date_gmt":"2025-04-09T11:49:07","guid":{"rendered":"https:\/\/notisnot.com\/?post_type=product&#038;p=310340"},"modified":"2025-06-22T16:54:22","modified_gmt":"2025-06-22T16:54:22","slug":"pantalon-mujer-bambula-bajo-vuelto","status":"publish","type":"product","link":"http:\/\/notisnot.com\/es\/tienda\/ropa-laboral\/hosteleria\/pantalones\/pantalon-mujer-bambula-bajo-vuelto\/","title":{"rendered":"Pantalon mujer bambula bajo vuelto"},"content":{"rendered":"<p><img loading=\"lazy\" decoding=\"async\" class=\"alignnone size-medium wp-image-310341\" src=\"https:\/\/notisnot.com\/wp-content\/uploads\/2025\/04\/700033-110-XS-303x303.jpg\" alt=\"\" width=\"303\" height=\"303\" srcset=\"http:\/\/notisnot.com\/wp-content\/uploads\/2025\/04\/700033-110-XS-303x303.jpg 303w, http:\/\/notisnot.com\/wp-content\/uploads\/2025\/04\/700033-110-XS-505x505.jpg 505w, http:\/\/notisnot.com\/wp-content\/uploads\/2025\/04\/700033-110-XS-768x768.jpg 768w, http:\/\/notisnot.com\/wp-content\/uploads\/2025\/04\/700033-110-XS-12x12.jpg 12w, http:\/\/notisnot.com\/wp-content\/uploads\/2025\/04\/700033-110-XS-20x20.jpg 20w, http:\/\/notisnot.com\/wp-content\/uploads\/2025\/04\/700033-110-XS-600x600.jpg 600w, http:\/\/notisnot.com\/wp-content\/uploads\/2025\/04\/700033-110-XS-91x91.jpg 91w, http:\/\/notisnot.com\/wp-content\/uploads\/2025\/04\/700033-110-XS-50x50.jpg 50w, http:\/\/notisnot.com\/wp-content\/uploads\/2025\/04\/700033-110-XS-100x100.jpg 100w, http:\/\/notisnot.com\/wp-content\/uploads\/2025\/04\/700033-110-XS.jpg 1024w\" sizes=\"(max-width: 303px) 100vw, 303px\" \/> <img loading=\"lazy\" decoding=\"async\" class=\"alignnone size-medium wp-image-310342\" src=\"https:\/\/notisnot.com\/wp-content\/uploads\/2025\/04\/700033-110-XS-1-303x303.jpg\" alt=\"\" width=\"303\" height=\"303\" srcset=\"http:\/\/notisnot.com\/wp-content\/uploads\/2025\/04\/700033-110-XS-1-303x303.jpg 303w, http:\/\/notisnot.com\/wp-content\/uploads\/2025\/04\/700033-110-XS-1-91x91.jpg 91w, http:\/\/notisnot.com\/wp-content\/uploads\/2025\/04\/700033-110-XS-1-600x600.jpg 600w, http:\/\/notisnot.com\/wp-content\/uploads\/2025\/04\/700033-110-XS-1-505x505.jpg 505w, http:\/\/notisnot.com\/wp-content\/uploads\/2025\/04\/700033-110-XS-1-768x768.jpg 768w, http:\/\/notisnot.com\/wp-content\/uploads\/2025\/04\/700033-110-XS-1-1536x1536.jpg 1536w, http:\/\/notisnot.com\/wp-content\/uploads\/2025\/04\/700033-110-XS-1-12x12.jpg 12w, http:\/\/notisnot.com\/wp-content\/uploads\/2025\/04\/700033-110-XS-1.jpg 2048w\" sizes=\"(max-width: 303px) 100vw, 303px\" \/> <img loading=\"lazy\" decoding=\"async\" class=\"alignnone size-medium wp-image-310343\" src=\"https:\/\/notisnot.com\/wp-content\/uploads\/2025\/04\/700033-154-YL-303x303.jpg\" alt=\"\" width=\"303\" height=\"303\" srcset=\"http:\/\/notisnot.com\/wp-content\/uploads\/2025\/04\/700033-154-YL-303x303.jpg 303w, http:\/\/notisnot.com\/wp-content\/uploads\/2025\/04\/700033-154-YL-91x91.jpg 91w, http:\/\/notisnot.com\/wp-content\/uploads\/2025\/04\/700033-154-YL-600x600.jpg 600w, http:\/\/notisnot.com\/wp-content\/uploads\/2025\/04\/700033-154-YL-505x505.jpg 505w, http:\/\/notisnot.com\/wp-content\/uploads\/2025\/04\/700033-154-YL-768x768.jpg 768w, http:\/\/notisnot.com\/wp-content\/uploads\/2025\/04\/700033-154-YL-12x12.jpg 12w, http:\/\/notisnot.com\/wp-content\/uploads\/2025\/04\/700033-154-YL.jpg 1024w\" sizes=\"(max-width: 303px) 100vw, 303px\" \/> <img loading=\"lazy\" decoding=\"async\" class=\"alignnone size-medium wp-image-310344\" src=\"https:\/\/notisnot.com\/wp-content\/uploads\/2025\/04\/700033-154-YL-2-303x303.jpg\" alt=\"\" width=\"303\" height=\"303\" srcset=\"http:\/\/notisnot.com\/wp-content\/uploads\/2025\/04\/700033-154-YL-2-303x303.jpg 303w, http:\/\/notisnot.com\/wp-content\/uploads\/2025\/04\/700033-154-YL-2-91x91.jpg 91w, http:\/\/notisnot.com\/wp-content\/uploads\/2025\/04\/700033-154-YL-2-600x600.jpg 600w, http:\/\/notisnot.com\/wp-content\/uploads\/2025\/04\/700033-154-YL-2-505x505.jpg 505w, http:\/\/notisnot.com\/wp-content\/uploads\/2025\/04\/700033-154-YL-2-768x768.jpg 768w, http:\/\/notisnot.com\/wp-content\/uploads\/2025\/04\/700033-154-YL-2-1536x1536.jpg 1536w, http:\/\/notisnot.com\/wp-content\/uploads\/2025\/04\/700033-154-YL-2-12x12.jpg 12w, http:\/\/notisnot.com\/wp-content\/uploads\/2025\/04\/700033-154-YL-2.jpg 2048w\" sizes=\"(max-width: 303px) 100vw, 303px\" \/><\/p>","protected":false},"excerpt":{"rendered":"<p>Este pantal\u00f3n de mujer est\u00e1 fabricado en bambula, un tejido 100% poli\u00e9ster (PES) que ofrece una combinaci\u00f3n \u00fanica de suavidad y durabilidad. Esta elecci\u00f3n de material garantiza una prenda que se siente agradable al tacto y que resiste las demandas de la hosteler\u00eda.<\/p>","protected":false},"featured_media":310341,"comment_status":"open","ping_status":"closed","template":"","meta":{"_acf_changed":false},"product_cat":[463],"product_tag":[],"class_list":{"0":"post-310340","1":"product","2":"type-product","3":"status-publish","4":"has-post-thumbnail","6":"product_cat-pantalones","7":"pa_color-beige","8":"pa_color-verde-musgo","9":"pa_tallaropa-xs","10":"pa_tallaropa-s","11":"pa_tallaropa-m","12":"pa_tallaropa-l","13":"pa_tallaropa-xl","14":"pa_tallaropa-xxl","15":"pa_tallaropa-3xl","17":"first","18":"instock","19":"taxable","20":"shipping-taxable","21":"purchasable","22":"product-type-variable"},"acf":[],"yoast_head":"<!-- This site is optimized with the Yoast SEO plugin v23.4 - https:\/\/yoast.com\/wordpress\/plugins\/seo\/ -->\n<title>Pantalon mujer bambula bajo vuelto - NOT IS NOT<\/title>\n<meta name=\"robots\" content=\"index, follow, max-snippet:-1, max-image-preview:large, max-video-preview:-1\" \/>\n<link rel=\"canonical\" href=\"http:\/\/notisnot.com\/es\/tienda\/ropa-laboral\/hosteleria\/pantalones\/pantalon-mujer-bambula-bajo-vuelto\/\" \/>\n<meta property=\"og:locale\" content=\"es_ES\" \/>\n<meta property=\"og:type\" content=\"article\" \/>\n<meta property=\"og:title\" content=\"Pantalon mujer bambula bajo vuelto - NOT IS NOT\" \/>\n<meta property=\"og:description\" content=\"Este pantal\u00f3n de mujer est\u00e1 fabricado en bambula, un tejido 100% poli\u00e9ster (PES) que ofrece una combinaci\u00f3n \u00fanica de suavidad y durabilidad. Esta elecci\u00f3n de material garantiza una prenda que se siente agradable al tacto y que resiste las demandas de la hosteler\u00eda.\" \/>\n<meta property=\"og:url\" content=\"http:\/\/notisnot.com\/es\/tienda\/ropa-laboral\/hosteleria\/pantalones\/pantalon-mujer-bambula-bajo-vuelto\/\" \/>\n<meta property=\"og:site_name\" content=\"NOT IS NOT\" \/>\n<meta property=\"article:publisher\" content=\"https:\/\/www.facebook.com\/notisnotofficial\/\" \/>\n<meta property=\"article:modified_time\" content=\"2025-06-22T16:54:22+00:00\" \/>\n<meta property=\"og:image\" content=\"http:\/\/notisnot.com\/wp-content\/uploads\/2025\/04\/700033-110-XS.jpg\" \/>\n\t<meta property=\"og:image:width\" content=\"1024\" \/>\n\t<meta property=\"og:image:height\" content=\"1024\" \/>\n\t<meta property=\"og:image:type\" content=\"image\/jpeg\" \/>\n<meta name=\"twitter:card\" content=\"summary_large_image\" \/>\n<meta name=\"twitter:label1\" content=\"Tiempo de lectura\" \/>\n\t<meta name=\"twitter:data1\" content=\"1 minuto\" \/>\n<script type=\"application\/ld+json\" class=\"yoast-schema-graph\">{\"@context\":\"https:\/\/schema.org\",\"@graph\":[{\"@type\":\"WebPage\",\"@id\":\"http:\/\/notisnot.com\/tienda\/ropa-laboral\/hosteleria\/pantalones\/pantalon-mujer-bambula-bajo-vuelto\/\",\"url\":\"http:\/\/notisnot.com\/tienda\/ropa-laboral\/hosteleria\/pantalones\/pantalon-mujer-bambula-bajo-vuelto\/\",\"name\":\"Pantalon mujer bambula bajo vuelto - NOT IS NOT\",\"isPartOf\":{\"@id\":\"http:\/\/notisnot.com\/#website\"},\"primaryImageOfPage\":{\"@id\":\"http:\/\/notisnot.com\/tienda\/ropa-laboral\/hosteleria\/pantalones\/pantalon-mujer-bambula-bajo-vuelto\/#primaryimage\"},\"image\":{\"@id\":\"http:\/\/notisnot.com\/tienda\/ropa-laboral\/hosteleria\/pantalones\/pantalon-mujer-bambula-bajo-vuelto\/#primaryimage\"},\"thumbnailUrl\":\"http:\/\/notisnot.com\/wp-content\/uploads\/2025\/04\/700033-110-XS.jpg\",\"datePublished\":\"2025-04-09T11:49:07+00:00\",\"dateModified\":\"2025-06-22T16:54:22+00:00\",\"breadcrumb\":{\"@id\":\"http:\/\/notisnot.com\/tienda\/ropa-laboral\/hosteleria\/pantalones\/pantalon-mujer-bambula-bajo-vuelto\/#breadcrumb\"},\"inLanguage\":\"es\",\"potentialAction\":[{\"@type\":\"ReadAction\",\"target\":[\"http:\/\/notisnot.com\/tienda\/ropa-laboral\/hosteleria\/pantalones\/pantalon-mujer-bambula-bajo-vuelto\/\"]}]},{\"@type\":\"ImageObject\",\"inLanguage\":\"es\",\"@id\":\"http:\/\/notisnot.com\/tienda\/ropa-laboral\/hosteleria\/pantalones\/pantalon-mujer-bambula-bajo-vuelto\/#primaryimage\",\"url\":\"http:\/\/notisnot.com\/wp-content\/uploads\/2025\/04\/700033-110-XS.jpg\",\"contentUrl\":\"http:\/\/notisnot.com\/wp-content\/uploads\/2025\/04\/700033-110-XS.jpg\",\"width\":1024,\"height\":1024},{\"@type\":\"BreadcrumbList\",\"@id\":\"http:\/\/notisnot.com\/tienda\/ropa-laboral\/hosteleria\/pantalones\/pantalon-mujer-bambula-bajo-vuelto\/#breadcrumb\",\"itemListElement\":[{\"@type\":\"ListItem\",\"position\":1,\"name\":\"Home\",\"item\":\"http:\/\/notisnot.com\/\"},{\"@type\":\"ListItem\",\"position\":2,\"name\":\"Tienda\",\"item\":\"https:\/\/notisnot.com\/es\/tienda-woocomerce\/\"},{\"@type\":\"ListItem\",\"position\":3,\"name\":\"Pantalon mujer bambula bajo vuelto\"}]},{\"@type\":\"WebSite\",\"@id\":\"http:\/\/notisnot.com\/#website\",\"url\":\"http:\/\/notisnot.com\/\",\"name\":\"NOT IS NOT\",\"description\":\"\",\"potentialAction\":[{\"@type\":\"SearchAction\",\"target\":{\"@type\":\"EntryPoint\",\"urlTemplate\":\"http:\/\/notisnot.com\/?s={search_term_string}\"},\"query-input\":{\"@type\":\"PropertyValueSpecification\",\"valueRequired\":true,\"valueName\":\"search_term_string\"}}],\"inLanguage\":\"es\"}]}<\/script>\n<!-- \/ Yoast SEO plugin. -->","yoast_head_json":{"title":"Pantalon mujer bambula bajo vuelto - NOT IS NOT","robots":{"index":"index","follow":"follow","max-snippet":"max-snippet:-1","max-image-preview":"max-image-preview:large","max-video-preview":"max-video-preview:-1"},"canonical":"http:\/\/notisnot.com\/es\/tienda\/ropa-laboral\/hosteleria\/pantalones\/pantalon-mujer-bambula-bajo-vuelto\/","og_locale":"es_ES","og_type":"article","og_title":"Pantalon mujer bambula bajo vuelto - NOT IS NOT","og_description":"Este pantal\u00f3n de mujer est\u00e1 fabricado en bambula, un tejido 100% poli\u00e9ster (PES) que ofrece una combinaci\u00f3n \u00fanica de suavidad y durabilidad. Esta elecci\u00f3n de material garantiza una prenda que se siente agradable al tacto y que resiste las demandas de la hosteler\u00eda.","og_url":"http:\/\/notisnot.com\/es\/tienda\/ropa-laboral\/hosteleria\/pantalones\/pantalon-mujer-bambula-bajo-vuelto\/","og_site_name":"NOT IS NOT","article_publisher":"https:\/\/www.facebook.com\/notisnotofficial\/","article_modified_time":"2025-06-22T16:54:22+00:00","og_image":[{"width":1024,"height":1024,"url":"http:\/\/notisnot.com\/wp-content\/uploads\/2025\/04\/700033-110-XS.jpg","type":"image\/jpeg"}],"twitter_card":"summary_large_image","twitter_misc":{"Tiempo de lectura":"1 minuto"},"schema":{"@context":"https:\/\/schema.org","@graph":[{"@type":"WebPage","@id":"http:\/\/notisnot.com\/tienda\/ropa-laboral\/hosteleria\/pantalones\/pantalon-mujer-bambula-bajo-vuelto\/","url":"http:\/\/notisnot.com\/tienda\/ropa-laboral\/hosteleria\/pantalones\/pantalon-mujer-bambula-bajo-vuelto\/","name":"Pantalon mujer bambula bajo vuelto - NOT IS NOT","isPartOf":{"@id":"http:\/\/notisnot.com\/#website"},"primaryImageOfPage":{"@id":"http:\/\/notisnot.com\/tienda\/ropa-laboral\/hosteleria\/pantalones\/pantalon-mujer-bambula-bajo-vuelto\/#primaryimage"},"image":{"@id":"http:\/\/notisnot.com\/tienda\/ropa-laboral\/hosteleria\/pantalones\/pantalon-mujer-bambula-bajo-vuelto\/#primaryimage"},"thumbnailUrl":"http:\/\/notisnot.com\/wp-content\/uploads\/2025\/04\/700033-110-XS.jpg","datePublished":"2025-04-09T11:49:07+00:00","dateModified":"2025-06-22T16:54:22+00:00","breadcrumb":{"@id":"http:\/\/notisnot.com\/tienda\/ropa-laboral\/hosteleria\/pantalones\/pantalon-mujer-bambula-bajo-vuelto\/#breadcrumb"},"inLanguage":"es","potentialAction":[{"@type":"ReadAction","target":["http:\/\/notisnot.com\/tienda\/ropa-laboral\/hosteleria\/pantalones\/pantalon-mujer-bambula-bajo-vuelto\/"]}]},{"@type":"ImageObject","inLanguage":"es","@id":"http:\/\/notisnot.com\/tienda\/ropa-laboral\/hosteleria\/pantalones\/pantalon-mujer-bambula-bajo-vuelto\/#primaryimage","url":"http:\/\/notisnot.com\/wp-content\/uploads\/2025\/04\/700033-110-XS.jpg","contentUrl":"http:\/\/notisnot.com\/wp-content\/uploads\/2025\/04\/700033-110-XS.jpg","width":1024,"height":1024},{"@type":"BreadcrumbList","@id":"http:\/\/notisnot.com\/tienda\/ropa-laboral\/hosteleria\/pantalones\/pantalon-mujer-bambula-bajo-vuelto\/#breadcrumb","itemListElement":[{"@type":"ListItem","position":1,"name":"Home","item":"http:\/\/notisnot.com\/"},{"@type":"ListItem","position":2,"name":"Tienda","item":"https:\/\/notisnot.com\/es\/tienda-woocomerce\/"},{"@type":"ListItem","position":3,"name":"Pantalon mujer bambula bajo vuelto"}]},{"@type":"WebSite","@id":"http:\/\/notisnot.com\/#website","url":"http:\/\/notisnot.com\/","name":"NOT IS NOT","description":"","potentialAction":[{"@type":"SearchAction","target":{"@type":"EntryPoint","urlTemplate":"http:\/\/notisnot.com\/?s={search_term_string}"},"query-input":{"@type":"PropertyValueSpecification","valueRequired":true,"valueName":"search_term_string"}}],"inLanguage":"es"}]}},"_links":{"self":[{"href":"http:\/\/notisnot.com\/es\/wp-json\/wp\/v2\/product\/310340"}],"collection":[{"href":"http:\/\/notisnot.com\/es\/wp-json\/wp\/v2\/product"}],"about":[{"href":"http:\/\/notisnot.com\/es\/wp-json\/wp\/v2\/types\/product"}],"replies":[{"embeddable":true,"href":"http:\/\/notisnot.com\/es\/wp-json\/wp\/v2\/comments?post=310340"}],"wp:featuredmedia":[{"embeddable":true,"href":"http:\/\/notisnot.com\/es\/wp-json\/wp\/v2\/media\/310341"}],"wp:attachment":[{"href":"http:\/\/notisnot.com\/es\/wp-json\/wp\/v2\/media?parent=310340"}],"wp:term":[{"taxonomy":"product_cat","embeddable":true,"href":"http:\/\/notisnot.com\/es\/wp-json\/wp\/v2\/product_cat?post=310340"},{"taxonomy":"product_tag","embeddable":true,"href":"http:\/\/notisnot.com\/es\/wp-json\/wp\/v2\/product_tag?post=310340"}],"curies":[{"name":"wp","href":"https:\/\/api.w.org\/{rel}","templated":true}]}}