{"id":305092,"date":"2025-03-19T10:06:45","date_gmt":"2025-03-19T10:06:45","guid":{"rendered":"https:\/\/notisnot.com\/?post_type=product&#038;p=305092"},"modified":"2025-12-01T17:10:45","modified_gmt":"2025-12-01T17:10:45","slug":"pantalon-volan-para-hombre-con-boton","status":"publish","type":"product","link":"http:\/\/notisnot.com\/es\/tienda\/ropa-laboral\/sanitario\/pantalones-sanitario\/pantalon-volan-para-hombre-con-boton\/","title":{"rendered":"Pantalon volan para hombre con bot\u00f3n"},"content":{"rendered":"<p><img loading=\"lazy\" decoding=\"async\" class=\"alignnone size-medium wp-image-305104\" src=\"https:\/\/notisnot.com\/wp-content\/uploads\/2025\/03\/Captura-de-pantalla-2025-03-18-125210-300x453.png\" alt=\"\" width=\"300\" height=\"453\" srcset=\"http:\/\/notisnot.com\/wp-content\/uploads\/2025\/03\/Captura-de-pantalla-2025-03-18-125210-300x453.png 300w, http:\/\/notisnot.com\/wp-content\/uploads\/2025\/03\/Captura-de-pantalla-2025-03-18-125210-499x753.png 499w, http:\/\/notisnot.com\/wp-content\/uploads\/2025\/03\/Captura-de-pantalla-2025-03-18-125210-8x12.png 8w, http:\/\/notisnot.com\/wp-content\/uploads\/2025\/03\/Captura-de-pantalla-2025-03-18-125210-13x20.png 13w, http:\/\/notisnot.com\/wp-content\/uploads\/2025\/03\/Captura-de-pantalla-2025-03-18-125210-91x138.png 91w, http:\/\/notisnot.com\/wp-content\/uploads\/2025\/03\/Captura-de-pantalla-2025-03-18-125210.png 541w\" sizes=\"(max-width: 300px) 100vw, 300px\" \/> <img loading=\"lazy\" decoding=\"async\" class=\"alignnone size-medium wp-image-305105\" src=\"https:\/\/notisnot.com\/wp-content\/uploads\/2025\/03\/Captura-de-pantalla-2025-03-18-125217-270x453.png\" alt=\"\" width=\"270\" height=\"453\" srcset=\"http:\/\/notisnot.com\/wp-content\/uploads\/2025\/03\/Captura-de-pantalla-2025-03-18-125217-270x453.png 270w, http:\/\/notisnot.com\/wp-content\/uploads\/2025\/03\/Captura-de-pantalla-2025-03-18-125217-449x753.png 449w, http:\/\/notisnot.com\/wp-content\/uploads\/2025\/03\/Captura-de-pantalla-2025-03-18-125217-7x12.png 7w, http:\/\/notisnot.com\/wp-content\/uploads\/2025\/03\/Captura-de-pantalla-2025-03-18-125217-12x20.png 12w, http:\/\/notisnot.com\/wp-content\/uploads\/2025\/03\/Captura-de-pantalla-2025-03-18-125217-82x138.png 82w, http:\/\/notisnot.com\/wp-content\/uploads\/2025\/03\/Captura-de-pantalla-2025-03-18-125217.png 467w\" sizes=\"(max-width: 270px) 100vw, 270px\" \/> <img loading=\"lazy\" decoding=\"async\" class=\"alignnone size-medium wp-image-305106\" src=\"https:\/\/notisnot.com\/wp-content\/uploads\/2025\/03\/Captura-de-pantalla-2025-03-18-125229-232x453.png\" alt=\"\" width=\"232\" height=\"453\" srcset=\"http:\/\/notisnot.com\/wp-content\/uploads\/2025\/03\/Captura-de-pantalla-2025-03-18-125229-232x453.png 232w, http:\/\/notisnot.com\/wp-content\/uploads\/2025\/03\/Captura-de-pantalla-2025-03-18-125229-385x753.png 385w, http:\/\/notisnot.com\/wp-content\/uploads\/2025\/03\/Captura-de-pantalla-2025-03-18-125229-6x12.png 6w, http:\/\/notisnot.com\/wp-content\/uploads\/2025\/03\/Captura-de-pantalla-2025-03-18-125229-10x20.png 10w, http:\/\/notisnot.com\/wp-content\/uploads\/2025\/03\/Captura-de-pantalla-2025-03-18-125229-71x138.png 71w, http:\/\/notisnot.com\/wp-content\/uploads\/2025\/03\/Captura-de-pantalla-2025-03-18-125229.png 407w\" sizes=\"(max-width: 232px) 100vw, 232px\" \/> <img loading=\"lazy\" decoding=\"async\" class=\"alignnone size-medium wp-image-305107\" src=\"https:\/\/notisnot.com\/wp-content\/uploads\/2025\/03\/Captura-de-pantalla-2025-03-18-125232-237x453.png\" alt=\"\" width=\"237\" height=\"453\" srcset=\"http:\/\/notisnot.com\/wp-content\/uploads\/2025\/03\/Captura-de-pantalla-2025-03-18-125232-237x453.png 237w, http:\/\/notisnot.com\/wp-content\/uploads\/2025\/03\/Captura-de-pantalla-2025-03-18-125232-393x753.png 393w, http:\/\/notisnot.com\/wp-content\/uploads\/2025\/03\/Captura-de-pantalla-2025-03-18-125232-6x12.png 6w, http:\/\/notisnot.com\/wp-content\/uploads\/2025\/03\/Captura-de-pantalla-2025-03-18-125232-10x20.png 10w, http:\/\/notisnot.com\/wp-content\/uploads\/2025\/03\/Captura-de-pantalla-2025-03-18-125232-72x138.png 72w, http:\/\/notisnot.com\/wp-content\/uploads\/2025\/03\/Captura-de-pantalla-2025-03-18-125232.png 408w\" sizes=\"(max-width: 237px) 100vw, 237px\" \/> <img loading=\"lazy\" decoding=\"async\" class=\"alignnone size-medium wp-image-305108\" src=\"https:\/\/notisnot.com\/wp-content\/uploads\/2025\/03\/Captura-de-pantalla-2025-03-18-125239-287x453.png\" alt=\"\" width=\"287\" height=\"453\" srcset=\"http:\/\/notisnot.com\/wp-content\/uploads\/2025\/03\/Captura-de-pantalla-2025-03-18-125239-287x453.png 287w, http:\/\/notisnot.com\/wp-content\/uploads\/2025\/03\/Captura-de-pantalla-2025-03-18-125239-477x753.png 477w, http:\/\/notisnot.com\/wp-content\/uploads\/2025\/03\/Captura-de-pantalla-2025-03-18-125239-8x12.png 8w, http:\/\/notisnot.com\/wp-content\/uploads\/2025\/03\/Captura-de-pantalla-2025-03-18-125239-13x20.png 13w, http:\/\/notisnot.com\/wp-content\/uploads\/2025\/03\/Captura-de-pantalla-2025-03-18-125239-87x138.png 87w, http:\/\/notisnot.com\/wp-content\/uploads\/2025\/03\/Captura-de-pantalla-2025-03-18-125239.png 500w\" sizes=\"(max-width: 287px) 100vw, 287px\" \/> <img loading=\"lazy\" decoding=\"async\" class=\"alignnone size-medium wp-image-305109\" src=\"https:\/\/notisnot.com\/wp-content\/uploads\/2025\/03\/Captura-de-pantalla-2025-03-18-125246-264x453.png\" alt=\"\" width=\"264\" height=\"453\" srcset=\"http:\/\/notisnot.com\/wp-content\/uploads\/2025\/03\/Captura-de-pantalla-2025-03-18-125246-264x453.png 264w, http:\/\/notisnot.com\/wp-content\/uploads\/2025\/03\/Captura-de-pantalla-2025-03-18-125246-439x753.png 439w, http:\/\/notisnot.com\/wp-content\/uploads\/2025\/03\/Captura-de-pantalla-2025-03-18-125246-7x12.png 7w, http:\/\/notisnot.com\/wp-content\/uploads\/2025\/03\/Captura-de-pantalla-2025-03-18-125246-12x20.png 12w, http:\/\/notisnot.com\/wp-content\/uploads\/2025\/03\/Captura-de-pantalla-2025-03-18-125246-81x138.png 81w, http:\/\/notisnot.com\/wp-content\/uploads\/2025\/03\/Captura-de-pantalla-2025-03-18-125246.png 455w\" sizes=\"(max-width: 264px) 100vw, 264px\" \/> <img loading=\"lazy\" decoding=\"async\" class=\"alignnone size-medium wp-image-305110\" src=\"https:\/\/notisnot.com\/wp-content\/uploads\/2025\/03\/Captura-de-pantalla-2025-03-18-125249-303x439.png\" alt=\"\" width=\"303\" height=\"439\" srcset=\"http:\/\/notisnot.com\/wp-content\/uploads\/2025\/03\/Captura-de-pantalla-2025-03-18-125249-303x439.png 303w, http:\/\/notisnot.com\/wp-content\/uploads\/2025\/03\/Captura-de-pantalla-2025-03-18-125249-505x732.png 505w, http:\/\/notisnot.com\/wp-content\/uploads\/2025\/03\/Captura-de-pantalla-2025-03-18-125249-8x12.png 8w, http:\/\/notisnot.com\/wp-content\/uploads\/2025\/03\/Captura-de-pantalla-2025-03-18-125249-14x20.png 14w, http:\/\/notisnot.com\/wp-content\/uploads\/2025\/03\/Captura-de-pantalla-2025-03-18-125249-91x132.png 91w, http:\/\/notisnot.com\/wp-content\/uploads\/2025\/03\/Captura-de-pantalla-2025-03-18-125249.png 540w\" sizes=\"(max-width: 303px) 100vw, 303px\" \/><\/p>","protected":false},"excerpt":{"rendered":"<p>Pantal\u00f3n sanitario para hombre regular fi t, un corte recto que sienta bien a todo tipo<br \/>\nde cuerpos<br \/>\n\u2022 La estructura en doble faz del tejido le confi ere una muy buena transpirabilidad y un<br \/>\nacabado interior suave. F\u00e1cil lavado y planchado, y r\u00e1pido secado. Su gramaje asegura<br \/>\nuna buena sensaci\u00f3n t\u00e9rmica en ambientes c\u00e1lidos como el de los entornos sanitarios<br \/>\n\u2022 4-way stretch, propiedades el\u00e1sticas en 4 direcciones permitiendo una total libertad<br \/>\nde movimientos<br \/>\n\u2022 Media cintura el\u00e1stica y cierre con cremallera y bot\u00f3n<br \/>\n\u2022 Bolsillos delanteros de f\u00e1cil acceso, bolso interior para m\u00f3vil y bolso trasero con vivo<br \/>\n\u2022 Costuras reforzadas para una mayor resistencia de la prenda<\/p>","protected":false},"featured_media":315561,"comment_status":"open","ping_status":"closed","template":"","meta":{"_acf_changed":false},"product_cat":[572],"product_tag":[],"class_list":{"0":"post-305092","1":"product","2":"type-product","3":"status-publish","4":"has-post-thumbnail","6":"product_cat-pantalones-sanitario","7":"pa_color-azul-ceniza","8":"pa_color-blanco","9":"pa_color-verde-pizarra","10":"pa_tallaropa-s","11":"pa_tallaropa-m","12":"pa_tallaropa-l","13":"pa_tallaropa-xl","14":"pa_tallaropa-xxl","16":"first","17":"instock","18":"taxable","19":"shipping-taxable","20":"purchasable","21":"product-type-variable"},"acf":[],"yoast_head":"<!-- This site is optimized with the Yoast SEO plugin v23.4 - https:\/\/yoast.com\/wordpress\/plugins\/seo\/ -->\n<title>Pantalon volan para hombre con bot\u00f3n - NOT IS NOT<\/title>\n<meta name=\"robots\" content=\"index, follow, max-snippet:-1, max-image-preview:large, max-video-preview:-1\" \/>\n<link rel=\"canonical\" href=\"http:\/\/notisnot.com\/es\/tienda\/ropa-laboral\/sanitario\/pantalones-sanitario\/pantalon-volan-para-hombre-con-boton\/\" \/>\n<meta property=\"og:locale\" content=\"es_ES\" \/>\n<meta property=\"og:type\" content=\"article\" \/>\n<meta property=\"og:title\" content=\"Pantalon volan para hombre con bot\u00f3n - NOT IS NOT\" \/>\n<meta property=\"og:description\" content=\"Pantal\u00f3n sanitario para hombre regular fi t, un corte recto que sienta bien a todo tipo de cuerpos \u2022 La estructura en doble faz del tejido le confi ere una muy buena transpirabilidad y un acabado interior suave. F\u00e1cil lavado y planchado, y r\u00e1pido secado. Su gramaje asegura una buena sensaci\u00f3n t\u00e9rmica en ambientes c\u00e1lidos como el de los entornos sanitarios \u2022 4-way stretch, propiedades el\u00e1sticas en 4 direcciones permitiendo una total libertad de movimientos \u2022 Media cintura el\u00e1stica y cierre con cremallera y bot\u00f3n \u2022 Bolsillos delanteros de f\u00e1cil acceso, bolso interior para m\u00f3vil y bolso trasero con vivo \u2022 Costuras reforzadas para una mayor resistencia de la prenda\" \/>\n<meta property=\"og:url\" content=\"http:\/\/notisnot.com\/es\/tienda\/ropa-laboral\/sanitario\/pantalones-sanitario\/pantalon-volan-para-hombre-con-boton\/\" \/>\n<meta property=\"og:site_name\" content=\"NOT IS NOT\" \/>\n<meta property=\"article:publisher\" content=\"https:\/\/www.facebook.com\/notisnotofficial\/\" \/>\n<meta property=\"article:modified_time\" content=\"2025-12-01T17:10:45+00:00\" \/>\n<meta property=\"og:image\" content=\"http:\/\/notisnot.com\/wp-content\/uploads\/2025\/03\/Pantalon-volan-para-hombre-con-boton.png\" \/>\n\t<meta property=\"og:image:width\" content=\"911\" \/>\n\t<meta property=\"og:image:height\" content=\"907\" \/>\n\t<meta property=\"og:image:type\" content=\"image\/png\" \/>\n<meta name=\"twitter:card\" content=\"summary_large_image\" \/>\n<meta name=\"twitter:label1\" content=\"Tiempo de lectura\" \/>\n\t<meta name=\"twitter:data1\" content=\"2 minutos\" \/>\n<script type=\"application\/ld+json\" class=\"yoast-schema-graph\">{\"@context\":\"https:\/\/schema.org\",\"@graph\":[{\"@type\":\"WebPage\",\"@id\":\"http:\/\/notisnot.com\/es\/tienda\/ropa-laboral\/sanitario\/pantalones-sanitario\/pantalon-volan-para-hombre-con-boton\/\",\"url\":\"http:\/\/notisnot.com\/es\/tienda\/ropa-laboral\/sanitario\/pantalones-sanitario\/pantalon-volan-para-hombre-con-boton\/\",\"name\":\"Pantalon volan para hombre con bot\u00f3n - NOT IS NOT\",\"isPartOf\":{\"@id\":\"http:\/\/notisnot.com\/#website\"},\"primaryImageOfPage\":{\"@id\":\"http:\/\/notisnot.com\/es\/tienda\/ropa-laboral\/sanitario\/pantalones-sanitario\/pantalon-volan-para-hombre-con-boton\/#primaryimage\"},\"image\":{\"@id\":\"http:\/\/notisnot.com\/es\/tienda\/ropa-laboral\/sanitario\/pantalones-sanitario\/pantalon-volan-para-hombre-con-boton\/#primaryimage\"},\"thumbnailUrl\":\"http:\/\/notisnot.com\/wp-content\/uploads\/2025\/03\/Pantalon-volan-para-hombre-con-boton.png\",\"datePublished\":\"2025-03-19T10:06:45+00:00\",\"dateModified\":\"2025-12-01T17:10:45+00:00\",\"breadcrumb\":{\"@id\":\"http:\/\/notisnot.com\/es\/tienda\/ropa-laboral\/sanitario\/pantalones-sanitario\/pantalon-volan-para-hombre-con-boton\/#breadcrumb\"},\"inLanguage\":\"es\",\"potentialAction\":[{\"@type\":\"ReadAction\",\"target\":[\"http:\/\/notisnot.com\/es\/tienda\/ropa-laboral\/sanitario\/pantalones-sanitario\/pantalon-volan-para-hombre-con-boton\/\"]}]},{\"@type\":\"ImageObject\",\"inLanguage\":\"es\",\"@id\":\"http:\/\/notisnot.com\/es\/tienda\/ropa-laboral\/sanitario\/pantalones-sanitario\/pantalon-volan-para-hombre-con-boton\/#primaryimage\",\"url\":\"http:\/\/notisnot.com\/wp-content\/uploads\/2025\/03\/Pantalon-volan-para-hombre-con-boton.png\",\"contentUrl\":\"http:\/\/notisnot.com\/wp-content\/uploads\/2025\/03\/Pantalon-volan-para-hombre-con-boton.png\",\"width\":911,\"height\":907},{\"@type\":\"BreadcrumbList\",\"@id\":\"http:\/\/notisnot.com\/es\/tienda\/ropa-laboral\/sanitario\/pantalones-sanitario\/pantalon-volan-para-hombre-con-boton\/#breadcrumb\",\"itemListElement\":[{\"@type\":\"ListItem\",\"position\":1,\"name\":\"Home\",\"item\":\"http:\/\/notisnot.com\/\"},{\"@type\":\"ListItem\",\"position\":2,\"name\":\"Tienda\",\"item\":\"https:\/\/notisnot.com\/es\/tienda-woocomerce\/\"},{\"@type\":\"ListItem\",\"position\":3,\"name\":\"Pantalon volan para hombre con bot\u00f3n\"}]},{\"@type\":\"WebSite\",\"@id\":\"http:\/\/notisnot.com\/#website\",\"url\":\"http:\/\/notisnot.com\/\",\"name\":\"NOT IS NOT\",\"description\":\"\",\"potentialAction\":[{\"@type\":\"SearchAction\",\"target\":{\"@type\":\"EntryPoint\",\"urlTemplate\":\"http:\/\/notisnot.com\/?s={search_term_string}\"},\"query-input\":{\"@type\":\"PropertyValueSpecification\",\"valueRequired\":true,\"valueName\":\"search_term_string\"}}],\"inLanguage\":\"es\"}]}<\/script>\n<!-- \/ Yoast SEO plugin. -->","yoast_head_json":{"title":"Pantalon volan para hombre con bot\u00f3n - NOT IS NOT","robots":{"index":"index","follow":"follow","max-snippet":"max-snippet:-1","max-image-preview":"max-image-preview:large","max-video-preview":"max-video-preview:-1"},"canonical":"http:\/\/notisnot.com\/es\/tienda\/ropa-laboral\/sanitario\/pantalones-sanitario\/pantalon-volan-para-hombre-con-boton\/","og_locale":"es_ES","og_type":"article","og_title":"Pantalon volan para hombre con bot\u00f3n - NOT IS NOT","og_description":"Pantal\u00f3n sanitario para hombre regular fi t, un corte recto que sienta bien a todo tipo de cuerpos \u2022 La estructura en doble faz del tejido le confi ere una muy buena transpirabilidad y un acabado interior suave. F\u00e1cil lavado y planchado, y r\u00e1pido secado. Su gramaje asegura una buena sensaci\u00f3n t\u00e9rmica en ambientes c\u00e1lidos como el de los entornos sanitarios \u2022 4-way stretch, propiedades el\u00e1sticas en 4 direcciones permitiendo una total libertad de movimientos \u2022 Media cintura el\u00e1stica y cierre con cremallera y bot\u00f3n \u2022 Bolsillos delanteros de f\u00e1cil acceso, bolso interior para m\u00f3vil y bolso trasero con vivo \u2022 Costuras reforzadas para una mayor resistencia de la prenda","og_url":"http:\/\/notisnot.com\/es\/tienda\/ropa-laboral\/sanitario\/pantalones-sanitario\/pantalon-volan-para-hombre-con-boton\/","og_site_name":"NOT IS NOT","article_publisher":"https:\/\/www.facebook.com\/notisnotofficial\/","article_modified_time":"2025-12-01T17:10:45+00:00","og_image":[{"width":911,"height":907,"url":"http:\/\/notisnot.com\/wp-content\/uploads\/2025\/03\/Pantalon-volan-para-hombre-con-boton.png","type":"image\/png"}],"twitter_card":"summary_large_image","twitter_misc":{"Tiempo de lectura":"2 minutos"},"schema":{"@context":"https:\/\/schema.org","@graph":[{"@type":"WebPage","@id":"http:\/\/notisnot.com\/es\/tienda\/ropa-laboral\/sanitario\/pantalones-sanitario\/pantalon-volan-para-hombre-con-boton\/","url":"http:\/\/notisnot.com\/es\/tienda\/ropa-laboral\/sanitario\/pantalones-sanitario\/pantalon-volan-para-hombre-con-boton\/","name":"Pantalon volan para hombre con bot\u00f3n - NOT IS NOT","isPartOf":{"@id":"http:\/\/notisnot.com\/#website"},"primaryImageOfPage":{"@id":"http:\/\/notisnot.com\/es\/tienda\/ropa-laboral\/sanitario\/pantalones-sanitario\/pantalon-volan-para-hombre-con-boton\/#primaryimage"},"image":{"@id":"http:\/\/notisnot.com\/es\/tienda\/ropa-laboral\/sanitario\/pantalones-sanitario\/pantalon-volan-para-hombre-con-boton\/#primaryimage"},"thumbnailUrl":"http:\/\/notisnot.com\/wp-content\/uploads\/2025\/03\/Pantalon-volan-para-hombre-con-boton.png","datePublished":"2025-03-19T10:06:45+00:00","dateModified":"2025-12-01T17:10:45+00:00","breadcrumb":{"@id":"http:\/\/notisnot.com\/es\/tienda\/ropa-laboral\/sanitario\/pantalones-sanitario\/pantalon-volan-para-hombre-con-boton\/#breadcrumb"},"inLanguage":"es","potentialAction":[{"@type":"ReadAction","target":["http:\/\/notisnot.com\/es\/tienda\/ropa-laboral\/sanitario\/pantalones-sanitario\/pantalon-volan-para-hombre-con-boton\/"]}]},{"@type":"ImageObject","inLanguage":"es","@id":"http:\/\/notisnot.com\/es\/tienda\/ropa-laboral\/sanitario\/pantalones-sanitario\/pantalon-volan-para-hombre-con-boton\/#primaryimage","url":"http:\/\/notisnot.com\/wp-content\/uploads\/2025\/03\/Pantalon-volan-para-hombre-con-boton.png","contentUrl":"http:\/\/notisnot.com\/wp-content\/uploads\/2025\/03\/Pantalon-volan-para-hombre-con-boton.png","width":911,"height":907},{"@type":"BreadcrumbList","@id":"http:\/\/notisnot.com\/es\/tienda\/ropa-laboral\/sanitario\/pantalones-sanitario\/pantalon-volan-para-hombre-con-boton\/#breadcrumb","itemListElement":[{"@type":"ListItem","position":1,"name":"Home","item":"http:\/\/notisnot.com\/"},{"@type":"ListItem","position":2,"name":"Tienda","item":"https:\/\/notisnot.com\/es\/tienda-woocomerce\/"},{"@type":"ListItem","position":3,"name":"Pantalon volan para hombre con bot\u00f3n"}]},{"@type":"WebSite","@id":"http:\/\/notisnot.com\/#website","url":"http:\/\/notisnot.com\/","name":"NOT IS NOT","description":"","potentialAction":[{"@type":"SearchAction","target":{"@type":"EntryPoint","urlTemplate":"http:\/\/notisnot.com\/?s={search_term_string}"},"query-input":{"@type":"PropertyValueSpecification","valueRequired":true,"valueName":"search_term_string"}}],"inLanguage":"es"}]}},"_links":{"self":[{"href":"http:\/\/notisnot.com\/es\/wp-json\/wp\/v2\/product\/305092"}],"collection":[{"href":"http:\/\/notisnot.com\/es\/wp-json\/wp\/v2\/product"}],"about":[{"href":"http:\/\/notisnot.com\/es\/wp-json\/wp\/v2\/types\/product"}],"replies":[{"embeddable":true,"href":"http:\/\/notisnot.com\/es\/wp-json\/wp\/v2\/comments?post=305092"}],"wp:featuredmedia":[{"embeddable":true,"href":"http:\/\/notisnot.com\/es\/wp-json\/wp\/v2\/media\/315561"}],"wp:attachment":[{"href":"http:\/\/notisnot.com\/es\/wp-json\/wp\/v2\/media?parent=305092"}],"wp:term":[{"taxonomy":"product_cat","embeddable":true,"href":"http:\/\/notisnot.com\/es\/wp-json\/wp\/v2\/product_cat?post=305092"},{"taxonomy":"product_tag","embeddable":true,"href":"http:\/\/notisnot.com\/es\/wp-json\/wp\/v2\/product_tag?post=305092"}],"curies":[{"name":"wp","href":"https:\/\/api.w.org\/{rel}","templated":true}]}}