{"id":305076,"date":"2025-03-19T09:22:29","date_gmt":"2025-03-19T09:22:29","guid":{"rendered":"https:\/\/notisnot.com\/?post_type=product&#038;p=305076"},"modified":"2025-12-01T17:10:47","modified_gmt":"2025-12-01T17:10:47","slug":"pantalon-volan-para-mujer-con-boton","status":"publish","type":"product","link":"http:\/\/notisnot.com\/es\/tienda\/ropa-laboral\/sanitario\/pantalones-sanitario\/pantalon-volan-para-mujer-con-boton\/","title":{"rendered":"Pantalon volan para mujer con bot\u00f3n"},"content":{"rendered":"<p><img loading=\"lazy\" decoding=\"async\" class=\"alignnone size-medium wp-image-305063\" src=\"https:\/\/notisnot.com\/wp-content\/uploads\/2025\/03\/Captura-de-pantalla-2025-03-18-125433-283x453.png\" alt=\"\" width=\"283\" height=\"453\" srcset=\"http:\/\/notisnot.com\/wp-content\/uploads\/2025\/03\/Captura-de-pantalla-2025-03-18-125433-283x453.png 283w, http:\/\/notisnot.com\/wp-content\/uploads\/2025\/03\/Captura-de-pantalla-2025-03-18-125433-86x138.png 86w, http:\/\/notisnot.com\/wp-content\/uploads\/2025\/03\/Captura-de-pantalla-2025-03-18-125433-470x753.png 470w, http:\/\/notisnot.com\/wp-content\/uploads\/2025\/03\/Captura-de-pantalla-2025-03-18-125433-7x12.png 7w, http:\/\/notisnot.com\/wp-content\/uploads\/2025\/03\/Captura-de-pantalla-2025-03-18-125433.png 495w\" sizes=\"(max-width: 283px) 100vw, 283px\" \/> <img loading=\"lazy\" decoding=\"async\" class=\"alignnone size-medium wp-image-305064\" src=\"https:\/\/notisnot.com\/wp-content\/uploads\/2025\/03\/Captura-de-pantalla-2025-03-18-125438-261x453.png\" alt=\"\" width=\"261\" height=\"453\" srcset=\"http:\/\/notisnot.com\/wp-content\/uploads\/2025\/03\/Captura-de-pantalla-2025-03-18-125438-261x453.png 261w, http:\/\/notisnot.com\/wp-content\/uploads\/2025\/03\/Captura-de-pantalla-2025-03-18-125438-80x138.png 80w, http:\/\/notisnot.com\/wp-content\/uploads\/2025\/03\/Captura-de-pantalla-2025-03-18-125438-434x753.png 434w, http:\/\/notisnot.com\/wp-content\/uploads\/2025\/03\/Captura-de-pantalla-2025-03-18-125438-7x12.png 7w, http:\/\/notisnot.com\/wp-content\/uploads\/2025\/03\/Captura-de-pantalla-2025-03-18-125438.png 490w\" sizes=\"(max-width: 261px) 100vw, 261px\" \/> <img loading=\"lazy\" decoding=\"async\" class=\"alignnone size-medium wp-image-305065\" src=\"https:\/\/notisnot.com\/wp-content\/uploads\/2025\/03\/Captura-de-pantalla-2025-03-18-125455-297x453.png\" alt=\"\" width=\"297\" height=\"453\" srcset=\"http:\/\/notisnot.com\/wp-content\/uploads\/2025\/03\/Captura-de-pantalla-2025-03-18-125455-297x453.png 297w, http:\/\/notisnot.com\/wp-content\/uploads\/2025\/03\/Captura-de-pantalla-2025-03-18-125455-91x138.png 91w, http:\/\/notisnot.com\/wp-content\/uploads\/2025\/03\/Captura-de-pantalla-2025-03-18-125455-500x763.png 500w, http:\/\/notisnot.com\/wp-content\/uploads\/2025\/03\/Captura-de-pantalla-2025-03-18-125455-493x753.png 493w, http:\/\/notisnot.com\/wp-content\/uploads\/2025\/03\/Captura-de-pantalla-2025-03-18-125455-8x12.png 8w, http:\/\/notisnot.com\/wp-content\/uploads\/2025\/03\/Captura-de-pantalla-2025-03-18-125455.png 564w\" sizes=\"(max-width: 297px) 100vw, 297px\" \/> <img loading=\"lazy\" decoding=\"async\" class=\"alignnone size-medium wp-image-305066\" src=\"https:\/\/notisnot.com\/wp-content\/uploads\/2025\/03\/Captura-de-pantalla-2025-03-18-125502-301x453.png\" alt=\"\" width=\"301\" height=\"453\" srcset=\"http:\/\/notisnot.com\/wp-content\/uploads\/2025\/03\/Captura-de-pantalla-2025-03-18-125502-301x453.png 301w, http:\/\/notisnot.com\/wp-content\/uploads\/2025\/03\/Captura-de-pantalla-2025-03-18-125502-91x138.png 91w, http:\/\/notisnot.com\/wp-content\/uploads\/2025\/03\/Captura-de-pantalla-2025-03-18-125502-500x752.png 500w, http:\/\/notisnot.com\/wp-content\/uploads\/2025\/03\/Captura-de-pantalla-2025-03-18-125502-501x753.png 501w, http:\/\/notisnot.com\/wp-content\/uploads\/2025\/03\/Captura-de-pantalla-2025-03-18-125502-299x449.png 299w, http:\/\/notisnot.com\/wp-content\/uploads\/2025\/03\/Captura-de-pantalla-2025-03-18-125502-8x12.png 8w, http:\/\/notisnot.com\/wp-content\/uploads\/2025\/03\/Captura-de-pantalla-2025-03-18-125502.png 565w\" sizes=\"(max-width: 301px) 100vw, 301px\" \/> <img loading=\"lazy\" decoding=\"async\" class=\"alignnone size-medium wp-image-305067\" src=\"https:\/\/notisnot.com\/wp-content\/uploads\/2025\/03\/Captura-de-pantalla-2025-03-18-125512-301x453.png\" alt=\"\" width=\"301\" height=\"453\" srcset=\"http:\/\/notisnot.com\/wp-content\/uploads\/2025\/03\/Captura-de-pantalla-2025-03-18-125512-301x453.png 301w, http:\/\/notisnot.com\/wp-content\/uploads\/2025\/03\/Captura-de-pantalla-2025-03-18-125512-91x138.png 91w, http:\/\/notisnot.com\/wp-content\/uploads\/2025\/03\/Captura-de-pantalla-2025-03-18-125512-500x752.png 500w, http:\/\/notisnot.com\/wp-content\/uploads\/2025\/03\/Captura-de-pantalla-2025-03-18-125512-501x753.png 501w, http:\/\/notisnot.com\/wp-content\/uploads\/2025\/03\/Captura-de-pantalla-2025-03-18-125512-299x449.png 299w, http:\/\/notisnot.com\/wp-content\/uploads\/2025\/03\/Captura-de-pantalla-2025-03-18-125512-8x12.png 8w, http:\/\/notisnot.com\/wp-content\/uploads\/2025\/03\/Captura-de-pantalla-2025-03-18-125512.png 572w\" sizes=\"(max-width: 301px) 100vw, 301px\" \/> <img loading=\"lazy\" decoding=\"async\" class=\"alignnone size-medium wp-image-305068\" src=\"https:\/\/notisnot.com\/wp-content\/uploads\/2025\/03\/Captura-de-pantalla-2025-03-18-125522-287x453.png\" alt=\"\" width=\"287\" height=\"453\" srcset=\"http:\/\/notisnot.com\/wp-content\/uploads\/2025\/03\/Captura-de-pantalla-2025-03-18-125522-287x453.png 287w, http:\/\/notisnot.com\/wp-content\/uploads\/2025\/03\/Captura-de-pantalla-2025-03-18-125522-87x138.png 87w, http:\/\/notisnot.com\/wp-content\/uploads\/2025\/03\/Captura-de-pantalla-2025-03-18-125522-500x790.png 500w, http:\/\/notisnot.com\/wp-content\/uploads\/2025\/03\/Captura-de-pantalla-2025-03-18-125522-477x753.png 477w, http:\/\/notisnot.com\/wp-content\/uploads\/2025\/03\/Captura-de-pantalla-2025-03-18-125522-8x12.png 8w, http:\/\/notisnot.com\/wp-content\/uploads\/2025\/03\/Captura-de-pantalla-2025-03-18-125522.png 561w\" sizes=\"(max-width: 287px) 100vw, 287px\" \/> <img loading=\"lazy\" decoding=\"async\" class=\"alignnone size-medium wp-image-305069\" src=\"https:\/\/notisnot.com\/wp-content\/uploads\/2025\/03\/Captura-de-pantalla-2025-03-18-125525-273x453.png\" alt=\"\" width=\"273\" height=\"453\" srcset=\"http:\/\/notisnot.com\/wp-content\/uploads\/2025\/03\/Captura-de-pantalla-2025-03-18-125525-273x453.png 273w, http:\/\/notisnot.com\/wp-content\/uploads\/2025\/03\/Captura-de-pantalla-2025-03-18-125525-83x138.png 83w, http:\/\/notisnot.com\/wp-content\/uploads\/2025\/03\/Captura-de-pantalla-2025-03-18-125525-455x753.png 455w, http:\/\/notisnot.com\/wp-content\/uploads\/2025\/03\/Captura-de-pantalla-2025-03-18-125525-7x12.png 7w, http:\/\/notisnot.com\/wp-content\/uploads\/2025\/03\/Captura-de-pantalla-2025-03-18-125525.png 486w\" sizes=\"(max-width: 273px) 100vw, 273px\" \/> <img loading=\"lazy\" decoding=\"async\" class=\"alignnone size-medium wp-image-305070\" src=\"https:\/\/notisnot.com\/wp-content\/uploads\/2025\/03\/Captura-de-pantalla-2025-03-18-125530-293x453.png\" alt=\"\" width=\"293\" height=\"453\" srcset=\"http:\/\/notisnot.com\/wp-content\/uploads\/2025\/03\/Captura-de-pantalla-2025-03-18-125530-293x453.png 293w, http:\/\/notisnot.com\/wp-content\/uploads\/2025\/03\/Captura-de-pantalla-2025-03-18-125530-89x138.png 89w, http:\/\/notisnot.com\/wp-content\/uploads\/2025\/03\/Captura-de-pantalla-2025-03-18-125530-500x773.png 500w, http:\/\/notisnot.com\/wp-content\/uploads\/2025\/03\/Captura-de-pantalla-2025-03-18-125530-487x753.png 487w, http:\/\/notisnot.com\/wp-content\/uploads\/2025\/03\/Captura-de-pantalla-2025-03-18-125530-8x12.png 8w, http:\/\/notisnot.com\/wp-content\/uploads\/2025\/03\/Captura-de-pantalla-2025-03-18-125530.png 519w\" sizes=\"(max-width: 293px) 100vw, 293px\" \/> \u00a0<img loading=\"lazy\" decoding=\"async\" class=\"alignnone size-medium wp-image-305072\" src=\"https:\/\/notisnot.com\/wp-content\/uploads\/2025\/03\/Captura-de-pantalla-2025-03-18-125539-1-303x445.png\" alt=\"\" width=\"303\" height=\"445\" srcset=\"http:\/\/notisnot.com\/wp-content\/uploads\/2025\/03\/Captura-de-pantalla-2025-03-18-125539-1-303x445.png 303w, http:\/\/notisnot.com\/wp-content\/uploads\/2025\/03\/Captura-de-pantalla-2025-03-18-125539-1-91x134.png 91w, http:\/\/notisnot.com\/wp-content\/uploads\/2025\/03\/Captura-de-pantalla-2025-03-18-125539-1-500x734.png 500w, http:\/\/notisnot.com\/wp-content\/uploads\/2025\/03\/Captura-de-pantalla-2025-03-18-125539-1-505x741.png 505w, http:\/\/notisnot.com\/wp-content\/uploads\/2025\/03\/Captura-de-pantalla-2025-03-18-125539-1-8x12.png 8w, http:\/\/notisnot.com\/wp-content\/uploads\/2025\/03\/Captura-de-pantalla-2025-03-18-125539-1.png 566w\" sizes=\"(max-width: 303px) 100vw, 303px\" \/> <img loading=\"lazy\" decoding=\"async\" class=\"alignnone size-medium wp-image-305073\" src=\"https:\/\/notisnot.com\/wp-content\/uploads\/2025\/03\/Captura-de-pantalla-2025-03-18-125545-303x402.png\" alt=\"\" width=\"303\" height=\"402\" srcset=\"http:\/\/notisnot.com\/wp-content\/uploads\/2025\/03\/Captura-de-pantalla-2025-03-18-125545-303x402.png 303w, http:\/\/notisnot.com\/wp-content\/uploads\/2025\/03\/Captura-de-pantalla-2025-03-18-125545-91x121.png 91w, http:\/\/notisnot.com\/wp-content\/uploads\/2025\/03\/Captura-de-pantalla-2025-03-18-125545-600x795.png 600w, http:\/\/notisnot.com\/wp-content\/uploads\/2025\/03\/Captura-de-pantalla-2025-03-18-125545-505x669.png 505w, http:\/\/notisnot.com\/wp-content\/uploads\/2025\/03\/Captura-de-pantalla-2025-03-18-125545-9x12.png 9w, http:\/\/notisnot.com\/wp-content\/uploads\/2025\/03\/Captura-de-pantalla-2025-03-18-125545.png 611w\" sizes=\"(max-width: 303px) 100vw, 303px\" \/> <img loading=\"lazy\" decoding=\"async\" class=\"alignnone size-medium wp-image-305074\" src=\"https:\/\/notisnot.com\/wp-content\/uploads\/2025\/03\/Captura-de-pantalla-2025-03-18-125549-230x453.png\" alt=\"\" width=\"230\" height=\"453\" srcset=\"http:\/\/notisnot.com\/wp-content\/uploads\/2025\/03\/Captura-de-pantalla-2025-03-18-125549-230x453.png 230w, http:\/\/notisnot.com\/wp-content\/uploads\/2025\/03\/Captura-de-pantalla-2025-03-18-125549-70x138.png 70w, http:\/\/notisnot.com\/wp-content\/uploads\/2025\/03\/Captura-de-pantalla-2025-03-18-125549-6x12.png 6w, http:\/\/notisnot.com\/wp-content\/uploads\/2025\/03\/Captura-de-pantalla-2025-03-18-125549.png 371w\" sizes=\"(max-width: 230px) 100vw, 230px\" \/><\/p>","protected":false},"excerpt":{"rendered":"<p>Pantal\u00f3n sanitario para mujer regular fi t, un corte recto que sienta bien a todo tipo de<br \/>\ncuerpos<br \/>\n\u2022 La estructura en doble faz del tejido le confi ere una muy buena transpirabilidad y un<br \/>\nacabado interior suave. F\u00e1cil lavado y planchado, y r\u00e1pido secado. Su gramaje asegura<br \/>\nuna buena sensaci\u00f3n t\u00e9rmica en ambientes c\u00e1lidos como el de los entornos sanitarios<br \/>\n\u2022 4-way stretch, propiedades el\u00e1sticas en 4 direcciones permitiendo una total libertad<br \/>\nde movimientos<br \/>\n\u2022 Su gramaje asegura una buena sensaci\u00f3n t\u00e9rmica en ambientes c\u00e1lidos como el de los<br \/>\nentornos sanitarios<br \/>\n\u2022 Media cintura el\u00e1stica y cierre con cremallera y bot\u00f3n<br \/>\n\u2022 Bolsillos delanteros de f\u00e1cil acceso, bolso interior para m\u00f3vil y bolso trasero con vivo<\/p>","protected":false},"featured_media":315562,"comment_status":"open","ping_status":"closed","template":"","meta":{"_acf_changed":false},"product_cat":[572],"product_tag":[],"class_list":{"0":"post-305076","1":"product","2":"type-product","3":"status-publish","4":"has-post-thumbnail","6":"product_cat-pantalones-sanitario","7":"pa_color-azul-ceniza","8":"pa_color-blanco","9":"pa_color-verde-pizarra","10":"pa_tallaropa-s","11":"pa_tallaropa-m","12":"pa_tallaropa-l","13":"pa_tallaropa-xl","14":"pa_tallaropa-xxl","16":"first","17":"instock","18":"taxable","19":"shipping-taxable","20":"purchasable","21":"product-type-variable"},"acf":[],"yoast_head":"<!-- This site is optimized with the Yoast SEO plugin v23.4 - https:\/\/yoast.com\/wordpress\/plugins\/seo\/ -->\n<title>Pantalon volan para mujer con bot\u00f3n - NOT IS NOT<\/title>\n<meta name=\"robots\" content=\"index, follow, max-snippet:-1, max-image-preview:large, max-video-preview:-1\" \/>\n<link rel=\"canonical\" href=\"http:\/\/notisnot.com\/es\/tienda\/ropa-laboral\/sanitario\/pantalones-sanitario\/pantalon-volan-para-mujer-con-boton\/\" \/>\n<meta property=\"og:locale\" content=\"es_ES\" \/>\n<meta property=\"og:type\" content=\"article\" \/>\n<meta property=\"og:title\" content=\"Pantalon volan para mujer con bot\u00f3n - NOT IS NOT\" \/>\n<meta property=\"og:description\" content=\"Pantal\u00f3n sanitario para mujer regular fi t, un corte recto que sienta bien a todo tipo de cuerpos \u2022 La estructura en doble faz del tejido le confi ere una muy buena transpirabilidad y un acabado interior suave. F\u00e1cil lavado y planchado, y r\u00e1pido secado. Su gramaje asegura una buena sensaci\u00f3n t\u00e9rmica en ambientes c\u00e1lidos como el de los entornos sanitarios \u2022 4-way stretch, propiedades el\u00e1sticas en 4 direcciones permitiendo una total libertad de movimientos \u2022 Su gramaje asegura una buena sensaci\u00f3n t\u00e9rmica en ambientes c\u00e1lidos como el de los entornos sanitarios \u2022 Media cintura el\u00e1stica y cierre con cremallera y bot\u00f3n \u2022 Bolsillos delanteros de f\u00e1cil acceso, bolso interior para m\u00f3vil y bolso trasero con vivo\" \/>\n<meta property=\"og:url\" content=\"http:\/\/notisnot.com\/es\/tienda\/ropa-laboral\/sanitario\/pantalones-sanitario\/pantalon-volan-para-mujer-con-boton\/\" \/>\n<meta property=\"og:site_name\" content=\"NOT IS NOT\" \/>\n<meta property=\"article:publisher\" content=\"https:\/\/www.facebook.com\/notisnotofficial\/\" \/>\n<meta property=\"article:modified_time\" content=\"2025-12-01T17:10:47+00:00\" \/>\n<meta property=\"og:image\" content=\"http:\/\/notisnot.com\/wp-content\/uploads\/2025\/03\/Pantalon-volan-para-mujer-con-boton.png\" \/>\n\t<meta property=\"og:image:width\" content=\"911\" \/>\n\t<meta property=\"og:image:height\" content=\"907\" \/>\n\t<meta property=\"og:image:type\" content=\"image\/png\" \/>\n<meta name=\"twitter:card\" content=\"summary_large_image\" \/>\n<meta name=\"twitter:label1\" content=\"Tiempo de lectura\" \/>\n\t<meta name=\"twitter:data1\" content=\"3 minutos\" \/>\n<script type=\"application\/ld+json\" class=\"yoast-schema-graph\">{\"@context\":\"https:\/\/schema.org\",\"@graph\":[{\"@type\":\"WebPage\",\"@id\":\"http:\/\/notisnot.com\/tienda\/ropa-laboral\/sanitario\/pantalones-sanitario\/pantalon-volan-para-mujer-con-boton\/\",\"url\":\"http:\/\/notisnot.com\/tienda\/ropa-laboral\/sanitario\/pantalones-sanitario\/pantalon-volan-para-mujer-con-boton\/\",\"name\":\"Pantalon volan para mujer con bot\u00f3n - NOT IS NOT\",\"isPartOf\":{\"@id\":\"http:\/\/notisnot.com\/#website\"},\"primaryImageOfPage\":{\"@id\":\"http:\/\/notisnot.com\/tienda\/ropa-laboral\/sanitario\/pantalones-sanitario\/pantalon-volan-para-mujer-con-boton\/#primaryimage\"},\"image\":{\"@id\":\"http:\/\/notisnot.com\/tienda\/ropa-laboral\/sanitario\/pantalones-sanitario\/pantalon-volan-para-mujer-con-boton\/#primaryimage\"},\"thumbnailUrl\":\"http:\/\/notisnot.com\/wp-content\/uploads\/2025\/03\/Pantalon-volan-para-mujer-con-boton.png\",\"datePublished\":\"2025-03-19T09:22:29+00:00\",\"dateModified\":\"2025-12-01T17:10:47+00:00\",\"breadcrumb\":{\"@id\":\"http:\/\/notisnot.com\/tienda\/ropa-laboral\/sanitario\/pantalones-sanitario\/pantalon-volan-para-mujer-con-boton\/#breadcrumb\"},\"inLanguage\":\"es\",\"potentialAction\":[{\"@type\":\"ReadAction\",\"target\":[\"http:\/\/notisnot.com\/tienda\/ropa-laboral\/sanitario\/pantalones-sanitario\/pantalon-volan-para-mujer-con-boton\/\"]}]},{\"@type\":\"ImageObject\",\"inLanguage\":\"es\",\"@id\":\"http:\/\/notisnot.com\/tienda\/ropa-laboral\/sanitario\/pantalones-sanitario\/pantalon-volan-para-mujer-con-boton\/#primaryimage\",\"url\":\"http:\/\/notisnot.com\/wp-content\/uploads\/2025\/03\/Pantalon-volan-para-mujer-con-boton.png\",\"contentUrl\":\"http:\/\/notisnot.com\/wp-content\/uploads\/2025\/03\/Pantalon-volan-para-mujer-con-boton.png\",\"width\":911,\"height\":907},{\"@type\":\"BreadcrumbList\",\"@id\":\"http:\/\/notisnot.com\/tienda\/ropa-laboral\/sanitario\/pantalones-sanitario\/pantalon-volan-para-mujer-con-boton\/#breadcrumb\",\"itemListElement\":[{\"@type\":\"ListItem\",\"position\":1,\"name\":\"Home\",\"item\":\"http:\/\/notisnot.com\/\"},{\"@type\":\"ListItem\",\"position\":2,\"name\":\"Tienda\",\"item\":\"https:\/\/notisnot.com\/es\/tienda-woocomerce\/\"},{\"@type\":\"ListItem\",\"position\":3,\"name\":\"Pantalon volan para mujer con bot\u00f3n\"}]},{\"@type\":\"WebSite\",\"@id\":\"http:\/\/notisnot.com\/#website\",\"url\":\"http:\/\/notisnot.com\/\",\"name\":\"NOT IS NOT\",\"description\":\"\",\"potentialAction\":[{\"@type\":\"SearchAction\",\"target\":{\"@type\":\"EntryPoint\",\"urlTemplate\":\"http:\/\/notisnot.com\/?s={search_term_string}\"},\"query-input\":{\"@type\":\"PropertyValueSpecification\",\"valueRequired\":true,\"valueName\":\"search_term_string\"}}],\"inLanguage\":\"es\"}]}<\/script>\n<!-- \/ Yoast SEO plugin. -->","yoast_head_json":{"title":"Pantalon volan para mujer con bot\u00f3n - NOT IS NOT","robots":{"index":"index","follow":"follow","max-snippet":"max-snippet:-1","max-image-preview":"max-image-preview:large","max-video-preview":"max-video-preview:-1"},"canonical":"http:\/\/notisnot.com\/es\/tienda\/ropa-laboral\/sanitario\/pantalones-sanitario\/pantalon-volan-para-mujer-con-boton\/","og_locale":"es_ES","og_type":"article","og_title":"Pantalon volan para mujer con bot\u00f3n - NOT IS NOT","og_description":"Pantal\u00f3n sanitario para mujer regular fi t, un corte recto que sienta bien a todo tipo de cuerpos \u2022 La estructura en doble faz del tejido le confi ere una muy buena transpirabilidad y un acabado interior suave. F\u00e1cil lavado y planchado, y r\u00e1pido secado. Su gramaje asegura una buena sensaci\u00f3n t\u00e9rmica en ambientes c\u00e1lidos como el de los entornos sanitarios \u2022 4-way stretch, propiedades el\u00e1sticas en 4 direcciones permitiendo una total libertad de movimientos \u2022 Su gramaje asegura una buena sensaci\u00f3n t\u00e9rmica en ambientes c\u00e1lidos como el de los entornos sanitarios \u2022 Media cintura el\u00e1stica y cierre con cremallera y bot\u00f3n \u2022 Bolsillos delanteros de f\u00e1cil acceso, bolso interior para m\u00f3vil y bolso trasero con vivo","og_url":"http:\/\/notisnot.com\/es\/tienda\/ropa-laboral\/sanitario\/pantalones-sanitario\/pantalon-volan-para-mujer-con-boton\/","og_site_name":"NOT IS NOT","article_publisher":"https:\/\/www.facebook.com\/notisnotofficial\/","article_modified_time":"2025-12-01T17:10:47+00:00","og_image":[{"width":911,"height":907,"url":"http:\/\/notisnot.com\/wp-content\/uploads\/2025\/03\/Pantalon-volan-para-mujer-con-boton.png","type":"image\/png"}],"twitter_card":"summary_large_image","twitter_misc":{"Tiempo de lectura":"3 minutos"},"schema":{"@context":"https:\/\/schema.org","@graph":[{"@type":"WebPage","@id":"http:\/\/notisnot.com\/tienda\/ropa-laboral\/sanitario\/pantalones-sanitario\/pantalon-volan-para-mujer-con-boton\/","url":"http:\/\/notisnot.com\/tienda\/ropa-laboral\/sanitario\/pantalones-sanitario\/pantalon-volan-para-mujer-con-boton\/","name":"Pantalon volan para mujer con bot\u00f3n - NOT IS NOT","isPartOf":{"@id":"http:\/\/notisnot.com\/#website"},"primaryImageOfPage":{"@id":"http:\/\/notisnot.com\/tienda\/ropa-laboral\/sanitario\/pantalones-sanitario\/pantalon-volan-para-mujer-con-boton\/#primaryimage"},"image":{"@id":"http:\/\/notisnot.com\/tienda\/ropa-laboral\/sanitario\/pantalones-sanitario\/pantalon-volan-para-mujer-con-boton\/#primaryimage"},"thumbnailUrl":"http:\/\/notisnot.com\/wp-content\/uploads\/2025\/03\/Pantalon-volan-para-mujer-con-boton.png","datePublished":"2025-03-19T09:22:29+00:00","dateModified":"2025-12-01T17:10:47+00:00","breadcrumb":{"@id":"http:\/\/notisnot.com\/tienda\/ropa-laboral\/sanitario\/pantalones-sanitario\/pantalon-volan-para-mujer-con-boton\/#breadcrumb"},"inLanguage":"es","potentialAction":[{"@type":"ReadAction","target":["http:\/\/notisnot.com\/tienda\/ropa-laboral\/sanitario\/pantalones-sanitario\/pantalon-volan-para-mujer-con-boton\/"]}]},{"@type":"ImageObject","inLanguage":"es","@id":"http:\/\/notisnot.com\/tienda\/ropa-laboral\/sanitario\/pantalones-sanitario\/pantalon-volan-para-mujer-con-boton\/#primaryimage","url":"http:\/\/notisnot.com\/wp-content\/uploads\/2025\/03\/Pantalon-volan-para-mujer-con-boton.png","contentUrl":"http:\/\/notisnot.com\/wp-content\/uploads\/2025\/03\/Pantalon-volan-para-mujer-con-boton.png","width":911,"height":907},{"@type":"BreadcrumbList","@id":"http:\/\/notisnot.com\/tienda\/ropa-laboral\/sanitario\/pantalones-sanitario\/pantalon-volan-para-mujer-con-boton\/#breadcrumb","itemListElement":[{"@type":"ListItem","position":1,"name":"Home","item":"http:\/\/notisnot.com\/"},{"@type":"ListItem","position":2,"name":"Tienda","item":"https:\/\/notisnot.com\/es\/tienda-woocomerce\/"},{"@type":"ListItem","position":3,"name":"Pantalon volan para mujer con bot\u00f3n"}]},{"@type":"WebSite","@id":"http:\/\/notisnot.com\/#website","url":"http:\/\/notisnot.com\/","name":"NOT IS NOT","description":"","potentialAction":[{"@type":"SearchAction","target":{"@type":"EntryPoint","urlTemplate":"http:\/\/notisnot.com\/?s={search_term_string}"},"query-input":{"@type":"PropertyValueSpecification","valueRequired":true,"valueName":"search_term_string"}}],"inLanguage":"es"}]}},"_links":{"self":[{"href":"http:\/\/notisnot.com\/es\/wp-json\/wp\/v2\/product\/305076"}],"collection":[{"href":"http:\/\/notisnot.com\/es\/wp-json\/wp\/v2\/product"}],"about":[{"href":"http:\/\/notisnot.com\/es\/wp-json\/wp\/v2\/types\/product"}],"replies":[{"embeddable":true,"href":"http:\/\/notisnot.com\/es\/wp-json\/wp\/v2\/comments?post=305076"}],"wp:featuredmedia":[{"embeddable":true,"href":"http:\/\/notisnot.com\/es\/wp-json\/wp\/v2\/media\/315562"}],"wp:attachment":[{"href":"http:\/\/notisnot.com\/es\/wp-json\/wp\/v2\/media?parent=305076"}],"wp:term":[{"taxonomy":"product_cat","embeddable":true,"href":"http:\/\/notisnot.com\/es\/wp-json\/wp\/v2\/product_cat?post=305076"},{"taxonomy":"product_tag","embeddable":true,"href":"http:\/\/notisnot.com\/es\/wp-json\/wp\/v2\/product_tag?post=305076"}],"curies":[{"name":"wp","href":"https:\/\/api.w.org\/{rel}","templated":true}]}}