{"id":303159,"date":"2025-03-11T12:28:30","date_gmt":"2025-03-11T12:28:30","guid":{"rendered":"https:\/\/notisnot.com\/?post_type=product&#038;p=303159"},"modified":"2026-02-09T18:35:03","modified_gmt":"2026-02-09T18:35:03","slug":"polo-de-manga-corta-para-hombre-con-ribetes-contrastados","status":"publish","type":"product","link":"http:\/\/notisnot.com\/es\/tienda\/ropa-laboral\/hosteleria\/polos-hosteleria\/polo-de-manga-corta-para-hombre-con-ribetes-contrastados\/","title":{"rendered":"Polo de manga corta para hombre con ribetes contrastados"},"content":{"rendered":"<p><img loading=\"lazy\" decoding=\"async\" class=\"alignnone size-medium wp-image-303161\" src=\"https:\/\/notisnot.com\/wp-content\/uploads\/2025\/03\/Captura-de-pantalla-2025-03-11-132100-303x309.png\" alt=\"\" width=\"303\" height=\"309\" srcset=\"http:\/\/notisnot.com\/wp-content\/uploads\/2025\/03\/Captura-de-pantalla-2025-03-11-132100-303x309.png 303w, http:\/\/notisnot.com\/wp-content\/uploads\/2025\/03\/Captura-de-pantalla-2025-03-11-132100-505x516.png 505w, http:\/\/notisnot.com\/wp-content\/uploads\/2025\/03\/Captura-de-pantalla-2025-03-11-132100-768x784.png 768w, http:\/\/notisnot.com\/wp-content\/uploads\/2025\/03\/Captura-de-pantalla-2025-03-11-132100-12x12.png 12w, http:\/\/notisnot.com\/wp-content\/uploads\/2025\/03\/Captura-de-pantalla-2025-03-11-132100-20x20.png 20w, http:\/\/notisnot.com\/wp-content\/uploads\/2025\/03\/Captura-de-pantalla-2025-03-11-132100-600x613.png 600w, http:\/\/notisnot.com\/wp-content\/uploads\/2025\/03\/Captura-de-pantalla-2025-03-11-132100-91x93.png 91w, http:\/\/notisnot.com\/wp-content\/uploads\/2025\/03\/Captura-de-pantalla-2025-03-11-132100-50x50.png 50w, http:\/\/notisnot.com\/wp-content\/uploads\/2025\/03\/Captura-de-pantalla-2025-03-11-132100.png 1001w\" sizes=\"(max-width: 303px) 100vw, 303px\" \/> <img loading=\"lazy\" decoding=\"async\" class=\"alignnone size-medium wp-image-303162\" src=\"https:\/\/notisnot.com\/wp-content\/uploads\/2025\/03\/Captura-de-pantalla-2025-03-11-132108-303x321.png\" alt=\"\" width=\"303\" height=\"321\" srcset=\"http:\/\/notisnot.com\/wp-content\/uploads\/2025\/03\/Captura-de-pantalla-2025-03-11-132108-303x321.png 303w, http:\/\/notisnot.com\/wp-content\/uploads\/2025\/03\/Captura-de-pantalla-2025-03-11-132108-505x535.png 505w, http:\/\/notisnot.com\/wp-content\/uploads\/2025\/03\/Captura-de-pantalla-2025-03-11-132108-768x814.png 768w, http:\/\/notisnot.com\/wp-content\/uploads\/2025\/03\/Captura-de-pantalla-2025-03-11-132108-11x12.png 11w, http:\/\/notisnot.com\/wp-content\/uploads\/2025\/03\/Captura-de-pantalla-2025-03-11-132108-20x20.png 20w, http:\/\/notisnot.com\/wp-content\/uploads\/2025\/03\/Captura-de-pantalla-2025-03-11-132108-600x636.png 600w, http:\/\/notisnot.com\/wp-content\/uploads\/2025\/03\/Captura-de-pantalla-2025-03-11-132108-91x96.png 91w, http:\/\/notisnot.com\/wp-content\/uploads\/2025\/03\/Captura-de-pantalla-2025-03-11-132108.png 962w\" sizes=\"(max-width: 303px) 100vw, 303px\" \/> <img loading=\"lazy\" decoding=\"async\" class=\"alignnone size-medium wp-image-303163\" src=\"https:\/\/notisnot.com\/wp-content\/uploads\/2025\/03\/Captura-de-pantalla-2025-03-11-132117-303x314.png\" alt=\"\" width=\"303\" height=\"314\" srcset=\"http:\/\/notisnot.com\/wp-content\/uploads\/2025\/03\/Captura-de-pantalla-2025-03-11-132117-303x314.png 303w, http:\/\/notisnot.com\/wp-content\/uploads\/2025\/03\/Captura-de-pantalla-2025-03-11-132117-505x523.png 505w, http:\/\/notisnot.com\/wp-content\/uploads\/2025\/03\/Captura-de-pantalla-2025-03-11-132117-768x796.png 768w, http:\/\/notisnot.com\/wp-content\/uploads\/2025\/03\/Captura-de-pantalla-2025-03-11-132117-12x12.png 12w, http:\/\/notisnot.com\/wp-content\/uploads\/2025\/03\/Captura-de-pantalla-2025-03-11-132117-20x20.png 20w, http:\/\/notisnot.com\/wp-content\/uploads\/2025\/03\/Captura-de-pantalla-2025-03-11-132117-600x622.png 600w, http:\/\/notisnot.com\/wp-content\/uploads\/2025\/03\/Captura-de-pantalla-2025-03-11-132117-91x94.png 91w, http:\/\/notisnot.com\/wp-content\/uploads\/2025\/03\/Captura-de-pantalla-2025-03-11-132117.png 985w\" sizes=\"(max-width: 303px) 100vw, 303px\" \/> <img loading=\"lazy\" decoding=\"async\" class=\"alignnone size-medium wp-image-303164\" src=\"https:\/\/notisnot.com\/wp-content\/uploads\/2025\/03\/Captura-de-pantalla-2025-03-11-132129-303x270.png\" alt=\"\" width=\"303\" height=\"270\" srcset=\"http:\/\/notisnot.com\/wp-content\/uploads\/2025\/03\/Captura-de-pantalla-2025-03-11-132129-303x270.png 303w, http:\/\/notisnot.com\/wp-content\/uploads\/2025\/03\/Captura-de-pantalla-2025-03-11-132129-505x451.png 505w, http:\/\/notisnot.com\/wp-content\/uploads\/2025\/03\/Captura-de-pantalla-2025-03-11-132129-768x685.png 768w, http:\/\/notisnot.com\/wp-content\/uploads\/2025\/03\/Captura-de-pantalla-2025-03-11-132129-13x12.png 13w, http:\/\/notisnot.com\/wp-content\/uploads\/2025\/03\/Captura-de-pantalla-2025-03-11-132129-20x18.png 20w, http:\/\/notisnot.com\/wp-content\/uploads\/2025\/03\/Captura-de-pantalla-2025-03-11-132129-600x535.png 600w, http:\/\/notisnot.com\/wp-content\/uploads\/2025\/03\/Captura-de-pantalla-2025-03-11-132129-91x81.png 91w, http:\/\/notisnot.com\/wp-content\/uploads\/2025\/03\/Captura-de-pantalla-2025-03-11-132129.png 1149w\" sizes=\"(max-width: 303px) 100vw, 303px\" \/> <img loading=\"lazy\" decoding=\"async\" class=\"alignnone size-medium wp-image-303165\" src=\"https:\/\/notisnot.com\/wp-content\/uploads\/2025\/03\/Captura-de-pantalla-2025-03-11-132141-303x255.png\" alt=\"\" width=\"303\" height=\"255\" srcset=\"http:\/\/notisnot.com\/wp-content\/uploads\/2025\/03\/Captura-de-pantalla-2025-03-11-132141-303x255.png 303w, http:\/\/notisnot.com\/wp-content\/uploads\/2025\/03\/Captura-de-pantalla-2025-03-11-132141-505x425.png 505w, http:\/\/notisnot.com\/wp-content\/uploads\/2025\/03\/Captura-de-pantalla-2025-03-11-132141-768x646.png 768w, http:\/\/notisnot.com\/wp-content\/uploads\/2025\/03\/Captura-de-pantalla-2025-03-11-132141-14x12.png 14w, http:\/\/notisnot.com\/wp-content\/uploads\/2025\/03\/Captura-de-pantalla-2025-03-11-132141-20x17.png 20w, http:\/\/notisnot.com\/wp-content\/uploads\/2025\/03\/Captura-de-pantalla-2025-03-11-132141-600x505.png 600w, http:\/\/notisnot.com\/wp-content\/uploads\/2025\/03\/Captura-de-pantalla-2025-03-11-132141-91x77.png 91w, http:\/\/notisnot.com\/wp-content\/uploads\/2025\/03\/Captura-de-pantalla-2025-03-11-132141.png 1215w\" sizes=\"(max-width: 303px) 100vw, 303px\" \/> <img loading=\"lazy\" decoding=\"async\" class=\"alignnone size-medium wp-image-303166\" src=\"https:\/\/notisnot.com\/wp-content\/uploads\/2025\/03\/Captura-de-pantalla-2025-03-11-132152-303x298.png\" alt=\"\" width=\"303\" height=\"298\" srcset=\"http:\/\/notisnot.com\/wp-content\/uploads\/2025\/03\/Captura-de-pantalla-2025-03-11-132152-303x298.png 303w, http:\/\/notisnot.com\/wp-content\/uploads\/2025\/03\/Captura-de-pantalla-2025-03-11-132152-505x497.png 505w, http:\/\/notisnot.com\/wp-content\/uploads\/2025\/03\/Captura-de-pantalla-2025-03-11-132152-768x755.png 768w, http:\/\/notisnot.com\/wp-content\/uploads\/2025\/03\/Captura-de-pantalla-2025-03-11-132152-12x12.png 12w, http:\/\/notisnot.com\/wp-content\/uploads\/2025\/03\/Captura-de-pantalla-2025-03-11-132152-20x20.png 20w, http:\/\/notisnot.com\/wp-content\/uploads\/2025\/03\/Captura-de-pantalla-2025-03-11-132152-600x590.png 600w, http:\/\/notisnot.com\/wp-content\/uploads\/2025\/03\/Captura-de-pantalla-2025-03-11-132152-91x90.png 91w, http:\/\/notisnot.com\/wp-content\/uploads\/2025\/03\/Captura-de-pantalla-2025-03-11-132152-50x50.png 50w, http:\/\/notisnot.com\/wp-content\/uploads\/2025\/03\/Captura-de-pantalla-2025-03-11-132152.png 1040w\" sizes=\"(max-width: 303px) 100vw, 303px\" \/> <img loading=\"lazy\" decoding=\"async\" class=\"alignnone size-medium wp-image-303167\" src=\"https:\/\/notisnot.com\/wp-content\/uploads\/2025\/03\/Captura-de-pantalla-2025-03-11-132201-303x289.png\" alt=\"\" width=\"303\" height=\"289\" srcset=\"http:\/\/notisnot.com\/wp-content\/uploads\/2025\/03\/Captura-de-pantalla-2025-03-11-132201-303x289.png 303w, http:\/\/notisnot.com\/wp-content\/uploads\/2025\/03\/Captura-de-pantalla-2025-03-11-132201-505x481.png 505w, http:\/\/notisnot.com\/wp-content\/uploads\/2025\/03\/Captura-de-pantalla-2025-03-11-132201-768x732.png 768w, http:\/\/notisnot.com\/wp-content\/uploads\/2025\/03\/Captura-de-pantalla-2025-03-11-132201-13x12.png 13w, http:\/\/notisnot.com\/wp-content\/uploads\/2025\/03\/Captura-de-pantalla-2025-03-11-132201-20x20.png 20w, http:\/\/notisnot.com\/wp-content\/uploads\/2025\/03\/Captura-de-pantalla-2025-03-11-132201-600x572.png 600w, http:\/\/notisnot.com\/wp-content\/uploads\/2025\/03\/Captura-de-pantalla-2025-03-11-132201-91x87.png 91w, http:\/\/notisnot.com\/wp-content\/uploads\/2025\/03\/Captura-de-pantalla-2025-03-11-132201.png 1075w\" sizes=\"(max-width: 303px) 100vw, 303px\" \/> <img loading=\"lazy\" decoding=\"async\" class=\"alignnone size-medium wp-image-303168\" src=\"https:\/\/notisnot.com\/wp-content\/uploads\/2025\/03\/Captura-de-pantalla-2025-03-11-132211-303x289.png\" alt=\"\" width=\"303\" height=\"289\" srcset=\"http:\/\/notisnot.com\/wp-content\/uploads\/2025\/03\/Captura-de-pantalla-2025-03-11-132211-303x289.png 303w, http:\/\/notisnot.com\/wp-content\/uploads\/2025\/03\/Captura-de-pantalla-2025-03-11-132211-505x481.png 505w, http:\/\/notisnot.com\/wp-content\/uploads\/2025\/03\/Captura-de-pantalla-2025-03-11-132211-768x731.png 768w, http:\/\/notisnot.com\/wp-content\/uploads\/2025\/03\/Captura-de-pantalla-2025-03-11-132211-13x12.png 13w, http:\/\/notisnot.com\/wp-content\/uploads\/2025\/03\/Captura-de-pantalla-2025-03-11-132211-20x20.png 20w, http:\/\/notisnot.com\/wp-content\/uploads\/2025\/03\/Captura-de-pantalla-2025-03-11-132211-600x571.png 600w, http:\/\/notisnot.com\/wp-content\/uploads\/2025\/03\/Captura-de-pantalla-2025-03-11-132211-91x87.png 91w, http:\/\/notisnot.com\/wp-content\/uploads\/2025\/03\/Captura-de-pantalla-2025-03-11-132211.png 1073w\" sizes=\"(max-width: 303px) 100vw, 303px\" \/> <img loading=\"lazy\" decoding=\"async\" class=\"alignnone size-medium wp-image-303169\" src=\"https:\/\/notisnot.com\/wp-content\/uploads\/2025\/03\/Captura-de-pantalla-2025-03-11-132222-303x313.png\" alt=\"\" width=\"303\" height=\"313\" srcset=\"http:\/\/notisnot.com\/wp-content\/uploads\/2025\/03\/Captura-de-pantalla-2025-03-11-132222-303x313.png 303w, http:\/\/notisnot.com\/wp-content\/uploads\/2025\/03\/Captura-de-pantalla-2025-03-11-132222-505x522.png 505w, http:\/\/notisnot.com\/wp-content\/uploads\/2025\/03\/Captura-de-pantalla-2025-03-11-132222-768x794.png 768w, http:\/\/notisnot.com\/wp-content\/uploads\/2025\/03\/Captura-de-pantalla-2025-03-11-132222-12x12.png 12w, http:\/\/notisnot.com\/wp-content\/uploads\/2025\/03\/Captura-de-pantalla-2025-03-11-132222-20x20.png 20w, http:\/\/notisnot.com\/wp-content\/uploads\/2025\/03\/Captura-de-pantalla-2025-03-11-132222-600x620.png 600w, http:\/\/notisnot.com\/wp-content\/uploads\/2025\/03\/Captura-de-pantalla-2025-03-11-132222-91x94.png 91w, http:\/\/notisnot.com\/wp-content\/uploads\/2025\/03\/Captura-de-pantalla-2025-03-11-132222.png 990w\" sizes=\"(max-width: 303px) 100vw, 303px\" \/><\/p>","protected":false},"excerpt":{"rendered":"<ul class=\"product-sales-pitch\">\n<li>Algod\u00f3n peinado: ofrece una superficie lisa para la personalizaci\u00f3n.<\/li>\n<li>Punto piqu\u00e9: superficie n\u00edtida ideal para bordar.<\/li>\n<li>Cuello y mangas con ribetes contrastados.<\/li>\n<\/ul>","protected":false},"featured_media":315500,"comment_status":"open","ping_status":"closed","template":"","meta":{"_acf_changed":false},"product_cat":[542],"product_tag":[],"class_list":{"0":"post-303159","1":"product","2":"type-product","3":"status-publish","4":"has-post-thumbnail","6":"product_cat-polos-hosteleria","7":"pa_color-azul-marino-negro","8":"pa_color-azul-marino-blanco","9":"pa_color-azul-real-blanco","10":"pa_color-blanco-negro","11":"pa_color-naranja-gris-oscuro","12":"pa_color-negro-amarillo","13":"pa_color-negro-rojo","14":"pa_color-oxford-gris-negro","15":"pa_color-rojo-blanco","16":"pa_tallaropa-xs","17":"pa_tallaropa-s","18":"pa_tallaropa-m","19":"pa_tallaropa-l","20":"pa_tallaropa-xl","21":"pa_tallaropa-xxl","22":"pa_tallaropa-3xl","23":"pa_tallaropa-4xl","25":"first","26":"instock","27":"taxable","28":"shipping-taxable","29":"purchasable","30":"product-type-simple"},"acf":[],"yoast_head":"<!-- This site is optimized with the Yoast SEO plugin v23.4 - https:\/\/yoast.com\/wordpress\/plugins\/seo\/ -->\n<title>Polo de manga corta para hombre con ribetes contrastados - NOT IS NOT<\/title>\n<meta name=\"robots\" content=\"index, follow, max-snippet:-1, max-image-preview:large, max-video-preview:-1\" \/>\n<link rel=\"canonical\" href=\"http:\/\/notisnot.com\/es\/tienda\/ropa-laboral\/hosteleria\/polos-hosteleria\/polo-de-manga-corta-para-hombre-con-ribetes-contrastados\/\" \/>\n<meta property=\"og:locale\" content=\"es_ES\" \/>\n<meta property=\"og:type\" content=\"article\" \/>\n<meta property=\"og:title\" content=\"Polo de manga corta para hombre con ribetes contrastados - NOT IS NOT\" \/>\n<meta property=\"og:description\" content=\"Algod\u00f3n peinado: ofrece una superficie lisa para la personalizaci\u00f3n.  Punto piqu\u00e9: superficie n\u00edtida ideal para bordar.  Cuello y mangas con ribetes contrastados.\" \/>\n<meta property=\"og:url\" content=\"http:\/\/notisnot.com\/es\/tienda\/ropa-laboral\/hosteleria\/polos-hosteleria\/polo-de-manga-corta-para-hombre-con-ribetes-contrastados\/\" \/>\n<meta property=\"og:site_name\" content=\"NOT IS NOT\" \/>\n<meta property=\"article:publisher\" content=\"https:\/\/www.facebook.com\/notisnotofficial\/\" \/>\n<meta property=\"article:modified_time\" content=\"2026-02-09T18:35:03+00:00\" \/>\n<meta property=\"og:image\" content=\"http:\/\/notisnot.com\/wp-content\/uploads\/2025\/03\/Polo-de-manga-corta-para-hombre-con-ribetes-contrastados.png\" \/>\n\t<meta property=\"og:image:width\" content=\"911\" \/>\n\t<meta property=\"og:image:height\" content=\"907\" \/>\n\t<meta property=\"og:image:type\" content=\"image\/png\" \/>\n<meta name=\"twitter:card\" content=\"summary_large_image\" \/>\n<meta name=\"twitter:label1\" content=\"Tiempo de lectura\" \/>\n\t<meta name=\"twitter:data1\" content=\"2 minutos\" \/>\n<script type=\"application\/ld+json\" class=\"yoast-schema-graph\">{\"@context\":\"https:\/\/schema.org\",\"@graph\":[{\"@type\":\"WebPage\",\"@id\":\"http:\/\/notisnot.com\/es\/tienda\/ropa-laboral\/hosteleria\/polos-hosteleria\/polo-de-manga-corta-para-hombre-con-ribetes-contrastados\/\",\"url\":\"http:\/\/notisnot.com\/es\/tienda\/ropa-laboral\/hosteleria\/polos-hosteleria\/polo-de-manga-corta-para-hombre-con-ribetes-contrastados\/\",\"name\":\"Polo de manga corta para hombre con ribetes contrastados - NOT IS NOT\",\"isPartOf\":{\"@id\":\"https:\/\/notisnot.com\/#website\"},\"primaryImageOfPage\":{\"@id\":\"http:\/\/notisnot.com\/es\/tienda\/ropa-laboral\/hosteleria\/polos-hosteleria\/polo-de-manga-corta-para-hombre-con-ribetes-contrastados\/#primaryimage\"},\"image\":{\"@id\":\"http:\/\/notisnot.com\/es\/tienda\/ropa-laboral\/hosteleria\/polos-hosteleria\/polo-de-manga-corta-para-hombre-con-ribetes-contrastados\/#primaryimage\"},\"thumbnailUrl\":\"http:\/\/notisnot.com\/wp-content\/uploads\/2025\/03\/Polo-de-manga-corta-para-hombre-con-ribetes-contrastados.png\",\"datePublished\":\"2025-03-11T12:28:30+00:00\",\"dateModified\":\"2026-02-09T18:35:03+00:00\",\"breadcrumb\":{\"@id\":\"http:\/\/notisnot.com\/es\/tienda\/ropa-laboral\/hosteleria\/polos-hosteleria\/polo-de-manga-corta-para-hombre-con-ribetes-contrastados\/#breadcrumb\"},\"inLanguage\":\"es\",\"potentialAction\":[{\"@type\":\"ReadAction\",\"target\":[\"http:\/\/notisnot.com\/es\/tienda\/ropa-laboral\/hosteleria\/polos-hosteleria\/polo-de-manga-corta-para-hombre-con-ribetes-contrastados\/\"]}]},{\"@type\":\"ImageObject\",\"inLanguage\":\"es\",\"@id\":\"http:\/\/notisnot.com\/es\/tienda\/ropa-laboral\/hosteleria\/polos-hosteleria\/polo-de-manga-corta-para-hombre-con-ribetes-contrastados\/#primaryimage\",\"url\":\"http:\/\/notisnot.com\/wp-content\/uploads\/2025\/03\/Polo-de-manga-corta-para-hombre-con-ribetes-contrastados.png\",\"contentUrl\":\"http:\/\/notisnot.com\/wp-content\/uploads\/2025\/03\/Polo-de-manga-corta-para-hombre-con-ribetes-contrastados.png\",\"width\":911,\"height\":907},{\"@type\":\"BreadcrumbList\",\"@id\":\"http:\/\/notisnot.com\/es\/tienda\/ropa-laboral\/hosteleria\/polos-hosteleria\/polo-de-manga-corta-para-hombre-con-ribetes-contrastados\/#breadcrumb\",\"itemListElement\":[{\"@type\":\"ListItem\",\"position\":1,\"name\":\"Home\",\"item\":\"https:\/\/notisnot.com\/\"},{\"@type\":\"ListItem\",\"position\":2,\"name\":\"Tienda\",\"item\":\"https:\/\/notisnot.com\/tienda-woocomerce\/\"},{\"@type\":\"ListItem\",\"position\":3,\"name\":\"Polo de manga corta para hombre con ribetes contrastados\"}]},{\"@type\":\"WebSite\",\"@id\":\"https:\/\/notisnot.com\/#website\",\"url\":\"https:\/\/notisnot.com\/\",\"name\":\"NOT IS NOT\",\"description\":\"\",\"potentialAction\":[{\"@type\":\"SearchAction\",\"target\":{\"@type\":\"EntryPoint\",\"urlTemplate\":\"https:\/\/notisnot.com\/?s={search_term_string}\"},\"query-input\":{\"@type\":\"PropertyValueSpecification\",\"valueRequired\":true,\"valueName\":\"search_term_string\"}}],\"inLanguage\":\"es\"}]}<\/script>\n<!-- \/ Yoast SEO plugin. -->","yoast_head_json":{"title":"Polo de manga corta para hombre con ribetes contrastados - NOT IS NOT","robots":{"index":"index","follow":"follow","max-snippet":"max-snippet:-1","max-image-preview":"max-image-preview:large","max-video-preview":"max-video-preview:-1"},"canonical":"http:\/\/notisnot.com\/es\/tienda\/ropa-laboral\/hosteleria\/polos-hosteleria\/polo-de-manga-corta-para-hombre-con-ribetes-contrastados\/","og_locale":"es_ES","og_type":"article","og_title":"Polo de manga corta para hombre con ribetes contrastados - NOT IS NOT","og_description":"Algod\u00f3n peinado: ofrece una superficie lisa para la personalizaci\u00f3n.  Punto piqu\u00e9: superficie n\u00edtida ideal para bordar.  Cuello y mangas con ribetes contrastados.","og_url":"http:\/\/notisnot.com\/es\/tienda\/ropa-laboral\/hosteleria\/polos-hosteleria\/polo-de-manga-corta-para-hombre-con-ribetes-contrastados\/","og_site_name":"NOT IS NOT","article_publisher":"https:\/\/www.facebook.com\/notisnotofficial\/","article_modified_time":"2026-02-09T18:35:03+00:00","og_image":[{"width":911,"height":907,"url":"http:\/\/notisnot.com\/wp-content\/uploads\/2025\/03\/Polo-de-manga-corta-para-hombre-con-ribetes-contrastados.png","type":"image\/png"}],"twitter_card":"summary_large_image","twitter_misc":{"Tiempo de lectura":"2 minutos"},"schema":{"@context":"https:\/\/schema.org","@graph":[{"@type":"WebPage","@id":"http:\/\/notisnot.com\/es\/tienda\/ropa-laboral\/hosteleria\/polos-hosteleria\/polo-de-manga-corta-para-hombre-con-ribetes-contrastados\/","url":"http:\/\/notisnot.com\/es\/tienda\/ropa-laboral\/hosteleria\/polos-hosteleria\/polo-de-manga-corta-para-hombre-con-ribetes-contrastados\/","name":"Polo de manga corta para hombre con ribetes contrastados - NOT IS NOT","isPartOf":{"@id":"https:\/\/notisnot.com\/#website"},"primaryImageOfPage":{"@id":"http:\/\/notisnot.com\/es\/tienda\/ropa-laboral\/hosteleria\/polos-hosteleria\/polo-de-manga-corta-para-hombre-con-ribetes-contrastados\/#primaryimage"},"image":{"@id":"http:\/\/notisnot.com\/es\/tienda\/ropa-laboral\/hosteleria\/polos-hosteleria\/polo-de-manga-corta-para-hombre-con-ribetes-contrastados\/#primaryimage"},"thumbnailUrl":"http:\/\/notisnot.com\/wp-content\/uploads\/2025\/03\/Polo-de-manga-corta-para-hombre-con-ribetes-contrastados.png","datePublished":"2025-03-11T12:28:30+00:00","dateModified":"2026-02-09T18:35:03+00:00","breadcrumb":{"@id":"http:\/\/notisnot.com\/es\/tienda\/ropa-laboral\/hosteleria\/polos-hosteleria\/polo-de-manga-corta-para-hombre-con-ribetes-contrastados\/#breadcrumb"},"inLanguage":"es","potentialAction":[{"@type":"ReadAction","target":["http:\/\/notisnot.com\/es\/tienda\/ropa-laboral\/hosteleria\/polos-hosteleria\/polo-de-manga-corta-para-hombre-con-ribetes-contrastados\/"]}]},{"@type":"ImageObject","inLanguage":"es","@id":"http:\/\/notisnot.com\/es\/tienda\/ropa-laboral\/hosteleria\/polos-hosteleria\/polo-de-manga-corta-para-hombre-con-ribetes-contrastados\/#primaryimage","url":"http:\/\/notisnot.com\/wp-content\/uploads\/2025\/03\/Polo-de-manga-corta-para-hombre-con-ribetes-contrastados.png","contentUrl":"http:\/\/notisnot.com\/wp-content\/uploads\/2025\/03\/Polo-de-manga-corta-para-hombre-con-ribetes-contrastados.png","width":911,"height":907},{"@type":"BreadcrumbList","@id":"http:\/\/notisnot.com\/es\/tienda\/ropa-laboral\/hosteleria\/polos-hosteleria\/polo-de-manga-corta-para-hombre-con-ribetes-contrastados\/#breadcrumb","itemListElement":[{"@type":"ListItem","position":1,"name":"Home","item":"https:\/\/notisnot.com\/"},{"@type":"ListItem","position":2,"name":"Tienda","item":"https:\/\/notisnot.com\/tienda-woocomerce\/"},{"@type":"ListItem","position":3,"name":"Polo de manga corta para hombre con ribetes contrastados"}]},{"@type":"WebSite","@id":"https:\/\/notisnot.com\/#website","url":"https:\/\/notisnot.com\/","name":"NOT IS NOT","description":"","potentialAction":[{"@type":"SearchAction","target":{"@type":"EntryPoint","urlTemplate":"https:\/\/notisnot.com\/?s={search_term_string}"},"query-input":{"@type":"PropertyValueSpecification","valueRequired":true,"valueName":"search_term_string"}}],"inLanguage":"es"}]}},"_links":{"self":[{"href":"http:\/\/notisnot.com\/es\/wp-json\/wp\/v2\/product\/303159"}],"collection":[{"href":"http:\/\/notisnot.com\/es\/wp-json\/wp\/v2\/product"}],"about":[{"href":"http:\/\/notisnot.com\/es\/wp-json\/wp\/v2\/types\/product"}],"replies":[{"embeddable":true,"href":"http:\/\/notisnot.com\/es\/wp-json\/wp\/v2\/comments?post=303159"}],"wp:featuredmedia":[{"embeddable":true,"href":"http:\/\/notisnot.com\/es\/wp-json\/wp\/v2\/media\/315500"}],"wp:attachment":[{"href":"http:\/\/notisnot.com\/es\/wp-json\/wp\/v2\/media?parent=303159"}],"wp:term":[{"taxonomy":"product_cat","embeddable":true,"href":"http:\/\/notisnot.com\/es\/wp-json\/wp\/v2\/product_cat?post=303159"},{"taxonomy":"product_tag","embeddable":true,"href":"http:\/\/notisnot.com\/es\/wp-json\/wp\/v2\/product_tag?post=303159"}],"curies":[{"name":"wp","href":"https:\/\/api.w.org\/{rel}","templated":true}]}}