{"id":302285,"date":"2025-03-10T10:24:21","date_gmt":"2025-03-10T10:24:21","guid":{"rendered":"https:\/\/notisnot.com\/?post_type=product&#038;p=302285"},"modified":"2025-06-22T17:12:12","modified_gmt":"2025-06-22T17:12:12","slug":"pantalon-para-hombre-vaquero","status":"publish","type":"product","link":"http:\/\/notisnot.com\/es\/tienda\/ropa-laboral\/hosteleria\/pantalones\/pantalon-para-hombre-vaquero\/","title":{"rendered":"Pantal\u00f3n para Hombre Vaquero"},"content":{"rendered":"<p><img loading=\"lazy\" decoding=\"async\" class=\"alignnone size-medium wp-image-302325\" src=\"https:\/\/notisnot.com\/wp-content\/uploads\/2025\/03\/Captura-de-pantalla-2025-03-07-120535-303x333.png\" alt=\"\" width=\"303\" height=\"333\" srcset=\"http:\/\/notisnot.com\/wp-content\/uploads\/2025\/03\/Captura-de-pantalla-2025-03-07-120535-303x333.png 303w, http:\/\/notisnot.com\/wp-content\/uploads\/2025\/03\/Captura-de-pantalla-2025-03-07-120535-505x555.png 505w, http:\/\/notisnot.com\/wp-content\/uploads\/2025\/03\/Captura-de-pantalla-2025-03-07-120535-768x843.png 768w, http:\/\/notisnot.com\/wp-content\/uploads\/2025\/03\/Captura-de-pantalla-2025-03-07-120535-11x12.png 11w, http:\/\/notisnot.com\/wp-content\/uploads\/2025\/03\/Captura-de-pantalla-2025-03-07-120535-18x20.png 18w, http:\/\/notisnot.com\/wp-content\/uploads\/2025\/03\/Captura-de-pantalla-2025-03-07-120535-600x659.png 600w, http:\/\/notisnot.com\/wp-content\/uploads\/2025\/03\/Captura-de-pantalla-2025-03-07-120535-91x100.png 91w, http:\/\/notisnot.com\/wp-content\/uploads\/2025\/03\/Captura-de-pantalla-2025-03-07-120535.png 814w\" sizes=\"(max-width: 303px) 100vw, 303px\" \/> <img loading=\"lazy\" decoding=\"async\" class=\"alignnone size-medium wp-image-302326\" src=\"https:\/\/notisnot.com\/wp-content\/uploads\/2025\/03\/Captura-de-pantalla-2025-03-07-120547-303x313.png\" alt=\"\" width=\"303\" height=\"313\" srcset=\"http:\/\/notisnot.com\/wp-content\/uploads\/2025\/03\/Captura-de-pantalla-2025-03-07-120547-303x313.png 303w, http:\/\/notisnot.com\/wp-content\/uploads\/2025\/03\/Captura-de-pantalla-2025-03-07-120547-505x522.png 505w, http:\/\/notisnot.com\/wp-content\/uploads\/2025\/03\/Captura-de-pantalla-2025-03-07-120547-768x794.png 768w, http:\/\/notisnot.com\/wp-content\/uploads\/2025\/03\/Captura-de-pantalla-2025-03-07-120547-12x12.png 12w, http:\/\/notisnot.com\/wp-content\/uploads\/2025\/03\/Captura-de-pantalla-2025-03-07-120547-20x20.png 20w, http:\/\/notisnot.com\/wp-content\/uploads\/2025\/03\/Captura-de-pantalla-2025-03-07-120547-600x620.png 600w, http:\/\/notisnot.com\/wp-content\/uploads\/2025\/03\/Captura-de-pantalla-2025-03-07-120547-91x94.png 91w, http:\/\/notisnot.com\/wp-content\/uploads\/2025\/03\/Captura-de-pantalla-2025-03-07-120547.png 864w\" sizes=\"(max-width: 303px) 100vw, 303px\" \/> <img loading=\"lazy\" decoding=\"async\" class=\"alignnone size-medium wp-image-302327\" src=\"https:\/\/notisnot.com\/wp-content\/uploads\/2025\/03\/Captura-de-pantalla-2025-03-07-120559-303x354.png\" alt=\"\" width=\"303\" height=\"354\" srcset=\"http:\/\/notisnot.com\/wp-content\/uploads\/2025\/03\/Captura-de-pantalla-2025-03-07-120559-303x354.png 303w, http:\/\/notisnot.com\/wp-content\/uploads\/2025\/03\/Captura-de-pantalla-2025-03-07-120559-505x591.png 505w, http:\/\/notisnot.com\/wp-content\/uploads\/2025\/03\/Captura-de-pantalla-2025-03-07-120559-768x898.png 768w, http:\/\/notisnot.com\/wp-content\/uploads\/2025\/03\/Captura-de-pantalla-2025-03-07-120559-10x12.png 10w, http:\/\/notisnot.com\/wp-content\/uploads\/2025\/03\/Captura-de-pantalla-2025-03-07-120559-17x20.png 17w, http:\/\/notisnot.com\/wp-content\/uploads\/2025\/03\/Captura-de-pantalla-2025-03-07-120559-600x702.png 600w, http:\/\/notisnot.com\/wp-content\/uploads\/2025\/03\/Captura-de-pantalla-2025-03-07-120559-91x106.png 91w, http:\/\/notisnot.com\/wp-content\/uploads\/2025\/03\/Captura-de-pantalla-2025-03-07-120559.png 771w\" sizes=\"(max-width: 303px) 100vw, 303px\" \/> <img loading=\"lazy\" decoding=\"async\" class=\"alignnone size-medium wp-image-302328\" src=\"https:\/\/notisnot.com\/wp-content\/uploads\/2025\/03\/Captura-de-pantalla-2025-03-07-120616-303x347.png\" alt=\"\" width=\"303\" height=\"347\" srcset=\"http:\/\/notisnot.com\/wp-content\/uploads\/2025\/03\/Captura-de-pantalla-2025-03-07-120616-303x347.png 303w, http:\/\/notisnot.com\/wp-content\/uploads\/2025\/03\/Captura-de-pantalla-2025-03-07-120616-505x579.png 505w, http:\/\/notisnot.com\/wp-content\/uploads\/2025\/03\/Captura-de-pantalla-2025-03-07-120616-10x12.png 10w, http:\/\/notisnot.com\/wp-content\/uploads\/2025\/03\/Captura-de-pantalla-2025-03-07-120616-17x20.png 17w, http:\/\/notisnot.com\/wp-content\/uploads\/2025\/03\/Captura-de-pantalla-2025-03-07-120616-600x688.png 600w, http:\/\/notisnot.com\/wp-content\/uploads\/2025\/03\/Captura-de-pantalla-2025-03-07-120616-91x104.png 91w, http:\/\/notisnot.com\/wp-content\/uploads\/2025\/03\/Captura-de-pantalla-2025-03-07-120616.png 766w\" sizes=\"(max-width: 303px) 100vw, 303px\" \/> <img loading=\"lazy\" decoding=\"async\" class=\"alignnone size-medium wp-image-302329\" src=\"https:\/\/notisnot.com\/wp-content\/uploads\/2025\/03\/Captura-de-pantalla-2025-03-07-120627-303x322.png\" alt=\"\" width=\"303\" height=\"322\" srcset=\"http:\/\/notisnot.com\/wp-content\/uploads\/2025\/03\/Captura-de-pantalla-2025-03-07-120627-303x322.png 303w, http:\/\/notisnot.com\/wp-content\/uploads\/2025\/03\/Captura-de-pantalla-2025-03-07-120627-505x537.png 505w, http:\/\/notisnot.com\/wp-content\/uploads\/2025\/03\/Captura-de-pantalla-2025-03-07-120627-768x816.png 768w, http:\/\/notisnot.com\/wp-content\/uploads\/2025\/03\/Captura-de-pantalla-2025-03-07-120627-11x12.png 11w, http:\/\/notisnot.com\/wp-content\/uploads\/2025\/03\/Captura-de-pantalla-2025-03-07-120627-20x20.png 20w, http:\/\/notisnot.com\/wp-content\/uploads\/2025\/03\/Captura-de-pantalla-2025-03-07-120627-600x638.png 600w, http:\/\/notisnot.com\/wp-content\/uploads\/2025\/03\/Captura-de-pantalla-2025-03-07-120627-91x97.png 91w, http:\/\/notisnot.com\/wp-content\/uploads\/2025\/03\/Captura-de-pantalla-2025-03-07-120627.png 832w\" sizes=\"(max-width: 303px) 100vw, 303px\" \/> <img loading=\"lazy\" decoding=\"async\" class=\"alignnone size-medium wp-image-302330\" src=\"https:\/\/notisnot.com\/wp-content\/uploads\/2025\/03\/Captura-de-pantalla-2025-03-07-120638-303x323.png\" alt=\"\" width=\"303\" height=\"323\" srcset=\"http:\/\/notisnot.com\/wp-content\/uploads\/2025\/03\/Captura-de-pantalla-2025-03-07-120638-303x323.png 303w, http:\/\/notisnot.com\/wp-content\/uploads\/2025\/03\/Captura-de-pantalla-2025-03-07-120638-505x539.png 505w, http:\/\/notisnot.com\/wp-content\/uploads\/2025\/03\/Captura-de-pantalla-2025-03-07-120638-768x820.png 768w, http:\/\/notisnot.com\/wp-content\/uploads\/2025\/03\/Captura-de-pantalla-2025-03-07-120638-11x12.png 11w, http:\/\/notisnot.com\/wp-content\/uploads\/2025\/03\/Captura-de-pantalla-2025-03-07-120638-20x20.png 20w, http:\/\/notisnot.com\/wp-content\/uploads\/2025\/03\/Captura-de-pantalla-2025-03-07-120638-600x640.png 600w, http:\/\/notisnot.com\/wp-content\/uploads\/2025\/03\/Captura-de-pantalla-2025-03-07-120638-91x97.png 91w, http:\/\/notisnot.com\/wp-content\/uploads\/2025\/03\/Captura-de-pantalla-2025-03-07-120638.png 835w\" sizes=\"(max-width: 303px) 100vw, 303px\" \/><\/p>","protected":false},"excerpt":{"rendered":"<p>Descubre la combinaci\u00f3n perfecta de estilo y comodidad con nuestro Pantal\u00f3n para Hombre Vaquero. Este pantal\u00f3n ajustado est\u00e1 dise\u00f1ado para destacar en el entorno laboral de la hosteler\u00eda y el comercio, proporcionando un look moderno y profesional.<\/p>\n<p>Con cinturilla y cierre mediante bot\u00f3n y cremallera, este pantal\u00f3n cuenta con dos bolsillos tejanos delanteros, dos bolsillos de parche traseros y un pr\u00e1ctico bolsillo relojero izquierdo. La prenda est\u00e1 confeccionada en vaquero el\u00e1stico, lo que garantiza un ajuste c\u00f3modo y la libertad de movimiento necesaria para la jornada laboral.<\/p>","protected":false},"featured_media":302325,"comment_status":"open","ping_status":"closed","template":"","meta":{"_acf_changed":false},"product_cat":[463],"product_tag":[],"class_list":{"0":"post-302285","1":"product","2":"type-product","3":"status-publish","4":"has-post-thumbnail","6":"product_cat-pantalones","7":"pa_color-arena","8":"pa_color-azul-marino","9":"pa_color-gris-fino","10":"pa_color-marron","11":"pa_color-negro","12":"pa_color-verde-musgo","13":"pa_tallaropa-466","14":"pa_tallaropa-467","15":"pa_tallaropa-468","16":"pa_tallaropa-469","17":"pa_tallaropa-470","18":"pa_tallaropa-471","19":"pa_tallaropa-472","20":"pa_tallaropa-473","21":"pa_tallaropa-474","22":"pa_tallaropa-475","23":"pa_tallaropa-476","24":"pa_tallaropa-477","25":"pa_tallaropa-491","27":"first","28":"instock","29":"taxable","30":"shipping-taxable","31":"purchasable","32":"product-type-variable"},"acf":[],"yoast_head":"<!-- This site is optimized with the Yoast SEO plugin v23.4 - https:\/\/yoast.com\/wordpress\/plugins\/seo\/ -->\n<title>Pantal\u00f3n para Hombre Vaquero - NOT IS NOT<\/title>\n<meta name=\"robots\" content=\"index, follow, max-snippet:-1, max-image-preview:large, max-video-preview:-1\" \/>\n<link rel=\"canonical\" href=\"http:\/\/notisnot.com\/es\/tienda\/ropa-laboral\/hosteleria\/pantalones\/pantalon-para-hombre-vaquero\/\" \/>\n<meta property=\"og:locale\" content=\"es_ES\" \/>\n<meta property=\"og:type\" content=\"article\" \/>\n<meta property=\"og:title\" content=\"Pantal\u00f3n para Hombre Vaquero - NOT IS NOT\" \/>\n<meta property=\"og:description\" content=\"Descubre la combinaci\u00f3n perfecta de estilo y comodidad con nuestro Pantal\u00f3n para Hombre Vaquero. Este pantal\u00f3n ajustado est\u00e1 dise\u00f1ado para destacar en el entorno laboral de la hosteler\u00eda y el comercio, proporcionando un look moderno y profesional.  Con cinturilla y cierre mediante bot\u00f3n y cremallera, este pantal\u00f3n cuenta con dos bolsillos tejanos delanteros, dos bolsillos de parche traseros y un pr\u00e1ctico bolsillo relojero izquierdo. La prenda est\u00e1 confeccionada en vaquero el\u00e1stico, lo que garantiza un ajuste c\u00f3modo y la libertad de movimiento necesaria para la jornada laboral.\" \/>\n<meta property=\"og:url\" content=\"http:\/\/notisnot.com\/es\/tienda\/ropa-laboral\/hosteleria\/pantalones\/pantalon-para-hombre-vaquero\/\" \/>\n<meta property=\"og:site_name\" content=\"NOT IS NOT\" \/>\n<meta property=\"article:publisher\" content=\"https:\/\/www.facebook.com\/notisnotofficial\/\" \/>\n<meta property=\"article:modified_time\" content=\"2025-06-22T17:12:12+00:00\" \/>\n<meta property=\"og:image\" content=\"http:\/\/notisnot.com\/wp-content\/uploads\/2025\/03\/Captura-de-pantalla-2025-03-07-120535.png\" \/>\n\t<meta property=\"og:image:width\" content=\"814\" \/>\n\t<meta property=\"og:image:height\" content=\"894\" \/>\n\t<meta property=\"og:image:type\" content=\"image\/png\" \/>\n<meta name=\"twitter:card\" content=\"summary_large_image\" \/>\n<meta name=\"twitter:label1\" content=\"Tiempo de lectura\" \/>\n\t<meta name=\"twitter:data1\" content=\"2 minutos\" \/>\n<script type=\"application\/ld+json\" class=\"yoast-schema-graph\">{\"@context\":\"https:\/\/schema.org\",\"@graph\":[{\"@type\":\"WebPage\",\"@id\":\"http:\/\/notisnot.com\/tienda\/ropa-laboral\/hosteleria\/pantalones\/pantalon-para-hombre-vaquero\/\",\"url\":\"http:\/\/notisnot.com\/tienda\/ropa-laboral\/hosteleria\/pantalones\/pantalon-para-hombre-vaquero\/\",\"name\":\"Pantal\u00f3n para Hombre Vaquero - NOT IS NOT\",\"isPartOf\":{\"@id\":\"http:\/\/notisnot.com\/#website\"},\"primaryImageOfPage\":{\"@id\":\"http:\/\/notisnot.com\/tienda\/ropa-laboral\/hosteleria\/pantalones\/pantalon-para-hombre-vaquero\/#primaryimage\"},\"image\":{\"@id\":\"http:\/\/notisnot.com\/tienda\/ropa-laboral\/hosteleria\/pantalones\/pantalon-para-hombre-vaquero\/#primaryimage\"},\"thumbnailUrl\":\"http:\/\/notisnot.com\/wp-content\/uploads\/2025\/03\/Captura-de-pantalla-2025-03-07-120535.png\",\"datePublished\":\"2025-03-10T10:24:21+00:00\",\"dateModified\":\"2025-06-22T17:12:12+00:00\",\"breadcrumb\":{\"@id\":\"http:\/\/notisnot.com\/tienda\/ropa-laboral\/hosteleria\/pantalones\/pantalon-para-hombre-vaquero\/#breadcrumb\"},\"inLanguage\":\"es\",\"potentialAction\":[{\"@type\":\"ReadAction\",\"target\":[\"http:\/\/notisnot.com\/tienda\/ropa-laboral\/hosteleria\/pantalones\/pantalon-para-hombre-vaquero\/\"]}]},{\"@type\":\"ImageObject\",\"inLanguage\":\"es\",\"@id\":\"http:\/\/notisnot.com\/tienda\/ropa-laboral\/hosteleria\/pantalones\/pantalon-para-hombre-vaquero\/#primaryimage\",\"url\":\"http:\/\/notisnot.com\/wp-content\/uploads\/2025\/03\/Captura-de-pantalla-2025-03-07-120535.png\",\"contentUrl\":\"http:\/\/notisnot.com\/wp-content\/uploads\/2025\/03\/Captura-de-pantalla-2025-03-07-120535.png\",\"width\":814,\"height\":894},{\"@type\":\"BreadcrumbList\",\"@id\":\"http:\/\/notisnot.com\/tienda\/ropa-laboral\/hosteleria\/pantalones\/pantalon-para-hombre-vaquero\/#breadcrumb\",\"itemListElement\":[{\"@type\":\"ListItem\",\"position\":1,\"name\":\"Home\",\"item\":\"http:\/\/notisnot.com\/\"},{\"@type\":\"ListItem\",\"position\":2,\"name\":\"Tienda\",\"item\":\"https:\/\/notisnot.com\/es\/tienda-woocomerce\/\"},{\"@type\":\"ListItem\",\"position\":3,\"name\":\"Pantal\u00f3n para Hombre Vaquero\"}]},{\"@type\":\"WebSite\",\"@id\":\"http:\/\/notisnot.com\/#website\",\"url\":\"http:\/\/notisnot.com\/\",\"name\":\"NOT IS NOT\",\"description\":\"\",\"potentialAction\":[{\"@type\":\"SearchAction\",\"target\":{\"@type\":\"EntryPoint\",\"urlTemplate\":\"http:\/\/notisnot.com\/?s={search_term_string}\"},\"query-input\":{\"@type\":\"PropertyValueSpecification\",\"valueRequired\":true,\"valueName\":\"search_term_string\"}}],\"inLanguage\":\"es\"}]}<\/script>\n<!-- \/ Yoast SEO plugin. -->","yoast_head_json":{"title":"Pantal\u00f3n para Hombre Vaquero - NOT IS NOT","robots":{"index":"index","follow":"follow","max-snippet":"max-snippet:-1","max-image-preview":"max-image-preview:large","max-video-preview":"max-video-preview:-1"},"canonical":"http:\/\/notisnot.com\/es\/tienda\/ropa-laboral\/hosteleria\/pantalones\/pantalon-para-hombre-vaquero\/","og_locale":"es_ES","og_type":"article","og_title":"Pantal\u00f3n para Hombre Vaquero - NOT IS NOT","og_description":"Descubre la combinaci\u00f3n perfecta de estilo y comodidad con nuestro Pantal\u00f3n para Hombre Vaquero. Este pantal\u00f3n ajustado est\u00e1 dise\u00f1ado para destacar en el entorno laboral de la hosteler\u00eda y el comercio, proporcionando un look moderno y profesional.  Con cinturilla y cierre mediante bot\u00f3n y cremallera, este pantal\u00f3n cuenta con dos bolsillos tejanos delanteros, dos bolsillos de parche traseros y un pr\u00e1ctico bolsillo relojero izquierdo. La prenda est\u00e1 confeccionada en vaquero el\u00e1stico, lo que garantiza un ajuste c\u00f3modo y la libertad de movimiento necesaria para la jornada laboral.","og_url":"http:\/\/notisnot.com\/es\/tienda\/ropa-laboral\/hosteleria\/pantalones\/pantalon-para-hombre-vaquero\/","og_site_name":"NOT IS NOT","article_publisher":"https:\/\/www.facebook.com\/notisnotofficial\/","article_modified_time":"2025-06-22T17:12:12+00:00","og_image":[{"width":814,"height":894,"url":"http:\/\/notisnot.com\/wp-content\/uploads\/2025\/03\/Captura-de-pantalla-2025-03-07-120535.png","type":"image\/png"}],"twitter_card":"summary_large_image","twitter_misc":{"Tiempo de lectura":"2 minutos"},"schema":{"@context":"https:\/\/schema.org","@graph":[{"@type":"WebPage","@id":"http:\/\/notisnot.com\/tienda\/ropa-laboral\/hosteleria\/pantalones\/pantalon-para-hombre-vaquero\/","url":"http:\/\/notisnot.com\/tienda\/ropa-laboral\/hosteleria\/pantalones\/pantalon-para-hombre-vaquero\/","name":"Pantal\u00f3n para Hombre Vaquero - NOT IS NOT","isPartOf":{"@id":"http:\/\/notisnot.com\/#website"},"primaryImageOfPage":{"@id":"http:\/\/notisnot.com\/tienda\/ropa-laboral\/hosteleria\/pantalones\/pantalon-para-hombre-vaquero\/#primaryimage"},"image":{"@id":"http:\/\/notisnot.com\/tienda\/ropa-laboral\/hosteleria\/pantalones\/pantalon-para-hombre-vaquero\/#primaryimage"},"thumbnailUrl":"http:\/\/notisnot.com\/wp-content\/uploads\/2025\/03\/Captura-de-pantalla-2025-03-07-120535.png","datePublished":"2025-03-10T10:24:21+00:00","dateModified":"2025-06-22T17:12:12+00:00","breadcrumb":{"@id":"http:\/\/notisnot.com\/tienda\/ropa-laboral\/hosteleria\/pantalones\/pantalon-para-hombre-vaquero\/#breadcrumb"},"inLanguage":"es","potentialAction":[{"@type":"ReadAction","target":["http:\/\/notisnot.com\/tienda\/ropa-laboral\/hosteleria\/pantalones\/pantalon-para-hombre-vaquero\/"]}]},{"@type":"ImageObject","inLanguage":"es","@id":"http:\/\/notisnot.com\/tienda\/ropa-laboral\/hosteleria\/pantalones\/pantalon-para-hombre-vaquero\/#primaryimage","url":"http:\/\/notisnot.com\/wp-content\/uploads\/2025\/03\/Captura-de-pantalla-2025-03-07-120535.png","contentUrl":"http:\/\/notisnot.com\/wp-content\/uploads\/2025\/03\/Captura-de-pantalla-2025-03-07-120535.png","width":814,"height":894},{"@type":"BreadcrumbList","@id":"http:\/\/notisnot.com\/tienda\/ropa-laboral\/hosteleria\/pantalones\/pantalon-para-hombre-vaquero\/#breadcrumb","itemListElement":[{"@type":"ListItem","position":1,"name":"Home","item":"http:\/\/notisnot.com\/"},{"@type":"ListItem","position":2,"name":"Tienda","item":"https:\/\/notisnot.com\/es\/tienda-woocomerce\/"},{"@type":"ListItem","position":3,"name":"Pantal\u00f3n para Hombre Vaquero"}]},{"@type":"WebSite","@id":"http:\/\/notisnot.com\/#website","url":"http:\/\/notisnot.com\/","name":"NOT IS NOT","description":"","potentialAction":[{"@type":"SearchAction","target":{"@type":"EntryPoint","urlTemplate":"http:\/\/notisnot.com\/?s={search_term_string}"},"query-input":{"@type":"PropertyValueSpecification","valueRequired":true,"valueName":"search_term_string"}}],"inLanguage":"es"}]}},"_links":{"self":[{"href":"http:\/\/notisnot.com\/es\/wp-json\/wp\/v2\/product\/302285"}],"collection":[{"href":"http:\/\/notisnot.com\/es\/wp-json\/wp\/v2\/product"}],"about":[{"href":"http:\/\/notisnot.com\/es\/wp-json\/wp\/v2\/types\/product"}],"replies":[{"embeddable":true,"href":"http:\/\/notisnot.com\/es\/wp-json\/wp\/v2\/comments?post=302285"}],"wp:featuredmedia":[{"embeddable":true,"href":"http:\/\/notisnot.com\/es\/wp-json\/wp\/v2\/media\/302325"}],"wp:attachment":[{"href":"http:\/\/notisnot.com\/es\/wp-json\/wp\/v2\/media?parent=302285"}],"wp:term":[{"taxonomy":"product_cat","embeddable":true,"href":"http:\/\/notisnot.com\/es\/wp-json\/wp\/v2\/product_cat?post=302285"},{"taxonomy":"product_tag","embeddable":true,"href":"http:\/\/notisnot.com\/es\/wp-json\/wp\/v2\/product_tag?post=302285"}],"curies":[{"name":"wp","href":"https:\/\/api.w.org\/{rel}","templated":true}]}}