{"id":302078,"date":"2025-03-10T09:56:40","date_gmt":"2025-03-10T09:56:40","guid":{"rendered":"https:\/\/notisnot.com\/?post_type=product&#038;p=302078"},"modified":"2025-11-25T18:37:01","modified_gmt":"2025-11-25T18:37:01","slug":"pantalon-denim-cocinero-jogging","status":"publish","type":"product","link":"http:\/\/notisnot.com\/es\/tienda\/ropa-laboral\/hosteleria\/pantalones\/pantalon-denim-cocinero-jogging\/","title":{"rendered":"Pantal\u00f3n Denim Cocinero Jogging"},"content":{"rendered":"<p><img loading=\"lazy\" decoding=\"async\" class=\"alignnone size-medium wp-image-302086\" src=\"https:\/\/notisnot.com\/wp-content\/uploads\/2025\/03\/Captura-de-pantalla-2025-03-07-114421-285x453.png\" alt=\"\" width=\"285\" height=\"453\" srcset=\"http:\/\/notisnot.com\/wp-content\/uploads\/2025\/03\/Captura-de-pantalla-2025-03-07-114421-285x453.png 285w, http:\/\/notisnot.com\/wp-content\/uploads\/2025\/03\/Captura-de-pantalla-2025-03-07-114421-8x12.png 8w, http:\/\/notisnot.com\/wp-content\/uploads\/2025\/03\/Captura-de-pantalla-2025-03-07-114421-13x20.png 13w, http:\/\/notisnot.com\/wp-content\/uploads\/2025\/03\/Captura-de-pantalla-2025-03-07-114421-87x138.png 87w, http:\/\/notisnot.com\/wp-content\/uploads\/2025\/03\/Captura-de-pantalla-2025-03-07-114421.png 474w\" sizes=\"(max-width: 285px) 100vw, 285px\" \/> <img loading=\"lazy\" decoding=\"async\" class=\"alignnone size-medium wp-image-302087\" src=\"https:\/\/notisnot.com\/wp-content\/uploads\/2025\/03\/Captura-de-pantalla-2025-03-07-114427-275x453.png\" alt=\"\" width=\"275\" height=\"453\" srcset=\"http:\/\/notisnot.com\/wp-content\/uploads\/2025\/03\/Captura-de-pantalla-2025-03-07-114427-275x453.png 275w, http:\/\/notisnot.com\/wp-content\/uploads\/2025\/03\/Captura-de-pantalla-2025-03-07-114427-457x753.png 457w, http:\/\/notisnot.com\/wp-content\/uploads\/2025\/03\/Captura-de-pantalla-2025-03-07-114427-7x12.png 7w, http:\/\/notisnot.com\/wp-content\/uploads\/2025\/03\/Captura-de-pantalla-2025-03-07-114427-12x20.png 12w, http:\/\/notisnot.com\/wp-content\/uploads\/2025\/03\/Captura-de-pantalla-2025-03-07-114427-84x138.png 84w, http:\/\/notisnot.com\/wp-content\/uploads\/2025\/03\/Captura-de-pantalla-2025-03-07-114427.png 482w\" sizes=\"(max-width: 275px) 100vw, 275px\" \/> <img loading=\"lazy\" decoding=\"async\" class=\"alignnone size-medium wp-image-302088\" src=\"https:\/\/notisnot.com\/wp-content\/uploads\/2025\/03\/Captura-de-pantalla-2025-03-07-114456-291x453.png\" alt=\"\" width=\"291\" height=\"453\" srcset=\"http:\/\/notisnot.com\/wp-content\/uploads\/2025\/03\/Captura-de-pantalla-2025-03-07-114456-291x453.png 291w, http:\/\/notisnot.com\/wp-content\/uploads\/2025\/03\/Captura-de-pantalla-2025-03-07-114456-89x138.png 89w, http:\/\/notisnot.com\/wp-content\/uploads\/2025\/03\/Captura-de-pantalla-2025-03-07-114456-500x778.png 500w, http:\/\/notisnot.com\/wp-content\/uploads\/2025\/03\/Captura-de-pantalla-2025-03-07-114456-484x753.png 484w, http:\/\/notisnot.com\/wp-content\/uploads\/2025\/03\/Captura-de-pantalla-2025-03-07-114456-8x12.png 8w, http:\/\/notisnot.com\/wp-content\/uploads\/2025\/03\/Captura-de-pantalla-2025-03-07-114456.png 550w\" sizes=\"(max-width: 291px) 100vw, 291px\" \/><\/p>","protected":false},"excerpt":{"rendered":"<p>Pantal\u00f3n jogging que aporta comodidad y un giro de tendencia para los profesionales de la<br \/>\ncocina.<br \/>\nCon el\u00e1stico en la cintura y en los tobillos, est\u00e1 relacionado con el mundo deportivo, gracias a<br \/>\nla influencia de las tendencias, se convierten en una opci\u00f3n perfecta para otros pretextos.<br \/>\nBolsillo en el trasero derecho cerrado con cremallera waterproof para el m\u00f3vil.<br \/>\nBolsillo para el c\u00fater.<br \/>\nBolsillo en el trasero izquierdo de gran apertura y de f\u00e1cil acceso, para la cartera.<br \/>\nEste pantal\u00f3n lleva un proceso de lavado a la piedra para conseguir el efecto desgastado<\/p>","protected":false},"featured_media":315492,"comment_status":"open","ping_status":"closed","template":"","meta":{"_acf_changed":false},"product_cat":[463],"product_tag":[],"class_list":{"0":"post-302078","1":"product","2":"type-product","3":"status-publish","4":"has-post-thumbnail","6":"product_cat-pantalones","7":"pa_color-azul-denim","8":"pa_tallaropa-xs","9":"pa_tallaropa-s","10":"pa_tallaropa-m","11":"pa_tallaropa-l","12":"pa_tallaropa-xl","13":"pa_tallaropa-xxl","14":"pa_tallaropa-3xl","16":"first","17":"instock","18":"taxable","19":"shipping-taxable","20":"purchasable","21":"product-type-variable"},"acf":[],"yoast_head":"<!-- This site is optimized with the Yoast SEO plugin v23.4 - https:\/\/yoast.com\/wordpress\/plugins\/seo\/ -->\n<title>Pantal\u00f3n Denim Cocinero Jogging - NOT IS NOT<\/title>\n<meta name=\"robots\" content=\"index, follow, max-snippet:-1, max-image-preview:large, max-video-preview:-1\" \/>\n<link rel=\"canonical\" href=\"https:\/\/notisnot.com\/es\/tienda\/ropa-laboral\/hosteleria\/pantalones\/pantalon-denim-cocinero-jogging\/\" \/>\n<meta property=\"og:locale\" content=\"es_ES\" \/>\n<meta property=\"og:type\" content=\"article\" \/>\n<meta property=\"og:title\" content=\"Pantal\u00f3n Denim Cocinero Jogging - NOT IS NOT\" \/>\n<meta property=\"og:description\" content=\"Pantal\u00f3n jogging que aporta comodidad y un giro de tendencia para los profesionales de la cocina. Con el\u00e1stico en la cintura y en los tobillos, est\u00e1 relacionado con el mundo deportivo, gracias a la influencia de las tendencias, se convierten en una opci\u00f3n perfecta para otros pretextos. Bolsillo en el trasero derecho cerrado con cremallera waterproof para el m\u00f3vil. Bolsillo para el c\u00fater. Bolsillo en el trasero izquierdo de gran apertura y de f\u00e1cil acceso, para la cartera. Este pantal\u00f3n lleva un proceso de lavado a la piedra para conseguir el efecto desgastado\" \/>\n<meta property=\"og:url\" content=\"https:\/\/notisnot.com\/es\/tienda\/ropa-laboral\/hosteleria\/pantalones\/pantalon-denim-cocinero-jogging\/\" \/>\n<meta property=\"og:site_name\" content=\"NOT IS NOT\" \/>\n<meta property=\"article:publisher\" content=\"https:\/\/www.facebook.com\/notisnotofficial\/\" \/>\n<meta property=\"article:modified_time\" content=\"2025-11-25T18:37:01+00:00\" \/>\n<meta property=\"og:image\" content=\"https:\/\/notisnot.com\/wp-content\/uploads\/2025\/03\/pantalon-denim-cocinero-jogging.png\" \/>\n\t<meta property=\"og:image:width\" content=\"911\" \/>\n\t<meta property=\"og:image:height\" content=\"907\" \/>\n\t<meta property=\"og:image:type\" content=\"image\/png\" \/>\n<meta name=\"twitter:card\" content=\"summary_large_image\" \/>\n<meta name=\"twitter:label1\" content=\"Tiempo de lectura\" \/>\n\t<meta name=\"twitter:data1\" content=\"1 minuto\" \/>\n<script type=\"application\/ld+json\" class=\"yoast-schema-graph\">{\"@context\":\"https:\/\/schema.org\",\"@graph\":[{\"@type\":\"WebPage\",\"@id\":\"https:\/\/notisnot.com\/es\/tienda\/ropa-laboral\/hosteleria\/pantalones\/pantalon-denim-cocinero-jogging\/\",\"url\":\"https:\/\/notisnot.com\/es\/tienda\/ropa-laboral\/hosteleria\/pantalones\/pantalon-denim-cocinero-jogging\/\",\"name\":\"Pantal\u00f3n Denim Cocinero Jogging - NOT IS NOT\",\"isPartOf\":{\"@id\":\"http:\/\/notisnot.com\/#website\"},\"primaryImageOfPage\":{\"@id\":\"https:\/\/notisnot.com\/es\/tienda\/ropa-laboral\/hosteleria\/pantalones\/pantalon-denim-cocinero-jogging\/#primaryimage\"},\"image\":{\"@id\":\"https:\/\/notisnot.com\/es\/tienda\/ropa-laboral\/hosteleria\/pantalones\/pantalon-denim-cocinero-jogging\/#primaryimage\"},\"thumbnailUrl\":\"http:\/\/notisnot.com\/wp-content\/uploads\/2025\/03\/pantalon-denim-cocinero-jogging.png\",\"datePublished\":\"2025-03-10T09:56:40+00:00\",\"dateModified\":\"2025-11-25T18:37:01+00:00\",\"breadcrumb\":{\"@id\":\"https:\/\/notisnot.com\/es\/tienda\/ropa-laboral\/hosteleria\/pantalones\/pantalon-denim-cocinero-jogging\/#breadcrumb\"},\"inLanguage\":\"es\",\"potentialAction\":[{\"@type\":\"ReadAction\",\"target\":[\"https:\/\/notisnot.com\/es\/tienda\/ropa-laboral\/hosteleria\/pantalones\/pantalon-denim-cocinero-jogging\/\"]}]},{\"@type\":\"ImageObject\",\"inLanguage\":\"es\",\"@id\":\"https:\/\/notisnot.com\/es\/tienda\/ropa-laboral\/hosteleria\/pantalones\/pantalon-denim-cocinero-jogging\/#primaryimage\",\"url\":\"http:\/\/notisnot.com\/wp-content\/uploads\/2025\/03\/pantalon-denim-cocinero-jogging.png\",\"contentUrl\":\"http:\/\/notisnot.com\/wp-content\/uploads\/2025\/03\/pantalon-denim-cocinero-jogging.png\",\"width\":911,\"height\":907},{\"@type\":\"BreadcrumbList\",\"@id\":\"https:\/\/notisnot.com\/es\/tienda\/ropa-laboral\/hosteleria\/pantalones\/pantalon-denim-cocinero-jogging\/#breadcrumb\",\"itemListElement\":[{\"@type\":\"ListItem\",\"position\":1,\"name\":\"Home\",\"item\":\"http:\/\/notisnot.com\/\"},{\"@type\":\"ListItem\",\"position\":2,\"name\":\"Tienda\",\"item\":\"https:\/\/notisnot.com\/es\/tienda-woocomerce\/\"},{\"@type\":\"ListItem\",\"position\":3,\"name\":\"Pantal\u00f3n Denim Cocinero Jogging\"}]},{\"@type\":\"WebSite\",\"@id\":\"http:\/\/notisnot.com\/#website\",\"url\":\"http:\/\/notisnot.com\/\",\"name\":\"NOT IS NOT\",\"description\":\"\",\"potentialAction\":[{\"@type\":\"SearchAction\",\"target\":{\"@type\":\"EntryPoint\",\"urlTemplate\":\"http:\/\/notisnot.com\/?s={search_term_string}\"},\"query-input\":{\"@type\":\"PropertyValueSpecification\",\"valueRequired\":true,\"valueName\":\"search_term_string\"}}],\"inLanguage\":\"es\"}]}<\/script>\n<!-- \/ Yoast SEO plugin. -->","yoast_head_json":{"title":"Pantal\u00f3n Denim Cocinero Jogging - NOT IS NOT","robots":{"index":"index","follow":"follow","max-snippet":"max-snippet:-1","max-image-preview":"max-image-preview:large","max-video-preview":"max-video-preview:-1"},"canonical":"https:\/\/notisnot.com\/es\/tienda\/ropa-laboral\/hosteleria\/pantalones\/pantalon-denim-cocinero-jogging\/","og_locale":"es_ES","og_type":"article","og_title":"Pantal\u00f3n Denim Cocinero Jogging - NOT IS NOT","og_description":"Pantal\u00f3n jogging que aporta comodidad y un giro de tendencia para los profesionales de la cocina. Con el\u00e1stico en la cintura y en los tobillos, est\u00e1 relacionado con el mundo deportivo, gracias a la influencia de las tendencias, se convierten en una opci\u00f3n perfecta para otros pretextos. Bolsillo en el trasero derecho cerrado con cremallera waterproof para el m\u00f3vil. Bolsillo para el c\u00fater. Bolsillo en el trasero izquierdo de gran apertura y de f\u00e1cil acceso, para la cartera. Este pantal\u00f3n lleva un proceso de lavado a la piedra para conseguir el efecto desgastado","og_url":"https:\/\/notisnot.com\/es\/tienda\/ropa-laboral\/hosteleria\/pantalones\/pantalon-denim-cocinero-jogging\/","og_site_name":"NOT IS NOT","article_publisher":"https:\/\/www.facebook.com\/notisnotofficial\/","article_modified_time":"2025-11-25T18:37:01+00:00","og_image":[{"width":911,"height":907,"url":"https:\/\/notisnot.com\/wp-content\/uploads\/2025\/03\/pantalon-denim-cocinero-jogging.png","type":"image\/png"}],"twitter_card":"summary_large_image","twitter_misc":{"Tiempo de lectura":"1 minuto"},"schema":{"@context":"https:\/\/schema.org","@graph":[{"@type":"WebPage","@id":"https:\/\/notisnot.com\/es\/tienda\/ropa-laboral\/hosteleria\/pantalones\/pantalon-denim-cocinero-jogging\/","url":"https:\/\/notisnot.com\/es\/tienda\/ropa-laboral\/hosteleria\/pantalones\/pantalon-denim-cocinero-jogging\/","name":"Pantal\u00f3n Denim Cocinero Jogging - NOT IS NOT","isPartOf":{"@id":"http:\/\/notisnot.com\/#website"},"primaryImageOfPage":{"@id":"https:\/\/notisnot.com\/es\/tienda\/ropa-laboral\/hosteleria\/pantalones\/pantalon-denim-cocinero-jogging\/#primaryimage"},"image":{"@id":"https:\/\/notisnot.com\/es\/tienda\/ropa-laboral\/hosteleria\/pantalones\/pantalon-denim-cocinero-jogging\/#primaryimage"},"thumbnailUrl":"http:\/\/notisnot.com\/wp-content\/uploads\/2025\/03\/pantalon-denim-cocinero-jogging.png","datePublished":"2025-03-10T09:56:40+00:00","dateModified":"2025-11-25T18:37:01+00:00","breadcrumb":{"@id":"https:\/\/notisnot.com\/es\/tienda\/ropa-laboral\/hosteleria\/pantalones\/pantalon-denim-cocinero-jogging\/#breadcrumb"},"inLanguage":"es","potentialAction":[{"@type":"ReadAction","target":["https:\/\/notisnot.com\/es\/tienda\/ropa-laboral\/hosteleria\/pantalones\/pantalon-denim-cocinero-jogging\/"]}]},{"@type":"ImageObject","inLanguage":"es","@id":"https:\/\/notisnot.com\/es\/tienda\/ropa-laboral\/hosteleria\/pantalones\/pantalon-denim-cocinero-jogging\/#primaryimage","url":"http:\/\/notisnot.com\/wp-content\/uploads\/2025\/03\/pantalon-denim-cocinero-jogging.png","contentUrl":"http:\/\/notisnot.com\/wp-content\/uploads\/2025\/03\/pantalon-denim-cocinero-jogging.png","width":911,"height":907},{"@type":"BreadcrumbList","@id":"https:\/\/notisnot.com\/es\/tienda\/ropa-laboral\/hosteleria\/pantalones\/pantalon-denim-cocinero-jogging\/#breadcrumb","itemListElement":[{"@type":"ListItem","position":1,"name":"Home","item":"http:\/\/notisnot.com\/"},{"@type":"ListItem","position":2,"name":"Tienda","item":"https:\/\/notisnot.com\/es\/tienda-woocomerce\/"},{"@type":"ListItem","position":3,"name":"Pantal\u00f3n Denim Cocinero Jogging"}]},{"@type":"WebSite","@id":"http:\/\/notisnot.com\/#website","url":"http:\/\/notisnot.com\/","name":"NOT IS NOT","description":"","potentialAction":[{"@type":"SearchAction","target":{"@type":"EntryPoint","urlTemplate":"http:\/\/notisnot.com\/?s={search_term_string}"},"query-input":{"@type":"PropertyValueSpecification","valueRequired":true,"valueName":"search_term_string"}}],"inLanguage":"es"}]}},"_links":{"self":[{"href":"http:\/\/notisnot.com\/es\/wp-json\/wp\/v2\/product\/302078"}],"collection":[{"href":"http:\/\/notisnot.com\/es\/wp-json\/wp\/v2\/product"}],"about":[{"href":"http:\/\/notisnot.com\/es\/wp-json\/wp\/v2\/types\/product"}],"replies":[{"embeddable":true,"href":"http:\/\/notisnot.com\/es\/wp-json\/wp\/v2\/comments?post=302078"}],"wp:featuredmedia":[{"embeddable":true,"href":"http:\/\/notisnot.com\/es\/wp-json\/wp\/v2\/media\/315492"}],"wp:attachment":[{"href":"http:\/\/notisnot.com\/es\/wp-json\/wp\/v2\/media?parent=302078"}],"wp:term":[{"taxonomy":"product_cat","embeddable":true,"href":"http:\/\/notisnot.com\/es\/wp-json\/wp\/v2\/product_cat?post=302078"},{"taxonomy":"product_tag","embeddable":true,"href":"http:\/\/notisnot.com\/es\/wp-json\/wp\/v2\/product_tag?post=302078"}],"curies":[{"name":"wp","href":"https:\/\/api.w.org\/{rel}","templated":true}]}}