{"id":301780,"date":"2025-03-06T11:36:48","date_gmt":"2025-03-06T11:36:48","guid":{"rendered":"https:\/\/notisnot.com\/?post_type=product&#038;p=301780"},"modified":"2025-06-19T16:45:04","modified_gmt":"2025-06-19T16:45:04","slug":"delantal-corto-beige","status":"publish","type":"product","link":"http:\/\/notisnot.com\/es\/tienda\/ropa-laboral\/hosteleria\/delantales\/delantal-corto-beige\/","title":{"rendered":"Delantal corto beige"},"content":{"rendered":"<p><img loading=\"lazy\" decoding=\"async\" class=\"alignnone size-medium wp-image-301781\" src=\"https:\/\/notisnot.com\/wp-content\/uploads\/2025\/03\/Captura-de-pantalla-2025-03-06-114420-303x329.png\" alt=\"\" width=\"303\" height=\"329\" srcset=\"http:\/\/notisnot.com\/wp-content\/uploads\/2025\/03\/Captura-de-pantalla-2025-03-06-114420-303x329.png 303w, http:\/\/notisnot.com\/wp-content\/uploads\/2025\/03\/Captura-de-pantalla-2025-03-06-114420-505x548.png 505w, http:\/\/notisnot.com\/wp-content\/uploads\/2025\/03\/Captura-de-pantalla-2025-03-06-114420-768x833.png 768w, http:\/\/notisnot.com\/wp-content\/uploads\/2025\/03\/Captura-de-pantalla-2025-03-06-114420-11x12.png 11w, http:\/\/notisnot.com\/wp-content\/uploads\/2025\/03\/Captura-de-pantalla-2025-03-06-114420-18x20.png 18w, http:\/\/notisnot.com\/wp-content\/uploads\/2025\/03\/Captura-de-pantalla-2025-03-06-114420-600x651.png 600w, http:\/\/notisnot.com\/wp-content\/uploads\/2025\/03\/Captura-de-pantalla-2025-03-06-114420-91x99.png 91w, http:\/\/notisnot.com\/wp-content\/uploads\/2025\/03\/Captura-de-pantalla-2025-03-06-114420.png 831w\" sizes=\"(max-width: 303px) 100vw, 303px\" \/> <img loading=\"lazy\" decoding=\"async\" class=\"alignnone size-medium wp-image-301782\" src=\"https:\/\/notisnot.com\/wp-content\/uploads\/2025\/03\/Captura-de-pantalla-2025-03-06-114430-303x309.png\" alt=\"\" width=\"303\" height=\"309\" srcset=\"http:\/\/notisnot.com\/wp-content\/uploads\/2025\/03\/Captura-de-pantalla-2025-03-06-114430-303x309.png 303w, http:\/\/notisnot.com\/wp-content\/uploads\/2025\/03\/Captura-de-pantalla-2025-03-06-114430-505x515.png 505w, http:\/\/notisnot.com\/wp-content\/uploads\/2025\/03\/Captura-de-pantalla-2025-03-06-114430-768x784.png 768w, http:\/\/notisnot.com\/wp-content\/uploads\/2025\/03\/Captura-de-pantalla-2025-03-06-114430-12x12.png 12w, http:\/\/notisnot.com\/wp-content\/uploads\/2025\/03\/Captura-de-pantalla-2025-03-06-114430-20x20.png 20w, http:\/\/notisnot.com\/wp-content\/uploads\/2025\/03\/Captura-de-pantalla-2025-03-06-114430-600x612.png 600w, http:\/\/notisnot.com\/wp-content\/uploads\/2025\/03\/Captura-de-pantalla-2025-03-06-114430-91x93.png 91w, http:\/\/notisnot.com\/wp-content\/uploads\/2025\/03\/Captura-de-pantalla-2025-03-06-114430-50x50.png 50w, http:\/\/notisnot.com\/wp-content\/uploads\/2025\/03\/Captura-de-pantalla-2025-03-06-114430.png 876w\" sizes=\"(max-width: 303px) 100vw, 303px\" \/><\/p>","protected":false},"excerpt":{"rendered":"<p>Nuestro delantal corto en color beige, con dimensiones de 35 x 67 cm, es la elecci\u00f3n perfecta para aquellos que buscan un delantal compacto y funcional. A pesar de su tama\u00f1o m\u00e1s reducido, cuenta con dos bolsillos en la parte delantera, lo que proporciona un espacio conveniente para llevar consigo las herramientas y utensilios esenciales para realizar su trabajo de manera eficiente.<\/p>\n<p>Valoramos su comodidad, por lo que hemos incorporado tiras laterales para anudar. Esto le permite ajustar el delantal a su medida, garantizando un ajuste c\u00f3modo y seguro que se adapta a su estilo de trabajo.<\/p>","protected":false},"featured_media":301781,"comment_status":"open","ping_status":"closed","template":"","meta":{"_acf_changed":false},"product_cat":[512],"product_tag":[],"class_list":{"0":"post-301780","1":"product","2":"type-product","3":"status-publish","4":"has-post-thumbnail","6":"product_cat-delantales","7":"pa_color-beige","8":"pa_tallaropa-talla-unica","10":"first","11":"instock","12":"taxable","13":"shipping-taxable","14":"purchasable","15":"product-type-variable"},"acf":[],"yoast_head":"<!-- This site is optimized with the Yoast SEO plugin v23.4 - https:\/\/yoast.com\/wordpress\/plugins\/seo\/ -->\n<title>Delantal corto beige - NOT IS NOT<\/title>\n<meta name=\"robots\" content=\"index, follow, max-snippet:-1, max-image-preview:large, max-video-preview:-1\" \/>\n<link rel=\"canonical\" href=\"http:\/\/notisnot.com\/es\/tienda\/ropa-laboral\/hosteleria\/delantales\/delantal-corto-beige\/\" \/>\n<meta property=\"og:locale\" content=\"es_ES\" \/>\n<meta property=\"og:type\" content=\"article\" \/>\n<meta property=\"og:title\" content=\"Delantal corto beige - NOT IS NOT\" \/>\n<meta property=\"og:description\" content=\"Nuestro delantal corto en color beige, con dimensiones de 35 x 67 cm, es la elecci\u00f3n perfecta para aquellos que buscan un delantal compacto y funcional. A pesar de su tama\u00f1o m\u00e1s reducido, cuenta con dos bolsillos en la parte delantera, lo que proporciona un espacio conveniente para llevar consigo las herramientas y utensilios esenciales para realizar su trabajo de manera eficiente.  Valoramos su comodidad, por lo que hemos incorporado tiras laterales para anudar. Esto le permite ajustar el delantal a su medida, garantizando un ajuste c\u00f3modo y seguro que se adapta a su estilo de trabajo.\" \/>\n<meta property=\"og:url\" content=\"http:\/\/notisnot.com\/es\/tienda\/ropa-laboral\/hosteleria\/delantales\/delantal-corto-beige\/\" \/>\n<meta property=\"og:site_name\" content=\"NOT IS NOT\" \/>\n<meta property=\"article:publisher\" content=\"https:\/\/www.facebook.com\/notisnotofficial\/\" \/>\n<meta property=\"article:modified_time\" content=\"2025-06-19T16:45:04+00:00\" \/>\n<meta property=\"og:image\" content=\"http:\/\/notisnot.com\/wp-content\/uploads\/2025\/03\/Captura-de-pantalla-2025-03-06-114420.png\" \/>\n\t<meta property=\"og:image:width\" content=\"831\" \/>\n\t<meta property=\"og:image:height\" content=\"901\" \/>\n\t<meta property=\"og:image:type\" content=\"image\/png\" \/>\n<meta name=\"twitter:card\" content=\"summary_large_image\" \/>\n<meta name=\"twitter:label1\" content=\"Tiempo de lectura\" \/>\n\t<meta name=\"twitter:data1\" content=\"1 minuto\" \/>\n<script type=\"application\/ld+json\" class=\"yoast-schema-graph\">{\"@context\":\"https:\/\/schema.org\",\"@graph\":[{\"@type\":\"WebPage\",\"@id\":\"http:\/\/notisnot.com\/es\/tienda\/ropa-laboral\/hosteleria\/delantales\/delantal-corto-beige\/\",\"url\":\"http:\/\/notisnot.com\/es\/tienda\/ropa-laboral\/hosteleria\/delantales\/delantal-corto-beige\/\",\"name\":\"Delantal corto beige - NOT IS NOT\",\"isPartOf\":{\"@id\":\"https:\/\/notisnot.com\/#website\"},\"primaryImageOfPage\":{\"@id\":\"http:\/\/notisnot.com\/es\/tienda\/ropa-laboral\/hosteleria\/delantales\/delantal-corto-beige\/#primaryimage\"},\"image\":{\"@id\":\"http:\/\/notisnot.com\/es\/tienda\/ropa-laboral\/hosteleria\/delantales\/delantal-corto-beige\/#primaryimage\"},\"thumbnailUrl\":\"http:\/\/notisnot.com\/wp-content\/uploads\/2025\/03\/Captura-de-pantalla-2025-03-06-114420.png\",\"datePublished\":\"2025-03-06T11:36:48+00:00\",\"dateModified\":\"2025-06-19T16:45:04+00:00\",\"breadcrumb\":{\"@id\":\"http:\/\/notisnot.com\/es\/tienda\/ropa-laboral\/hosteleria\/delantales\/delantal-corto-beige\/#breadcrumb\"},\"inLanguage\":\"es\",\"potentialAction\":[{\"@type\":\"ReadAction\",\"target\":[\"http:\/\/notisnot.com\/es\/tienda\/ropa-laboral\/hosteleria\/delantales\/delantal-corto-beige\/\"]}]},{\"@type\":\"ImageObject\",\"inLanguage\":\"es\",\"@id\":\"http:\/\/notisnot.com\/es\/tienda\/ropa-laboral\/hosteleria\/delantales\/delantal-corto-beige\/#primaryimage\",\"url\":\"http:\/\/notisnot.com\/wp-content\/uploads\/2025\/03\/Captura-de-pantalla-2025-03-06-114420.png\",\"contentUrl\":\"http:\/\/notisnot.com\/wp-content\/uploads\/2025\/03\/Captura-de-pantalla-2025-03-06-114420.png\",\"width\":831,\"height\":901},{\"@type\":\"BreadcrumbList\",\"@id\":\"http:\/\/notisnot.com\/es\/tienda\/ropa-laboral\/hosteleria\/delantales\/delantal-corto-beige\/#breadcrumb\",\"itemListElement\":[{\"@type\":\"ListItem\",\"position\":1,\"name\":\"Home\",\"item\":\"http:\/\/notisnot.com\/\"},{\"@type\":\"ListItem\",\"position\":2,\"name\":\"Tienda\",\"item\":\"http:\/\/notisnot.com\/tienda-woocomerce\/\"},{\"@type\":\"ListItem\",\"position\":3,\"name\":\"Delantal corto beige\"}]},{\"@type\":\"WebSite\",\"@id\":\"https:\/\/notisnot.com\/#website\",\"url\":\"https:\/\/notisnot.com\/\",\"name\":\"NOT IS NOT\",\"description\":\"\",\"potentialAction\":[{\"@type\":\"SearchAction\",\"target\":{\"@type\":\"EntryPoint\",\"urlTemplate\":\"https:\/\/notisnot.com\/?s={search_term_string}\"},\"query-input\":{\"@type\":\"PropertyValueSpecification\",\"valueRequired\":true,\"valueName\":\"search_term_string\"}}],\"inLanguage\":\"es\"}]}<\/script>\n<!-- \/ Yoast SEO plugin. -->","yoast_head_json":{"title":"Delantal corto beige - NOT IS NOT","robots":{"index":"index","follow":"follow","max-snippet":"max-snippet:-1","max-image-preview":"max-image-preview:large","max-video-preview":"max-video-preview:-1"},"canonical":"http:\/\/notisnot.com\/es\/tienda\/ropa-laboral\/hosteleria\/delantales\/delantal-corto-beige\/","og_locale":"es_ES","og_type":"article","og_title":"Delantal corto beige - NOT IS NOT","og_description":"Nuestro delantal corto en color beige, con dimensiones de 35 x 67 cm, es la elecci\u00f3n perfecta para aquellos que buscan un delantal compacto y funcional. A pesar de su tama\u00f1o m\u00e1s reducido, cuenta con dos bolsillos en la parte delantera, lo que proporciona un espacio conveniente para llevar consigo las herramientas y utensilios esenciales para realizar su trabajo de manera eficiente.  Valoramos su comodidad, por lo que hemos incorporado tiras laterales para anudar. Esto le permite ajustar el delantal a su medida, garantizando un ajuste c\u00f3modo y seguro que se adapta a su estilo de trabajo.","og_url":"http:\/\/notisnot.com\/es\/tienda\/ropa-laboral\/hosteleria\/delantales\/delantal-corto-beige\/","og_site_name":"NOT IS NOT","article_publisher":"https:\/\/www.facebook.com\/notisnotofficial\/","article_modified_time":"2025-06-19T16:45:04+00:00","og_image":[{"width":831,"height":901,"url":"http:\/\/notisnot.com\/wp-content\/uploads\/2025\/03\/Captura-de-pantalla-2025-03-06-114420.png","type":"image\/png"}],"twitter_card":"summary_large_image","twitter_misc":{"Tiempo de lectura":"1 minuto"},"schema":{"@context":"https:\/\/schema.org","@graph":[{"@type":"WebPage","@id":"http:\/\/notisnot.com\/es\/tienda\/ropa-laboral\/hosteleria\/delantales\/delantal-corto-beige\/","url":"http:\/\/notisnot.com\/es\/tienda\/ropa-laboral\/hosteleria\/delantales\/delantal-corto-beige\/","name":"Delantal corto beige - NOT IS NOT","isPartOf":{"@id":"https:\/\/notisnot.com\/#website"},"primaryImageOfPage":{"@id":"http:\/\/notisnot.com\/es\/tienda\/ropa-laboral\/hosteleria\/delantales\/delantal-corto-beige\/#primaryimage"},"image":{"@id":"http:\/\/notisnot.com\/es\/tienda\/ropa-laboral\/hosteleria\/delantales\/delantal-corto-beige\/#primaryimage"},"thumbnailUrl":"http:\/\/notisnot.com\/wp-content\/uploads\/2025\/03\/Captura-de-pantalla-2025-03-06-114420.png","datePublished":"2025-03-06T11:36:48+00:00","dateModified":"2025-06-19T16:45:04+00:00","breadcrumb":{"@id":"http:\/\/notisnot.com\/es\/tienda\/ropa-laboral\/hosteleria\/delantales\/delantal-corto-beige\/#breadcrumb"},"inLanguage":"es","potentialAction":[{"@type":"ReadAction","target":["http:\/\/notisnot.com\/es\/tienda\/ropa-laboral\/hosteleria\/delantales\/delantal-corto-beige\/"]}]},{"@type":"ImageObject","inLanguage":"es","@id":"http:\/\/notisnot.com\/es\/tienda\/ropa-laboral\/hosteleria\/delantales\/delantal-corto-beige\/#primaryimage","url":"http:\/\/notisnot.com\/wp-content\/uploads\/2025\/03\/Captura-de-pantalla-2025-03-06-114420.png","contentUrl":"http:\/\/notisnot.com\/wp-content\/uploads\/2025\/03\/Captura-de-pantalla-2025-03-06-114420.png","width":831,"height":901},{"@type":"BreadcrumbList","@id":"http:\/\/notisnot.com\/es\/tienda\/ropa-laboral\/hosteleria\/delantales\/delantal-corto-beige\/#breadcrumb","itemListElement":[{"@type":"ListItem","position":1,"name":"Home","item":"http:\/\/notisnot.com\/"},{"@type":"ListItem","position":2,"name":"Tienda","item":"http:\/\/notisnot.com\/tienda-woocomerce\/"},{"@type":"ListItem","position":3,"name":"Delantal corto beige"}]},{"@type":"WebSite","@id":"https:\/\/notisnot.com\/#website","url":"https:\/\/notisnot.com\/","name":"NOT IS NOT","description":"","potentialAction":[{"@type":"SearchAction","target":{"@type":"EntryPoint","urlTemplate":"https:\/\/notisnot.com\/?s={search_term_string}"},"query-input":{"@type":"PropertyValueSpecification","valueRequired":true,"valueName":"search_term_string"}}],"inLanguage":"es"}]}},"_links":{"self":[{"href":"http:\/\/notisnot.com\/es\/wp-json\/wp\/v2\/product\/301780"}],"collection":[{"href":"http:\/\/notisnot.com\/es\/wp-json\/wp\/v2\/product"}],"about":[{"href":"http:\/\/notisnot.com\/es\/wp-json\/wp\/v2\/types\/product"}],"replies":[{"embeddable":true,"href":"http:\/\/notisnot.com\/es\/wp-json\/wp\/v2\/comments?post=301780"}],"wp:featuredmedia":[{"embeddable":true,"href":"http:\/\/notisnot.com\/es\/wp-json\/wp\/v2\/media\/301781"}],"wp:attachment":[{"href":"http:\/\/notisnot.com\/es\/wp-json\/wp\/v2\/media?parent=301780"}],"wp:term":[{"taxonomy":"product_cat","embeddable":true,"href":"http:\/\/notisnot.com\/es\/wp-json\/wp\/v2\/product_cat?post=301780"},{"taxonomy":"product_tag","embeddable":true,"href":"http:\/\/notisnot.com\/es\/wp-json\/wp\/v2\/product_tag?post=301780"}],"curies":[{"name":"wp","href":"https:\/\/api.w.org\/{rel}","templated":true}]}}