{"id":301713,"date":"2025-03-04T11:04:52","date_gmt":"2025-03-04T11:04:52","guid":{"rendered":"https:\/\/notisnot.com\/?post_type=product&#038;p=301713"},"modified":"2026-02-09T18:28:32","modified_gmt":"2026-02-09T18:28:32","slug":"delantal-sin-peto-y-bolso","status":"publish","type":"product","link":"http:\/\/notisnot.com\/es\/tienda\/ropa-laboral\/hosteleria\/delantales\/delantal-sin-peto-y-bolso\/","title":{"rendered":"Delantal sin peto y bolso"},"content":{"rendered":"<p><img loading=\"lazy\" decoding=\"async\" class=\"alignnone size-medium wp-image-301714\" src=\"https:\/\/notisnot.com\/wp-content\/uploads\/2025\/03\/Captura-de-pantalla-2025-03-03-115130-303x316.png\" alt=\"\" width=\"303\" height=\"316\" srcset=\"http:\/\/notisnot.com\/wp-content\/uploads\/2025\/03\/Captura-de-pantalla-2025-03-03-115130-303x316.png 303w, http:\/\/notisnot.com\/wp-content\/uploads\/2025\/03\/Captura-de-pantalla-2025-03-03-115130-505x527.png 505w, http:\/\/notisnot.com\/wp-content\/uploads\/2025\/03\/Captura-de-pantalla-2025-03-03-115130-768x801.png 768w, http:\/\/notisnot.com\/wp-content\/uploads\/2025\/03\/Captura-de-pantalla-2025-03-03-115130-12x12.png 12w, http:\/\/notisnot.com\/wp-content\/uploads\/2025\/03\/Captura-de-pantalla-2025-03-03-115130-20x20.png 20w, http:\/\/notisnot.com\/wp-content\/uploads\/2025\/03\/Captura-de-pantalla-2025-03-03-115130-600x626.png 600w, http:\/\/notisnot.com\/wp-content\/uploads\/2025\/03\/Captura-de-pantalla-2025-03-03-115130-91x95.png 91w, http:\/\/notisnot.com\/wp-content\/uploads\/2025\/03\/Captura-de-pantalla-2025-03-03-115130.png 840w\" sizes=\"(max-width: 303px) 100vw, 303px\" \/> <img loading=\"lazy\" decoding=\"async\" class=\"alignnone size-medium wp-image-301715\" src=\"https:\/\/notisnot.com\/wp-content\/uploads\/2025\/03\/Captura-de-pantalla-2025-03-03-115138-303x313.png\" alt=\"\" width=\"303\" height=\"313\" srcset=\"http:\/\/notisnot.com\/wp-content\/uploads\/2025\/03\/Captura-de-pantalla-2025-03-03-115138-303x313.png 303w, http:\/\/notisnot.com\/wp-content\/uploads\/2025\/03\/Captura-de-pantalla-2025-03-03-115138-505x522.png 505w, http:\/\/notisnot.com\/wp-content\/uploads\/2025\/03\/Captura-de-pantalla-2025-03-03-115138-768x795.png 768w, http:\/\/notisnot.com\/wp-content\/uploads\/2025\/03\/Captura-de-pantalla-2025-03-03-115138-12x12.png 12w, http:\/\/notisnot.com\/wp-content\/uploads\/2025\/03\/Captura-de-pantalla-2025-03-03-115138-20x20.png 20w, http:\/\/notisnot.com\/wp-content\/uploads\/2025\/03\/Captura-de-pantalla-2025-03-03-115138-600x621.png 600w, http:\/\/notisnot.com\/wp-content\/uploads\/2025\/03\/Captura-de-pantalla-2025-03-03-115138-91x94.png 91w, http:\/\/notisnot.com\/wp-content\/uploads\/2025\/03\/Captura-de-pantalla-2025-03-03-115138.png 866w\" sizes=\"(max-width: 303px) 100vw, 303px\" \/> <img loading=\"lazy\" decoding=\"async\" class=\"alignnone size-medium wp-image-301716\" src=\"https:\/\/notisnot.com\/wp-content\/uploads\/2025\/03\/Captura-de-pantalla-2025-03-03-115146-303x319.png\" alt=\"\" width=\"303\" height=\"319\" srcset=\"http:\/\/notisnot.com\/wp-content\/uploads\/2025\/03\/Captura-de-pantalla-2025-03-03-115146-303x319.png 303w, http:\/\/notisnot.com\/wp-content\/uploads\/2025\/03\/Captura-de-pantalla-2025-03-03-115146-505x531.png 505w, http:\/\/notisnot.com\/wp-content\/uploads\/2025\/03\/Captura-de-pantalla-2025-03-03-115146-768x808.png 768w, http:\/\/notisnot.com\/wp-content\/uploads\/2025\/03\/Captura-de-pantalla-2025-03-03-115146-11x12.png 11w, http:\/\/notisnot.com\/wp-content\/uploads\/2025\/03\/Captura-de-pantalla-2025-03-03-115146-20x20.png 20w, http:\/\/notisnot.com\/wp-content\/uploads\/2025\/03\/Captura-de-pantalla-2025-03-03-115146-600x631.png 600w, http:\/\/notisnot.com\/wp-content\/uploads\/2025\/03\/Captura-de-pantalla-2025-03-03-115146-91x96.png 91w, http:\/\/notisnot.com\/wp-content\/uploads\/2025\/03\/Captura-de-pantalla-2025-03-03-115146.png 843w\" sizes=\"(max-width: 303px) 100vw, 303px\" \/> <img loading=\"lazy\" decoding=\"async\" class=\"alignnone size-medium wp-image-301717\" src=\"https:\/\/notisnot.com\/wp-content\/uploads\/2025\/03\/Captura-de-pantalla-2025-03-03-115155-303x339.png\" alt=\"\" width=\"303\" height=\"339\" srcset=\"http:\/\/notisnot.com\/wp-content\/uploads\/2025\/03\/Captura-de-pantalla-2025-03-03-115155-303x339.png 303w, http:\/\/notisnot.com\/wp-content\/uploads\/2025\/03\/Captura-de-pantalla-2025-03-03-115155-505x565.png 505w, http:\/\/notisnot.com\/wp-content\/uploads\/2025\/03\/Captura-de-pantalla-2025-03-03-115155-768x859.png 768w, http:\/\/notisnot.com\/wp-content\/uploads\/2025\/03\/Captura-de-pantalla-2025-03-03-115155-11x12.png 11w, http:\/\/notisnot.com\/wp-content\/uploads\/2025\/03\/Captura-de-pantalla-2025-03-03-115155-18x20.png 18w, http:\/\/notisnot.com\/wp-content\/uploads\/2025\/03\/Captura-de-pantalla-2025-03-03-115155-600x671.png 600w, http:\/\/notisnot.com\/wp-content\/uploads\/2025\/03\/Captura-de-pantalla-2025-03-03-115155-91x102.png 91w, http:\/\/notisnot.com\/wp-content\/uploads\/2025\/03\/Captura-de-pantalla-2025-03-03-115155.png 790w\" sizes=\"(max-width: 303px) 100vw, 303px\" \/> <img loading=\"lazy\" decoding=\"async\" class=\"alignnone size-medium wp-image-301718\" src=\"https:\/\/notisnot.com\/wp-content\/uploads\/2025\/03\/Captura-de-pantalla-2025-03-03-115213-303x328.png\" alt=\"\" width=\"303\" height=\"328\" srcset=\"http:\/\/notisnot.com\/wp-content\/uploads\/2025\/03\/Captura-de-pantalla-2025-03-03-115213-303x328.png 303w, http:\/\/notisnot.com\/wp-content\/uploads\/2025\/03\/Captura-de-pantalla-2025-03-03-115213-505x547.png 505w, http:\/\/notisnot.com\/wp-content\/uploads\/2025\/03\/Captura-de-pantalla-2025-03-03-115213-768x831.png 768w, http:\/\/notisnot.com\/wp-content\/uploads\/2025\/03\/Captura-de-pantalla-2025-03-03-115213-11x12.png 11w, http:\/\/notisnot.com\/wp-content\/uploads\/2025\/03\/Captura-de-pantalla-2025-03-03-115213-18x20.png 18w, http:\/\/notisnot.com\/wp-content\/uploads\/2025\/03\/Captura-de-pantalla-2025-03-03-115213-600x650.png 600w, http:\/\/notisnot.com\/wp-content\/uploads\/2025\/03\/Captura-de-pantalla-2025-03-03-115213-91x99.png 91w, http:\/\/notisnot.com\/wp-content\/uploads\/2025\/03\/Captura-de-pantalla-2025-03-03-115213.png 812w\" sizes=\"(max-width: 303px) 100vw, 303px\" \/> <img loading=\"lazy\" decoding=\"async\" class=\"alignnone size-medium wp-image-301719\" src=\"https:\/\/notisnot.com\/wp-content\/uploads\/2025\/03\/Captura-de-pantalla-2025-03-03-115224-303x313.png\" alt=\"\" width=\"303\" height=\"313\" srcset=\"http:\/\/notisnot.com\/wp-content\/uploads\/2025\/03\/Captura-de-pantalla-2025-03-03-115224-303x313.png 303w, http:\/\/notisnot.com\/wp-content\/uploads\/2025\/03\/Captura-de-pantalla-2025-03-03-115224-505x521.png 505w, http:\/\/notisnot.com\/wp-content\/uploads\/2025\/03\/Captura-de-pantalla-2025-03-03-115224-768x793.png 768w, http:\/\/notisnot.com\/wp-content\/uploads\/2025\/03\/Captura-de-pantalla-2025-03-03-115224-12x12.png 12w, http:\/\/notisnot.com\/wp-content\/uploads\/2025\/03\/Captura-de-pantalla-2025-03-03-115224-20x20.png 20w, http:\/\/notisnot.com\/wp-content\/uploads\/2025\/03\/Captura-de-pantalla-2025-03-03-115224-600x619.png 600w, http:\/\/notisnot.com\/wp-content\/uploads\/2025\/03\/Captura-de-pantalla-2025-03-03-115224-91x94.png 91w, http:\/\/notisnot.com\/wp-content\/uploads\/2025\/03\/Captura-de-pantalla-2025-03-03-115224.png 844w\" sizes=\"(max-width: 303px) 100vw, 303px\" \/> <img loading=\"lazy\" decoding=\"async\" class=\"alignnone size-medium wp-image-301720\" src=\"https:\/\/notisnot.com\/wp-content\/uploads\/2025\/03\/Captura-de-pantalla-2025-03-03-115233-303x330.png\" alt=\"\" width=\"303\" height=\"330\" srcset=\"http:\/\/notisnot.com\/wp-content\/uploads\/2025\/03\/Captura-de-pantalla-2025-03-03-115233-303x330.png 303w, http:\/\/notisnot.com\/wp-content\/uploads\/2025\/03\/Captura-de-pantalla-2025-03-03-115233-505x550.png 505w, http:\/\/notisnot.com\/wp-content\/uploads\/2025\/03\/Captura-de-pantalla-2025-03-03-115233-768x837.png 768w, http:\/\/notisnot.com\/wp-content\/uploads\/2025\/03\/Captura-de-pantalla-2025-03-03-115233-11x12.png 11w, http:\/\/notisnot.com\/wp-content\/uploads\/2025\/03\/Captura-de-pantalla-2025-03-03-115233-18x20.png 18w, http:\/\/notisnot.com\/wp-content\/uploads\/2025\/03\/Captura-de-pantalla-2025-03-03-115233-600x654.png 600w, http:\/\/notisnot.com\/wp-content\/uploads\/2025\/03\/Captura-de-pantalla-2025-03-03-115233-91x99.png 91w, http:\/\/notisnot.com\/wp-content\/uploads\/2025\/03\/Captura-de-pantalla-2025-03-03-115233.png 811w\" sizes=\"(max-width: 303px) 100vw, 303px\" \/> <img loading=\"lazy\" decoding=\"async\" class=\"alignnone size-medium wp-image-301721\" src=\"https:\/\/notisnot.com\/wp-content\/uploads\/2025\/03\/Captura-de-pantalla-2025-03-03-115242-303x343.png\" alt=\"\" width=\"303\" height=\"343\" srcset=\"http:\/\/notisnot.com\/wp-content\/uploads\/2025\/03\/Captura-de-pantalla-2025-03-03-115242-303x343.png 303w, http:\/\/notisnot.com\/wp-content\/uploads\/2025\/03\/Captura-de-pantalla-2025-03-03-115242-505x571.png 505w, http:\/\/notisnot.com\/wp-content\/uploads\/2025\/03\/Captura-de-pantalla-2025-03-03-115242-11x12.png 11w, http:\/\/notisnot.com\/wp-content\/uploads\/2025\/03\/Captura-de-pantalla-2025-03-03-115242-18x20.png 18w, http:\/\/notisnot.com\/wp-content\/uploads\/2025\/03\/Captura-de-pantalla-2025-03-03-115242-600x679.png 600w, http:\/\/notisnot.com\/wp-content\/uploads\/2025\/03\/Captura-de-pantalla-2025-03-03-115242-91x103.png 91w, http:\/\/notisnot.com\/wp-content\/uploads\/2025\/03\/Captura-de-pantalla-2025-03-03-115242.png 767w\" sizes=\"(max-width: 303px) 100vw, 303px\" \/> <img loading=\"lazy\" decoding=\"async\" class=\"alignnone size-medium wp-image-301722\" src=\"https:\/\/notisnot.com\/wp-content\/uploads\/2025\/03\/Captura-de-pantalla-2025-03-03-115249-303x358.png\" alt=\"\" width=\"303\" height=\"358\" srcset=\"http:\/\/notisnot.com\/wp-content\/uploads\/2025\/03\/Captura-de-pantalla-2025-03-03-115249-303x358.png 303w, http:\/\/notisnot.com\/wp-content\/uploads\/2025\/03\/Captura-de-pantalla-2025-03-03-115249-505x597.png 505w, http:\/\/notisnot.com\/wp-content\/uploads\/2025\/03\/Captura-de-pantalla-2025-03-03-115249-10x12.png 10w, http:\/\/notisnot.com\/wp-content\/uploads\/2025\/03\/Captura-de-pantalla-2025-03-03-115249-17x20.png 17w, http:\/\/notisnot.com\/wp-content\/uploads\/2025\/03\/Captura-de-pantalla-2025-03-03-115249-600x710.png 600w, http:\/\/notisnot.com\/wp-content\/uploads\/2025\/03\/Captura-de-pantalla-2025-03-03-115249-91x108.png 91w, http:\/\/notisnot.com\/wp-content\/uploads\/2025\/03\/Captura-de-pantalla-2025-03-03-115249.png 743w\" sizes=\"(max-width: 303px) 100vw, 303px\" \/> <img loading=\"lazy\" decoding=\"async\" class=\"alignnone size-medium wp-image-301723\" src=\"https:\/\/notisnot.com\/wp-content\/uploads\/2025\/03\/Captura-de-pantalla-2025-03-03-115256-303x343.png\" alt=\"\" width=\"303\" height=\"343\" srcset=\"http:\/\/notisnot.com\/wp-content\/uploads\/2025\/03\/Captura-de-pantalla-2025-03-03-115256-303x343.png 303w, http:\/\/notisnot.com\/wp-content\/uploads\/2025\/03\/Captura-de-pantalla-2025-03-03-115256-505x572.png 505w, http:\/\/notisnot.com\/wp-content\/uploads\/2025\/03\/Captura-de-pantalla-2025-03-03-115256-768x869.png 768w, http:\/\/notisnot.com\/wp-content\/uploads\/2025\/03\/Captura-de-pantalla-2025-03-03-115256-11x12.png 11w, http:\/\/notisnot.com\/wp-content\/uploads\/2025\/03\/Captura-de-pantalla-2025-03-03-115256-18x20.png 18w, http:\/\/notisnot.com\/wp-content\/uploads\/2025\/03\/Captura-de-pantalla-2025-03-03-115256-600x679.png 600w, http:\/\/notisnot.com\/wp-content\/uploads\/2025\/03\/Captura-de-pantalla-2025-03-03-115256-91x103.png 91w, http:\/\/notisnot.com\/wp-content\/uploads\/2025\/03\/Captura-de-pantalla-2025-03-03-115256.png 781w\" sizes=\"(max-width: 303px) 100vw, 303px\" \/> <img loading=\"lazy\" decoding=\"async\" class=\"alignnone size-medium wp-image-301724\" src=\"https:\/\/notisnot.com\/wp-content\/uploads\/2025\/03\/Captura-de-pantalla-2025-03-03-115302-303x334.png\" alt=\"\" width=\"303\" height=\"334\" srcset=\"http:\/\/notisnot.com\/wp-content\/uploads\/2025\/03\/Captura-de-pantalla-2025-03-03-115302-303x334.png 303w, http:\/\/notisnot.com\/wp-content\/uploads\/2025\/03\/Captura-de-pantalla-2025-03-03-115302-505x557.png 505w, http:\/\/notisnot.com\/wp-content\/uploads\/2025\/03\/Captura-de-pantalla-2025-03-03-115302-768x847.png 768w, http:\/\/notisnot.com\/wp-content\/uploads\/2025\/03\/Captura-de-pantalla-2025-03-03-115302-11x12.png 11w, http:\/\/notisnot.com\/wp-content\/uploads\/2025\/03\/Captura-de-pantalla-2025-03-03-115302-18x20.png 18w, http:\/\/notisnot.com\/wp-content\/uploads\/2025\/03\/Captura-de-pantalla-2025-03-03-115302-600x661.png 600w, http:\/\/notisnot.com\/wp-content\/uploads\/2025\/03\/Captura-de-pantalla-2025-03-03-115302-91x100.png 91w, http:\/\/notisnot.com\/wp-content\/uploads\/2025\/03\/Captura-de-pantalla-2025-03-03-115302.png 802w\" sizes=\"(max-width: 303px) 100vw, 303px\" \/> <img loading=\"lazy\" decoding=\"async\" class=\"alignnone size-medium wp-image-301725\" src=\"https:\/\/notisnot.com\/wp-content\/uploads\/2025\/03\/Captura-de-pantalla-2025-03-03-115309-303x363.png\" alt=\"\" width=\"303\" height=\"363\" srcset=\"http:\/\/notisnot.com\/wp-content\/uploads\/2025\/03\/Captura-de-pantalla-2025-03-03-115309-303x363.png 303w, http:\/\/notisnot.com\/wp-content\/uploads\/2025\/03\/Captura-de-pantalla-2025-03-03-115309-505x606.png 505w, http:\/\/notisnot.com\/wp-content\/uploads\/2025\/03\/Captura-de-pantalla-2025-03-03-115309-10x12.png 10w, http:\/\/notisnot.com\/wp-content\/uploads\/2025\/03\/Captura-de-pantalla-2025-03-03-115309-17x20.png 17w, http:\/\/notisnot.com\/wp-content\/uploads\/2025\/03\/Captura-de-pantalla-2025-03-03-115309-600x720.png 600w, http:\/\/notisnot.com\/wp-content\/uploads\/2025\/03\/Captura-de-pantalla-2025-03-03-115309-91x109.png 91w, http:\/\/notisnot.com\/wp-content\/uploads\/2025\/03\/Captura-de-pantalla-2025-03-03-115309.png 732w\" sizes=\"(max-width: 303px) 100vw, 303px\" \/><\/p>","protected":false},"excerpt":{"rendered":"<p>Versatilidad y comodidad con nuestro DELANTAL SIN PETO Y BOLSILLO 50x75 cm, una opci\u00f3n esencial para profesionales de la hosteler\u00eda, restauraci\u00f3n y comercio de alimentaci\u00f3n. Confeccionado en resistente sarga de poli\u00e9ster, este delantal presenta un dise\u00f1o corto que proporciona libertad de movimiento mientras mantiene un aspecto profesional.<\/p>","protected":false},"featured_media":301717,"comment_status":"open","ping_status":"closed","template":"","meta":{"_acf_changed":false},"product_cat":[512],"product_tag":[],"class_list":{"0":"post-301713","1":"product","2":"type-product","3":"status-publish","4":"has-post-thumbnail","6":"product_cat-delantales","7":"pa_color-azul-marino","8":"pa_color-burdeos","9":"pa_color-frambuesa","10":"pa_color-fucsia","11":"pa_color-gris-fino","12":"pa_color-marron","13":"pa_color-morado","14":"pa_color-naranja","15":"pa_color-negro","16":"pa_color-pistacho","17":"pa_color-rojo","18":"pa_color-turquesa-claro","19":"pa_tallaropa-talla-unica","21":"first","22":"instock","23":"taxable","24":"shipping-taxable","25":"purchasable","26":"product-type-simple"},"acf":[],"yoast_head":"<!-- This site is optimized with the Yoast SEO plugin v23.4 - https:\/\/yoast.com\/wordpress\/plugins\/seo\/ -->\n<title>Delantal sin peto y bolso - NOT IS NOT<\/title>\n<meta name=\"robots\" content=\"index, follow, max-snippet:-1, max-image-preview:large, max-video-preview:-1\" \/>\n<link rel=\"canonical\" href=\"http:\/\/notisnot.com\/es\/tienda\/ropa-laboral\/hosteleria\/delantales\/delantal-sin-peto-y-bolso\/\" \/>\n<meta property=\"og:locale\" content=\"es_ES\" \/>\n<meta property=\"og:type\" content=\"article\" \/>\n<meta property=\"og:title\" content=\"Delantal sin peto y bolso - NOT IS NOT\" \/>\n<meta property=\"og:description\" content=\"Versatilidad y comodidad con nuestro DELANTAL SIN PETO Y BOLSILLO 50x75 cm, una opci\u00f3n esencial para profesionales de la hosteler\u00eda, restauraci\u00f3n y comercio de alimentaci\u00f3n. Confeccionado en resistente sarga de poli\u00e9ster, este delantal presenta un dise\u00f1o corto que proporciona libertad de movimiento mientras mantiene un aspecto profesional.\" \/>\n<meta property=\"og:url\" content=\"http:\/\/notisnot.com\/es\/tienda\/ropa-laboral\/hosteleria\/delantales\/delantal-sin-peto-y-bolso\/\" \/>\n<meta property=\"og:site_name\" content=\"NOT IS NOT\" \/>\n<meta property=\"article:publisher\" content=\"https:\/\/www.facebook.com\/notisnotofficial\/\" \/>\n<meta property=\"article:modified_time\" content=\"2026-02-09T18:28:32+00:00\" \/>\n<meta property=\"og:image\" content=\"http:\/\/notisnot.com\/wp-content\/uploads\/2025\/03\/Captura-de-pantalla-2025-03-03-115155.png\" \/>\n\t<meta property=\"og:image:width\" content=\"790\" \/>\n\t<meta property=\"og:image:height\" content=\"884\" \/>\n\t<meta property=\"og:image:type\" content=\"image\/png\" \/>\n<meta name=\"twitter:card\" content=\"summary_large_image\" \/>\n<meta name=\"twitter:label1\" content=\"Tiempo de lectura\" \/>\n\t<meta name=\"twitter:data1\" content=\"3 minutos\" \/>\n<script type=\"application\/ld+json\" class=\"yoast-schema-graph\">{\"@context\":\"https:\/\/schema.org\",\"@graph\":[{\"@type\":\"WebPage\",\"@id\":\"http:\/\/notisnot.com\/es\/tienda\/ropa-laboral\/hosteleria\/delantales\/delantal-sin-peto-y-bolso\/\",\"url\":\"http:\/\/notisnot.com\/es\/tienda\/ropa-laboral\/hosteleria\/delantales\/delantal-sin-peto-y-bolso\/\",\"name\":\"Delantal sin peto y bolso - NOT IS NOT\",\"isPartOf\":{\"@id\":\"https:\/\/notisnot.com\/#website\"},\"primaryImageOfPage\":{\"@id\":\"http:\/\/notisnot.com\/es\/tienda\/ropa-laboral\/hosteleria\/delantales\/delantal-sin-peto-y-bolso\/#primaryimage\"},\"image\":{\"@id\":\"http:\/\/notisnot.com\/es\/tienda\/ropa-laboral\/hosteleria\/delantales\/delantal-sin-peto-y-bolso\/#primaryimage\"},\"thumbnailUrl\":\"http:\/\/notisnot.com\/wp-content\/uploads\/2025\/03\/Captura-de-pantalla-2025-03-03-115155.png\",\"datePublished\":\"2025-03-04T11:04:52+00:00\",\"dateModified\":\"2026-02-09T18:28:32+00:00\",\"breadcrumb\":{\"@id\":\"http:\/\/notisnot.com\/es\/tienda\/ropa-laboral\/hosteleria\/delantales\/delantal-sin-peto-y-bolso\/#breadcrumb\"},\"inLanguage\":\"es\",\"potentialAction\":[{\"@type\":\"ReadAction\",\"target\":[\"http:\/\/notisnot.com\/es\/tienda\/ropa-laboral\/hosteleria\/delantales\/delantal-sin-peto-y-bolso\/\"]}]},{\"@type\":\"ImageObject\",\"inLanguage\":\"es\",\"@id\":\"http:\/\/notisnot.com\/es\/tienda\/ropa-laboral\/hosteleria\/delantales\/delantal-sin-peto-y-bolso\/#primaryimage\",\"url\":\"http:\/\/notisnot.com\/wp-content\/uploads\/2025\/03\/Captura-de-pantalla-2025-03-03-115155.png\",\"contentUrl\":\"http:\/\/notisnot.com\/wp-content\/uploads\/2025\/03\/Captura-de-pantalla-2025-03-03-115155.png\",\"width\":790,\"height\":884},{\"@type\":\"BreadcrumbList\",\"@id\":\"http:\/\/notisnot.com\/es\/tienda\/ropa-laboral\/hosteleria\/delantales\/delantal-sin-peto-y-bolso\/#breadcrumb\",\"itemListElement\":[{\"@type\":\"ListItem\",\"position\":1,\"name\":\"Home\",\"item\":\"http:\/\/notisnot.com\/\"},{\"@type\":\"ListItem\",\"position\":2,\"name\":\"Tienda\",\"item\":\"http:\/\/notisnot.com\/tienda-woocomerce\/\"},{\"@type\":\"ListItem\",\"position\":3,\"name\":\"Delantal sin peto y bolso\"}]},{\"@type\":\"WebSite\",\"@id\":\"https:\/\/notisnot.com\/#website\",\"url\":\"https:\/\/notisnot.com\/\",\"name\":\"NOT IS NOT\",\"description\":\"\",\"potentialAction\":[{\"@type\":\"SearchAction\",\"target\":{\"@type\":\"EntryPoint\",\"urlTemplate\":\"https:\/\/notisnot.com\/?s={search_term_string}\"},\"query-input\":{\"@type\":\"PropertyValueSpecification\",\"valueRequired\":true,\"valueName\":\"search_term_string\"}}],\"inLanguage\":\"es\"}]}<\/script>\n<!-- \/ Yoast SEO plugin. -->","yoast_head_json":{"title":"Delantal sin peto y bolso - NOT IS NOT","robots":{"index":"index","follow":"follow","max-snippet":"max-snippet:-1","max-image-preview":"max-image-preview:large","max-video-preview":"max-video-preview:-1"},"canonical":"http:\/\/notisnot.com\/es\/tienda\/ropa-laboral\/hosteleria\/delantales\/delantal-sin-peto-y-bolso\/","og_locale":"es_ES","og_type":"article","og_title":"Delantal sin peto y bolso - NOT IS NOT","og_description":"Versatilidad y comodidad con nuestro DELANTAL SIN PETO Y BOLSILLO 50x75 cm, una opci\u00f3n esencial para profesionales de la hosteler\u00eda, restauraci\u00f3n y comercio de alimentaci\u00f3n. Confeccionado en resistente sarga de poli\u00e9ster, este delantal presenta un dise\u00f1o corto que proporciona libertad de movimiento mientras mantiene un aspecto profesional.","og_url":"http:\/\/notisnot.com\/es\/tienda\/ropa-laboral\/hosteleria\/delantales\/delantal-sin-peto-y-bolso\/","og_site_name":"NOT IS NOT","article_publisher":"https:\/\/www.facebook.com\/notisnotofficial\/","article_modified_time":"2026-02-09T18:28:32+00:00","og_image":[{"width":790,"height":884,"url":"http:\/\/notisnot.com\/wp-content\/uploads\/2025\/03\/Captura-de-pantalla-2025-03-03-115155.png","type":"image\/png"}],"twitter_card":"summary_large_image","twitter_misc":{"Tiempo de lectura":"3 minutos"},"schema":{"@context":"https:\/\/schema.org","@graph":[{"@type":"WebPage","@id":"http:\/\/notisnot.com\/es\/tienda\/ropa-laboral\/hosteleria\/delantales\/delantal-sin-peto-y-bolso\/","url":"http:\/\/notisnot.com\/es\/tienda\/ropa-laboral\/hosteleria\/delantales\/delantal-sin-peto-y-bolso\/","name":"Delantal sin peto y bolso - NOT IS NOT","isPartOf":{"@id":"https:\/\/notisnot.com\/#website"},"primaryImageOfPage":{"@id":"http:\/\/notisnot.com\/es\/tienda\/ropa-laboral\/hosteleria\/delantales\/delantal-sin-peto-y-bolso\/#primaryimage"},"image":{"@id":"http:\/\/notisnot.com\/es\/tienda\/ropa-laboral\/hosteleria\/delantales\/delantal-sin-peto-y-bolso\/#primaryimage"},"thumbnailUrl":"http:\/\/notisnot.com\/wp-content\/uploads\/2025\/03\/Captura-de-pantalla-2025-03-03-115155.png","datePublished":"2025-03-04T11:04:52+00:00","dateModified":"2026-02-09T18:28:32+00:00","breadcrumb":{"@id":"http:\/\/notisnot.com\/es\/tienda\/ropa-laboral\/hosteleria\/delantales\/delantal-sin-peto-y-bolso\/#breadcrumb"},"inLanguage":"es","potentialAction":[{"@type":"ReadAction","target":["http:\/\/notisnot.com\/es\/tienda\/ropa-laboral\/hosteleria\/delantales\/delantal-sin-peto-y-bolso\/"]}]},{"@type":"ImageObject","inLanguage":"es","@id":"http:\/\/notisnot.com\/es\/tienda\/ropa-laboral\/hosteleria\/delantales\/delantal-sin-peto-y-bolso\/#primaryimage","url":"http:\/\/notisnot.com\/wp-content\/uploads\/2025\/03\/Captura-de-pantalla-2025-03-03-115155.png","contentUrl":"http:\/\/notisnot.com\/wp-content\/uploads\/2025\/03\/Captura-de-pantalla-2025-03-03-115155.png","width":790,"height":884},{"@type":"BreadcrumbList","@id":"http:\/\/notisnot.com\/es\/tienda\/ropa-laboral\/hosteleria\/delantales\/delantal-sin-peto-y-bolso\/#breadcrumb","itemListElement":[{"@type":"ListItem","position":1,"name":"Home","item":"http:\/\/notisnot.com\/"},{"@type":"ListItem","position":2,"name":"Tienda","item":"http:\/\/notisnot.com\/tienda-woocomerce\/"},{"@type":"ListItem","position":3,"name":"Delantal sin peto y bolso"}]},{"@type":"WebSite","@id":"https:\/\/notisnot.com\/#website","url":"https:\/\/notisnot.com\/","name":"NOT IS NOT","description":"","potentialAction":[{"@type":"SearchAction","target":{"@type":"EntryPoint","urlTemplate":"https:\/\/notisnot.com\/?s={search_term_string}"},"query-input":{"@type":"PropertyValueSpecification","valueRequired":true,"valueName":"search_term_string"}}],"inLanguage":"es"}]}},"_links":{"self":[{"href":"http:\/\/notisnot.com\/es\/wp-json\/wp\/v2\/product\/301713"}],"collection":[{"href":"http:\/\/notisnot.com\/es\/wp-json\/wp\/v2\/product"}],"about":[{"href":"http:\/\/notisnot.com\/es\/wp-json\/wp\/v2\/types\/product"}],"replies":[{"embeddable":true,"href":"http:\/\/notisnot.com\/es\/wp-json\/wp\/v2\/comments?post=301713"}],"wp:featuredmedia":[{"embeddable":true,"href":"http:\/\/notisnot.com\/es\/wp-json\/wp\/v2\/media\/301717"}],"wp:attachment":[{"href":"http:\/\/notisnot.com\/es\/wp-json\/wp\/v2\/media?parent=301713"}],"wp:term":[{"taxonomy":"product_cat","embeddable":true,"href":"http:\/\/notisnot.com\/es\/wp-json\/wp\/v2\/product_cat?post=301713"},{"taxonomy":"product_tag","embeddable":true,"href":"http:\/\/notisnot.com\/es\/wp-json\/wp\/v2\/product_tag?post=301713"}],"curies":[{"name":"wp","href":"https:\/\/api.w.org\/{rel}","templated":true}]}}