{"id":300404,"date":"2025-02-25T10:20:19","date_gmt":"2025-02-25T10:20:19","guid":{"rendered":"https:\/\/notisnot.com\/?post_type=product&#038;p=300404"},"modified":"2025-06-22T18:48:47","modified_gmt":"2025-06-22T18:48:47","slug":"chaqueta-cocina-unisex-hubal","status":"publish","type":"product","link":"http:\/\/notisnot.com\/es\/tienda\/ropa-laboral\/hosteleria\/chaqueta-chefs\/chaqueta-cocina-unisex-hubal\/","title":{"rendered":"Chaqueta Cocina Unisex Hubal"},"content":{"rendered":"<p><img loading=\"lazy\" decoding=\"async\" class=\"alignnone size-medium wp-image-300405\" src=\"https:\/\/notisnot.com\/wp-content\/uploads\/2025\/02\/Captura-de-pantalla-2025-02-20-105239-303x338.png\" alt=\"\" width=\"303\" height=\"338\" srcset=\"http:\/\/notisnot.com\/wp-content\/uploads\/2025\/02\/Captura-de-pantalla-2025-02-20-105239-303x338.png 303w, http:\/\/notisnot.com\/wp-content\/uploads\/2025\/02\/Captura-de-pantalla-2025-02-20-105239-91x102.png 91w, http:\/\/notisnot.com\/wp-content\/uploads\/2025\/02\/Captura-de-pantalla-2025-02-20-105239-500x558.png 500w, http:\/\/notisnot.com\/wp-content\/uploads\/2025\/02\/Captura-de-pantalla-2025-02-20-105239-505x564.png 505w, http:\/\/notisnot.com\/wp-content\/uploads\/2025\/02\/Captura-de-pantalla-2025-02-20-105239-11x12.png 11w, http:\/\/notisnot.com\/wp-content\/uploads\/2025\/02\/Captura-de-pantalla-2025-02-20-105239.png 552w\" sizes=\"(max-width: 303px) 100vw, 303px\" \/> <img loading=\"lazy\" decoding=\"async\" class=\"alignnone size-medium wp-image-300406\" src=\"https:\/\/notisnot.com\/wp-content\/uploads\/2025\/02\/Captura-de-pantalla-2025-02-20-105304-303x320.png\" alt=\"\" width=\"303\" height=\"320\" srcset=\"http:\/\/notisnot.com\/wp-content\/uploads\/2025\/02\/Captura-de-pantalla-2025-02-20-105304-303x320.png 303w, http:\/\/notisnot.com\/wp-content\/uploads\/2025\/02\/Captura-de-pantalla-2025-02-20-105304-505x534.png 505w, http:\/\/notisnot.com\/wp-content\/uploads\/2025\/02\/Captura-de-pantalla-2025-02-20-105304-11x12.png 11w, http:\/\/notisnot.com\/wp-content\/uploads\/2025\/02\/Captura-de-pantalla-2025-02-20-105304-20x20.png 20w, http:\/\/notisnot.com\/wp-content\/uploads\/2025\/02\/Captura-de-pantalla-2025-02-20-105304-91x96.png 91w, http:\/\/notisnot.com\/wp-content\/uploads\/2025\/02\/Captura-de-pantalla-2025-02-20-105304.png 580w\" sizes=\"(max-width: 303px) 100vw, 303px\" \/><\/p>","protected":false},"excerpt":{"rendered":"<p>Chaqueta GASTROCHEF unisex en manga larga, con cuello mao, cierre cruzado mediante botones de presi\u00f3n ocultos y con bolsillo en manga izquierda. Modelo semi ajustado.<\/p>\n<p>Confeccionada con la revolucionaria fibra T400, una maravilla de la tecnolog\u00eda textil. Esta fibra el\u00e1stica asegura un ajuste perfecto y una recuperaci\u00f3n de forma en todas las direcciones, permiti\u00e9ndote moverte sin restricciones mientras creas obras maestras culinarias. La fibra T400 brinda una comodidad excepcional, resistencia a las arrugas sobresaliente y un cuidado sencillo para que siempre luzcas impecable.<\/p>","protected":false},"featured_media":300406,"comment_status":"open","ping_status":"closed","template":"","meta":{"_acf_changed":false},"product_cat":[441],"product_tag":[],"class_list":{"0":"post-300404","1":"product","2":"type-product","3":"status-publish","4":"has-post-thumbnail","6":"product_cat-chaqueta-chefs","7":"pa_color-blanco","8":"pa_color-negro","9":"pa_tallaropa-xs","10":"pa_tallaropa-s","11":"pa_tallaropa-m","12":"pa_tallaropa-l","13":"pa_tallaropa-xl","14":"pa_tallaropa-xxl","15":"pa_tallaropa-3xl","17":"first","18":"instock","19":"taxable","20":"shipping-taxable","21":"purchasable","22":"product-type-variable"},"acf":[],"yoast_head":"<!-- This site is optimized with the Yoast SEO plugin v23.4 - https:\/\/yoast.com\/wordpress\/plugins\/seo\/ -->\n<title>Chaqueta Cocina Unisex Hubal - NOT IS NOT<\/title>\n<meta name=\"robots\" content=\"index, follow, max-snippet:-1, max-image-preview:large, max-video-preview:-1\" \/>\n<link rel=\"canonical\" href=\"http:\/\/notisnot.com\/es\/tienda\/ropa-laboral\/hosteleria\/chaqueta-chefs\/chaqueta-cocina-unisex-hubal\/\" \/>\n<meta property=\"og:locale\" content=\"es_ES\" \/>\n<meta property=\"og:type\" content=\"article\" \/>\n<meta property=\"og:title\" content=\"Chaqueta Cocina Unisex Hubal - NOT IS NOT\" \/>\n<meta property=\"og:description\" content=\"Chaqueta GASTROCHEF unisex en manga larga, con cuello mao, cierre cruzado mediante botones de presi\u00f3n ocultos y con bolsillo en manga izquierda. Modelo semi ajustado.  Confeccionada con la revolucionaria fibra T400, una maravilla de la tecnolog\u00eda textil. Esta fibra el\u00e1stica asegura un ajuste perfecto y una recuperaci\u00f3n de forma en todas las direcciones, permiti\u00e9ndote moverte sin restricciones mientras creas obras maestras culinarias. La fibra T400 brinda una comodidad excepcional, resistencia a las arrugas sobresaliente y un cuidado sencillo para que siempre luzcas impecable.\" \/>\n<meta property=\"og:url\" content=\"http:\/\/notisnot.com\/es\/tienda\/ropa-laboral\/hosteleria\/chaqueta-chefs\/chaqueta-cocina-unisex-hubal\/\" \/>\n<meta property=\"og:site_name\" content=\"NOT IS NOT\" \/>\n<meta property=\"article:publisher\" content=\"https:\/\/www.facebook.com\/notisnotofficial\/\" \/>\n<meta property=\"article:modified_time\" content=\"2025-06-22T18:48:47+00:00\" \/>\n<meta property=\"og:image\" content=\"https:\/\/notisnot.com\/wp-content\/uploads\/2025\/02\/Captura-de-pantalla-2025-02-20-105304.png\" \/>\n\t<meta property=\"og:image:width\" content=\"580\" \/>\n\t<meta property=\"og:image:height\" content=\"613\" \/>\n\t<meta property=\"og:image:type\" content=\"image\/png\" \/>\n<meta name=\"twitter:card\" content=\"summary_large_image\" \/>\n<meta name=\"twitter:label1\" content=\"Tiempo de lectura\" \/>\n\t<meta name=\"twitter:data1\" content=\"1 minuto\" \/>\n<script type=\"application\/ld+json\" class=\"yoast-schema-graph\">{\"@context\":\"https:\/\/schema.org\",\"@graph\":[{\"@type\":\"WebPage\",\"@id\":\"https:\/\/notisnot.com\/tienda\/ropa-laboral\/hosteleria\/chaqueta-chefs\/chaqueta-cocina-unisex-hubal\/\",\"url\":\"https:\/\/notisnot.com\/tienda\/ropa-laboral\/hosteleria\/chaqueta-chefs\/chaqueta-cocina-unisex-hubal\/\",\"name\":\"Chaqueta Cocina Unisex Hubal - NOT IS NOT\",\"isPartOf\":{\"@id\":\"http:\/\/notisnot.com\/#website\"},\"primaryImageOfPage\":{\"@id\":\"https:\/\/notisnot.com\/tienda\/ropa-laboral\/hosteleria\/chaqueta-chefs\/chaqueta-cocina-unisex-hubal\/#primaryimage\"},\"image\":{\"@id\":\"https:\/\/notisnot.com\/tienda\/ropa-laboral\/hosteleria\/chaqueta-chefs\/chaqueta-cocina-unisex-hubal\/#primaryimage\"},\"thumbnailUrl\":\"http:\/\/notisnot.com\/wp-content\/uploads\/2025\/02\/Captura-de-pantalla-2025-02-20-105304.png\",\"datePublished\":\"2025-02-25T10:20:19+00:00\",\"dateModified\":\"2025-06-22T18:48:47+00:00\",\"breadcrumb\":{\"@id\":\"https:\/\/notisnot.com\/tienda\/ropa-laboral\/hosteleria\/chaqueta-chefs\/chaqueta-cocina-unisex-hubal\/#breadcrumb\"},\"inLanguage\":\"es\",\"potentialAction\":[{\"@type\":\"ReadAction\",\"target\":[\"https:\/\/notisnot.com\/tienda\/ropa-laboral\/hosteleria\/chaqueta-chefs\/chaqueta-cocina-unisex-hubal\/\"]}]},{\"@type\":\"ImageObject\",\"inLanguage\":\"es\",\"@id\":\"https:\/\/notisnot.com\/tienda\/ropa-laboral\/hosteleria\/chaqueta-chefs\/chaqueta-cocina-unisex-hubal\/#primaryimage\",\"url\":\"http:\/\/notisnot.com\/wp-content\/uploads\/2025\/02\/Captura-de-pantalla-2025-02-20-105304.png\",\"contentUrl\":\"http:\/\/notisnot.com\/wp-content\/uploads\/2025\/02\/Captura-de-pantalla-2025-02-20-105304.png\",\"width\":580,\"height\":613},{\"@type\":\"BreadcrumbList\",\"@id\":\"https:\/\/notisnot.com\/tienda\/ropa-laboral\/hosteleria\/chaqueta-chefs\/chaqueta-cocina-unisex-hubal\/#breadcrumb\",\"itemListElement\":[{\"@type\":\"ListItem\",\"position\":1,\"name\":\"Home\",\"item\":\"http:\/\/notisnot.com\/\"},{\"@type\":\"ListItem\",\"position\":2,\"name\":\"Tienda\",\"item\":\"https:\/\/notisnot.com\/es\/tienda-woocomerce\/\"},{\"@type\":\"ListItem\",\"position\":3,\"name\":\"Chaqueta Cocina Unisex Hubal\"}]},{\"@type\":\"WebSite\",\"@id\":\"http:\/\/notisnot.com\/#website\",\"url\":\"http:\/\/notisnot.com\/\",\"name\":\"NOT IS NOT\",\"description\":\"\",\"potentialAction\":[{\"@type\":\"SearchAction\",\"target\":{\"@type\":\"EntryPoint\",\"urlTemplate\":\"http:\/\/notisnot.com\/?s={search_term_string}\"},\"query-input\":{\"@type\":\"PropertyValueSpecification\",\"valueRequired\":true,\"valueName\":\"search_term_string\"}}],\"inLanguage\":\"es\"}]}<\/script>\n<!-- \/ Yoast SEO plugin. -->","yoast_head_json":{"title":"Chaqueta Cocina Unisex Hubal - NOT IS NOT","robots":{"index":"index","follow":"follow","max-snippet":"max-snippet:-1","max-image-preview":"max-image-preview:large","max-video-preview":"max-video-preview:-1"},"canonical":"http:\/\/notisnot.com\/es\/tienda\/ropa-laboral\/hosteleria\/chaqueta-chefs\/chaqueta-cocina-unisex-hubal\/","og_locale":"es_ES","og_type":"article","og_title":"Chaqueta Cocina Unisex Hubal - NOT IS NOT","og_description":"Chaqueta GASTROCHEF unisex en manga larga, con cuello mao, cierre cruzado mediante botones de presi\u00f3n ocultos y con bolsillo en manga izquierda. Modelo semi ajustado.  Confeccionada con la revolucionaria fibra T400, una maravilla de la tecnolog\u00eda textil. Esta fibra el\u00e1stica asegura un ajuste perfecto y una recuperaci\u00f3n de forma en todas las direcciones, permiti\u00e9ndote moverte sin restricciones mientras creas obras maestras culinarias. La fibra T400 brinda una comodidad excepcional, resistencia a las arrugas sobresaliente y un cuidado sencillo para que siempre luzcas impecable.","og_url":"http:\/\/notisnot.com\/es\/tienda\/ropa-laboral\/hosteleria\/chaqueta-chefs\/chaqueta-cocina-unisex-hubal\/","og_site_name":"NOT IS NOT","article_publisher":"https:\/\/www.facebook.com\/notisnotofficial\/","article_modified_time":"2025-06-22T18:48:47+00:00","og_image":[{"width":580,"height":613,"url":"https:\/\/notisnot.com\/wp-content\/uploads\/2025\/02\/Captura-de-pantalla-2025-02-20-105304.png","type":"image\/png"}],"twitter_card":"summary_large_image","twitter_misc":{"Tiempo de lectura":"1 minuto"},"schema":{"@context":"https:\/\/schema.org","@graph":[{"@type":"WebPage","@id":"https:\/\/notisnot.com\/tienda\/ropa-laboral\/hosteleria\/chaqueta-chefs\/chaqueta-cocina-unisex-hubal\/","url":"https:\/\/notisnot.com\/tienda\/ropa-laboral\/hosteleria\/chaqueta-chefs\/chaqueta-cocina-unisex-hubal\/","name":"Chaqueta Cocina Unisex Hubal - NOT IS NOT","isPartOf":{"@id":"http:\/\/notisnot.com\/#website"},"primaryImageOfPage":{"@id":"https:\/\/notisnot.com\/tienda\/ropa-laboral\/hosteleria\/chaqueta-chefs\/chaqueta-cocina-unisex-hubal\/#primaryimage"},"image":{"@id":"https:\/\/notisnot.com\/tienda\/ropa-laboral\/hosteleria\/chaqueta-chefs\/chaqueta-cocina-unisex-hubal\/#primaryimage"},"thumbnailUrl":"http:\/\/notisnot.com\/wp-content\/uploads\/2025\/02\/Captura-de-pantalla-2025-02-20-105304.png","datePublished":"2025-02-25T10:20:19+00:00","dateModified":"2025-06-22T18:48:47+00:00","breadcrumb":{"@id":"https:\/\/notisnot.com\/tienda\/ropa-laboral\/hosteleria\/chaqueta-chefs\/chaqueta-cocina-unisex-hubal\/#breadcrumb"},"inLanguage":"es","potentialAction":[{"@type":"ReadAction","target":["https:\/\/notisnot.com\/tienda\/ropa-laboral\/hosteleria\/chaqueta-chefs\/chaqueta-cocina-unisex-hubal\/"]}]},{"@type":"ImageObject","inLanguage":"es","@id":"https:\/\/notisnot.com\/tienda\/ropa-laboral\/hosteleria\/chaqueta-chefs\/chaqueta-cocina-unisex-hubal\/#primaryimage","url":"http:\/\/notisnot.com\/wp-content\/uploads\/2025\/02\/Captura-de-pantalla-2025-02-20-105304.png","contentUrl":"http:\/\/notisnot.com\/wp-content\/uploads\/2025\/02\/Captura-de-pantalla-2025-02-20-105304.png","width":580,"height":613},{"@type":"BreadcrumbList","@id":"https:\/\/notisnot.com\/tienda\/ropa-laboral\/hosteleria\/chaqueta-chefs\/chaqueta-cocina-unisex-hubal\/#breadcrumb","itemListElement":[{"@type":"ListItem","position":1,"name":"Home","item":"http:\/\/notisnot.com\/"},{"@type":"ListItem","position":2,"name":"Tienda","item":"https:\/\/notisnot.com\/es\/tienda-woocomerce\/"},{"@type":"ListItem","position":3,"name":"Chaqueta Cocina Unisex Hubal"}]},{"@type":"WebSite","@id":"http:\/\/notisnot.com\/#website","url":"http:\/\/notisnot.com\/","name":"NOT IS NOT","description":"","potentialAction":[{"@type":"SearchAction","target":{"@type":"EntryPoint","urlTemplate":"http:\/\/notisnot.com\/?s={search_term_string}"},"query-input":{"@type":"PropertyValueSpecification","valueRequired":true,"valueName":"search_term_string"}}],"inLanguage":"es"}]}},"_links":{"self":[{"href":"http:\/\/notisnot.com\/es\/wp-json\/wp\/v2\/product\/300404"}],"collection":[{"href":"http:\/\/notisnot.com\/es\/wp-json\/wp\/v2\/product"}],"about":[{"href":"http:\/\/notisnot.com\/es\/wp-json\/wp\/v2\/types\/product"}],"replies":[{"embeddable":true,"href":"http:\/\/notisnot.com\/es\/wp-json\/wp\/v2\/comments?post=300404"}],"wp:featuredmedia":[{"embeddable":true,"href":"http:\/\/notisnot.com\/es\/wp-json\/wp\/v2\/media\/300406"}],"wp:attachment":[{"href":"http:\/\/notisnot.com\/es\/wp-json\/wp\/v2\/media?parent=300404"}],"wp:term":[{"taxonomy":"product_cat","embeddable":true,"href":"http:\/\/notisnot.com\/es\/wp-json\/wp\/v2\/product_cat?post=300404"},{"taxonomy":"product_tag","embeddable":true,"href":"http:\/\/notisnot.com\/es\/wp-json\/wp\/v2\/product_tag?post=300404"}],"curies":[{"name":"wp","href":"https:\/\/api.w.org\/{rel}","templated":true}]}}