{"id":299739,"date":"2025-02-19T11:38:50","date_gmt":"2025-02-19T11:38:50","guid":{"rendered":"https:\/\/notisnot.com\/?post_type=product&#038;p=299739"},"modified":"2025-12-01T17:06:55","modified_gmt":"2025-12-01T17:06:55","slug":"pantalon-de-verano-unisex-bicolor-de-alta-visibilidad","status":"publish","type":"product","link":"http:\/\/notisnot.com\/es\/tienda\/ropa-laboral\/ropa-de-alta-visibilidad\/pantalon-de-verano-unisex-bicolor-de-alta-visibilidad\/","title":{"rendered":"Pantal\u00f3n de verano unisex, bicolor de alta visibilidad"},"content":{"rendered":"<p><img loading=\"lazy\" decoding=\"async\" class=\"alignnone size-medium wp-image-299740\" src=\"https:\/\/notisnot.com\/wp-content\/uploads\/2025\/02\/Captura-de-pantalla-2025-02-17-122155-259x453.png\" alt=\"\" width=\"259\" height=\"453\" srcset=\"http:\/\/notisnot.com\/wp-content\/uploads\/2025\/02\/Captura-de-pantalla-2025-02-17-122155-259x453.png 259w, http:\/\/notisnot.com\/wp-content\/uploads\/2025\/02\/Captura-de-pantalla-2025-02-17-122155-431x753.png 431w, http:\/\/notisnot.com\/wp-content\/uploads\/2025\/02\/Captura-de-pantalla-2025-02-17-122155-7x12.png 7w, http:\/\/notisnot.com\/wp-content\/uploads\/2025\/02\/Captura-de-pantalla-2025-02-17-122155-11x20.png 11w, http:\/\/notisnot.com\/wp-content\/uploads\/2025\/02\/Captura-de-pantalla-2025-02-17-122155-79x138.png 79w, http:\/\/notisnot.com\/wp-content\/uploads\/2025\/02\/Captura-de-pantalla-2025-02-17-122155.png 470w\" sizes=\"(max-width: 259px) 100vw, 259px\" \/> <img loading=\"lazy\" decoding=\"async\" class=\"alignnone size-medium wp-image-299741\" src=\"https:\/\/notisnot.com\/wp-content\/uploads\/2025\/02\/Captura-de-pantalla-2025-02-17-122203-242x453.png\" alt=\"\" width=\"242\" height=\"453\" srcset=\"http:\/\/notisnot.com\/wp-content\/uploads\/2025\/02\/Captura-de-pantalla-2025-02-17-122203-242x453.png 242w, http:\/\/notisnot.com\/wp-content\/uploads\/2025\/02\/Captura-de-pantalla-2025-02-17-122203-402x753.png 402w, http:\/\/notisnot.com\/wp-content\/uploads\/2025\/02\/Captura-de-pantalla-2025-02-17-122203-6x12.png 6w, http:\/\/notisnot.com\/wp-content\/uploads\/2025\/02\/Captura-de-pantalla-2025-02-17-122203-11x20.png 11w, http:\/\/notisnot.com\/wp-content\/uploads\/2025\/02\/Captura-de-pantalla-2025-02-17-122203-74x138.png 74w, http:\/\/notisnot.com\/wp-content\/uploads\/2025\/02\/Captura-de-pantalla-2025-02-17-122203.png 465w\" sizes=\"(max-width: 242px) 100vw, 242px\" \/> <img loading=\"lazy\" decoding=\"async\" class=\"alignnone size-medium wp-image-299742\" src=\"https:\/\/notisnot.com\/wp-content\/uploads\/2025\/02\/Captura-de-pantalla-2025-02-17-122210-206x453.png\" alt=\"\" width=\"206\" height=\"453\" srcset=\"http:\/\/notisnot.com\/wp-content\/uploads\/2025\/02\/Captura-de-pantalla-2025-02-17-122210-206x453.png 206w, http:\/\/notisnot.com\/wp-content\/uploads\/2025\/02\/Captura-de-pantalla-2025-02-17-122210-342x753.png 342w, http:\/\/notisnot.com\/wp-content\/uploads\/2025\/02\/Captura-de-pantalla-2025-02-17-122210-5x12.png 5w, http:\/\/notisnot.com\/wp-content\/uploads\/2025\/02\/Captura-de-pantalla-2025-02-17-122210-9x20.png 9w, http:\/\/notisnot.com\/wp-content\/uploads\/2025\/02\/Captura-de-pantalla-2025-02-17-122210-63x138.png 63w, http:\/\/notisnot.com\/wp-content\/uploads\/2025\/02\/Captura-de-pantalla-2025-02-17-122210.png 397w\" sizes=\"(max-width: 206px) 100vw, 206px\" \/> <img loading=\"lazy\" decoding=\"async\" class=\"alignnone size-medium wp-image-299743\" src=\"https:\/\/notisnot.com\/wp-content\/uploads\/2025\/02\/Captura-de-pantalla-2025-02-17-122219-215x453.png\" alt=\"\" width=\"215\" height=\"453\" \/> <img loading=\"lazy\" decoding=\"async\" class=\"alignnone size-medium wp-image-299744\" src=\"https:\/\/notisnot.com\/wp-content\/uploads\/2025\/02\/Captura-de-pantalla-2025-02-17-122226-243x453.png\" alt=\"\" width=\"243\" height=\"453\" srcset=\"http:\/\/notisnot.com\/wp-content\/uploads\/2025\/02\/Captura-de-pantalla-2025-02-17-122226-243x453.png 243w, http:\/\/notisnot.com\/wp-content\/uploads\/2025\/02\/Captura-de-pantalla-2025-02-17-122226-405x753.png 405w, http:\/\/notisnot.com\/wp-content\/uploads\/2025\/02\/Captura-de-pantalla-2025-02-17-122226-6x12.png 6w, http:\/\/notisnot.com\/wp-content\/uploads\/2025\/02\/Captura-de-pantalla-2025-02-17-122226-11x20.png 11w, http:\/\/notisnot.com\/wp-content\/uploads\/2025\/02\/Captura-de-pantalla-2025-02-17-122226-74x138.png 74w, http:\/\/notisnot.com\/wp-content\/uploads\/2025\/02\/Captura-de-pantalla-2025-02-17-122226.png 476w\" sizes=\"(max-width: 243px) 100vw, 243px\" \/> <img loading=\"lazy\" decoding=\"async\" class=\"alignnone size-medium wp-image-299745\" src=\"https:\/\/notisnot.com\/wp-content\/uploads\/2025\/02\/Captura-de-pantalla-2025-02-17-122234-216x453.png\" alt=\"\" width=\"216\" height=\"453\" srcset=\"http:\/\/notisnot.com\/wp-content\/uploads\/2025\/02\/Captura-de-pantalla-2025-02-17-122234-216x453.png 216w, http:\/\/notisnot.com\/wp-content\/uploads\/2025\/02\/Captura-de-pantalla-2025-02-17-122234-359x753.png 359w, http:\/\/notisnot.com\/wp-content\/uploads\/2025\/02\/Captura-de-pantalla-2025-02-17-122234-6x12.png 6w, http:\/\/notisnot.com\/wp-content\/uploads\/2025\/02\/Captura-de-pantalla-2025-02-17-122234-10x20.png 10w, http:\/\/notisnot.com\/wp-content\/uploads\/2025\/02\/Captura-de-pantalla-2025-02-17-122234-66x138.png 66w, http:\/\/notisnot.com\/wp-content\/uploads\/2025\/02\/Captura-de-pantalla-2025-02-17-122234.png 402w\" sizes=\"(max-width: 216px) 100vw, 216px\" \/> <img loading=\"lazy\" decoding=\"async\" class=\"alignnone size-medium wp-image-299746\" src=\"https:\/\/notisnot.com\/wp-content\/uploads\/2025\/02\/Captura-de-pantalla-2025-02-17-122248-221x453.png\" alt=\"\" width=\"221\" height=\"453\" srcset=\"http:\/\/notisnot.com\/wp-content\/uploads\/2025\/02\/Captura-de-pantalla-2025-02-17-122248-221x453.png 221w, http:\/\/notisnot.com\/wp-content\/uploads\/2025\/02\/Captura-de-pantalla-2025-02-17-122248-368x753.png 368w, http:\/\/notisnot.com\/wp-content\/uploads\/2025\/02\/Captura-de-pantalla-2025-02-17-122248-6x12.png 6w, http:\/\/notisnot.com\/wp-content\/uploads\/2025\/02\/Captura-de-pantalla-2025-02-17-122248-10x20.png 10w, http:\/\/notisnot.com\/wp-content\/uploads\/2025\/02\/Captura-de-pantalla-2025-02-17-122248-67x138.png 67w, http:\/\/notisnot.com\/wp-content\/uploads\/2025\/02\/Captura-de-pantalla-2025-02-17-122248.png 406w\" sizes=\"(max-width: 221px) 100vw, 221px\" \/><\/p>","protected":false},"excerpt":{"rendered":"<p>Pantal\u00f3n unisex, multiestaci\u00f3n, bicolor, de alta visibilidad, bandas reflectantes, el\u00e1sticos laterales y trabillas en la cintura. Cierre con cremallera y bot\u00f3n de pl\u00e1stico, dos bolsillos delanteros contorneados, uno lateral con cierre LOCK SYSTEM y con soporte para tarjeta de identificaci\u00f3n extra\u00edble y otro con soporte doble para metro. Dos bolsillos traseros: uno abierto con bandas reflectantes y otro con tapeta y velcro. Costuras a juego con el tejido en contraste. Entrepierna e interior de pierna con triple aguja. La talla internacional L tiene una entrepierna de 80 cm.<\/p>","protected":false},"featured_media":315555,"comment_status":"open","ping_status":"closed","template":"","meta":{"_acf_changed":false},"product_cat":[462],"product_tag":[],"class_list":{"0":"post-299739","1":"product","2":"type-product","3":"status-publish","4":"has-post-thumbnail","6":"product_cat-ropa-de-alta-visibilidad","7":"pa_color-amarillo-fluorescente-azul-marino","8":"pa_color-amarillo-fluorescente-azul-real","9":"pa_color-amarillo-fluorescente-gris-acero","10":"pa_color-amarillo-fluorescente-negro","11":"pa_color-amarillo-fluorescente-verde-gelatina","12":"pa_color-arancione-fluo-smoke","13":"pa_color-naranja-fluorescente-azul-marino","14":"pa_tallaropa-xxs","15":"pa_tallaropa-xs","16":"pa_tallaropa-s","17":"pa_tallaropa-m","18":"pa_tallaropa-l","19":"pa_tallaropa-xl","20":"pa_tallaropa-xxl","21":"pa_tallaropa-3xl","22":"pa_tallaropa-4xl","23":"pa_tallaropa-5xl","25":"first","26":"instock","27":"taxable","28":"shipping-taxable","29":"purchasable","30":"product-type-variable"},"acf":[],"yoast_head":"<!-- This site is optimized with the Yoast SEO plugin v23.4 - https:\/\/yoast.com\/wordpress\/plugins\/seo\/ -->\n<title>Pantal\u00f3n de verano unisex, bicolor de alta visibilidad - NOT IS NOT<\/title>\n<meta name=\"robots\" content=\"index, follow, max-snippet:-1, max-image-preview:large, max-video-preview:-1\" \/>\n<link rel=\"canonical\" href=\"http:\/\/notisnot.com\/es\/tienda\/ropa-laboral\/ropa-de-alta-visibilidad\/pantalon-de-verano-unisex-bicolor-de-alta-visibilidad\/\" \/>\n<meta property=\"og:locale\" content=\"es_ES\" \/>\n<meta property=\"og:type\" content=\"article\" \/>\n<meta property=\"og:title\" content=\"Pantal\u00f3n de verano unisex, bicolor de alta visibilidad - NOT IS NOT\" \/>\n<meta property=\"og:description\" content=\"Pantal\u00f3n unisex, multiestaci\u00f3n, bicolor, de alta visibilidad, bandas reflectantes, el\u00e1sticos laterales y trabillas en la cintura. Cierre con cremallera y bot\u00f3n de pl\u00e1stico, dos bolsillos delanteros contorneados, uno lateral con cierre LOCK SYSTEM y con soporte para tarjeta de identificaci\u00f3n extra\u00edble y otro con soporte doble para metro. Dos bolsillos traseros: uno abierto con bandas reflectantes y otro con tapeta y velcro. Costuras a juego con el tejido en contraste. Entrepierna e interior de pierna con triple aguja. La talla internacional L tiene una entrepierna de 80 cm.\" \/>\n<meta property=\"og:url\" content=\"http:\/\/notisnot.com\/es\/tienda\/ropa-laboral\/ropa-de-alta-visibilidad\/pantalon-de-verano-unisex-bicolor-de-alta-visibilidad\/\" \/>\n<meta property=\"og:site_name\" content=\"NOT IS NOT\" \/>\n<meta property=\"article:publisher\" content=\"https:\/\/www.facebook.com\/notisnotofficial\/\" \/>\n<meta property=\"article:modified_time\" content=\"2025-12-01T17:06:55+00:00\" \/>\n<meta property=\"og:image\" content=\"https:\/\/notisnot.com\/wp-content\/uploads\/2025\/02\/Pantalon-de-verano-unisex-bicolor-de-alta-visibilidad.png\" \/>\n\t<meta property=\"og:image:width\" content=\"911\" \/>\n\t<meta property=\"og:image:height\" content=\"907\" \/>\n\t<meta property=\"og:image:type\" content=\"image\/png\" \/>\n<meta name=\"twitter:card\" content=\"summary_large_image\" \/>\n<meta name=\"twitter:label1\" content=\"Tiempo de lectura\" \/>\n\t<meta name=\"twitter:data1\" content=\"2 minutos\" \/>\n<script type=\"application\/ld+json\" class=\"yoast-schema-graph\">{\"@context\":\"https:\/\/schema.org\",\"@graph\":[{\"@type\":\"WebPage\",\"@id\":\"https:\/\/notisnot.com\/tienda\/ropa-laboral\/ropa-de-alta-visibilidad\/pantalon-de-verano-unisex-bicolor-de-alta-visibilidad\/\",\"url\":\"https:\/\/notisnot.com\/tienda\/ropa-laboral\/ropa-de-alta-visibilidad\/pantalon-de-verano-unisex-bicolor-de-alta-visibilidad\/\",\"name\":\"Pantal\u00f3n de verano unisex, bicolor de alta visibilidad - NOT IS NOT\",\"isPartOf\":{\"@id\":\"https:\/\/notisnot.com\/#website\"},\"primaryImageOfPage\":{\"@id\":\"https:\/\/notisnot.com\/tienda\/ropa-laboral\/ropa-de-alta-visibilidad\/pantalon-de-verano-unisex-bicolor-de-alta-visibilidad\/#primaryimage\"},\"image\":{\"@id\":\"https:\/\/notisnot.com\/tienda\/ropa-laboral\/ropa-de-alta-visibilidad\/pantalon-de-verano-unisex-bicolor-de-alta-visibilidad\/#primaryimage\"},\"thumbnailUrl\":\"http:\/\/notisnot.com\/wp-content\/uploads\/2025\/02\/Pantalon-de-verano-unisex-bicolor-de-alta-visibilidad.png\",\"datePublished\":\"2025-02-19T11:38:50+00:00\",\"dateModified\":\"2025-12-01T17:06:55+00:00\",\"breadcrumb\":{\"@id\":\"https:\/\/notisnot.com\/tienda\/ropa-laboral\/ropa-de-alta-visibilidad\/pantalon-de-verano-unisex-bicolor-de-alta-visibilidad\/#breadcrumb\"},\"inLanguage\":\"es\",\"potentialAction\":[{\"@type\":\"ReadAction\",\"target\":[\"https:\/\/notisnot.com\/tienda\/ropa-laboral\/ropa-de-alta-visibilidad\/pantalon-de-verano-unisex-bicolor-de-alta-visibilidad\/\"]}]},{\"@type\":\"ImageObject\",\"inLanguage\":\"es\",\"@id\":\"https:\/\/notisnot.com\/tienda\/ropa-laboral\/ropa-de-alta-visibilidad\/pantalon-de-verano-unisex-bicolor-de-alta-visibilidad\/#primaryimage\",\"url\":\"http:\/\/notisnot.com\/wp-content\/uploads\/2025\/02\/Pantalon-de-verano-unisex-bicolor-de-alta-visibilidad.png\",\"contentUrl\":\"http:\/\/notisnot.com\/wp-content\/uploads\/2025\/02\/Pantalon-de-verano-unisex-bicolor-de-alta-visibilidad.png\",\"width\":911,\"height\":907},{\"@type\":\"BreadcrumbList\",\"@id\":\"https:\/\/notisnot.com\/tienda\/ropa-laboral\/ropa-de-alta-visibilidad\/pantalon-de-verano-unisex-bicolor-de-alta-visibilidad\/#breadcrumb\",\"itemListElement\":[{\"@type\":\"ListItem\",\"position\":1,\"name\":\"Home\",\"item\":\"https:\/\/notisnot.com\/\"},{\"@type\":\"ListItem\",\"position\":2,\"name\":\"Tienda\",\"item\":\"https:\/\/notisnot.com\/es\/tienda-woocomerce\/\"},{\"@type\":\"ListItem\",\"position\":3,\"name\":\"Pantal\u00f3n de verano unisex, bicolor de alta visibilidad\"}]},{\"@type\":\"WebSite\",\"@id\":\"https:\/\/notisnot.com\/#website\",\"url\":\"https:\/\/notisnot.com\/\",\"name\":\"NOT IS NOT\",\"description\":\"\",\"potentialAction\":[{\"@type\":\"SearchAction\",\"target\":{\"@type\":\"EntryPoint\",\"urlTemplate\":\"https:\/\/notisnot.com\/?s={search_term_string}\"},\"query-input\":{\"@type\":\"PropertyValueSpecification\",\"valueRequired\":true,\"valueName\":\"search_term_string\"}}],\"inLanguage\":\"es\"}]}<\/script>\n<!-- \/ Yoast SEO plugin. -->","yoast_head_json":{"title":"Pantal\u00f3n de verano unisex, bicolor de alta visibilidad - NOT IS NOT","robots":{"index":"index","follow":"follow","max-snippet":"max-snippet:-1","max-image-preview":"max-image-preview:large","max-video-preview":"max-video-preview:-1"},"canonical":"http:\/\/notisnot.com\/es\/tienda\/ropa-laboral\/ropa-de-alta-visibilidad\/pantalon-de-verano-unisex-bicolor-de-alta-visibilidad\/","og_locale":"es_ES","og_type":"article","og_title":"Pantal\u00f3n de verano unisex, bicolor de alta visibilidad - NOT IS NOT","og_description":"Pantal\u00f3n unisex, multiestaci\u00f3n, bicolor, de alta visibilidad, bandas reflectantes, el\u00e1sticos laterales y trabillas en la cintura. Cierre con cremallera y bot\u00f3n de pl\u00e1stico, dos bolsillos delanteros contorneados, uno lateral con cierre LOCK SYSTEM y con soporte para tarjeta de identificaci\u00f3n extra\u00edble y otro con soporte doble para metro. Dos bolsillos traseros: uno abierto con bandas reflectantes y otro con tapeta y velcro. Costuras a juego con el tejido en contraste. Entrepierna e interior de pierna con triple aguja. La talla internacional L tiene una entrepierna de 80 cm.","og_url":"http:\/\/notisnot.com\/es\/tienda\/ropa-laboral\/ropa-de-alta-visibilidad\/pantalon-de-verano-unisex-bicolor-de-alta-visibilidad\/","og_site_name":"NOT IS NOT","article_publisher":"https:\/\/www.facebook.com\/notisnotofficial\/","article_modified_time":"2025-12-01T17:06:55+00:00","og_image":[{"width":911,"height":907,"url":"https:\/\/notisnot.com\/wp-content\/uploads\/2025\/02\/Pantalon-de-verano-unisex-bicolor-de-alta-visibilidad.png","type":"image\/png"}],"twitter_card":"summary_large_image","twitter_misc":{"Tiempo de lectura":"2 minutos"},"schema":{"@context":"https:\/\/schema.org","@graph":[{"@type":"WebPage","@id":"https:\/\/notisnot.com\/tienda\/ropa-laboral\/ropa-de-alta-visibilidad\/pantalon-de-verano-unisex-bicolor-de-alta-visibilidad\/","url":"https:\/\/notisnot.com\/tienda\/ropa-laboral\/ropa-de-alta-visibilidad\/pantalon-de-verano-unisex-bicolor-de-alta-visibilidad\/","name":"Pantal\u00f3n de verano unisex, bicolor de alta visibilidad - NOT IS NOT","isPartOf":{"@id":"https:\/\/notisnot.com\/#website"},"primaryImageOfPage":{"@id":"https:\/\/notisnot.com\/tienda\/ropa-laboral\/ropa-de-alta-visibilidad\/pantalon-de-verano-unisex-bicolor-de-alta-visibilidad\/#primaryimage"},"image":{"@id":"https:\/\/notisnot.com\/tienda\/ropa-laboral\/ropa-de-alta-visibilidad\/pantalon-de-verano-unisex-bicolor-de-alta-visibilidad\/#primaryimage"},"thumbnailUrl":"http:\/\/notisnot.com\/wp-content\/uploads\/2025\/02\/Pantalon-de-verano-unisex-bicolor-de-alta-visibilidad.png","datePublished":"2025-02-19T11:38:50+00:00","dateModified":"2025-12-01T17:06:55+00:00","breadcrumb":{"@id":"https:\/\/notisnot.com\/tienda\/ropa-laboral\/ropa-de-alta-visibilidad\/pantalon-de-verano-unisex-bicolor-de-alta-visibilidad\/#breadcrumb"},"inLanguage":"es","potentialAction":[{"@type":"ReadAction","target":["https:\/\/notisnot.com\/tienda\/ropa-laboral\/ropa-de-alta-visibilidad\/pantalon-de-verano-unisex-bicolor-de-alta-visibilidad\/"]}]},{"@type":"ImageObject","inLanguage":"es","@id":"https:\/\/notisnot.com\/tienda\/ropa-laboral\/ropa-de-alta-visibilidad\/pantalon-de-verano-unisex-bicolor-de-alta-visibilidad\/#primaryimage","url":"http:\/\/notisnot.com\/wp-content\/uploads\/2025\/02\/Pantalon-de-verano-unisex-bicolor-de-alta-visibilidad.png","contentUrl":"http:\/\/notisnot.com\/wp-content\/uploads\/2025\/02\/Pantalon-de-verano-unisex-bicolor-de-alta-visibilidad.png","width":911,"height":907},{"@type":"BreadcrumbList","@id":"https:\/\/notisnot.com\/tienda\/ropa-laboral\/ropa-de-alta-visibilidad\/pantalon-de-verano-unisex-bicolor-de-alta-visibilidad\/#breadcrumb","itemListElement":[{"@type":"ListItem","position":1,"name":"Home","item":"https:\/\/notisnot.com\/"},{"@type":"ListItem","position":2,"name":"Tienda","item":"https:\/\/notisnot.com\/es\/tienda-woocomerce\/"},{"@type":"ListItem","position":3,"name":"Pantal\u00f3n de verano unisex, bicolor de alta visibilidad"}]},{"@type":"WebSite","@id":"https:\/\/notisnot.com\/#website","url":"https:\/\/notisnot.com\/","name":"NOT IS NOT","description":"","potentialAction":[{"@type":"SearchAction","target":{"@type":"EntryPoint","urlTemplate":"https:\/\/notisnot.com\/?s={search_term_string}"},"query-input":{"@type":"PropertyValueSpecification","valueRequired":true,"valueName":"search_term_string"}}],"inLanguage":"es"}]}},"_links":{"self":[{"href":"http:\/\/notisnot.com\/es\/wp-json\/wp\/v2\/product\/299739"}],"collection":[{"href":"http:\/\/notisnot.com\/es\/wp-json\/wp\/v2\/product"}],"about":[{"href":"http:\/\/notisnot.com\/es\/wp-json\/wp\/v2\/types\/product"}],"replies":[{"embeddable":true,"href":"http:\/\/notisnot.com\/es\/wp-json\/wp\/v2\/comments?post=299739"}],"wp:featuredmedia":[{"embeddable":true,"href":"http:\/\/notisnot.com\/es\/wp-json\/wp\/v2\/media\/315555"}],"wp:attachment":[{"href":"http:\/\/notisnot.com\/es\/wp-json\/wp\/v2\/media?parent=299739"}],"wp:term":[{"taxonomy":"product_cat","embeddable":true,"href":"http:\/\/notisnot.com\/es\/wp-json\/wp\/v2\/product_cat?post=299739"},{"taxonomy":"product_tag","embeddable":true,"href":"http:\/\/notisnot.com\/es\/wp-json\/wp\/v2\/product_tag?post=299739"}],"curies":[{"name":"wp","href":"https:\/\/api.w.org\/{rel}","templated":true}]}}