{"id":299606,"date":"2025-02-19T11:29:22","date_gmt":"2025-02-19T11:29:22","guid":{"rendered":"https:\/\/notisnot.com\/?post_type=product&#038;p=299606"},"modified":"2025-12-01T17:06:43","modified_gmt":"2025-12-01T17:06:43","slug":"pantalon-de-alta-visibilidad-para-hombre","status":"publish","type":"product","link":"http:\/\/notisnot.com\/es\/tienda\/ropa-laboral\/ropa-de-alta-visibilidad\/pantalon-de-alta-visibilidad-para-hombre\/","title":{"rendered":"Pantal\u00f3n Charter de alta visibilidad para hombre"},"content":{"rendered":"<p><img loading=\"lazy\" decoding=\"async\" class=\"alignnone size-medium wp-image-299607\" src=\"https:\/\/notisnot.com\/wp-content\/uploads\/2025\/02\/Captura-de-pantalla-2025-02-17-121753-201x453.png\" alt=\"\" width=\"201\" height=\"453\" srcset=\"http:\/\/notisnot.com\/wp-content\/uploads\/2025\/02\/Captura-de-pantalla-2025-02-17-121753-201x453.png 201w, http:\/\/notisnot.com\/wp-content\/uploads\/2025\/02\/Captura-de-pantalla-2025-02-17-121753-334x753.png 334w, http:\/\/notisnot.com\/wp-content\/uploads\/2025\/02\/Captura-de-pantalla-2025-02-17-121753-5x12.png 5w, http:\/\/notisnot.com\/wp-content\/uploads\/2025\/02\/Captura-de-pantalla-2025-02-17-121753-9x20.png 9w, http:\/\/notisnot.com\/wp-content\/uploads\/2025\/02\/Captura-de-pantalla-2025-02-17-121753-61x138.png 61w, http:\/\/notisnot.com\/wp-content\/uploads\/2025\/02\/Captura-de-pantalla-2025-02-17-121753.png 470w\" sizes=\"(max-width: 201px) 100vw, 201px\" \/> <img loading=\"lazy\" decoding=\"async\" class=\"alignnone size-medium wp-image-299608\" src=\"https:\/\/notisnot.com\/wp-content\/uploads\/2025\/02\/Captura-de-pantalla-2025-02-17-121801-209x453.png\" alt=\"\" width=\"209\" height=\"453\" srcset=\"http:\/\/notisnot.com\/wp-content\/uploads\/2025\/02\/Captura-de-pantalla-2025-02-17-121801-209x453.png 209w, http:\/\/notisnot.com\/wp-content\/uploads\/2025\/02\/Captura-de-pantalla-2025-02-17-121801-348x753.png 348w, http:\/\/notisnot.com\/wp-content\/uploads\/2025\/02\/Captura-de-pantalla-2025-02-17-121801-6x12.png 6w, http:\/\/notisnot.com\/wp-content\/uploads\/2025\/02\/Captura-de-pantalla-2025-02-17-121801-9x20.png 9w, http:\/\/notisnot.com\/wp-content\/uploads\/2025\/02\/Captura-de-pantalla-2025-02-17-121801-64x138.png 64w, http:\/\/notisnot.com\/wp-content\/uploads\/2025\/02\/Captura-de-pantalla-2025-02-17-121801.png 456w\" sizes=\"(max-width: 209px) 100vw, 209px\" \/> <img loading=\"lazy\" decoding=\"async\" class=\"alignnone size-medium wp-image-299609\" src=\"https:\/\/notisnot.com\/wp-content\/uploads\/2025\/02\/Captura-de-pantalla-2025-02-17-121817-207x453.png\" alt=\"\" width=\"207\" height=\"453\" srcset=\"http:\/\/notisnot.com\/wp-content\/uploads\/2025\/02\/Captura-de-pantalla-2025-02-17-121817-207x453.png 207w, http:\/\/notisnot.com\/wp-content\/uploads\/2025\/02\/Captura-de-pantalla-2025-02-17-121817-345x753.png 345w, http:\/\/notisnot.com\/wp-content\/uploads\/2025\/02\/Captura-de-pantalla-2025-02-17-121817-5x12.png 5w, http:\/\/notisnot.com\/wp-content\/uploads\/2025\/02\/Captura-de-pantalla-2025-02-17-121817-9x20.png 9w, http:\/\/notisnot.com\/wp-content\/uploads\/2025\/02\/Captura-de-pantalla-2025-02-17-121817-63x138.png 63w, http:\/\/notisnot.com\/wp-content\/uploads\/2025\/02\/Captura-de-pantalla-2025-02-17-121817.png 491w\" sizes=\"(max-width: 207px) 100vw, 207px\" \/> <img loading=\"lazy\" decoding=\"async\" class=\"alignnone size-medium wp-image-299610\" src=\"https:\/\/notisnot.com\/wp-content\/uploads\/2025\/02\/Captura-de-pantalla-2025-02-17-121827-209x453.png\" alt=\"\" width=\"209\" height=\"453\" srcset=\"http:\/\/notisnot.com\/wp-content\/uploads\/2025\/02\/Captura-de-pantalla-2025-02-17-121827-209x453.png 209w, http:\/\/notisnot.com\/wp-content\/uploads\/2025\/02\/Captura-de-pantalla-2025-02-17-121827-348x753.png 348w, http:\/\/notisnot.com\/wp-content\/uploads\/2025\/02\/Captura-de-pantalla-2025-02-17-121827-6x12.png 6w, http:\/\/notisnot.com\/wp-content\/uploads\/2025\/02\/Captura-de-pantalla-2025-02-17-121827-9x20.png 9w, http:\/\/notisnot.com\/wp-content\/uploads\/2025\/02\/Captura-de-pantalla-2025-02-17-121827-64x138.png 64w, http:\/\/notisnot.com\/wp-content\/uploads\/2025\/02\/Captura-de-pantalla-2025-02-17-121827.png 490w\" sizes=\"(max-width: 209px) 100vw, 209px\" \/> <img loading=\"lazy\" decoding=\"async\" class=\"alignnone size-medium wp-image-299611\" src=\"https:\/\/notisnot.com\/wp-content\/uploads\/2025\/02\/Captura-de-pantalla-2025-02-17-121835-246x453.png\" alt=\"\" width=\"246\" height=\"453\" srcset=\"http:\/\/notisnot.com\/wp-content\/uploads\/2025\/02\/Captura-de-pantalla-2025-02-17-121835-246x453.png 246w, http:\/\/notisnot.com\/wp-content\/uploads\/2025\/02\/Captura-de-pantalla-2025-02-17-121835-408x753.png 408w, http:\/\/notisnot.com\/wp-content\/uploads\/2025\/02\/Captura-de-pantalla-2025-02-17-121835-7x12.png 7w, http:\/\/notisnot.com\/wp-content\/uploads\/2025\/02\/Captura-de-pantalla-2025-02-17-121835-11x20.png 11w, http:\/\/notisnot.com\/wp-content\/uploads\/2025\/02\/Captura-de-pantalla-2025-02-17-121835-75x138.png 75w, http:\/\/notisnot.com\/wp-content\/uploads\/2025\/02\/Captura-de-pantalla-2025-02-17-121835.png 584w\" sizes=\"(max-width: 246px) 100vw, 246px\" \/> <img loading=\"lazy\" decoding=\"async\" class=\"alignnone size-medium wp-image-299612\" src=\"https:\/\/notisnot.com\/wp-content\/uploads\/2025\/02\/Captura-de-pantalla-2025-02-17-121845-222x453.png\" alt=\"\" width=\"222\" height=\"453\" srcset=\"http:\/\/notisnot.com\/wp-content\/uploads\/2025\/02\/Captura-de-pantalla-2025-02-17-121845-222x453.png 222w, http:\/\/notisnot.com\/wp-content\/uploads\/2025\/02\/Captura-de-pantalla-2025-02-17-121845-368x753.png 368w, http:\/\/notisnot.com\/wp-content\/uploads\/2025\/02\/Captura-de-pantalla-2025-02-17-121845-6x12.png 6w, http:\/\/notisnot.com\/wp-content\/uploads\/2025\/02\/Captura-de-pantalla-2025-02-17-121845-10x20.png 10w, http:\/\/notisnot.com\/wp-content\/uploads\/2025\/02\/Captura-de-pantalla-2025-02-17-121845-68x138.png 68w, http:\/\/notisnot.com\/wp-content\/uploads\/2025\/02\/Captura-de-pantalla-2025-02-17-121845.png 525w\" sizes=\"(max-width: 222px) 100vw, 222px\" \/> <img loading=\"lazy\" decoding=\"async\" class=\"alignnone size-medium wp-image-299613\" src=\"https:\/\/notisnot.com\/wp-content\/uploads\/2025\/02\/Captura-de-pantalla-2025-02-17-121854-208x453.png\" alt=\"\" width=\"208\" height=\"453\" srcset=\"http:\/\/notisnot.com\/wp-content\/uploads\/2025\/02\/Captura-de-pantalla-2025-02-17-121854-208x453.png 208w, http:\/\/notisnot.com\/wp-content\/uploads\/2025\/02\/Captura-de-pantalla-2025-02-17-121854-346x753.png 346w, http:\/\/notisnot.com\/wp-content\/uploads\/2025\/02\/Captura-de-pantalla-2025-02-17-121854-6x12.png 6w, http:\/\/notisnot.com\/wp-content\/uploads\/2025\/02\/Captura-de-pantalla-2025-02-17-121854-9x20.png 9w, http:\/\/notisnot.com\/wp-content\/uploads\/2025\/02\/Captura-de-pantalla-2025-02-17-121854-63x138.png 63w, http:\/\/notisnot.com\/wp-content\/uploads\/2025\/02\/Captura-de-pantalla-2025-02-17-121854.png 498w\" sizes=\"(max-width: 208px) 100vw, 208px\" \/><\/p>","protected":false},"excerpt":{"rendered":"<p>Pantal\u00f3n de alta visibilidad y dos tonalidades para todo el a\u00f1o para hombre con bandas reflectantes, lateral el\u00e1stico y trabillas en la cintura. Cierre con cremallera y bot\u00f3n de pl\u00e1stico, dos bolsillos delanteros cl\u00e1sicos, un bolsillo lateral LOCK SYSTEM, un bolsillo para cinta m\u00e9trica, dos bolsillos traseros, uno abierto y otro con solapa y velcro. Pespunte de contraste, triple costura en entrepierna y parte interior de la pernera.<\/p>","protected":false},"featured_media":315553,"comment_status":"open","ping_status":"closed","template":"","meta":{"_acf_changed":false},"product_cat":[462],"product_tag":[],"class_list":{"0":"post-299606","1":"product","2":"type-product","3":"status-publish","4":"has-post-thumbnail","6":"product_cat-ropa-de-alta-visibilidad","7":"pa_color-amarillo-fluorescente","8":"pa_color-amarillo-fluorescente-azul-marino","9":"pa_color-amarillo-fluorescente-gris-acero","10":"pa_color-amarillo-fluorescente-verde-gelatina","11":"pa_color-naranja-fluorescente","12":"pa_color-naranja-fluorescente-azul-marino","13":"pa_color-naranja-fluorescente-gris-acero","14":"pa_tallaropa-s","15":"pa_tallaropa-m","16":"pa_tallaropa-l","17":"pa_tallaropa-xl","18":"pa_tallaropa-xxl","19":"pa_tallaropa-3xl","20":"pa_tallaropa-4xl","21":"pa_tallaropa-5xl","23":"first","24":"instock","25":"taxable","26":"shipping-taxable","27":"purchasable","28":"product-type-variable"},"acf":[],"yoast_head":"<!-- This site is optimized with the Yoast SEO plugin v23.4 - https:\/\/yoast.com\/wordpress\/plugins\/seo\/ -->\n<title>Pantal\u00f3n Charter de alta visibilidad para hombre - NOT IS NOT<\/title>\n<meta name=\"robots\" content=\"index, follow, max-snippet:-1, max-image-preview:large, max-video-preview:-1\" \/>\n<link rel=\"canonical\" href=\"http:\/\/notisnot.com\/es\/tienda\/ropa-laboral\/ropa-de-alta-visibilidad\/pantalon-de-alta-visibilidad-para-hombre\/\" \/>\n<meta property=\"og:locale\" content=\"es_ES\" \/>\n<meta property=\"og:type\" content=\"article\" \/>\n<meta property=\"og:title\" content=\"Pantal\u00f3n Charter de alta visibilidad para hombre - NOT IS NOT\" \/>\n<meta property=\"og:description\" content=\"Pantal\u00f3n de alta visibilidad y dos tonalidades para todo el a\u00f1o para hombre con bandas reflectantes, lateral el\u00e1stico y trabillas en la cintura. Cierre con cremallera y bot\u00f3n de pl\u00e1stico, dos bolsillos delanteros cl\u00e1sicos, un bolsillo lateral LOCK SYSTEM, un bolsillo para cinta m\u00e9trica, dos bolsillos traseros, uno abierto y otro con solapa y velcro. Pespunte de contraste, triple costura en entrepierna y parte interior de la pernera.\" \/>\n<meta property=\"og:url\" content=\"http:\/\/notisnot.com\/es\/tienda\/ropa-laboral\/ropa-de-alta-visibilidad\/pantalon-de-alta-visibilidad-para-hombre\/\" \/>\n<meta property=\"og:site_name\" content=\"NOT IS NOT\" \/>\n<meta property=\"article:publisher\" content=\"https:\/\/www.facebook.com\/notisnotofficial\/\" \/>\n<meta property=\"article:modified_time\" content=\"2025-12-01T17:06:43+00:00\" \/>\n<meta property=\"og:image\" content=\"http:\/\/notisnot.com\/wp-content\/uploads\/2025\/02\/Pantalon-Charter-de-alta-visibilidad-para-hombre.png\" \/>\n\t<meta property=\"og:image:width\" content=\"911\" \/>\n\t<meta property=\"og:image:height\" content=\"907\" \/>\n\t<meta property=\"og:image:type\" content=\"image\/png\" \/>\n<meta name=\"twitter:card\" content=\"summary_large_image\" \/>\n<meta name=\"twitter:label1\" content=\"Tiempo de lectura\" \/>\n\t<meta name=\"twitter:data1\" content=\"2 minutos\" \/>\n<script type=\"application\/ld+json\" class=\"yoast-schema-graph\">{\"@context\":\"https:\/\/schema.org\",\"@graph\":[{\"@type\":\"WebPage\",\"@id\":\"http:\/\/notisnot.com\/tienda\/ropa-laboral\/ropa-de-alta-visibilidad\/pantalon-de-alta-visibilidad-para-hombre\/\",\"url\":\"http:\/\/notisnot.com\/tienda\/ropa-laboral\/ropa-de-alta-visibilidad\/pantalon-de-alta-visibilidad-para-hombre\/\",\"name\":\"Pantal\u00f3n Charter de alta visibilidad para hombre - NOT IS NOT\",\"isPartOf\":{\"@id\":\"http:\/\/notisnot.com\/#website\"},\"primaryImageOfPage\":{\"@id\":\"http:\/\/notisnot.com\/tienda\/ropa-laboral\/ropa-de-alta-visibilidad\/pantalon-de-alta-visibilidad-para-hombre\/#primaryimage\"},\"image\":{\"@id\":\"http:\/\/notisnot.com\/tienda\/ropa-laboral\/ropa-de-alta-visibilidad\/pantalon-de-alta-visibilidad-para-hombre\/#primaryimage\"},\"thumbnailUrl\":\"http:\/\/notisnot.com\/wp-content\/uploads\/2025\/02\/Pantalon-Charter-de-alta-visibilidad-para-hombre.png\",\"datePublished\":\"2025-02-19T11:29:22+00:00\",\"dateModified\":\"2025-12-01T17:06:43+00:00\",\"breadcrumb\":{\"@id\":\"http:\/\/notisnot.com\/tienda\/ropa-laboral\/ropa-de-alta-visibilidad\/pantalon-de-alta-visibilidad-para-hombre\/#breadcrumb\"},\"inLanguage\":\"es\",\"potentialAction\":[{\"@type\":\"ReadAction\",\"target\":[\"http:\/\/notisnot.com\/tienda\/ropa-laboral\/ropa-de-alta-visibilidad\/pantalon-de-alta-visibilidad-para-hombre\/\"]}]},{\"@type\":\"ImageObject\",\"inLanguage\":\"es\",\"@id\":\"http:\/\/notisnot.com\/tienda\/ropa-laboral\/ropa-de-alta-visibilidad\/pantalon-de-alta-visibilidad-para-hombre\/#primaryimage\",\"url\":\"http:\/\/notisnot.com\/wp-content\/uploads\/2025\/02\/Pantalon-Charter-de-alta-visibilidad-para-hombre.png\",\"contentUrl\":\"http:\/\/notisnot.com\/wp-content\/uploads\/2025\/02\/Pantalon-Charter-de-alta-visibilidad-para-hombre.png\",\"width\":911,\"height\":907},{\"@type\":\"BreadcrumbList\",\"@id\":\"http:\/\/notisnot.com\/tienda\/ropa-laboral\/ropa-de-alta-visibilidad\/pantalon-de-alta-visibilidad-para-hombre\/#breadcrumb\",\"itemListElement\":[{\"@type\":\"ListItem\",\"position\":1,\"name\":\"Home\",\"item\":\"http:\/\/notisnot.com\/\"},{\"@type\":\"ListItem\",\"position\":2,\"name\":\"Tienda\",\"item\":\"https:\/\/notisnot.com\/es\/tienda-woocomerce\/\"},{\"@type\":\"ListItem\",\"position\":3,\"name\":\"Pantal\u00f3n Charter de alta visibilidad para hombre\"}]},{\"@type\":\"WebSite\",\"@id\":\"http:\/\/notisnot.com\/#website\",\"url\":\"http:\/\/notisnot.com\/\",\"name\":\"NOT IS NOT\",\"description\":\"\",\"potentialAction\":[{\"@type\":\"SearchAction\",\"target\":{\"@type\":\"EntryPoint\",\"urlTemplate\":\"http:\/\/notisnot.com\/?s={search_term_string}\"},\"query-input\":{\"@type\":\"PropertyValueSpecification\",\"valueRequired\":true,\"valueName\":\"search_term_string\"}}],\"inLanguage\":\"es\"}]}<\/script>\n<!-- \/ Yoast SEO plugin. -->","yoast_head_json":{"title":"Pantal\u00f3n Charter de alta visibilidad para hombre - NOT IS NOT","robots":{"index":"index","follow":"follow","max-snippet":"max-snippet:-1","max-image-preview":"max-image-preview:large","max-video-preview":"max-video-preview:-1"},"canonical":"http:\/\/notisnot.com\/es\/tienda\/ropa-laboral\/ropa-de-alta-visibilidad\/pantalon-de-alta-visibilidad-para-hombre\/","og_locale":"es_ES","og_type":"article","og_title":"Pantal\u00f3n Charter de alta visibilidad para hombre - NOT IS NOT","og_description":"Pantal\u00f3n de alta visibilidad y dos tonalidades para todo el a\u00f1o para hombre con bandas reflectantes, lateral el\u00e1stico y trabillas en la cintura. Cierre con cremallera y bot\u00f3n de pl\u00e1stico, dos bolsillos delanteros cl\u00e1sicos, un bolsillo lateral LOCK SYSTEM, un bolsillo para cinta m\u00e9trica, dos bolsillos traseros, uno abierto y otro con solapa y velcro. Pespunte de contraste, triple costura en entrepierna y parte interior de la pernera.","og_url":"http:\/\/notisnot.com\/es\/tienda\/ropa-laboral\/ropa-de-alta-visibilidad\/pantalon-de-alta-visibilidad-para-hombre\/","og_site_name":"NOT IS NOT","article_publisher":"https:\/\/www.facebook.com\/notisnotofficial\/","article_modified_time":"2025-12-01T17:06:43+00:00","og_image":[{"width":911,"height":907,"url":"http:\/\/notisnot.com\/wp-content\/uploads\/2025\/02\/Pantalon-Charter-de-alta-visibilidad-para-hombre.png","type":"image\/png"}],"twitter_card":"summary_large_image","twitter_misc":{"Tiempo de lectura":"2 minutos"},"schema":{"@context":"https:\/\/schema.org","@graph":[{"@type":"WebPage","@id":"http:\/\/notisnot.com\/tienda\/ropa-laboral\/ropa-de-alta-visibilidad\/pantalon-de-alta-visibilidad-para-hombre\/","url":"http:\/\/notisnot.com\/tienda\/ropa-laboral\/ropa-de-alta-visibilidad\/pantalon-de-alta-visibilidad-para-hombre\/","name":"Pantal\u00f3n Charter de alta visibilidad para hombre - NOT IS NOT","isPartOf":{"@id":"http:\/\/notisnot.com\/#website"},"primaryImageOfPage":{"@id":"http:\/\/notisnot.com\/tienda\/ropa-laboral\/ropa-de-alta-visibilidad\/pantalon-de-alta-visibilidad-para-hombre\/#primaryimage"},"image":{"@id":"http:\/\/notisnot.com\/tienda\/ropa-laboral\/ropa-de-alta-visibilidad\/pantalon-de-alta-visibilidad-para-hombre\/#primaryimage"},"thumbnailUrl":"http:\/\/notisnot.com\/wp-content\/uploads\/2025\/02\/Pantalon-Charter-de-alta-visibilidad-para-hombre.png","datePublished":"2025-02-19T11:29:22+00:00","dateModified":"2025-12-01T17:06:43+00:00","breadcrumb":{"@id":"http:\/\/notisnot.com\/tienda\/ropa-laboral\/ropa-de-alta-visibilidad\/pantalon-de-alta-visibilidad-para-hombre\/#breadcrumb"},"inLanguage":"es","potentialAction":[{"@type":"ReadAction","target":["http:\/\/notisnot.com\/tienda\/ropa-laboral\/ropa-de-alta-visibilidad\/pantalon-de-alta-visibilidad-para-hombre\/"]}]},{"@type":"ImageObject","inLanguage":"es","@id":"http:\/\/notisnot.com\/tienda\/ropa-laboral\/ropa-de-alta-visibilidad\/pantalon-de-alta-visibilidad-para-hombre\/#primaryimage","url":"http:\/\/notisnot.com\/wp-content\/uploads\/2025\/02\/Pantalon-Charter-de-alta-visibilidad-para-hombre.png","contentUrl":"http:\/\/notisnot.com\/wp-content\/uploads\/2025\/02\/Pantalon-Charter-de-alta-visibilidad-para-hombre.png","width":911,"height":907},{"@type":"BreadcrumbList","@id":"http:\/\/notisnot.com\/tienda\/ropa-laboral\/ropa-de-alta-visibilidad\/pantalon-de-alta-visibilidad-para-hombre\/#breadcrumb","itemListElement":[{"@type":"ListItem","position":1,"name":"Home","item":"http:\/\/notisnot.com\/"},{"@type":"ListItem","position":2,"name":"Tienda","item":"https:\/\/notisnot.com\/es\/tienda-woocomerce\/"},{"@type":"ListItem","position":3,"name":"Pantal\u00f3n Charter de alta visibilidad para hombre"}]},{"@type":"WebSite","@id":"http:\/\/notisnot.com\/#website","url":"http:\/\/notisnot.com\/","name":"NOT IS NOT","description":"","potentialAction":[{"@type":"SearchAction","target":{"@type":"EntryPoint","urlTemplate":"http:\/\/notisnot.com\/?s={search_term_string}"},"query-input":{"@type":"PropertyValueSpecification","valueRequired":true,"valueName":"search_term_string"}}],"inLanguage":"es"}]}},"_links":{"self":[{"href":"http:\/\/notisnot.com\/es\/wp-json\/wp\/v2\/product\/299606"}],"collection":[{"href":"http:\/\/notisnot.com\/es\/wp-json\/wp\/v2\/product"}],"about":[{"href":"http:\/\/notisnot.com\/es\/wp-json\/wp\/v2\/types\/product"}],"replies":[{"embeddable":true,"href":"http:\/\/notisnot.com\/es\/wp-json\/wp\/v2\/comments?post=299606"}],"wp:featuredmedia":[{"embeddable":true,"href":"http:\/\/notisnot.com\/es\/wp-json\/wp\/v2\/media\/315553"}],"wp:attachment":[{"href":"http:\/\/notisnot.com\/es\/wp-json\/wp\/v2\/media?parent=299606"}],"wp:term":[{"taxonomy":"product_cat","embeddable":true,"href":"http:\/\/notisnot.com\/es\/wp-json\/wp\/v2\/product_cat?post=299606"},{"taxonomy":"product_tag","embeddable":true,"href":"http:\/\/notisnot.com\/es\/wp-json\/wp\/v2\/product_tag?post=299606"}],"curies":[{"name":"wp","href":"https:\/\/api.w.org\/{rel}","templated":true}]}}