{"id":298067,"date":"2025-02-17T10:19:52","date_gmt":"2025-02-17T10:19:52","guid":{"rendered":"https:\/\/notisnot.com\/?post_type=product&#038;p=298067"},"modified":"2026-02-10T18:19:28","modified_gmt":"2026-02-10T18:19:28","slug":"chaqueta-bicolor-para-hombre-de-alta-visibilidad","status":"publish","type":"product","link":"http:\/\/notisnot.com\/es\/tienda\/ropa-laboral\/ropa-de-alta-visibilidad\/chaqueta-bicolor-para-hombre-de-alta-visibilidad\/","title":{"rendered":"Chaqueta Hispeed bicolor para hombre de alta visibilidad"},"content":{"rendered":"<p><img loading=\"lazy\" decoding=\"async\" class=\"alignnone size-medium wp-image-298068\" src=\"https:\/\/notisnot.com\/wp-content\/uploads\/2025\/02\/Captura-de-pantalla-2025-02-17-104840-303x341.png\" alt=\"\" width=\"303\" height=\"341\" srcset=\"http:\/\/notisnot.com\/wp-content\/uploads\/2025\/02\/Captura-de-pantalla-2025-02-17-104840-303x341.png 303w, http:\/\/notisnot.com\/wp-content\/uploads\/2025\/02\/Captura-de-pantalla-2025-02-17-104840-505x568.png 505w, http:\/\/notisnot.com\/wp-content\/uploads\/2025\/02\/Captura-de-pantalla-2025-02-17-104840-768x864.png 768w, http:\/\/notisnot.com\/wp-content\/uploads\/2025\/02\/Captura-de-pantalla-2025-02-17-104840-11x12.png 11w, http:\/\/notisnot.com\/wp-content\/uploads\/2025\/02\/Captura-de-pantalla-2025-02-17-104840-18x20.png 18w, http:\/\/notisnot.com\/wp-content\/uploads\/2025\/02\/Captura-de-pantalla-2025-02-17-104840-600x675.png 600w, http:\/\/notisnot.com\/wp-content\/uploads\/2025\/02\/Captura-de-pantalla-2025-02-17-104840-91x102.png 91w, http:\/\/notisnot.com\/wp-content\/uploads\/2025\/02\/Captura-de-pantalla-2025-02-17-104840.png 819w\" sizes=\"(max-width: 303px) 100vw, 303px\" \/> <img loading=\"lazy\" decoding=\"async\" class=\"alignnone size-medium wp-image-298069\" src=\"https:\/\/notisnot.com\/wp-content\/uploads\/2025\/02\/Captura-de-pantalla-2025-02-17-104849-303x349.png\" alt=\"\" width=\"303\" height=\"349\" srcset=\"http:\/\/notisnot.com\/wp-content\/uploads\/2025\/02\/Captura-de-pantalla-2025-02-17-104849-303x349.png 303w, http:\/\/notisnot.com\/wp-content\/uploads\/2025\/02\/Captura-de-pantalla-2025-02-17-104849-505x581.png 505w, http:\/\/notisnot.com\/wp-content\/uploads\/2025\/02\/Captura-de-pantalla-2025-02-17-104849-768x883.png 768w, http:\/\/notisnot.com\/wp-content\/uploads\/2025\/02\/Captura-de-pantalla-2025-02-17-104849-10x12.png 10w, http:\/\/notisnot.com\/wp-content\/uploads\/2025\/02\/Captura-de-pantalla-2025-02-17-104849-17x20.png 17w, http:\/\/notisnot.com\/wp-content\/uploads\/2025\/02\/Captura-de-pantalla-2025-02-17-104849-600x690.png 600w, http:\/\/notisnot.com\/wp-content\/uploads\/2025\/02\/Captura-de-pantalla-2025-02-17-104849-91x105.png 91w, http:\/\/notisnot.com\/wp-content\/uploads\/2025\/02\/Captura-de-pantalla-2025-02-17-104849.png 792w\" sizes=\"(max-width: 303px) 100vw, 303px\" \/> <img loading=\"lazy\" decoding=\"async\" class=\"alignnone size-medium wp-image-298070\" src=\"https:\/\/notisnot.com\/wp-content\/uploads\/2025\/02\/Captura-de-pantalla-2025-02-17-104857-303x375.png\" alt=\"\" width=\"303\" height=\"375\" srcset=\"http:\/\/notisnot.com\/wp-content\/uploads\/2025\/02\/Captura-de-pantalla-2025-02-17-104857-303x375.png 303w, http:\/\/notisnot.com\/wp-content\/uploads\/2025\/02\/Captura-de-pantalla-2025-02-17-104857-505x625.png 505w, http:\/\/notisnot.com\/wp-content\/uploads\/2025\/02\/Captura-de-pantalla-2025-02-17-104857-10x12.png 10w, http:\/\/notisnot.com\/wp-content\/uploads\/2025\/02\/Captura-de-pantalla-2025-02-17-104857-16x20.png 16w, http:\/\/notisnot.com\/wp-content\/uploads\/2025\/02\/Captura-de-pantalla-2025-02-17-104857-600x743.png 600w, http:\/\/notisnot.com\/wp-content\/uploads\/2025\/02\/Captura-de-pantalla-2025-02-17-104857-91x113.png 91w, http:\/\/notisnot.com\/wp-content\/uploads\/2025\/02\/Captura-de-pantalla-2025-02-17-104857.png 734w\" sizes=\"(max-width: 303px) 100vw, 303px\" \/><\/p>","protected":false},"excerpt":{"rendered":"<p>Chaqueta bicolor para hombre de alta visibilidad con bandas retrorreflectantes, apertura con cremallera de pl\u00e1stico con cursor met\u00e1lico cubierta con tapeta y velcro, capucha escamoteable, mangas pegadas, pu\u00f1os el\u00e1sticos ajustables, dos bolsillos delanteros cubiertos con cremallera, un bolsillo en el pecho con soporte para tarjetas de identificaci\u00f3n cubierto con tapeta y velcro. Parte interior acolchada no extra\u00edble, con cuello y hombros de forro polar, un bolsillo interior. Costuras termoselladas.<\/p>","protected":false},"featured_media":298068,"comment_status":"open","ping_status":"closed","template":"","meta":{"_acf_changed":false},"product_cat":[462],"product_tag":[],"class_list":{"0":"post-298067","1":"product","2":"type-product","3":"status-publish","4":"has-post-thumbnail","6":"product_cat-ropa-de-alta-visibilidad","7":"pa_color-amarillo-fluorescente-azul-marino","8":"pa_color-amarillo-fluorescente-verde-gelatina","9":"pa_color-naranja-fluorescente-azul-marino","10":"pa_tallaropa-xs","11":"pa_tallaropa-s","12":"pa_tallaropa-m","13":"pa_tallaropa-l","14":"pa_tallaropa-xl","15":"pa_tallaropa-xxl","16":"pa_tallaropa-3xl","18":"first","19":"instock","20":"taxable","21":"shipping-taxable","22":"purchasable","23":"product-type-simple"},"acf":[],"yoast_head":"<!-- This site is optimized with the Yoast SEO plugin v23.4 - https:\/\/yoast.com\/wordpress\/plugins\/seo\/ -->\n<title>Chaqueta Hispeed bicolor para hombre de alta visibilidad - NOT IS NOT<\/title>\n<meta name=\"robots\" content=\"index, follow, max-snippet:-1, max-image-preview:large, max-video-preview:-1\" \/>\n<link rel=\"canonical\" href=\"http:\/\/notisnot.com\/es\/tienda\/ropa-laboral\/ropa-de-alta-visibilidad\/chaqueta-bicolor-para-hombre-de-alta-visibilidad\/\" \/>\n<meta property=\"og:locale\" content=\"es_ES\" \/>\n<meta property=\"og:type\" content=\"article\" \/>\n<meta property=\"og:title\" content=\"Chaqueta Hispeed bicolor para hombre de alta visibilidad - NOT IS NOT\" \/>\n<meta property=\"og:description\" content=\"Chaqueta bicolor para hombre de alta visibilidad con bandas retrorreflectantes, apertura con cremallera de pl\u00e1stico con cursor met\u00e1lico cubierta con tapeta y velcro, capucha escamoteable, mangas pegadas, pu\u00f1os el\u00e1sticos ajustables, dos bolsillos delanteros cubiertos con cremallera, un bolsillo en el pecho con soporte para tarjetas de identificaci\u00f3n cubierto con tapeta y velcro. Parte interior acolchada no extra\u00edble, con cuello y hombros de forro polar, un bolsillo interior. Costuras termoselladas.\" \/>\n<meta property=\"og:url\" content=\"http:\/\/notisnot.com\/es\/tienda\/ropa-laboral\/ropa-de-alta-visibilidad\/chaqueta-bicolor-para-hombre-de-alta-visibilidad\/\" \/>\n<meta property=\"og:site_name\" content=\"NOT IS NOT\" \/>\n<meta property=\"article:publisher\" content=\"https:\/\/www.facebook.com\/notisnotofficial\/\" \/>\n<meta property=\"article:modified_time\" content=\"2026-02-10T18:19:28+00:00\" \/>\n<meta property=\"og:image\" content=\"http:\/\/notisnot.com\/wp-content\/uploads\/2025\/02\/Captura-de-pantalla-2025-02-17-104840.png\" \/>\n\t<meta property=\"og:image:width\" content=\"819\" \/>\n\t<meta property=\"og:image:height\" content=\"921\" \/>\n\t<meta property=\"og:image:type\" content=\"image\/png\" \/>\n<meta name=\"twitter:card\" content=\"summary_large_image\" \/>\n<meta name=\"twitter:label1\" content=\"Tiempo de lectura\" \/>\n\t<meta name=\"twitter:data1\" content=\"1 minuto\" \/>\n<script type=\"application\/ld+json\" class=\"yoast-schema-graph\">{\"@context\":\"https:\/\/schema.org\",\"@graph\":[{\"@type\":\"WebPage\",\"@id\":\"http:\/\/notisnot.com\/es\/tienda\/ropa-laboral\/ropa-de-alta-visibilidad\/chaqueta-bicolor-para-hombre-de-alta-visibilidad\/\",\"url\":\"http:\/\/notisnot.com\/es\/tienda\/ropa-laboral\/ropa-de-alta-visibilidad\/chaqueta-bicolor-para-hombre-de-alta-visibilidad\/\",\"name\":\"Chaqueta Hispeed bicolor para hombre de alta visibilidad - NOT IS NOT\",\"isPartOf\":{\"@id\":\"https:\/\/notisnot.com\/#website\"},\"primaryImageOfPage\":{\"@id\":\"http:\/\/notisnot.com\/es\/tienda\/ropa-laboral\/ropa-de-alta-visibilidad\/chaqueta-bicolor-para-hombre-de-alta-visibilidad\/#primaryimage\"},\"image\":{\"@id\":\"http:\/\/notisnot.com\/es\/tienda\/ropa-laboral\/ropa-de-alta-visibilidad\/chaqueta-bicolor-para-hombre-de-alta-visibilidad\/#primaryimage\"},\"thumbnailUrl\":\"http:\/\/notisnot.com\/wp-content\/uploads\/2025\/02\/Captura-de-pantalla-2025-02-17-104840.png\",\"datePublished\":\"2025-02-17T10:19:52+00:00\",\"dateModified\":\"2026-02-10T18:19:28+00:00\",\"breadcrumb\":{\"@id\":\"http:\/\/notisnot.com\/es\/tienda\/ropa-laboral\/ropa-de-alta-visibilidad\/chaqueta-bicolor-para-hombre-de-alta-visibilidad\/#breadcrumb\"},\"inLanguage\":\"es\",\"potentialAction\":[{\"@type\":\"ReadAction\",\"target\":[\"http:\/\/notisnot.com\/es\/tienda\/ropa-laboral\/ropa-de-alta-visibilidad\/chaqueta-bicolor-para-hombre-de-alta-visibilidad\/\"]}]},{\"@type\":\"ImageObject\",\"inLanguage\":\"es\",\"@id\":\"http:\/\/notisnot.com\/es\/tienda\/ropa-laboral\/ropa-de-alta-visibilidad\/chaqueta-bicolor-para-hombre-de-alta-visibilidad\/#primaryimage\",\"url\":\"http:\/\/notisnot.com\/wp-content\/uploads\/2025\/02\/Captura-de-pantalla-2025-02-17-104840.png\",\"contentUrl\":\"http:\/\/notisnot.com\/wp-content\/uploads\/2025\/02\/Captura-de-pantalla-2025-02-17-104840.png\",\"width\":819,\"height\":921},{\"@type\":\"BreadcrumbList\",\"@id\":\"http:\/\/notisnot.com\/es\/tienda\/ropa-laboral\/ropa-de-alta-visibilidad\/chaqueta-bicolor-para-hombre-de-alta-visibilidad\/#breadcrumb\",\"itemListElement\":[{\"@type\":\"ListItem\",\"position\":1,\"name\":\"Home\",\"item\":\"https:\/\/notisnot.com\/\"},{\"@type\":\"ListItem\",\"position\":2,\"name\":\"Tienda\",\"item\":\"https:\/\/notisnot.com\/es\/tienda-woocomerce\/\"},{\"@type\":\"ListItem\",\"position\":3,\"name\":\"Chaqueta Hispeed bicolor para hombre de alta visibilidad\"}]},{\"@type\":\"WebSite\",\"@id\":\"https:\/\/notisnot.com\/#website\",\"url\":\"https:\/\/notisnot.com\/\",\"name\":\"NOT IS NOT\",\"description\":\"\",\"potentialAction\":[{\"@type\":\"SearchAction\",\"target\":{\"@type\":\"EntryPoint\",\"urlTemplate\":\"https:\/\/notisnot.com\/?s={search_term_string}\"},\"query-input\":{\"@type\":\"PropertyValueSpecification\",\"valueRequired\":true,\"valueName\":\"search_term_string\"}}],\"inLanguage\":\"es\"}]}<\/script>\n<!-- \/ Yoast SEO plugin. -->","yoast_head_json":{"title":"Chaqueta Hispeed bicolor para hombre de alta visibilidad - NOT IS NOT","robots":{"index":"index","follow":"follow","max-snippet":"max-snippet:-1","max-image-preview":"max-image-preview:large","max-video-preview":"max-video-preview:-1"},"canonical":"http:\/\/notisnot.com\/es\/tienda\/ropa-laboral\/ropa-de-alta-visibilidad\/chaqueta-bicolor-para-hombre-de-alta-visibilidad\/","og_locale":"es_ES","og_type":"article","og_title":"Chaqueta Hispeed bicolor para hombre de alta visibilidad - NOT IS NOT","og_description":"Chaqueta bicolor para hombre de alta visibilidad con bandas retrorreflectantes, apertura con cremallera de pl\u00e1stico con cursor met\u00e1lico cubierta con tapeta y velcro, capucha escamoteable, mangas pegadas, pu\u00f1os el\u00e1sticos ajustables, dos bolsillos delanteros cubiertos con cremallera, un bolsillo en el pecho con soporte para tarjetas de identificaci\u00f3n cubierto con tapeta y velcro. Parte interior acolchada no extra\u00edble, con cuello y hombros de forro polar, un bolsillo interior. Costuras termoselladas.","og_url":"http:\/\/notisnot.com\/es\/tienda\/ropa-laboral\/ropa-de-alta-visibilidad\/chaqueta-bicolor-para-hombre-de-alta-visibilidad\/","og_site_name":"NOT IS NOT","article_publisher":"https:\/\/www.facebook.com\/notisnotofficial\/","article_modified_time":"2026-02-10T18:19:28+00:00","og_image":[{"width":819,"height":921,"url":"http:\/\/notisnot.com\/wp-content\/uploads\/2025\/02\/Captura-de-pantalla-2025-02-17-104840.png","type":"image\/png"}],"twitter_card":"summary_large_image","twitter_misc":{"Tiempo de lectura":"1 minuto"},"schema":{"@context":"https:\/\/schema.org","@graph":[{"@type":"WebPage","@id":"http:\/\/notisnot.com\/es\/tienda\/ropa-laboral\/ropa-de-alta-visibilidad\/chaqueta-bicolor-para-hombre-de-alta-visibilidad\/","url":"http:\/\/notisnot.com\/es\/tienda\/ropa-laboral\/ropa-de-alta-visibilidad\/chaqueta-bicolor-para-hombre-de-alta-visibilidad\/","name":"Chaqueta Hispeed bicolor para hombre de alta visibilidad - NOT IS NOT","isPartOf":{"@id":"https:\/\/notisnot.com\/#website"},"primaryImageOfPage":{"@id":"http:\/\/notisnot.com\/es\/tienda\/ropa-laboral\/ropa-de-alta-visibilidad\/chaqueta-bicolor-para-hombre-de-alta-visibilidad\/#primaryimage"},"image":{"@id":"http:\/\/notisnot.com\/es\/tienda\/ropa-laboral\/ropa-de-alta-visibilidad\/chaqueta-bicolor-para-hombre-de-alta-visibilidad\/#primaryimage"},"thumbnailUrl":"http:\/\/notisnot.com\/wp-content\/uploads\/2025\/02\/Captura-de-pantalla-2025-02-17-104840.png","datePublished":"2025-02-17T10:19:52+00:00","dateModified":"2026-02-10T18:19:28+00:00","breadcrumb":{"@id":"http:\/\/notisnot.com\/es\/tienda\/ropa-laboral\/ropa-de-alta-visibilidad\/chaqueta-bicolor-para-hombre-de-alta-visibilidad\/#breadcrumb"},"inLanguage":"es","potentialAction":[{"@type":"ReadAction","target":["http:\/\/notisnot.com\/es\/tienda\/ropa-laboral\/ropa-de-alta-visibilidad\/chaqueta-bicolor-para-hombre-de-alta-visibilidad\/"]}]},{"@type":"ImageObject","inLanguage":"es","@id":"http:\/\/notisnot.com\/es\/tienda\/ropa-laboral\/ropa-de-alta-visibilidad\/chaqueta-bicolor-para-hombre-de-alta-visibilidad\/#primaryimage","url":"http:\/\/notisnot.com\/wp-content\/uploads\/2025\/02\/Captura-de-pantalla-2025-02-17-104840.png","contentUrl":"http:\/\/notisnot.com\/wp-content\/uploads\/2025\/02\/Captura-de-pantalla-2025-02-17-104840.png","width":819,"height":921},{"@type":"BreadcrumbList","@id":"http:\/\/notisnot.com\/es\/tienda\/ropa-laboral\/ropa-de-alta-visibilidad\/chaqueta-bicolor-para-hombre-de-alta-visibilidad\/#breadcrumb","itemListElement":[{"@type":"ListItem","position":1,"name":"Home","item":"https:\/\/notisnot.com\/"},{"@type":"ListItem","position":2,"name":"Tienda","item":"https:\/\/notisnot.com\/es\/tienda-woocomerce\/"},{"@type":"ListItem","position":3,"name":"Chaqueta Hispeed bicolor para hombre de alta visibilidad"}]},{"@type":"WebSite","@id":"https:\/\/notisnot.com\/#website","url":"https:\/\/notisnot.com\/","name":"NOT IS NOT","description":"","potentialAction":[{"@type":"SearchAction","target":{"@type":"EntryPoint","urlTemplate":"https:\/\/notisnot.com\/?s={search_term_string}"},"query-input":{"@type":"PropertyValueSpecification","valueRequired":true,"valueName":"search_term_string"}}],"inLanguage":"es"}]}},"_links":{"self":[{"href":"http:\/\/notisnot.com\/es\/wp-json\/wp\/v2\/product\/298067"}],"collection":[{"href":"http:\/\/notisnot.com\/es\/wp-json\/wp\/v2\/product"}],"about":[{"href":"http:\/\/notisnot.com\/es\/wp-json\/wp\/v2\/types\/product"}],"replies":[{"embeddable":true,"href":"http:\/\/notisnot.com\/es\/wp-json\/wp\/v2\/comments?post=298067"}],"wp:featuredmedia":[{"embeddable":true,"href":"http:\/\/notisnot.com\/es\/wp-json\/wp\/v2\/media\/298068"}],"wp:attachment":[{"href":"http:\/\/notisnot.com\/es\/wp-json\/wp\/v2\/media?parent=298067"}],"wp:term":[{"taxonomy":"product_cat","embeddable":true,"href":"http:\/\/notisnot.com\/es\/wp-json\/wp\/v2\/product_cat?post=298067"},{"taxonomy":"product_tag","embeddable":true,"href":"http:\/\/notisnot.com\/es\/wp-json\/wp\/v2\/product_tag?post=298067"}],"curies":[{"name":"wp","href":"https:\/\/api.w.org\/{rel}","templated":true}]}}