{"id":297693,"date":"2025-02-17T09:47:27","date_gmt":"2025-02-17T09:47:27","guid":{"rendered":"https:\/\/notisnot.com\/?post_type=product&#038;p=297693"},"modified":"2025-05-20T10:58:36","modified_gmt":"2025-05-20T10:58:36","slug":"chaqueta-safe-hi-vi","status":"publish","type":"product","link":"http:\/\/notisnot.com\/es\/tienda\/ropa-laboral\/ropa-de-alta-visibilidad\/chaqueta-safe-hi-vi\/","title":{"rendered":"Chaqueta Safe hi-vi"},"content":{"rendered":"<p><img loading=\"lazy\" decoding=\"async\" class=\"alignnone size-medium wp-image-297694\" src=\"https:\/\/notisnot.com\/wp-content\/uploads\/2025\/02\/Captura-de-pantalla-2025-02-17-104325-303x339.png\" alt=\"\" width=\"303\" height=\"339\" srcset=\"http:\/\/notisnot.com\/wp-content\/uploads\/2025\/02\/Captura-de-pantalla-2025-02-17-104325-303x339.png 303w, http:\/\/notisnot.com\/wp-content\/uploads\/2025\/02\/Captura-de-pantalla-2025-02-17-104325-505x565.png 505w, http:\/\/notisnot.com\/wp-content\/uploads\/2025\/02\/Captura-de-pantalla-2025-02-17-104325-768x860.png 768w, http:\/\/notisnot.com\/wp-content\/uploads\/2025\/02\/Captura-de-pantalla-2025-02-17-104325-11x12.png 11w, http:\/\/notisnot.com\/wp-content\/uploads\/2025\/02\/Captura-de-pantalla-2025-02-17-104325-18x20.png 18w, http:\/\/notisnot.com\/wp-content\/uploads\/2025\/02\/Captura-de-pantalla-2025-02-17-104325-600x672.png 600w, http:\/\/notisnot.com\/wp-content\/uploads\/2025\/02\/Captura-de-pantalla-2025-02-17-104325-91x102.png 91w, http:\/\/notisnot.com\/wp-content\/uploads\/2025\/02\/Captura-de-pantalla-2025-02-17-104325.png 778w\" sizes=\"(max-width: 303px) 100vw, 303px\" \/> <img loading=\"lazy\" decoding=\"async\" class=\"alignnone size-medium wp-image-297695\" src=\"https:\/\/notisnot.com\/wp-content\/uploads\/2025\/02\/Captura-de-pantalla-2025-02-17-104331-303x352.png\" alt=\"\" width=\"303\" height=\"352\" srcset=\"http:\/\/notisnot.com\/wp-content\/uploads\/2025\/02\/Captura-de-pantalla-2025-02-17-104331-303x352.png 303w, http:\/\/notisnot.com\/wp-content\/uploads\/2025\/02\/Captura-de-pantalla-2025-02-17-104331-505x586.png 505w, http:\/\/notisnot.com\/wp-content\/uploads\/2025\/02\/Captura-de-pantalla-2025-02-17-104331-768x891.png 768w, http:\/\/notisnot.com\/wp-content\/uploads\/2025\/02\/Captura-de-pantalla-2025-02-17-104331-10x12.png 10w, http:\/\/notisnot.com\/wp-content\/uploads\/2025\/02\/Captura-de-pantalla-2025-02-17-104331-17x20.png 17w, http:\/\/notisnot.com\/wp-content\/uploads\/2025\/02\/Captura-de-pantalla-2025-02-17-104331-600x696.png 600w, http:\/\/notisnot.com\/wp-content\/uploads\/2025\/02\/Captura-de-pantalla-2025-02-17-104331-91x106.png 91w, http:\/\/notisnot.com\/wp-content\/uploads\/2025\/02\/Captura-de-pantalla-2025-02-17-104331.png 799w\" sizes=\"(max-width: 303px) 100vw, 303px\" \/> <img loading=\"lazy\" decoding=\"async\" class=\"alignnone size-medium wp-image-297696\" src=\"https:\/\/notisnot.com\/wp-content\/uploads\/2025\/02\/Captura-de-pantalla-2025-02-17-104344-303x342.png\" alt=\"\" width=\"303\" height=\"342\" srcset=\"http:\/\/notisnot.com\/wp-content\/uploads\/2025\/02\/Captura-de-pantalla-2025-02-17-104344-303x342.png 303w, http:\/\/notisnot.com\/wp-content\/uploads\/2025\/02\/Captura-de-pantalla-2025-02-17-104344-505x570.png 505w, http:\/\/notisnot.com\/wp-content\/uploads\/2025\/02\/Captura-de-pantalla-2025-02-17-104344-11x12.png 11w, http:\/\/notisnot.com\/wp-content\/uploads\/2025\/02\/Captura-de-pantalla-2025-02-17-104344-18x20.png 18w, http:\/\/notisnot.com\/wp-content\/uploads\/2025\/02\/Captura-de-pantalla-2025-02-17-104344-600x678.png 600w, http:\/\/notisnot.com\/wp-content\/uploads\/2025\/02\/Captura-de-pantalla-2025-02-17-104344-91x103.png 91w, http:\/\/notisnot.com\/wp-content\/uploads\/2025\/02\/Captura-de-pantalla-2025-02-17-104344.png 757w\" sizes=\"(max-width: 303px) 100vw, 303px\" \/><\/p>","protected":false},"excerpt":{"rendered":"<p>Chaqueta no acolchada, cierre delantero con botones de pl\u00e1stico y tapeta de cobertura, cierre de los pu\u00f1os con bot\u00f3n, cintura ajustable con velcro. Pespuntes de contraste, soporte para tel\u00e9fono m\u00f3vil, soporte para tarjeta de identificaci\u00f3n extra\u00edble y soporte para bol\u00edgrafos en el bolsillo a la altura del pecho con tapeta y velcro. Corte estilizado tipo vaquero. Interior sin forrar.<\/p>","protected":false},"featured_media":297694,"comment_status":"open","ping_status":"closed","template":"","meta":{"_acf_changed":false},"product_cat":[462],"product_tag":[],"class_list":{"0":"post-297693","1":"product","2":"type-product","3":"status-publish","4":"has-post-thumbnail","6":"product_cat-ropa-de-alta-visibilidad","7":"pa_color-amarillo-fluorescente-azul-marino","8":"pa_color-amarillo-fluorescente-verde-gelatina","9":"pa_color-naranja-fluorescente-azul-marino","10":"pa_tallaropa-xs","11":"pa_tallaropa-s","12":"pa_tallaropa-m","13":"pa_tallaropa-l","14":"pa_tallaropa-xl","15":"pa_tallaropa-xxl","16":"pa_tallaropa-3xl","18":"first","19":"instock","20":"taxable","21":"shipping-taxable","22":"purchasable","23":"product-type-variable"},"acf":[],"yoast_head":"<!-- This site is optimized with the Yoast SEO plugin v23.4 - https:\/\/yoast.com\/wordpress\/plugins\/seo\/ -->\n<title>Chaqueta Safe hi-vi - NOT IS NOT<\/title>\n<meta name=\"robots\" content=\"index, follow, max-snippet:-1, max-image-preview:large, max-video-preview:-1\" \/>\n<link rel=\"canonical\" href=\"http:\/\/notisnot.com\/es\/tienda\/ropa-laboral\/ropa-de-alta-visibilidad\/chaqueta-safe-hi-vi\/\" \/>\n<meta property=\"og:locale\" content=\"es_ES\" \/>\n<meta property=\"og:type\" content=\"article\" \/>\n<meta property=\"og:title\" content=\"Chaqueta Safe hi-vi - NOT IS NOT\" \/>\n<meta property=\"og:description\" content=\"Chaqueta no acolchada, cierre delantero con botones de pl\u00e1stico y tapeta de cobertura, cierre de los pu\u00f1os con bot\u00f3n, cintura ajustable con velcro. Pespuntes de contraste, soporte para tel\u00e9fono m\u00f3vil, soporte para tarjeta de identificaci\u00f3n extra\u00edble y soporte para bol\u00edgrafos en el bolsillo a la altura del pecho con tapeta y velcro. Corte estilizado tipo vaquero. Interior sin forrar.\" \/>\n<meta property=\"og:url\" content=\"http:\/\/notisnot.com\/es\/tienda\/ropa-laboral\/ropa-de-alta-visibilidad\/chaqueta-safe-hi-vi\/\" \/>\n<meta property=\"og:site_name\" content=\"NOT IS NOT\" \/>\n<meta property=\"article:publisher\" content=\"https:\/\/www.facebook.com\/notisnotofficial\/\" \/>\n<meta property=\"article:modified_time\" content=\"2025-05-20T10:58:36+00:00\" \/>\n<meta property=\"og:image\" content=\"http:\/\/notisnot.com\/wp-content\/uploads\/2025\/02\/Captura-de-pantalla-2025-02-17-104325.png\" \/>\n\t<meta property=\"og:image:width\" content=\"778\" \/>\n\t<meta property=\"og:image:height\" content=\"871\" \/>\n\t<meta property=\"og:image:type\" content=\"image\/png\" \/>\n<meta name=\"twitter:card\" content=\"summary_large_image\" \/>\n<meta name=\"twitter:label1\" content=\"Tiempo de lectura\" \/>\n\t<meta name=\"twitter:data1\" content=\"1 minuto\" \/>\n<script type=\"application\/ld+json\" class=\"yoast-schema-graph\">{\"@context\":\"https:\/\/schema.org\",\"@graph\":[{\"@type\":\"WebPage\",\"@id\":\"http:\/\/notisnot.com\/es\/tienda\/ropa-laboral\/ropa-de-alta-visibilidad\/chaqueta-safe-hi-vi\/\",\"url\":\"http:\/\/notisnot.com\/es\/tienda\/ropa-laboral\/ropa-de-alta-visibilidad\/chaqueta-safe-hi-vi\/\",\"name\":\"Chaqueta Safe hi-vi - NOT IS NOT\",\"isPartOf\":{\"@id\":\"https:\/\/notisnot.com\/#website\"},\"primaryImageOfPage\":{\"@id\":\"http:\/\/notisnot.com\/es\/tienda\/ropa-laboral\/ropa-de-alta-visibilidad\/chaqueta-safe-hi-vi\/#primaryimage\"},\"image\":{\"@id\":\"http:\/\/notisnot.com\/es\/tienda\/ropa-laboral\/ropa-de-alta-visibilidad\/chaqueta-safe-hi-vi\/#primaryimage\"},\"thumbnailUrl\":\"http:\/\/notisnot.com\/wp-content\/uploads\/2025\/02\/Captura-de-pantalla-2025-02-17-104325.png\",\"datePublished\":\"2025-02-17T09:47:27+00:00\",\"dateModified\":\"2025-05-20T10:58:36+00:00\",\"breadcrumb\":{\"@id\":\"http:\/\/notisnot.com\/es\/tienda\/ropa-laboral\/ropa-de-alta-visibilidad\/chaqueta-safe-hi-vi\/#breadcrumb\"},\"inLanguage\":\"es\",\"potentialAction\":[{\"@type\":\"ReadAction\",\"target\":[\"http:\/\/notisnot.com\/es\/tienda\/ropa-laboral\/ropa-de-alta-visibilidad\/chaqueta-safe-hi-vi\/\"]}]},{\"@type\":\"ImageObject\",\"inLanguage\":\"es\",\"@id\":\"http:\/\/notisnot.com\/es\/tienda\/ropa-laboral\/ropa-de-alta-visibilidad\/chaqueta-safe-hi-vi\/#primaryimage\",\"url\":\"http:\/\/notisnot.com\/wp-content\/uploads\/2025\/02\/Captura-de-pantalla-2025-02-17-104325.png\",\"contentUrl\":\"http:\/\/notisnot.com\/wp-content\/uploads\/2025\/02\/Captura-de-pantalla-2025-02-17-104325.png\",\"width\":778,\"height\":871},{\"@type\":\"BreadcrumbList\",\"@id\":\"http:\/\/notisnot.com\/es\/tienda\/ropa-laboral\/ropa-de-alta-visibilidad\/chaqueta-safe-hi-vi\/#breadcrumb\",\"itemListElement\":[{\"@type\":\"ListItem\",\"position\":1,\"name\":\"Home\",\"item\":\"https:\/\/notisnot.com\/\"},{\"@type\":\"ListItem\",\"position\":2,\"name\":\"Tienda\",\"item\":\"https:\/\/notisnot.com\/tienda-woocomerce\/\"},{\"@type\":\"ListItem\",\"position\":3,\"name\":\"Chaqueta Safe hi-vi\"}]},{\"@type\":\"WebSite\",\"@id\":\"https:\/\/notisnot.com\/#website\",\"url\":\"https:\/\/notisnot.com\/\",\"name\":\"NOT IS NOT\",\"description\":\"\",\"potentialAction\":[{\"@type\":\"SearchAction\",\"target\":{\"@type\":\"EntryPoint\",\"urlTemplate\":\"https:\/\/notisnot.com\/?s={search_term_string}\"},\"query-input\":{\"@type\":\"PropertyValueSpecification\",\"valueRequired\":true,\"valueName\":\"search_term_string\"}}],\"inLanguage\":\"es\"}]}<\/script>\n<!-- \/ Yoast SEO plugin. -->","yoast_head_json":{"title":"Chaqueta Safe hi-vi - NOT IS NOT","robots":{"index":"index","follow":"follow","max-snippet":"max-snippet:-1","max-image-preview":"max-image-preview:large","max-video-preview":"max-video-preview:-1"},"canonical":"http:\/\/notisnot.com\/es\/tienda\/ropa-laboral\/ropa-de-alta-visibilidad\/chaqueta-safe-hi-vi\/","og_locale":"es_ES","og_type":"article","og_title":"Chaqueta Safe hi-vi - NOT IS NOT","og_description":"Chaqueta no acolchada, cierre delantero con botones de pl\u00e1stico y tapeta de cobertura, cierre de los pu\u00f1os con bot\u00f3n, cintura ajustable con velcro. Pespuntes de contraste, soporte para tel\u00e9fono m\u00f3vil, soporte para tarjeta de identificaci\u00f3n extra\u00edble y soporte para bol\u00edgrafos en el bolsillo a la altura del pecho con tapeta y velcro. Corte estilizado tipo vaquero. Interior sin forrar.","og_url":"http:\/\/notisnot.com\/es\/tienda\/ropa-laboral\/ropa-de-alta-visibilidad\/chaqueta-safe-hi-vi\/","og_site_name":"NOT IS NOT","article_publisher":"https:\/\/www.facebook.com\/notisnotofficial\/","article_modified_time":"2025-05-20T10:58:36+00:00","og_image":[{"width":778,"height":871,"url":"http:\/\/notisnot.com\/wp-content\/uploads\/2025\/02\/Captura-de-pantalla-2025-02-17-104325.png","type":"image\/png"}],"twitter_card":"summary_large_image","twitter_misc":{"Tiempo de lectura":"1 minuto"},"schema":{"@context":"https:\/\/schema.org","@graph":[{"@type":"WebPage","@id":"http:\/\/notisnot.com\/es\/tienda\/ropa-laboral\/ropa-de-alta-visibilidad\/chaqueta-safe-hi-vi\/","url":"http:\/\/notisnot.com\/es\/tienda\/ropa-laboral\/ropa-de-alta-visibilidad\/chaqueta-safe-hi-vi\/","name":"Chaqueta Safe hi-vi - NOT IS NOT","isPartOf":{"@id":"https:\/\/notisnot.com\/#website"},"primaryImageOfPage":{"@id":"http:\/\/notisnot.com\/es\/tienda\/ropa-laboral\/ropa-de-alta-visibilidad\/chaqueta-safe-hi-vi\/#primaryimage"},"image":{"@id":"http:\/\/notisnot.com\/es\/tienda\/ropa-laboral\/ropa-de-alta-visibilidad\/chaqueta-safe-hi-vi\/#primaryimage"},"thumbnailUrl":"http:\/\/notisnot.com\/wp-content\/uploads\/2025\/02\/Captura-de-pantalla-2025-02-17-104325.png","datePublished":"2025-02-17T09:47:27+00:00","dateModified":"2025-05-20T10:58:36+00:00","breadcrumb":{"@id":"http:\/\/notisnot.com\/es\/tienda\/ropa-laboral\/ropa-de-alta-visibilidad\/chaqueta-safe-hi-vi\/#breadcrumb"},"inLanguage":"es","potentialAction":[{"@type":"ReadAction","target":["http:\/\/notisnot.com\/es\/tienda\/ropa-laboral\/ropa-de-alta-visibilidad\/chaqueta-safe-hi-vi\/"]}]},{"@type":"ImageObject","inLanguage":"es","@id":"http:\/\/notisnot.com\/es\/tienda\/ropa-laboral\/ropa-de-alta-visibilidad\/chaqueta-safe-hi-vi\/#primaryimage","url":"http:\/\/notisnot.com\/wp-content\/uploads\/2025\/02\/Captura-de-pantalla-2025-02-17-104325.png","contentUrl":"http:\/\/notisnot.com\/wp-content\/uploads\/2025\/02\/Captura-de-pantalla-2025-02-17-104325.png","width":778,"height":871},{"@type":"BreadcrumbList","@id":"http:\/\/notisnot.com\/es\/tienda\/ropa-laboral\/ropa-de-alta-visibilidad\/chaqueta-safe-hi-vi\/#breadcrumb","itemListElement":[{"@type":"ListItem","position":1,"name":"Home","item":"https:\/\/notisnot.com\/"},{"@type":"ListItem","position":2,"name":"Tienda","item":"https:\/\/notisnot.com\/tienda-woocomerce\/"},{"@type":"ListItem","position":3,"name":"Chaqueta Safe hi-vi"}]},{"@type":"WebSite","@id":"https:\/\/notisnot.com\/#website","url":"https:\/\/notisnot.com\/","name":"NOT IS NOT","description":"","potentialAction":[{"@type":"SearchAction","target":{"@type":"EntryPoint","urlTemplate":"https:\/\/notisnot.com\/?s={search_term_string}"},"query-input":{"@type":"PropertyValueSpecification","valueRequired":true,"valueName":"search_term_string"}}],"inLanguage":"es"}]}},"_links":{"self":[{"href":"http:\/\/notisnot.com\/es\/wp-json\/wp\/v2\/product\/297693"}],"collection":[{"href":"http:\/\/notisnot.com\/es\/wp-json\/wp\/v2\/product"}],"about":[{"href":"http:\/\/notisnot.com\/es\/wp-json\/wp\/v2\/types\/product"}],"replies":[{"embeddable":true,"href":"http:\/\/notisnot.com\/es\/wp-json\/wp\/v2\/comments?post=297693"}],"wp:featuredmedia":[{"embeddable":true,"href":"http:\/\/notisnot.com\/es\/wp-json\/wp\/v2\/media\/297694"}],"wp:attachment":[{"href":"http:\/\/notisnot.com\/es\/wp-json\/wp\/v2\/media?parent=297693"}],"wp:term":[{"taxonomy":"product_cat","embeddable":true,"href":"http:\/\/notisnot.com\/es\/wp-json\/wp\/v2\/product_cat?post=297693"},{"taxonomy":"product_tag","embeddable":true,"href":"http:\/\/notisnot.com\/es\/wp-json\/wp\/v2\/product_tag?post=297693"}],"curies":[{"name":"wp","href":"https:\/\/api.w.org\/{rel}","templated":true}]}}