{"id":295054,"date":"2025-02-11T10:34:02","date_gmt":"2025-02-11T10:34:02","guid":{"rendered":"https:\/\/notisnot.com\/?post_type=product&#038;p=295054"},"modified":"2026-02-10T18:20:42","modified_gmt":"2026-02-10T18:20:42","slug":"polo-bicolor-de-alta-visibilidad-de-manga-larga","status":"publish","type":"product","link":"http:\/\/notisnot.com\/es\/tienda\/ropa-laboral\/ropa-de-alta-visibilidad\/polo-bicolor-de-alta-visibilidad-de-manga-larga\/","title":{"rendered":"Polo bicolor de alta visibilidad, de manga larga"},"content":{"rendered":"<p><img loading=\"lazy\" decoding=\"async\" class=\"alignnone size-medium wp-image-295055\" src=\"https:\/\/notisnot.com\/wp-content\/uploads\/2025\/02\/Captura-de-pantalla-2025-02-11-113144-303x372.png\" alt=\"\" width=\"303\" height=\"372\" srcset=\"http:\/\/notisnot.com\/wp-content\/uploads\/2025\/02\/Captura-de-pantalla-2025-02-11-113144-303x372.png 303w, http:\/\/notisnot.com\/wp-content\/uploads\/2025\/02\/Captura-de-pantalla-2025-02-11-113144-505x621.png 505w, http:\/\/notisnot.com\/wp-content\/uploads\/2025\/02\/Captura-de-pantalla-2025-02-11-113144-10x12.png 10w, http:\/\/notisnot.com\/wp-content\/uploads\/2025\/02\/Captura-de-pantalla-2025-02-11-113144-16x20.png 16w, http:\/\/notisnot.com\/wp-content\/uploads\/2025\/02\/Captura-de-pantalla-2025-02-11-113144-600x737.png 600w, http:\/\/notisnot.com\/wp-content\/uploads\/2025\/02\/Captura-de-pantalla-2025-02-11-113144-91x112.png 91w, http:\/\/notisnot.com\/wp-content\/uploads\/2025\/02\/Captura-de-pantalla-2025-02-11-113144.png 686w\" sizes=\"(max-width: 303px) 100vw, 303px\" \/> <img loading=\"lazy\" decoding=\"async\" class=\"alignnone size-medium wp-image-295056\" src=\"https:\/\/notisnot.com\/wp-content\/uploads\/2025\/02\/Captura-de-pantalla-2025-02-11-113152-303x328.png\" alt=\"\" width=\"303\" height=\"328\" srcset=\"http:\/\/notisnot.com\/wp-content\/uploads\/2025\/02\/Captura-de-pantalla-2025-02-11-113152-303x328.png 303w, http:\/\/notisnot.com\/wp-content\/uploads\/2025\/02\/Captura-de-pantalla-2025-02-11-113152-505x547.png 505w, http:\/\/notisnot.com\/wp-content\/uploads\/2025\/02\/Captura-de-pantalla-2025-02-11-113152-768x831.png 768w, http:\/\/notisnot.com\/wp-content\/uploads\/2025\/02\/Captura-de-pantalla-2025-02-11-113152-11x12.png 11w, http:\/\/notisnot.com\/wp-content\/uploads\/2025\/02\/Captura-de-pantalla-2025-02-11-113152-18x20.png 18w, http:\/\/notisnot.com\/wp-content\/uploads\/2025\/02\/Captura-de-pantalla-2025-02-11-113152-600x650.png 600w, http:\/\/notisnot.com\/wp-content\/uploads\/2025\/02\/Captura-de-pantalla-2025-02-11-113152-91x99.png 91w, http:\/\/notisnot.com\/wp-content\/uploads\/2025\/02\/Captura-de-pantalla-2025-02-11-113152.png 799w\" sizes=\"(max-width: 303px) 100vw, 303px\" \/><\/p>","protected":false},"excerpt":{"rendered":"<p>Polo bicolor de alta visibilidad, de manga larga. Cuello con 3 botones, con canal\u00e9 y costuras cubiertas. Aberturas laterales. Bandas retrorreflectantes segmentadas y termoselladas para facilitar el movimiento. El tejido, confeccionado con algod\u00f3n en el interior y poli\u00e9ster en el exterior, garantiza una gran transpirabilidad y comodidad, as\u00ed como una mayor durabilidad.<\/p>","protected":false},"featured_media":295056,"comment_status":"open","ping_status":"closed","template":"","meta":{"_acf_changed":false},"product_cat":[462],"product_tag":[],"class_list":{"0":"post-295054","1":"product","2":"type-product","3":"status-publish","4":"has-post-thumbnail","6":"product_cat-ropa-de-alta-visibilidad","7":"pa_color-amarillo-fluorescente-azul-marino","8":"pa_color-naranja-fluorescente-azul-marino","9":"pa_tallaropa-xs","10":"pa_tallaropa-s","11":"pa_tallaropa-m","12":"pa_tallaropa-l","13":"pa_tallaropa-xl","14":"pa_tallaropa-xxl","15":"pa_tallaropa-3xl","16":"pa_tallaropa-4xl","17":"pa_tallaropa-5xl","19":"first","20":"instock","21":"taxable","22":"shipping-taxable","23":"purchasable","24":"product-type-simple"},"acf":[],"yoast_head":"<!-- This site is optimized with the Yoast SEO plugin v23.4 - https:\/\/yoast.com\/wordpress\/plugins\/seo\/ -->\n<title>Polo bicolor de alta visibilidad, de manga larga - NOT IS NOT<\/title>\n<meta name=\"robots\" content=\"index, follow, max-snippet:-1, max-image-preview:large, max-video-preview:-1\" \/>\n<link rel=\"canonical\" href=\"http:\/\/notisnot.com\/es\/tienda\/ropa-laboral\/ropa-de-alta-visibilidad\/polo-bicolor-de-alta-visibilidad-de-manga-larga\/\" \/>\n<meta property=\"og:locale\" content=\"es_ES\" \/>\n<meta property=\"og:type\" content=\"article\" \/>\n<meta property=\"og:title\" content=\"Polo bicolor de alta visibilidad, de manga larga - NOT IS NOT\" \/>\n<meta property=\"og:description\" content=\"Polo bicolor de alta visibilidad, de manga larga. Cuello con 3 botones, con canal\u00e9 y costuras cubiertas. Aberturas laterales. Bandas retrorreflectantes segmentadas y termoselladas para facilitar el movimiento. El tejido, confeccionado con algod\u00f3n en el interior y poli\u00e9ster en el exterior, garantiza una gran transpirabilidad y comodidad, as\u00ed como una mayor durabilidad.\" \/>\n<meta property=\"og:url\" content=\"http:\/\/notisnot.com\/es\/tienda\/ropa-laboral\/ropa-de-alta-visibilidad\/polo-bicolor-de-alta-visibilidad-de-manga-larga\/\" \/>\n<meta property=\"og:site_name\" content=\"NOT IS NOT\" \/>\n<meta property=\"article:publisher\" content=\"https:\/\/www.facebook.com\/notisnotofficial\/\" \/>\n<meta property=\"article:modified_time\" content=\"2026-02-10T18:20:42+00:00\" \/>\n<meta property=\"og:image\" content=\"http:\/\/notisnot.com\/wp-content\/uploads\/2025\/02\/Captura-de-pantalla-2025-02-11-113152.png\" \/>\n\t<meta property=\"og:image:width\" content=\"799\" \/>\n\t<meta property=\"og:image:height\" content=\"865\" \/>\n\t<meta property=\"og:image:type\" content=\"image\/png\" \/>\n<meta name=\"twitter:card\" content=\"summary_large_image\" \/>\n<meta name=\"twitter:label1\" content=\"Tiempo de lectura\" \/>\n\t<meta name=\"twitter:data1\" content=\"1 minuto\" \/>\n<script type=\"application\/ld+json\" class=\"yoast-schema-graph\">{\"@context\":\"https:\/\/schema.org\",\"@graph\":[{\"@type\":\"WebPage\",\"@id\":\"http:\/\/notisnot.com\/es\/tienda\/ropa-laboral\/ropa-de-alta-visibilidad\/polo-bicolor-de-alta-visibilidad-de-manga-larga\/\",\"url\":\"http:\/\/notisnot.com\/es\/tienda\/ropa-laboral\/ropa-de-alta-visibilidad\/polo-bicolor-de-alta-visibilidad-de-manga-larga\/\",\"name\":\"Polo bicolor de alta visibilidad, de manga larga - NOT IS NOT\",\"isPartOf\":{\"@id\":\"https:\/\/notisnot.com\/#website\"},\"primaryImageOfPage\":{\"@id\":\"http:\/\/notisnot.com\/es\/tienda\/ropa-laboral\/ropa-de-alta-visibilidad\/polo-bicolor-de-alta-visibilidad-de-manga-larga\/#primaryimage\"},\"image\":{\"@id\":\"http:\/\/notisnot.com\/es\/tienda\/ropa-laboral\/ropa-de-alta-visibilidad\/polo-bicolor-de-alta-visibilidad-de-manga-larga\/#primaryimage\"},\"thumbnailUrl\":\"http:\/\/notisnot.com\/wp-content\/uploads\/2025\/02\/Captura-de-pantalla-2025-02-11-113152.png\",\"datePublished\":\"2025-02-11T10:34:02+00:00\",\"dateModified\":\"2026-02-10T18:20:42+00:00\",\"breadcrumb\":{\"@id\":\"http:\/\/notisnot.com\/es\/tienda\/ropa-laboral\/ropa-de-alta-visibilidad\/polo-bicolor-de-alta-visibilidad-de-manga-larga\/#breadcrumb\"},\"inLanguage\":\"es\",\"potentialAction\":[{\"@type\":\"ReadAction\",\"target\":[\"http:\/\/notisnot.com\/es\/tienda\/ropa-laboral\/ropa-de-alta-visibilidad\/polo-bicolor-de-alta-visibilidad-de-manga-larga\/\"]}]},{\"@type\":\"ImageObject\",\"inLanguage\":\"es\",\"@id\":\"http:\/\/notisnot.com\/es\/tienda\/ropa-laboral\/ropa-de-alta-visibilidad\/polo-bicolor-de-alta-visibilidad-de-manga-larga\/#primaryimage\",\"url\":\"http:\/\/notisnot.com\/wp-content\/uploads\/2025\/02\/Captura-de-pantalla-2025-02-11-113152.png\",\"contentUrl\":\"http:\/\/notisnot.com\/wp-content\/uploads\/2025\/02\/Captura-de-pantalla-2025-02-11-113152.png\",\"width\":799,\"height\":865},{\"@type\":\"BreadcrumbList\",\"@id\":\"http:\/\/notisnot.com\/es\/tienda\/ropa-laboral\/ropa-de-alta-visibilidad\/polo-bicolor-de-alta-visibilidad-de-manga-larga\/#breadcrumb\",\"itemListElement\":[{\"@type\":\"ListItem\",\"position\":1,\"name\":\"Home\",\"item\":\"https:\/\/notisnot.com\/\"},{\"@type\":\"ListItem\",\"position\":2,\"name\":\"Tienda\",\"item\":\"https:\/\/notisnot.com\/es\/tienda-woocomerce\/\"},{\"@type\":\"ListItem\",\"position\":3,\"name\":\"Polo bicolor de alta visibilidad, de manga larga\"}]},{\"@type\":\"WebSite\",\"@id\":\"https:\/\/notisnot.com\/#website\",\"url\":\"https:\/\/notisnot.com\/\",\"name\":\"NOT IS NOT\",\"description\":\"\",\"potentialAction\":[{\"@type\":\"SearchAction\",\"target\":{\"@type\":\"EntryPoint\",\"urlTemplate\":\"https:\/\/notisnot.com\/?s={search_term_string}\"},\"query-input\":{\"@type\":\"PropertyValueSpecification\",\"valueRequired\":true,\"valueName\":\"search_term_string\"}}],\"inLanguage\":\"es\"}]}<\/script>\n<!-- \/ Yoast SEO plugin. -->","yoast_head_json":{"title":"Polo bicolor de alta visibilidad, de manga larga - NOT IS NOT","robots":{"index":"index","follow":"follow","max-snippet":"max-snippet:-1","max-image-preview":"max-image-preview:large","max-video-preview":"max-video-preview:-1"},"canonical":"http:\/\/notisnot.com\/es\/tienda\/ropa-laboral\/ropa-de-alta-visibilidad\/polo-bicolor-de-alta-visibilidad-de-manga-larga\/","og_locale":"es_ES","og_type":"article","og_title":"Polo bicolor de alta visibilidad, de manga larga - NOT IS NOT","og_description":"Polo bicolor de alta visibilidad, de manga larga. Cuello con 3 botones, con canal\u00e9 y costuras cubiertas. Aberturas laterales. Bandas retrorreflectantes segmentadas y termoselladas para facilitar el movimiento. El tejido, confeccionado con algod\u00f3n en el interior y poli\u00e9ster en el exterior, garantiza una gran transpirabilidad y comodidad, as\u00ed como una mayor durabilidad.","og_url":"http:\/\/notisnot.com\/es\/tienda\/ropa-laboral\/ropa-de-alta-visibilidad\/polo-bicolor-de-alta-visibilidad-de-manga-larga\/","og_site_name":"NOT IS NOT","article_publisher":"https:\/\/www.facebook.com\/notisnotofficial\/","article_modified_time":"2026-02-10T18:20:42+00:00","og_image":[{"width":799,"height":865,"url":"http:\/\/notisnot.com\/wp-content\/uploads\/2025\/02\/Captura-de-pantalla-2025-02-11-113152.png","type":"image\/png"}],"twitter_card":"summary_large_image","twitter_misc":{"Tiempo de lectura":"1 minuto"},"schema":{"@context":"https:\/\/schema.org","@graph":[{"@type":"WebPage","@id":"http:\/\/notisnot.com\/es\/tienda\/ropa-laboral\/ropa-de-alta-visibilidad\/polo-bicolor-de-alta-visibilidad-de-manga-larga\/","url":"http:\/\/notisnot.com\/es\/tienda\/ropa-laboral\/ropa-de-alta-visibilidad\/polo-bicolor-de-alta-visibilidad-de-manga-larga\/","name":"Polo bicolor de alta visibilidad, de manga larga - NOT IS NOT","isPartOf":{"@id":"https:\/\/notisnot.com\/#website"},"primaryImageOfPage":{"@id":"http:\/\/notisnot.com\/es\/tienda\/ropa-laboral\/ropa-de-alta-visibilidad\/polo-bicolor-de-alta-visibilidad-de-manga-larga\/#primaryimage"},"image":{"@id":"http:\/\/notisnot.com\/es\/tienda\/ropa-laboral\/ropa-de-alta-visibilidad\/polo-bicolor-de-alta-visibilidad-de-manga-larga\/#primaryimage"},"thumbnailUrl":"http:\/\/notisnot.com\/wp-content\/uploads\/2025\/02\/Captura-de-pantalla-2025-02-11-113152.png","datePublished":"2025-02-11T10:34:02+00:00","dateModified":"2026-02-10T18:20:42+00:00","breadcrumb":{"@id":"http:\/\/notisnot.com\/es\/tienda\/ropa-laboral\/ropa-de-alta-visibilidad\/polo-bicolor-de-alta-visibilidad-de-manga-larga\/#breadcrumb"},"inLanguage":"es","potentialAction":[{"@type":"ReadAction","target":["http:\/\/notisnot.com\/es\/tienda\/ropa-laboral\/ropa-de-alta-visibilidad\/polo-bicolor-de-alta-visibilidad-de-manga-larga\/"]}]},{"@type":"ImageObject","inLanguage":"es","@id":"http:\/\/notisnot.com\/es\/tienda\/ropa-laboral\/ropa-de-alta-visibilidad\/polo-bicolor-de-alta-visibilidad-de-manga-larga\/#primaryimage","url":"http:\/\/notisnot.com\/wp-content\/uploads\/2025\/02\/Captura-de-pantalla-2025-02-11-113152.png","contentUrl":"http:\/\/notisnot.com\/wp-content\/uploads\/2025\/02\/Captura-de-pantalla-2025-02-11-113152.png","width":799,"height":865},{"@type":"BreadcrumbList","@id":"http:\/\/notisnot.com\/es\/tienda\/ropa-laboral\/ropa-de-alta-visibilidad\/polo-bicolor-de-alta-visibilidad-de-manga-larga\/#breadcrumb","itemListElement":[{"@type":"ListItem","position":1,"name":"Home","item":"https:\/\/notisnot.com\/"},{"@type":"ListItem","position":2,"name":"Tienda","item":"https:\/\/notisnot.com\/es\/tienda-woocomerce\/"},{"@type":"ListItem","position":3,"name":"Polo bicolor de alta visibilidad, de manga larga"}]},{"@type":"WebSite","@id":"https:\/\/notisnot.com\/#website","url":"https:\/\/notisnot.com\/","name":"NOT IS NOT","description":"","potentialAction":[{"@type":"SearchAction","target":{"@type":"EntryPoint","urlTemplate":"https:\/\/notisnot.com\/?s={search_term_string}"},"query-input":{"@type":"PropertyValueSpecification","valueRequired":true,"valueName":"search_term_string"}}],"inLanguage":"es"}]}},"_links":{"self":[{"href":"http:\/\/notisnot.com\/es\/wp-json\/wp\/v2\/product\/295054"}],"collection":[{"href":"http:\/\/notisnot.com\/es\/wp-json\/wp\/v2\/product"}],"about":[{"href":"http:\/\/notisnot.com\/es\/wp-json\/wp\/v2\/types\/product"}],"replies":[{"embeddable":true,"href":"http:\/\/notisnot.com\/es\/wp-json\/wp\/v2\/comments?post=295054"}],"wp:featuredmedia":[{"embeddable":true,"href":"http:\/\/notisnot.com\/es\/wp-json\/wp\/v2\/media\/295056"}],"wp:attachment":[{"href":"http:\/\/notisnot.com\/es\/wp-json\/wp\/v2\/media?parent=295054"}],"wp:term":[{"taxonomy":"product_cat","embeddable":true,"href":"http:\/\/notisnot.com\/es\/wp-json\/wp\/v2\/product_cat?post=295054"},{"taxonomy":"product_tag","embeddable":true,"href":"http:\/\/notisnot.com\/es\/wp-json\/wp\/v2\/product_tag?post=295054"}],"curies":[{"name":"wp","href":"https:\/\/api.w.org\/{rel}","templated":true}]}}