{"id":294868,"date":"2025-01-31T10:40:28","date_gmt":"2025-01-31T10:40:28","guid":{"rendered":"https:\/\/notisnot.com\/?post_type=product&#038;p=294868"},"modified":"2026-02-10T17:43:33","modified_gmt":"2026-02-10T17:43:33","slug":"camiseta-termica-de-mujer-y-manga-larga-raglan","status":"publish","type":"product","link":"http:\/\/notisnot.com\/es\/tienda\/ropa-laboral\/industria\/samarretes-industria\/camisetas-termicas\/camiseta-termica-de-mujer-y-manga-larga-raglan\/","title":{"rendered":"Camiseta t\u00e9rmica de mujer y manga larga ragl\u00e1n"},"content":{"rendered":"<p><img loading=\"lazy\" decoding=\"async\" class=\"alignnone size-medium wp-image-294869\" src=\"https:\/\/notisnot.com\/wp-content\/uploads\/2025\/01\/Captura-de-pantalla-2025-01-31-113757-303x338.png\" alt=\"\" width=\"303\" height=\"338\" srcset=\"http:\/\/notisnot.com\/wp-content\/uploads\/2025\/01\/Captura-de-pantalla-2025-01-31-113757-303x338.png 303w, http:\/\/notisnot.com\/wp-content\/uploads\/2025\/01\/Captura-de-pantalla-2025-01-31-113757-505x563.png 505w, http:\/\/notisnot.com\/wp-content\/uploads\/2025\/01\/Captura-de-pantalla-2025-01-31-113757-768x857.png 768w, http:\/\/notisnot.com\/wp-content\/uploads\/2025\/01\/Captura-de-pantalla-2025-01-31-113757-11x12.png 11w, http:\/\/notisnot.com\/wp-content\/uploads\/2025\/01\/Captura-de-pantalla-2025-01-31-113757-18x20.png 18w, http:\/\/notisnot.com\/wp-content\/uploads\/2025\/01\/Captura-de-pantalla-2025-01-31-113757-600x669.png 600w, http:\/\/notisnot.com\/wp-content\/uploads\/2025\/01\/Captura-de-pantalla-2025-01-31-113757-91x102.png 91w, http:\/\/notisnot.com\/wp-content\/uploads\/2025\/01\/Captura-de-pantalla-2025-01-31-113757.png 803w\" sizes=\"(max-width: 303px) 100vw, 303px\" \/><\/p>","protected":false},"excerpt":{"rendered":"<p>Camiseta t\u00e9rmica de mujer, de cuello redondo y manga larga ragl\u00e1n. Tejido suave y el\u00e1stico con tramas especiales en el delantero y en la espalda, motivos de h\u00e9lice en relieve en los costados para garantizar una buena transpiraci\u00f3n y una termorregulaci\u00f3n constante. El cuello, el bajo y los bordes de las mangas son de punto canal\u00e9 del mismo material para un mejor confort. Estructura tubular ergon\u00f3mica y textura especial en los codos para garantizar una adaptaci\u00f3n perfecta a la fisonom\u00eda del cuerpo.<\/p>","protected":false},"featured_media":294869,"comment_status":"open","ping_status":"closed","template":"","meta":{"_acf_changed":false},"product_cat":[350],"product_tag":[],"class_list":{"0":"post-294868","1":"product","2":"type-product","3":"status-publish","4":"has-post-thumbnail","6":"product_cat-camisetas-termicas","7":"pa_color-negro","8":"pa_tallaropa-xs","9":"pa_tallaropa-s","10":"pa_tallaropa-m","11":"pa_tallaropa-l","12":"pa_tallaropa-xl","14":"first","15":"instock","16":"taxable","17":"shipping-taxable","18":"purchasable","19":"product-type-simple"},"acf":[],"yoast_head":"<!-- This site is optimized with the Yoast SEO plugin v23.4 - https:\/\/yoast.com\/wordpress\/plugins\/seo\/ -->\n<title>Camiseta t\u00e9rmica de mujer y manga larga ragl\u00e1n - NOT IS NOT<\/title>\n<meta name=\"robots\" content=\"index, follow, max-snippet:-1, max-image-preview:large, max-video-preview:-1\" \/>\n<link rel=\"canonical\" href=\"http:\/\/notisnot.com\/es\/tienda\/ropa-laboral\/industria\/samarretes-industria\/camisetas-termicas\/camiseta-termica-de-mujer-y-manga-larga-raglan\/\" \/>\n<meta property=\"og:locale\" content=\"es_ES\" \/>\n<meta property=\"og:type\" content=\"article\" \/>\n<meta property=\"og:title\" content=\"Camiseta t\u00e9rmica de mujer y manga larga ragl\u00e1n - NOT IS NOT\" \/>\n<meta property=\"og:description\" content=\"Camiseta t\u00e9rmica de mujer, de cuello redondo y manga larga ragl\u00e1n. Tejido suave y el\u00e1stico con tramas especiales en el delantero y en la espalda, motivos de h\u00e9lice en relieve en los costados para garantizar una buena transpiraci\u00f3n y una termorregulaci\u00f3n constante. El cuello, el bajo y los bordes de las mangas son de punto canal\u00e9 del mismo material para un mejor confort. Estructura tubular ergon\u00f3mica y textura especial en los codos para garantizar una adaptaci\u00f3n perfecta a la fisonom\u00eda del cuerpo.\" \/>\n<meta property=\"og:url\" content=\"http:\/\/notisnot.com\/es\/tienda\/ropa-laboral\/industria\/samarretes-industria\/camisetas-termicas\/camiseta-termica-de-mujer-y-manga-larga-raglan\/\" \/>\n<meta property=\"og:site_name\" content=\"NOT IS NOT\" \/>\n<meta property=\"article:publisher\" content=\"https:\/\/www.facebook.com\/notisnotofficial\/\" \/>\n<meta property=\"article:modified_time\" content=\"2026-02-10T17:43:33+00:00\" \/>\n<meta property=\"og:image\" content=\"http:\/\/notisnot.com\/wp-content\/uploads\/2025\/01\/Captura-de-pantalla-2025-01-31-113757.png\" \/>\n\t<meta property=\"og:image:width\" content=\"803\" \/>\n\t<meta property=\"og:image:height\" content=\"896\" \/>\n\t<meta property=\"og:image:type\" content=\"image\/png\" \/>\n<meta name=\"twitter:card\" content=\"summary_large_image\" \/>\n<meta name=\"twitter:label1\" content=\"Tiempo de lectura\" \/>\n\t<meta name=\"twitter:data1\" content=\"1 minuto\" \/>\n<script type=\"application\/ld+json\" class=\"yoast-schema-graph\">{\"@context\":\"https:\/\/schema.org\",\"@graph\":[{\"@type\":\"WebPage\",\"@id\":\"http:\/\/notisnot.com\/tienda\/ropa-laboral\/industria\/samarretes-industria\/camisetas-termicas\/camiseta-termica-de-mujer-y-manga-larga-raglan\/\",\"url\":\"http:\/\/notisnot.com\/tienda\/ropa-laboral\/industria\/samarretes-industria\/camisetas-termicas\/camiseta-termica-de-mujer-y-manga-larga-raglan\/\",\"name\":\"Camiseta t\u00e9rmica de mujer y manga larga ragl\u00e1n - NOT IS NOT\",\"isPartOf\":{\"@id\":\"http:\/\/notisnot.com\/#website\"},\"primaryImageOfPage\":{\"@id\":\"http:\/\/notisnot.com\/tienda\/ropa-laboral\/industria\/samarretes-industria\/camisetas-termicas\/camiseta-termica-de-mujer-y-manga-larga-raglan\/#primaryimage\"},\"image\":{\"@id\":\"http:\/\/notisnot.com\/tienda\/ropa-laboral\/industria\/samarretes-industria\/camisetas-termicas\/camiseta-termica-de-mujer-y-manga-larga-raglan\/#primaryimage\"},\"thumbnailUrl\":\"http:\/\/notisnot.com\/wp-content\/uploads\/2025\/01\/Captura-de-pantalla-2025-01-31-113757.png\",\"datePublished\":\"2025-01-31T10:40:28+00:00\",\"dateModified\":\"2026-02-10T17:43:33+00:00\",\"breadcrumb\":{\"@id\":\"http:\/\/notisnot.com\/tienda\/ropa-laboral\/industria\/samarretes-industria\/camisetas-termicas\/camiseta-termica-de-mujer-y-manga-larga-raglan\/#breadcrumb\"},\"inLanguage\":\"es\",\"potentialAction\":[{\"@type\":\"ReadAction\",\"target\":[\"http:\/\/notisnot.com\/tienda\/ropa-laboral\/industria\/samarretes-industria\/camisetas-termicas\/camiseta-termica-de-mujer-y-manga-larga-raglan\/\"]}]},{\"@type\":\"ImageObject\",\"inLanguage\":\"es\",\"@id\":\"http:\/\/notisnot.com\/tienda\/ropa-laboral\/industria\/samarretes-industria\/camisetas-termicas\/camiseta-termica-de-mujer-y-manga-larga-raglan\/#primaryimage\",\"url\":\"http:\/\/notisnot.com\/wp-content\/uploads\/2025\/01\/Captura-de-pantalla-2025-01-31-113757.png\",\"contentUrl\":\"http:\/\/notisnot.com\/wp-content\/uploads\/2025\/01\/Captura-de-pantalla-2025-01-31-113757.png\",\"width\":803,\"height\":896},{\"@type\":\"BreadcrumbList\",\"@id\":\"http:\/\/notisnot.com\/tienda\/ropa-laboral\/industria\/samarretes-industria\/camisetas-termicas\/camiseta-termica-de-mujer-y-manga-larga-raglan\/#breadcrumb\",\"itemListElement\":[{\"@type\":\"ListItem\",\"position\":1,\"name\":\"Home\",\"item\":\"http:\/\/notisnot.com\/\"},{\"@type\":\"ListItem\",\"position\":2,\"name\":\"Tienda\",\"item\":\"https:\/\/notisnot.com\/es\/tienda-woocomerce\/\"},{\"@type\":\"ListItem\",\"position\":3,\"name\":\"Camiseta t\u00e9rmica de mujer y manga larga ragl\u00e1n\"}]},{\"@type\":\"WebSite\",\"@id\":\"http:\/\/notisnot.com\/#website\",\"url\":\"http:\/\/notisnot.com\/\",\"name\":\"NOT IS NOT\",\"description\":\"\",\"potentialAction\":[{\"@type\":\"SearchAction\",\"target\":{\"@type\":\"EntryPoint\",\"urlTemplate\":\"http:\/\/notisnot.com\/?s={search_term_string}\"},\"query-input\":{\"@type\":\"PropertyValueSpecification\",\"valueRequired\":true,\"valueName\":\"search_term_string\"}}],\"inLanguage\":\"es\"}]}<\/script>\n<!-- \/ Yoast SEO plugin. -->","yoast_head_json":{"title":"Camiseta t\u00e9rmica de mujer y manga larga ragl\u00e1n - NOT IS NOT","robots":{"index":"index","follow":"follow","max-snippet":"max-snippet:-1","max-image-preview":"max-image-preview:large","max-video-preview":"max-video-preview:-1"},"canonical":"http:\/\/notisnot.com\/es\/tienda\/ropa-laboral\/industria\/samarretes-industria\/camisetas-termicas\/camiseta-termica-de-mujer-y-manga-larga-raglan\/","og_locale":"es_ES","og_type":"article","og_title":"Camiseta t\u00e9rmica de mujer y manga larga ragl\u00e1n - NOT IS NOT","og_description":"Camiseta t\u00e9rmica de mujer, de cuello redondo y manga larga ragl\u00e1n. Tejido suave y el\u00e1stico con tramas especiales en el delantero y en la espalda, motivos de h\u00e9lice en relieve en los costados para garantizar una buena transpiraci\u00f3n y una termorregulaci\u00f3n constante. El cuello, el bajo y los bordes de las mangas son de punto canal\u00e9 del mismo material para un mejor confort. Estructura tubular ergon\u00f3mica y textura especial en los codos para garantizar una adaptaci\u00f3n perfecta a la fisonom\u00eda del cuerpo.","og_url":"http:\/\/notisnot.com\/es\/tienda\/ropa-laboral\/industria\/samarretes-industria\/camisetas-termicas\/camiseta-termica-de-mujer-y-manga-larga-raglan\/","og_site_name":"NOT IS NOT","article_publisher":"https:\/\/www.facebook.com\/notisnotofficial\/","article_modified_time":"2026-02-10T17:43:33+00:00","og_image":[{"width":803,"height":896,"url":"http:\/\/notisnot.com\/wp-content\/uploads\/2025\/01\/Captura-de-pantalla-2025-01-31-113757.png","type":"image\/png"}],"twitter_card":"summary_large_image","twitter_misc":{"Tiempo de lectura":"1 minuto"},"schema":{"@context":"https:\/\/schema.org","@graph":[{"@type":"WebPage","@id":"http:\/\/notisnot.com\/tienda\/ropa-laboral\/industria\/samarretes-industria\/camisetas-termicas\/camiseta-termica-de-mujer-y-manga-larga-raglan\/","url":"http:\/\/notisnot.com\/tienda\/ropa-laboral\/industria\/samarretes-industria\/camisetas-termicas\/camiseta-termica-de-mujer-y-manga-larga-raglan\/","name":"Camiseta t\u00e9rmica de mujer y manga larga ragl\u00e1n - NOT IS NOT","isPartOf":{"@id":"http:\/\/notisnot.com\/#website"},"primaryImageOfPage":{"@id":"http:\/\/notisnot.com\/tienda\/ropa-laboral\/industria\/samarretes-industria\/camisetas-termicas\/camiseta-termica-de-mujer-y-manga-larga-raglan\/#primaryimage"},"image":{"@id":"http:\/\/notisnot.com\/tienda\/ropa-laboral\/industria\/samarretes-industria\/camisetas-termicas\/camiseta-termica-de-mujer-y-manga-larga-raglan\/#primaryimage"},"thumbnailUrl":"http:\/\/notisnot.com\/wp-content\/uploads\/2025\/01\/Captura-de-pantalla-2025-01-31-113757.png","datePublished":"2025-01-31T10:40:28+00:00","dateModified":"2026-02-10T17:43:33+00:00","breadcrumb":{"@id":"http:\/\/notisnot.com\/tienda\/ropa-laboral\/industria\/samarretes-industria\/camisetas-termicas\/camiseta-termica-de-mujer-y-manga-larga-raglan\/#breadcrumb"},"inLanguage":"es","potentialAction":[{"@type":"ReadAction","target":["http:\/\/notisnot.com\/tienda\/ropa-laboral\/industria\/samarretes-industria\/camisetas-termicas\/camiseta-termica-de-mujer-y-manga-larga-raglan\/"]}]},{"@type":"ImageObject","inLanguage":"es","@id":"http:\/\/notisnot.com\/tienda\/ropa-laboral\/industria\/samarretes-industria\/camisetas-termicas\/camiseta-termica-de-mujer-y-manga-larga-raglan\/#primaryimage","url":"http:\/\/notisnot.com\/wp-content\/uploads\/2025\/01\/Captura-de-pantalla-2025-01-31-113757.png","contentUrl":"http:\/\/notisnot.com\/wp-content\/uploads\/2025\/01\/Captura-de-pantalla-2025-01-31-113757.png","width":803,"height":896},{"@type":"BreadcrumbList","@id":"http:\/\/notisnot.com\/tienda\/ropa-laboral\/industria\/samarretes-industria\/camisetas-termicas\/camiseta-termica-de-mujer-y-manga-larga-raglan\/#breadcrumb","itemListElement":[{"@type":"ListItem","position":1,"name":"Home","item":"http:\/\/notisnot.com\/"},{"@type":"ListItem","position":2,"name":"Tienda","item":"https:\/\/notisnot.com\/es\/tienda-woocomerce\/"},{"@type":"ListItem","position":3,"name":"Camiseta t\u00e9rmica de mujer y manga larga ragl\u00e1n"}]},{"@type":"WebSite","@id":"http:\/\/notisnot.com\/#website","url":"http:\/\/notisnot.com\/","name":"NOT IS NOT","description":"","potentialAction":[{"@type":"SearchAction","target":{"@type":"EntryPoint","urlTemplate":"http:\/\/notisnot.com\/?s={search_term_string}"},"query-input":{"@type":"PropertyValueSpecification","valueRequired":true,"valueName":"search_term_string"}}],"inLanguage":"es"}]}},"_links":{"self":[{"href":"http:\/\/notisnot.com\/es\/wp-json\/wp\/v2\/product\/294868"}],"collection":[{"href":"http:\/\/notisnot.com\/es\/wp-json\/wp\/v2\/product"}],"about":[{"href":"http:\/\/notisnot.com\/es\/wp-json\/wp\/v2\/types\/product"}],"replies":[{"embeddable":true,"href":"http:\/\/notisnot.com\/es\/wp-json\/wp\/v2\/comments?post=294868"}],"wp:featuredmedia":[{"embeddable":true,"href":"http:\/\/notisnot.com\/es\/wp-json\/wp\/v2\/media\/294869"}],"wp:attachment":[{"href":"http:\/\/notisnot.com\/es\/wp-json\/wp\/v2\/media?parent=294868"}],"wp:term":[{"taxonomy":"product_cat","embeddable":true,"href":"http:\/\/notisnot.com\/es\/wp-json\/wp\/v2\/product_cat?post=294868"},{"taxonomy":"product_tag","embeddable":true,"href":"http:\/\/notisnot.com\/es\/wp-json\/wp\/v2\/product_tag?post=294868"}],"curies":[{"name":"wp","href":"https:\/\/api.w.org\/{rel}","templated":true}]}}