{"id":294778,"date":"2025-01-31T10:03:31","date_gmt":"2025-01-31T10:03:31","guid":{"rendered":"https:\/\/notisnot.com\/?post_type=product&#038;p=294778"},"modified":"2026-02-17T17:19:41","modified_gmt":"2026-02-17T17:19:41","slug":"camiseta-tecnica-valueweight-beisbol-de-hombre","status":"publish","type":"product","link":"http:\/\/notisnot.com\/es\/tienda\/ropa-laboral\/industria\/samarretes-industria\/camisetas\/camiseta-tecnica-valueweight-beisbol-de-hombre\/","title":{"rendered":"Camiseta t\u00e8cnica Valueweight B\u00e9isbol de hombre"},"content":{"rendered":"<p><img loading=\"lazy\" decoding=\"async\" class=\"alignnone size-medium wp-image-294779\" src=\"https:\/\/notisnot.com\/wp-content\/uploads\/2025\/01\/Captura-de-pantalla-2025-01-31-105631-303x333.png\" alt=\"\" width=\"303\" height=\"333\" srcset=\"http:\/\/notisnot.com\/wp-content\/uploads\/2025\/01\/Captura-de-pantalla-2025-01-31-105631-303x333.png 303w, http:\/\/notisnot.com\/wp-content\/uploads\/2025\/01\/Captura-de-pantalla-2025-01-31-105631-505x555.png 505w, http:\/\/notisnot.com\/wp-content\/uploads\/2025\/01\/Captura-de-pantalla-2025-01-31-105631-768x844.png 768w, http:\/\/notisnot.com\/wp-content\/uploads\/2025\/01\/Captura-de-pantalla-2025-01-31-105631-11x12.png 11w, http:\/\/notisnot.com\/wp-content\/uploads\/2025\/01\/Captura-de-pantalla-2025-01-31-105631-18x20.png 18w, http:\/\/notisnot.com\/wp-content\/uploads\/2025\/01\/Captura-de-pantalla-2025-01-31-105631-600x659.png 600w, http:\/\/notisnot.com\/wp-content\/uploads\/2025\/01\/Captura-de-pantalla-2025-01-31-105631-91x100.png 91w, http:\/\/notisnot.com\/wp-content\/uploads\/2025\/01\/Captura-de-pantalla-2025-01-31-105631.png 891w\" sizes=\"(max-width: 303px) 100vw, 303px\" \/> <img loading=\"lazy\" decoding=\"async\" class=\"alignnone size-medium wp-image-294780\" src=\"https:\/\/notisnot.com\/wp-content\/uploads\/2025\/01\/Captura-de-pantalla-2025-01-31-105641-303x362.png\" alt=\"\" width=\"303\" height=\"362\" srcset=\"http:\/\/notisnot.com\/wp-content\/uploads\/2025\/01\/Captura-de-pantalla-2025-01-31-105641-303x362.png 303w, http:\/\/notisnot.com\/wp-content\/uploads\/2025\/01\/Captura-de-pantalla-2025-01-31-105641-505x603.png 505w, http:\/\/notisnot.com\/wp-content\/uploads\/2025\/01\/Captura-de-pantalla-2025-01-31-105641-768x917.png 768w, http:\/\/notisnot.com\/wp-content\/uploads\/2025\/01\/Captura-de-pantalla-2025-01-31-105641-10x12.png 10w, http:\/\/notisnot.com\/wp-content\/uploads\/2025\/01\/Captura-de-pantalla-2025-01-31-105641-17x20.png 17w, http:\/\/notisnot.com\/wp-content\/uploads\/2025\/01\/Captura-de-pantalla-2025-01-31-105641-600x716.png 600w, http:\/\/notisnot.com\/wp-content\/uploads\/2025\/01\/Captura-de-pantalla-2025-01-31-105641-91x109.png 91w, http:\/\/notisnot.com\/wp-content\/uploads\/2025\/01\/Captura-de-pantalla-2025-01-31-105641.png 821w\" sizes=\"(max-width: 303px) 100vw, 303px\" \/> <img loading=\"lazy\" decoding=\"async\" class=\"alignnone size-medium wp-image-294781\" src=\"https:\/\/notisnot.com\/wp-content\/uploads\/2025\/01\/Captura-de-pantalla-2025-01-31-105650-303x347.png\" alt=\"\" width=\"303\" height=\"347\" srcset=\"http:\/\/notisnot.com\/wp-content\/uploads\/2025\/01\/Captura-de-pantalla-2025-01-31-105650-303x347.png 303w, http:\/\/notisnot.com\/wp-content\/uploads\/2025\/01\/Captura-de-pantalla-2025-01-31-105650-505x579.png 505w, http:\/\/notisnot.com\/wp-content\/uploads\/2025\/01\/Captura-de-pantalla-2025-01-31-105650-768x881.png 768w, http:\/\/notisnot.com\/wp-content\/uploads\/2025\/01\/Captura-de-pantalla-2025-01-31-105650-10x12.png 10w, http:\/\/notisnot.com\/wp-content\/uploads\/2025\/01\/Captura-de-pantalla-2025-01-31-105650-17x20.png 17w, http:\/\/notisnot.com\/wp-content\/uploads\/2025\/01\/Captura-de-pantalla-2025-01-31-105650-600x688.png 600w, http:\/\/notisnot.com\/wp-content\/uploads\/2025\/01\/Captura-de-pantalla-2025-01-31-105650-91x104.png 91w, http:\/\/notisnot.com\/wp-content\/uploads\/2025\/01\/Captura-de-pantalla-2025-01-31-105650.png 846w\" sizes=\"(max-width: 303px) 100vw, 303px\" \/> <img loading=\"lazy\" decoding=\"async\" class=\"alignnone size-medium wp-image-294782\" src=\"https:\/\/notisnot.com\/wp-content\/uploads\/2025\/01\/Captura-de-pantalla-2025-01-31-105659-303x342.png\" alt=\"\" width=\"303\" height=\"342\" srcset=\"http:\/\/notisnot.com\/wp-content\/uploads\/2025\/01\/Captura-de-pantalla-2025-01-31-105659-303x342.png 303w, http:\/\/notisnot.com\/wp-content\/uploads\/2025\/01\/Captura-de-pantalla-2025-01-31-105659-505x570.png 505w, http:\/\/notisnot.com\/wp-content\/uploads\/2025\/01\/Captura-de-pantalla-2025-01-31-105659-768x866.png 768w, http:\/\/notisnot.com\/wp-content\/uploads\/2025\/01\/Captura-de-pantalla-2025-01-31-105659-11x12.png 11w, http:\/\/notisnot.com\/wp-content\/uploads\/2025\/01\/Captura-de-pantalla-2025-01-31-105659-18x20.png 18w, http:\/\/notisnot.com\/wp-content\/uploads\/2025\/01\/Captura-de-pantalla-2025-01-31-105659-600x677.png 600w, http:\/\/notisnot.com\/wp-content\/uploads\/2025\/01\/Captura-de-pantalla-2025-01-31-105659-91x103.png 91w, http:\/\/notisnot.com\/wp-content\/uploads\/2025\/01\/Captura-de-pantalla-2025-01-31-105659.png 875w\" sizes=\"(max-width: 303px) 100vw, 303px\" \/><\/p>","protected":false},"excerpt":{"rendered":"<p>100% algod\u00f3n. Cuello de color contrastado en canal\u00e9 de algod\u00f3n \/ Lycra\u00ae. Mangas ragl\u00e1n contrastadas.<\/p>","protected":false},"featured_media":294781,"comment_status":"open","ping_status":"closed","template":"","meta":{"_acf_changed":false},"product_cat":[351],"product_tag":[],"class_list":{"0":"post-294778","1":"product","2":"type-product","3":"status-publish","4":"has-post-thumbnail","6":"product_cat-camisetas","7":"pa_color-azul-real-blanco","8":"pa_color-blanco-azul-marino","9":"pa_color-negro-blanco","10":"pa_color-rojo-blanco","11":"pa_tallaropa-xs","12":"pa_tallaropa-s","13":"pa_tallaropa-m","14":"pa_tallaropa-l","15":"pa_tallaropa-xl","16":"pa_tallaropa-xxl","17":"pa_tallaropa-3xl","19":"first","20":"instock","21":"taxable","22":"shipping-taxable","23":"purchasable","24":"product-type-variable"},"acf":[],"yoast_head":"<!-- This site is optimized with the Yoast SEO plugin v23.4 - https:\/\/yoast.com\/wordpress\/plugins\/seo\/ -->\n<title>Camiseta t\u00e8cnica Valueweight B\u00e9isbol de hombre - NOT IS NOT<\/title>\n<meta name=\"robots\" content=\"index, follow, max-snippet:-1, max-image-preview:large, max-video-preview:-1\" \/>\n<link rel=\"canonical\" href=\"https:\/\/notisnot.com\/es\/tienda\/ropa-laboral\/industria\/samarretes-industria\/camisetas\/camiseta-tecnica-valueweight-beisbol-de-hombre\/\" \/>\n<meta property=\"og:locale\" content=\"es_ES\" \/>\n<meta property=\"og:type\" content=\"article\" \/>\n<meta property=\"og:title\" content=\"Camiseta t\u00e8cnica Valueweight B\u00e9isbol de hombre - NOT IS NOT\" \/>\n<meta property=\"og:description\" content=\"100% algod\u00f3n. Cuello de color contrastado en canal\u00e9 de algod\u00f3n \/ Lycra\u00ae. Mangas ragl\u00e1n contrastadas.\" \/>\n<meta property=\"og:url\" content=\"https:\/\/notisnot.com\/es\/tienda\/ropa-laboral\/industria\/samarretes-industria\/camisetas\/camiseta-tecnica-valueweight-beisbol-de-hombre\/\" \/>\n<meta property=\"og:site_name\" content=\"NOT IS NOT\" \/>\n<meta property=\"article:publisher\" content=\"https:\/\/www.facebook.com\/notisnotofficial\/\" \/>\n<meta property=\"article:modified_time\" content=\"2026-02-17T17:19:41+00:00\" \/>\n<meta property=\"og:image\" content=\"https:\/\/notisnot.com\/wp-content\/uploads\/2025\/01\/Captura-de-pantalla-2025-01-31-105650.png\" \/>\n\t<meta property=\"og:image:width\" content=\"846\" \/>\n\t<meta property=\"og:image:height\" content=\"970\" \/>\n\t<meta property=\"og:image:type\" content=\"image\/png\" \/>\n<meta name=\"twitter:card\" content=\"summary_large_image\" \/>\n<meta name=\"twitter:label1\" content=\"Tiempo de lectura\" \/>\n\t<meta name=\"twitter:data1\" content=\"1 minuto\" \/>\n<script type=\"application\/ld+json\" class=\"yoast-schema-graph\">{\"@context\":\"https:\/\/schema.org\",\"@graph\":[{\"@type\":\"WebPage\",\"@id\":\"https:\/\/notisnot.com\/es\/tienda\/ropa-laboral\/industria\/samarretes-industria\/camisetas\/camiseta-tecnica-valueweight-beisbol-de-hombre\/\",\"url\":\"https:\/\/notisnot.com\/es\/tienda\/ropa-laboral\/industria\/samarretes-industria\/camisetas\/camiseta-tecnica-valueweight-beisbol-de-hombre\/\",\"name\":\"Camiseta t\u00e8cnica Valueweight B\u00e9isbol de hombre - NOT IS NOT\",\"isPartOf\":{\"@id\":\"https:\/\/notisnot.com\/#website\"},\"primaryImageOfPage\":{\"@id\":\"https:\/\/notisnot.com\/es\/tienda\/ropa-laboral\/industria\/samarretes-industria\/camisetas\/camiseta-tecnica-valueweight-beisbol-de-hombre\/#primaryimage\"},\"image\":{\"@id\":\"https:\/\/notisnot.com\/es\/tienda\/ropa-laboral\/industria\/samarretes-industria\/camisetas\/camiseta-tecnica-valueweight-beisbol-de-hombre\/#primaryimage\"},\"thumbnailUrl\":\"http:\/\/notisnot.com\/wp-content\/uploads\/2025\/01\/Captura-de-pantalla-2025-01-31-105650.png\",\"datePublished\":\"2025-01-31T10:03:31+00:00\",\"dateModified\":\"2026-02-17T17:19:41+00:00\",\"breadcrumb\":{\"@id\":\"https:\/\/notisnot.com\/es\/tienda\/ropa-laboral\/industria\/samarretes-industria\/camisetas\/camiseta-tecnica-valueweight-beisbol-de-hombre\/#breadcrumb\"},\"inLanguage\":\"es\",\"potentialAction\":[{\"@type\":\"ReadAction\",\"target\":[\"https:\/\/notisnot.com\/es\/tienda\/ropa-laboral\/industria\/samarretes-industria\/camisetas\/camiseta-tecnica-valueweight-beisbol-de-hombre\/\"]}]},{\"@type\":\"ImageObject\",\"inLanguage\":\"es\",\"@id\":\"https:\/\/notisnot.com\/es\/tienda\/ropa-laboral\/industria\/samarretes-industria\/camisetas\/camiseta-tecnica-valueweight-beisbol-de-hombre\/#primaryimage\",\"url\":\"http:\/\/notisnot.com\/wp-content\/uploads\/2025\/01\/Captura-de-pantalla-2025-01-31-105650.png\",\"contentUrl\":\"http:\/\/notisnot.com\/wp-content\/uploads\/2025\/01\/Captura-de-pantalla-2025-01-31-105650.png\",\"width\":846,\"height\":970},{\"@type\":\"BreadcrumbList\",\"@id\":\"https:\/\/notisnot.com\/es\/tienda\/ropa-laboral\/industria\/samarretes-industria\/camisetas\/camiseta-tecnica-valueweight-beisbol-de-hombre\/#breadcrumb\",\"itemListElement\":[{\"@type\":\"ListItem\",\"position\":1,\"name\":\"Home\",\"item\":\"https:\/\/notisnot.com\/\"},{\"@type\":\"ListItem\",\"position\":2,\"name\":\"Tienda\",\"item\":\"https:\/\/notisnot.com\/tienda-woocomerce\/\"},{\"@type\":\"ListItem\",\"position\":3,\"name\":\"Camiseta t\u00e8cnica Valueweight B\u00e9isbol de hombre\"}]},{\"@type\":\"WebSite\",\"@id\":\"https:\/\/notisnot.com\/#website\",\"url\":\"https:\/\/notisnot.com\/\",\"name\":\"NOT IS NOT\",\"description\":\"\",\"potentialAction\":[{\"@type\":\"SearchAction\",\"target\":{\"@type\":\"EntryPoint\",\"urlTemplate\":\"https:\/\/notisnot.com\/?s={search_term_string}\"},\"query-input\":{\"@type\":\"PropertyValueSpecification\",\"valueRequired\":true,\"valueName\":\"search_term_string\"}}],\"inLanguage\":\"es\"}]}<\/script>\n<!-- \/ Yoast SEO plugin. -->","yoast_head_json":{"title":"Camiseta t\u00e8cnica Valueweight B\u00e9isbol de hombre - NOT IS NOT","robots":{"index":"index","follow":"follow","max-snippet":"max-snippet:-1","max-image-preview":"max-image-preview:large","max-video-preview":"max-video-preview:-1"},"canonical":"https:\/\/notisnot.com\/es\/tienda\/ropa-laboral\/industria\/samarretes-industria\/camisetas\/camiseta-tecnica-valueweight-beisbol-de-hombre\/","og_locale":"es_ES","og_type":"article","og_title":"Camiseta t\u00e8cnica Valueweight B\u00e9isbol de hombre - NOT IS NOT","og_description":"100% algod\u00f3n. Cuello de color contrastado en canal\u00e9 de algod\u00f3n \/ Lycra\u00ae. Mangas ragl\u00e1n contrastadas.","og_url":"https:\/\/notisnot.com\/es\/tienda\/ropa-laboral\/industria\/samarretes-industria\/camisetas\/camiseta-tecnica-valueweight-beisbol-de-hombre\/","og_site_name":"NOT IS NOT","article_publisher":"https:\/\/www.facebook.com\/notisnotofficial\/","article_modified_time":"2026-02-17T17:19:41+00:00","og_image":[{"width":846,"height":970,"url":"https:\/\/notisnot.com\/wp-content\/uploads\/2025\/01\/Captura-de-pantalla-2025-01-31-105650.png","type":"image\/png"}],"twitter_card":"summary_large_image","twitter_misc":{"Tiempo de lectura":"1 minuto"},"schema":{"@context":"https:\/\/schema.org","@graph":[{"@type":"WebPage","@id":"https:\/\/notisnot.com\/es\/tienda\/ropa-laboral\/industria\/samarretes-industria\/camisetas\/camiseta-tecnica-valueweight-beisbol-de-hombre\/","url":"https:\/\/notisnot.com\/es\/tienda\/ropa-laboral\/industria\/samarretes-industria\/camisetas\/camiseta-tecnica-valueweight-beisbol-de-hombre\/","name":"Camiseta t\u00e8cnica Valueweight B\u00e9isbol de hombre - NOT IS NOT","isPartOf":{"@id":"https:\/\/notisnot.com\/#website"},"primaryImageOfPage":{"@id":"https:\/\/notisnot.com\/es\/tienda\/ropa-laboral\/industria\/samarretes-industria\/camisetas\/camiseta-tecnica-valueweight-beisbol-de-hombre\/#primaryimage"},"image":{"@id":"https:\/\/notisnot.com\/es\/tienda\/ropa-laboral\/industria\/samarretes-industria\/camisetas\/camiseta-tecnica-valueweight-beisbol-de-hombre\/#primaryimage"},"thumbnailUrl":"http:\/\/notisnot.com\/wp-content\/uploads\/2025\/01\/Captura-de-pantalla-2025-01-31-105650.png","datePublished":"2025-01-31T10:03:31+00:00","dateModified":"2026-02-17T17:19:41+00:00","breadcrumb":{"@id":"https:\/\/notisnot.com\/es\/tienda\/ropa-laboral\/industria\/samarretes-industria\/camisetas\/camiseta-tecnica-valueweight-beisbol-de-hombre\/#breadcrumb"},"inLanguage":"es","potentialAction":[{"@type":"ReadAction","target":["https:\/\/notisnot.com\/es\/tienda\/ropa-laboral\/industria\/samarretes-industria\/camisetas\/camiseta-tecnica-valueweight-beisbol-de-hombre\/"]}]},{"@type":"ImageObject","inLanguage":"es","@id":"https:\/\/notisnot.com\/es\/tienda\/ropa-laboral\/industria\/samarretes-industria\/camisetas\/camiseta-tecnica-valueweight-beisbol-de-hombre\/#primaryimage","url":"http:\/\/notisnot.com\/wp-content\/uploads\/2025\/01\/Captura-de-pantalla-2025-01-31-105650.png","contentUrl":"http:\/\/notisnot.com\/wp-content\/uploads\/2025\/01\/Captura-de-pantalla-2025-01-31-105650.png","width":846,"height":970},{"@type":"BreadcrumbList","@id":"https:\/\/notisnot.com\/es\/tienda\/ropa-laboral\/industria\/samarretes-industria\/camisetas\/camiseta-tecnica-valueweight-beisbol-de-hombre\/#breadcrumb","itemListElement":[{"@type":"ListItem","position":1,"name":"Home","item":"https:\/\/notisnot.com\/"},{"@type":"ListItem","position":2,"name":"Tienda","item":"https:\/\/notisnot.com\/tienda-woocomerce\/"},{"@type":"ListItem","position":3,"name":"Camiseta t\u00e8cnica Valueweight B\u00e9isbol de hombre"}]},{"@type":"WebSite","@id":"https:\/\/notisnot.com\/#website","url":"https:\/\/notisnot.com\/","name":"NOT IS NOT","description":"","potentialAction":[{"@type":"SearchAction","target":{"@type":"EntryPoint","urlTemplate":"https:\/\/notisnot.com\/?s={search_term_string}"},"query-input":{"@type":"PropertyValueSpecification","valueRequired":true,"valueName":"search_term_string"}}],"inLanguage":"es"}]}},"_links":{"self":[{"href":"http:\/\/notisnot.com\/es\/wp-json\/wp\/v2\/product\/294778"}],"collection":[{"href":"http:\/\/notisnot.com\/es\/wp-json\/wp\/v2\/product"}],"about":[{"href":"http:\/\/notisnot.com\/es\/wp-json\/wp\/v2\/types\/product"}],"replies":[{"embeddable":true,"href":"http:\/\/notisnot.com\/es\/wp-json\/wp\/v2\/comments?post=294778"}],"wp:featuredmedia":[{"embeddable":true,"href":"http:\/\/notisnot.com\/es\/wp-json\/wp\/v2\/media\/294781"}],"wp:attachment":[{"href":"http:\/\/notisnot.com\/es\/wp-json\/wp\/v2\/media?parent=294778"}],"wp:term":[{"taxonomy":"product_cat","embeddable":true,"href":"http:\/\/notisnot.com\/es\/wp-json\/wp\/v2\/product_cat?post=294778"},{"taxonomy":"product_tag","embeddable":true,"href":"http:\/\/notisnot.com\/es\/wp-json\/wp\/v2\/product_tag?post=294778"}],"curies":[{"name":"wp","href":"https:\/\/api.w.org\/{rel}","templated":true}]}}